{"id":85,"date":"2020-10-16T17:40:26","date_gmt":"2020-10-16T17:40:26","guid":{"rendered":"https:\/\/steelstorm.standardof.net\/?page_id=85"},"modified":"2020-11-11T07:16:49","modified_gmt":"2020-11-11T07:16:49","slug":"hover-tanks","status":"publish","type":"page","link":"https:\/\/steelstorm.standardof.net\/pt\/guide\/unidades-inimigas\/tanques-flutuantes\/","title":{"rendered":"Hover Tanks"},"content":{"rendered":"<p>Os tanques hover em Steel Storm: Burning Retribution s\u00e3o os inimigos mais numerosos que voc\u00ea enfrentar\u00e1. Atualmente, eles v\u00eam em tr\u00eas variedades diferentes, o tanque leve, o tanque m\u00e9dio e o tanque el\u00e9trico. Todos eles s\u00e3o altamente manobr\u00e1veis e ser\u00e3o vistos em praticamente qualquer lugar.<\/p>\n\n\n\n<div style=\"height:20px\" aria-hidden=\"true\" class=\"wp-block-spacer\"><\/div>\n\n\n\n<div class=\"gb-container gb-container-ae025cb2\"><div class=\"gb-inside-container\">\n<h2 class=\"wp-block-heading\">Tanque leve<\/h2>\n\n\n\n<div class=\"wp-block-image is-style-default\"><figure class=\"aligncenter size-large\"><a href=\"https:\/\/steelstorm.standardof.net\/pt\/guide\/unidades-inimigas\/tanques-flutuantes\/steel-storm-enemy-hover-tanks-light\/\"><img decoding=\"async\" width=\"822\" height=\"642\" src=\"https:\/\/steelstorm.standardof.net\/wp-content\/uploads\/sites\/3\/2020\/10\/Steel-Storm-Enemy-Hover-Tanks-Light-822x642.jpg\" alt=\"Tanque leve\" class=\"wp-image-24\" title=\"\" srcset=\"https:\/\/steelstorm.standardof.net\/wp-content\/uploads\/sites\/3\/2020\/10\/Steel-Storm-Enemy-Hover-Tanks-Light.jpg 822w, https:\/\/steelstorm.standardof.net\/wp-content\/uploads\/sites\/3\/2020\/10\/Steel-Storm-Enemy-Hover-Tanks-Light-300x234.jpg 300w\" sizes=\"(max-width: 822px) 100vw, 822px\" \/><\/a><figcaption>Tanque leve<\/figcaption><\/figure><\/div>\n\n\n\n<p>o <strong>Tanques leves<\/strong> distinguem-se pela sua cor castanha e pelo canh\u00e3o montado numa \u00fanica torre. Essas unidades frequentemente se aproximam de alcance m\u00e9dio, disparando tiros de plasma de luz simples em voc\u00ea enquanto metralha ou se move de um lado para o outro. Quando disparadas, essas unidades s\u00e3o r\u00e1pidas para recuar para um alcance maior enquanto ainda disparam contra voc\u00ea.<\/p>\n\n\n\n<p>Estes s\u00e3o os inimigos mais fracos que voc\u00ea enfrenta, mas tamb\u00e9m os mais numerosos. Al\u00e9m dos primeiros n\u00edveis, voc\u00ea pode esperar v\u00ea-los em grandes grupos e emboscadas o tempo todo. O tiro de minigun ou uma varredura com o canh\u00e3o de feixe \u00e9 sua melhor aposta para destruir essas unidades a longo alcance, gra\u00e7as ao mecanismo de golpe instant\u00e2neo dessas armas, enquanto Rocket Pods s\u00e3o a escolha eficaz quando os grupos est\u00e3o perto de m\u00e9dio alcance.<\/p>\n<\/div><\/div>\n\n\n\n<div style=\"height:20px\" aria-hidden=\"true\" class=\"wp-block-spacer\"><\/div>\n\n\n\n<div class=\"gb-container gb-container-9524adab\"><div class=\"gb-inside-container\">\n<h2 class=\"wp-block-heading\">Tanque M\u00e9dio<\/h2>\n\n\n\n<div class=\"wp-block-image is-style-default\"><figure class=\"aligncenter size-large\"><a href=\"https:\/\/steelstorm.standardof.net\/pt\/guide\/unidades-inimigas\/tanques-flutuantes\/steel-storm-enemy-hover-tanks-medium\/\"><img decoding=\"async\" width=\"869\" height=\"680\" src=\"https:\/\/steelstorm.standardof.net\/wp-content\/uploads\/sites\/3\/2020\/10\/Steel-Storm-Enemy-Hover-Tanks-Medium-869x680.jpg\" alt=\"Tanque M\u00e9dio\" class=\"wp-image-26\" title=\"\" srcset=\"https:\/\/steelstorm.standardof.net\/wp-content\/uploads\/sites\/3\/2020\/10\/Steel-Storm-Enemy-Hover-Tanks-Medium.jpg 869w, https:\/\/steelstorm.standardof.net\/wp-content\/uploads\/sites\/3\/2020\/10\/Steel-Storm-Enemy-Hover-Tanks-Medium-300x235.jpg 300w\" sizes=\"(max-width: 869px) 100vw, 869px\" \/><\/a><figcaption>Tanque M\u00e9dio<\/figcaption><\/figure><\/div>\n\n\n\n<p><strong>Tanques m\u00e9dios<\/strong> s\u00e3o uma vers\u00e3o mais fortemente armada e blindada do Tanque Leve, disparando rajadas de raios de Plasma Leve ao mesmo tempo enquanto se move a uma velocidade mais lenta do que a variedade leve. <\/p>\n\n\n\n<p>Eles aparecem mais conforme voc\u00ea avan\u00e7a no jogo e geralmente ser\u00e3o encontrados em n\u00fameros maiores em \u00e1reas mais significativas. Essas unidades tentar\u00e3o se esquivar do seu fogo, depois de se aproximarem de um alcance m\u00e9dio, mas muito menos h\u00e1beis em fazer isso.<\/p>\n<\/div><\/div>\n\n\n\n<div style=\"height:20px\" aria-hidden=\"true\" class=\"wp-block-spacer\"><\/div>\n\n\n\n<div class=\"gb-container gb-container-9a287803\"><div class=\"gb-inside-container\">\n<h2 class=\"wp-block-heading\">Tanque Rel\u00e2mpago<\/h2>\n\n\n\n<div class=\"wp-block-image is-style-default\"><figure class=\"aligncenter size-large\"><a href=\"https:\/\/steelstorm.standardof.net\/pt\/guide\/unidades-inimigas\/tanques-flutuantes\/steel-storm-enemy-hover-tanks-lightning\/\"><img decoding=\"async\" width=\"825\" height=\"629\" src=\"https:\/\/steelstorm.standardof.net\/wp-content\/uploads\/sites\/3\/2020\/10\/Steel-Storm-Enemy-Hover-Tanks-Lightning-825x629.jpg\" alt=\"Tanque Rel\u00e2mpago\" class=\"wp-image-25\" title=\"\" srcset=\"https:\/\/steelstorm.standardof.net\/wp-content\/uploads\/sites\/3\/2020\/10\/Steel-Storm-Enemy-Hover-Tanks-Lightning.jpg 825w, https:\/\/steelstorm.standardof.net\/wp-content\/uploads\/sites\/3\/2020\/10\/Steel-Storm-Enemy-Hover-Tanks-Lightning-300x229.jpg 300w\" sizes=\"(max-width: 825px) 100vw, 825px\" \/><\/a><figcaption>Tanque Rel\u00e2mpago<\/figcaption><\/figure><\/div>\n\n\n\n<p><strong>Tanques Rel\u00e2mpago<\/strong> s\u00e3o possivelmente os mais perigosos de todos os pequenos tanques. Essas unidades possuem uma arma semelhante ao <strong>Raio <\/strong>que tem um alcance extremamente curto e causa apenas uma pequena quantidade de dano a voc\u00ea, no entanto, tem o potente efeito secund\u00e1rio de desabilitar suas armas de energia secund\u00e1ria, especial e prim\u00e1ria, deixando voc\u00ea apenas com suas Miniguns ou Canh\u00e3o Flak para se defender at\u00e9 o efeito passa.<\/p>\n\n\n\n<p>O Lightning Tank \u00e9 conhecido por atacar diretamente em sua dire\u00e7\u00e3o, mesmo em face de tiros pesados, a fim de acert\u00e1-lo com seu ferrolho. Grupos dessas unidades s\u00e3o muito perigosos e podem manter continuamente suas outras armas desativadas, for\u00e7ando voc\u00ea a recuar ou ser oprimido. Tente ultrapass\u00e1-los e acionar seu Shockwave se eles chegarem muito perto, embora o Shockwave tenha aproximadamente o mesmo alcance do zap, tornando o tempo dif\u00edcil.<\/p>\n<\/div><\/div>","protected":false},"excerpt":{"rendered":"<p>The hover tanks in Steel Storm: Burning Retribution are the most numerous enemies you will face. Currently they come in three separate varieties, the Light Tank, Medium Tank and the Lightning Tank. All of them are highly maneuverable and will be seen practically everywhere. Light Tank The Light Tanks are distinguished by their tan color [&hellip;]<\/p>","protected":false},"author":1,"featured_media":54,"parent":32,"menu_order":0,"comment_status":"open","ping_status":"closed","template":"","meta":{"_uag_custom_page_level_css":"","site-sidebar-layout":"default","site-content-layout":"default","ast-site-content-layout":"","site-content-style":"default","site-sidebar-style":"default","ast-global-header-display":"","ast-banner-title-visibility":"","ast-main-header-display":"","ast-hfb-above-header-display":"","ast-hfb-below-header-display":"","ast-hfb-mobile-header-display":"","site-post-title":"","ast-breadcrumbs-content":"","ast-featured-img":"","footer-sml-layout":"","theme-transparent-header-meta":"default","adv-header-id-meta":"","stick-header-meta":"","header-above-stick-meta":"","header-main-stick-meta":"","header-below-stick-meta":"","astra-migrate-meta-layouts":"default","ast-page-background-enabled":"default","ast-page-background-meta":{"desktop":{"background-color":"","background-image":"","background-repeat":"repeat","background-position":"center center","background-size":"auto","background-attachment":"scroll","background-type":"","background-media":"","overlay-type":"","overlay-color":"","overlay-gradient":""},"tablet":{"background-color":"","background-image":"","background-repeat":"repeat","background-position":"center center","background-size":"auto","background-attachment":"scroll","background-type":"","background-media":"","overlay-type":"","overlay-color":"","overlay-gradient":""},"mobile":{"background-color":"","background-image":"","background-repeat":"repeat","background-position":"center center","background-size":"auto","background-attachment":"scroll","background-type":"","background-media":"","overlay-type":"","overlay-color":"","overlay-gradient":""}},"ast-content-background-meta":{"desktop":{"background-color":"var(--ast-global-color-5)","background-image":"","background-repeat":"repeat","background-position":"center center","background-size":"auto","background-attachment":"scroll","background-type":"","background-media":"","overlay-type":"","overlay-color":"","overlay-gradient":""},"tablet":{"background-color":"var(--ast-global-color-5)","background-image":"","background-repeat":"repeat","background-position":"center center","background-size":"auto","background-attachment":"scroll","background-type":"","background-media":"","overlay-type":"","overlay-color":"","overlay-gradient":""},"mobile":{"background-color":"var(--ast-global-color-5)","background-image":"","background-repeat":"repeat","background-position":"center center","background-size":"auto","background-attachment":"scroll","background-type":"","background-media":"","overlay-type":"","overlay-color":"","overlay-gradient":""}},"footnotes":""},"uagb_featured_image_src":{"full":["https:\/\/steelstorm.standardof.net\/wp-content\/uploads\/sites\/3\/2020\/10\/MnEdR-1.jpg",1200,750,false],"thumbnail":["https:\/\/steelstorm.standardof.net\/wp-content\/uploads\/sites\/3\/2020\/10\/MnEdR-1-150x150.jpg",150,150,true],"medium":["https:\/\/steelstorm.standardof.net\/wp-content\/uploads\/sites\/3\/2020\/10\/MnEdR-1-300x188.jpg",300,188,true],"medium_large":["https:\/\/steelstorm.standardof.net\/wp-content\/uploads\/sites\/3\/2020\/10\/MnEdR-1-768x480.jpg",768,480,true],"large":["https:\/\/steelstorm.standardof.net\/wp-content\/uploads\/sites\/3\/2020\/10\/MnEdR-1-1024x640.jpg",1024,640,true],"1536x1536":["https:\/\/steelstorm.standardof.net\/wp-content\/uploads\/sites\/3\/2020\/10\/MnEdR-1.jpg",1200,750,false],"2048x2048":["https:\/\/steelstorm.standardof.net\/wp-content\/uploads\/sites\/3\/2020\/10\/MnEdR-1.jpg",1200,750,false],"trp-custom-language-flag":["https:\/\/steelstorm.standardof.net\/wp-content\/uploads\/sites\/3\/2020\/10\/MnEdR-1.jpg",18,12,false]},"uagb_author_info":{"display_name":"SOE","author_link":"https:\/\/steelstorm.standardof.net\/pt\/author\/k-tastic\/"},"uagb_comment_info":0,"uagb_excerpt":"The hover tanks in Steel Storm: Burning Retribution are the most numerous enemies you will face. Currently they come in three separate varieties, the Light Tank, Medium Tank and the Lightning Tank. All of them are highly maneuverable and will be seen practically everywhere. Light Tank The Light Tanks are distinguished by their tan color&hellip;","_links":{"self":[{"href":"https:\/\/steelstorm.standardof.net\/pt\/wp-json\/wp\/v2\/pages\/85"}],"collection":[{"href":"https:\/\/steelstorm.standardof.net\/pt\/wp-json\/wp\/v2\/pages"}],"about":[{"href":"https:\/\/steelstorm.standardof.net\/pt\/wp-json\/wp\/v2\/types\/page"}],"author":[{"embeddable":true,"href":"https:\/\/steelstorm.standardof.net\/pt\/wp-json\/wp\/v2\/users\/1"}],"replies":[{"embeddable":true,"href":"https:\/\/steelstorm.standardof.net\/pt\/wp-json\/wp\/v2\/comments?post=85"}],"version-history":[{"count":1,"href":"https:\/\/steelstorm.standardof.net\/pt\/wp-json\/wp\/v2\/pages\/85\/revisions"}],"predecessor-version":[{"id":406,"href":"https:\/\/steelstorm.standardof.net\/pt\/wp-json\/wp\/v2\/pages\/85\/revisions\/406"}],"up":[{"embeddable":true,"href":"https:\/\/steelstorm.standardof.net\/pt\/wp-json\/wp\/v2\/pages\/32"}],"wp:featuredmedia":[{"embeddable":true,"href":"https:\/\/steelstorm.standardof.net\/pt\/wp-json\/wp\/v2\/media\/54"}],"wp:attachment":[{"href":"https:\/\/steelstorm.standardof.net\/pt\/wp-json\/wp\/v2\/media?parent=85"}],"curies":[{"name":"wp","href":"https:\/\/api.w.org\/{rel}","templated":true}]}}