{"id":6,"date":"2020-10-15T16:21:48","date_gmt":"2020-10-15T16:21:48","guid":{"rendered":"http:\/\/steelstorm.standardof.net\/?page_id=6"},"modified":"2020-10-18T17:49:22","modified_gmt":"2020-10-18T17:49:22","slug":"guide","status":"publish","type":"page","link":"https:\/\/steelstorm.standardof.net\/pt\/","title":{"rendered":"\u00cdndice do guia de estrat\u00e9gia &quot;Tempestade de a\u00e7o: Retribui\u00e7\u00e3o em chamas&quot;"},"content":{"rendered":"<p>Esta p\u00e1gina serve como um \u00edndice para a s\u00e9rie de guias que cobrem os v\u00e1rios aspectos do videogame, Steel Storm. Aqui voc\u00ea encontrar\u00e1 links para orienta\u00e7\u00f5es mais detalhadas, juntamente com se\u00e7\u00f5es adicionais e links para guias espec\u00edficos adicionados \u00e0 medida que s\u00e3o publicados.<\/p>\n\n\n\n<hr class=\"wp-block-separator\"\/>\n\n\n\n<h2 class=\"has-text-align-center has-white-color has-text-color wp-block-heading\"><a href=\"https:\/\/www.standardof.net\/wp-content\/uploads\/2011\/09\/5288493.jpg\" target=\"_blank\" rel=\"noopener\"><\/a><a class=\"rank-math-link\" href=\"https:\/\/steelstorm.standardof.net\/pt\/guide\/passo-a-passo-de-nivel-2\/\">Passo a passo de n\u00edvel<\/a><\/h2>\n\n\n\n<p>Esta parte do guia Steel Storm cobrir\u00e1 os v\u00e1rios n\u00edveis do jogo, com um passo a passo completo para cada um. Voc\u00ea encontrar\u00e1 uma infinidade de informa\u00e7\u00f5es, como mapas de rotas, reprodu\u00e7\u00f5es de v\u00eddeo e capturas de tela adicionais e informa\u00e7\u00f5es sobre itens ou locais importantes encontrados em cada um.<\/p>\n\n\n\n<figure class=\"wp-block-image size-large is-resized\"><a href=\"https:\/\/steelstorm.standardof.net\/pt\/guide\/passo-a-passo-de-nivel-2\/level-guides\/\"><img decoding=\"async\" src=\"https:\/\/steelstorm.standardof.net\/wp-content\/uploads\/sites\/3\/2020\/10\/Level-Guides.jpg\" alt=\"\" class=\"wp-image-174\" width=\"768\" height=\"432\" title=\"\" srcset=\"https:\/\/steelstorm.standardof.net\/wp-content\/uploads\/sites\/3\/2020\/10\/Level-Guides.jpg 1024w, https:\/\/steelstorm.standardof.net\/wp-content\/uploads\/sites\/3\/2020\/10\/Level-Guides-300x169.jpg 300w, https:\/\/steelstorm.standardof.net\/wp-content\/uploads\/sites\/3\/2020\/10\/Level-Guides-768x432.jpg 768w, https:\/\/steelstorm.standardof.net\/wp-content\/uploads\/sites\/3\/2020\/10\/Level-Guides-16x9.jpg 16w\" sizes=\"(max-width: 768px) 100vw, 768px\" \/><\/a><\/figure>\n\n\n\n<hr class=\"wp-block-separator\"\/>\n\n\n\n<h2 class=\"has-text-align-center has-white-color has-text-color wp-block-heading\"><a href=\"https:\/\/steelstorm.standardof.net\/pt\/guide\/unidades-inimigas\/\" class=\"rank-math-link\">Inimigos<\/a><\/h2>\n\n\n\n<p>Esta parte do guia de estrat\u00e9gia cobrir\u00e1 as v\u00e1rias unidades hostis que voc\u00ea encontrar\u00e1 espalhadas pelos n\u00edveis deste jogo. Hostis do tipo Boss foram deixados de fora desta parte, cobertos ao inv\u00e9s nos percursos de n\u00edvel onde eles aparecem para prevenir spoilers e dada sua raridade.<\/p>\n\n\n\n<p>Esta parte do guia \u00e9 dividida em tr\u00eas se\u00e7\u00f5es, cobrindo os tanques flutuantes que s\u00e3o mais numerosos e frequentemente encontrados em grupos no jogo. Em segundo lugar, voc\u00ea encontrar\u00e1 os mini-bosses Heavy Tank que v\u00eam cheios de armas prontas para frit\u00e1-lo e, finalmente, as torres, que s\u00e3o posi\u00e7\u00f5es fixas que defendem os locais inimigos, mas ainda assim mortais.<\/p>\n\n\n\n<div class=\"wp-block-image\"><figure class=\"aligncenter size-large is-resized\"><img decoding=\"async\" src=\"https:\/\/steelstorm.standardof.net\/wp-content\/uploads\/sites\/3\/2020\/10\/Steel-Storm-Enemy-Units-Group-Shot-850x410.jpg\" alt=\"Unidades inimigas\" class=\"wp-image-31\" width=\"638\" height=\"308\" title=\"\" srcset=\"https:\/\/steelstorm.standardof.net\/wp-content\/uploads\/sites\/3\/2020\/10\/Steel-Storm-Enemy-Units-Group-Shot.jpg 850w, https:\/\/steelstorm.standardof.net\/wp-content\/uploads\/sites\/3\/2020\/10\/Steel-Storm-Enemy-Units-Group-Shot-300x145.jpg 300w\" sizes=\"(max-width: 638px) 100vw, 638px\" \/><\/figure><\/div>\n\n\n\n<hr class=\"wp-block-separator\"\/>\n\n\n\n<h2 class=\"has-text-align-center has-white-color has-text-color wp-block-heading\"><a href=\"https:\/\/steelstorm.standardof.net\/pt\/guide\/armas\/\" class=\"rank-math-link\">Armas<\/a><\/h2>\n\n\n\n<p>As armas v\u00eam em muitas variedades, categorizadas em um de 5 grupos separados com base em como elas disparam e em qual slot ocupam seu tanque. \u00c9 sempre poss\u00edvel carregar uma de cada tipo de arma de uma vez com a op\u00e7\u00e3o de trocar as armas que ocupam o mesmo espa\u00e7o. Assim que uma arma for apanhada, voc\u00ea deve deixar o n\u00edvel e come\u00e7ar uma nova para reaparecer com ela ainda equipada. Se voc\u00ea morrer no mesmo n\u00edvel de jogo em que pegou uma arma, ela ser\u00e1 destru\u00edda e irrecuper\u00e1vel, a menos que voc\u00ea reinicie a miss\u00e3o. Dividido em v\u00e1rios grupos, cada se\u00e7\u00e3o fornece informa\u00e7\u00f5es sobre como cada um beneficia voc\u00ea, juntamente com quais armas s\u00e3o melhores em cada situa\u00e7\u00e3o.<\/p>\n\n\n\n<div class=\"wp-block-image\"><figure class=\"aligncenter size-large is-resized\"><img decoding=\"async\" src=\"https:\/\/steelstorm.standardof.net\/wp-content\/uploads\/sites\/3\/2020\/10\/steel-storm-all-items.jpg\" alt=\"\" class=\"wp-image-320\" width=\"602\" height=\"386\" title=\"\" srcset=\"https:\/\/steelstorm.standardof.net\/wp-content\/uploads\/sites\/3\/2020\/10\/steel-storm-all-items.jpg 802w, https:\/\/steelstorm.standardof.net\/wp-content\/uploads\/sites\/3\/2020\/10\/steel-storm-all-items-300x193.jpg 300w, https:\/\/steelstorm.standardof.net\/wp-content\/uploads\/sites\/3\/2020\/10\/steel-storm-all-items-768x493.jpg 768w, https:\/\/steelstorm.standardof.net\/wp-content\/uploads\/sites\/3\/2020\/10\/steel-storm-all-items-16x10.jpg 16w\" sizes=\"(max-width: 602px) 100vw, 602px\" \/><\/figure><\/div>\n\n\n\n<hr class=\"wp-block-separator\"\/>\n\n\n\n<h2 class=\"has-text-align-center has-white-color has-text-color wp-block-heading\"><a href=\"https:\/\/steelstorm.standardof.net\/pt\/guide\/pickups-utilitarios\/\" class=\"rank-math-link\">Pickups utilit\u00e1rios<\/a><\/h2>\n\n\n\n<p>Neste guia, voc\u00ea encontrar\u00e1 informa\u00e7\u00f5es apresentadas sobre os v\u00e1rios benef\u00edcios fornecidos por itens utilit\u00e1rios encontrados no mundo do jogo Steel Storm. Esses itens podem ser freq\u00fcentemente encontrados em v\u00e1rias caixas ou descobertos destruindo certas estruturas ou inimigos.<\/p>\n\n\n\n<hr class=\"wp-block-separator\"\/>\n\n\n\n<h3 class=\"has-text-align-center has-white-color has-text-color wp-block-heading\">Cr\u00e9ditos e Agradecimentos<\/h3>\n\n\n\n<p>Steel Storm: Burning Retribution \u00a9 2008-2026 Kot-in-Action Creative Artel; All rights reserved. Steel Storm and Kot-in-Action logo are trademarks of Kot-in-Action Creative Artel in the United States of America and elsewhere. All other trademarks are the property of their respective owners.<\/p>\n\n\n\n<p>Este guia foi criado por <a href=\"http:\/\/standardof.net\/about\/\" target=\"_blank\" rel=\"noopener\">Padr\u00e3o de entretenimento<\/a> para servir como uma s\u00e9rie de orienta\u00e7\u00f5es e instru\u00e7\u00f5es a serem usadas com o jogo<em> <a href=\"http:\/\/www.steel-storm.com\/\" target=\"_blank\" rel=\"noopener\">Tempestade de a\u00e7o: retribui\u00e7\u00e3o ardente<\/a><\/em>.<\/p>\n\n\n\n<hr class=\"wp-block-separator\"\/>\n\n\n\n<h3 class=\"has-text-align-center wp-block-heading\"><strong>Onde comprar Steel Storm Burning Retribution<\/strong><\/h3>\n\n\n\n<p class=\"has-text-align-center\">Os usu\u00e1rios de PC podem comprar este jogo nos servi\u00e7os de download digital listados. <br>Infelizmente, a loja do desenvolvedor n\u00e3o est\u00e1 mais funcional. <\/p>\n\n\n\n<div class=\"gb-grid-wrapper gb-grid-wrapper-5e4fa48a\">\n<div class=\"gb-grid-column gb-grid-column-518d7a6a\"><div class=\"gb-container gb-container-518d7a6a\"><div class=\"gb-inside-container\">\n<div class=\"wp-block-image\"><figure class=\"aligncenter size-large is-resized\"><a href=\"https:\/\/store.steampowered.com\/app\/96200\/Steel_Storm_Burning_Retribution\/\" target=\"_blank\" rel=\"noopener\"><img decoding=\"async\" src=\"https:\/\/steelstorm.standardof.net\/wp-content\/uploads\/sites\/3\/2020\/10\/Steam-Logo.png\" alt=\"Vapor \" class=\"wp-image-299\" width=\"128\" height=\"128\" title=\"\" srcset=\"https:\/\/steelstorm.standardof.net\/wp-content\/uploads\/sites\/3\/2020\/10\/Steam-Logo.png 256w, https:\/\/steelstorm.standardof.net\/wp-content\/uploads\/sites\/3\/2020\/10\/Steam-Logo-150x150.png 150w, https:\/\/steelstorm.standardof.net\/wp-content\/uploads\/sites\/3\/2020\/10\/Steam-Logo-12x12.png 12w\" sizes=\"(max-width: 128px) 100vw, 128px\" \/><\/a><figcaption>Vapor <\/figcaption><\/figure><\/div>\n\n\n\n<div class=\"wp-block-image\"><figure class=\"aligncenter size-large is-resized\"><img decoding=\"async\" src=\"https:\/\/steelstorm.standardof.net\/wp-content\/uploads\/sites\/3\/2020\/10\/Windows-Linux-OS-Icon.png\" alt=\"\" class=\"wp-image-300\" width=\"128\" height=\"64\" title=\"\" srcset=\"https:\/\/steelstorm.standardof.net\/wp-content\/uploads\/sites\/3\/2020\/10\/Windows-Linux-OS-Icon.png 256w, https:\/\/steelstorm.standardof.net\/wp-content\/uploads\/sites\/3\/2020\/10\/Windows-Linux-OS-Icon-16x8.png 16w\" sizes=\"(max-width: 128px) 100vw, 128px\" \/><\/figure><\/div>\n<\/div><\/div><\/div>\n\n\n\n<div class=\"gb-grid-column gb-grid-column-160cff19\"><div class=\"gb-container gb-container-160cff19\"><div class=\"gb-inside-container\">\n<div class=\"wp-block-image\"><figure class=\"aligncenter size-large is-resized\"><a href=\"https:\/\/bit.ly\/32fQctg\" target=\"_blank\" rel=\"noopener\"><img decoding=\"async\" src=\"https:\/\/steelstorm.standardof.net\/wp-content\/uploads\/sites\/3\/2020\/10\/gamersgate_icon.png\" alt=\"GamersGate\" class=\"wp-image-303\" width=\"128\" height=\"128\" title=\"\" srcset=\"https:\/\/steelstorm.standardof.net\/wp-content\/uploads\/sites\/3\/2020\/10\/gamersgate_icon.png 256w, https:\/\/steelstorm.standardof.net\/wp-content\/uploads\/sites\/3\/2020\/10\/gamersgate_icon-150x150.png 150w, https:\/\/steelstorm.standardof.net\/wp-content\/uploads\/sites\/3\/2020\/10\/gamersgate_icon-12x12.png 12w\" sizes=\"(max-width: 128px) 100vw, 128px\" \/><\/a><figcaption>GamersGate<\/figcaption><\/figure><\/div>\n\n\n\n<div class=\"wp-block-image\"><figure class=\"aligncenter size-large is-resized\"><img decoding=\"async\" src=\"https:\/\/steelstorm.standardof.net\/wp-content\/uploads\/sites\/3\/2020\/10\/Windows-OS-Icon.png\" alt=\"\" class=\"wp-image-301\" width=\"64\" height=\"64\" title=\"\" srcset=\"https:\/\/steelstorm.standardof.net\/wp-content\/uploads\/sites\/3\/2020\/10\/Windows-OS-Icon.png 128w, https:\/\/steelstorm.standardof.net\/wp-content\/uploads\/sites\/3\/2020\/10\/Windows-OS-Icon-12x12.png 12w\" sizes=\"(max-width: 64px) 100vw, 64px\" \/><\/figure><\/div>\n<\/div><\/div><\/div>\n\n\n\n<div class=\"gb-grid-column gb-grid-column-d73f9fab\"><div class=\"gb-container gb-container-d73f9fab\"><div class=\"gb-inside-container\">\n<div class=\"wp-block-image\"><figure class=\"aligncenter size-large is-resized\"><a href=\"https:\/\/www.macgamestore.com\/product\/1897\/Steel-Storm-Burning-Retribution\/\" target=\"_blank\" rel=\"noopener\"><img decoding=\"async\" src=\"https:\/\/steelstorm.standardof.net\/wp-content\/uploads\/sites\/3\/2020\/10\/mac-games-store.png\" alt=\"Loja de jogos para Mac\" class=\"wp-image-305\" width=\"128\" height=\"128\" title=\"\" srcset=\"https:\/\/steelstorm.standardof.net\/wp-content\/uploads\/sites\/3\/2020\/10\/mac-games-store.png 256w, https:\/\/steelstorm.standardof.net\/wp-content\/uploads\/sites\/3\/2020\/10\/mac-games-store-150x150.png 150w, https:\/\/steelstorm.standardof.net\/wp-content\/uploads\/sites\/3\/2020\/10\/mac-games-store-12x12.png 12w\" sizes=\"(max-width: 128px) 100vw, 128px\" \/><\/a><figcaption>Loja de jogos para Mac<\/figcaption><\/figure><\/div>\n\n\n\n<div class=\"wp-block-image\"><figure class=\"aligncenter size-large is-resized\"><img decoding=\"async\" src=\"https:\/\/steelstorm.standardof.net\/wp-content\/uploads\/sites\/3\/2020\/10\/Apple-OS-Icon.png\" alt=\"\" class=\"wp-image-302\" width=\"64\" height=\"64\" title=\"\" srcset=\"https:\/\/steelstorm.standardof.net\/wp-content\/uploads\/sites\/3\/2020\/10\/Apple-OS-Icon.png 128w, https:\/\/steelstorm.standardof.net\/wp-content\/uploads\/sites\/3\/2020\/10\/Apple-OS-Icon-12x12.png 12w\" sizes=\"(max-width: 64px) 100vw, 64px\" \/><\/figure><\/div>\n<\/div><\/div><\/div>\n<\/div>","protected":false},"excerpt":{"rendered":"<p>This page serves as an index for the series of guides covering the various aspects of the video game, Steel Storm. Here you will find links to more in depth walkthroughs along with additional sections and links to specific guides added as they are published. Level Walkthroughs This portion of the Steel Storm guide will [&hellip;]<\/p>","protected":false},"author":1,"featured_media":54,"parent":0,"menu_order":0,"comment_status":"open","ping_status":"closed","template":"","meta":{"_uag_custom_page_level_css":"","site-sidebar-layout":"default","site-content-layout":"default","ast-site-content-layout":"","site-content-style":"default","site-sidebar-style":"default","ast-global-header-display":"","ast-banner-title-visibility":"","ast-main-header-display":"","ast-hfb-above-header-display":"","ast-hfb-below-header-display":"","ast-hfb-mobile-header-display":"","site-post-title":"","ast-breadcrumbs-content":"","ast-featured-img":"","footer-sml-layout":"","theme-transparent-header-meta":"default","adv-header-id-meta":"","stick-header-meta":"","header-above-stick-meta":"","header-main-stick-meta":"","header-below-stick-meta":"","astra-migrate-meta-layouts":"default","ast-page-background-enabled":"default","ast-page-background-meta":{"desktop":{"background-color":"","background-image":"","background-repeat":"repeat","background-position":"center center","background-size":"auto","background-attachment":"scroll","background-type":"","background-media":"","overlay-type":"","overlay-color":"","overlay-gradient":""},"tablet":{"background-color":"","background-image":"","background-repeat":"repeat","background-position":"center center","background-size":"auto","background-attachment":"scroll","background-type":"","background-media":"","overlay-type":"","overlay-color":"","overlay-gradient":""},"mobile":{"background-color":"","background-image":"","background-repeat":"repeat","background-position":"center center","background-size":"auto","background-attachment":"scroll","background-type":"","background-media":"","overlay-type":"","overlay-color":"","overlay-gradient":""}},"ast-content-background-meta":{"desktop":{"background-color":"var(--ast-global-color-5)","background-image":"","background-repeat":"repeat","background-position":"center center","background-size":"auto","background-attachment":"scroll","background-type":"","background-media":"","overlay-type":"","overlay-color":"","overlay-gradient":""},"tablet":{"background-color":"var(--ast-global-color-5)","background-image":"","background-repeat":"repeat","background-position":"center center","background-size":"auto","background-attachment":"scroll","background-type":"","background-media":"","overlay-type":"","overlay-color":"","overlay-gradient":""},"mobile":{"background-color":"var(--ast-global-color-5)","background-image":"","background-repeat":"repeat","background-position":"center center","background-size":"auto","background-attachment":"scroll","background-type":"","background-media":"","overlay-type":"","overlay-color":"","overlay-gradient":""}},"footnotes":""},"uagb_featured_image_src":{"full":["https:\/\/steelstorm.standardof.net\/wp-content\/uploads\/sites\/3\/2020\/10\/MnEdR-1.jpg",1200,750,false],"thumbnail":["https:\/\/steelstorm.standardof.net\/wp-content\/uploads\/sites\/3\/2020\/10\/MnEdR-1-150x150.jpg",150,150,true],"medium":["https:\/\/steelstorm.standardof.net\/wp-content\/uploads\/sites\/3\/2020\/10\/MnEdR-1-300x188.jpg",300,188,true],"medium_large":["https:\/\/steelstorm.standardof.net\/wp-content\/uploads\/sites\/3\/2020\/10\/MnEdR-1-768x480.jpg",768,480,true],"large":["https:\/\/steelstorm.standardof.net\/wp-content\/uploads\/sites\/3\/2020\/10\/MnEdR-1-1024x640.jpg",1024,640,true],"1536x1536":["https:\/\/steelstorm.standardof.net\/wp-content\/uploads\/sites\/3\/2020\/10\/MnEdR-1.jpg",1200,750,false],"2048x2048":["https:\/\/steelstorm.standardof.net\/wp-content\/uploads\/sites\/3\/2020\/10\/MnEdR-1.jpg",1200,750,false],"trp-custom-language-flag":["https:\/\/steelstorm.standardof.net\/wp-content\/uploads\/sites\/3\/2020\/10\/MnEdR-1.jpg",18,12,false]},"uagb_author_info":{"display_name":"SOE","author_link":"https:\/\/steelstorm.standardof.net\/pt\/author\/k-tastic\/"},"uagb_comment_info":1,"uagb_excerpt":"This page serves as an index for the series of guides covering the various aspects of the video game, Steel Storm. Here you will find links to more in depth walkthroughs along with additional sections and links to specific guides added as they are published. Level Walkthroughs This portion of the Steel Storm guide will&hellip;","_links":{"self":[{"href":"https:\/\/steelstorm.standardof.net\/pt\/wp-json\/wp\/v2\/pages\/6"}],"collection":[{"href":"https:\/\/steelstorm.standardof.net\/pt\/wp-json\/wp\/v2\/pages"}],"about":[{"href":"https:\/\/steelstorm.standardof.net\/pt\/wp-json\/wp\/v2\/types\/page"}],"author":[{"embeddable":true,"href":"https:\/\/steelstorm.standardof.net\/pt\/wp-json\/wp\/v2\/users\/1"}],"replies":[{"embeddable":true,"href":"https:\/\/steelstorm.standardof.net\/pt\/wp-json\/wp\/v2\/comments?post=6"}],"version-history":[{"count":0,"href":"https:\/\/steelstorm.standardof.net\/pt\/wp-json\/wp\/v2\/pages\/6\/revisions"}],"wp:featuredmedia":[{"embeddable":true,"href":"https:\/\/steelstorm.standardof.net\/pt\/wp-json\/wp\/v2\/media\/54"}],"wp:attachment":[{"href":"https:\/\/steelstorm.standardof.net\/pt\/wp-json\/wp\/v2\/media?parent=6"}],"curies":[{"name":"wp","href":"https:\/\/api.w.org\/{rel}","templated":true}]}}