{"id":34,"date":"2020-10-15T16:58:25","date_gmt":"2020-10-15T16:58:25","guid":{"rendered":"https:\/\/steelstorm.standardof.net\/?page_id=34"},"modified":"2020-10-19T05:14:19","modified_gmt":"2020-10-19T05:14:19","slug":"heavy-tanks","status":"publish","type":"page","link":"https:\/\/steelstorm.standardof.net\/pt\/guide\/unidades-inimigas\/tanques-pesados\/","title":{"rendered":"Tanques Pesados"},"content":{"rendered":"<div class=\"gb-grid-wrapper gb-grid-wrapper-5ed3ed01\">\n<div class=\"gb-grid-column gb-grid-column-c5035d0f\"><div class=\"gb-container gb-container-c5035d0f\"><div class=\"gb-inside-container\">\n<p>Tanques pesados s\u00e3o considerados uma esp\u00e9cie de Mini Boss em <em>Tempestade de a\u00e7o: retribui\u00e7\u00e3o ardente<\/em>, representando s\u00e9rias amea\u00e7as onde quer que se reproduzam, por\u00e9m prejudicado por sua velocidade lenta e baixa mobilidade. Quase sempre \u00e9 essencial usar obst\u00e1culos para se defender enquanto enfrenta essas unidades, j\u00e1 que elas v\u00eam equipadas com v\u00e1rias armas potentes que podem rapidamente tirar enormes pontos de vida.<\/p>\n<\/div><\/div><\/div>\n<\/div>\n\n\n\n<div style=\"height:20px\" aria-hidden=\"true\" class=\"wp-block-spacer\"><\/div>\n\n\n\n<div class=\"gb-container gb-container-dbddee8c\"><div class=\"gb-inside-container\">\n<h2 class=\"wp-block-heading\">Tanque de pr\u00f3tons pesado<\/h2>\n\n\n\n<div class=\"wp-block-image is-style-default\"><figure class=\"aligncenter size-full\"><a href=\"https:\/\/steelstorm.standardof.net\/pt\/guide\/unidades-inimigas\/tanques-pesados\/steel-storm-enemy-heavy-tanks-proton\/\"><img decoding=\"async\" width=\"471\" height=\"446\" src=\"https:\/\/steelstorm.standardof.net\/wp-content\/uploads\/sites\/3\/2020\/10\/Steel-Storm-Enemy-Heavy-Tanks-Proton.jpg\" alt=\"Tanque pesado de pr\u00f3tons\" class=\"wp-image-23\" title=\"\" srcset=\"https:\/\/steelstorm.standardof.net\/wp-content\/uploads\/sites\/3\/2020\/10\/Steel-Storm-Enemy-Heavy-Tanks-Proton.jpg 471w, https:\/\/steelstorm.standardof.net\/wp-content\/uploads\/sites\/3\/2020\/10\/Steel-Storm-Enemy-Heavy-Tanks-Proton-300x284.jpg 300w\" sizes=\"(max-width: 471px) 100vw, 471px\" \/><\/a><figcaption>Tanque pesado de pr\u00f3tons<\/figcaption><\/figure><\/div>\n\n\n\n<p>Provavelmente o mais mortal dos dois tanques, os parafusos roxos lan\u00e7ados pelo tanque de pr\u00f3tons pesado voam muito mais r\u00e1pido do que os parafusos de plasma leve disparados pelos irm\u00e3os menores do tanque e causam muito mais danos. <\/p>\n\n\n\n<p>Com uma excelente mira, essas unidades podem atingir voc\u00ea com bastante facilidade, ent\u00e3o certifique-se de fazer muitos ziguezagues quando for exposto \u00e0s suas explos\u00f5es.<\/p>\n<\/div><\/div>\n\n\n\n<div style=\"height:20px\" aria-hidden=\"true\" class=\"wp-block-spacer\"><\/div>\n\n\n\n<div class=\"gb-container gb-container-9c7c93b0\"><div class=\"gb-inside-container\">\n<h2 class=\"wp-block-heading\">Tanque Minigun Pesado<\/h2>\n\n\n\n<div class=\"wp-block-image is-style-default\"><figure class=\"aligncenter size-full\"><a href=\"https:\/\/steelstorm.standardof.net\/pt\/guide\/unidades-inimigas\/tanques-pesados\/steel-storm-enemy-heavy-tanks-minigun\/\"><img decoding=\"async\" width=\"429\" height=\"446\" src=\"https:\/\/steelstorm.standardof.net\/wp-content\/uploads\/sites\/3\/2020\/10\/Steel-Storm-Enemy-Heavy-Tanks-Minigun.jpg\" alt=\"Minigun Heavy Tank\" class=\"wp-image-22\" title=\"\" srcset=\"https:\/\/steelstorm.standardof.net\/wp-content\/uploads\/sites\/3\/2020\/10\/Steel-Storm-Enemy-Heavy-Tanks-Minigun.jpg 429w, https:\/\/steelstorm.standardof.net\/wp-content\/uploads\/sites\/3\/2020\/10\/Steel-Storm-Enemy-Heavy-Tanks-Minigun-289x300.jpg 289w\" sizes=\"(max-width: 429px) 100vw, 429px\" \/><\/a><figcaption>Minigun Heavy Tank<\/figcaption><\/figure><\/div>\n\n\n\n<p>O Heavy Minigun Tank na verdade tem dois tipos diferentes de armas \u00e0 sua disposi\u00e7\u00e3o, o primeiro sendo suas Miniguns de sucesso instant\u00e2neo, muito semelhantes \u00e0s que voc\u00ea possui, apoiadas por parafusos Light Plasma. <\/p>\n\n\n\n<p>Embora seja muito mais dif\u00edcil se esquivar dos tiros disparados por este tanque, o Heavy Minigun Tank causa significativamente menos danos com seus ataques do que o Heavy Proton Tank. <\/p>\n\n\n\n<p>Tente se certificar de que voc\u00ea tem alguns pontos de vida extras a perder antes de enfrentar um deles, j\u00e1 que tentar se esquivar com pouca vida pode ser uma grande dor.<\/p>\n<\/div><\/div>\n\n\n\n<p><\/p>","protected":false},"excerpt":{"rendered":"<p>Heavy Proton Tank Probably the more deadly of the two tanks, the purple bolts hurled out by the Heavy Proton Tank fly much faster than the Light Plasma bolts fired by the smaller tank brethren and do far more damage. With an excellent aim, these units can get a lead on you quite easily so [&hellip;]<\/p>","protected":false},"author":1,"featured_media":54,"parent":32,"menu_order":0,"comment_status":"open","ping_status":"closed","template":"","meta":{"_uag_custom_page_level_css":"","site-sidebar-layout":"default","site-content-layout":"default","ast-site-content-layout":"","site-content-style":"default","site-sidebar-style":"default","ast-global-header-display":"","ast-banner-title-visibility":"","ast-main-header-display":"","ast-hfb-above-header-display":"","ast-hfb-below-header-display":"","ast-hfb-mobile-header-display":"","site-post-title":"","ast-breadcrumbs-content":"","ast-featured-img":"","footer-sml-layout":"","theme-transparent-header-meta":"default","adv-header-id-meta":"","stick-header-meta":"","header-above-stick-meta":"","header-main-stick-meta":"","header-below-stick-meta":"","astra-migrate-meta-layouts":"default","ast-page-background-enabled":"default","ast-page-background-meta":{"desktop":{"background-color":"","background-image":"","background-repeat":"repeat","background-position":"center center","background-size":"auto","background-attachment":"scroll","background-type":"","background-media":"","overlay-type":"","overlay-color":"","overlay-gradient":""},"tablet":{"background-color":"","background-image":"","background-repeat":"repeat","background-position":"center center","background-size":"auto","background-attachment":"scroll","background-type":"","background-media":"","overlay-type":"","overlay-color":"","overlay-gradient":""},"mobile":{"background-color":"","background-image":"","background-repeat":"repeat","background-position":"center center","background-size":"auto","background-attachment":"scroll","background-type":"","background-media":"","overlay-type":"","overlay-color":"","overlay-gradient":""}},"ast-content-background-meta":{"desktop":{"background-color":"var(--ast-global-color-5)","background-image":"","background-repeat":"repeat","background-position":"center center","background-size":"auto","background-attachment":"scroll","background-type":"","background-media":"","overlay-type":"","overlay-color":"","overlay-gradient":""},"tablet":{"background-color":"var(--ast-global-color-5)","background-image":"","background-repeat":"repeat","background-position":"center center","background-size":"auto","background-attachment":"scroll","background-type":"","background-media":"","overlay-type":"","overlay-color":"","overlay-gradient":""},"mobile":{"background-color":"var(--ast-global-color-5)","background-image":"","background-repeat":"repeat","background-position":"center center","background-size":"auto","background-attachment":"scroll","background-type":"","background-media":"","overlay-type":"","overlay-color":"","overlay-gradient":""}},"footnotes":""},"uagb_featured_image_src":{"full":["https:\/\/steelstorm.standardof.net\/wp-content\/uploads\/sites\/3\/2020\/10\/MnEdR-1.jpg",1200,750,false],"thumbnail":["https:\/\/steelstorm.standardof.net\/wp-content\/uploads\/sites\/3\/2020\/10\/MnEdR-1-150x150.jpg",150,150,true],"medium":["https:\/\/steelstorm.standardof.net\/wp-content\/uploads\/sites\/3\/2020\/10\/MnEdR-1-300x188.jpg",300,188,true],"medium_large":["https:\/\/steelstorm.standardof.net\/wp-content\/uploads\/sites\/3\/2020\/10\/MnEdR-1-768x480.jpg",768,480,true],"large":["https:\/\/steelstorm.standardof.net\/wp-content\/uploads\/sites\/3\/2020\/10\/MnEdR-1-1024x640.jpg",1024,640,true],"1536x1536":["https:\/\/steelstorm.standardof.net\/wp-content\/uploads\/sites\/3\/2020\/10\/MnEdR-1.jpg",1200,750,false],"2048x2048":["https:\/\/steelstorm.standardof.net\/wp-content\/uploads\/sites\/3\/2020\/10\/MnEdR-1.jpg",1200,750,false],"trp-custom-language-flag":["https:\/\/steelstorm.standardof.net\/wp-content\/uploads\/sites\/3\/2020\/10\/MnEdR-1.jpg",18,12,false]},"uagb_author_info":{"display_name":"SOE","author_link":"https:\/\/steelstorm.standardof.net\/pt\/author\/k-tastic\/"},"uagb_comment_info":0,"uagb_excerpt":"Heavy Proton Tank Probably the more deadly of the two tanks, the purple bolts hurled out by the Heavy Proton Tank fly much faster than the Light Plasma bolts fired by the smaller tank brethren and do far more damage. With an excellent aim, these units can get a lead on you quite easily so&hellip;","_links":{"self":[{"href":"https:\/\/steelstorm.standardof.net\/pt\/wp-json\/wp\/v2\/pages\/34"}],"collection":[{"href":"https:\/\/steelstorm.standardof.net\/pt\/wp-json\/wp\/v2\/pages"}],"about":[{"href":"https:\/\/steelstorm.standardof.net\/pt\/wp-json\/wp\/v2\/types\/page"}],"author":[{"embeddable":true,"href":"https:\/\/steelstorm.standardof.net\/pt\/wp-json\/wp\/v2\/users\/1"}],"replies":[{"embeddable":true,"href":"https:\/\/steelstorm.standardof.net\/pt\/wp-json\/wp\/v2\/comments?post=34"}],"version-history":[{"count":0,"href":"https:\/\/steelstorm.standardof.net\/pt\/wp-json\/wp\/v2\/pages\/34\/revisions"}],"up":[{"embeddable":true,"href":"https:\/\/steelstorm.standardof.net\/pt\/wp-json\/wp\/v2\/pages\/32"}],"wp:featuredmedia":[{"embeddable":true,"href":"https:\/\/steelstorm.standardof.net\/pt\/wp-json\/wp\/v2\/media\/54"}],"wp:attachment":[{"href":"https:\/\/steelstorm.standardof.net\/pt\/wp-json\/wp\/v2\/media?parent=34"}],"curies":[{"name":"wp","href":"https:\/\/api.w.org\/{rel}","templated":true}]}}