{"id":32,"date":"2020-10-15T16:48:38","date_gmt":"2020-10-15T16:48:38","guid":{"rendered":"https:\/\/steelstorm.standardof.net\/?page_id=32"},"modified":"2020-10-19T05:14:15","modified_gmt":"2020-10-19T05:14:15","slug":"enemy-units","status":"publish","type":"page","link":"https:\/\/steelstorm.standardof.net\/pt\/guide\/unidades-inimigas\/","title":{"rendered":"Unidades inimigas"},"content":{"rendered":"<div class=\"wp-block-image\"><figure class=\"aligncenter size-large\"><a href=\"https:\/\/steelstorm.standardof.net\/pt\/guide\/unidades-inimigas\/steel-storm-enemy-units-group-shot\/\"><img decoding=\"async\" width=\"850\" height=\"410\" src=\"https:\/\/steelstorm.standardof.net\/wp-content\/uploads\/sites\/3\/2020\/10\/Steel-Storm-Enemy-Units-Group-Shot-850x410.jpg\" alt=\"Unidades inimigas\" class=\"wp-image-31\" title=\"\" srcset=\"https:\/\/steelstorm.standardof.net\/wp-content\/uploads\/sites\/3\/2020\/10\/Steel-Storm-Enemy-Units-Group-Shot.jpg 850w, https:\/\/steelstorm.standardof.net\/wp-content\/uploads\/sites\/3\/2020\/10\/Steel-Storm-Enemy-Units-Group-Shot-300x145.jpg 300w\" sizes=\"(max-width: 850px) 100vw, 850px\" \/><\/a><\/figure><\/div>\n\n\n\n<p>Este guia cobre todas as v\u00e1rias unidades inimigas que voc\u00ea enfrentar\u00e1 nos v\u00e1rios n\u00edveis de Steel Storm.<\/p>\n\n\n\n<p>Bosses n\u00e3o est\u00e3o inclu\u00eddos aqui para limitar spoilers. Voc\u00ea os encontrar\u00e1 abrangidos em seus respectivos guias de n\u00edvel.<\/p>\n\n\n\n<h2 class=\"wp-block-heading\"><a href=\"https:\/\/steelstorm.standardof.net\/pt\/guide\/unidades-inimigas\/tanques-flutuantes\/\" class=\"rank-math-link\">Hover Tanks<\/a><\/h2>\n\n\n\n<p><strong>Hover Tanks<\/strong> s\u00e3o os inimigos m\u00f3veis mais numerosos que voc\u00ea enfrenta no jogo, vindo em tr\u00eas variedades. Freq\u00fcentemente, eles se reproduzem ou s\u00e3o encontrados em grupos, representando pouca amea\u00e7a por si s\u00f3, mas tornando-se perigosos em grande n\u00famero.<\/p>\n\n\n\n<h2 class=\"wp-block-heading\"><a href=\"https:\/\/steelstorm.standardof.net\/pt\/guide\/unidades-inimigas\/tanques-pesados\/\" class=\"rank-math-link\">Tanques Pesados<\/a><\/h2>\n\n\n\n<p><strong>Tanques Pesados<\/strong> s\u00e3o tipos de grandes inimigos m\u00f3veis que geralmente viajam muito devagar, mas v\u00eam armados com v\u00e1rias armas que podem facilmente destruir seu tanque. Recomenda-se extrema cautela contra essas unidades, e \u00e9 melhor combat\u00ea-las com a vantagem do terreno pr\u00f3ximo.<\/p>\n\n\n\n<h2 class=\"wp-block-heading\"><a href=\"https:\/\/steelstorm.standardof.net\/pt\/guide\/unidades-inimigas\/torres\/\" class=\"rank-math-link\">Torres<\/a><\/h2>\n\n\n\n<p><strong>Torres <\/strong>s\u00e3o defensores estacion\u00e1rios que, embora incapazes de se mover, ainda representam uma amea\u00e7a s\u00e9ria devido ao seu armamento. Voc\u00ea ir\u00e1 freq\u00fcentemente descobrir que algumas dessas unidades inimigas ser\u00e3o teletransportadas com alguns Hover Tanks adicionais durante uma emboscada.<\/p>","protected":false},"excerpt":{"rendered":"<p>This guide covers all the various enemy units you will find yourself facing in the various levels of Steel Storm. Bosses are not included here to limit spoilers. You will find them covered in their respective level guides. Hover Tanks Hover Tanks are the more numerous, mobile enemies you face in the game, coming in [&hellip;]<\/p>","protected":false},"author":1,"featured_media":0,"parent":6,"menu_order":0,"comment_status":"open","ping_status":"closed","template":"","meta":{"_uag_custom_page_level_css":"","site-sidebar-layout":"default","site-content-layout":"default","ast-site-content-layout":"","site-content-style":"default","site-sidebar-style":"default","ast-global-header-display":"","ast-banner-title-visibility":"","ast-main-header-display":"","ast-hfb-above-header-display":"","ast-hfb-below-header-display":"","ast-hfb-mobile-header-display":"","site-post-title":"","ast-breadcrumbs-content":"","ast-featured-img":"","footer-sml-layout":"","theme-transparent-header-meta":"default","adv-header-id-meta":"","stick-header-meta":"","header-above-stick-meta":"","header-main-stick-meta":"","header-below-stick-meta":"","astra-migrate-meta-layouts":"default","ast-page-background-enabled":"default","ast-page-background-meta":{"desktop":{"background-color":"","background-image":"","background-repeat":"repeat","background-position":"center center","background-size":"auto","background-attachment":"scroll","background-type":"","background-media":"","overlay-type":"","overlay-color":"","overlay-gradient":""},"tablet":{"background-color":"","background-image":"","background-repeat":"repeat","background-position":"center center","background-size":"auto","background-attachment":"scroll","background-type":"","background-media":"","overlay-type":"","overlay-color":"","overlay-gradient":""},"mobile":{"background-color":"","background-image":"","background-repeat":"repeat","background-position":"center center","background-size":"auto","background-attachment":"scroll","background-type":"","background-media":"","overlay-type":"","overlay-color":"","overlay-gradient":""}},"ast-content-background-meta":{"desktop":{"background-color":"var(--ast-global-color-5)","background-image":"","background-repeat":"repeat","background-position":"center center","background-size":"auto","background-attachment":"scroll","background-type":"","background-media":"","overlay-type":"","overlay-color":"","overlay-gradient":""},"tablet":{"background-color":"var(--ast-global-color-5)","background-image":"","background-repeat":"repeat","background-position":"center center","background-size":"auto","background-attachment":"scroll","background-type":"","background-media":"","overlay-type":"","overlay-color":"","overlay-gradient":""},"mobile":{"background-color":"var(--ast-global-color-5)","background-image":"","background-repeat":"repeat","background-position":"center center","background-size":"auto","background-attachment":"scroll","background-type":"","background-media":"","overlay-type":"","overlay-color":"","overlay-gradient":""}},"footnotes":""},"uagb_featured_image_src":{"full":false,"thumbnail":false,"medium":false,"medium_large":false,"large":false,"1536x1536":false,"2048x2048":false,"trp-custom-language-flag":false},"uagb_author_info":{"display_name":"SOE","author_link":"https:\/\/steelstorm.standardof.net\/pt\/author\/k-tastic\/"},"uagb_comment_info":0,"uagb_excerpt":"This guide covers all the various enemy units you will find yourself facing in the various levels of Steel Storm. Bosses are not included here to limit spoilers. You will find them covered in their respective level guides. Hover Tanks Hover Tanks are the more numerous, mobile enemies you face in the game, coming in&hellip;","_links":{"self":[{"href":"https:\/\/steelstorm.standardof.net\/pt\/wp-json\/wp\/v2\/pages\/32"}],"collection":[{"href":"https:\/\/steelstorm.standardof.net\/pt\/wp-json\/wp\/v2\/pages"}],"about":[{"href":"https:\/\/steelstorm.standardof.net\/pt\/wp-json\/wp\/v2\/types\/page"}],"author":[{"embeddable":true,"href":"https:\/\/steelstorm.standardof.net\/pt\/wp-json\/wp\/v2\/users\/1"}],"replies":[{"embeddable":true,"href":"https:\/\/steelstorm.standardof.net\/pt\/wp-json\/wp\/v2\/comments?post=32"}],"version-history":[{"count":0,"href":"https:\/\/steelstorm.standardof.net\/pt\/wp-json\/wp\/v2\/pages\/32\/revisions"}],"up":[{"embeddable":true,"href":"https:\/\/steelstorm.standardof.net\/pt\/wp-json\/wp\/v2\/pages\/6"}],"wp:attachment":[{"href":"https:\/\/steelstorm.standardof.net\/pt\/wp-json\/wp\/v2\/media?parent=32"}],"curies":[{"name":"wp","href":"https:\/\/api.w.org\/{rel}","templated":true}]}}