{"id":296,"date":"2020-10-17T14:50:20","date_gmt":"2020-10-17T14:50:20","guid":{"rendered":"https:\/\/steelstorm.standardof.net\/?page_id=296"},"modified":"2020-10-17T14:50:20","modified_gmt":"2020-10-17T14:50:20","slug":"burning-retribution-the-network","status":"publish","type":"page","link":"https:\/\/steelstorm.standardof.net\/pt\/guide\/passo-a-passo-de-nivel-2\/queima-retribuicao-a-rede\/","title":{"rendered":"Retribui\u00e7\u00e3o ardente: a rede"},"content":{"rendered":"<p>Na miss\u00e3o Frostlock - The Network, tendo se infiltrado na rede de cavernas profundas, voc\u00ea agora entra na \u00e1rea de armazenamento do mainframe do inimigo, onde voc\u00ea ter\u00e1 que coletar um conjunto de 4 chaves para ter acesso total para desativar o sistema de resfriamento para destru\u00ed-lo. Enquanto voc\u00ea est\u00e1 dentro deste complexo, voc\u00ea tamb\u00e9m tem a tarefa de pegar uma arma experimental.<\/p>\n\n\n\n<div style=\"height:20px\" aria-hidden=\"true\" class=\"wp-block-spacer\"><\/div>\n\n\n\n<div class=\"gb-container gb-container-ae025cb2\"><div class=\"gb-inside-container\">\n<h2 class=\"has-text-align-center wp-block-heading\">Mapa e Objetivos<\/h2>\n\n\n\n<div class=\"wp-block-image is-style-default\"><figure class=\"aligncenter size-full is-resized\"><a href=\"https:\/\/steelstorm.standardof.net\/pt\/steel-storm-burning-retribution-the-network\/\"><img decoding=\"async\" src=\"https:\/\/steelstorm.standardof.net\/wp-content\/uploads\/sites\/3\/2020\/10\/Steel-Storm-Burning-Retribution-The-Network.jpg\" alt=\"\" class=\"wp-image-278\" width=\"654\" height=\"505\" title=\"\" srcset=\"https:\/\/steelstorm.standardof.net\/wp-content\/uploads\/sites\/3\/2020\/10\/Steel-Storm-Burning-Retribution-The-Network.jpg 872w, https:\/\/steelstorm.standardof.net\/wp-content\/uploads\/sites\/3\/2020\/10\/Steel-Storm-Burning-Retribution-The-Network-300x232.jpg 300w, https:\/\/steelstorm.standardof.net\/wp-content\/uploads\/sites\/3\/2020\/10\/Steel-Storm-Burning-Retribution-The-Network-768x593.jpg 768w, https:\/\/steelstorm.standardof.net\/wp-content\/uploads\/sites\/3\/2020\/10\/Steel-Storm-Burning-Retribution-The-Network-16x12.jpg 16w\" sizes=\"(max-width: 654px) 100vw, 654px\" \/><\/a><\/figure><\/div>\n\n\n\n<h3 class=\"has-text-align-center wp-block-heading\">- Objetivos prim\u00e1rios -<\/h3>\n\n\n\n<p class=\"has-text-align-center\">Desative o sistema de resfriamento do mainframe.<\/p>\n\n\n\n<h4 class=\"has-text-align-center wp-block-heading\">- Objetivos secund\u00e1rios -<\/h4>\n\n\n\n<p class=\"has-text-align-center\">Fuja com a arma n\u00e3o identificada.<\/p>\n<\/div><\/div>\n\n\n\n<div style=\"height:20px\" aria-hidden=\"true\" class=\"wp-block-spacer\"><\/div>\n\n\n\n<div class=\"gb-container gb-container-686af150\"><div class=\"gb-inside-container\">\n<h2 class=\"has-text-align-center wp-block-heading\">Progress\u00e3o de n\u00edvel e dicas:<\/h2>\n\n\n\n<p>A primeira observa\u00e7\u00e3o importante a ser mencionada \u00e9 que existem outras rotas em potencial com as quais esta miss\u00e3o pode ser realizada com a mesma efici\u00eancia ou mais; no entanto, a rota descrita aqui foi considerada administr\u00e1vel, considerando os \u00e2ngulos pelos quais voc\u00ea se aproxima de certos inimigos. Al\u00e9m disso, embora este n\u00edvel seja direto e relativamente simples, \u00e9 complicado por espa\u00e7os apertados que tornam as coisas muito mais mortais.<\/p>\n\n\n\n<p>Voc\u00ea come\u00e7a pr\u00f3ximo ao painel de sa\u00edda no ponto <strong>UMA <\/strong>e deve come\u00e7ar a se dirigir ao ponto B ao longo do caminho vermelho ap\u00f3s pegar o escudo pr\u00f3ximo. N\u00e3o tome a outra dire\u00e7\u00e3o atrav\u00e9s dos corredores, pois isso pode fazer voc\u00ea morrer agora. Ponto de alcance <strong>B<\/strong>far\u00e1 com que voc\u00ea encontre um Heavy Beam Turret e um par de Light Plasma Turrets guardando o primeiro keycard vermelho. Retire-os, usando os obst\u00e1culos de concreto para aproximar a torre de viga contra o lado direito do corredor. Assim que eles forem derrubados, esteja preparado para uma emboscada de tanques ao cruzar o cruzamento \u00e0 frente.<\/p>\n\n\n\n<p>Comece fazendo o seu caminho para apontar <strong>C<\/strong> enquanto toma nota de dois perigos espec\u00edficos. Antes de chegar a C, quando voc\u00ea encontrar a sala com quatro pilares vermelhos e o l\u00edquido refrigerante fluindo livremente abaixo do ch\u00e3o, haver\u00e1 uma Torre Pesada \u00e0 direita quando voc\u00ea entrar, o que pode ser uma surpresa se voc\u00ea estiver acelerando. Use um tiro em \u00e2ngulo do canto da entrada para tir\u00e1-lo sem se expor ao fogo. Sua segunda amea\u00e7a significativa \u00e9 al\u00e9m desta sala, logo antes de voc\u00ea atingir a curva do corredor em um ponto <strong>C<\/strong>que ir\u00e1 gerar uma Torre de Reparo por alguns inimigos provavelmente destru\u00eddos anteriormente. Retire rapidamente para evitar dores de cabe\u00e7a.<\/p>\n\n\n\n<p>Embora tecnicamente voc\u00ea possa desativar os ventiladores com um gatilho no ponto <strong>E<\/strong>, contanto que voc\u00ea tenha uma quantidade decente de sa\u00fade, voc\u00ea pode parar as l\u00e2minas dos ventiladores em ambos os lados do cart\u00e3o-chave no ponto <strong>D<\/strong>com levar apenas danos leves. Seguir o caminho alternativo para chegar primeiro a este bloco pode ser mais perigoso, entretanto, dado o \u00e2ngulo, voc\u00ea ter\u00e1 que se aproximar de algumas torres ao longo do caminho. Uma vez que esta segunda placa \u00e9 sua, tome cuidado com as duas torres de plasma leves diretamente do outro lado da segunda ventoinha, usando seu Shockwave \u00e0 medida que voc\u00ea deixa o espa\u00e7o entre as duas ventoinhas para evitar que eles atiram seu tanque para cima.<\/p>\n\n\n\n<p>Ao virar a pr\u00f3xima esquina, tome cuidado, pois h\u00e1 dois esquadr\u00f5es de emboscada que aparecem junto com uma Torre de Feixe Pesado atirando em voc\u00ea do outro lado do corredor. O primeiro esquadr\u00e3o contendo 2 tanques leves e um tanque rel\u00e2mpago surge ao passar pelo conjunto de luzes brancas em cada lado do corredor. Wave #2 s\u00e3o 3 tanques m\u00e9dios que aparecem quando voc\u00ea toca no quadrado onde a torre de feixe pesado estava. Ambos devem ser tratados com uma revers\u00e3o r\u00e1pida e gatilho do Shockwave no momento em que voc\u00ea os v\u00ea surgindo. Lidar com isso permite que voc\u00ea fa\u00e7a seu caminho para apontar <strong>E<\/strong>onde voc\u00ea encontrar\u00e1 um Rocket Turret apoiado por um Repair Turret. Tente prever a localiza\u00e7\u00e3o das torres de reparo de seu feixe e acerte-as do corredor, fora da tela, antes de entrar totalmente na sala para economizar alguns pontos de vida.<\/p>\n\n\n\n<p>Seu pr\u00f3ximo obst\u00e1culo depois de pegar o terceiro cart\u00e3o-chave ser\u00e1 enfrentar um grupo de torres apoiadas por uma Torre de Reparo, que \u00e9 a principal raz\u00e3o pela qual mencionei se aproximar da dire\u00e7\u00e3o desenhada no mapa \u00e0 direita. A primeira torre neste local, aponta <strong>F<\/strong>, que voc\u00ea ver\u00e1 que \u00e9 a Torre do Foguete no centro deste grupo, na qual a Torre de Reparo que voc\u00ea precisa focar est\u00e1 \u00e0 sua direita ao enfrentar ambos. Corra rapidamente para a Torre do Foguete e acione seu Shockwave logo antes de seus foguetes atingirem voc\u00ea para que voem de volta para ela, usando (espero que voc\u00ea o tenha) seu Canh\u00e3o de Feixe para derrubar a Torre de Reparo ou apenas mergulhando-a com quaisquer foguetes que voc\u00ea pode ter, atordoado com o Thunderbolt, etc. Pegue o cart\u00e3o-chave final, uma vez que voc\u00ea apagou as torres restantes que n\u00e3o v\u00e3o voltar agora.<\/p>\n\n\n\n<p>Agora, com todos os quatro cart\u00f5es-chave, \u00e9 hora de recuperar a arma experimental que s\u00e3o os m\u00edsseis de homing do ponto G. Voc\u00ea ter\u00e1 que enfrentar outro trio de torres (2 feixes e 1 foguete) que ser\u00e1 apoiado por uma torre de reparo que est\u00e1 surgindo sobre a torre do foguete destrui\u00e7\u00e3o. Retire a Torre do Foguete de longe com uma arma normal e, em seguida, ap\u00f3s o surgimento da Torre de Reparo e subsequente revivifica\u00e7\u00e3o da Torre do Foguete, use o m\u00e9todo dash e Shockwave que voc\u00ea usou anteriormente no grupo em quest\u00e3o <strong>F<\/strong>. H\u00e1 uma torre de feixe final do M\u00edssil Homing que voc\u00ea precisa coletar, que pode ser destru\u00edda e aproximada o suficiente para atordoar sem atirar em voc\u00ea, se voc\u00ea tiver cuidado com qual dos cont\u00eaineres est\u00e1 bloqueando o caminho que voc\u00ea tira. Voc\u00ea realmente j\u00e1 deveria t\u00ea-lo, o Shockwave tamb\u00e9m est\u00e1 pr\u00f3ximo ao M\u00edssil Homing, mas s\u00e9rio, boa sorte em chegar at\u00e9 aqui sem ter recuperado das miss\u00f5es anteriores.<\/p>\n\n\n\n<p><strong>Nota:<\/strong>Se voc\u00ea est\u00e1 morrendo muito e prefere jogar pelo seguro, deixe o M\u00edssil Homing aqui at\u00e9 terminar o objetivo principal para evitar perd\u00ea-lo na morte e ter que reiniciar o n\u00edvel ou falhar em seu objetivo secund\u00e1rio.<\/p>\n\n\n\n<p>Se voc\u00ea tiver o Homing Missile, poder\u00e1 viajar ao longo do caminho azul em dire\u00e7\u00e3o ao seu objetivo final no ponto H. Assim que chegar ao n\u00edvel superior, voc\u00ea ter\u00e1 que lidar com alguns feixes e torres de foguete que voc\u00ea deve limpar antes de cortar os pain\u00e9is aqui. Cuidado com uma emboscada, pois quando voc\u00ea destruir duas das quatro torres de feixe (especificamente uma do par superior e uma do par inferior), haver\u00e1 um \u00fanico tanque Minigun Pesado que surge pr\u00f3ximo ao par de torres ao sul e perto do um painel longe dos outros tr\u00eas. Depois de lidar com esses hostis, voc\u00ea est\u00e1 livre para usar todos os quatro cart\u00f5es-chave nos quatro pain\u00e9is aqui, que ir\u00e3o completar o seu objetivo principal e permitir que voc\u00ea saia da Rede em Steel Storm atrav\u00e9s da almofada de sa\u00edda no ponto <strong>UMA<\/strong>.<\/p>\n<\/div><\/div>\n\n\n\n<div style=\"height:20px\" aria-hidden=\"true\" class=\"wp-block-spacer\"><\/div>\n\n\n\n<h3 class=\"has-text-align-center wp-block-heading\">Frostlock - The Network Video Walkthrough<\/h3>\n\n\n\n<figure class=\"wp-block-embed-youtube wp-block-embed is-type-video is-provider-youtube wp-embed-aspect-4-3 wp-has-aspect-ratio\"><div class=\"wp-block-embed__wrapper\">\n<div class=\"ast-oembed-container\" style=\"height: 100%;\"><iframe title=\"Ch2-L4 Frostlock - The Network: Steel Storm - Epis\u00f3dio 2\" width=\"500\" height=\"375\" src=\"https:\/\/www.youtube.com\/embed\/qfi24ZrjSH0?feature=oembed\" frameborder=\"0\" allow=\"accelerometer; autoplay; clipboard-write; encrypted-media; gyroscope; picture-in-picture; web-share\" referrerpolicy=\"strict-origin-when-cross-origin\" allowfullscreen><\/iframe><\/div>\n<\/div><\/figure>","protected":false},"excerpt":{"rendered":"<p>In the mission Frostlock \u2013 The Network, having infiltrated the deep cave network, you now enter the enemy\u2019s mainframe storage area which you will have to collect a set of 4 keys in order to fully access to disable the cooling system in order to destroy it. While you are within this complex you are [&hellip;]<\/p>","protected":false},"author":1,"featured_media":54,"parent":173,"menu_order":0,"comment_status":"open","ping_status":"closed","template":"","meta":{"_uag_custom_page_level_css":"","site-sidebar-layout":"default","site-content-layout":"default","ast-site-content-layout":"","site-content-style":"default","site-sidebar-style":"default","ast-global-header-display":"","ast-banner-title-visibility":"","ast-main-header-display":"","ast-hfb-above-header-display":"","ast-hfb-below-header-display":"","ast-hfb-mobile-header-display":"","site-post-title":"","ast-breadcrumbs-content":"","ast-featured-img":"","footer-sml-layout":"","theme-transparent-header-meta":"default","adv-header-id-meta":"","stick-header-meta":"","header-above-stick-meta":"","header-main-stick-meta":"","header-below-stick-meta":"","astra-migrate-meta-layouts":"default","ast-page-background-enabled":"default","ast-page-background-meta":{"desktop":{"background-color":"","background-image":"","background-repeat":"repeat","background-position":"center center","background-size":"auto","background-attachment":"scroll","background-type":"","background-media":"","overlay-type":"","overlay-color":"","overlay-gradient":""},"tablet":{"background-color":"","background-image":"","background-repeat":"repeat","background-position":"center center","background-size":"auto","background-attachment":"scroll","background-type":"","background-media":"","overlay-type":"","overlay-color":"","overlay-gradient":""},"mobile":{"background-color":"","background-image":"","background-repeat":"repeat","background-position":"center center","background-size":"auto","background-attachment":"scroll","background-type":"","background-media":"","overlay-type":"","overlay-color":"","overlay-gradient":""}},"ast-content-background-meta":{"desktop":{"background-color":"var(--ast-global-color-5)","background-image":"","background-repeat":"repeat","background-position":"center center","background-size":"auto","background-attachment":"scroll","background-type":"","background-media":"","overlay-type":"","overlay-color":"","overlay-gradient":""},"tablet":{"background-color":"var(--ast-global-color-5)","background-image":"","background-repeat":"repeat","background-position":"center center","background-size":"auto","background-attachment":"scroll","background-type":"","background-media":"","overlay-type":"","overlay-color":"","overlay-gradient":""},"mobile":{"background-color":"var(--ast-global-color-5)","background-image":"","background-repeat":"repeat","background-position":"center center","background-size":"auto","background-attachment":"scroll","background-type":"","background-media":"","overlay-type":"","overlay-color":"","overlay-gradient":""}},"footnotes":""},"uagb_featured_image_src":{"full":["https:\/\/steelstorm.standardof.net\/wp-content\/uploads\/sites\/3\/2020\/10\/MnEdR-1.jpg",1200,750,false],"thumbnail":["https:\/\/steelstorm.standardof.net\/wp-content\/uploads\/sites\/3\/2020\/10\/MnEdR-1-150x150.jpg",150,150,true],"medium":["https:\/\/steelstorm.standardof.net\/wp-content\/uploads\/sites\/3\/2020\/10\/MnEdR-1-300x188.jpg",300,188,true],"medium_large":["https:\/\/steelstorm.standardof.net\/wp-content\/uploads\/sites\/3\/2020\/10\/MnEdR-1-768x480.jpg",768,480,true],"large":["https:\/\/steelstorm.standardof.net\/wp-content\/uploads\/sites\/3\/2020\/10\/MnEdR-1-1024x640.jpg",1024,640,true],"1536x1536":["https:\/\/steelstorm.standardof.net\/wp-content\/uploads\/sites\/3\/2020\/10\/MnEdR-1.jpg",1200,750,false],"2048x2048":["https:\/\/steelstorm.standardof.net\/wp-content\/uploads\/sites\/3\/2020\/10\/MnEdR-1.jpg",1200,750,false],"trp-custom-language-flag":["https:\/\/steelstorm.standardof.net\/wp-content\/uploads\/sites\/3\/2020\/10\/MnEdR-1.jpg",18,12,false]},"uagb_author_info":{"display_name":"SOE","author_link":"https:\/\/steelstorm.standardof.net\/pt\/author\/k-tastic\/"},"uagb_comment_info":0,"uagb_excerpt":"In the mission Frostlock \u2013 The Network, having infiltrated the deep cave network, you now enter the enemy\u2019s mainframe storage area which you will have to collect a set of 4 keys in order to fully access to disable the cooling system in order to destroy it. While you are within this complex you are&hellip;","_links":{"self":[{"href":"https:\/\/steelstorm.standardof.net\/pt\/wp-json\/wp\/v2\/pages\/296"}],"collection":[{"href":"https:\/\/steelstorm.standardof.net\/pt\/wp-json\/wp\/v2\/pages"}],"about":[{"href":"https:\/\/steelstorm.standardof.net\/pt\/wp-json\/wp\/v2\/types\/page"}],"author":[{"embeddable":true,"href":"https:\/\/steelstorm.standardof.net\/pt\/wp-json\/wp\/v2\/users\/1"}],"replies":[{"embeddable":true,"href":"https:\/\/steelstorm.standardof.net\/pt\/wp-json\/wp\/v2\/comments?post=296"}],"version-history":[{"count":0,"href":"https:\/\/steelstorm.standardof.net\/pt\/wp-json\/wp\/v2\/pages\/296\/revisions"}],"up":[{"embeddable":true,"href":"https:\/\/steelstorm.standardof.net\/pt\/wp-json\/wp\/v2\/pages\/173"}],"wp:featuredmedia":[{"embeddable":true,"href":"https:\/\/steelstorm.standardof.net\/pt\/wp-json\/wp\/v2\/media\/54"}],"wp:attachment":[{"href":"https:\/\/steelstorm.standardof.net\/pt\/wp-json\/wp\/v2\/media?parent=296"}],"curies":[{"name":"wp","href":"https:\/\/api.w.org\/{rel}","templated":true}]}}