{"id":295,"date":"2020-10-17T14:52:28","date_gmt":"2020-10-17T14:52:28","guid":{"rendered":"https:\/\/steelstorm.standardof.net\/?page_id=295"},"modified":"2022-10-31T08:17:37","modified_gmt":"2022-10-31T08:17:37","slug":"burning-retribution-plaza-of-doom","status":"publish","type":"page","link":"https:\/\/steelstorm.standardof.net\/pt\/guide\/passo-a-passo-de-nivel-2\/queima-retribuicao-praca-da-desgraca\/","title":{"rendered":"Retribui\u00e7\u00e3o Ardente: Pra\u00e7a da Perdi\u00e7\u00e3o"},"content":{"rendered":"<p>Depois de deixar o n\u00edvel anterior, voc\u00ea \u00e9 transportado para um hangar alien\u00edgena desconhecido em um local estranho. A Intel sugere que o inimigo implantou um grande ve\u00edculo conhecido como Carrier. Prepare-se para sua primeira luta com um chefe em Steel Storm Burning Retribution.<\/p>\n\n\n\n<div style=\"height:20px\" aria-hidden=\"true\" class=\"wp-block-spacer\"><\/div>\n\n\n<div class=\"gb-container gb-container-ae025cb2\"><div class=\"gb-inside-container\">\n\n<h2 class=\"has-text-align-center wp-block-heading\">Mapa e Objetivos<\/h2>\n\n\n\n<div class=\"wp-block-image is-style-default\"><figure class=\"aligncenter size-full is-resized\"><a href=\"https:\/\/steelstorm.standardof.net\/pt\/steel-storm-burning-retribution-plaza-of-doom-1\/\"><img decoding=\"async\" src=\"https:\/\/steelstorm.standardof.net\/wp-content\/uploads\/sites\/3\/2020\/10\/Steel-Storm-Burning-Retribution-Plaza-of-Doom-1.jpg\" alt=\"\" class=\"wp-image-272\" width=\"649\" height=\"503\" title=\"\" srcset=\"https:\/\/steelstorm.standardof.net\/wp-content\/uploads\/sites\/3\/2020\/10\/Steel-Storm-Burning-Retribution-Plaza-of-Doom-1.jpg 865w, https:\/\/steelstorm.standardof.net\/wp-content\/uploads\/sites\/3\/2020\/10\/Steel-Storm-Burning-Retribution-Plaza-of-Doom-1-300x232.jpg 300w, https:\/\/steelstorm.standardof.net\/wp-content\/uploads\/sites\/3\/2020\/10\/Steel-Storm-Burning-Retribution-Plaza-of-Doom-1-768x595.jpg 768w, https:\/\/steelstorm.standardof.net\/wp-content\/uploads\/sites\/3\/2020\/10\/Steel-Storm-Burning-Retribution-Plaza-of-Doom-1-16x12.jpg 16w\" sizes=\"(max-width: 649px) 100vw, 649px\" \/><\/a><\/figure><\/div>\n\n\n\n<h3 class=\"has-text-align-center wp-block-heading\">- Objetivos prim\u00e1rios -<\/h3>\n\n\n\n<p class=\"has-text-align-center\">Recupere dados do Mainframe<br>Destrua a transportadora<\/p>\n\n<\/div><\/div>\n\n\n<div style=\"height:20px\" aria-hidden=\"true\" class=\"wp-block-spacer\"><\/div>\n\n\n<div class=\"gb-container gb-container-686af150\"><div class=\"gb-inside-container\">\n\n<h2 class=\"has-text-align-center wp-block-heading\">Progress\u00e3o de n\u00edvel e dicas:<\/h2>\n\n\n\n<p>Esta miss\u00e3o gira em torno de sua luta contra a Carrier, com poucas tarefas reais a cumprir, embora essa luta n\u00e3o seja uma piada. Em primeiro lugar, ajuda imensamente come\u00e7ar este n\u00edvel com o Canh\u00e3o de Feixe junto com o M\u00edssil Homing da Rede, j\u00e1 que suas habilidades \u00fanicas ser\u00e3o quase necess\u00e1rias aqui. Obtenha uma orienta\u00e7\u00e3o do n\u00edvel sabendo que o Carrier ficar\u00e1 principalmente na \u00e1rea central, embora unidades menores lan\u00e7adas pelo Carrier junto com spawns de tanques complicem as coisas.<\/p>\n\n\n\n<p>Inicialmente n\u00e3o h\u00e1 inimigos no mapa e sua primeira tarefa ser\u00e1 viajar at\u00e9 o ponto A para tentar acessar o painel de controle l\u00e1. Assim que voc\u00ea se aproximar, um campo de for\u00e7a ser\u00e1 ativado e o Carrier aparecer\u00e1 no centro, iniciando seu ataque.<\/p>\n\n\n\n<p>O pr\u00f3prio Carrier n\u00e3o est\u00e1 exatamente armado, contando, em vez disso, com um fluxo constante de unidades flutuantes que se lan\u00e7am de seus lados traseiros. Essas unidades flutuantes s\u00f3 podem ser atingidas por seu Shockwave ou, mais importante, seus m\u00edsseis de orienta\u00e7\u00e3o, que podem se curvar no ar e derrub\u00e1-los. Essas unidades v\u00e3o disparar seus pr\u00f3prios m\u00edsseis contra voc\u00ea que t\u00eam capacidade de direcionamento de luz, mas podem ser facilmente esquivados ou repelidos com um Shockwave. Al\u00e9m de suas unidades lan\u00e7adas, o Carrier tem uma onda de choque que dispara de vez em quando, repelindo alguns de seus tiros, junto com um feixe de torre de reparo preso ao seu nariz, permitindo que ele ressuscite continuamente outros inimigos ca\u00eddos. Ao atirar no Carrier diretamente, mude de Homing Missiles para Beam Cannon para danos altos que n\u00e3o podem ser repelidos.<\/p>\n\n\n\n<p>Durante a luta, conforme voc\u00ea come\u00e7a a causar s\u00e9rios danos ao Carrier, v\u00e1rios grupos de tanques inimigos come\u00e7ar\u00e3o a surgir continuamente na pra\u00e7a ao redor da posi\u00e7\u00e3o inicial do Carrier. Quando eles sa\u00edrem, voc\u00ea pode tir\u00e1-los do Transportador para os v\u00e1rios corredores para gerenciar a quantidade de alvos que voc\u00ea tem que lidar de uma vez.<\/p>\n\n\n\n<p>Alguns dos v\u00e1rios pontos no topo do mapa s\u00e3o marcados para descrever quais pickups eles cont\u00eam, que ser\u00e3o listados da seguinte forma: (alguns podem estar em cont\u00eaineres)<\/p>\n\n\n\n<ul><li>Ponto 1: Vida Extra e 2 Placas de Armadura<\/li><li>Ponto 2: Escudo e 2 Placas de Armadura<\/li><li>Ponto 3: 1 armadura completa<\/li><li>Ponto 4: 2 escudos<\/li><li>Ponto C: 10 placas de armadura, raio e escudo de tempestade<\/li><li>Ponto A: 4 Placas de Armadura no corredor.<\/li><li>Ponto E: 4 Escudos, 4 Armaduras Completas, 1 Placa de Armadura, Propaga\u00e7\u00e3o de Tempestade, Canh\u00e3o de Flak, Canh\u00e3o de Raio, M\u00edssil de Homing (Esses itens surgem em dois grupos acionados pela intensidade de dano do Portador.)<\/li><li>Ponto de Spawn: 4 Escudos, 3 Placas de Armadura, Foguete, MIRV, Armadura Completa (novamente, alguns desses itens s\u00f3 aparecem depois que o Portador sofreu um dano significativo)<\/li><\/ul>\n\n\n\n<p>Retorne a esses pontos conforme voc\u00ea precisa dos pickups que eles oferecem e continue a brigar com a Transportadora seguindo as estrat\u00e9gias mencionadas acima. Depois de derrubar a besta, voc\u00ea pode limpar os spawns restantes, que ir\u00e3o parar de vir neste ponto antes de embrulhar as coisas aqui. Com a costa limpa, agora voc\u00ea pode acessar o painel de controle no ponto A para ter todos os seus objetivos prim\u00e1rios satisfeitos antes de poder deixar a miss\u00e3o atrav\u00e9s do teclado de sa\u00edda no ponto C. Com isso, voc\u00ea completou o segundo cap\u00edtulo do Epis\u00f3dio 2 em Retribui\u00e7\u00e3o ardente da tempestade de a\u00e7o.<\/p>\n\n\n\n<figure class=\"wp-block-gallery has-nested-images columns-default is-cropped wp-block-gallery-1 is-layout-flex wp-block-gallery-is-layout-flex\">\n<figure class=\"wp-block-image size-large\"><a href=\"https:\/\/steelstorm.standardof.net\/wp-content\/uploads\/sites\/3\/2020\/10\/Steel-Storm-Burning-Retribution-Plaza-of-Doom-2.jpg\"><img decoding=\"async\" width=\"960\" height=\"720\" src=\"https:\/\/steelstorm.standardof.net\/wp-content\/uploads\/sites\/3\/2020\/10\/Steel-Storm-Burning-Retribution-Plaza-of-Doom-2.jpg\" alt=\"\" class=\"wp-image-273\" title=\"\" srcset=\"https:\/\/steelstorm.standardof.net\/wp-content\/uploads\/sites\/3\/2020\/10\/Steel-Storm-Burning-Retribution-Plaza-of-Doom-2.jpg 960w, https:\/\/steelstorm.standardof.net\/wp-content\/uploads\/sites\/3\/2020\/10\/Steel-Storm-Burning-Retribution-Plaza-of-Doom-2-300x225.jpg 300w, https:\/\/steelstorm.standardof.net\/wp-content\/uploads\/sites\/3\/2020\/10\/Steel-Storm-Burning-Retribution-Plaza-of-Doom-2-768x576.jpg 768w, https:\/\/steelstorm.standardof.net\/wp-content\/uploads\/sites\/3\/2020\/10\/Steel-Storm-Burning-Retribution-Plaza-of-Doom-2-16x12.jpg 16w\" sizes=\"(max-width: 960px) 100vw, 960px\" \/><\/a><\/figure>\n\n\n\n<figure class=\"wp-block-image size-large\"><a href=\"https:\/\/steelstorm.standardof.net\/wp-content\/uploads\/sites\/3\/2020\/10\/Steel-Storm-Burning-Retribution-Plaza-of-Doom-6.jpg\"><img decoding=\"async\" width=\"960\" height=\"720\" src=\"https:\/\/steelstorm.standardof.net\/wp-content\/uploads\/sites\/3\/2020\/10\/Steel-Storm-Burning-Retribution-Plaza-of-Doom-6.jpg\" alt=\"\" class=\"wp-image-277\" title=\"\" srcset=\"https:\/\/steelstorm.standardof.net\/wp-content\/uploads\/sites\/3\/2020\/10\/Steel-Storm-Burning-Retribution-Plaza-of-Doom-6.jpg 960w, https:\/\/steelstorm.standardof.net\/wp-content\/uploads\/sites\/3\/2020\/10\/Steel-Storm-Burning-Retribution-Plaza-of-Doom-6-300x225.jpg 300w, https:\/\/steelstorm.standardof.net\/wp-content\/uploads\/sites\/3\/2020\/10\/Steel-Storm-Burning-Retribution-Plaza-of-Doom-6-768x576.jpg 768w, https:\/\/steelstorm.standardof.net\/wp-content\/uploads\/sites\/3\/2020\/10\/Steel-Storm-Burning-Retribution-Plaza-of-Doom-6-16x12.jpg 16w\" sizes=\"(max-width: 960px) 100vw, 960px\" \/><\/a><\/figure>\n\n\n\n<figure class=\"wp-block-image size-large\"><a href=\"https:\/\/steelstorm.standardof.net\/wp-content\/uploads\/sites\/3\/2020\/10\/Steel-Storm-Burning-Retribution-Plaza-of-Doom-5.jpg\"><img decoding=\"async\" width=\"960\" height=\"720\" src=\"https:\/\/steelstorm.standardof.net\/wp-content\/uploads\/sites\/3\/2020\/10\/Steel-Storm-Burning-Retribution-Plaza-of-Doom-5.jpg\" alt=\"\" class=\"wp-image-276\" title=\"\" srcset=\"https:\/\/steelstorm.standardof.net\/wp-content\/uploads\/sites\/3\/2020\/10\/Steel-Storm-Burning-Retribution-Plaza-of-Doom-5.jpg 960w, https:\/\/steelstorm.standardof.net\/wp-content\/uploads\/sites\/3\/2020\/10\/Steel-Storm-Burning-Retribution-Plaza-of-Doom-5-300x225.jpg 300w, https:\/\/steelstorm.standardof.net\/wp-content\/uploads\/sites\/3\/2020\/10\/Steel-Storm-Burning-Retribution-Plaza-of-Doom-5-768x576.jpg 768w, https:\/\/steelstorm.standardof.net\/wp-content\/uploads\/sites\/3\/2020\/10\/Steel-Storm-Burning-Retribution-Plaza-of-Doom-5-16x12.jpg 16w\" sizes=\"(max-width: 960px) 100vw, 960px\" \/><\/a><\/figure>\n\n\n\n<figure class=\"wp-block-image size-large\"><a href=\"https:\/\/steelstorm.standardof.net\/wp-content\/uploads\/sites\/3\/2020\/10\/Steel-Storm-Burning-Retribution-Plaza-of-Doom-3.jpg\"><img decoding=\"async\" width=\"960\" height=\"720\" src=\"https:\/\/steelstorm.standardof.net\/wp-content\/uploads\/sites\/3\/2020\/10\/Steel-Storm-Burning-Retribution-Plaza-of-Doom-3.jpg\" alt=\"\" class=\"wp-image-274\" title=\"\" srcset=\"https:\/\/steelstorm.standardof.net\/wp-content\/uploads\/sites\/3\/2020\/10\/Steel-Storm-Burning-Retribution-Plaza-of-Doom-3.jpg 960w, https:\/\/steelstorm.standardof.net\/wp-content\/uploads\/sites\/3\/2020\/10\/Steel-Storm-Burning-Retribution-Plaza-of-Doom-3-300x225.jpg 300w, https:\/\/steelstorm.standardof.net\/wp-content\/uploads\/sites\/3\/2020\/10\/Steel-Storm-Burning-Retribution-Plaza-of-Doom-3-768x576.jpg 768w, https:\/\/steelstorm.standardof.net\/wp-content\/uploads\/sites\/3\/2020\/10\/Steel-Storm-Burning-Retribution-Plaza-of-Doom-3-16x12.jpg 16w\" sizes=\"(max-width: 960px) 100vw, 960px\" \/><\/a><\/figure>\n\n\n\n<figure class=\"wp-block-image size-large\"><a href=\"https:\/\/steelstorm.standardof.net\/wp-content\/uploads\/sites\/3\/2020\/10\/Steel-Storm-Burning-Retribution-Plaza-of-Doom-4.jpg\"><img decoding=\"async\" width=\"960\" height=\"720\" src=\"https:\/\/steelstorm.standardof.net\/wp-content\/uploads\/sites\/3\/2020\/10\/Steel-Storm-Burning-Retribution-Plaza-of-Doom-4.jpg\" alt=\"\" class=\"wp-image-275\" title=\"\" srcset=\"https:\/\/steelstorm.standardof.net\/wp-content\/uploads\/sites\/3\/2020\/10\/Steel-Storm-Burning-Retribution-Plaza-of-Doom-4.jpg 960w, https:\/\/steelstorm.standardof.net\/wp-content\/uploads\/sites\/3\/2020\/10\/Steel-Storm-Burning-Retribution-Plaza-of-Doom-4-300x225.jpg 300w, https:\/\/steelstorm.standardof.net\/wp-content\/uploads\/sites\/3\/2020\/10\/Steel-Storm-Burning-Retribution-Plaza-of-Doom-4-768x576.jpg 768w, https:\/\/steelstorm.standardof.net\/wp-content\/uploads\/sites\/3\/2020\/10\/Steel-Storm-Burning-Retribution-Plaza-of-Doom-4-16x12.jpg 16w\" sizes=\"(max-width: 960px) 100vw, 960px\" \/><\/a><\/figure>\n<\/figure>\n\n<\/div><\/div>\n\n\n<div style=\"height:20px\" aria-hidden=\"true\" class=\"wp-block-spacer\"><\/div>\n\n\n\n<h3 class=\"has-text-align-center wp-block-heading\">Crossing of Faith - Passo a passo em v\u00eddeo do Plaza of Doom<\/h3>\n\n\n\n<figure class=\"wp-block-embed is-type-video is-provider-youtube wp-block-embed-youtube wp-embed-aspect-4-3 wp-has-aspect-ratio\"><div class=\"wp-block-embed__wrapper\">\n<div class=\"ast-oembed-container\" style=\"height: 100%;\"><iframe title=\"Ch2-L5 Crossing of Faith - Plaza of Doom: Steel Storm - Epis\u00f3dio 2\" width=\"500\" height=\"375\" src=\"https:\/\/www.youtube.com\/embed\/5vj5L4HA6q8?feature=oembed\" frameborder=\"0\" allow=\"accelerometer; autoplay; clipboard-write; encrypted-media; gyroscope; picture-in-picture; web-share\" referrerpolicy=\"strict-origin-when-cross-origin\" allowfullscreen><\/iframe><\/div>\n<\/div><\/figure>","protected":false},"excerpt":{"rendered":"<p>After leaving the previous level you are transported to an unknown alien hangar in a strange location. Intel suggests that the enemy has deployed a large vehicle known as the Carrier. Get ready for your first boss fight in Steel Storm Burning Retribution. Map and Objectives &#8211; Primary Objectives &#8211; Retrieve data from the MainframeDestroy [&hellip;]<\/p>","protected":false},"author":1,"featured_media":54,"parent":173,"menu_order":0,"comment_status":"open","ping_status":"closed","template":"","meta":{"_uag_custom_page_level_css":"","site-sidebar-layout":"default","site-content-layout":"default","ast-site-content-layout":"","site-content-style":"default","site-sidebar-style":"default","ast-global-header-display":"","ast-banner-title-visibility":"","ast-main-header-display":"","ast-hfb-above-header-display":"","ast-hfb-below-header-display":"","ast-hfb-mobile-header-display":"","site-post-title":"","ast-breadcrumbs-content":"","ast-featured-img":"","footer-sml-layout":"","theme-transparent-header-meta":"default","adv-header-id-meta":"","stick-header-meta":"","header-above-stick-meta":"","header-main-stick-meta":"","header-below-stick-meta":"","astra-migrate-meta-layouts":"default","ast-page-background-enabled":"default","ast-page-background-meta":{"desktop":{"background-color":"","background-image":"","background-repeat":"repeat","background-position":"center center","background-size":"auto","background-attachment":"scroll","background-type":"","background-media":"","overlay-type":"","overlay-color":"","overlay-gradient":""},"tablet":{"background-color":"","background-image":"","background-repeat":"repeat","background-position":"center center","background-size":"auto","background-attachment":"scroll","background-type":"","background-media":"","overlay-type":"","overlay-color":"","overlay-gradient":""},"mobile":{"background-color":"","background-image":"","background-repeat":"repeat","background-position":"center center","background-size":"auto","background-attachment":"scroll","background-type":"","background-media":"","overlay-type":"","overlay-color":"","overlay-gradient":""}},"ast-content-background-meta":{"desktop":{"background-color":"var(--ast-global-color-5)","background-image":"","background-repeat":"repeat","background-position":"center center","background-size":"auto","background-attachment":"scroll","background-type":"","background-media":"","overlay-type":"","overlay-color":"","overlay-gradient":""},"tablet":{"background-color":"var(--ast-global-color-5)","background-image":"","background-repeat":"repeat","background-position":"center center","background-size":"auto","background-attachment":"scroll","background-type":"","background-media":"","overlay-type":"","overlay-color":"","overlay-gradient":""},"mobile":{"background-color":"var(--ast-global-color-5)","background-image":"","background-repeat":"repeat","background-position":"center center","background-size":"auto","background-attachment":"scroll","background-type":"","background-media":"","overlay-type":"","overlay-color":"","overlay-gradient":""}},"footnotes":""},"uagb_featured_image_src":{"full":["https:\/\/steelstorm.standardof.net\/wp-content\/uploads\/sites\/3\/2020\/10\/MnEdR-1.jpg",1200,750,false],"thumbnail":["https:\/\/steelstorm.standardof.net\/wp-content\/uploads\/sites\/3\/2020\/10\/MnEdR-1-150x150.jpg",150,150,true],"medium":["https:\/\/steelstorm.standardof.net\/wp-content\/uploads\/sites\/3\/2020\/10\/MnEdR-1-300x188.jpg",300,188,true],"medium_large":["https:\/\/steelstorm.standardof.net\/wp-content\/uploads\/sites\/3\/2020\/10\/MnEdR-1-768x480.jpg",768,480,true],"large":["https:\/\/steelstorm.standardof.net\/wp-content\/uploads\/sites\/3\/2020\/10\/MnEdR-1-1024x640.jpg",1024,640,true],"1536x1536":["https:\/\/steelstorm.standardof.net\/wp-content\/uploads\/sites\/3\/2020\/10\/MnEdR-1.jpg",1200,750,false],"2048x2048":["https:\/\/steelstorm.standardof.net\/wp-content\/uploads\/sites\/3\/2020\/10\/MnEdR-1.jpg",1200,750,false],"trp-custom-language-flag":["https:\/\/steelstorm.standardof.net\/wp-content\/uploads\/sites\/3\/2020\/10\/MnEdR-1.jpg",18,12,false]},"uagb_author_info":{"display_name":"SOE","author_link":"https:\/\/steelstorm.standardof.net\/pt\/author\/k-tastic\/"},"uagb_comment_info":0,"uagb_excerpt":"After leaving the previous level you are transported to an unknown alien hangar in a strange location. Intel suggests that the enemy has deployed a large vehicle known as the Carrier. Get ready for your first boss fight in Steel Storm Burning Retribution. Map and Objectives &#8211; Primary Objectives &#8211; Retrieve data from the MainframeDestroy&hellip;","_links":{"self":[{"href":"https:\/\/steelstorm.standardof.net\/pt\/wp-json\/wp\/v2\/pages\/295"}],"collection":[{"href":"https:\/\/steelstorm.standardof.net\/pt\/wp-json\/wp\/v2\/pages"}],"about":[{"href":"https:\/\/steelstorm.standardof.net\/pt\/wp-json\/wp\/v2\/types\/page"}],"author":[{"embeddable":true,"href":"https:\/\/steelstorm.standardof.net\/pt\/wp-json\/wp\/v2\/users\/1"}],"replies":[{"embeddable":true,"href":"https:\/\/steelstorm.standardof.net\/pt\/wp-json\/wp\/v2\/comments?post=295"}],"version-history":[{"count":2,"href":"https:\/\/steelstorm.standardof.net\/pt\/wp-json\/wp\/v2\/pages\/295\/revisions"}],"predecessor-version":[{"id":449,"href":"https:\/\/steelstorm.standardof.net\/pt\/wp-json\/wp\/v2\/pages\/295\/revisions\/449"}],"up":[{"embeddable":true,"href":"https:\/\/steelstorm.standardof.net\/pt\/wp-json\/wp\/v2\/pages\/173"}],"wp:featuredmedia":[{"embeddable":true,"href":"https:\/\/steelstorm.standardof.net\/pt\/wp-json\/wp\/v2\/media\/54"}],"wp:attachment":[{"href":"https:\/\/steelstorm.standardof.net\/pt\/wp-json\/wp\/v2\/media?parent=295"}],"curies":[{"name":"wp","href":"https:\/\/api.w.org\/{rel}","templated":true}]}}