{"id":292,"date":"2020-10-17T14:46:23","date_gmt":"2020-10-17T14:46:23","guid":{"rendered":"https:\/\/steelstorm.standardof.net\/?page_id=292"},"modified":"2022-10-31T08:15:40","modified_gmt":"2022-10-31T08:15:40","slug":"burning-retribution-follow-the-mole","status":"publish","type":"page","link":"https:\/\/steelstorm.standardof.net\/pt\/guide\/passo-a-passo-de-nivel-2\/queima-retribuicao-siga-a-toupeira\/","title":{"rendered":"Retribui\u00e7\u00e3o ardente: siga a toupeira"},"content":{"rendered":"<p>Agora avan\u00e7ando mais profundamente na base, Crushing Shackles - Follow the Mole in Steel Storm Burning Retribution coloca voc\u00ea em par mais uma vez com o tanque aliado, infiltrando-se mais profundamente em uma rede de teletransporte usada para transferir tropas do inimigo.<\/p>\n\n\n\n<div style=\"height:20px\" aria-hidden=\"true\" class=\"wp-block-spacer\"><\/div>\n\n\n<div class=\"gb-container gb-container-ae025cb2\"><div class=\"gb-inside-container\">\n\n<h2 class=\"has-text-align-center wp-block-heading\">Mapa e Objetivos<\/h2>\n\n\n\n<div class=\"wp-block-image is-style-default\"><figure class=\"aligncenter size-full is-resized\"><a href=\"https:\/\/steelstorm.standardof.net\/pt\/steel-storm-burning-retribution-follow-the-mole-1\/\"><img decoding=\"async\" src=\"https:\/\/steelstorm.standardof.net\/wp-content\/uploads\/sites\/3\/2020\/10\/Steel-Storm-Burning-Retribution-Follow-the-Mole-1.jpg\" alt=\"\" class=\"wp-image-263\" width=\"661\" height=\"503\" title=\"\" srcset=\"https:\/\/steelstorm.standardof.net\/wp-content\/uploads\/sites\/3\/2020\/10\/Steel-Storm-Burning-Retribution-Follow-the-Mole-1.jpg 881w, https:\/\/steelstorm.standardof.net\/wp-content\/uploads\/sites\/3\/2020\/10\/Steel-Storm-Burning-Retribution-Follow-the-Mole-1-300x228.jpg 300w, https:\/\/steelstorm.standardof.net\/wp-content\/uploads\/sites\/3\/2020\/10\/Steel-Storm-Burning-Retribution-Follow-the-Mole-1-768x584.jpg 768w, https:\/\/steelstorm.standardof.net\/wp-content\/uploads\/sites\/3\/2020\/10\/Steel-Storm-Burning-Retribution-Follow-the-Mole-1-16x12.jpg 16w\" sizes=\"(max-width: 661px) 100vw, 661px\" \/><\/a><\/figure><\/div>\n\n\n\n<h3 class=\"has-text-align-center wp-block-heading\">- Objetivos prim\u00e1rios -<\/h3>\n\n\n\n<p class=\"has-text-align-center\">Destrua o Incinerador<br>Destrua o Portal<\/p>\n\n<\/div><\/div>\n\n\n<div style=\"height:20px\" aria-hidden=\"true\" class=\"wp-block-spacer\"><\/div>\n\n\n<div class=\"gb-container gb-container-686af150\"><div class=\"gb-inside-container\">\n\n<h2 class=\"has-text-align-center wp-block-heading\">Progress\u00e3o de n\u00edvel e dicas:<\/h2>\n\n\n\n<p>Come\u00e7ando o n\u00edvel, espere que seu tanque aliado fa\u00e7a o seu caminho em dire\u00e7\u00e3o ao primeiro campo de for\u00e7a bloqueando seu caminho no ponto <strong>UMA<\/strong>. Conforme mencionado no briefing da miss\u00e3o, seu tanque aliado tem o poder de desativar a maioria dos campos de for\u00e7a em seu caminho neste n\u00edvel e mant\u00ea-lo vivo, em vez de usar as placas de press\u00e3o para soltar campos se ele morrer, o impedir\u00e1 de lutar contra ondas extras de inimigos desencadeados pelo uso de tais almofadas. Se voc\u00ea est\u00e1 procurando mais destrui\u00e7\u00e3o, no entanto, voc\u00ea ainda pode acionar esses blocos para obter pontos dos inimigos mortos.<\/p>\n\n\n\n<div class=\"wp-block-image\"><figure class=\"aligncenter size-full is-resized\"><a href=\"https:\/\/steelstorm.standardof.net\/wp-content\/uploads\/sites\/3\/2020\/10\/Steel-Storm-Burning-Retribution-Follow-the-Mole-2.jpg\"><img decoding=\"async\" src=\"https:\/\/steelstorm.standardof.net\/wp-content\/uploads\/sites\/3\/2020\/10\/Steel-Storm-Burning-Retribution-Follow-the-Mole-2.jpg\" alt=\"\" class=\"wp-image-264\" width=\"512\" height=\"384\" title=\"\" srcset=\"https:\/\/steelstorm.standardof.net\/wp-content\/uploads\/sites\/3\/2020\/10\/Steel-Storm-Burning-Retribution-Follow-the-Mole-2.jpg 1024w, https:\/\/steelstorm.standardof.net\/wp-content\/uploads\/sites\/3\/2020\/10\/Steel-Storm-Burning-Retribution-Follow-the-Mole-2-300x225.jpg 300w, https:\/\/steelstorm.standardof.net\/wp-content\/uploads\/sites\/3\/2020\/10\/Steel-Storm-Burning-Retribution-Follow-the-Mole-2-768x576.jpg 768w, https:\/\/steelstorm.standardof.net\/wp-content\/uploads\/sites\/3\/2020\/10\/Steel-Storm-Burning-Retribution-Follow-the-Mole-2-16x12.jpg 16w\" sizes=\"(max-width: 512px) 100vw, 512px\" \/><\/a><\/figure><\/div>\n\n\n\n<p>Continue ao longo do caminho verde, protegendo seu tanque aliado para passar pelos pr\u00f3ximos campos de for\u00e7a. Ponto <strong>1<\/strong> significa a localiza\u00e7\u00e3o da op\u00e7\u00e3o alternativa, o campo de for\u00e7a dispara antes de chegar ao ponto <strong>B<\/strong>. No ponto <strong>B<\/strong> voc\u00ea encontrar\u00e1 um gatilho que deve usar para lan\u00e7ar o pr\u00f3ximo campo de for\u00e7a que seu tanque aliado n\u00e3o pode derrubar sozinho, n\u00e3o tirando do canh\u00e3o de feixe ao longo do caminho. No caminho para apontar <strong>2<\/strong> voc\u00ea encontrar\u00e1 um Storm Spread em um dos cont\u00eaineres ao longo do lado direito da parede, antes das torres de resfriamento no ponto <strong>2 <\/strong>em si.<\/p>\n\n\n\n<p>Se o seu tanque aliado morrer antes de voc\u00ea soltar os dois campos no ponto <strong>5<\/strong>, voc\u00ea pode destruir as torres de resfriamento no ponto <strong>2<\/strong> para largar o campo de for\u00e7a pr\u00f3ximo, embora tenha cuidado com um par de tanques de pr\u00f3tons pesados que protegem essas almofadas junto com algumas torres. Usando pad <strong>4<\/strong> elimina o primeiro campo e ir\u00e1 gerar um adicional <strong>3<\/strong> Tanques Rel\u00e2mpago no ponto <strong>5<\/strong> enquanto almofada <strong>3 <\/strong>elimina o campo a leste do primeiro, por\u00e9m sem spawns adicionais.<\/p>\n\n\n\n<p>No ponto <strong>C<\/strong> voc\u00ea encontrar\u00e1 um tanque de pr\u00f3tons pesado que \u00e9 a maior amea\u00e7a \u00e0 destrui\u00e7\u00e3o de seu aliado se ainda estiver vivo. Se voc\u00ea n\u00e3o tiver o tanque aliado, desative o campo bloqueando o teletransportador em <strong>C<\/strong> no final desta luta, voc\u00ea pode usar o pad no ponto <strong>6<\/strong>para largar o mesmo campo, no entanto, gerando um Heavy Minigun Tank pr\u00f3ximo com 2 Lightning Tanks.<\/p>\n\n\n\n<div class=\"wp-block-image\"><figure class=\"aligncenter size-full is-resized\"><a href=\"https:\/\/steelstorm.standardof.net\/wp-content\/uploads\/sites\/3\/2020\/10\/Steel-Storm-Burning-Retribution-Follow-the-Mole-3.jpg\"><img decoding=\"async\" src=\"https:\/\/steelstorm.standardof.net\/wp-content\/uploads\/sites\/3\/2020\/10\/Steel-Storm-Burning-Retribution-Follow-the-Mole-3.jpg\" alt=\"\" class=\"wp-image-265\" width=\"512\" height=\"384\" title=\"\" srcset=\"https:\/\/steelstorm.standardof.net\/wp-content\/uploads\/sites\/3\/2020\/10\/Steel-Storm-Burning-Retribution-Follow-the-Mole-3.jpg 1024w, https:\/\/steelstorm.standardof.net\/wp-content\/uploads\/sites\/3\/2020\/10\/Steel-Storm-Burning-Retribution-Follow-the-Mole-3-300x225.jpg 300w, https:\/\/steelstorm.standardof.net\/wp-content\/uploads\/sites\/3\/2020\/10\/Steel-Storm-Burning-Retribution-Follow-the-Mole-3-768x576.jpg 768w, https:\/\/steelstorm.standardof.net\/wp-content\/uploads\/sites\/3\/2020\/10\/Steel-Storm-Burning-Retribution-Follow-the-Mole-3-16x12.jpg 16w\" sizes=\"(max-width: 512px) 100vw, 512px\" \/><\/a><\/figure><\/div>\n\n\n\n<p>Pegue o teletransportador no ponto <strong>C<\/strong> para pular para a \u00e1rea da plataforma elevada logo \u00e0 frente. Voc\u00ea encontrar\u00e1 um Shockwave aqui, mas aproxime-se lentamente conforme se aproximar dele, surgem tr\u00eas Rocket Turrets, duas atr\u00e1s e uma na sua frente. Volte rapidamente e dispare o Shockwave para desativar as torres e repelir qualquer um dos m\u00edsseis voando em voc\u00ea. Termine isso antes de tirar o que est\u00e1 \u00e0 sua frente para limpar o caminho para o teletransportador no ponto <strong>D<\/strong>.<\/p>\n\n\n\n<p>Levando o teletransportador no ponto <strong>D<\/strong> ir\u00e1 lev\u00e1-lo ao ponto <strong>E<\/strong>. Agora siga o caminho azul em dire\u00e7\u00e3o ao ponto <strong>F<\/strong>e o Portal e o Incinerador que ficam por tr\u00e1s disso. O Portal e seus defensores s\u00e3o muito perigosos, com dois Heavy Minigun Tanks que come\u00e7am a patrulh\u00e1-lo junto com a possibilidade do Portal gerar Heavy Tanks adicionais em suas ondas, sem mencionar o suporte praticamente garantido do Lightning Tank. Fa\u00e7a uso generoso do Shockwave e da cobertura para se manter vivo e se voc\u00ea tiver m\u00edsseis homing, ent\u00e3o \u00e9 melhor, permitindo que voc\u00ea se esconda atr\u00e1s de barreiras e desvie seu material b\u00e9lico para os inimigos.<\/p>\n\n\n\n<p>Uma vez que voc\u00ea conseguiu separar os defensores por tempo suficiente para derrubar a sa\u00fade do Portal abaixo, ele gera outra onda, v\u00e1 al\u00e9m dela para encontrar o Incinerador que voc\u00ea n\u00e3o deve ter nenhum problema em derrubar neste momento. Cuidado com um \u00fanico Tanque de Raios que surge ap\u00f3s a destrui\u00e7\u00e3o do Portal bem perto de onde voc\u00ea se teletransportou. Depois que esses dois pr\u00e9dios forem derrubados, voc\u00ea pode voltar pelo teletransportador para chegar de volta \u00e0 plataforma de sa\u00edda que agora voc\u00ea pode usar com seu campo de for\u00e7a derrubado .<\/p>\n\n\n\n<div class=\"wp-block-image\"><figure class=\"aligncenter size-full is-resized\"><a href=\"https:\/\/steelstorm.standardof.net\/wp-content\/uploads\/sites\/3\/2020\/10\/Steel-Storm-Burning-Retribution-Follow-the-Mole-4.jpg\"><img decoding=\"async\" src=\"https:\/\/steelstorm.standardof.net\/wp-content\/uploads\/sites\/3\/2020\/10\/Steel-Storm-Burning-Retribution-Follow-the-Mole-4.jpg\" alt=\"\" class=\"wp-image-266\" width=\"512\" height=\"384\" title=\"\" srcset=\"https:\/\/steelstorm.standardof.net\/wp-content\/uploads\/sites\/3\/2020\/10\/Steel-Storm-Burning-Retribution-Follow-the-Mole-4.jpg 1024w, https:\/\/steelstorm.standardof.net\/wp-content\/uploads\/sites\/3\/2020\/10\/Steel-Storm-Burning-Retribution-Follow-the-Mole-4-300x225.jpg 300w, https:\/\/steelstorm.standardof.net\/wp-content\/uploads\/sites\/3\/2020\/10\/Steel-Storm-Burning-Retribution-Follow-the-Mole-4-768x576.jpg 768w, https:\/\/steelstorm.standardof.net\/wp-content\/uploads\/sites\/3\/2020\/10\/Steel-Storm-Burning-Retribution-Follow-the-Mole-4-16x12.jpg 16w\" sizes=\"(max-width: 512px) 100vw, 512px\" \/><\/a><\/figure><\/div>\n\n<\/div><\/div>\n\n\n<div style=\"height:20px\" aria-hidden=\"true\" class=\"wp-block-spacer\"><\/div>\n\n\n\n<h3 class=\"has-text-align-center wp-block-heading\">Esmagando grilh\u00f5es - Siga o passo a passo em v\u00eddeo da toupeira<\/h3>\n\n\n\n<figure class=\"wp-block-embed is-type-video is-provider-youtube wp-block-embed-youtube wp-embed-aspect-4-3 wp-has-aspect-ratio\"><div class=\"wp-block-embed__wrapper\">\n<div class=\"ast-oembed-container\" style=\"height: 100%;\"><iframe title=\"Ch2-L3 Crushing Shackles - Follow the Mole: Steel Storm - Epis\u00f3dio 2\" width=\"500\" height=\"375\" src=\"https:\/\/www.youtube.com\/embed\/6bro2-ddPYo?feature=oembed\" frameborder=\"0\" allow=\"accelerometer; autoplay; clipboard-write; encrypted-media; gyroscope; picture-in-picture; web-share\" referrerpolicy=\"strict-origin-when-cross-origin\" allowfullscreen><\/iframe><\/div>\n<\/div><\/figure>","protected":false},"excerpt":{"rendered":"<p>Now making your way deeper into the base, Crushing Shackles \u2013 Follow the Mole in Steel Storm Burning Retribution has you paired up once more with the allied tank, infiltrating deeper through a teleporter network used to transfer troops of the enemy\u2019s. Map and Objectives &#8211; Primary Objectives &#8211; Destroy the IncineratorDestroy the Portal Level [&hellip;]<\/p>","protected":false},"author":1,"featured_media":54,"parent":173,"menu_order":0,"comment_status":"open","ping_status":"closed","template":"","meta":{"_uag_custom_page_level_css":"","site-sidebar-layout":"default","site-content-layout":"default","ast-site-content-layout":"","site-content-style":"default","site-sidebar-style":"default","ast-global-header-display":"","ast-banner-title-visibility":"","ast-main-header-display":"","ast-hfb-above-header-display":"","ast-hfb-below-header-display":"","ast-hfb-mobile-header-display":"","site-post-title":"","ast-breadcrumbs-content":"","ast-featured-img":"","footer-sml-layout":"","theme-transparent-header-meta":"default","adv-header-id-meta":"","stick-header-meta":"","header-above-stick-meta":"","header-main-stick-meta":"","header-below-stick-meta":"","astra-migrate-meta-layouts":"default","ast-page-background-enabled":"default","ast-page-background-meta":{"desktop":{"background-color":"","background-image":"","background-repeat":"repeat","background-position":"center center","background-size":"auto","background-attachment":"scroll","background-type":"","background-media":"","overlay-type":"","overlay-color":"","overlay-gradient":""},"tablet":{"background-color":"","background-image":"","background-repeat":"repeat","background-position":"center center","background-size":"auto","background-attachment":"scroll","background-type":"","background-media":"","overlay-type":"","overlay-color":"","overlay-gradient":""},"mobile":{"background-color":"","background-image":"","background-repeat":"repeat","background-position":"center center","background-size":"auto","background-attachment":"scroll","background-type":"","background-media":"","overlay-type":"","overlay-color":"","overlay-gradient":""}},"ast-content-background-meta":{"desktop":{"background-color":"var(--ast-global-color-5)","background-image":"","background-repeat":"repeat","background-position":"center center","background-size":"auto","background-attachment":"scroll","background-type":"","background-media":"","overlay-type":"","overlay-color":"","overlay-gradient":""},"tablet":{"background-color":"var(--ast-global-color-5)","background-image":"","background-repeat":"repeat","background-position":"center center","background-size":"auto","background-attachment":"scroll","background-type":"","background-media":"","overlay-type":"","overlay-color":"","overlay-gradient":""},"mobile":{"background-color":"var(--ast-global-color-5)","background-image":"","background-repeat":"repeat","background-position":"center center","background-size":"auto","background-attachment":"scroll","background-type":"","background-media":"","overlay-type":"","overlay-color":"","overlay-gradient":""}},"footnotes":""},"uagb_featured_image_src":{"full":["https:\/\/steelstorm.standardof.net\/wp-content\/uploads\/sites\/3\/2020\/10\/MnEdR-1.jpg",1200,750,false],"thumbnail":["https:\/\/steelstorm.standardof.net\/wp-content\/uploads\/sites\/3\/2020\/10\/MnEdR-1-150x150.jpg",150,150,true],"medium":["https:\/\/steelstorm.standardof.net\/wp-content\/uploads\/sites\/3\/2020\/10\/MnEdR-1-300x188.jpg",300,188,true],"medium_large":["https:\/\/steelstorm.standardof.net\/wp-content\/uploads\/sites\/3\/2020\/10\/MnEdR-1-768x480.jpg",768,480,true],"large":["https:\/\/steelstorm.standardof.net\/wp-content\/uploads\/sites\/3\/2020\/10\/MnEdR-1-1024x640.jpg",1024,640,true],"1536x1536":["https:\/\/steelstorm.standardof.net\/wp-content\/uploads\/sites\/3\/2020\/10\/MnEdR-1.jpg",1200,750,false],"2048x2048":["https:\/\/steelstorm.standardof.net\/wp-content\/uploads\/sites\/3\/2020\/10\/MnEdR-1.jpg",1200,750,false],"trp-custom-language-flag":["https:\/\/steelstorm.standardof.net\/wp-content\/uploads\/sites\/3\/2020\/10\/MnEdR-1.jpg",18,12,false]},"uagb_author_info":{"display_name":"SOE","author_link":"https:\/\/steelstorm.standardof.net\/pt\/author\/k-tastic\/"},"uagb_comment_info":0,"uagb_excerpt":"Now making your way deeper into the base, Crushing Shackles \u2013 Follow the Mole in Steel Storm Burning Retribution has you paired up once more with the allied tank, infiltrating deeper through a teleporter network used to transfer troops of the enemy\u2019s. Map and Objectives &#8211; Primary Objectives &#8211; Destroy the IncineratorDestroy the Portal Level&hellip;","_links":{"self":[{"href":"https:\/\/steelstorm.standardof.net\/pt\/wp-json\/wp\/v2\/pages\/292"}],"collection":[{"href":"https:\/\/steelstorm.standardof.net\/pt\/wp-json\/wp\/v2\/pages"}],"about":[{"href":"https:\/\/steelstorm.standardof.net\/pt\/wp-json\/wp\/v2\/types\/page"}],"author":[{"embeddable":true,"href":"https:\/\/steelstorm.standardof.net\/pt\/wp-json\/wp\/v2\/users\/1"}],"replies":[{"embeddable":true,"href":"https:\/\/steelstorm.standardof.net\/pt\/wp-json\/wp\/v2\/comments?post=292"}],"version-history":[{"count":2,"href":"https:\/\/steelstorm.standardof.net\/pt\/wp-json\/wp\/v2\/pages\/292\/revisions"}],"predecessor-version":[{"id":446,"href":"https:\/\/steelstorm.standardof.net\/pt\/wp-json\/wp\/v2\/pages\/292\/revisions\/446"}],"up":[{"embeddable":true,"href":"https:\/\/steelstorm.standardof.net\/pt\/wp-json\/wp\/v2\/pages\/173"}],"wp:featuredmedia":[{"embeddable":true,"href":"https:\/\/steelstorm.standardof.net\/pt\/wp-json\/wp\/v2\/media\/54"}],"wp:attachment":[{"href":"https:\/\/steelstorm.standardof.net\/pt\/wp-json\/wp\/v2\/media?parent=292"}],"curies":[{"name":"wp","href":"https:\/\/api.w.org\/{rel}","templated":true}]}}