{"id":291,"date":"2020-10-17T14:43:27","date_gmt":"2020-10-17T14:43:27","guid":{"rendered":"https:\/\/steelstorm.standardof.net\/?page_id=291"},"modified":"2022-10-31T08:19:38","modified_gmt":"2022-10-31T08:19:38","slug":"burning-retribution-beneath-the-frozen-shroud","status":"publish","type":"page","link":"https:\/\/steelstorm.standardof.net\/pt\/guide\/passo-a-passo-de-nivel-2\/queima-retribuicao-sob-a-mortalha-congelada\/","title":{"rendered":"Retribui\u00e7\u00e3o Ardente: Sob a Mortalha Congelada"},"content":{"rendered":"<p>Voltando ao mesmo mapa do n\u00edvel anterior, Beneath the Frozen Shroud leva voc\u00ea mais para dentro do mapa, explorando a se\u00e7\u00e3o da caverna mais profunda. Suas tarefas aqui ser\u00e3o obter c\u00f3digos de acesso \u00e0 base subterr\u00e2nea enquanto desativa o sistema de ventila\u00e7\u00e3o que libera metano perigoso das cavernas, mantendo as instala\u00e7\u00f5es inimigas seguras.<\/p>\n\n\n\n<div style=\"height:20px\" aria-hidden=\"true\" class=\"wp-block-spacer\"><\/div>\n\n\n<div class=\"gb-container gb-container-ae025cb2\"><div class=\"gb-inside-container\">\n\n<h2 class=\"has-text-align-center wp-block-heading\">Mapa e Objetivos<\/h2>\n\n\n\n<div class=\"wp-block-image is-style-default\"><figure class=\"aligncenter size-full is-resized\"><a href=\"https:\/\/steelstorm.standardof.net\/pt\/steel-storm-burning-retribution-beneath-the-frozen-shroud-1\/\"><img decoding=\"async\" src=\"https:\/\/steelstorm.standardof.net\/wp-content\/uploads\/sites\/3\/2020\/10\/Steel-Storm-Burning-Retribution-Beneath-the-Frozen-Shroud-1.jpg\" alt=\"\" class=\"wp-image-256\" width=\"600\" height=\"387\" title=\"\" srcset=\"https:\/\/steelstorm.standardof.net\/wp-content\/uploads\/sites\/3\/2020\/10\/Steel-Storm-Burning-Retribution-Beneath-the-Frozen-Shroud-1.jpg 800w, https:\/\/steelstorm.standardof.net\/wp-content\/uploads\/sites\/3\/2020\/10\/Steel-Storm-Burning-Retribution-Beneath-the-Frozen-Shroud-1-300x194.jpg 300w, https:\/\/steelstorm.standardof.net\/wp-content\/uploads\/sites\/3\/2020\/10\/Steel-Storm-Burning-Retribution-Beneath-the-Frozen-Shroud-1-768x495.jpg 768w, https:\/\/steelstorm.standardof.net\/wp-content\/uploads\/sites\/3\/2020\/10\/Steel-Storm-Burning-Retribution-Beneath-the-Frozen-Shroud-1-16x10.jpg 16w\" sizes=\"(max-width: 600px) 100vw, 600px\" \/><\/a><\/figure><\/div>\n\n\n\n<h3 class=\"has-text-align-center wp-block-heading\">- Objetivos prim\u00e1rios -<\/h3>\n\n\n\n<p class=\"has-text-align-center\">Obtenha os c\u00f3digos de acesso do cofre.<\/p>\n\n\n\n<h3 class=\"has-text-align-center wp-block-heading\">- Objetivos secund\u00e1rios -<\/h3>\n\n\n\n<p class=\"has-text-align-center\">Desligue o sistema de ventila\u00e7\u00e3o.<\/p>\n\n<\/div><\/div>\n\n\n<div style=\"height:20px\" aria-hidden=\"true\" class=\"wp-block-spacer\"><\/div>\n\n\n<div class=\"gb-container gb-container-686af150\"><div class=\"gb-inside-container\">\n\n<h2 class=\"has-text-align-center wp-block-heading\">Progress\u00e3o de n\u00edvel e dicas:<\/h2>\n\n\n\n<p>Quando voc\u00ea come\u00e7a no ponto <strong>UMA<\/strong> voc\u00ea notar\u00e1 que seu tanque aliado, o tanque leve azul, est\u00e1 preso atr\u00e1s de um campo de for\u00e7a e precisar\u00e1 ser solto mais tarde. Por agora siga ao longo do caminho verde em dire\u00e7\u00e3o ao ponto <strong>B<\/strong>. Ao longo do caminho, voc\u00ea deve parar em um ponto <strong>1<\/strong> para encontrar um incinerador que pode ser destru\u00eddo para derrubar algumas armaduras, um arado de tempestade e o canh\u00e3o de artilharia. Se voc\u00ea quiser, pode passar no ponto <strong>2<\/strong>tamb\u00e9m para v\u00e1rios inimigos para destruir e pontos para ganhar no processo, embora viajar para este local n\u00e3o seja necess\u00e1rio como parte dos objetivos, enquanto voc\u00ea deseja limpar os inimigos ao longo do caminho verde para ajudar seu aliado a se preparar para mais tarde. Tirar este local pode ser \u00fatil para evitar que seu amigo tank se distraia mais tarde, al\u00e9m disso, voc\u00ea pode encontrar uma Minigun em um hangar aqui.<\/p>\n\n\n\n<p>No ponto <strong>B<\/strong> voc\u00ea encontrar\u00e1 um par de gatilhos, um que solta o campo de for\u00e7a pr\u00f3ximo e outro que libera seu aliado do cativeiro. Assim que isso acontecer, seu aliado far\u00e1 o seu caminho para apontar <strong>E<\/strong>, ent\u00e3o <strong>C<\/strong> ent\u00e3o finalmente <strong>G<\/strong>, derrubando os campos de for\u00e7a em torno dos dois teletransportadores em <strong>C<\/strong> e <strong>E <\/strong>quando passa por esses locais. Enquanto seu amigo segue seu caminho, voc\u00ea pode eliminar alguns dos inimigos no ponto <strong>C<\/strong>para facilitar suas viagens e ajudar a mant\u00ea-lo vivo.<\/p>\n\n\n\n<p>Assim que seu tanque aliado desabilitar os dois campos de for\u00e7a que protegem os teletransportadores em <strong>C<\/strong> e <strong>E<\/strong> voc\u00ea tem duas op\u00e7\u00f5es. Voc\u00ea pode unir for\u00e7as com o tanque aliado para eliminar a base inimiga fortemente defendida no ponto <strong>G <\/strong>em viajar pelo caminho vermelho, o que torna essa tarefa mais f\u00e1cil considerando o poder de fogo combinado, ou voc\u00ea pode pegar o caminho azul para come\u00e7ar a completar seu objetivo secund\u00e1rio para efici\u00eancia de tempo.<\/p>\n\n\n\n<h4 class=\"wp-block-heading\">Destruindo a base inimiga<\/h4>\n\n\n\n<p>Feito mais facilmente com o seu aliado ainda vivo, embora provavelmente n\u00e3o por muito tempo, a base inimiga \u00e9 fortemente defendida com v\u00e1rias torres, mas o mais importante \u00e9 um par de torres de reparo em locais de dif\u00edcil acesso que precisam ser destru\u00eddos antes que as torres da base permane\u00e7am baixa. Voc\u00ea pode remov\u00ea-los usando o MIRV para atirar sobre as barreiras ou usando a onda de choque repetidamente para manter as torres de reparo desativadas enquanto voc\u00ea desmonta as torres armadas para permitir que voc\u00ea chegue do outro lado da barreira com seguran\u00e7a.<\/p>\n\n\n\n<p>Assim que a base pegar fogo, v\u00e1rias ondas de pequenos tanques ir\u00e3o aparecer junto com um Heavy Proton Tank entre ela e a plataforma de sa\u00edda. Retire essas unidades menores primeiro, termine o Heavy Tank separadamente, em seguida, pegue o cart\u00e3o-chave vermelho que voc\u00ea pode acessar agora na parte traseira da ex-base.<\/p>\n\n\n\n<h4 class=\"wp-block-heading\"><a href=\"https:\/\/www.standardof.net\/wp-content\/uploads\/2011\/09\/5365115.jpg\" target=\"_blank\" rel=\"noopener\"><\/a>Desligando o sistema de ventila\u00e7\u00e3o<\/h4>\n\n\n\n<p>Voc\u00ea ter\u00e1 que acessar uma s\u00e9rie de terminais para desativar o sistema de ventila\u00e7\u00e3o do inimigo, o primeiro dos quais \u00e9 alcan\u00e7ado atrav\u00e9s do teclado do teletransportador que agora deve estar acess\u00edvel no ponto <strong>C<\/strong> que o levar\u00e1 para o terreno elevado no ponto <strong>D<\/strong>. Retire o par de Light Plasma Turrets, em seguida, acesse o painel na extremidade norte para soltar o campo de for\u00e7a, tomando cuidado para soltar a Heavy Beam Cannon Turret que aparece quando voc\u00ea faz isso. Depois de descer, ative os dois pain\u00e9is atr\u00e1s do campo de for\u00e7a derrubado e volte para o teletransportador.<\/p>\n\n\n\n<p>O segundo teletransportador no ponto <strong>E <\/strong>ser\u00e1 o seu pr\u00f3ximo destino, levando-o para um terreno alto pr\u00f3ximo no ponto <strong>F<\/strong>. Uma vez aqui, ative o painel na extremidade norte para lan\u00e7ar outro campo de for\u00e7a protegendo um segundo par de terminais, parando para lutar contra o grupo de pequenos tanques que surgem desta a\u00e7\u00e3o. Assim que esses defensores forem derrubados, voc\u00ea pode ativar os dois pain\u00e9is para terminar de desligar o sistema de ventila\u00e7\u00e3o enquanto joga o campo de for\u00e7a ao redor das guloseimas em frente ao teletransportador no ponto <strong>E<\/strong>. Volte aqui e pegue a vida extra e, se precisar, a Storm Spread e a Shockwave.<\/p>\n\n\n\n<p>Quando voc\u00ea terminar com todas essas tarefas, voc\u00ea pode pegar o cart\u00e3o-chave vermelho que voc\u00ea pegou da base inimiga e us\u00e1-lo para soltar o campo de for\u00e7a ao redor do portal de sa\u00edda, ambos ao norte do ponto <strong>G <\/strong>no X vermelho, terminando o segundo n\u00edvel neste cap\u00edtulo.<\/p>\n\n\n\n<figure class=\"wp-block-gallery has-nested-images columns-default is-cropped wp-block-gallery-1 is-layout-flex wp-block-gallery-is-layout-flex\">\n<figure class=\"wp-block-image size-large\"><img decoding=\"async\" width=\"1024\" height=\"768\" src=\"https:\/\/steelstorm.standardof.net\/wp-content\/uploads\/sites\/3\/2020\/10\/Steel-Storm-Burning-Retribution-Beneath-the-Frozen-Shroud-3.jpg\" alt=\"\" class=\"wp-image-258\" title=\"\" srcset=\"https:\/\/steelstorm.standardof.net\/wp-content\/uploads\/sites\/3\/2020\/10\/Steel-Storm-Burning-Retribution-Beneath-the-Frozen-Shroud-3.jpg 1024w, https:\/\/steelstorm.standardof.net\/wp-content\/uploads\/sites\/3\/2020\/10\/Steel-Storm-Burning-Retribution-Beneath-the-Frozen-Shroud-3-300x225.jpg 300w, https:\/\/steelstorm.standardof.net\/wp-content\/uploads\/sites\/3\/2020\/10\/Steel-Storm-Burning-Retribution-Beneath-the-Frozen-Shroud-3-768x576.jpg 768w, https:\/\/steelstorm.standardof.net\/wp-content\/uploads\/sites\/3\/2020\/10\/Steel-Storm-Burning-Retribution-Beneath-the-Frozen-Shroud-3-16x12.jpg 16w\" sizes=\"(max-width: 1024px) 100vw, 1024px\" \/><\/figure>\n\n\n\n<figure class=\"wp-block-image size-large\"><img decoding=\"async\" width=\"1024\" height=\"768\" src=\"https:\/\/steelstorm.standardof.net\/wp-content\/uploads\/sites\/3\/2020\/10\/Steel-Storm-Burning-Retribution-Beneath-the-Frozen-Shroud-7.jpg\" alt=\"\" class=\"wp-image-262\" title=\"\" srcset=\"https:\/\/steelstorm.standardof.net\/wp-content\/uploads\/sites\/3\/2020\/10\/Steel-Storm-Burning-Retribution-Beneath-the-Frozen-Shroud-7.jpg 1024w, https:\/\/steelstorm.standardof.net\/wp-content\/uploads\/sites\/3\/2020\/10\/Steel-Storm-Burning-Retribution-Beneath-the-Frozen-Shroud-7-300x225.jpg 300w, https:\/\/steelstorm.standardof.net\/wp-content\/uploads\/sites\/3\/2020\/10\/Steel-Storm-Burning-Retribution-Beneath-the-Frozen-Shroud-7-768x576.jpg 768w, https:\/\/steelstorm.standardof.net\/wp-content\/uploads\/sites\/3\/2020\/10\/Steel-Storm-Burning-Retribution-Beneath-the-Frozen-Shroud-7-16x12.jpg 16w\" sizes=\"(max-width: 1024px) 100vw, 1024px\" \/><\/figure>\n\n\n\n<figure class=\"wp-block-image size-large\"><img decoding=\"async\" width=\"1024\" height=\"768\" src=\"https:\/\/steelstorm.standardof.net\/wp-content\/uploads\/sites\/3\/2020\/10\/Steel-Storm-Burning-Retribution-Beneath-the-Frozen-Shroud-6.jpg\" alt=\"\" class=\"wp-image-261\" title=\"\" srcset=\"https:\/\/steelstorm.standardof.net\/wp-content\/uploads\/sites\/3\/2020\/10\/Steel-Storm-Burning-Retribution-Beneath-the-Frozen-Shroud-6.jpg 1024w, https:\/\/steelstorm.standardof.net\/wp-content\/uploads\/sites\/3\/2020\/10\/Steel-Storm-Burning-Retribution-Beneath-the-Frozen-Shroud-6-300x225.jpg 300w, https:\/\/steelstorm.standardof.net\/wp-content\/uploads\/sites\/3\/2020\/10\/Steel-Storm-Burning-Retribution-Beneath-the-Frozen-Shroud-6-768x576.jpg 768w, https:\/\/steelstorm.standardof.net\/wp-content\/uploads\/sites\/3\/2020\/10\/Steel-Storm-Burning-Retribution-Beneath-the-Frozen-Shroud-6-16x12.jpg 16w\" sizes=\"(max-width: 1024px) 100vw, 1024px\" \/><\/figure>\n\n\n\n<figure class=\"wp-block-image size-large\"><img decoding=\"async\" width=\"1024\" height=\"768\" src=\"https:\/\/steelstorm.standardof.net\/wp-content\/uploads\/sites\/3\/2020\/10\/Steel-Storm-Burning-Retribution-Beneath-the-Frozen-Shroud-5.jpg\" alt=\"\" class=\"wp-image-260\" title=\"\" srcset=\"https:\/\/steelstorm.standardof.net\/wp-content\/uploads\/sites\/3\/2020\/10\/Steel-Storm-Burning-Retribution-Beneath-the-Frozen-Shroud-5.jpg 1024w, https:\/\/steelstorm.standardof.net\/wp-content\/uploads\/sites\/3\/2020\/10\/Steel-Storm-Burning-Retribution-Beneath-the-Frozen-Shroud-5-300x225.jpg 300w, https:\/\/steelstorm.standardof.net\/wp-content\/uploads\/sites\/3\/2020\/10\/Steel-Storm-Burning-Retribution-Beneath-the-Frozen-Shroud-5-768x576.jpg 768w, https:\/\/steelstorm.standardof.net\/wp-content\/uploads\/sites\/3\/2020\/10\/Steel-Storm-Burning-Retribution-Beneath-the-Frozen-Shroud-5-16x12.jpg 16w\" sizes=\"(max-width: 1024px) 100vw, 1024px\" \/><\/figure>\n\n\n\n<figure class=\"wp-block-image size-large\"><img decoding=\"async\" width=\"1024\" height=\"768\" src=\"https:\/\/steelstorm.standardof.net\/wp-content\/uploads\/sites\/3\/2020\/10\/Steel-Storm-Burning-Retribution-Beneath-the-Frozen-Shroud-4.jpg\" alt=\"\" class=\"wp-image-259\" title=\"\" srcset=\"https:\/\/steelstorm.standardof.net\/wp-content\/uploads\/sites\/3\/2020\/10\/Steel-Storm-Burning-Retribution-Beneath-the-Frozen-Shroud-4.jpg 1024w, https:\/\/steelstorm.standardof.net\/wp-content\/uploads\/sites\/3\/2020\/10\/Steel-Storm-Burning-Retribution-Beneath-the-Frozen-Shroud-4-300x225.jpg 300w, https:\/\/steelstorm.standardof.net\/wp-content\/uploads\/sites\/3\/2020\/10\/Steel-Storm-Burning-Retribution-Beneath-the-Frozen-Shroud-4-768x576.jpg 768w, https:\/\/steelstorm.standardof.net\/wp-content\/uploads\/sites\/3\/2020\/10\/Steel-Storm-Burning-Retribution-Beneath-the-Frozen-Shroud-4-16x12.jpg 16w\" sizes=\"(max-width: 1024px) 100vw, 1024px\" \/><\/figure>\n\n\n\n<figure class=\"wp-block-image size-large\"><img decoding=\"async\" width=\"1024\" height=\"768\" src=\"https:\/\/steelstorm.standardof.net\/wp-content\/uploads\/sites\/3\/2020\/10\/Steel-Storm-Burning-Retribution-Beneath-the-Frozen-Shroud-2.jpg\" alt=\"\" class=\"wp-image-257\" title=\"\" srcset=\"https:\/\/steelstorm.standardof.net\/wp-content\/uploads\/sites\/3\/2020\/10\/Steel-Storm-Burning-Retribution-Beneath-the-Frozen-Shroud-2.jpg 1024w, https:\/\/steelstorm.standardof.net\/wp-content\/uploads\/sites\/3\/2020\/10\/Steel-Storm-Burning-Retribution-Beneath-the-Frozen-Shroud-2-300x225.jpg 300w, https:\/\/steelstorm.standardof.net\/wp-content\/uploads\/sites\/3\/2020\/10\/Steel-Storm-Burning-Retribution-Beneath-the-Frozen-Shroud-2-768x576.jpg 768w, https:\/\/steelstorm.standardof.net\/wp-content\/uploads\/sites\/3\/2020\/10\/Steel-Storm-Burning-Retribution-Beneath-the-Frozen-Shroud-2-16x12.jpg 16w\" sizes=\"(max-width: 1024px) 100vw, 1024px\" \/><\/figure>\n<\/figure>\n\n<\/div><\/div>\n\n\n<div style=\"height:20px\" aria-hidden=\"true\" class=\"wp-block-spacer\"><\/div>\n\n\n\n<h3 class=\"has-text-align-center wp-block-heading\">Passo a passo do v\u00eddeo &quot;Beneath the Frozen Shroud&quot;<\/h3>\n\n\n\n<figure class=\"wp-block-embed is-type-video is-provider-youtube wp-block-embed-youtube wp-embed-aspect-4-3 wp-has-aspect-ratio\"><div class=\"wp-block-embed__wrapper\">\n<div class=\"ast-oembed-container\" style=\"height: 100%;\"><iframe title=\"Ch2-L2 Crushing Shackles - Debaixo do Frozen Shroud: Steel Storm - Epis\u00f3dio 2\" width=\"500\" height=\"375\" src=\"https:\/\/www.youtube.com\/embed\/2rNAYXtHjHE?feature=oembed\" frameborder=\"0\" allow=\"accelerometer; autoplay; clipboard-write; encrypted-media; gyroscope; picture-in-picture; web-share\" referrerpolicy=\"strict-origin-when-cross-origin\" allowfullscreen><\/iframe><\/div>\n<\/div><\/figure>\n\n\n\n<p><\/p>","protected":false},"excerpt":{"rendered":"<p>Coming back to the same map as the previous level, Beneath the Frozen Shroud takes you further into the map, exploring the cave section deeper within. Your tasks here will be to obtain access codes to the underground base while disabling the ventilation system which vents dangerous methane from the caves, keeping the enemy facilities [&hellip;]<\/p>","protected":false},"author":1,"featured_media":54,"parent":173,"menu_order":0,"comment_status":"open","ping_status":"closed","template":"","meta":{"_uag_custom_page_level_css":"","site-sidebar-layout":"default","site-content-layout":"default","ast-site-content-layout":"","site-content-style":"default","site-sidebar-style":"default","ast-global-header-display":"","ast-banner-title-visibility":"","ast-main-header-display":"","ast-hfb-above-header-display":"","ast-hfb-below-header-display":"","ast-hfb-mobile-header-display":"","site-post-title":"","ast-breadcrumbs-content":"","ast-featured-img":"","footer-sml-layout":"","theme-transparent-header-meta":"default","adv-header-id-meta":"","stick-header-meta":"","header-above-stick-meta":"","header-main-stick-meta":"","header-below-stick-meta":"","astra-migrate-meta-layouts":"default","ast-page-background-enabled":"default","ast-page-background-meta":{"desktop":{"background-color":"","background-image":"","background-repeat":"repeat","background-position":"center center","background-size":"auto","background-attachment":"scroll","background-type":"","background-media":"","overlay-type":"","overlay-color":"","overlay-gradient":""},"tablet":{"background-color":"","background-image":"","background-repeat":"repeat","background-position":"center center","background-size":"auto","background-attachment":"scroll","background-type":"","background-media":"","overlay-type":"","overlay-color":"","overlay-gradient":""},"mobile":{"background-color":"","background-image":"","background-repeat":"repeat","background-position":"center center","background-size":"auto","background-attachment":"scroll","background-type":"","background-media":"","overlay-type":"","overlay-color":"","overlay-gradient":""}},"ast-content-background-meta":{"desktop":{"background-color":"var(--ast-global-color-5)","background-image":"","background-repeat":"repeat","background-position":"center center","background-size":"auto","background-attachment":"scroll","background-type":"","background-media":"","overlay-type":"","overlay-color":"","overlay-gradient":""},"tablet":{"background-color":"var(--ast-global-color-5)","background-image":"","background-repeat":"repeat","background-position":"center center","background-size":"auto","background-attachment":"scroll","background-type":"","background-media":"","overlay-type":"","overlay-color":"","overlay-gradient":""},"mobile":{"background-color":"var(--ast-global-color-5)","background-image":"","background-repeat":"repeat","background-position":"center center","background-size":"auto","background-attachment":"scroll","background-type":"","background-media":"","overlay-type":"","overlay-color":"","overlay-gradient":""}},"footnotes":""},"uagb_featured_image_src":{"full":["https:\/\/steelstorm.standardof.net\/wp-content\/uploads\/sites\/3\/2020\/10\/MnEdR-1.jpg",1200,750,false],"thumbnail":["https:\/\/steelstorm.standardof.net\/wp-content\/uploads\/sites\/3\/2020\/10\/MnEdR-1-150x150.jpg",150,150,true],"medium":["https:\/\/steelstorm.standardof.net\/wp-content\/uploads\/sites\/3\/2020\/10\/MnEdR-1-300x188.jpg",300,188,true],"medium_large":["https:\/\/steelstorm.standardof.net\/wp-content\/uploads\/sites\/3\/2020\/10\/MnEdR-1-768x480.jpg",768,480,true],"large":["https:\/\/steelstorm.standardof.net\/wp-content\/uploads\/sites\/3\/2020\/10\/MnEdR-1-1024x640.jpg",1024,640,true],"1536x1536":["https:\/\/steelstorm.standardof.net\/wp-content\/uploads\/sites\/3\/2020\/10\/MnEdR-1.jpg",1200,750,false],"2048x2048":["https:\/\/steelstorm.standardof.net\/wp-content\/uploads\/sites\/3\/2020\/10\/MnEdR-1.jpg",1200,750,false],"trp-custom-language-flag":["https:\/\/steelstorm.standardof.net\/wp-content\/uploads\/sites\/3\/2020\/10\/MnEdR-1.jpg",18,12,false]},"uagb_author_info":{"display_name":"SOE","author_link":"https:\/\/steelstorm.standardof.net\/pt\/author\/k-tastic\/"},"uagb_comment_info":0,"uagb_excerpt":"Coming back to the same map as the previous level, Beneath the Frozen Shroud takes you further into the map, exploring the cave section deeper within. Your tasks here will be to obtain access codes to the underground base while disabling the ventilation system which vents dangerous methane from the caves, keeping the enemy facilities&hellip;","_links":{"self":[{"href":"https:\/\/steelstorm.standardof.net\/pt\/wp-json\/wp\/v2\/pages\/291"}],"collection":[{"href":"https:\/\/steelstorm.standardof.net\/pt\/wp-json\/wp\/v2\/pages"}],"about":[{"href":"https:\/\/steelstorm.standardof.net\/pt\/wp-json\/wp\/v2\/types\/page"}],"author":[{"embeddable":true,"href":"https:\/\/steelstorm.standardof.net\/pt\/wp-json\/wp\/v2\/users\/1"}],"replies":[{"embeddable":true,"href":"https:\/\/steelstorm.standardof.net\/pt\/wp-json\/wp\/v2\/comments?post=291"}],"version-history":[{"count":1,"href":"https:\/\/steelstorm.standardof.net\/pt\/wp-json\/wp\/v2\/pages\/291\/revisions"}],"predecessor-version":[{"id":453,"href":"https:\/\/steelstorm.standardof.net\/pt\/wp-json\/wp\/v2\/pages\/291\/revisions\/453"}],"up":[{"embeddable":true,"href":"https:\/\/steelstorm.standardof.net\/pt\/wp-json\/wp\/v2\/pages\/173"}],"wp:featuredmedia":[{"embeddable":true,"href":"https:\/\/steelstorm.standardof.net\/pt\/wp-json\/wp\/v2\/media\/54"}],"wp:attachment":[{"href":"https:\/\/steelstorm.standardof.net\/pt\/wp-json\/wp\/v2\/media?parent=291"}],"curies":[{"name":"wp","href":"https:\/\/api.w.org\/{rel}","templated":true}]}}