{"id":289,"date":"2020-10-17T14:38:20","date_gmt":"2020-10-17T14:38:20","guid":{"rendered":"https:\/\/steelstorm.standardof.net\/?page_id=289"},"modified":"2022-10-31T08:18:31","modified_gmt":"2022-10-31T08:18:31","slug":"burning-retribution-icebound-paradise","status":"publish","type":"page","link":"https:\/\/steelstorm.standardof.net\/pt\/guide\/passo-a-passo-de-nivel-2\/queima-retribuicao-icebound-paraiso\/","title":{"rendered":"Burning Retribution: Icebound Paradise"},"content":{"rendered":"<p>No primeiro n\u00edvel do cap\u00edtulo dois, Crushing Shackles - Icebound Paradise of Steel Storm Burning Retribution, a batalha \u00e9 movida para uma nova \u00e1rea, deixando as cavernas congeladas do primeiro cap\u00edtulo. A tarefa aqui ser\u00e1 obter acesso a uma rede de cavernas habitadas pelo inimigo por meio de um teletransportador guardado na ponte danificada.<\/p>\n\n\n\n<div style=\"height:20px\" aria-hidden=\"true\" class=\"wp-block-spacer\"><\/div>\n\n\n<div class=\"gb-container gb-container-ae025cb2\"><div class=\"gb-inside-container\">\n\n<h2 class=\"has-text-align-center wp-block-heading\">Mapa e Objetivos<\/h2>\n\n\n\n<div class=\"wp-block-image is-style-default\"><figure class=\"aligncenter size-full is-resized\"><a href=\"https:\/\/steelstorm.standardof.net\/pt\/steel-storm-burning-retribution-icebound-paradise-1\/\"><img decoding=\"async\" src=\"https:\/\/steelstorm.standardof.net\/wp-content\/uploads\/sites\/3\/2020\/10\/Steel-Storm-Burning-Retribution-Icebound-Paradise-1.jpg\" alt=\"\" class=\"wp-image-267\" width=\"600\" height=\"483\" title=\"\" srcset=\"https:\/\/steelstorm.standardof.net\/wp-content\/uploads\/sites\/3\/2020\/10\/Steel-Storm-Burning-Retribution-Icebound-Paradise-1.jpg 800w, https:\/\/steelstorm.standardof.net\/wp-content\/uploads\/sites\/3\/2020\/10\/Steel-Storm-Burning-Retribution-Icebound-Paradise-1-300x242.jpg 300w, https:\/\/steelstorm.standardof.net\/wp-content\/uploads\/sites\/3\/2020\/10\/Steel-Storm-Burning-Retribution-Icebound-Paradise-1-768x618.jpg 768w, https:\/\/steelstorm.standardof.net\/wp-content\/uploads\/sites\/3\/2020\/10\/Steel-Storm-Burning-Retribution-Icebound-Paradise-1-16x12.jpg 16w\" sizes=\"(max-width: 600px) 100vw, 600px\" \/><\/a><\/figure><\/div>\n\n\n\n<h3 class=\"has-text-align-center wp-block-heading\">- Objetivos prim\u00e1rios -<\/h3>\n\n\n\n<p class=\"has-text-align-center\">Obtenha acesso \u00e0 ponte.<\/p>\n\n\n\n<h4 class=\"has-text-align-center wp-block-heading\">- Objetivos secund\u00e1rios -<\/h4>\n\n\n\n<p class=\"has-text-align-center\">Destrua o grande carregamento de suprimentos na ponte.<\/p>\n\n<\/div><\/div>\n\n\n<div style=\"height:20px\" aria-hidden=\"true\" class=\"wp-block-spacer\"><\/div>\n\n\n<div class=\"gb-container gb-container-686af150\"><div class=\"gb-inside-container\">\n\n<h2 class=\"has-text-align-center wp-block-heading\">Progress\u00e3o de n\u00edvel e dicas:<\/h2>\n\n\n\n<p>No in\u00edcio do n\u00edvel, voc\u00ea encontrar\u00e1 um Arado de Tempestade que pode pegar se quiser trocar sua arma de energia prim\u00e1ria. Comece a seguir o caminho verde at\u00e9 chegar ao ponto de acerto <strong>UMA<\/strong>onde voc\u00ea encontrar\u00e1 um incinerador, dois quart\u00e9is e um obelisco guardado por algumas torres. Se voc\u00ea destruir este incinerador, voc\u00ea pode encontrar uma vida extra, Storm Spread e os pick ups do Pod de Foguete. Depois de fazer isso, voc\u00ea pode hackear o painel pr\u00f3ximo para come\u00e7ar a largar o campo de for\u00e7a. Voc\u00ea precisar\u00e1 parar para lutar contra duas ondas separadas de tanques leves em cerca de 1\/3 de hack e tanques m\u00e9dios em 2\/3 de hack.<\/p>\n\n\n\n<p>Fazendo o seu caminho al\u00e9m do campo de for\u00e7a agora em dire\u00e7\u00e3o ao ponto <strong>B<\/strong>voc\u00ea encontrar\u00e1 um Heavy Proton Tank que surge conforme voc\u00ea atravessa o campo abatido com um Beam Cannon, Shield e Full Armor perto de algumas barreiras que voc\u00ea pode pegar. V\u00e1rios spawns de unidades inimigas ser\u00e3o acionados durante a luta com este tanque, ent\u00e3o esteja preparado para evit\u00e1-los tamb\u00e9m.<\/p>\n\n\n\n<p>Em seguida, fa\u00e7a o seu caminho ao redor da curva em dire\u00e7\u00e3o ao ponto <strong>C<\/strong>. Aqui voc\u00ea encontrar\u00e1 uma pequena base com um par de torres de plasma leve e um par de torres de foguete. Cada uma das torres de foguete gerar\u00e1 uma torre de reparo pr\u00f3xima, ent\u00e3o esteja preparado para derrub\u00e1-las rapidamente ou posicione-se para usar o Shockwave nelas assim que chegarem. Retire a pequena base depois que essas torres estiverem abaixadas para faz\u00ea-la soltar um cart\u00e3o-chave vermelho que voc\u00ea pode usar em um painel pr\u00f3ximo a sudeste na cachoeira. Este painel derruba o campo de for\u00e7a enquanto tamb\u00e9m gera um novo trio de torres na pequena base destru\u00edda, uma das quais \u00e9 um canh\u00e3o de feixe pesado. Depois que eles forem removidos, voc\u00ea pode levar o teletransportador para apontar <strong>D<\/strong>.<\/p>\n\n\n\n<p>Sua tarefa final ser\u00e1 agora abrir caminho atrav\u00e9s dos enormes grupos de caixas em seu caminho para a plataforma de sa\u00edda no ponto <strong>E<\/strong>. N\u00e3o h\u00e1 muitos inimigos al\u00e9m de alguns tanques menores, algumas torres de foguete e um tanque de pr\u00f3tons pesado que surge quando voc\u00ea se aproxima dos cont\u00eaineres. Certifique-se de explodir todos os recipientes at\u00e9 que o objetivo seja limpo e pegue todos os v\u00e1rios itens deixados cair, um dos quais ser\u00e1 o MIRV. Assim que as caixas forem retiradas, termine um par de torres de plasma leves pela almofada de sa\u00edda para limpar o caminho para fora deste n\u00edvel.<\/p>\n\n\n\n<figure class=\"wp-block-gallery has-nested-images columns-default is-cropped wp-block-gallery-1 is-layout-flex wp-block-gallery-is-layout-flex\">\n<figure class=\"wp-block-image size-large\"><img decoding=\"async\" width=\"1024\" height=\"768\" src=\"https:\/\/steelstorm.standardof.net\/wp-content\/uploads\/sites\/3\/2020\/10\/Steel-Storm-Burning-Retribution-Icebound-Paradise-2.jpg\" alt=\"\" class=\"wp-image-268\" title=\"\" srcset=\"https:\/\/steelstorm.standardof.net\/wp-content\/uploads\/sites\/3\/2020\/10\/Steel-Storm-Burning-Retribution-Icebound-Paradise-2.jpg 1024w, https:\/\/steelstorm.standardof.net\/wp-content\/uploads\/sites\/3\/2020\/10\/Steel-Storm-Burning-Retribution-Icebound-Paradise-2-300x225.jpg 300w, https:\/\/steelstorm.standardof.net\/wp-content\/uploads\/sites\/3\/2020\/10\/Steel-Storm-Burning-Retribution-Icebound-Paradise-2-768x576.jpg 768w, https:\/\/steelstorm.standardof.net\/wp-content\/uploads\/sites\/3\/2020\/10\/Steel-Storm-Burning-Retribution-Icebound-Paradise-2-16x12.jpg 16w\" sizes=\"(max-width: 1024px) 100vw, 1024px\" \/><\/figure>\n\n\n\n<figure class=\"wp-block-image size-large\"><img decoding=\"async\" width=\"1024\" height=\"768\" src=\"https:\/\/steelstorm.standardof.net\/wp-content\/uploads\/sites\/3\/2020\/10\/Steel-Storm-Burning-Retribution-Icebound-Paradise-5.jpg\" alt=\"\" class=\"wp-image-271\" title=\"\" srcset=\"https:\/\/steelstorm.standardof.net\/wp-content\/uploads\/sites\/3\/2020\/10\/Steel-Storm-Burning-Retribution-Icebound-Paradise-5.jpg 1024w, https:\/\/steelstorm.standardof.net\/wp-content\/uploads\/sites\/3\/2020\/10\/Steel-Storm-Burning-Retribution-Icebound-Paradise-5-300x225.jpg 300w, https:\/\/steelstorm.standardof.net\/wp-content\/uploads\/sites\/3\/2020\/10\/Steel-Storm-Burning-Retribution-Icebound-Paradise-5-768x576.jpg 768w, https:\/\/steelstorm.standardof.net\/wp-content\/uploads\/sites\/3\/2020\/10\/Steel-Storm-Burning-Retribution-Icebound-Paradise-5-16x12.jpg 16w\" sizes=\"(max-width: 1024px) 100vw, 1024px\" \/><\/figure>\n\n\n\n<figure class=\"wp-block-image size-large\"><img decoding=\"async\" width=\"1024\" height=\"768\" src=\"https:\/\/steelstorm.standardof.net\/wp-content\/uploads\/sites\/3\/2020\/10\/Steel-Storm-Burning-Retribution-Icebound-Paradise-4.jpg\" alt=\"\" class=\"wp-image-270\" title=\"\" srcset=\"https:\/\/steelstorm.standardof.net\/wp-content\/uploads\/sites\/3\/2020\/10\/Steel-Storm-Burning-Retribution-Icebound-Paradise-4.jpg 1024w, https:\/\/steelstorm.standardof.net\/wp-content\/uploads\/sites\/3\/2020\/10\/Steel-Storm-Burning-Retribution-Icebound-Paradise-4-300x225.jpg 300w, https:\/\/steelstorm.standardof.net\/wp-content\/uploads\/sites\/3\/2020\/10\/Steel-Storm-Burning-Retribution-Icebound-Paradise-4-768x576.jpg 768w, https:\/\/steelstorm.standardof.net\/wp-content\/uploads\/sites\/3\/2020\/10\/Steel-Storm-Burning-Retribution-Icebound-Paradise-4-16x12.jpg 16w\" sizes=\"(max-width: 1024px) 100vw, 1024px\" \/><\/figure>\n\n\n\n<figure class=\"wp-block-image size-large\"><img decoding=\"async\" width=\"1024\" height=\"768\" src=\"https:\/\/steelstorm.standardof.net\/wp-content\/uploads\/sites\/3\/2020\/10\/Steel-Storm-Burning-Retribution-Icebound-Paradise-3.jpg\" alt=\"\" class=\"wp-image-269\" title=\"\" srcset=\"https:\/\/steelstorm.standardof.net\/wp-content\/uploads\/sites\/3\/2020\/10\/Steel-Storm-Burning-Retribution-Icebound-Paradise-3.jpg 1024w, https:\/\/steelstorm.standardof.net\/wp-content\/uploads\/sites\/3\/2020\/10\/Steel-Storm-Burning-Retribution-Icebound-Paradise-3-300x225.jpg 300w, https:\/\/steelstorm.standardof.net\/wp-content\/uploads\/sites\/3\/2020\/10\/Steel-Storm-Burning-Retribution-Icebound-Paradise-3-768x576.jpg 768w, https:\/\/steelstorm.standardof.net\/wp-content\/uploads\/sites\/3\/2020\/10\/Steel-Storm-Burning-Retribution-Icebound-Paradise-3-16x12.jpg 16w\" sizes=\"(max-width: 1024px) 100vw, 1024px\" \/><\/figure>\n<\/figure>\n\n<\/div><\/div>\n\n\n<div style=\"height:20px\" aria-hidden=\"true\" class=\"wp-block-spacer\"><\/div>\n\n\n\n<h3 class=\"has-text-align-center wp-block-heading\">Crushing Shackles - Passo a passo em v\u00eddeo do Icebound Paradise<\/h3>\n\n\n\n<figure class=\"wp-block-embed is-type-video is-provider-youtube wp-block-embed-youtube wp-embed-aspect-4-3 wp-has-aspect-ratio\"><div class=\"wp-block-embed__wrapper\">\n<div class=\"ast-oembed-container\" style=\"height: 100%;\"><iframe title=\"Ch2-L1 Crushing Shackles - Icebound Paradise: Steel Storm - Epis\u00f3dio 2\" width=\"500\" height=\"375\" src=\"https:\/\/www.youtube.com\/embed\/5SbrHZEjc28?feature=oembed\" frameborder=\"0\" allow=\"accelerometer; autoplay; clipboard-write; encrypted-media; gyroscope; picture-in-picture; web-share\" referrerpolicy=\"strict-origin-when-cross-origin\" allowfullscreen><\/iframe><\/div>\n<\/div><\/figure>","protected":false},"excerpt":{"rendered":"<p>In the first level of chapter two, Crushing Shackles &#8211; Icebound Paradise of Steel Storm Burning Retribution, the battle is moved to a new area, leaving the frozen caverns from the first chapter. The task here will be to gain entry to a network of caves inhabited by the enemy via a guarded teleporter on [&hellip;]<\/p>","protected":false},"author":1,"featured_media":54,"parent":173,"menu_order":0,"comment_status":"open","ping_status":"closed","template":"","meta":{"_uag_custom_page_level_css":"","site-sidebar-layout":"default","site-content-layout":"default","ast-site-content-layout":"","site-content-style":"default","site-sidebar-style":"default","ast-global-header-display":"","ast-banner-title-visibility":"","ast-main-header-display":"","ast-hfb-above-header-display":"","ast-hfb-below-header-display":"","ast-hfb-mobile-header-display":"","site-post-title":"","ast-breadcrumbs-content":"","ast-featured-img":"","footer-sml-layout":"","theme-transparent-header-meta":"default","adv-header-id-meta":"","stick-header-meta":"","header-above-stick-meta":"","header-main-stick-meta":"","header-below-stick-meta":"","astra-migrate-meta-layouts":"default","ast-page-background-enabled":"default","ast-page-background-meta":{"desktop":{"background-color":"","background-image":"","background-repeat":"repeat","background-position":"center center","background-size":"auto","background-attachment":"scroll","background-type":"","background-media":"","overlay-type":"","overlay-color":"","overlay-gradient":""},"tablet":{"background-color":"","background-image":"","background-repeat":"repeat","background-position":"center center","background-size":"auto","background-attachment":"scroll","background-type":"","background-media":"","overlay-type":"","overlay-color":"","overlay-gradient":""},"mobile":{"background-color":"","background-image":"","background-repeat":"repeat","background-position":"center center","background-size":"auto","background-attachment":"scroll","background-type":"","background-media":"","overlay-type":"","overlay-color":"","overlay-gradient":""}},"ast-content-background-meta":{"desktop":{"background-color":"var(--ast-global-color-5)","background-image":"","background-repeat":"repeat","background-position":"center center","background-size":"auto","background-attachment":"scroll","background-type":"","background-media":"","overlay-type":"","overlay-color":"","overlay-gradient":""},"tablet":{"background-color":"var(--ast-global-color-5)","background-image":"","background-repeat":"repeat","background-position":"center center","background-size":"auto","background-attachment":"scroll","background-type":"","background-media":"","overlay-type":"","overlay-color":"","overlay-gradient":""},"mobile":{"background-color":"var(--ast-global-color-5)","background-image":"","background-repeat":"repeat","background-position":"center center","background-size":"auto","background-attachment":"scroll","background-type":"","background-media":"","overlay-type":"","overlay-color":"","overlay-gradient":""}},"footnotes":""},"uagb_featured_image_src":{"full":["https:\/\/steelstorm.standardof.net\/wp-content\/uploads\/sites\/3\/2020\/10\/MnEdR-1.jpg",1200,750,false],"thumbnail":["https:\/\/steelstorm.standardof.net\/wp-content\/uploads\/sites\/3\/2020\/10\/MnEdR-1-150x150.jpg",150,150,true],"medium":["https:\/\/steelstorm.standardof.net\/wp-content\/uploads\/sites\/3\/2020\/10\/MnEdR-1-300x188.jpg",300,188,true],"medium_large":["https:\/\/steelstorm.standardof.net\/wp-content\/uploads\/sites\/3\/2020\/10\/MnEdR-1-768x480.jpg",768,480,true],"large":["https:\/\/steelstorm.standardof.net\/wp-content\/uploads\/sites\/3\/2020\/10\/MnEdR-1-1024x640.jpg",1024,640,true],"1536x1536":["https:\/\/steelstorm.standardof.net\/wp-content\/uploads\/sites\/3\/2020\/10\/MnEdR-1.jpg",1200,750,false],"2048x2048":["https:\/\/steelstorm.standardof.net\/wp-content\/uploads\/sites\/3\/2020\/10\/MnEdR-1.jpg",1200,750,false],"trp-custom-language-flag":["https:\/\/steelstorm.standardof.net\/wp-content\/uploads\/sites\/3\/2020\/10\/MnEdR-1.jpg",18,12,false]},"uagb_author_info":{"display_name":"SOE","author_link":"https:\/\/steelstorm.standardof.net\/pt\/author\/k-tastic\/"},"uagb_comment_info":1,"uagb_excerpt":"In the first level of chapter two, Crushing Shackles &#8211; Icebound Paradise of Steel Storm Burning Retribution, the battle is moved to a new area, leaving the frozen caverns from the first chapter. The task here will be to gain entry to a network of caves inhabited by the enemy via a guarded teleporter on&hellip;","_links":{"self":[{"href":"https:\/\/steelstorm.standardof.net\/pt\/wp-json\/wp\/v2\/pages\/289"}],"collection":[{"href":"https:\/\/steelstorm.standardof.net\/pt\/wp-json\/wp\/v2\/pages"}],"about":[{"href":"https:\/\/steelstorm.standardof.net\/pt\/wp-json\/wp\/v2\/types\/page"}],"author":[{"embeddable":true,"href":"https:\/\/steelstorm.standardof.net\/pt\/wp-json\/wp\/v2\/users\/1"}],"replies":[{"embeddable":true,"href":"https:\/\/steelstorm.standardof.net\/pt\/wp-json\/wp\/v2\/comments?post=289"}],"version-history":[{"count":1,"href":"https:\/\/steelstorm.standardof.net\/pt\/wp-json\/wp\/v2\/pages\/289\/revisions"}],"predecessor-version":[{"id":451,"href":"https:\/\/steelstorm.standardof.net\/pt\/wp-json\/wp\/v2\/pages\/289\/revisions\/451"}],"up":[{"embeddable":true,"href":"https:\/\/steelstorm.standardof.net\/pt\/wp-json\/wp\/v2\/pages\/173"}],"wp:featuredmedia":[{"embeddable":true,"href":"https:\/\/steelstorm.standardof.net\/pt\/wp-json\/wp\/v2\/media\/54"}],"wp:attachment":[{"href":"https:\/\/steelstorm.standardof.net\/pt\/wp-json\/wp\/v2\/media?parent=289"}],"curies":[{"name":"wp","href":"https:\/\/api.w.org\/{rel}","templated":true}]}}