{"id":286,"date":"2020-10-17T14:34:31","date_gmt":"2020-10-17T14:34:31","guid":{"rendered":"https:\/\/steelstorm.standardof.net\/?page_id=286"},"modified":"2022-10-31T08:20:16","modified_gmt":"2022-10-31T08:20:16","slug":"burning-retribution-numb-steel","status":"publish","type":"page","link":"https:\/\/steelstorm.standardof.net\/pt\/guide\/passo-a-passo-de-nivel-2\/queima-retribuicao-entorpecido-aco\/","title":{"rendered":"Retribui\u00e7\u00e3o Queimando: A\u00e7o Numb"},"content":{"rendered":"<p>A segunda e \u00faltima miss\u00e3o no cap\u00edtulo 1 do Epis\u00f3dio 2 em Steel Storm, Numb Steel, leva voc\u00ea de volta ao meteorito congelado para continuar no mesmo mapa de antes, embora agora se concentre na metade sul do mapa, que antes era inacess\u00edvel enquanto o a parte que voc\u00ea cobriu antes agora est\u00e1 bloqueada. Sua tarefa aqui ser\u00e1 interromper a capacidade dos inimigos de coletar \u00e1gua do gelo, o que eles fazem com uma grande plataforma de minera\u00e7\u00e3o.<\/p>\n\n\n\n<div style=\"height:20px\" aria-hidden=\"true\" class=\"wp-block-spacer\"><\/div>\n\n\n<div class=\"gb-container gb-container-ae025cb2\"><div class=\"gb-inside-container\">\n\n<h2 class=\"has-text-align-center wp-block-heading\">Mapa e Objetivos<\/h2>\n\n\n\n<div class=\"wp-block-image is-style-default\"><figure class=\"aligncenter size-full is-resized\"><a href=\"https:\/\/steelstorm.standardof.net\/pt\/steel-storm-burning-retribution-numb-steel-1\/\"><img decoding=\"async\" src=\"https:\/\/steelstorm.standardof.net\/wp-content\/uploads\/sites\/3\/2020\/10\/Steel-Storm-Burning-Retribution-Numb-Steel-1.jpg\" alt=\"\" class=\"wp-image-249\" width=\"653\" height=\"356\" title=\"\" srcset=\"https:\/\/steelstorm.standardof.net\/wp-content\/uploads\/sites\/3\/2020\/10\/Steel-Storm-Burning-Retribution-Numb-Steel-1.jpg 871w, https:\/\/steelstorm.standardof.net\/wp-content\/uploads\/sites\/3\/2020\/10\/Steel-Storm-Burning-Retribution-Numb-Steel-1-300x163.jpg 300w, https:\/\/steelstorm.standardof.net\/wp-content\/uploads\/sites\/3\/2020\/10\/Steel-Storm-Burning-Retribution-Numb-Steel-1-768x418.jpg 768w, https:\/\/steelstorm.standardof.net\/wp-content\/uploads\/sites\/3\/2020\/10\/Steel-Storm-Burning-Retribution-Numb-Steel-1-16x9.jpg 16w\" sizes=\"(max-width: 653px) 100vw, 653px\" \/><\/a><\/figure><\/div>\n\n\n\n<h3 class=\"has-text-align-center wp-block-heading\">- Objetivos prim\u00e1rios -<\/h3>\n\n\n\n<p class=\"has-text-align-center\">Desative o Evaporador<\/p>\n\n\n\n<h4 class=\"has-text-align-center wp-block-heading\">- Objetivos secund\u00e1rios -<\/h4>\n\n\n\n<p class=\"has-text-align-center\">Destrua os racks do n\u00facleo de fus\u00e3o (3)<\/p>\n\n<\/div><\/div>\n\n\n<div style=\"height:20px\" aria-hidden=\"true\" class=\"wp-block-spacer\"><\/div>\n\n\n<div class=\"gb-container gb-container-686af150\"><div class=\"gb-inside-container\">\n\n<h2 class=\"has-text-align-center wp-block-heading\">Progress\u00e3o de n\u00edvel e dicas:<\/h2>\n\n\n\n<p>Voc\u00ea come\u00e7ar\u00e1 com seu tanque desovando no ponto <strong>UMA<\/strong>. Antes de seguir pelo caminho verde, voc\u00ea deve verificar ao sul de sua posi\u00e7\u00e3o inicial para encontrar um Canh\u00e3o Flak e mais alguns pickups, embora seja cauteloso, pois se aproximar deles ir\u00e1 gerar uma emboscada leve. Afaste esses caras para proteger os itens e cristais de b\u00f4nus antes de trabalhar no seu caminho para <strong>B<\/strong>. Se voc\u00ea perdeu o Storm Plough da miss\u00e3o anterior, voc\u00ea pode pegar outro ao norte do local de in\u00edcio.<\/p>\n\n\n\n<p>Ponto de Aproxima\u00e7\u00e3o <strong>B<\/strong>, voc\u00ea ser\u00e1 emboscado com v\u00e1rios tanques, incluindo alguns rel\u00e2mpagos. Lutando contra eles e viajando para o ponto <strong>B<\/strong> voc\u00ea pode encontrar a arma Storm Spread que vale a pena pegar e usar rapidamente para se defender de uma nova emboscada maior que \u00e9 acionada por sua recupera\u00e7\u00e3o ou apenas se aproximando dela. Esta onda far\u00e1 com que os campos de for\u00e7a em torno do ponto <strong>B<\/strong> para subir durante a luta que se segue, caindo mais uma vez quando o tanque inimigo final \u00e9 derrubado.<\/p>\n\n\n\n<p>Ponto <strong>C <\/strong>trar\u00e1 consigo mais port\u00f5es fechados e emboscadas, no entanto apresentando-lhe a oportunidade de apanhar o Canh\u00e3o de Feixe que ir\u00e1 apresent\u00e1-lo com uma excelente ferramenta para elimina\u00e7\u00e3o r\u00e1pida de torres de longo alcance.<\/p>\n\n\n\n<p>Depois de lutar contra as primeiras ondas de inimigos que aparecem para atacar voc\u00ea nesta \u00e1rea, mova-se para apontar <strong>D <\/strong>onde voc\u00ea encontrar\u00e1 um par de consoles controlando um campo de for\u00e7a duplo. Um deles poder\u00e1 ser hackeado imediatamente, enquanto o outro requer um cart\u00e3o-chave. Comece hackeando o primeiro console azul para soltar o campo de for\u00e7a que protege o gatilho no ponto <strong>C<\/strong> que por sua vez desativa o campo de for\u00e7a ao redor do teletransportador em frente a ele, ainda no ponto <strong>C<\/strong>. Algumas novas torres ir\u00e3o aparecer perto do gatilho junto com alguns tanques ap\u00f3s hackear o console.<\/p>\n\n\n\n<p>Pegue o teletransportador no ponto <strong>C<\/strong> que leva voc\u00ea ao longo do caminho roxo para apontar <strong>1<\/strong>. Aqui voc\u00ea encontrar\u00e1 um par de racks de n\u00facleo de fus\u00e3o que voc\u00ea deve destruir do bloco ou mais longe antes de se aproximar das Torres de Foguete na extremidade deste espa\u00e7o fechado. Se as torres de foguete atirarem em voc\u00ea com os racks ainda ativados, eles podem detonar os racks enquanto voc\u00ea estiver perto deles e explodir voc\u00ea completamente. Uma vez que os dois racks e duas torres se foram, pegue todos os cristais b\u00f4nus junto com o primeiro cart\u00e3o-chave vermelho e volte pelo teletransportador.<\/p>\n\n\n\n<p>Use o cart\u00e3o-chave para acessar o segundo console no ponto <strong>D<\/strong> e pare imediatamente quando a pr\u00f3xima onda de inimigos emboscados surgir durante a tentativa de acesso. N\u00e3o fique parado at\u00e9 que o hack esteja conclu\u00eddo, pois pode te matar. Em vez disso, rapidamente tire o Heavy Beam Turret e pegue o Rocket Pod que surge, virando-o contra o grupo condensado de tanques que v\u00eam para enfrent\u00e1-lo. Depois de limpar a \u00e1rea, voc\u00ea pode voltar ao seu trabalho anterior de derrubar o campo de for\u00e7a com o cart\u00e3o-chave para ir em dire\u00e7\u00e3o ao ponto <strong>F<\/strong>.<\/p>\n\n\n\n<p>Em <strong>E<\/strong> voc\u00ea enfrentar\u00e1 uma grande variedade de inimigos, no entanto, por enquanto, seu foco principal n\u00e3o ser\u00e1 o evaporador, em vez disso, limpar a \u00e1rea para que voc\u00ea possa invadir o terminal no ponto <strong>F<\/strong>. Este terminal ir\u00e1 largar o campo de for\u00e7a adjacente que lhe d\u00e1 acesso a um teclado de gatilho que por sua vez desbloqueia o campo de for\u00e7a entre <strong>UMA<\/strong> e <strong>G<\/strong>. Agora \u00e9 hora de voltar a esses locais, percorrendo o caminho vermelho em dire\u00e7\u00e3o <strong>G<\/strong>.<\/p>\n\n\n\n<p>Ao chegar ao ponto <strong>G <\/strong>voc\u00ea encontrar\u00e1 uma arma de energia secund\u00e1ria Thunderbolt que voc\u00ea pode pegar para usar, embora eu sugira ficar com o Canh\u00e3o de Feixe. Limpe os inimigos aqui, certificando-se de focar na Torre de Reparo antes de seguir adiante para apontar <strong>H<\/strong> onde voc\u00ea pode encontrar o portal de sa\u00edda guardado por um campo de for\u00e7a ativo pr\u00f3ximo a um edif\u00edcio com um campo de for\u00e7a bloqueando sua entrada e um terminal hack\u00e1vel contra ele. Limpe a \u00e1rea e hackear este terminal para soltar seu campo de for\u00e7a, permitindo que voc\u00ea entre no pr\u00e9dio e pegue o teletransportador (caminho roxo) para apontar <strong>2<\/strong>.<\/p>\n\n\n\n<p>No ponto<strong> 2<\/strong> voc\u00ea pode destruir o terceiro e \u00faltimo n\u00facleo de fus\u00e3o, em seguida, pegar o n\u00facleo corrompido e lev\u00e1-lo para o outro teletransportador (caminho azul claro) para apontar<strong> E<\/strong> onde voc\u00ea pode inserir o n\u00facleo corrompido no Evaporador, completando assim seu objetivo principal e deixando cair 2 cart\u00f5es-chave vermelhos para voc\u00ea pegar e levar de volta ao ponto <strong>H<\/strong> usando os teletransportadores, parando para lutar contra o Heavy Proton Tank gerado pela desativa\u00e7\u00e3o do Evaporator.<\/p>\n\n\n\n<p>Chegando de volta ao ponto <strong>H<\/strong>, use os dois cart\u00f5es-chave em ambos os consoles pr\u00f3ximos ao portal de sa\u00edda. Isso aciona outro tanque de pr\u00f3tons pesado que ter\u00e1 que ser destru\u00eddo antes que o campo de for\u00e7a que guarda o portal de sa\u00edda finalmente caia, gerando alguns cristais b\u00f4nus na frente dele no processo.<\/p>\n\n\n\n<figure class=\"wp-block-gallery has-nested-images columns-default is-cropped wp-block-gallery-1 is-layout-flex wp-block-gallery-is-layout-flex\">\n<figure class=\"wp-block-image size-large\"><img decoding=\"async\" width=\"1024\" height=\"576\" src=\"https:\/\/steelstorm.standardof.net\/wp-content\/uploads\/sites\/3\/2020\/10\/Steel-Storm-Burning-Retribution-Numb-Steel-2.jpg\" alt=\"\" class=\"wp-image-250\" title=\"\" srcset=\"https:\/\/steelstorm.standardof.net\/wp-content\/uploads\/sites\/3\/2020\/10\/Steel-Storm-Burning-Retribution-Numb-Steel-2.jpg 1024w, https:\/\/steelstorm.standardof.net\/wp-content\/uploads\/sites\/3\/2020\/10\/Steel-Storm-Burning-Retribution-Numb-Steel-2-300x169.jpg 300w, https:\/\/steelstorm.standardof.net\/wp-content\/uploads\/sites\/3\/2020\/10\/Steel-Storm-Burning-Retribution-Numb-Steel-2-768x432.jpg 768w, https:\/\/steelstorm.standardof.net\/wp-content\/uploads\/sites\/3\/2020\/10\/Steel-Storm-Burning-Retribution-Numb-Steel-2-16x9.jpg 16w\" sizes=\"(max-width: 1024px) 100vw, 1024px\" \/><\/figure>\n\n\n\n<figure class=\"wp-block-image size-large\"><img decoding=\"async\" width=\"1024\" height=\"576\" src=\"https:\/\/steelstorm.standardof.net\/wp-content\/uploads\/sites\/3\/2020\/10\/Steel-Storm-Burning-Retribution-Numb-Steel-7.jpg\" alt=\"\" class=\"wp-image-255\" title=\"\" srcset=\"https:\/\/steelstorm.standardof.net\/wp-content\/uploads\/sites\/3\/2020\/10\/Steel-Storm-Burning-Retribution-Numb-Steel-7.jpg 1024w, https:\/\/steelstorm.standardof.net\/wp-content\/uploads\/sites\/3\/2020\/10\/Steel-Storm-Burning-Retribution-Numb-Steel-7-300x169.jpg 300w, https:\/\/steelstorm.standardof.net\/wp-content\/uploads\/sites\/3\/2020\/10\/Steel-Storm-Burning-Retribution-Numb-Steel-7-768x432.jpg 768w, https:\/\/steelstorm.standardof.net\/wp-content\/uploads\/sites\/3\/2020\/10\/Steel-Storm-Burning-Retribution-Numb-Steel-7-16x9.jpg 16w\" sizes=\"(max-width: 1024px) 100vw, 1024px\" \/><\/figure>\n\n\n\n<figure class=\"wp-block-image size-large\"><img decoding=\"async\" width=\"1024\" height=\"576\" src=\"https:\/\/steelstorm.standardof.net\/wp-content\/uploads\/sites\/3\/2020\/10\/Steel-Storm-Burning-Retribution-Numb-Steel-6.jpg\" alt=\"\" class=\"wp-image-254\" title=\"\" srcset=\"https:\/\/steelstorm.standardof.net\/wp-content\/uploads\/sites\/3\/2020\/10\/Steel-Storm-Burning-Retribution-Numb-Steel-6.jpg 1024w, https:\/\/steelstorm.standardof.net\/wp-content\/uploads\/sites\/3\/2020\/10\/Steel-Storm-Burning-Retribution-Numb-Steel-6-300x169.jpg 300w, https:\/\/steelstorm.standardof.net\/wp-content\/uploads\/sites\/3\/2020\/10\/Steel-Storm-Burning-Retribution-Numb-Steel-6-768x432.jpg 768w, https:\/\/steelstorm.standardof.net\/wp-content\/uploads\/sites\/3\/2020\/10\/Steel-Storm-Burning-Retribution-Numb-Steel-6-16x9.jpg 16w\" sizes=\"(max-width: 1024px) 100vw, 1024px\" \/><\/figure>\n\n\n\n<figure class=\"wp-block-image size-large\"><img decoding=\"async\" width=\"1024\" height=\"576\" src=\"https:\/\/steelstorm.standardof.net\/wp-content\/uploads\/sites\/3\/2020\/10\/Steel-Storm-Burning-Retribution-Numb-Steel-5.jpg\" alt=\"\" class=\"wp-image-253\" title=\"\" srcset=\"https:\/\/steelstorm.standardof.net\/wp-content\/uploads\/sites\/3\/2020\/10\/Steel-Storm-Burning-Retribution-Numb-Steel-5.jpg 1024w, https:\/\/steelstorm.standardof.net\/wp-content\/uploads\/sites\/3\/2020\/10\/Steel-Storm-Burning-Retribution-Numb-Steel-5-300x169.jpg 300w, https:\/\/steelstorm.standardof.net\/wp-content\/uploads\/sites\/3\/2020\/10\/Steel-Storm-Burning-Retribution-Numb-Steel-5-768x432.jpg 768w, https:\/\/steelstorm.standardof.net\/wp-content\/uploads\/sites\/3\/2020\/10\/Steel-Storm-Burning-Retribution-Numb-Steel-5-16x9.jpg 16w\" sizes=\"(max-width: 1024px) 100vw, 1024px\" \/><\/figure>\n\n\n\n<figure class=\"wp-block-image size-large\"><img decoding=\"async\" width=\"1024\" height=\"576\" src=\"https:\/\/steelstorm.standardof.net\/wp-content\/uploads\/sites\/3\/2020\/10\/Steel-Storm-Burning-Retribution-Numb-Steel-4.jpg\" alt=\"\" class=\"wp-image-252\" title=\"\" srcset=\"https:\/\/steelstorm.standardof.net\/wp-content\/uploads\/sites\/3\/2020\/10\/Steel-Storm-Burning-Retribution-Numb-Steel-4.jpg 1024w, https:\/\/steelstorm.standardof.net\/wp-content\/uploads\/sites\/3\/2020\/10\/Steel-Storm-Burning-Retribution-Numb-Steel-4-300x169.jpg 300w, https:\/\/steelstorm.standardof.net\/wp-content\/uploads\/sites\/3\/2020\/10\/Steel-Storm-Burning-Retribution-Numb-Steel-4-768x432.jpg 768w, https:\/\/steelstorm.standardof.net\/wp-content\/uploads\/sites\/3\/2020\/10\/Steel-Storm-Burning-Retribution-Numb-Steel-4-16x9.jpg 16w\" sizes=\"(max-width: 1024px) 100vw, 1024px\" \/><\/figure>\n\n\n\n<figure class=\"wp-block-image size-large\"><img decoding=\"async\" width=\"1024\" height=\"576\" src=\"https:\/\/steelstorm.standardof.net\/wp-content\/uploads\/sites\/3\/2020\/10\/Steel-Storm-Burning-Retribution-Numb-Steel-3.jpg\" alt=\"\" class=\"wp-image-251\" title=\"\" srcset=\"https:\/\/steelstorm.standardof.net\/wp-content\/uploads\/sites\/3\/2020\/10\/Steel-Storm-Burning-Retribution-Numb-Steel-3.jpg 1024w, https:\/\/steelstorm.standardof.net\/wp-content\/uploads\/sites\/3\/2020\/10\/Steel-Storm-Burning-Retribution-Numb-Steel-3-300x169.jpg 300w, https:\/\/steelstorm.standardof.net\/wp-content\/uploads\/sites\/3\/2020\/10\/Steel-Storm-Burning-Retribution-Numb-Steel-3-768x432.jpg 768w, https:\/\/steelstorm.standardof.net\/wp-content\/uploads\/sites\/3\/2020\/10\/Steel-Storm-Burning-Retribution-Numb-Steel-3-16x9.jpg 16w\" sizes=\"(max-width: 1024px) 100vw, 1024px\" \/><\/figure>\n<\/figure>\n\n<\/div><\/div>\n\n\n<div style=\"height:20px\" aria-hidden=\"true\" class=\"wp-block-spacer\"><\/div>\n\n\n\n<h3 class=\"has-text-align-center wp-block-heading\">Snowflakes Tempest - Numb Steel Video Walkthrough<\/h3>\n\n\n\n<figure class=\"wp-block-embed is-type-video is-provider-youtube wp-block-embed-youtube wp-embed-aspect-16-9 wp-has-aspect-ratio\"><div class=\"wp-block-embed__wrapper\">\n<div class=\"ast-oembed-container\" style=\"height: 100%;\"><iframe title=\"Tempestade de flocos de neve: A\u00e7o entorpecido - Tempestade de a\u00e7o: Retribui\u00e7\u00e3o ardente - Epis\u00f3dio 2 Passo a passo\" width=\"500\" height=\"281\" src=\"https:\/\/www.youtube.com\/embed\/YOoiuILS9Ts?feature=oembed\" frameborder=\"0\" allow=\"accelerometer; autoplay; clipboard-write; encrypted-media; gyroscope; picture-in-picture; web-share\" referrerpolicy=\"strict-origin-when-cross-origin\" allowfullscreen><\/iframe><\/div>\n<\/div><\/figure>","protected":false},"excerpt":{"rendered":"<p>The second and final mission in chapter 1 of Episode 2 in Steel Storm, Numb Steel, takes you back to the frozen meteorite to continue in the same map as previously, although now focusing on the southern half of the map which was previously inaccessible while the part you covered before is now locked off. [&hellip;]<\/p>","protected":false},"author":1,"featured_media":54,"parent":173,"menu_order":0,"comment_status":"open","ping_status":"closed","template":"","meta":{"_uag_custom_page_level_css":"","site-sidebar-layout":"default","site-content-layout":"default","ast-site-content-layout":"","site-content-style":"default","site-sidebar-style":"default","ast-global-header-display":"","ast-banner-title-visibility":"","ast-main-header-display":"","ast-hfb-above-header-display":"","ast-hfb-below-header-display":"","ast-hfb-mobile-header-display":"","site-post-title":"","ast-breadcrumbs-content":"","ast-featured-img":"","footer-sml-layout":"","theme-transparent-header-meta":"default","adv-header-id-meta":"","stick-header-meta":"","header-above-stick-meta":"","header-main-stick-meta":"","header-below-stick-meta":"","astra-migrate-meta-layouts":"default","ast-page-background-enabled":"default","ast-page-background-meta":{"desktop":{"background-color":"","background-image":"","background-repeat":"repeat","background-position":"center center","background-size":"auto","background-attachment":"scroll","background-type":"","background-media":"","overlay-type":"","overlay-color":"","overlay-gradient":""},"tablet":{"background-color":"","background-image":"","background-repeat":"repeat","background-position":"center center","background-size":"auto","background-attachment":"scroll","background-type":"","background-media":"","overlay-type":"","overlay-color":"","overlay-gradient":""},"mobile":{"background-color":"","background-image":"","background-repeat":"repeat","background-position":"center center","background-size":"auto","background-attachment":"scroll","background-type":"","background-media":"","overlay-type":"","overlay-color":"","overlay-gradient":""}},"ast-content-background-meta":{"desktop":{"background-color":"var(--ast-global-color-5)","background-image":"","background-repeat":"repeat","background-position":"center center","background-size":"auto","background-attachment":"scroll","background-type":"","background-media":"","overlay-type":"","overlay-color":"","overlay-gradient":""},"tablet":{"background-color":"var(--ast-global-color-5)","background-image":"","background-repeat":"repeat","background-position":"center center","background-size":"auto","background-attachment":"scroll","background-type":"","background-media":"","overlay-type":"","overlay-color":"","overlay-gradient":""},"mobile":{"background-color":"var(--ast-global-color-5)","background-image":"","background-repeat":"repeat","background-position":"center center","background-size":"auto","background-attachment":"scroll","background-type":"","background-media":"","overlay-type":"","overlay-color":"","overlay-gradient":""}},"footnotes":""},"uagb_featured_image_src":{"full":["https:\/\/steelstorm.standardof.net\/wp-content\/uploads\/sites\/3\/2020\/10\/MnEdR-1.jpg",1200,750,false],"thumbnail":["https:\/\/steelstorm.standardof.net\/wp-content\/uploads\/sites\/3\/2020\/10\/MnEdR-1-150x150.jpg",150,150,true],"medium":["https:\/\/steelstorm.standardof.net\/wp-content\/uploads\/sites\/3\/2020\/10\/MnEdR-1-300x188.jpg",300,188,true],"medium_large":["https:\/\/steelstorm.standardof.net\/wp-content\/uploads\/sites\/3\/2020\/10\/MnEdR-1-768x480.jpg",768,480,true],"large":["https:\/\/steelstorm.standardof.net\/wp-content\/uploads\/sites\/3\/2020\/10\/MnEdR-1-1024x640.jpg",1024,640,true],"1536x1536":["https:\/\/steelstorm.standardof.net\/wp-content\/uploads\/sites\/3\/2020\/10\/MnEdR-1.jpg",1200,750,false],"2048x2048":["https:\/\/steelstorm.standardof.net\/wp-content\/uploads\/sites\/3\/2020\/10\/MnEdR-1.jpg",1200,750,false],"trp-custom-language-flag":["https:\/\/steelstorm.standardof.net\/wp-content\/uploads\/sites\/3\/2020\/10\/MnEdR-1.jpg",18,12,false]},"uagb_author_info":{"display_name":"SOE","author_link":"https:\/\/steelstorm.standardof.net\/pt\/author\/k-tastic\/"},"uagb_comment_info":0,"uagb_excerpt":"The second and final mission in chapter 1 of Episode 2 in Steel Storm, Numb Steel, takes you back to the frozen meteorite to continue in the same map as previously, although now focusing on the southern half of the map which was previously inaccessible while the part you covered before is now locked off.&hellip;","_links":{"self":[{"href":"https:\/\/steelstorm.standardof.net\/pt\/wp-json\/wp\/v2\/pages\/286"}],"collection":[{"href":"https:\/\/steelstorm.standardof.net\/pt\/wp-json\/wp\/v2\/pages"}],"about":[{"href":"https:\/\/steelstorm.standardof.net\/pt\/wp-json\/wp\/v2\/types\/page"}],"author":[{"embeddable":true,"href":"https:\/\/steelstorm.standardof.net\/pt\/wp-json\/wp\/v2\/users\/1"}],"replies":[{"embeddable":true,"href":"https:\/\/steelstorm.standardof.net\/pt\/wp-json\/wp\/v2\/comments?post=286"}],"version-history":[{"count":1,"href":"https:\/\/steelstorm.standardof.net\/pt\/wp-json\/wp\/v2\/pages\/286\/revisions"}],"predecessor-version":[{"id":455,"href":"https:\/\/steelstorm.standardof.net\/pt\/wp-json\/wp\/v2\/pages\/286\/revisions\/455"}],"up":[{"embeddable":true,"href":"https:\/\/steelstorm.standardof.net\/pt\/wp-json\/wp\/v2\/pages\/173"}],"wp:featuredmedia":[{"embeddable":true,"href":"https:\/\/steelstorm.standardof.net\/pt\/wp-json\/wp\/v2\/media\/54"}],"wp:attachment":[{"href":"https:\/\/steelstorm.standardof.net\/pt\/wp-json\/wp\/v2\/media?parent=286"}],"curies":[{"name":"wp","href":"https:\/\/api.w.org\/{rel}","templated":true}]}}