{"id":285,"date":"2020-10-17T14:31:12","date_gmt":"2020-10-17T14:31:12","guid":{"rendered":"https:\/\/steelstorm.standardof.net\/?page_id=285"},"modified":"2022-10-31T08:20:48","modified_gmt":"2022-10-31T08:20:48","slug":"burning-retribution-frozen-canyon","status":"publish","type":"page","link":"https:\/\/steelstorm.standardof.net\/pt\/guide\/passo-a-passo-de-nivel-2\/queimando-retribuicao-congelada-canyon\/","title":{"rendered":"Burning Retribution: Frozen Canyon"},"content":{"rendered":"<p>O epis\u00f3dio Burning Retribution de Steel Storm come\u00e7a com Below Zero - Frozen Canyon, onde voc\u00ea \u00e9 lan\u00e7ado na superf\u00edcie de um meteorito congelado viajando pelo espa\u00e7o, onde acredita-se que haja um enorme ac\u00famulo de for\u00e7as e instala\u00e7\u00f5es inimigas.<\/p>\n\n\n\n<div style=\"height:20px\" aria-hidden=\"true\" class=\"wp-block-spacer\"><\/div>\n\n\n<div class=\"gb-container gb-container-ae025cb2\"><div class=\"gb-inside-container\">\n\n<h2 class=\"has-text-align-center wp-block-heading\">Mapa e Objetivos<\/h2>\n\n\n\n<div class=\"wp-block-image is-style-default\"><figure class=\"aligncenter size-full is-resized\"><a href=\"https:\/\/steelstorm.standardof.net\/pt\/steel-storm-burning-retribution-frozen-canyon-1\/\"><img decoding=\"async\" src=\"https:\/\/steelstorm.standardof.net\/wp-content\/uploads\/sites\/3\/2020\/10\/Steel-Storm-Burning-Retribution-Frozen-Canyon-1.jpg\" alt=\"\" class=\"wp-image-244\" width=\"575\" height=\"284\" title=\"\" srcset=\"https:\/\/steelstorm.standardof.net\/wp-content\/uploads\/sites\/3\/2020\/10\/Steel-Storm-Burning-Retribution-Frozen-Canyon-1.jpg 766w, https:\/\/steelstorm.standardof.net\/wp-content\/uploads\/sites\/3\/2020\/10\/Steel-Storm-Burning-Retribution-Frozen-Canyon-1-300x148.jpg 300w, https:\/\/steelstorm.standardof.net\/wp-content\/uploads\/sites\/3\/2020\/10\/Steel-Storm-Burning-Retribution-Frozen-Canyon-1-16x8.jpg 16w\" sizes=\"(max-width: 575px) 100vw, 575px\" \/><\/a><\/figure><\/div>\n\n\n\n<h3 class=\"has-text-align-center wp-block-heading\">- Objetivos prim\u00e1rios -<\/h3>\n\n\n\n<p class=\"has-text-align-center\">Recupere os c\u00f3digos de acesso do tanque pesado.<\/p>\n\n<\/div><\/div>\n\n\n<div style=\"height:20px\" aria-hidden=\"true\" class=\"wp-block-spacer\"><\/div>\n\n\n<div class=\"gb-container gb-container-686af150\"><div class=\"gb-inside-container\">\n\n<h2 class=\"has-text-align-center wp-block-heading\">Progress\u00e3o de n\u00edvel e dicas:<\/h2>\n\n\n\n<p>Voc\u00ea come\u00e7ar\u00e1 em uma \u00e1rea fechada com alguns escudos e o Storm Plough para pegar, pois agora voc\u00ea est\u00e1 de volta \u00e0 Minigun apenas com o in\u00edcio de um novo epis\u00f3dio. Pegue esses itens e quebre a parede de pedra para chegar ao ponto <strong>UMA <\/strong>que come\u00e7ar\u00e1 a primeira de uma s\u00e9rie de emboscadas que constituem o fluxo principal deste n\u00edvel. Depois de torn\u00e1-lo perto o suficiente para o campo de for\u00e7a aberto atualmente levando ao ponto <strong>B<\/strong>, o port\u00e3o se fechar\u00e1 e voc\u00ea ser\u00e1 atacado por uma s\u00e9rie de tanques leves e m\u00e9dios gerados junto com 3 torres de plasma leves. Uma vez derrotado, voc\u00ea pode pisar no gatilho pr\u00f3ximo ao campo de for\u00e7a para desativ\u00e1-lo e continuar.<\/p>\n\n\n\n<p>Chegando no ponto <strong>B <\/strong>come\u00e7a a segunda emboscada, trazendo o pr\u00f3ximo campo de for\u00e7a que estava anteriormente aberto e prendendo voc\u00ea mais uma vez em um espa\u00e7o fechado para afastar ondas adicionais de inimigos. Voc\u00ea pode recuar em dire\u00e7\u00e3o ao ponto <strong>UMA <\/strong>para o qual o campo permanecer\u00e1 baixo, permitindo que voc\u00ea tenha mais espa\u00e7o para enfrentar os inimigos. A amea\u00e7a mais significativa aqui \u00e9 um trio de tanques rel\u00e2mpago que surgem como parte do ataque inicial.<\/p>\n\n\n\n<p>Afastar essas unidades deixar\u00e1 o campo ao redor do ponto <strong>C<\/strong>, permitindo que voc\u00ea pegue o Canh\u00e3o Flak l\u00e1 e alguns cristais b\u00f4nus e, ao fazer isso, gere unidades de ataque adicionais, principalmente na forma de uma Torre de Reparo fora do campo ao redor <strong>C<\/strong>. Solte esta nova torre rapidamente para evitar que ela ressuscite muitas unidades. Se voc\u00ea puxou o inimigo em dire\u00e7\u00e3o ao ponto A anteriormente, isso ser\u00e1 menos problem\u00e1tico.<\/p>\n\n\n\n<p>Pegue o segundo Storm Plough no caminho para apontar <strong>D <\/strong>se voc\u00ea perdeu a arma antes de se aproximar da \u00e1rea de emboscada final neste n\u00edvel. Aqui voc\u00ea ser\u00e1 atacado por ainda mais tanques com um par de torres de reparo para apoi\u00e1-los. Puxe o inimigo para tr\u00e1s ou, se estiver com sorte, acelere as torres de reparo, embora a op\u00e7\u00e3o de puxar para tr\u00e1s seja muito mais f\u00e1cil de sobreviver. Depois de limpar a \u00e1rea, voc\u00ea pode se aproximar da almofada de sa\u00edda que ativar\u00e1 um campo de for\u00e7a ao redor dela antes de seguir a seta vermelha para ativar outro campo de for\u00e7a que bloqueia permanentemente a se\u00e7\u00e3o sul do mapa.<\/p>\n\n\n\n<p>Assim que este segundo campo de for\u00e7a surgir, o MIRV ir\u00e1 aparecer ao norte de voc\u00ea e logo depois, um par de torres de foguete e uma torre de plasma leve. Tenha cuidado ao engajar essas torres de foguete, que podem ser bastante mortais, mesmo em dist\u00e2ncias maiores, considerando que seus m\u00edsseis viajam mais longe do que o Pod de Foguete. Assim que eles forem derrubados, pegue o MIRV para obter sua primeira arma secund\u00e1ria e, finalmente, gere o \u00faltimo alvo desta miss\u00e3o, o Heavy Proton Tank.<\/p>\n\n\n\n<p>Voc\u00ea pode fazer uso efetivo da trajet\u00f3ria de movimenta\u00e7\u00e3o do MIRV, escondendo-se atr\u00e1s de obst\u00e1culos enquanto chove muni\u00e7\u00f5es no tanque pesado. Depois de derrubar seu alvo, voc\u00ea pode ir para a plataforma de sa\u00edda agora aberta e completar o n\u00edvel Frozen Canyon.<\/p>\n\n\n\n<figure class=\"wp-block-gallery has-nested-images columns-default is-cropped wp-block-gallery-1 is-layout-flex wp-block-gallery-is-layout-flex\">\n<figure class=\"wp-block-image size-large\"><img decoding=\"async\" width=\"1024\" height=\"576\" src=\"https:\/\/steelstorm.standardof.net\/wp-content\/uploads\/sites\/3\/2020\/10\/Steel-Storm-Burning-Retribution-Frozen-Canyon-2.jpg\" alt=\"\" class=\"wp-image-245\" title=\"\" srcset=\"https:\/\/steelstorm.standardof.net\/wp-content\/uploads\/sites\/3\/2020\/10\/Steel-Storm-Burning-Retribution-Frozen-Canyon-2.jpg 1024w, https:\/\/steelstorm.standardof.net\/wp-content\/uploads\/sites\/3\/2020\/10\/Steel-Storm-Burning-Retribution-Frozen-Canyon-2-300x169.jpg 300w, https:\/\/steelstorm.standardof.net\/wp-content\/uploads\/sites\/3\/2020\/10\/Steel-Storm-Burning-Retribution-Frozen-Canyon-2-768x432.jpg 768w, https:\/\/steelstorm.standardof.net\/wp-content\/uploads\/sites\/3\/2020\/10\/Steel-Storm-Burning-Retribution-Frozen-Canyon-2-16x9.jpg 16w\" sizes=\"(max-width: 1024px) 100vw, 1024px\" \/><\/figure>\n\n\n\n<figure class=\"wp-block-image size-large\"><img decoding=\"async\" width=\"1024\" height=\"576\" src=\"https:\/\/steelstorm.standardof.net\/wp-content\/uploads\/sites\/3\/2020\/10\/Steel-Storm-Burning-Retribution-Frozen-Canyon-5.jpg\" alt=\"\" class=\"wp-image-248\" title=\"\" srcset=\"https:\/\/steelstorm.standardof.net\/wp-content\/uploads\/sites\/3\/2020\/10\/Steel-Storm-Burning-Retribution-Frozen-Canyon-5.jpg 1024w, https:\/\/steelstorm.standardof.net\/wp-content\/uploads\/sites\/3\/2020\/10\/Steel-Storm-Burning-Retribution-Frozen-Canyon-5-300x169.jpg 300w, https:\/\/steelstorm.standardof.net\/wp-content\/uploads\/sites\/3\/2020\/10\/Steel-Storm-Burning-Retribution-Frozen-Canyon-5-768x432.jpg 768w, https:\/\/steelstorm.standardof.net\/wp-content\/uploads\/sites\/3\/2020\/10\/Steel-Storm-Burning-Retribution-Frozen-Canyon-5-16x9.jpg 16w\" sizes=\"(max-width: 1024px) 100vw, 1024px\" \/><\/figure>\n\n\n\n<figure class=\"wp-block-image size-large\"><img decoding=\"async\" width=\"1024\" height=\"576\" src=\"https:\/\/steelstorm.standardof.net\/wp-content\/uploads\/sites\/3\/2020\/10\/Steel-Storm-Burning-Retribution-Frozen-Canyon-4.jpg\" alt=\"\" class=\"wp-image-247\" title=\"\" srcset=\"https:\/\/steelstorm.standardof.net\/wp-content\/uploads\/sites\/3\/2020\/10\/Steel-Storm-Burning-Retribution-Frozen-Canyon-4.jpg 1024w, https:\/\/steelstorm.standardof.net\/wp-content\/uploads\/sites\/3\/2020\/10\/Steel-Storm-Burning-Retribution-Frozen-Canyon-4-300x169.jpg 300w, https:\/\/steelstorm.standardof.net\/wp-content\/uploads\/sites\/3\/2020\/10\/Steel-Storm-Burning-Retribution-Frozen-Canyon-4-768x432.jpg 768w, https:\/\/steelstorm.standardof.net\/wp-content\/uploads\/sites\/3\/2020\/10\/Steel-Storm-Burning-Retribution-Frozen-Canyon-4-16x9.jpg 16w\" sizes=\"(max-width: 1024px) 100vw, 1024px\" \/><\/figure>\n\n\n\n<figure class=\"wp-block-image size-large\"><img decoding=\"async\" width=\"1024\" height=\"576\" src=\"https:\/\/steelstorm.standardof.net\/wp-content\/uploads\/sites\/3\/2020\/10\/Steel-Storm-Burning-Retribution-Frozen-Canyon-3.jpg\" alt=\"\" class=\"wp-image-246\" title=\"\" srcset=\"https:\/\/steelstorm.standardof.net\/wp-content\/uploads\/sites\/3\/2020\/10\/Steel-Storm-Burning-Retribution-Frozen-Canyon-3.jpg 1024w, https:\/\/steelstorm.standardof.net\/wp-content\/uploads\/sites\/3\/2020\/10\/Steel-Storm-Burning-Retribution-Frozen-Canyon-3-300x169.jpg 300w, https:\/\/steelstorm.standardof.net\/wp-content\/uploads\/sites\/3\/2020\/10\/Steel-Storm-Burning-Retribution-Frozen-Canyon-3-768x432.jpg 768w, https:\/\/steelstorm.standardof.net\/wp-content\/uploads\/sites\/3\/2020\/10\/Steel-Storm-Burning-Retribution-Frozen-Canyon-3-16x9.jpg 16w\" sizes=\"(max-width: 1024px) 100vw, 1024px\" \/><\/figure>\n<\/figure>\n\n<\/div><\/div>\n\n\n<div style=\"height:20px\" aria-hidden=\"true\" class=\"wp-block-spacer\"><\/div>\n\n\n\n<h3 class=\"has-text-align-center wp-block-heading\">Abaixo de Zero - Passo a passo em v\u00eddeo do Frozen Canyon<\/h3>\n\n\n\n<figure class=\"wp-block-embed is-type-video is-provider-youtube wp-block-embed-youtube wp-embed-aspect-16-9 wp-has-aspect-ratio\"><div class=\"wp-block-embed__wrapper\">\n<div class=\"ast-oembed-container\" style=\"height: 100%;\"><iframe title=\"Abaixo de Zero: Canyon Frozen - Steel Storm: Burning Retribution - Epis\u00f3dio 2 Walktrough\" width=\"500\" height=\"281\" src=\"https:\/\/www.youtube.com\/embed\/jy0HmPnbIDI?feature=oembed\" frameborder=\"0\" allow=\"accelerometer; autoplay; clipboard-write; encrypted-media; gyroscope; picture-in-picture; web-share\" referrerpolicy=\"strict-origin-when-cross-origin\" allowfullscreen><\/iframe><\/div>\n<\/div><\/figure>","protected":false},"excerpt":{"rendered":"<p>The Burning Retribution episode of Steel Storm starts off with Below Zero \u2013 Frozen Canyon where you are dropped onto the surface of a frozen meteorite travelling through space where it is believed there is a massive buildup of enemy forces and facilities. Map and Objectives &#8211; Primary Objectives &#8211; Retrieve the access codes from [&hellip;]<\/p>","protected":false},"author":1,"featured_media":54,"parent":173,"menu_order":0,"comment_status":"open","ping_status":"closed","template":"","meta":{"_uag_custom_page_level_css":"","site-sidebar-layout":"default","site-content-layout":"default","ast-site-content-layout":"","site-content-style":"default","site-sidebar-style":"default","ast-global-header-display":"","ast-banner-title-visibility":"","ast-main-header-display":"","ast-hfb-above-header-display":"","ast-hfb-below-header-display":"","ast-hfb-mobile-header-display":"","site-post-title":"","ast-breadcrumbs-content":"","ast-featured-img":"","footer-sml-layout":"","theme-transparent-header-meta":"default","adv-header-id-meta":"","stick-header-meta":"","header-above-stick-meta":"","header-main-stick-meta":"","header-below-stick-meta":"","astra-migrate-meta-layouts":"default","ast-page-background-enabled":"default","ast-page-background-meta":{"desktop":{"background-color":"","background-image":"","background-repeat":"repeat","background-position":"center center","background-size":"auto","background-attachment":"scroll","background-type":"","background-media":"","overlay-type":"","overlay-color":"","overlay-gradient":""},"tablet":{"background-color":"","background-image":"","background-repeat":"repeat","background-position":"center center","background-size":"auto","background-attachment":"scroll","background-type":"","background-media":"","overlay-type":"","overlay-color":"","overlay-gradient":""},"mobile":{"background-color":"","background-image":"","background-repeat":"repeat","background-position":"center center","background-size":"auto","background-attachment":"scroll","background-type":"","background-media":"","overlay-type":"","overlay-color":"","overlay-gradient":""}},"ast-content-background-meta":{"desktop":{"background-color":"var(--ast-global-color-5)","background-image":"","background-repeat":"repeat","background-position":"center center","background-size":"auto","background-attachment":"scroll","background-type":"","background-media":"","overlay-type":"","overlay-color":"","overlay-gradient":""},"tablet":{"background-color":"var(--ast-global-color-5)","background-image":"","background-repeat":"repeat","background-position":"center center","background-size":"auto","background-attachment":"scroll","background-type":"","background-media":"","overlay-type":"","overlay-color":"","overlay-gradient":""},"mobile":{"background-color":"var(--ast-global-color-5)","background-image":"","background-repeat":"repeat","background-position":"center center","background-size":"auto","background-attachment":"scroll","background-type":"","background-media":"","overlay-type":"","overlay-color":"","overlay-gradient":""}},"footnotes":""},"uagb_featured_image_src":{"full":["https:\/\/steelstorm.standardof.net\/wp-content\/uploads\/sites\/3\/2020\/10\/MnEdR-1.jpg",1200,750,false],"thumbnail":["https:\/\/steelstorm.standardof.net\/wp-content\/uploads\/sites\/3\/2020\/10\/MnEdR-1-150x150.jpg",150,150,true],"medium":["https:\/\/steelstorm.standardof.net\/wp-content\/uploads\/sites\/3\/2020\/10\/MnEdR-1-300x188.jpg",300,188,true],"medium_large":["https:\/\/steelstorm.standardof.net\/wp-content\/uploads\/sites\/3\/2020\/10\/MnEdR-1-768x480.jpg",768,480,true],"large":["https:\/\/steelstorm.standardof.net\/wp-content\/uploads\/sites\/3\/2020\/10\/MnEdR-1-1024x640.jpg",1024,640,true],"1536x1536":["https:\/\/steelstorm.standardof.net\/wp-content\/uploads\/sites\/3\/2020\/10\/MnEdR-1.jpg",1200,750,false],"2048x2048":["https:\/\/steelstorm.standardof.net\/wp-content\/uploads\/sites\/3\/2020\/10\/MnEdR-1.jpg",1200,750,false],"trp-custom-language-flag":["https:\/\/steelstorm.standardof.net\/wp-content\/uploads\/sites\/3\/2020\/10\/MnEdR-1.jpg",18,12,false]},"uagb_author_info":{"display_name":"SOE","author_link":"https:\/\/steelstorm.standardof.net\/pt\/author\/k-tastic\/"},"uagb_comment_info":0,"uagb_excerpt":"The Burning Retribution episode of Steel Storm starts off with Below Zero \u2013 Frozen Canyon where you are dropped onto the surface of a frozen meteorite travelling through space where it is believed there is a massive buildup of enemy forces and facilities. Map and Objectives &#8211; Primary Objectives &#8211; Retrieve the access codes from&hellip;","_links":{"self":[{"href":"https:\/\/steelstorm.standardof.net\/pt\/wp-json\/wp\/v2\/pages\/285"}],"collection":[{"href":"https:\/\/steelstorm.standardof.net\/pt\/wp-json\/wp\/v2\/pages"}],"about":[{"href":"https:\/\/steelstorm.standardof.net\/pt\/wp-json\/wp\/v2\/types\/page"}],"author":[{"embeddable":true,"href":"https:\/\/steelstorm.standardof.net\/pt\/wp-json\/wp\/v2\/users\/1"}],"replies":[{"embeddable":true,"href":"https:\/\/steelstorm.standardof.net\/pt\/wp-json\/wp\/v2\/comments?post=285"}],"version-history":[{"count":1,"href":"https:\/\/steelstorm.standardof.net\/pt\/wp-json\/wp\/v2\/pages\/285\/revisions"}],"predecessor-version":[{"id":458,"href":"https:\/\/steelstorm.standardof.net\/pt\/wp-json\/wp\/v2\/pages\/285\/revisions\/458"}],"up":[{"embeddable":true,"href":"https:\/\/steelstorm.standardof.net\/pt\/wp-json\/wp\/v2\/pages\/173"}],"wp:featuredmedia":[{"embeddable":true,"href":"https:\/\/steelstorm.standardof.net\/pt\/wp-json\/wp\/v2\/media\/54"}],"wp:attachment":[{"href":"https:\/\/steelstorm.standardof.net\/pt\/wp-json\/wp\/v2\/media?parent=285"}],"curies":[{"name":"wp","href":"https:\/\/api.w.org\/{rel}","templated":true}]}}