{"id":238,"date":"2020-10-17T12:15:47","date_gmt":"2020-10-17T12:15:47","guid":{"rendered":"https:\/\/steelstorm.standardof.net\/?page_id=238"},"modified":"2022-10-31T08:22:15","modified_gmt":"2022-10-31T08:22:15","slug":"skirmish-onslaught","status":"publish","type":"page","link":"https:\/\/steelstorm.standardof.net\/pt\/guide\/passo-a-passo-de-nivel-2\/ataque-de-escaramuca\/","title":{"rendered":"Skirmish: Onslaught"},"content":{"rendered":"<p>Na primeira miss\u00e3o b\u00f4nus Onslaught, no videogame Steel Storm: Burning Retribution, voc\u00ea come\u00e7a mais uma vez equipado apenas com sua Minigun. Neste n\u00edvel voc\u00ea se depara com nada al\u00e9m de uma infinidade de inimigos em busca de seu sangue, com o \u00fanico objetivo de sair daqui vivo, ganhando uma pontua\u00e7\u00e3o consider\u00e1vel ao longo do caminho.<\/p>\n\n\n\n<div style=\"height:20px\" aria-hidden=\"true\" class=\"wp-block-spacer\"><\/div>\n\n\n<div class=\"gb-container gb-container-ae025cb2\"><div class=\"gb-inside-container\">\n\n<h2 class=\"has-text-align-center wp-block-heading\">Mapa e Objetivos<\/h2>\n\n\n\n<div class=\"wp-block-image is-style-default\"><figure class=\"aligncenter size-full is-resized\"><a href=\"https:\/\/steelstorm.standardof.net\/pt\/steel-storm-bonus-missions-skirmish-onslaught-1\/\"><img decoding=\"async\" src=\"https:\/\/steelstorm.standardof.net\/wp-content\/uploads\/sites\/3\/2020\/10\/Steel-Storm-Bonus-Missions-Skirmish-Onslaught-1.jpg\" alt=\"\" class=\"wp-image-222\" width=\"654\" height=\"500\" title=\"\" srcset=\"https:\/\/steelstorm.standardof.net\/wp-content\/uploads\/sites\/3\/2020\/10\/Steel-Storm-Bonus-Missions-Skirmish-Onslaught-1.jpg 872w, https:\/\/steelstorm.standardof.net\/wp-content\/uploads\/sites\/3\/2020\/10\/Steel-Storm-Bonus-Missions-Skirmish-Onslaught-1-300x229.jpg 300w, https:\/\/steelstorm.standardof.net\/wp-content\/uploads\/sites\/3\/2020\/10\/Steel-Storm-Bonus-Missions-Skirmish-Onslaught-1-768x587.jpg 768w, https:\/\/steelstorm.standardof.net\/wp-content\/uploads\/sites\/3\/2020\/10\/Steel-Storm-Bonus-Missions-Skirmish-Onslaught-1-16x12.jpg 16w\" sizes=\"(max-width: 654px) 100vw, 654px\" \/><\/a><\/figure><\/div>\n\n\n\n<h3 class=\"has-text-align-center wp-block-heading\">- Objetivos prim\u00e1rios -<\/h3>\n\n\n\n<p class=\"has-text-align-center\">Sobreviver<\/p>\n\n<\/div><\/div>\n\n\n<div style=\"height:20px\" aria-hidden=\"true\" class=\"wp-block-spacer\"><\/div>\n\n\n<div class=\"gb-container gb-container-686af150\"><div class=\"gb-inside-container\">\n\n<h2 class=\"has-text-align-center wp-block-heading\">Progress\u00e3o de n\u00edvel e dicas:<\/h2>\n\n\n\n<p>Assim que voc\u00ea come\u00e7ar, voc\u00ea pode trocar sua Minigun por um Canh\u00e3o Flak se desejar, pegando-o junto com alguns escudos que voc\u00ea certamente precisar\u00e1 neste n\u00edvel neste ponto <strong>UMA<\/strong>. Continuando com a coleta de algumas armas iniciais, voc\u00ea pode encontrar um par de armas de arado de tempestade na primeira ponte ao sul no ponto <strong>B<\/strong>, depois de tirar as torres l\u00e1.<\/p>\n\n\n\n<p>No ponto <strong>C<\/strong>voc\u00ea encontrar\u00e1 um portal que est\u00e1 continuamente expelindo inimigos, o primeiro de v\u00e1rios neste n\u00edvel, que voc\u00ea deve apressar e destruir ap\u00f3s eliminar seus spawns. Certifique-se de retir\u00e1-lo o mais r\u00e1pido poss\u00edvel e n\u00e3o o deixe sozinho, pois ele deixa cair a arma Shockwave, que \u00e9 imensamente \u00fatil nesta e na pr\u00f3xima miss\u00e3o.<\/p>\n\n\n\n<p>No ponto <strong>D<\/strong>voc\u00ea encontrar\u00e1 um tanque pesado protegido por uma s\u00e9rie de torres de plasma leve e foguete. Estas s\u00e3o as primeiras v\u00edtimas perfeitas contra as quais usar o Shockwave, utilizando os muitos recantos para evitar seus tiros. Voc\u00ea tamb\u00e9m encontrar\u00e1 sua primeira arma secund\u00e1ria, o Foguete Pod aqui.<\/p>\n\n\n\n<p>Continuando em frente, voc\u00ea encontrar\u00e1 uma arma de propaga\u00e7\u00e3o de tempestade que voc\u00ea pode, opcionalmente, trocar por seu arado de tempestade no ponto <strong>E<\/strong>. Esta arma \u00e9 especialmente \u00fatil na onda que imediatamente come\u00e7a a atacar voc\u00ea na ponte.<\/p>\n\n\n\n<p>Ponto <strong>F<\/strong>voc\u00ea enfrenta um par de tanques minigun pesados defendidos por um par de torres de canh\u00e3o de feixe. O Shockwave \u00e9 imensamente \u00fatil aqui, certificando-se de usar os v\u00e1rios recantos nas paredes e barreiras a seu favor. Continue para o ponto G, que est\u00e1 ao redor da curva para enfrentar o segundo portal, utilizando todas as suas armas para arar rapidamente sobre seu spawn, tirando-o antes que a pr\u00f3xima onda seja convocada.<\/p>\n\n\n\n<p>Seguindo para o oeste pelo caminho verde escuro ap\u00f3s o ponto de acerto <strong>G<\/strong>, voc\u00ea encontrar\u00e1 uma vida extra que realmente n\u00e3o pode perder no momento <strong>1<\/strong> e mais a oeste, um pod de foguete e, finalmente, o terceiro Portal no ponto <strong>H<\/strong>. Depois de limpar esses hostis, leve o Teletransportador no ponto<strong> Eu <\/strong>que se conecta ao pad no ponto <strong>J<\/strong>.<\/p>\n\n\n\n<p>Seguindo o caminho verde claro agora, voc\u00ea pode fazer um desvio para encontrar outra arma Storm Spread no ponto <strong>2 <\/strong>se voc\u00ea precisar agora, ou continue direto para o ponto <strong>K <\/strong>onde uma quarta estrutura de Portal aguarda ap\u00f3s outra dif\u00edcil de perder vida extra. Mais \u00e0 frente marca seu grande desafio final, com um tanque de pr\u00f3tons pesado e duas torres de canh\u00e3o de feixe no ponto <strong>eu<\/strong>. Depois de eliminar essa amea\u00e7a, voc\u00ea pode fazer a reta final para apontar <strong>M<\/strong> onde sua almofada de sa\u00edda o aguarda.<\/p>\n\n\n\n<figure class=\"wp-block-gallery has-nested-images columns-default is-cropped wp-block-gallery-1 is-layout-flex wp-block-gallery-is-layout-flex\">\n<figure class=\"wp-block-image size-large\"><img decoding=\"async\" width=\"1024\" height=\"576\" src=\"https:\/\/steelstorm.standardof.net\/wp-content\/uploads\/sites\/3\/2020\/10\/Steel-Storm-Bonus-Missions-Skirmish-Onslaught-3.jpg\" alt=\"\" class=\"wp-image-224\" title=\"\" srcset=\"https:\/\/steelstorm.standardof.net\/wp-content\/uploads\/sites\/3\/2020\/10\/Steel-Storm-Bonus-Missions-Skirmish-Onslaught-3.jpg 1024w, https:\/\/steelstorm.standardof.net\/wp-content\/uploads\/sites\/3\/2020\/10\/Steel-Storm-Bonus-Missions-Skirmish-Onslaught-3-300x169.jpg 300w, https:\/\/steelstorm.standardof.net\/wp-content\/uploads\/sites\/3\/2020\/10\/Steel-Storm-Bonus-Missions-Skirmish-Onslaught-3-768x432.jpg 768w, https:\/\/steelstorm.standardof.net\/wp-content\/uploads\/sites\/3\/2020\/10\/Steel-Storm-Bonus-Missions-Skirmish-Onslaught-3-16x9.jpg 16w\" sizes=\"(max-width: 1024px) 100vw, 1024px\" \/><\/figure>\n\n\n\n<figure class=\"wp-block-image size-large\"><img decoding=\"async\" width=\"1024\" height=\"576\" src=\"https:\/\/steelstorm.standardof.net\/wp-content\/uploads\/sites\/3\/2020\/10\/Steel-Storm-Bonus-Missions-Skirmish-Onslaught-5.jpg\" alt=\"\" class=\"wp-image-226\" title=\"\" srcset=\"https:\/\/steelstorm.standardof.net\/wp-content\/uploads\/sites\/3\/2020\/10\/Steel-Storm-Bonus-Missions-Skirmish-Onslaught-5.jpg 1024w, https:\/\/steelstorm.standardof.net\/wp-content\/uploads\/sites\/3\/2020\/10\/Steel-Storm-Bonus-Missions-Skirmish-Onslaught-5-300x169.jpg 300w, https:\/\/steelstorm.standardof.net\/wp-content\/uploads\/sites\/3\/2020\/10\/Steel-Storm-Bonus-Missions-Skirmish-Onslaught-5-768x432.jpg 768w, https:\/\/steelstorm.standardof.net\/wp-content\/uploads\/sites\/3\/2020\/10\/Steel-Storm-Bonus-Missions-Skirmish-Onslaught-5-16x9.jpg 16w\" sizes=\"(max-width: 1024px) 100vw, 1024px\" \/><\/figure>\n\n\n\n<figure class=\"wp-block-image size-large\"><img decoding=\"async\" width=\"1024\" height=\"576\" src=\"https:\/\/steelstorm.standardof.net\/wp-content\/uploads\/sites\/3\/2020\/10\/Steel-Storm-Bonus-Missions-Skirmish-Onslaught-4.jpg\" alt=\"\" class=\"wp-image-225\" title=\"\" srcset=\"https:\/\/steelstorm.standardof.net\/wp-content\/uploads\/sites\/3\/2020\/10\/Steel-Storm-Bonus-Missions-Skirmish-Onslaught-4.jpg 1024w, https:\/\/steelstorm.standardof.net\/wp-content\/uploads\/sites\/3\/2020\/10\/Steel-Storm-Bonus-Missions-Skirmish-Onslaught-4-300x169.jpg 300w, https:\/\/steelstorm.standardof.net\/wp-content\/uploads\/sites\/3\/2020\/10\/Steel-Storm-Bonus-Missions-Skirmish-Onslaught-4-768x432.jpg 768w, https:\/\/steelstorm.standardof.net\/wp-content\/uploads\/sites\/3\/2020\/10\/Steel-Storm-Bonus-Missions-Skirmish-Onslaught-4-16x9.jpg 16w\" sizes=\"(max-width: 1024px) 100vw, 1024px\" \/><\/figure>\n\n\n\n<figure class=\"wp-block-image size-large\"><img decoding=\"async\" width=\"1024\" height=\"576\" src=\"https:\/\/steelstorm.standardof.net\/wp-content\/uploads\/sites\/3\/2020\/10\/Steel-Storm-Bonus-Missions-Skirmish-Onslaught-2.jpg\" alt=\"\" class=\"wp-image-223\" title=\"\" srcset=\"https:\/\/steelstorm.standardof.net\/wp-content\/uploads\/sites\/3\/2020\/10\/Steel-Storm-Bonus-Missions-Skirmish-Onslaught-2.jpg 1024w, https:\/\/steelstorm.standardof.net\/wp-content\/uploads\/sites\/3\/2020\/10\/Steel-Storm-Bonus-Missions-Skirmish-Onslaught-2-300x169.jpg 300w, https:\/\/steelstorm.standardof.net\/wp-content\/uploads\/sites\/3\/2020\/10\/Steel-Storm-Bonus-Missions-Skirmish-Onslaught-2-768x432.jpg 768w, https:\/\/steelstorm.standardof.net\/wp-content\/uploads\/sites\/3\/2020\/10\/Steel-Storm-Bonus-Missions-Skirmish-Onslaught-2-16x9.jpg 16w\" sizes=\"(max-width: 1024px) 100vw, 1024px\" \/><\/figure>\n<\/figure>\n\n<\/div><\/div>\n\n\n<div style=\"height:20px\" aria-hidden=\"true\" class=\"wp-block-spacer\"><\/div>\n\n\n\n<h3 class=\"has-text-align-center wp-block-heading\">Skirmish - Passo a passo em v\u00eddeo de investida<\/h3>\n\n\n\n<figure class=\"wp-block-embed is-type-video is-provider-youtube wp-block-embed-youtube wp-embed-aspect-16-9 wp-has-aspect-ratio\"><div class=\"wp-block-embed__wrapper\">\n<div class=\"ast-oembed-container\" style=\"height: 100%;\"><iframe title=\"Skirmish: Onslaught - Steel Storm: Burning Retribution - B\u00f4nus Level Walktrough\" width=\"500\" height=\"281\" src=\"https:\/\/www.youtube.com\/embed\/hPfqIHADkxk?feature=oembed\" frameborder=\"0\" allow=\"accelerometer; autoplay; clipboard-write; encrypted-media; gyroscope; picture-in-picture; web-share\" referrerpolicy=\"strict-origin-when-cross-origin\" allowfullscreen><\/iframe><\/div>\n<\/div><\/figure>","protected":false},"excerpt":{"rendered":"<p>The first bonus mission Onslaught, in the video game Steel Storm: Burning Retribution has you starting off once more equipped only with your Minigun. In this level you are faced with nothing but a plethora of enemies out for your blood, with the sole objective of making it out of here alive, picking up a [&hellip;]<\/p>","protected":false},"author":1,"featured_media":54,"parent":173,"menu_order":0,"comment_status":"open","ping_status":"closed","template":"","meta":{"_uag_custom_page_level_css":"","site-sidebar-layout":"default","site-content-layout":"default","ast-site-content-layout":"","site-content-style":"default","site-sidebar-style":"default","ast-global-header-display":"","ast-banner-title-visibility":"","ast-main-header-display":"","ast-hfb-above-header-display":"","ast-hfb-below-header-display":"","ast-hfb-mobile-header-display":"","site-post-title":"","ast-breadcrumbs-content":"","ast-featured-img":"","footer-sml-layout":"","theme-transparent-header-meta":"default","adv-header-id-meta":"","stick-header-meta":"","header-above-stick-meta":"","header-main-stick-meta":"","header-below-stick-meta":"","astra-migrate-meta-layouts":"default","ast-page-background-enabled":"default","ast-page-background-meta":{"desktop":{"background-color":"","background-image":"","background-repeat":"repeat","background-position":"center center","background-size":"auto","background-attachment":"scroll","background-type":"","background-media":"","overlay-type":"","overlay-color":"","overlay-gradient":""},"tablet":{"background-color":"","background-image":"","background-repeat":"repeat","background-position":"center center","background-size":"auto","background-attachment":"scroll","background-type":"","background-media":"","overlay-type":"","overlay-color":"","overlay-gradient":""},"mobile":{"background-color":"","background-image":"","background-repeat":"repeat","background-position":"center center","background-size":"auto","background-attachment":"scroll","background-type":"","background-media":"","overlay-type":"","overlay-color":"","overlay-gradient":""}},"ast-content-background-meta":{"desktop":{"background-color":"var(--ast-global-color-5)","background-image":"","background-repeat":"repeat","background-position":"center center","background-size":"auto","background-attachment":"scroll","background-type":"","background-media":"","overlay-type":"","overlay-color":"","overlay-gradient":""},"tablet":{"background-color":"var(--ast-global-color-5)","background-image":"","background-repeat":"repeat","background-position":"center center","background-size":"auto","background-attachment":"scroll","background-type":"","background-media":"","overlay-type":"","overlay-color":"","overlay-gradient":""},"mobile":{"background-color":"var(--ast-global-color-5)","background-image":"","background-repeat":"repeat","background-position":"center center","background-size":"auto","background-attachment":"scroll","background-type":"","background-media":"","overlay-type":"","overlay-color":"","overlay-gradient":""}},"footnotes":""},"uagb_featured_image_src":{"full":["https:\/\/steelstorm.standardof.net\/wp-content\/uploads\/sites\/3\/2020\/10\/MnEdR-1.jpg",1200,750,false],"thumbnail":["https:\/\/steelstorm.standardof.net\/wp-content\/uploads\/sites\/3\/2020\/10\/MnEdR-1-150x150.jpg",150,150,true],"medium":["https:\/\/steelstorm.standardof.net\/wp-content\/uploads\/sites\/3\/2020\/10\/MnEdR-1-300x188.jpg",300,188,true],"medium_large":["https:\/\/steelstorm.standardof.net\/wp-content\/uploads\/sites\/3\/2020\/10\/MnEdR-1-768x480.jpg",768,480,true],"large":["https:\/\/steelstorm.standardof.net\/wp-content\/uploads\/sites\/3\/2020\/10\/MnEdR-1-1024x640.jpg",1024,640,true],"1536x1536":["https:\/\/steelstorm.standardof.net\/wp-content\/uploads\/sites\/3\/2020\/10\/MnEdR-1.jpg",1200,750,false],"2048x2048":["https:\/\/steelstorm.standardof.net\/wp-content\/uploads\/sites\/3\/2020\/10\/MnEdR-1.jpg",1200,750,false],"trp-custom-language-flag":["https:\/\/steelstorm.standardof.net\/wp-content\/uploads\/sites\/3\/2020\/10\/MnEdR-1.jpg",18,12,false]},"uagb_author_info":{"display_name":"SOE","author_link":"https:\/\/steelstorm.standardof.net\/pt\/author\/k-tastic\/"},"uagb_comment_info":0,"uagb_excerpt":"The first bonus mission Onslaught, in the video game Steel Storm: Burning Retribution has you starting off once more equipped only with your Minigun. In this level you are faced with nothing but a plethora of enemies out for your blood, with the sole objective of making it out of here alive, picking up a&hellip;","_links":{"self":[{"href":"https:\/\/steelstorm.standardof.net\/pt\/wp-json\/wp\/v2\/pages\/238"}],"collection":[{"href":"https:\/\/steelstorm.standardof.net\/pt\/wp-json\/wp\/v2\/pages"}],"about":[{"href":"https:\/\/steelstorm.standardof.net\/pt\/wp-json\/wp\/v2\/types\/page"}],"author":[{"embeddable":true,"href":"https:\/\/steelstorm.standardof.net\/pt\/wp-json\/wp\/v2\/users\/1"}],"replies":[{"embeddable":true,"href":"https:\/\/steelstorm.standardof.net\/pt\/wp-json\/wp\/v2\/comments?post=238"}],"version-history":[{"count":1,"href":"https:\/\/steelstorm.standardof.net\/pt\/wp-json\/wp\/v2\/pages\/238\/revisions"}],"predecessor-version":[{"id":462,"href":"https:\/\/steelstorm.standardof.net\/pt\/wp-json\/wp\/v2\/pages\/238\/revisions\/462"}],"up":[{"embeddable":true,"href":"https:\/\/steelstorm.standardof.net\/pt\/wp-json\/wp\/v2\/pages\/173"}],"wp:featuredmedia":[{"embeddable":true,"href":"https:\/\/steelstorm.standardof.net\/pt\/wp-json\/wp\/v2\/media\/54"}],"wp:attachment":[{"href":"https:\/\/steelstorm.standardof.net\/pt\/wp-json\/wp\/v2\/media?parent=238"}],"curies":[{"name":"wp","href":"https:\/\/api.w.org\/{rel}","templated":true}]}}