{"id":237,"date":"2020-10-17T12:19:58","date_gmt":"2020-10-17T12:19:58","guid":{"rendered":"https:\/\/steelstorm.standardof.net\/?page_id=237"},"modified":"2022-10-31T08:21:58","modified_gmt":"2022-10-31T08:21:58","slug":"skirmish-burning-sands","status":"publish","type":"page","link":"https:\/\/steelstorm.standardof.net\/pt\/guide\/passo-a-passo-de-nivel-2\/areias-ardentes-de-escaramuca\/","title":{"rendered":"Skirmish: Burning Sands"},"content":{"rendered":"<p>A miss\u00e3o Burning Sands \u00e9 menos limitada por corredores r\u00edgidos em favor de um grande peda\u00e7o de terra dividido em duas metades principais que voc\u00ea precisar\u00e1 atravessar para alcan\u00e7ar seus objetivos.<\/p>\n\n\n\n<div style=\"height:20px\" aria-hidden=\"true\" class=\"wp-block-spacer\"><\/div>\n\n\n<div class=\"gb-container gb-container-ae025cb2\"><div class=\"gb-inside-container\">\n\n<h2 class=\"has-text-align-center wp-block-heading\">Mapa e Objetivos<\/h2>\n\n\n\n<div class=\"wp-block-image is-style-default\"><figure class=\"aligncenter size-full is-resized\"><a href=\"https:\/\/steelstorm.standardof.net\/pt\/steel-storm-bonus-missions-skirmish-burning-sands-0\/\"><img decoding=\"async\" src=\"https:\/\/steelstorm.standardof.net\/wp-content\/uploads\/sites\/3\/2020\/10\/Steel-Storm-Bonus-Missions-Skirmish-Burning-Sands-0.jpg\" alt=\"\" class=\"wp-image-216\" width=\"668\" height=\"504\" title=\"\" srcset=\"https:\/\/steelstorm.standardof.net\/wp-content\/uploads\/sites\/3\/2020\/10\/Steel-Storm-Bonus-Missions-Skirmish-Burning-Sands-0.jpg 891w, https:\/\/steelstorm.standardof.net\/wp-content\/uploads\/sites\/3\/2020\/10\/Steel-Storm-Bonus-Missions-Skirmish-Burning-Sands-0-300x226.jpg 300w, https:\/\/steelstorm.standardof.net\/wp-content\/uploads\/sites\/3\/2020\/10\/Steel-Storm-Bonus-Missions-Skirmish-Burning-Sands-0-768x579.jpg 768w, https:\/\/steelstorm.standardof.net\/wp-content\/uploads\/sites\/3\/2020\/10\/Steel-Storm-Bonus-Missions-Skirmish-Burning-Sands-0-16x12.jpg 16w\" sizes=\"(max-width: 668px) 100vw, 668px\" \/><\/a><\/figure><\/div>\n\n\n\n<h3 class=\"has-text-align-center wp-block-heading\">- Objetivos prim\u00e1rios -<\/h3>\n\n\n\n<p class=\"has-text-align-center\">Destrua o incinerador.<br>Obtenha acesso ao lado sul da ponte.<br>Assolam as for\u00e7as inimigas restantes.<\/p>\n\n<\/div><\/div>\n\n\n<div style=\"height:20px\" aria-hidden=\"true\" class=\"wp-block-spacer\"><\/div>\n\n\n<div class=\"gb-container gb-container-686af150\"><div class=\"gb-inside-container\">\n\n<h2 class=\"has-text-align-center wp-block-heading\">Progress\u00e3o de n\u00edvel e dicas:<\/h2>\n\n\n\n<p>De sua localiza\u00e7\u00e3o inicial, ser\u00e1 hora de ir ao ponto <strong>UMA<\/strong> ao longo do caminho vermelho onde voc\u00ea encontrar\u00e1 algumas torres entre alguns outros inimigos. Retire as torres ao redor do Obelisco para soltar o campo de for\u00e7a ao redor do Teletransportador aqui. Quando esses campos est\u00e3o desativados, voc\u00ea pode usar o teclado para se teletransportar para apontar <strong>B <\/strong>(caminho azul claro) onde um arado de tempestade o aguarda.<\/p>\n\n\n\n<p>O campo em que voc\u00ea chega est\u00e1 repleto de inimigos, ent\u00e3o espere passar um bom tempo lutando contra os inimigos nesta \u00e1rea, junto com um tanque de pr\u00f3tons pesado que patrulha a ferrovia pr\u00f3xima. Siga o caminho laranja, certificando-se de pegar o caminho sul ao redor do planalto que \u00e9 o ponto <strong>H<\/strong> no seu caminho para apontar <strong>C <\/strong>que abriga o Incinerador que voc\u00ea deve destruir. Se voc\u00ea seguir pelo caminho norte, mais estreito, ser\u00e1 emboscado e oprimido facilmente, com pouco espa\u00e7o para se esquivar.<\/p>\n\n\n\n<p>Opcionalmente no seu caminho para apontar <strong>C<\/strong> voc\u00ea pode fazer um desvio r\u00e1pido para apontar <strong>1<\/strong>onde voc\u00ea pode usar um elevador para desativar um campo de for\u00e7a pr\u00f3ximo ao farol inicial. Isso \u00e9 \u00fatil se voc\u00ea est\u00e1 tendo problemas nesta miss\u00e3o, oferecendo uma rota mais r\u00e1pida para voltar \u00e0 a\u00e7\u00e3o caso voc\u00ea morra. Sinta-se \u00e0 vontade para pular esta se\u00e7\u00e3o se estiver confiante em suas habilidades de sobreviv\u00eancia.<\/p>\n\n\n\n<p>Depois de destruir o Incinerador no ponto <strong>C<\/strong>, viaje mais para o leste para alcan\u00e7ar o ponto <strong>D<\/strong> onde voc\u00ea encontrar\u00e1 uma almofada do gatilho protegida por algumas torres. Pise nisso para desativar o campo de for\u00e7a no ponto <strong>F<\/strong> permitindo que voc\u00ea atravesse a ponte para o lado sul. Antes de sair dessa rota, pegue a vida extra no ponto <strong>D<\/strong> pr\u00f3ximo ao bloco e pegue o teletransportador no ponto <strong>E<\/strong>.<\/p>\n\n\n\n<p>Este teletransportador leva voc\u00ea para o desfiladeiro entre os dois peda\u00e7os principais de terra onde voc\u00ea pode seguir para oeste (caminho amarelo) para apontar <strong>F<\/strong>, coletando alguns pontos de b\u00f4nus agrad\u00e1veis ao longo do caminho para outra vida extra antes de voltar de onde voc\u00ea veio para prosseguir com a miss\u00e3o.<\/p>\n\n\n\n<p>Chegando de volta ao ponto <strong>E<\/strong> de viajar pelo canyon, siga o caminho marrom sobre a ponte no ponto <strong>F<\/strong>, lembrando-se de ficar nas laterais para evitar cair no meio, no caminho para apontar <strong>G<\/strong>. Voc\u00ea provavelmente ter\u00e1 que limpar a \u00e1rea antes de ter a oportunidade de pisar no teletransportador no ponto <strong>G<\/strong> que leva voc\u00ea ao topo do planalto no ponto <strong>H <\/strong>que cont\u00e9m um foguete, terceira vida e mais pontos.<\/p>\n\n\n\n<p>Quando voc\u00ea terminar de eliminar o inimigo, voc\u00ea pode usar o teclado de sa\u00edda no ponto <strong>K<\/strong> para sair deste n\u00edvel.<\/p>\n\n\n\n<figure class=\"wp-block-gallery has-nested-images columns-default is-cropped wp-block-gallery-1 is-layout-flex wp-block-gallery-is-layout-flex\">\n<figure class=\"wp-block-image size-large\"><img decoding=\"async\" width=\"1024\" height=\"576\" src=\"https:\/\/steelstorm.standardof.net\/wp-content\/uploads\/sites\/3\/2020\/10\/Steel-Storm-Bonus-Missions-Skirmish-Burning-Sands-1.jpg\" alt=\"\" class=\"wp-image-217\" title=\"\" srcset=\"https:\/\/steelstorm.standardof.net\/wp-content\/uploads\/sites\/3\/2020\/10\/Steel-Storm-Bonus-Missions-Skirmish-Burning-Sands-1.jpg 1024w, https:\/\/steelstorm.standardof.net\/wp-content\/uploads\/sites\/3\/2020\/10\/Steel-Storm-Bonus-Missions-Skirmish-Burning-Sands-1-300x169.jpg 300w, https:\/\/steelstorm.standardof.net\/wp-content\/uploads\/sites\/3\/2020\/10\/Steel-Storm-Bonus-Missions-Skirmish-Burning-Sands-1-768x432.jpg 768w, https:\/\/steelstorm.standardof.net\/wp-content\/uploads\/sites\/3\/2020\/10\/Steel-Storm-Bonus-Missions-Skirmish-Burning-Sands-1-16x9.jpg 16w\" sizes=\"(max-width: 1024px) 100vw, 1024px\" \/><\/figure>\n\n\n\n<figure class=\"wp-block-image size-large\"><img decoding=\"async\" width=\"1024\" height=\"576\" src=\"https:\/\/steelstorm.standardof.net\/wp-content\/uploads\/sites\/3\/2020\/10\/Steel-Storm-Bonus-Missions-Skirmish-Burning-Sands-4.jpg\" alt=\"\" class=\"wp-image-220\" title=\"\" srcset=\"https:\/\/steelstorm.standardof.net\/wp-content\/uploads\/sites\/3\/2020\/10\/Steel-Storm-Bonus-Missions-Skirmish-Burning-Sands-4.jpg 1024w, https:\/\/steelstorm.standardof.net\/wp-content\/uploads\/sites\/3\/2020\/10\/Steel-Storm-Bonus-Missions-Skirmish-Burning-Sands-4-300x169.jpg 300w, https:\/\/steelstorm.standardof.net\/wp-content\/uploads\/sites\/3\/2020\/10\/Steel-Storm-Bonus-Missions-Skirmish-Burning-Sands-4-768x432.jpg 768w, https:\/\/steelstorm.standardof.net\/wp-content\/uploads\/sites\/3\/2020\/10\/Steel-Storm-Bonus-Missions-Skirmish-Burning-Sands-4-16x9.jpg 16w\" sizes=\"(max-width: 1024px) 100vw, 1024px\" \/><\/figure>\n\n\n\n<figure class=\"wp-block-image size-large\"><img decoding=\"async\" width=\"1024\" height=\"576\" src=\"https:\/\/steelstorm.standardof.net\/wp-content\/uploads\/sites\/3\/2020\/10\/Steel-Storm-Bonus-Missions-Skirmish-Burning-Sands-5.jpg\" alt=\"\" class=\"wp-image-221\" title=\"\" srcset=\"https:\/\/steelstorm.standardof.net\/wp-content\/uploads\/sites\/3\/2020\/10\/Steel-Storm-Bonus-Missions-Skirmish-Burning-Sands-5.jpg 1024w, https:\/\/steelstorm.standardof.net\/wp-content\/uploads\/sites\/3\/2020\/10\/Steel-Storm-Bonus-Missions-Skirmish-Burning-Sands-5-300x169.jpg 300w, https:\/\/steelstorm.standardof.net\/wp-content\/uploads\/sites\/3\/2020\/10\/Steel-Storm-Bonus-Missions-Skirmish-Burning-Sands-5-768x432.jpg 768w, https:\/\/steelstorm.standardof.net\/wp-content\/uploads\/sites\/3\/2020\/10\/Steel-Storm-Bonus-Missions-Skirmish-Burning-Sands-5-16x9.jpg 16w\" sizes=\"(max-width: 1024px) 100vw, 1024px\" \/><\/figure>\n\n\n\n<figure class=\"wp-block-image size-large\"><img decoding=\"async\" width=\"1024\" height=\"576\" src=\"https:\/\/steelstorm.standardof.net\/wp-content\/uploads\/sites\/3\/2020\/10\/Steel-Storm-Bonus-Missions-Skirmish-Burning-Sands-3.jpg\" alt=\"\" class=\"wp-image-219\" title=\"\" srcset=\"https:\/\/steelstorm.standardof.net\/wp-content\/uploads\/sites\/3\/2020\/10\/Steel-Storm-Bonus-Missions-Skirmish-Burning-Sands-3.jpg 1024w, https:\/\/steelstorm.standardof.net\/wp-content\/uploads\/sites\/3\/2020\/10\/Steel-Storm-Bonus-Missions-Skirmish-Burning-Sands-3-300x169.jpg 300w, https:\/\/steelstorm.standardof.net\/wp-content\/uploads\/sites\/3\/2020\/10\/Steel-Storm-Bonus-Missions-Skirmish-Burning-Sands-3-768x432.jpg 768w, https:\/\/steelstorm.standardof.net\/wp-content\/uploads\/sites\/3\/2020\/10\/Steel-Storm-Bonus-Missions-Skirmish-Burning-Sands-3-16x9.jpg 16w\" sizes=\"(max-width: 1024px) 100vw, 1024px\" \/><\/figure>\n\n\n\n<figure class=\"wp-block-image size-large\"><img decoding=\"async\" width=\"1024\" height=\"576\" src=\"https:\/\/steelstorm.standardof.net\/wp-content\/uploads\/sites\/3\/2020\/10\/Steel-Storm-Bonus-Missions-Skirmish-Burning-Sands-2.jpg\" alt=\"\" class=\"wp-image-218\" title=\"\" srcset=\"https:\/\/steelstorm.standardof.net\/wp-content\/uploads\/sites\/3\/2020\/10\/Steel-Storm-Bonus-Missions-Skirmish-Burning-Sands-2.jpg 1024w, https:\/\/steelstorm.standardof.net\/wp-content\/uploads\/sites\/3\/2020\/10\/Steel-Storm-Bonus-Missions-Skirmish-Burning-Sands-2-300x169.jpg 300w, https:\/\/steelstorm.standardof.net\/wp-content\/uploads\/sites\/3\/2020\/10\/Steel-Storm-Bonus-Missions-Skirmish-Burning-Sands-2-768x432.jpg 768w, https:\/\/steelstorm.standardof.net\/wp-content\/uploads\/sites\/3\/2020\/10\/Steel-Storm-Bonus-Missions-Skirmish-Burning-Sands-2-16x9.jpg 16w\" sizes=\"(max-width: 1024px) 100vw, 1024px\" \/><\/figure>\n<\/figure>\n\n<\/div><\/div>\n\n\n<div style=\"height:20px\" aria-hidden=\"true\" class=\"wp-block-spacer\"><\/div>\n\n\n\n<h3 class=\"has-text-align-center wp-block-heading\">Skirmish - Passo a passo em v\u00eddeo do Burning Sands<\/h3>\n\n\n\n<figure class=\"wp-block-embed is-type-video is-provider-youtube wp-block-embed-youtube wp-embed-aspect-16-9 wp-has-aspect-ratio\"><div class=\"wp-block-embed__wrapper\">\n<div class=\"ast-oembed-container\" style=\"height: 100%;\"><iframe title=\"Ponto sem retorno: Areias Ardentes - Tempestade de A\u00e7o: Retribui\u00e7\u00e3o Ardente - Epis\u00f3dio 1 Walktrough\" width=\"500\" height=\"281\" src=\"https:\/\/www.youtube.com\/embed\/OlSWA_9paAs?feature=oembed\" frameborder=\"0\" allow=\"accelerometer; autoplay; clipboard-write; encrypted-media; gyroscope; picture-in-picture; web-share\" referrerpolicy=\"strict-origin-when-cross-origin\" allowfullscreen><\/iframe><\/div>\n<\/div><\/figure>","protected":false},"excerpt":{"rendered":"<p>The Burning Sands mission is less constrained by strict hallways in favor of a large piece of land divided into two main halves you will need to traverse to reach your objectives. Map and Objectives &#8211; Primary Objectives &#8211; Destroy the incinerator.Gain access to the south side of the bridge.Lay waste to the remaining enemy [&hellip;]<\/p>","protected":false},"author":1,"featured_media":54,"parent":173,"menu_order":0,"comment_status":"open","ping_status":"closed","template":"","meta":{"_uag_custom_page_level_css":"","site-sidebar-layout":"default","site-content-layout":"default","ast-site-content-layout":"","site-content-style":"default","site-sidebar-style":"default","ast-global-header-display":"","ast-banner-title-visibility":"","ast-main-header-display":"","ast-hfb-above-header-display":"","ast-hfb-below-header-display":"","ast-hfb-mobile-header-display":"","site-post-title":"","ast-breadcrumbs-content":"","ast-featured-img":"","footer-sml-layout":"","theme-transparent-header-meta":"default","adv-header-id-meta":"","stick-header-meta":"","header-above-stick-meta":"","header-main-stick-meta":"","header-below-stick-meta":"","astra-migrate-meta-layouts":"default","ast-page-background-enabled":"default","ast-page-background-meta":{"desktop":{"background-color":"","background-image":"","background-repeat":"repeat","background-position":"center center","background-size":"auto","background-attachment":"scroll","background-type":"","background-media":"","overlay-type":"","overlay-color":"","overlay-gradient":""},"tablet":{"background-color":"","background-image":"","background-repeat":"repeat","background-position":"center center","background-size":"auto","background-attachment":"scroll","background-type":"","background-media":"","overlay-type":"","overlay-color":"","overlay-gradient":""},"mobile":{"background-color":"","background-image":"","background-repeat":"repeat","background-position":"center center","background-size":"auto","background-attachment":"scroll","background-type":"","background-media":"","overlay-type":"","overlay-color":"","overlay-gradient":""}},"ast-content-background-meta":{"desktop":{"background-color":"var(--ast-global-color-5)","background-image":"","background-repeat":"repeat","background-position":"center center","background-size":"auto","background-attachment":"scroll","background-type":"","background-media":"","overlay-type":"","overlay-color":"","overlay-gradient":""},"tablet":{"background-color":"var(--ast-global-color-5)","background-image":"","background-repeat":"repeat","background-position":"center center","background-size":"auto","background-attachment":"scroll","background-type":"","background-media":"","overlay-type":"","overlay-color":"","overlay-gradient":""},"mobile":{"background-color":"var(--ast-global-color-5)","background-image":"","background-repeat":"repeat","background-position":"center center","background-size":"auto","background-attachment":"scroll","background-type":"","background-media":"","overlay-type":"","overlay-color":"","overlay-gradient":""}},"footnotes":""},"uagb_featured_image_src":{"full":["https:\/\/steelstorm.standardof.net\/wp-content\/uploads\/sites\/3\/2020\/10\/MnEdR-1.jpg",1200,750,false],"thumbnail":["https:\/\/steelstorm.standardof.net\/wp-content\/uploads\/sites\/3\/2020\/10\/MnEdR-1-150x150.jpg",150,150,true],"medium":["https:\/\/steelstorm.standardof.net\/wp-content\/uploads\/sites\/3\/2020\/10\/MnEdR-1-300x188.jpg",300,188,true],"medium_large":["https:\/\/steelstorm.standardof.net\/wp-content\/uploads\/sites\/3\/2020\/10\/MnEdR-1-768x480.jpg",768,480,true],"large":["https:\/\/steelstorm.standardof.net\/wp-content\/uploads\/sites\/3\/2020\/10\/MnEdR-1-1024x640.jpg",1024,640,true],"1536x1536":["https:\/\/steelstorm.standardof.net\/wp-content\/uploads\/sites\/3\/2020\/10\/MnEdR-1.jpg",1200,750,false],"2048x2048":["https:\/\/steelstorm.standardof.net\/wp-content\/uploads\/sites\/3\/2020\/10\/MnEdR-1.jpg",1200,750,false],"trp-custom-language-flag":["https:\/\/steelstorm.standardof.net\/wp-content\/uploads\/sites\/3\/2020\/10\/MnEdR-1.jpg",18,12,false]},"uagb_author_info":{"display_name":"SOE","author_link":"https:\/\/steelstorm.standardof.net\/pt\/author\/k-tastic\/"},"uagb_comment_info":0,"uagb_excerpt":"The Burning Sands mission is less constrained by strict hallways in favor of a large piece of land divided into two main halves you will need to traverse to reach your objectives. Map and Objectives &#8211; Primary Objectives &#8211; Destroy the incinerator.Gain access to the south side of the bridge.Lay waste to the remaining enemy&hellip;","_links":{"self":[{"href":"https:\/\/steelstorm.standardof.net\/pt\/wp-json\/wp\/v2\/pages\/237"}],"collection":[{"href":"https:\/\/steelstorm.standardof.net\/pt\/wp-json\/wp\/v2\/pages"}],"about":[{"href":"https:\/\/steelstorm.standardof.net\/pt\/wp-json\/wp\/v2\/types\/page"}],"author":[{"embeddable":true,"href":"https:\/\/steelstorm.standardof.net\/pt\/wp-json\/wp\/v2\/users\/1"}],"replies":[{"embeddable":true,"href":"https:\/\/steelstorm.standardof.net\/pt\/wp-json\/wp\/v2\/comments?post=237"}],"version-history":[{"count":1,"href":"https:\/\/steelstorm.standardof.net\/pt\/wp-json\/wp\/v2\/pages\/237\/revisions"}],"predecessor-version":[{"id":460,"href":"https:\/\/steelstorm.standardof.net\/pt\/wp-json\/wp\/v2\/pages\/237\/revisions\/460"}],"up":[{"embeddable":true,"href":"https:\/\/steelstorm.standardof.net\/pt\/wp-json\/wp\/v2\/pages\/173"}],"wp:featuredmedia":[{"embeddable":true,"href":"https:\/\/steelstorm.standardof.net\/pt\/wp-json\/wp\/v2\/media\/54"}],"wp:attachment":[{"href":"https:\/\/steelstorm.standardof.net\/pt\/wp-json\/wp\/v2\/media?parent=237"}],"curies":[{"name":"wp","href":"https:\/\/api.w.org\/{rel}","templated":true}]}}