{"id":234,"date":"2020-10-17T12:11:24","date_gmt":"2020-10-17T12:11:24","guid":{"rendered":"https:\/\/steelstorm.standardof.net\/?page_id=234"},"modified":"2022-10-31T08:22:34","modified_gmt":"2022-10-31T08:22:34","slug":"skirmish-purgatory","status":"publish","type":"page","link":"https:\/\/steelstorm.standardof.net\/pt\/guide\/passo-a-passo-de-nivel-2\/escaramuca-purgatorio\/","title":{"rendered":"Escaramu\u00e7a: Purgat\u00f3rio"},"content":{"rendered":"<p>No segundo n\u00edvel de b\u00f4nus do videogame Steel Storm, voc\u00ea ter\u00e1 a tarefa de ligar um sistema de bomba neste mapa noturno do deserto. Com esta miss\u00e3o, voc\u00ea deve come\u00e7ar com um bom arsenal de armas, desde que tenha escapado de Onslaught com eles intactos.<\/p>\n\n\n\n<div style=\"height:20px\" aria-hidden=\"true\" class=\"wp-block-spacer\"><\/div>\n\n\n<div class=\"gb-container gb-container-985c9931\"><div class=\"gb-inside-container\">\n\n<h2 class=\"has-text-align-center wp-block-heading\">Mapa e Objetivos<\/h2>\n\n\n\n<div class=\"wp-block-image is-style-default\"><figure class=\"aligncenter size-large is-resized\"><a href=\"https:\/\/steelstorm.standardof.net\/pt\/steel-storm-bonus-missions-skirmish-purgatory-1\/\"><img decoding=\"async\" src=\"https:\/\/steelstorm.standardof.net\/wp-content\/uploads\/sites\/3\/2020\/10\/Steel-Storm-Bonus-Missions-Skirmish-Purgatory-1.jpg\" alt=\"\" class=\"wp-image-227\" width=\"670\" height=\"501\" title=\"\" srcset=\"https:\/\/steelstorm.standardof.net\/wp-content\/uploads\/sites\/3\/2020\/10\/Steel-Storm-Bonus-Missions-Skirmish-Purgatory-1.jpg 893w, https:\/\/steelstorm.standardof.net\/wp-content\/uploads\/sites\/3\/2020\/10\/Steel-Storm-Bonus-Missions-Skirmish-Purgatory-1-300x224.jpg 300w, https:\/\/steelstorm.standardof.net\/wp-content\/uploads\/sites\/3\/2020\/10\/Steel-Storm-Bonus-Missions-Skirmish-Purgatory-1-768x574.jpg 768w, https:\/\/steelstorm.standardof.net\/wp-content\/uploads\/sites\/3\/2020\/10\/Steel-Storm-Bonus-Missions-Skirmish-Purgatory-1-16x12.jpg 16w\" sizes=\"(max-width: 670px) 100vw, 670px\" \/><\/a><\/figure><\/div>\n\n\n\n<h3 class=\"has-text-align-center wp-block-heading\">- Objetivos prim\u00e1rios -<\/h3>\n\n\n\n<p class=\"has-text-align-center\">Ligue o sistema da bomba.<\/p>\n\n<\/div><\/div>\n\n\n<div style=\"height:20px\" aria-hidden=\"true\" class=\"wp-block-spacer\"><\/div>\n\n\n<div class=\"gb-container gb-container-c55dfd9b\"><div class=\"gb-inside-container\">\n\n<h2 class=\"has-text-align-center wp-block-heading\">Progress\u00e3o de n\u00edvel e dicas:<\/h2>\n\n\n\n<p>Come\u00e7ando no caminho vermelho vis\u00edvel na imagem \u00e0 direita, v\u00e1 para a primeira das 3 bombas com as quais voc\u00ea deve interagir no ponto <strong>UMA<\/strong>. Esta bomba \u00e9 protegida por um tanque pesado de minigun e \u00e9 a \u00fanica que n\u00e3o requer um cart\u00e3o-chave. Certifique-se de parar por ponto <strong>1<\/strong>se voc\u00ea quiser pegar alguns m\u00edsseis homing.<\/p>\n\n\n\n<p>Em seguida, viaje ao redor do lado sul do planalto, onde o caminho vermelho passa por curvas, pois h\u00e1 coletores de cristal que valem a pena ao longo deste caminho, sem falar em mais espa\u00e7o para se esquivar do fogo, no seu caminho para apontar <strong>B<\/strong>. Pegue o elevador neste ponto e v\u00e1 at\u00e9 o ponto <strong>C <\/strong>para baixar um cart\u00e3o-chave vermelho da instala\u00e7\u00e3o de l\u00e1, cuidando do tanque pesado que o guarda. No caminho de volta para o elevador, voc\u00ea pode parar em um ponto <strong>3 <\/strong>para uma arma Storm Spread.<\/p>\n\n\n\n<p>O cart\u00e3o que voc\u00ea possui agora deve ser usado na bomba no momento <strong>D <\/strong>antes de seguir o caminho amarelo para o lado sul deste mapa, parando no ponto <strong>2 <\/strong>se voc\u00ea precisar pegar a arma Shockwave. Ao chegar ao ponto <strong>E<\/strong>, que \u00e9 o seu pr\u00f3ximo destino, voc\u00ea ter\u00e1 que usar o teclado do teletransportador para viajar para o ponto <strong>F<\/strong> ao longo da linha azul claro. Se voc\u00ea quiser uma arma Storm Shield, voc\u00ea pode encontrar uma delas no ponto <strong>4<\/strong>.<\/p>\n\n\n\n<p>Depois de sair do Teletransportador no ponto <strong>F<\/strong>, atravesse o topo do edif\u00edcio em dire\u00e7\u00e3o ao ponto <strong>G<\/strong> onde voc\u00ea encontrar\u00e1 outro Teleporter ap\u00f3s um cart\u00e3o vermelho. Pegue este cart\u00e3o-chave, ignorando o Teletransportador por enquanto e volte pelo teclado no ponto <strong>F<\/strong>, tomando nota do Storm Plough no ponto <strong>5 <\/strong>se voc\u00ea quiser peg\u00e1-lo, chegando de volta no ponto <strong>E<\/strong>. Agora voc\u00ea pode usar o cart\u00e3o que acabou de pegar para interagir com a bomba no ponto <strong>H<\/strong>, completando seu objetivo principal.<\/p>\n\n\n\n<p>Dirija-se mais uma vez pelo teclado do teletransportador no ponto <strong>E<\/strong>, voltando novamente no ponto <strong>F <\/strong>e volte para o teletransportador que voc\u00ea ignorou anteriormente <strong>G<\/strong>. Pegar este bloco o levar\u00e1 ao plat\u00f4 pr\u00f3ximo no ponto I, onde voc\u00ea pode encontrar outro Teleporter no ponto <strong>J<\/strong>, que por sua vez o levar\u00e1 ao bloco no topo do edif\u00edcio no ponto <strong>K<\/strong>. Acione o pad aqui para desativar o campo de for\u00e7a e lutar para passar por um \u00faltimo tanque pesado (tente usar o Fusion Core Rack como uma armadilha explosiva) para garantir sua partida no ponto de sa\u00edda <strong>eu<\/strong>.<\/p>\n\n\n\n<p>Nota: No v\u00eddeo abaixo, este tanque pesado final n\u00e3o renasce, em uma segunda jogada, o que significa que depende de como voc\u00ea cruza os gatilhos que est\u00e3o logo ap\u00f3s o campo de for\u00e7a desativado. Mantenha isso em mente.<\/p>\n\n\n\n<figure class=\"wp-block-gallery has-nested-images columns-default is-cropped wp-block-gallery-1 is-layout-flex wp-block-gallery-is-layout-flex\">\n<figure class=\"wp-block-image size-large\"><img decoding=\"async\" width=\"1024\" height=\"576\" src=\"https:\/\/steelstorm.standardof.net\/wp-content\/uploads\/sites\/3\/2020\/10\/Steel-Storm-Bonus-Missions-Skirmish-Purgatory-2.jpg\" alt=\"\" class=\"wp-image-228\" title=\"\" srcset=\"https:\/\/steelstorm.standardof.net\/wp-content\/uploads\/sites\/3\/2020\/10\/Steel-Storm-Bonus-Missions-Skirmish-Purgatory-2.jpg 1024w, https:\/\/steelstorm.standardof.net\/wp-content\/uploads\/sites\/3\/2020\/10\/Steel-Storm-Bonus-Missions-Skirmish-Purgatory-2-300x169.jpg 300w, https:\/\/steelstorm.standardof.net\/wp-content\/uploads\/sites\/3\/2020\/10\/Steel-Storm-Bonus-Missions-Skirmish-Purgatory-2-768x432.jpg 768w, https:\/\/steelstorm.standardof.net\/wp-content\/uploads\/sites\/3\/2020\/10\/Steel-Storm-Bonus-Missions-Skirmish-Purgatory-2-16x9.jpg 16w\" sizes=\"(max-width: 1024px) 100vw, 1024px\" \/><\/figure>\n\n\n\n<figure class=\"wp-block-image size-large\"><img decoding=\"async\" width=\"1024\" height=\"576\" src=\"https:\/\/steelstorm.standardof.net\/wp-content\/uploads\/sites\/3\/2020\/10\/Steel-Storm-Bonus-Missions-Skirmish-Purgatory-5.jpg\" alt=\"\" class=\"wp-image-231\" title=\"\" srcset=\"https:\/\/steelstorm.standardof.net\/wp-content\/uploads\/sites\/3\/2020\/10\/Steel-Storm-Bonus-Missions-Skirmish-Purgatory-5.jpg 1024w, https:\/\/steelstorm.standardof.net\/wp-content\/uploads\/sites\/3\/2020\/10\/Steel-Storm-Bonus-Missions-Skirmish-Purgatory-5-300x169.jpg 300w, https:\/\/steelstorm.standardof.net\/wp-content\/uploads\/sites\/3\/2020\/10\/Steel-Storm-Bonus-Missions-Skirmish-Purgatory-5-768x432.jpg 768w, https:\/\/steelstorm.standardof.net\/wp-content\/uploads\/sites\/3\/2020\/10\/Steel-Storm-Bonus-Missions-Skirmish-Purgatory-5-16x9.jpg 16w\" sizes=\"(max-width: 1024px) 100vw, 1024px\" \/><\/figure>\n\n\n\n<figure class=\"wp-block-image size-large\"><img decoding=\"async\" width=\"1024\" height=\"576\" src=\"https:\/\/steelstorm.standardof.net\/wp-content\/uploads\/sites\/3\/2020\/10\/Steel-Storm-Bonus-Missions-Skirmish-Purgatory-4.jpg\" alt=\"\" class=\"wp-image-230\" title=\"\" srcset=\"https:\/\/steelstorm.standardof.net\/wp-content\/uploads\/sites\/3\/2020\/10\/Steel-Storm-Bonus-Missions-Skirmish-Purgatory-4.jpg 1024w, https:\/\/steelstorm.standardof.net\/wp-content\/uploads\/sites\/3\/2020\/10\/Steel-Storm-Bonus-Missions-Skirmish-Purgatory-4-300x169.jpg 300w, https:\/\/steelstorm.standardof.net\/wp-content\/uploads\/sites\/3\/2020\/10\/Steel-Storm-Bonus-Missions-Skirmish-Purgatory-4-768x432.jpg 768w, https:\/\/steelstorm.standardof.net\/wp-content\/uploads\/sites\/3\/2020\/10\/Steel-Storm-Bonus-Missions-Skirmish-Purgatory-4-16x9.jpg 16w\" sizes=\"(max-width: 1024px) 100vw, 1024px\" \/><\/figure>\n\n\n\n<figure class=\"wp-block-image size-large\"><img decoding=\"async\" width=\"1024\" height=\"576\" src=\"https:\/\/steelstorm.standardof.net\/wp-content\/uploads\/sites\/3\/2020\/10\/Steel-Storm-Bonus-Missions-Skirmish-Purgatory-3.jpg\" alt=\"\" class=\"wp-image-229\" title=\"\" srcset=\"https:\/\/steelstorm.standardof.net\/wp-content\/uploads\/sites\/3\/2020\/10\/Steel-Storm-Bonus-Missions-Skirmish-Purgatory-3.jpg 1024w, https:\/\/steelstorm.standardof.net\/wp-content\/uploads\/sites\/3\/2020\/10\/Steel-Storm-Bonus-Missions-Skirmish-Purgatory-3-300x169.jpg 300w, https:\/\/steelstorm.standardof.net\/wp-content\/uploads\/sites\/3\/2020\/10\/Steel-Storm-Bonus-Missions-Skirmish-Purgatory-3-768x432.jpg 768w, https:\/\/steelstorm.standardof.net\/wp-content\/uploads\/sites\/3\/2020\/10\/Steel-Storm-Bonus-Missions-Skirmish-Purgatory-3-16x9.jpg 16w\" sizes=\"(max-width: 1024px) 100vw, 1024px\" \/><\/figure>\n<\/figure>\n\n<\/div><\/div>\n\n\n<div style=\"height:20px\" aria-hidden=\"true\" class=\"wp-block-spacer\"><\/div>\n\n\n\n<h3 class=\"has-text-align-center wp-block-heading\">Skirmish - Passo a passo em v\u00eddeo do purgat\u00f3rio<\/h3>\n\n\n\n<figure class=\"wp-block-embed is-type-video is-provider-youtube wp-block-embed-youtube wp-embed-aspect-16-9 wp-has-aspect-ratio\"><div class=\"wp-block-embed__wrapper\">\n<div class=\"ast-oembed-container\" style=\"height: 100%;\"><iframe title=\"Skirmish: Purgatory - Steel Storm: Burning Retribution - B\u00f4nus Level Walktrough\" width=\"500\" height=\"281\" src=\"https:\/\/www.youtube.com\/embed\/uk475GiaiQc?feature=oembed\" frameborder=\"0\" allow=\"accelerometer; autoplay; clipboard-write; encrypted-media; gyroscope; picture-in-picture; web-share\" referrerpolicy=\"strict-origin-when-cross-origin\" allowfullscreen><\/iframe><\/div>\n<\/div><\/figure>","protected":false},"excerpt":{"rendered":"<p>In the second bonus level of the video game Steel Storm, you are presented with the task of turning on a pump system in this nighttime desert map. With this mission you should be starting out with a nice arsenal of weaponry, granted that you escaped Onslaught with them intact. Map and Objectives &#8211; Primary [&hellip;]<\/p>","protected":false},"author":1,"featured_media":54,"parent":173,"menu_order":0,"comment_status":"open","ping_status":"closed","template":"","meta":{"_uag_custom_page_level_css":"","site-sidebar-layout":"default","site-content-layout":"default","ast-site-content-layout":"","site-content-style":"default","site-sidebar-style":"default","ast-global-header-display":"","ast-banner-title-visibility":"","ast-main-header-display":"","ast-hfb-above-header-display":"","ast-hfb-below-header-display":"","ast-hfb-mobile-header-display":"","site-post-title":"","ast-breadcrumbs-content":"","ast-featured-img":"","footer-sml-layout":"","theme-transparent-header-meta":"default","adv-header-id-meta":"","stick-header-meta":"","header-above-stick-meta":"","header-main-stick-meta":"","header-below-stick-meta":"","astra-migrate-meta-layouts":"default","ast-page-background-enabled":"default","ast-page-background-meta":{"desktop":{"background-color":"","background-image":"","background-repeat":"repeat","background-position":"center center","background-size":"auto","background-attachment":"scroll","background-type":"","background-media":"","overlay-type":"","overlay-color":"","overlay-gradient":""},"tablet":{"background-color":"","background-image":"","background-repeat":"repeat","background-position":"center center","background-size":"auto","background-attachment":"scroll","background-type":"","background-media":"","overlay-type":"","overlay-color":"","overlay-gradient":""},"mobile":{"background-color":"","background-image":"","background-repeat":"repeat","background-position":"center center","background-size":"auto","background-attachment":"scroll","background-type":"","background-media":"","overlay-type":"","overlay-color":"","overlay-gradient":""}},"ast-content-background-meta":{"desktop":{"background-color":"var(--ast-global-color-5)","background-image":"","background-repeat":"repeat","background-position":"center center","background-size":"auto","background-attachment":"scroll","background-type":"","background-media":"","overlay-type":"","overlay-color":"","overlay-gradient":""},"tablet":{"background-color":"var(--ast-global-color-5)","background-image":"","background-repeat":"repeat","background-position":"center center","background-size":"auto","background-attachment":"scroll","background-type":"","background-media":"","overlay-type":"","overlay-color":"","overlay-gradient":""},"mobile":{"background-color":"var(--ast-global-color-5)","background-image":"","background-repeat":"repeat","background-position":"center center","background-size":"auto","background-attachment":"scroll","background-type":"","background-media":"","overlay-type":"","overlay-color":"","overlay-gradient":""}},"footnotes":""},"uagb_featured_image_src":{"full":["https:\/\/steelstorm.standardof.net\/wp-content\/uploads\/sites\/3\/2020\/10\/MnEdR-1.jpg",1200,750,false],"thumbnail":["https:\/\/steelstorm.standardof.net\/wp-content\/uploads\/sites\/3\/2020\/10\/MnEdR-1-150x150.jpg",150,150,true],"medium":["https:\/\/steelstorm.standardof.net\/wp-content\/uploads\/sites\/3\/2020\/10\/MnEdR-1-300x188.jpg",300,188,true],"medium_large":["https:\/\/steelstorm.standardof.net\/wp-content\/uploads\/sites\/3\/2020\/10\/MnEdR-1-768x480.jpg",768,480,true],"large":["https:\/\/steelstorm.standardof.net\/wp-content\/uploads\/sites\/3\/2020\/10\/MnEdR-1-1024x640.jpg",1024,640,true],"1536x1536":["https:\/\/steelstorm.standardof.net\/wp-content\/uploads\/sites\/3\/2020\/10\/MnEdR-1.jpg",1200,750,false],"2048x2048":["https:\/\/steelstorm.standardof.net\/wp-content\/uploads\/sites\/3\/2020\/10\/MnEdR-1.jpg",1200,750,false],"trp-custom-language-flag":["https:\/\/steelstorm.standardof.net\/wp-content\/uploads\/sites\/3\/2020\/10\/MnEdR-1.jpg",18,12,false]},"uagb_author_info":{"display_name":"SOE","author_link":"https:\/\/steelstorm.standardof.net\/pt\/author\/k-tastic\/"},"uagb_comment_info":0,"uagb_excerpt":"In the second bonus level of the video game Steel Storm, you are presented with the task of turning on a pump system in this nighttime desert map. With this mission you should be starting out with a nice arsenal of weaponry, granted that you escaped Onslaught with them intact. Map and Objectives &#8211; Primary&hellip;","_links":{"self":[{"href":"https:\/\/steelstorm.standardof.net\/pt\/wp-json\/wp\/v2\/pages\/234"}],"collection":[{"href":"https:\/\/steelstorm.standardof.net\/pt\/wp-json\/wp\/v2\/pages"}],"about":[{"href":"https:\/\/steelstorm.standardof.net\/pt\/wp-json\/wp\/v2\/types\/page"}],"author":[{"embeddable":true,"href":"https:\/\/steelstorm.standardof.net\/pt\/wp-json\/wp\/v2\/users\/1"}],"replies":[{"embeddable":true,"href":"https:\/\/steelstorm.standardof.net\/pt\/wp-json\/wp\/v2\/comments?post=234"}],"version-history":[{"count":1,"href":"https:\/\/steelstorm.standardof.net\/pt\/wp-json\/wp\/v2\/pages\/234\/revisions"}],"predecessor-version":[{"id":464,"href":"https:\/\/steelstorm.standardof.net\/pt\/wp-json\/wp\/v2\/pages\/234\/revisions\/464"}],"up":[{"embeddable":true,"href":"https:\/\/steelstorm.standardof.net\/pt\/wp-json\/wp\/v2\/pages\/173"}],"wp:featuredmedia":[{"embeddable":true,"href":"https:\/\/steelstorm.standardof.net\/pt\/wp-json\/wp\/v2\/media\/54"}],"wp:attachment":[{"href":"https:\/\/steelstorm.standardof.net\/pt\/wp-json\/wp\/v2\/media?parent=234"}],"curies":[{"name":"wp","href":"https:\/\/api.w.org\/{rel}","templated":true}]}}