{"id":203,"date":"2020-10-17T11:13:44","date_gmt":"2020-10-17T11:13:44","guid":{"rendered":"https:\/\/steelstorm.standardof.net\/?page_id=203"},"modified":"2022-10-31T08:23:50","modified_gmt":"2022-10-31T08:23:50","slug":"lost-in-time-meltdown","status":"publish","type":"page","link":"https:\/\/steelstorm.standardof.net\/pt\/guide\/passo-a-passo-de-nivel-2\/colapso-perdido-no-tempo\/","title":{"rendered":"Perdido no tempo: Meltdown"},"content":{"rendered":"<p>Lost in Time - Meltdown \u00e9 outra das miss\u00f5es cortadas do Epis\u00f3dio 1 original, mas deixada de fora do curso Born to Burn em Steel Storm. \u00c9 hora de limpar uma s\u00e9rie de torres de resfriamento para desativar as instala\u00e7\u00f5es de manufatura inimigas na \u00e1rea.<\/p>\n\n\n\n<div style=\"height:20px\" aria-hidden=\"true\" class=\"wp-block-spacer\"><\/div>\n\n\n<div class=\"gb-container gb-container-ae025cb2\"><div class=\"gb-inside-container\">\n\n<h2 class=\"has-text-align-center wp-block-heading\">Mapa e Objetivos<\/h2>\n\n\n\n<div class=\"wp-block-image is-style-default\"><figure class=\"aligncenter size-full\"><a href=\"https:\/\/steelstorm.standardof.net\/pt\/steel-storm-burning-retribution-lost-in-time-meltdown-1\/\"><img decoding=\"async\" width=\"893\" height=\"673\" src=\"https:\/\/steelstorm.standardof.net\/wp-content\/uploads\/sites\/3\/2020\/10\/Steel-Storm-Burning-Retribution-Lost-in-Time-\u2013-Meltdown-1.jpg\" alt=\"\" class=\"wp-image-194\" title=\"\" srcset=\"https:\/\/steelstorm.standardof.net\/wp-content\/uploads\/sites\/3\/2020\/10\/Steel-Storm-Burning-Retribution-Lost-in-Time-\u2013-Meltdown-1.jpg 893w, https:\/\/steelstorm.standardof.net\/wp-content\/uploads\/sites\/3\/2020\/10\/Steel-Storm-Burning-Retribution-Lost-in-Time-\u2013-Meltdown-1-300x226.jpg 300w, https:\/\/steelstorm.standardof.net\/wp-content\/uploads\/sites\/3\/2020\/10\/Steel-Storm-Burning-Retribution-Lost-in-Time-\u2013-Meltdown-1-768x579.jpg 768w, https:\/\/steelstorm.standardof.net\/wp-content\/uploads\/sites\/3\/2020\/10\/Steel-Storm-Burning-Retribution-Lost-in-Time-\u2013-Meltdown-1-16x12.jpg 16w\" sizes=\"(max-width: 893px) 100vw, 893px\" \/><\/a><\/figure><\/div>\n\n\n\n<h3 class=\"has-text-align-center wp-block-heading\">- Objetivos prim\u00e1rios -<\/h3>\n\n\n\n<p class=\"has-text-align-center\">Desative todas as torres de resfriamento.<\/p>\n\n<\/div><\/div>\n\n\n<div style=\"height:20px\" aria-hidden=\"true\" class=\"wp-block-spacer\"><\/div>\n\n\n<div class=\"gb-container gb-container-686af150\"><div class=\"gb-inside-container\">\n\n<h2 class=\"has-text-align-center wp-block-heading\">Progress\u00e3o de n\u00edvel e dicas:<\/h2>\n\n\n\n<p>Assim que voc\u00ea come\u00e7ar, voc\u00ea deve seguir o caminho vermelho em dire\u00e7\u00e3o ao ponto <strong>UMA<\/strong> onde h\u00e1 um teletransportador que o atira atrav\u00e9s do mapa (caminho azul) para apontar <strong>B<\/strong>.<\/p>\n\n\n\n<p>A partir daqui, comece a tomar o caminho laranja em dire\u00e7\u00e3o \u00e0 primeira torre de resfriamento no ponto <strong>C<\/strong>. Fique atento \u00e0s cont\u00ednuas emboscadas apresentadas nesta miss\u00e3o, geralmente desencadeadas pela destrui\u00e7\u00e3o de um grupo de inimigos ou cont\u00eaineres, dois dos quais s\u00e3o um grupo de tanques que surgem ao se aproximar <strong>C <\/strong>e outro grupo que surge na interse\u00e7\u00e3o a oeste deste pint ao destruir alguns recipientes.<\/p>\n\n\n\n<p>Antes de ir para a segunda torre de resfriamento no ponto <strong>E<\/strong> certifique-se de parar no ponto <strong>D<\/strong>para encontrar a arma Beam Cannon guardada por uma Gun Turret e uma Repair Turret que reviver\u00e1 continuamente os inimigos pr\u00f3ximos, nomeadamente a Gun Turret. A melhor aposta aqui \u00e9 apressar essas torres com m\u00edsseis voando depois de limpar todos os tanques pr\u00f3ximos.<\/p>\n\n\n\n<p>Tirando as torres de resfriamento no ponto <strong>E <\/strong>ir\u00e1 gerar um tanque de pr\u00f3tons pesado para atac\u00e1-lo na interse\u00e7\u00e3o ao norte de voc\u00ea, de onde voc\u00ea acabou de chegar. Use as fendas nas laterais da parede como cobertura.<\/p>\n\n\n\n<p>Tirando o \u00faltimo par de torres de resfriamento no ponto <strong>F<\/strong> completa seu objetivo principal e \u00fanico. Al\u00e9m disso, uma nova grande onda de tanques flutuantes aparecer\u00e1 para atac\u00e1-lo, descendo o caminho enquanto uma Torre de Ressurrei\u00e7\u00e3o aparecer\u00e1 no ponto <strong>G<\/strong> pela almofada de sa\u00edda, trazendo de volta \u00e0 vida alguns inimigos anteriormente destru\u00eddos e sendo mais um p\u00e9 no saco. Tente atac\u00e1-lo com m\u00edsseis ap\u00f3s ter lutado contra a onda de tanques, puxando-os o mais longe poss\u00edvel da Torre da Ressurrei\u00e7\u00e3o para evitar que sejam revividos.<\/p>\n\n\n\n<figure class=\"wp-block-gallery has-nested-images columns-default is-cropped wp-block-gallery-1 is-layout-flex wp-block-gallery-is-layout-flex\">\n<figure class=\"wp-block-image size-large\"><img decoding=\"async\" width=\"1024\" height=\"576\" src=\"https:\/\/steelstorm.standardof.net\/wp-content\/uploads\/sites\/3\/2020\/10\/Steel-Storm-Burning-Retribution-Lost-In-Time-\u2013-In-Dismay-2.jpg\" alt=\"\" class=\"wp-image-199\" title=\"\" srcset=\"https:\/\/steelstorm.standardof.net\/wp-content\/uploads\/sites\/3\/2020\/10\/Steel-Storm-Burning-Retribution-Lost-In-Time-\u2013-In-Dismay-2.jpg 1024w, https:\/\/steelstorm.standardof.net\/wp-content\/uploads\/sites\/3\/2020\/10\/Steel-Storm-Burning-Retribution-Lost-In-Time-\u2013-In-Dismay-2-300x169.jpg 300w, https:\/\/steelstorm.standardof.net\/wp-content\/uploads\/sites\/3\/2020\/10\/Steel-Storm-Burning-Retribution-Lost-In-Time-\u2013-In-Dismay-2-768x432.jpg 768w, https:\/\/steelstorm.standardof.net\/wp-content\/uploads\/sites\/3\/2020\/10\/Steel-Storm-Burning-Retribution-Lost-In-Time-\u2013-In-Dismay-2-16x9.jpg 16w\" sizes=\"(max-width: 1024px) 100vw, 1024px\" \/><\/figure>\n\n\n\n<figure class=\"wp-block-image size-large\"><img decoding=\"async\" width=\"1024\" height=\"576\" src=\"https:\/\/steelstorm.standardof.net\/wp-content\/uploads\/sites\/3\/2020\/10\/Steel-Storm-Burning-Retribution-Lost-In-Time-\u2013-In-Dismay-4.jpg\" alt=\"\" class=\"wp-image-201\" title=\"\" srcset=\"https:\/\/steelstorm.standardof.net\/wp-content\/uploads\/sites\/3\/2020\/10\/Steel-Storm-Burning-Retribution-Lost-In-Time-\u2013-In-Dismay-4.jpg 1024w, https:\/\/steelstorm.standardof.net\/wp-content\/uploads\/sites\/3\/2020\/10\/Steel-Storm-Burning-Retribution-Lost-In-Time-\u2013-In-Dismay-4-300x169.jpg 300w, https:\/\/steelstorm.standardof.net\/wp-content\/uploads\/sites\/3\/2020\/10\/Steel-Storm-Burning-Retribution-Lost-In-Time-\u2013-In-Dismay-4-768x432.jpg 768w, https:\/\/steelstorm.standardof.net\/wp-content\/uploads\/sites\/3\/2020\/10\/Steel-Storm-Burning-Retribution-Lost-In-Time-\u2013-In-Dismay-4-16x9.jpg 16w\" sizes=\"(max-width: 1024px) 100vw, 1024px\" \/><\/figure>\n\n\n\n<figure class=\"wp-block-image size-large\"><img decoding=\"async\" width=\"1024\" height=\"576\" src=\"https:\/\/steelstorm.standardof.net\/wp-content\/uploads\/sites\/3\/2020\/10\/Steel-Storm-Burning-Retribution-Lost-In-Time-\u2013-In-Dismay-5.jpg\" alt=\"\" class=\"wp-image-202\" title=\"\" srcset=\"https:\/\/steelstorm.standardof.net\/wp-content\/uploads\/sites\/3\/2020\/10\/Steel-Storm-Burning-Retribution-Lost-In-Time-\u2013-In-Dismay-5.jpg 1024w, https:\/\/steelstorm.standardof.net\/wp-content\/uploads\/sites\/3\/2020\/10\/Steel-Storm-Burning-Retribution-Lost-In-Time-\u2013-In-Dismay-5-300x169.jpg 300w, https:\/\/steelstorm.standardof.net\/wp-content\/uploads\/sites\/3\/2020\/10\/Steel-Storm-Burning-Retribution-Lost-In-Time-\u2013-In-Dismay-5-768x432.jpg 768w, https:\/\/steelstorm.standardof.net\/wp-content\/uploads\/sites\/3\/2020\/10\/Steel-Storm-Burning-Retribution-Lost-In-Time-\u2013-In-Dismay-5-16x9.jpg 16w\" sizes=\"(max-width: 1024px) 100vw, 1024px\" \/><\/figure>\n\n\n\n<figure class=\"wp-block-image size-large\"><img decoding=\"async\" width=\"1024\" height=\"576\" src=\"https:\/\/steelstorm.standardof.net\/wp-content\/uploads\/sites\/3\/2020\/10\/Steel-Storm-Burning-Retribution-Lost-In-Time-\u2013-In-Dismay-3.jpg\" alt=\"\" class=\"wp-image-200\" title=\"\" srcset=\"https:\/\/steelstorm.standardof.net\/wp-content\/uploads\/sites\/3\/2020\/10\/Steel-Storm-Burning-Retribution-Lost-In-Time-\u2013-In-Dismay-3.jpg 1024w, https:\/\/steelstorm.standardof.net\/wp-content\/uploads\/sites\/3\/2020\/10\/Steel-Storm-Burning-Retribution-Lost-In-Time-\u2013-In-Dismay-3-300x169.jpg 300w, https:\/\/steelstorm.standardof.net\/wp-content\/uploads\/sites\/3\/2020\/10\/Steel-Storm-Burning-Retribution-Lost-In-Time-\u2013-In-Dismay-3-768x432.jpg 768w, https:\/\/steelstorm.standardof.net\/wp-content\/uploads\/sites\/3\/2020\/10\/Steel-Storm-Burning-Retribution-Lost-In-Time-\u2013-In-Dismay-3-16x9.jpg 16w\" sizes=\"(max-width: 1024px) 100vw, 1024px\" \/><\/figure>\n<\/figure>\n\n<\/div><\/div>\n\n\n<div style=\"height:20px\" aria-hidden=\"true\" class=\"wp-block-spacer\"><\/div>\n\n\n\n<h3 class=\"has-text-align-center wp-block-heading\">Perdido no tempo - Meltdown <strong>Passo a passo de v\u00eddeo<\/strong><\/h3>\n\n\n\n<figure class=\"wp-block-embed is-type-video is-provider-youtube wp-block-embed-youtube wp-embed-aspect-16-9 wp-has-aspect-ratio\"><div class=\"wp-block-embed__wrapper\">\n<div class=\"ast-oembed-container\" style=\"height: 100%;\"><iframe title=\"Puni\u00e7\u00e3o Corporal: Derretimento - Tempestade de A\u00e7o: Retribui\u00e7\u00e3o Ardente - Epis\u00f3dio 1 Walktrough\" width=\"500\" height=\"281\" src=\"https:\/\/www.youtube.com\/embed\/9NYZrPxvD3w?feature=oembed\" frameborder=\"0\" allow=\"accelerometer; autoplay; clipboard-write; encrypted-media; gyroscope; picture-in-picture; web-share\" referrerpolicy=\"strict-origin-when-cross-origin\" allowfullscreen><\/iframe><\/div>\n<\/div><\/figure>\n\n\n\n<div style=\"height:20px\" aria-hidden=\"true\" class=\"wp-block-spacer\"><\/div>\n\n\n\n<p><\/p>","protected":false},"excerpt":{"rendered":"<p>Lost in Time \u2013 Meltdown is another of the missions cut from the original Episode 1, yet left out of the Born to Burn course in Steel Storm. It is time to clear out a series of cooling towers to disable the enemy&#8217;s manufacturing facilities in the area. Map and Objectives &#8211; Primary Objectives &#8211; [&hellip;]<\/p>","protected":false},"author":1,"featured_media":54,"parent":173,"menu_order":0,"comment_status":"open","ping_status":"closed","template":"","meta":{"_uag_custom_page_level_css":"","site-sidebar-layout":"default","site-content-layout":"default","ast-site-content-layout":"","site-content-style":"default","site-sidebar-style":"default","ast-global-header-display":"","ast-banner-title-visibility":"","ast-main-header-display":"","ast-hfb-above-header-display":"","ast-hfb-below-header-display":"","ast-hfb-mobile-header-display":"","site-post-title":"","ast-breadcrumbs-content":"","ast-featured-img":"","footer-sml-layout":"","theme-transparent-header-meta":"default","adv-header-id-meta":"","stick-header-meta":"","header-above-stick-meta":"","header-main-stick-meta":"","header-below-stick-meta":"","astra-migrate-meta-layouts":"default","ast-page-background-enabled":"default","ast-page-background-meta":{"desktop":{"background-color":"","background-image":"","background-repeat":"repeat","background-position":"center center","background-size":"auto","background-attachment":"scroll","background-type":"","background-media":"","overlay-type":"","overlay-color":"","overlay-gradient":""},"tablet":{"background-color":"","background-image":"","background-repeat":"repeat","background-position":"center center","background-size":"auto","background-attachment":"scroll","background-type":"","background-media":"","overlay-type":"","overlay-color":"","overlay-gradient":""},"mobile":{"background-color":"","background-image":"","background-repeat":"repeat","background-position":"center center","background-size":"auto","background-attachment":"scroll","background-type":"","background-media":"","overlay-type":"","overlay-color":"","overlay-gradient":""}},"ast-content-background-meta":{"desktop":{"background-color":"var(--ast-global-color-5)","background-image":"","background-repeat":"repeat","background-position":"center center","background-size":"auto","background-attachment":"scroll","background-type":"","background-media":"","overlay-type":"","overlay-color":"","overlay-gradient":""},"tablet":{"background-color":"var(--ast-global-color-5)","background-image":"","background-repeat":"repeat","background-position":"center center","background-size":"auto","background-attachment":"scroll","background-type":"","background-media":"","overlay-type":"","overlay-color":"","overlay-gradient":""},"mobile":{"background-color":"var(--ast-global-color-5)","background-image":"","background-repeat":"repeat","background-position":"center center","background-size":"auto","background-attachment":"scroll","background-type":"","background-media":"","overlay-type":"","overlay-color":"","overlay-gradient":""}},"footnotes":""},"uagb_featured_image_src":{"full":["https:\/\/steelstorm.standardof.net\/wp-content\/uploads\/sites\/3\/2020\/10\/MnEdR-1.jpg",1200,750,false],"thumbnail":["https:\/\/steelstorm.standardof.net\/wp-content\/uploads\/sites\/3\/2020\/10\/MnEdR-1-150x150.jpg",150,150,true],"medium":["https:\/\/steelstorm.standardof.net\/wp-content\/uploads\/sites\/3\/2020\/10\/MnEdR-1-300x188.jpg",300,188,true],"medium_large":["https:\/\/steelstorm.standardof.net\/wp-content\/uploads\/sites\/3\/2020\/10\/MnEdR-1-768x480.jpg",768,480,true],"large":["https:\/\/steelstorm.standardof.net\/wp-content\/uploads\/sites\/3\/2020\/10\/MnEdR-1-1024x640.jpg",1024,640,true],"1536x1536":["https:\/\/steelstorm.standardof.net\/wp-content\/uploads\/sites\/3\/2020\/10\/MnEdR-1.jpg",1200,750,false],"2048x2048":["https:\/\/steelstorm.standardof.net\/wp-content\/uploads\/sites\/3\/2020\/10\/MnEdR-1.jpg",1200,750,false],"trp-custom-language-flag":["https:\/\/steelstorm.standardof.net\/wp-content\/uploads\/sites\/3\/2020\/10\/MnEdR-1.jpg",18,12,false]},"uagb_author_info":{"display_name":"SOE","author_link":"https:\/\/steelstorm.standardof.net\/pt\/author\/k-tastic\/"},"uagb_comment_info":0,"uagb_excerpt":"Lost in Time \u2013 Meltdown is another of the missions cut from the original Episode 1, yet left out of the Born to Burn course in Steel Storm. It is time to clear out a series of cooling towers to disable the enemy&#8217;s manufacturing facilities in the area. Map and Objectives &#8211; Primary Objectives &#8211;&hellip;","_links":{"self":[{"href":"https:\/\/steelstorm.standardof.net\/pt\/wp-json\/wp\/v2\/pages\/203"}],"collection":[{"href":"https:\/\/steelstorm.standardof.net\/pt\/wp-json\/wp\/v2\/pages"}],"about":[{"href":"https:\/\/steelstorm.standardof.net\/pt\/wp-json\/wp\/v2\/types\/page"}],"author":[{"embeddable":true,"href":"https:\/\/steelstorm.standardof.net\/pt\/wp-json\/wp\/v2\/users\/1"}],"replies":[{"embeddable":true,"href":"https:\/\/steelstorm.standardof.net\/pt\/wp-json\/wp\/v2\/comments?post=203"}],"version-history":[{"count":1,"href":"https:\/\/steelstorm.standardof.net\/pt\/wp-json\/wp\/v2\/pages\/203\/revisions"}],"predecessor-version":[{"id":467,"href":"https:\/\/steelstorm.standardof.net\/pt\/wp-json\/wp\/v2\/pages\/203\/revisions\/467"}],"up":[{"embeddable":true,"href":"https:\/\/steelstorm.standardof.net\/pt\/wp-json\/wp\/v2\/pages\/173"}],"wp:featuredmedia":[{"embeddable":true,"href":"https:\/\/steelstorm.standardof.net\/pt\/wp-json\/wp\/v2\/media\/54"}],"wp:attachment":[{"href":"https:\/\/steelstorm.standardof.net\/pt\/wp-json\/wp\/v2\/media?parent=203"}],"curies":[{"name":"wp","href":"https:\/\/api.w.org\/{rel}","templated":true}]}}