{"id":180,"date":"2020-10-17T10:28:41","date_gmt":"2020-10-17T10:28:41","guid":{"rendered":"https:\/\/steelstorm.standardof.net\/?page_id=180"},"modified":"2020-10-17T10:28:42","modified_gmt":"2020-10-17T10:28:42","slug":"born-to-burn-the-collector","status":"publish","type":"page","link":"https:\/\/steelstorm.standardof.net\/pt\/guide\/passo-a-passo-de-nivel-2\/nascido-para-queimar-o-colecionador\/","title":{"rendered":"Born to Burn: The Collector"},"content":{"rendered":"<p>O Colecionador \u00e9 o segundo n\u00edvel do Curso de Treinamento de Piloto Nascido para Queimar da Tempestade de A\u00e7o, levando voc\u00ea de volta \u00e0 \u00e1rea de tipo industrial da primeira miss\u00e3o de destruir um dep\u00f3sito de suprimentos fortemente protegido. Pela primeira vez, voc\u00ea ter\u00e1 um limite de tempo de 15 minutos para sair do n\u00edvel. No entanto, isso \u00e9 bastante insignificante, pois \u00e9 realmente f\u00e1cil destruir tudo, tome o seu tempo e fa\u00e7a isso em 5-7 minutos.<\/p>\n\n\n\n<p>Esta miss\u00e3o lhe dar\u00e1 acesso \u00e0 sua primeira arma secund\u00e1ria, o Foguete.<\/p>\n\n\n\n<div style=\"height:20px\" aria-hidden=\"true\" class=\"wp-block-spacer\"><\/div>\n\n\n\n<div class=\"gb-container gb-container-ae025cb2\"><div class=\"gb-inside-container\">\n<h2 class=\"has-text-align-center wp-block-heading\">Mapa e Objetivos<\/h2>\n\n\n\n<div class=\"wp-block-image is-style-default\"><figure class=\"aligncenter size-full is-resized\"><a href=\"https:\/\/steelstorm.standardof.net\/pt\/steel-storm-levels-headhunter-the-collector-map\/\"><img decoding=\"async\" src=\"https:\/\/steelstorm.standardof.net\/wp-content\/uploads\/sites\/3\/2020\/10\/Steel-Storm-Levels-Headhunter-The-Collector-Map.jpg\" alt=\"Mapa dos objetivos do Colecionador.\" class=\"wp-image-154\" width=\"671\" height=\"503\" title=\"\" srcset=\"https:\/\/steelstorm.standardof.net\/wp-content\/uploads\/sites\/3\/2020\/10\/Steel-Storm-Levels-Headhunter-The-Collector-Map.jpg 895w, https:\/\/steelstorm.standardof.net\/wp-content\/uploads\/sites\/3\/2020\/10\/Steel-Storm-Levels-Headhunter-The-Collector-Map-300x225.jpg 300w, https:\/\/steelstorm.standardof.net\/wp-content\/uploads\/sites\/3\/2020\/10\/Steel-Storm-Levels-Headhunter-The-Collector-Map-768x575.jpg 768w, https:\/\/steelstorm.standardof.net\/wp-content\/uploads\/sites\/3\/2020\/10\/Steel-Storm-Levels-Headhunter-The-Collector-Map-16x12.jpg 16w\" sizes=\"(max-width: 671px) 100vw, 671px\" \/><\/a><figcaption>Mapa mostrando as \u00e1reas importantes e o caminho percorrido na miss\u00e3o Headhunter - The Collector no jogo Steel Storm.<\/figcaption><\/figure><\/div>\n\n\n\n<h3 class=\"has-text-align-center wp-block-heading\">- Objetivos prim\u00e1rios -<\/h3>\n\n\n\n<p class=\"has-text-align-center\">Desative o campo de for\u00e7a que bloqueia a sa\u00edda.<br>Destrua os cont\u00eaineres de suprimentos.<\/p>\n<\/div><\/div>\n\n\n\n<div style=\"height:20px\" aria-hidden=\"true\" class=\"wp-block-spacer\"><\/div>\n\n\n\n<div class=\"gb-container gb-container-6090874c\"><div class=\"gb-inside-container\">\n<h2 class=\"has-text-align-center wp-block-heading\">Come\u00e7ando<\/h2>\n\n\n\n<p class=\"has-text-align-center\">Como voc\u00ea pode ver no mapa acima, a maioria dos pontos-chave neste mapa est\u00e3o todos agrupados no canto superior esquerdo, parte noroeste do mapa, com exce\u00e7\u00e3o do portal de sa\u00edda no extremo sudeste. Elimine os v\u00e1rios inimigos ao longo da linha vermelha que come\u00e7a na posi\u00e7\u00e3o inicial, abrindo caminho at\u00e9 o ponto <strong>UMA<\/strong>.<\/p>\n\n\n\n<div class=\"wp-block-image is-style-default\"><figure class=\"aligncenter size-full is-resized\"><a href=\"https:\/\/steelstorm.standardof.net\/pt\/steel-storm-levels-headhunter-the-collector-1\/\"><img decoding=\"async\" src=\"https:\/\/steelstorm.standardof.net\/wp-content\/uploads\/sites\/3\/2020\/10\/Steel-Storm-Levels-Headhunter-The-Collector-1.jpg\" alt=\"Ca\u00e7ador de cabe\u00e7as, o colecionador - Tanques de pr\u00f3tons\" class=\"wp-image-155\" width=\"768\" height=\"432\" title=\"\" srcset=\"https:\/\/steelstorm.standardof.net\/wp-content\/uploads\/sites\/3\/2020\/10\/Steel-Storm-Levels-Headhunter-The-Collector-1.jpg 1024w, https:\/\/steelstorm.standardof.net\/wp-content\/uploads\/sites\/3\/2020\/10\/Steel-Storm-Levels-Headhunter-The-Collector-1-300x169.jpg 300w, https:\/\/steelstorm.standardof.net\/wp-content\/uploads\/sites\/3\/2020\/10\/Steel-Storm-Levels-Headhunter-The-Collector-1-768x432.jpg 768w, https:\/\/steelstorm.standardof.net\/wp-content\/uploads\/sites\/3\/2020\/10\/Steel-Storm-Levels-Headhunter-The-Collector-1-16x9.jpg 16w\" sizes=\"(max-width: 768px) 100vw, 768px\" \/><\/a><figcaption>Tanques de pr\u00f3tons atacando em Headhunter The Collector <\/figcaption><\/figure><\/div>\n<\/div><\/div>\n\n\n\n<div style=\"height:20px\" aria-hidden=\"true\" class=\"wp-block-spacer\"><\/div>\n\n\n\n<div class=\"gb-container gb-container-a87f2b80\"><div class=\"gb-inside-container\">\n<h2 class=\"has-text-align-center wp-block-heading\">Foguete<\/h2>\n\n\n\n<p class=\"has-text-align-center\">Neste local voc\u00ea encontrar\u00e1 algumas torres guardando uma arma Rocket Pod com a qual voc\u00ea precisar\u00e1 deixar o n\u00edvel vivo, ent\u00e3o tente n\u00e3o morrer depois de peg\u00e1-la. Assim que voc\u00ea adquirir o Pod Foguete no ponto <strong>UMA<\/strong> alguns tanques e uma torre ir\u00e3o aparecer para embosc\u00e1-lo, recue para o leste para evitar um tanque de pr\u00f3tons pesado que tamb\u00e9m surge no ponto <strong>B<\/strong> at\u00e9 que voc\u00ea tenha lidado com essas primeiras amea\u00e7as. Uma vez lutando contra o Heavy Proton Tank, use barreiras de concreto para bloquear seu fogo enquanto se aproxima, ent\u00e3o pule para fora do lado bem r\u00e1pido para liberar uma barragem de foguetes.<\/p>\n\n\n\n<div class=\"wp-block-image is-style-default\"><figure class=\"aligncenter size-full is-resized\"><a href=\"https:\/\/steelstorm.standardof.net\/pt\/steel-storm-levels-headhunter-the-collector-2\/\"><img decoding=\"async\" src=\"https:\/\/steelstorm.standardof.net\/wp-content\/uploads\/sites\/3\/2020\/10\/Steel-Storm-Levels-Headhunter-The-Collector-2.jpg\" alt=\"Ca\u00e7ador de cabe\u00e7as, o colecionador - O foguete\" class=\"wp-image-156\" width=\"768\" height=\"432\" title=\"\" srcset=\"https:\/\/steelstorm.standardof.net\/wp-content\/uploads\/sites\/3\/2020\/10\/Steel-Storm-Levels-Headhunter-The-Collector-2.jpg 1024w, https:\/\/steelstorm.standardof.net\/wp-content\/uploads\/sites\/3\/2020\/10\/Steel-Storm-Levels-Headhunter-The-Collector-2-300x169.jpg 300w, https:\/\/steelstorm.standardof.net\/wp-content\/uploads\/sites\/3\/2020\/10\/Steel-Storm-Levels-Headhunter-The-Collector-2-768x432.jpg 768w, https:\/\/steelstorm.standardof.net\/wp-content\/uploads\/sites\/3\/2020\/10\/Steel-Storm-Levels-Headhunter-The-Collector-2-16x9.jpg 16w\" sizes=\"(max-width: 768px) 100vw, 768px\" \/><\/a><figcaption> Pegando o foguete no Headhunter The Collector <\/figcaption><\/figure><\/div>\n<\/div><\/div>\n\n\n\n<div style=\"height:20px\" aria-hidden=\"true\" class=\"wp-block-spacer\"><\/div>\n\n\n\n<div class=\"gb-container gb-container-49d4da18\"><div class=\"gb-inside-container\">\n<h2 class=\"has-text-align-center wp-block-heading\">Saindo do coletor<\/h2>\n\n\n\n<p class=\"has-text-align-center\">Uma vez que essas amea\u00e7as sejam tratadas, voc\u00ea pode destruir os recipientes de suprimentos aqui e pisar no teclado do gatilho no ponto <strong>C<\/strong> que desabilita o campo de for\u00e7a protegendo a sa\u00edda, completando ambos os objetivos na mesma \u00e1rea. Voc\u00ea pode pegar o teclado do teletransportador no ponto <strong>D<\/strong> para viajar at\u00e9 a borda pr\u00f3xima (linha azul), em seguida, fa\u00e7a o seu caminho de volta por algum terreno familiar em dire\u00e7\u00e3o ao ar livre e, finalmente, a plataforma de sa\u00edda no ponto <strong>E<\/strong>.<\/p>\n\n\n\n<div class=\"wp-block-image is-style-default\"><figure class=\"aligncenter size-large\"><a href=\"https:\/\/steelstorm.standardof.net\/pt\/steel-storm-levels-headhunter-the-collector-3\/\"><img decoding=\"async\" width=\"1024\" height=\"576\" src=\"https:\/\/steelstorm.standardof.net\/wp-content\/uploads\/sites\/3\/2020\/10\/Steel-Storm-Levels-Headhunter-The-Collector-3.jpg\" alt=\"Headhunter, o colecionador - saindo\" class=\"wp-image-157\" title=\"\" srcset=\"https:\/\/steelstorm.standardof.net\/wp-content\/uploads\/sites\/3\/2020\/10\/Steel-Storm-Levels-Headhunter-The-Collector-3.jpg 1024w, https:\/\/steelstorm.standardof.net\/wp-content\/uploads\/sites\/3\/2020\/10\/Steel-Storm-Levels-Headhunter-The-Collector-3-300x169.jpg 300w, https:\/\/steelstorm.standardof.net\/wp-content\/uploads\/sites\/3\/2020\/10\/Steel-Storm-Levels-Headhunter-The-Collector-3-768x432.jpg 768w, https:\/\/steelstorm.standardof.net\/wp-content\/uploads\/sites\/3\/2020\/10\/Steel-Storm-Levels-Headhunter-The-Collector-3-16x9.jpg 16w\" sizes=\"(max-width: 1024px) 100vw, 1024px\" \/><\/a><figcaption>Saindo da miss\u00e3o em Headhunter The Collector <\/figcaption><\/figure><\/div>\n<\/div><\/div>\n\n\n\n<div style=\"height:20px\" aria-hidden=\"true\" class=\"wp-block-spacer\"><\/div>\n\n\n\n<h2 class=\"has-text-align-center wp-block-heading\" id=\"2--rocket-pod-\"><strong><strong><strong><strong>Passo a passo de v\u00eddeo<\/strong><\/strong><\/strong><\/strong><\/h2>\n\n\n\n<figure class=\"wp-block-embed-youtube wp-block-embed is-type-video is-provider-youtube wp-embed-aspect-16-9 wp-has-aspect-ratio\"><div class=\"wp-block-embed__wrapper\">\n<div class=\"ast-oembed-container\" style=\"height: 100%;\"><iframe title=\"Windy Stroll: The Collector - Steel Storm: Burning Retribution - Epis\u00f3dio 1 Walktrough\" width=\"500\" height=\"281\" src=\"https:\/\/www.youtube.com\/embed\/N5UZi619AHU?feature=oembed\" frameborder=\"0\" allow=\"accelerometer; autoplay; clipboard-write; encrypted-media; gyroscope; picture-in-picture; web-share\" referrerpolicy=\"strict-origin-when-cross-origin\" allowfullscreen><\/iframe><\/div>\n<\/div><\/figure>\n\n\n\n<div style=\"height:20px\" aria-hidden=\"true\" class=\"wp-block-spacer\"><\/div>\n\n\n\n<p><\/p>","protected":false},"excerpt":{"rendered":"<p>The Collector is the second level in the Born to Burn Pilot Training Course of Steel Storm taking you back to the industrial type area from the first mission to destroy a heavily guarded supply depot. For the first time, you are presented with a time limit of 15 minutes to exit the level. This [&hellip;]<\/p>","protected":false},"author":1,"featured_media":54,"parent":173,"menu_order":0,"comment_status":"open","ping_status":"closed","template":"","meta":{"_uag_custom_page_level_css":"","site-sidebar-layout":"default","site-content-layout":"default","ast-site-content-layout":"","site-content-style":"default","site-sidebar-style":"default","ast-global-header-display":"","ast-banner-title-visibility":"","ast-main-header-display":"","ast-hfb-above-header-display":"","ast-hfb-below-header-display":"","ast-hfb-mobile-header-display":"","site-post-title":"","ast-breadcrumbs-content":"","ast-featured-img":"","footer-sml-layout":"","theme-transparent-header-meta":"default","adv-header-id-meta":"","stick-header-meta":"","header-above-stick-meta":"","header-main-stick-meta":"","header-below-stick-meta":"","astra-migrate-meta-layouts":"default","ast-page-background-enabled":"default","ast-page-background-meta":{"desktop":{"background-color":"","background-image":"","background-repeat":"repeat","background-position":"center center","background-size":"auto","background-attachment":"scroll","background-type":"","background-media":"","overlay-type":"","overlay-color":"","overlay-gradient":""},"tablet":{"background-color":"","background-image":"","background-repeat":"repeat","background-position":"center center","background-size":"auto","background-attachment":"scroll","background-type":"","background-media":"","overlay-type":"","overlay-color":"","overlay-gradient":""},"mobile":{"background-color":"","background-image":"","background-repeat":"repeat","background-position":"center center","background-size":"auto","background-attachment":"scroll","background-type":"","background-media":"","overlay-type":"","overlay-color":"","overlay-gradient":""}},"ast-content-background-meta":{"desktop":{"background-color":"var(--ast-global-color-5)","background-image":"","background-repeat":"repeat","background-position":"center center","background-size":"auto","background-attachment":"scroll","background-type":"","background-media":"","overlay-type":"","overlay-color":"","overlay-gradient":""},"tablet":{"background-color":"var(--ast-global-color-5)","background-image":"","background-repeat":"repeat","background-position":"center center","background-size":"auto","background-attachment":"scroll","background-type":"","background-media":"","overlay-type":"","overlay-color":"","overlay-gradient":""},"mobile":{"background-color":"var(--ast-global-color-5)","background-image":"","background-repeat":"repeat","background-position":"center center","background-size":"auto","background-attachment":"scroll","background-type":"","background-media":"","overlay-type":"","overlay-color":"","overlay-gradient":""}},"footnotes":""},"uagb_featured_image_src":{"full":["https:\/\/steelstorm.standardof.net\/wp-content\/uploads\/sites\/3\/2020\/10\/MnEdR-1.jpg",1200,750,false],"thumbnail":["https:\/\/steelstorm.standardof.net\/wp-content\/uploads\/sites\/3\/2020\/10\/MnEdR-1-150x150.jpg",150,150,true],"medium":["https:\/\/steelstorm.standardof.net\/wp-content\/uploads\/sites\/3\/2020\/10\/MnEdR-1-300x188.jpg",300,188,true],"medium_large":["https:\/\/steelstorm.standardof.net\/wp-content\/uploads\/sites\/3\/2020\/10\/MnEdR-1-768x480.jpg",768,480,true],"large":["https:\/\/steelstorm.standardof.net\/wp-content\/uploads\/sites\/3\/2020\/10\/MnEdR-1-1024x640.jpg",1024,640,true],"1536x1536":["https:\/\/steelstorm.standardof.net\/wp-content\/uploads\/sites\/3\/2020\/10\/MnEdR-1.jpg",1200,750,false],"2048x2048":["https:\/\/steelstorm.standardof.net\/wp-content\/uploads\/sites\/3\/2020\/10\/MnEdR-1.jpg",1200,750,false],"trp-custom-language-flag":["https:\/\/steelstorm.standardof.net\/wp-content\/uploads\/sites\/3\/2020\/10\/MnEdR-1.jpg",18,12,false]},"uagb_author_info":{"display_name":"SOE","author_link":"https:\/\/steelstorm.standardof.net\/pt\/author\/k-tastic\/"},"uagb_comment_info":0,"uagb_excerpt":"The Collector is the second level in the Born to Burn Pilot Training Course of Steel Storm taking you back to the industrial type area from the first mission to destroy a heavily guarded supply depot. For the first time, you are presented with a time limit of 15 minutes to exit the level. This&hellip;","_links":{"self":[{"href":"https:\/\/steelstorm.standardof.net\/pt\/wp-json\/wp\/v2\/pages\/180"}],"collection":[{"href":"https:\/\/steelstorm.standardof.net\/pt\/wp-json\/wp\/v2\/pages"}],"about":[{"href":"https:\/\/steelstorm.standardof.net\/pt\/wp-json\/wp\/v2\/types\/page"}],"author":[{"embeddable":true,"href":"https:\/\/steelstorm.standardof.net\/pt\/wp-json\/wp\/v2\/users\/1"}],"replies":[{"embeddable":true,"href":"https:\/\/steelstorm.standardof.net\/pt\/wp-json\/wp\/v2\/comments?post=180"}],"version-history":[{"count":0,"href":"https:\/\/steelstorm.standardof.net\/pt\/wp-json\/wp\/v2\/pages\/180\/revisions"}],"up":[{"embeddable":true,"href":"https:\/\/steelstorm.standardof.net\/pt\/wp-json\/wp\/v2\/pages\/173"}],"wp:featuredmedia":[{"embeddable":true,"href":"https:\/\/steelstorm.standardof.net\/pt\/wp-json\/wp\/v2\/media\/54"}],"wp:attachment":[{"href":"https:\/\/steelstorm.standardof.net\/pt\/wp-json\/wp\/v2\/media?parent=180"}],"curies":[{"name":"wp","href":"https:\/\/api.w.org\/{rel}","templated":true}]}}