{"id":173,"date":"2020-10-17T10:02:43","date_gmt":"2020-10-17T10:02:43","guid":{"rendered":"https:\/\/steelstorm.standardof.net\/?page_id=173"},"modified":"2020-10-17T15:17:50","modified_gmt":"2020-10-17T15:17:50","slug":"level-walkthroughs","status":"publish","type":"page","link":"https:\/\/steelstorm.standardof.net\/pt\/guide\/passo-a-passo-de-nivel-2\/","title":{"rendered":"Passo a passo de n\u00edvel"},"content":{"rendered":"<div class=\"wp-block-cover has-background-dim-80 has-background-dim\" style=\"background-image:url(https:\/\/steelstorm.standardof.net\/wp-content\/uploads\/sites\/3\/2020\/10\/Level-Guides.jpg);min-height:200px;aspect-ratio:unset;\"><div class=\"wp-block-cover__inner-container is-layout-flow wp-block-cover-is-layout-flow\">\n<h2 class=\"has-text-align-center wp-block-heading\">Passo a passo e guias de n\u00edvel<\/h2>\n<\/div><\/div>\n\n\n\n<h3 class=\"wp-block-heading\"><\/h3>\n\n\n\n<ul><li><strong>Born to Burn: Curso de Treinamento de Pilotos<\/strong><\/li><li><strong>Burning Retribution<\/strong><\/li><li><strong>Miss\u00f5es B\u00f4nus<\/strong><\/li><li><strong>Miss\u00f5es Perdidas<\/strong><\/li><\/ul>\n\n\n\n<p>Existem 3 fontes principais de informa\u00e7\u00f5es apresentadas nos guias de n\u00edvel, cobrindo cada uma das miss\u00f5es em Steel Storm Burning Retribution. A primeira delas s\u00e3o as imagens no lado direito da p\u00e1gina, conforme o passo a passo de cada n\u00edvel. Aqui voc\u00ea encontrar\u00e1 um mapa desenhado para cada n\u00edvel, mostrando as rotas a percorrer para atingir os objetivos prim\u00e1rios ou pontos de destaque espec\u00edficos, de forma eficiente. Algumas coletas de itens s\u00e3o ocasionalmente apontadas l\u00e1, mas apenas se forem consideradas importantes para manter os mapas leg\u00edveis. Imagens adicionais descrever\u00e3o cenas do jogo de certos pontos marcados.<\/p>\n\n\n\n<p>As partes do texto do guia s\u00e3o comparadas com o mapa da rota para fornecer detalhes sobre os objetivos principais, explicar o que os v\u00e1rios marcadores representam e como essas rotas s\u00e3o usadas para alcan\u00e7ar esses locais importantes marcados. Os inimigos e a maioria dos itens s\u00e3o considerados um obst\u00e1culo sempre presente, apenas sendo apontados aqui se forem considerados particularmente vol\u00e1teis ou dignos de nota em uma miss\u00e3o.<\/p>\n\n\n\n<p>Finalmente, h\u00e1 um passo a passo em v\u00eddeo para cada n\u00edvel que pode ser encontrado logo abaixo das partes do texto e da imagem que fornece os detalhes mais espec\u00edficos sobre as amea\u00e7as enfrentadas. Se voc\u00ea quiser saber exatamente onde cada pequeno detalhe est\u00e1, esta \u00e9 a sua melhor fonte com uma reprodu\u00e7\u00e3o do in\u00edcio ao fim sem interrup\u00e7\u00f5es e incluindo um coment\u00e1rio de \u00e1udio.<\/p>\n\n\n\n<hr class=\"wp-block-separator\"\/>\n\n\n\n<div class=\"wp-block-cover has-background-dim-80 has-background-dim\" style=\"background-image:url(https:\/\/steelstorm.standardof.net\/wp-content\/uploads\/sites\/3\/2020\/10\/Steel-Storm-Levels-Headhunter-The-Collector-2.jpg);min-height:200px;aspect-ratio:unset;\"><div class=\"wp-block-cover__inner-container is-layout-flow wp-block-cover-is-layout-flow\">\n<h3 class=\"has-text-align-center wp-block-heading\">Born to Burn: miss\u00f5es do curso de treinamento de piloto<\/h3>\n<\/div><\/div>\n\n\n\n<div class=\"gb-grid-wrapper gb-grid-wrapper-843856d6\">\n<div class=\"gb-grid-column gb-grid-column-5b8f3b76\"><div class=\"gb-container gb-container-5b8f3b76\"><div class=\"gb-inside-container\">\n<h4 class=\"has-text-align-center wp-block-heading\"><strong><a class=\"rank-math-link\" href=\"https:\/\/steelstorm.standardof.net\/pt\/guide\/passo-a-passo-de-nivel-2\/aquisicao-nascida-para-queimar\/\">Aquisi\u00e7\u00e3o<\/a><\/strong><\/h4>\n<\/div><\/div><\/div>\n\n\n\n<div class=\"gb-grid-column gb-grid-column-be49958b\"><div class=\"gb-container gb-container-be49958b\"><div class=\"gb-inside-container\">\n<h4 class=\"has-text-align-center wp-block-heading\"><strong><a class=\"rank-math-link\" href=\"https:\/\/steelstorm.standardof.net\/pt\/guide\/passo-a-passo-de-nivel-2\/nascido-para-queimar-o-colecionador\/\">O coletor<\/a><\/strong><\/h4>\n<\/div><\/div><\/div>\n\n\n\n<div class=\"gb-grid-column gb-grid-column-e251aa3c\"><div class=\"gb-container gb-container-e251aa3c\"><div class=\"gb-inside-container\">\n<h4 class=\"has-text-align-center wp-block-heading\"><strong><a class=\"rank-math-link\" href=\"https:\/\/steelstorm.standardof.net\/pt\/guide\/passo-a-passo-de-nivel-2\/nascido-para-queimar-na-cova-dos-leoes\/\">Na toca do Lions<\/a><\/strong><\/h4>\n<\/div><\/div><\/div>\n<\/div>\n\n\n\n<p>Esta p\u00e1gina passo a passo cobre o primeiro epis\u00f3dio, \u201cBorn to Burn: Pilot Training Course\u201d, do videogame Steel Storm: Burning Retribution, composto por tr\u00eas miss\u00f5es que antes faziam parte do j\u00e1 extinto \u201cEpis\u00f3dio 1\u201d. Cada n\u00edvel tem sua pr\u00f3pria se\u00e7\u00e3o com mapas e guia em v\u00eddeo. Este guia foi feito como se jogado em <strong>Cl\u00e1ssico<\/strong> ou <strong>Dif\u00edcil <\/strong>dificuldade.<\/p>\n\n\n\n<p>Tenha em mente que cada epis\u00f3dio e as miss\u00f5es b\u00f4nus neste jogo t\u00eam sua pr\u00f3pria continua\u00e7\u00e3o quando se trata de armas adquiridas, ou seja, qualquer coisa que voc\u00ea pegar em uma miss\u00e3o de determinado epis\u00f3dio, voc\u00ea pode levar para outro n\u00edvel do mesmo epis\u00f3dio, mas n\u00e3o para o segundo epis\u00f3dio ou as miss\u00f5es b\u00f4nus. Isso inclui jogadas secund\u00e1rias de n\u00edveis conclu\u00eddos anteriormente, permitindo que voc\u00ea volte para uma pontua\u00e7\u00e3o mais alta com armas melhores.<\/p>\n\n\n\n<p>Born to Burn: Pilot Training Course serve como uma introdu\u00e7\u00e3o ao jogo Steel Storm. Esses n\u00edveis apresentam os desafios mais f\u00e1ceis em compara\u00e7\u00e3o com os pr\u00f3ximos epis\u00f3dios e as miss\u00f5es de b\u00f4nus.<\/p>\n\n\n\n<hr class=\"wp-block-separator\"\/>\n\n\n\n<div class=\"wp-block-cover has-background-dim-80 has-background-dim\" style=\"background-image:url(https:\/\/steelstorm.standardof.net\/wp-content\/uploads\/sites\/3\/2020\/10\/Burning-Retribution.jpg);min-height:200px;aspect-ratio:unset;\"><div class=\"wp-block-cover__inner-container is-layout-flow wp-block-cover-is-layout-flow\">\n<h3 class=\"has-text-align-center wp-block-heading\">Burning Retribution<\/h3>\n<\/div><\/div>\n\n\n\n<div class=\"gb-container gb-container-84c3f63c\"><div class=\"gb-inside-container\">\n<h4 class=\"has-text-align-center has-white-color has-text-color wp-block-heading\"><strong>Cap\u00edtulo 1<\/strong><\/h4>\n\n\n\n<div class=\"gb-grid-wrapper gb-grid-wrapper-f2f3ae79\">\n<div class=\"gb-grid-column gb-grid-column-1aab7781\"><div class=\"gb-container gb-container-1aab7781\"><div class=\"gb-inside-container\">\n<h5 class=\"has-text-align-center wp-block-heading\"><strong><a href=\"https:\/\/steelstorm.standardof.net\/pt\/guide\/passo-a-passo-de-nivel-2\/queimando-retribuicao-congelada-canyon\/\" class=\"rank-math-link\">Canyon Frozen<\/a><\/strong><\/h5>\n<\/div><\/div><\/div>\n\n\n\n<div class=\"gb-grid-column gb-grid-column-42ee31c5\"><div class=\"gb-container gb-container-42ee31c5\"><div class=\"gb-inside-container\">\n<h5 class=\"has-text-align-center wp-block-heading\"><strong><a href=\"https:\/\/steelstorm.standardof.net\/pt\/guide\/passo-a-passo-de-nivel-2\/queima-retribuicao-entorpecido-aco\/\" class=\"rank-math-link\">A\u00e7o Numb<\/a><\/strong><\/h5>\n<\/div><\/div><\/div>\n<\/div>\n<\/div><\/div>\n\n\n\n<div class=\"gb-container gb-container-54b9e81e\"><div class=\"gb-inside-container\">\n<h4 class=\"has-text-align-center has-white-color has-text-color wp-block-heading\"><strong>Cap\u00edtulo 2<\/strong><\/h4>\n\n\n\n<div class=\"gb-grid-wrapper gb-grid-wrapper-18e74611\">\n<div class=\"gb-grid-column gb-grid-column-56f48146\"><div class=\"gb-container gb-container-56f48146\"><div class=\"gb-inside-container\">\n<h5 class=\"has-text-align-center wp-block-heading\"><strong><a href=\"https:\/\/steelstorm.standardof.net\/pt\/guide\/passo-a-passo-de-nivel-2\/queima-retribuicao-icebound-paraiso\/\" class=\"rank-math-link\">Icebound Paradise<\/a><\/strong><\/h5>\n<\/div><\/div><\/div>\n\n\n\n<div class=\"gb-grid-column gb-grid-column-183e5fca\"><div class=\"gb-container gb-container-183e5fca\"><div class=\"gb-inside-container\">\n<h5 class=\"has-text-align-center wp-block-heading\"><strong><a href=\"https:\/\/steelstorm.standardof.net\/pt\/guide\/passo-a-passo-de-nivel-2\/queima-retribuicao-sob-a-mortalha-congelada\/\" class=\"rank-math-link\">Sob o Sud\u00e1rio Congelado<\/a><\/strong><\/h5>\n<\/div><\/div><\/div>\n\n\n\n<div class=\"gb-grid-column gb-grid-column-ef9975af\"><div class=\"gb-container gb-container-ef9975af\"><div class=\"gb-inside-container\">\n<h5 class=\"has-text-align-center wp-block-heading\"><strong><a href=\"https:\/\/steelstorm.standardof.net\/pt\/guide\/passo-a-passo-de-nivel-2\/queima-retribuicao-siga-a-toupeira\/\" class=\"rank-math-link\">Siga a toupeira<\/a><\/strong><\/h5>\n<\/div><\/div><\/div>\n<\/div>\n\n\n\n<div class=\"gb-grid-wrapper gb-grid-wrapper-0f8d198f\">\n<div class=\"gb-grid-column gb-grid-column-e42dbeec\"><div class=\"gb-container gb-container-e42dbeec\"><div class=\"gb-inside-container\">\n<h5 class=\"has-text-align-center wp-block-heading\"><strong><a href=\"https:\/\/steelstorm.standardof.net\/pt\/guide\/passo-a-passo-de-nivel-2\/queima-retribuicao-a-rede\/\" class=\"rank-math-link\">A rede<\/a><\/strong><\/h5>\n<\/div><\/div><\/div>\n\n\n\n<div class=\"gb-grid-column gb-grid-column-2a18f3cb\"><div class=\"gb-container gb-container-2a18f3cb\"><div class=\"gb-inside-container\">\n<h5 class=\"has-text-align-center wp-block-heading\"><strong><a href=\"https:\/\/steelstorm.standardof.net\/pt\/guide\/passo-a-passo-de-nivel-2\/queima-retribuicao-praca-da-desgraca\/\" class=\"rank-math-link\">Plaza of Doom<\/a><\/strong><\/h5>\n<\/div><\/div><\/div>\n<\/div>\n<\/div><\/div>\n\n\n\n<p>Esta parte do passo a passo cobre o Epis\u00f3dio 2 em Steel Storm, Burning Retribution, continuando a s\u00e9rie de guias de n\u00edvel jogados durante o jogo em <strong>Cl\u00e1ssico <\/strong>ou <strong>Dif\u00edcil <\/strong>dificuldade. Parte do jogo completo apenas, ao contr\u00e1rio do Epis\u00f3dio 1, que tamb\u00e9m faz parte da vers\u00e3o gratuita, o Epis\u00f3dio 2 trar\u00e1 consigo uma s\u00e9rie de novos inimigos e armas adicionais nunca antes vistas, a menos que voc\u00ea j\u00e1 tenha completado as miss\u00f5es b\u00f4nus.<\/p>\n\n\n\n<p>O Epis\u00f3dio 2 ou Burning Retribution, \u00e9 o maior conjunto de n\u00edveis cont\u00ednuos do jogo, dividido em quatro cap\u00edtulos separados, cada um com seu pr\u00f3prio grupo de miss\u00e3o. Espere encontrar desafios mais dif\u00edceis, v\u00e1rios novos locais e tarefas mais complicadas para voc\u00ea realizar.<\/p>\n\n\n\n<hr class=\"wp-block-separator\"\/>\n\n\n\n<div class=\"wp-block-cover has-background-dim-80 has-background-dim\" style=\"background-image:url(https:\/\/steelstorm.standardof.net\/wp-content\/uploads\/sites\/3\/2020\/10\/Bonus-Missions.jpg);background-position:48% 37%;min-height:200px;aspect-ratio:unset;\"><div class=\"wp-block-cover__inner-container is-layout-flow wp-block-cover-is-layout-flow\">\n<h3 class=\"has-text-align-center wp-block-heading\">Miss\u00f5es Bonus: Skirmish<\/h3>\n<\/div><\/div>\n\n\n\n<div class=\"gb-grid-wrapper gb-grid-wrapper-996d369e\">\n<div class=\"gb-grid-column gb-grid-column-af22efae\"><div class=\"gb-container gb-container-af22efae\"><div class=\"gb-inside-container\">\n<h4 class=\"has-text-align-center wp-block-heading\"><strong><a href=\"https:\/\/steelstorm.standardof.net\/pt\/guide\/passo-a-passo-de-nivel-2\/areias-ardentes-de-escaramuca\/\" class=\"rank-math-link\">Burning Sands<\/a><\/strong><\/h4>\n<\/div><\/div><\/div>\n\n\n\n<div class=\"gb-grid-column gb-grid-column-6e6a0850\"><div class=\"gb-container gb-container-6e6a0850\"><div class=\"gb-inside-container\">\n<h4 class=\"has-text-align-center wp-block-heading\"><strong><a href=\"https:\/\/steelstorm.standardof.net\/pt\/guide\/passo-a-passo-de-nivel-2\/ataque-de-escaramuca\/\" class=\"rank-math-link\">Investida<\/a><\/strong><\/h4>\n<\/div><\/div><\/div>\n\n\n\n<div class=\"gb-grid-column gb-grid-column-c5daec24\"><div class=\"gb-container gb-container-c5daec24\"><div class=\"gb-inside-container\">\n<h4 class=\"has-text-align-center wp-block-heading\"><strong><a href=\"https:\/\/steelstorm.standardof.net\/pt\/guide\/passo-a-passo-de-nivel-2\/escaramuca-purgatorio\/\" class=\"rank-math-link\">Purgat\u00f3rio<\/a><\/strong><\/h4>\n<\/div><\/div><\/div>\n<\/div>\n\n\n\n<p>Esta parte do guia cobre as miss\u00f5es b\u00f4nus dispon\u00edveis em Steel Storm: Burning Retribution. Neste guia, voc\u00ea encontrar\u00e1 uma se\u00e7\u00e3o para cada n\u00edvel, contendo mapas, dicas e sugest\u00f5es e um v\u00eddeo passo a passo realizado no <strong>Cl\u00e1ssico <\/strong>ou <strong>Dif\u00edcil<\/strong> dificuldade.<\/p>\n\n\n\n<p>Essas miss\u00f5es foram adicionadas em um patch recente do jogo, oferecem desafios \u00fanicos, separados da progress\u00e3o principal dos epis\u00f3dios 1 e 2. Como cada epis\u00f3dio, este grupo de n\u00edveis tem sua pr\u00f3pria progress\u00e3o com armas capturadas, come\u00e7ando apenas com a metralhadora em o primeiro n\u00edvel.<\/p>\n\n\n\n<hr class=\"wp-block-separator\"\/>\n\n\n\n<div class=\"wp-block-cover has-background-dim-80 has-background-dim\" style=\"background-image:url(https:\/\/steelstorm.standardof.net\/wp-content\/uploads\/sites\/3\/2020\/10\/Lost-Missions.jpg);background-position:48% 37%;min-height:200px;aspect-ratio:unset;\"><div class=\"wp-block-cover__inner-container is-layout-flow wp-block-cover-is-layout-flow\">\n<h3 class=\"has-text-align-center wp-block-heading\">Miss\u00f5es Perdidas<\/h3>\n<\/div><\/div>\n\n\n\n<div class=\"gb-grid-wrapper gb-grid-wrapper-4e236f43\">\n<div class=\"gb-grid-column gb-grid-column-bc3b5ab5\"><div class=\"gb-container gb-container-bc3b5ab5\"><div class=\"gb-inside-container\">\n<h4 class=\"has-text-align-center wp-block-heading\"><strong><a href=\"https:\/\/steelstorm.standardof.net\/pt\/guide\/passo-a-passo-de-nivel-2\/perdido-no-tempo-em-desanimo\/\" class=\"rank-math-link\">Em des\u00e2nimo<\/a><\/strong><\/h4>\n<\/div><\/div><\/div>\n\n\n\n<div class=\"gb-grid-column gb-grid-column-d8f4e8aa\"><div class=\"gb-container gb-container-d8f4e8aa\"><div class=\"gb-inside-container\">\n<h4 class=\"has-text-align-center wp-block-heading\"><strong><a href=\"https:\/\/steelstorm.standardof.net\/pt\/guide\/passo-a-passo-de-nivel-2\/colapso-perdido-no-tempo\/\" class=\"rank-math-link\">Meltdown<\/a><\/strong><\/h4>\n<\/div><\/div><\/div>\n<\/div>\n\n\n\n<p>As Miss\u00f5es Perdidas em Steel Storm s\u00e3o atualmente um conjunto de dois n\u00edveis que j\u00e1 fizeram parte do antigo e agora extinto Epis\u00f3dio 1, antes de ser dividido e transformado no conjunto de n\u00edveis Born to Burn. Essencialmente separados do continuum principal do jogo, esses epis\u00f3dios agora s\u00e3o Lost in Time, vagando pelo espa\u00e7o virtual, mas ainda acess\u00edveis para serem jogados como parte de sua pr\u00f3pria s\u00e9rie.<\/p>\n\n\n\n<div style=\"height:20px\" aria-hidden=\"true\" class=\"wp-block-spacer\"><\/div>","protected":false},"excerpt":{"rendered":"<p>Born to Burn: Pilot Training Course Burning Retribution Bonus Missions Lost Missions There are 3 main sources of information presented within the level guides, covering each of the missions in Steel Storm Burning Retribution. The first of which are the pictures to the right side of the page by each level\u2019s walkthrough. Here you will [&hellip;]<\/p>","protected":false},"author":1,"featured_media":54,"parent":6,"menu_order":0,"comment_status":"open","ping_status":"closed","template":"","meta":{"_uag_custom_page_level_css":"","site-sidebar-layout":"default","site-content-layout":"default","ast-site-content-layout":"","site-content-style":"default","site-sidebar-style":"default","ast-global-header-display":"","ast-banner-title-visibility":"","ast-main-header-display":"","ast-hfb-above-header-display":"","ast-hfb-below-header-display":"","ast-hfb-mobile-header-display":"","site-post-title":"","ast-breadcrumbs-content":"","ast-featured-img":"","footer-sml-layout":"","theme-transparent-header-meta":"default","adv-header-id-meta":"","stick-header-meta":"","header-above-stick-meta":"","header-main-stick-meta":"","header-below-stick-meta":"","astra-migrate-meta-layouts":"default","ast-page-background-enabled":"default","ast-page-background-meta":{"desktop":{"background-color":"","background-image":"","background-repeat":"repeat","background-position":"center center","background-size":"auto","background-attachment":"scroll","background-type":"","background-media":"","overlay-type":"","overlay-color":"","overlay-gradient":""},"tablet":{"background-color":"","background-image":"","background-repeat":"repeat","background-position":"center center","background-size":"auto","background-attachment":"scroll","background-type":"","background-media":"","overlay-type":"","overlay-color":"","overlay-gradient":""},"mobile":{"background-color":"","background-image":"","background-repeat":"repeat","background-position":"center center","background-size":"auto","background-attachment":"scroll","background-type":"","background-media":"","overlay-type":"","overlay-color":"","overlay-gradient":""}},"ast-content-background-meta":{"desktop":{"background-color":"var(--ast-global-color-5)","background-image":"","background-repeat":"repeat","background-position":"center center","background-size":"auto","background-attachment":"scroll","background-type":"","background-media":"","overlay-type":"","overlay-color":"","overlay-gradient":""},"tablet":{"background-color":"var(--ast-global-color-5)","background-image":"","background-repeat":"repeat","background-position":"center center","background-size":"auto","background-attachment":"scroll","background-type":"","background-media":"","overlay-type":"","overlay-color":"","overlay-gradient":""},"mobile":{"background-color":"var(--ast-global-color-5)","background-image":"","background-repeat":"repeat","background-position":"center center","background-size":"auto","background-attachment":"scroll","background-type":"","background-media":"","overlay-type":"","overlay-color":"","overlay-gradient":""}},"footnotes":""},"uagb_featured_image_src":{"full":["https:\/\/steelstorm.standardof.net\/wp-content\/uploads\/sites\/3\/2020\/10\/MnEdR-1.jpg",1200,750,false],"thumbnail":["https:\/\/steelstorm.standardof.net\/wp-content\/uploads\/sites\/3\/2020\/10\/MnEdR-1-150x150.jpg",150,150,true],"medium":["https:\/\/steelstorm.standardof.net\/wp-content\/uploads\/sites\/3\/2020\/10\/MnEdR-1-300x188.jpg",300,188,true],"medium_large":["https:\/\/steelstorm.standardof.net\/wp-content\/uploads\/sites\/3\/2020\/10\/MnEdR-1-768x480.jpg",768,480,true],"large":["https:\/\/steelstorm.standardof.net\/wp-content\/uploads\/sites\/3\/2020\/10\/MnEdR-1-1024x640.jpg",1024,640,true],"1536x1536":["https:\/\/steelstorm.standardof.net\/wp-content\/uploads\/sites\/3\/2020\/10\/MnEdR-1.jpg",1200,750,false],"2048x2048":["https:\/\/steelstorm.standardof.net\/wp-content\/uploads\/sites\/3\/2020\/10\/MnEdR-1.jpg",1200,750,false],"trp-custom-language-flag":["https:\/\/steelstorm.standardof.net\/wp-content\/uploads\/sites\/3\/2020\/10\/MnEdR-1.jpg",18,12,false]},"uagb_author_info":{"display_name":"SOE","author_link":"https:\/\/steelstorm.standardof.net\/pt\/author\/k-tastic\/"},"uagb_comment_info":0,"uagb_excerpt":"Born to Burn: Pilot Training Course Burning Retribution Bonus Missions Lost Missions There are 3 main sources of information presented within the level guides, covering each of the missions in Steel Storm Burning Retribution. The first of which are the pictures to the right side of the page by each level\u2019s walkthrough. Here you will&hellip;","_links":{"self":[{"href":"https:\/\/steelstorm.standardof.net\/pt\/wp-json\/wp\/v2\/pages\/173"}],"collection":[{"href":"https:\/\/steelstorm.standardof.net\/pt\/wp-json\/wp\/v2\/pages"}],"about":[{"href":"https:\/\/steelstorm.standardof.net\/pt\/wp-json\/wp\/v2\/types\/page"}],"author":[{"embeddable":true,"href":"https:\/\/steelstorm.standardof.net\/pt\/wp-json\/wp\/v2\/users\/1"}],"replies":[{"embeddable":true,"href":"https:\/\/steelstorm.standardof.net\/pt\/wp-json\/wp\/v2\/comments?post=173"}],"version-history":[{"count":0,"href":"https:\/\/steelstorm.standardof.net\/pt\/wp-json\/wp\/v2\/pages\/173\/revisions"}],"up":[{"embeddable":true,"href":"https:\/\/steelstorm.standardof.net\/pt\/wp-json\/wp\/v2\/pages\/6"}],"wp:featuredmedia":[{"embeddable":true,"href":"https:\/\/steelstorm.standardof.net\/pt\/wp-json\/wp\/v2\/media\/54"}],"wp:attachment":[{"href":"https:\/\/steelstorm.standardof.net\/pt\/wp-json\/wp\/v2\/media?parent=173"}],"curies":[{"name":"wp","href":"https:\/\/api.w.org\/{rel}","templated":true}]}}