{"id":170,"date":"2020-10-17T06:09:23","date_gmt":"2020-10-17T06:09:23","guid":{"rendered":"https:\/\/steelstorm.standardof.net\/?page_id=170"},"modified":"2020-10-19T05:14:33","modified_gmt":"2020-10-19T05:14:33","slug":"secondary-weapons","status":"publish","type":"page","link":"https:\/\/steelstorm.standardof.net\/pt\/guide\/armas\/armas-secundarias\/","title":{"rendered":"Armas Secund\u00e1rias"},"content":{"rendered":"<p>o <strong>Secund\u00e1rio <\/strong>O grupo de armas \u00e9 disparado com a tecla Mouse 2 (clique direito) por padr\u00e3o, fornecendo maior poder de fogo para o seu tanque. Normalmente, voc\u00ea s\u00f3 pode disparar uma das armas de energia ou bal\u00edstica por vez, mas se usar a tecla shift para alternar rapidamente, voc\u00ea pode usar as duas simultaneamente.<\/p>\n\n\n\n<div style=\"height:20px\" aria-hidden=\"true\" class=\"wp-block-spacer\"><\/div>\n\n\n\n<div class=\"wp-block-cover alignwide has-background-dim-70 has-black-background-color has-background-dim\" style=\"background-image:url(https:\/\/steelstorm.standardof.net\/wp-content\/uploads\/sites\/3\/2020\/10\/Steel-Storm-Weapons-MIRV-Screenshot.jpg);background-position:49% 25%;min-height:112px;aspect-ratio:unset;\"><div class=\"wp-block-cover__inner-container is-layout-flow wp-block-cover-is-layout-flow\">\n<h2 class=\"has-text-align-center wp-block-heading\"><span class=\"qubely-text-uppercase\" style=\"text-transform: uppercase;\"><span data=\"#ff6900\" class=\"qubely-text-has-color\" style=\"color: #ff6900;\">Armas Bal\u00edsticas Secund\u00e1rias<\/span><\/span><\/h2>\n\n\n\n<p class=\"has-text-align-center\">A Bal\u00edstica Secund\u00e1ria consiste em v\u00e1rias variedades diferentes de lan\u00e7adores de m\u00edsseis para causar s\u00e9ria destrui\u00e7\u00e3o entre seus inimigos.<\/p>\n<\/div><\/div>\n\n\n\n<div style=\"height:20px\" aria-hidden=\"true\" class=\"wp-block-spacer\"><\/div>\n\n\n\n<div class=\"gb-container gb-container-dbddee8c\"><div class=\"gb-inside-container\">\n<h3 class=\"has-text-align-center wp-block-heading\">Foguete<\/h3>\n\n\n\n<div class=\"wp-block-image\"><figure class=\"aligncenter size-medium\"><a href=\"https:\/\/steelstorm.standardof.net\/pt\/steel-storm-weapons-rocket-pod-icon\/\"><img decoding=\"async\" width=\"300\" height=\"212\" src=\"https:\/\/steelstorm.standardof.net\/wp-content\/uploads\/sites\/3\/2020\/10\/Steel-Storm-Weapons-Rocket-Pod-Icon-300x212.jpg\" alt=\"Foguete\" class=\"wp-image-128\" title=\"\" srcset=\"https:\/\/steelstorm.standardof.net\/wp-content\/uploads\/sites\/3\/2020\/10\/Steel-Storm-Weapons-Rocket-Pod-Icon-300x212.jpg 300w, https:\/\/steelstorm.standardof.net\/wp-content\/uploads\/sites\/3\/2020\/10\/Steel-Storm-Weapons-Rocket-Pod-Icon-16x12.jpg 16w, https:\/\/steelstorm.standardof.net\/wp-content\/uploads\/sites\/3\/2020\/10\/Steel-Storm-Weapons-Rocket-Pod-Icon.jpg 465w\" sizes=\"(max-width: 300px) 100vw, 300px\" \/><\/a><figcaption>Foguete<\/figcaption><\/figure><\/div>\n\n\n\n<p>Uma excelente arma de curto a m\u00e9dio alcance, o Rocket Pod libera uma grande explos\u00e3o de m\u00edsseis que se espalham para causar s\u00e9rios danos a qualquer inimigo atingido pela explos\u00e3o. Esta arma \u00e9 igualmente eficaz contra todos os tipos de inimigos, desde que voc\u00ea possa chegar perto o suficiente para dispar\u00e1-los.<\/p>\n\n\n\n<div class=\"wp-block-image\"><figure class=\"aligncenter size-full is-resized\"><a href=\"https:\/\/steelstorm.standardof.net\/pt\/steel-storm-weapons-rocket-pod-screenshot\/\"><img decoding=\"async\" src=\"https:\/\/steelstorm.standardof.net\/wp-content\/uploads\/sites\/3\/2020\/10\/Steel-Storm-Weapons-Rocket-Pod-Screenshot.jpg\" alt=\"Arma secund\u00e1ria do foguete\" class=\"wp-image-129\" width=\"768\" height=\"432\" title=\"\" srcset=\"https:\/\/steelstorm.standardof.net\/wp-content\/uploads\/sites\/3\/2020\/10\/Steel-Storm-Weapons-Rocket-Pod-Screenshot.jpg 1024w, https:\/\/steelstorm.standardof.net\/wp-content\/uploads\/sites\/3\/2020\/10\/Steel-Storm-Weapons-Rocket-Pod-Screenshot-300x169.jpg 300w, https:\/\/steelstorm.standardof.net\/wp-content\/uploads\/sites\/3\/2020\/10\/Steel-Storm-Weapons-Rocket-Pod-Screenshot-768x432.jpg 768w, https:\/\/steelstorm.standardof.net\/wp-content\/uploads\/sites\/3\/2020\/10\/Steel-Storm-Weapons-Rocket-Pod-Screenshot-16x9.jpg 16w\" sizes=\"(max-width: 768px) 100vw, 768px\" \/><\/a><figcaption>Lan\u00e7ando enxames de foguetes em grupos de tanques hostis.<\/figcaption><\/figure><\/div>\n<\/div><\/div>\n\n\n\n<div style=\"height:20px\" aria-hidden=\"true\" class=\"wp-block-spacer\"><\/div>\n\n\n\n<div class=\"gb-container gb-container-2b743f96\"><div class=\"gb-inside-container\">\n<h3 class=\"has-text-align-center wp-block-heading\">M\u00edssil autodirecional<\/h3>\n\n\n\n<div class=\"wp-block-image\"><figure class=\"aligncenter size-medium\"><a href=\"https:\/\/steelstorm.standardof.net\/pt\/steel-storm-weapons-homing-missile-icon\/\"><img decoding=\"async\" width=\"300\" height=\"274\" src=\"https:\/\/steelstorm.standardof.net\/wp-content\/uploads\/sites\/3\/2020\/10\/Steel-Storm-Weapons-Homing-Missile-Icon-300x274.jpg\" alt=\"M\u00edssil autodirecional\" class=\"wp-image-124\" title=\"\" srcset=\"https:\/\/steelstorm.standardof.net\/wp-content\/uploads\/sites\/3\/2020\/10\/Steel-Storm-Weapons-Homing-Missile-Icon-300x274.jpg 300w, https:\/\/steelstorm.standardof.net\/wp-content\/uploads\/sites\/3\/2020\/10\/Steel-Storm-Weapons-Homing-Missile-Icon-13x12.jpg 13w, https:\/\/steelstorm.standardof.net\/wp-content\/uploads\/sites\/3\/2020\/10\/Steel-Storm-Weapons-Homing-Missile-Icon.jpg 410w\" sizes=\"(max-width: 300px) 100vw, 300px\" \/><\/a><figcaption>M\u00edssil autodirecional<\/figcaption><\/figure><\/div>\n\n\n\n<p>Os m\u00edsseis homing s\u00e3o lan\u00e7ados como um par de m\u00edsseis altamente explosivos que perseguem alvos inimigos pr\u00f3ximos. Os m\u00edsseis teleguiados s\u00e3o bons em curto e longo alcance, mas s\u00e3o muito mais eficazes contra alvos mais lentos ou estacion\u00e1rios, pois os tanques leves e rel\u00e2mpagos mais r\u00e1pidos podem se esquivar dos m\u00edsseis teleguiados menos manobr\u00e1veis.<\/p>\n\n\n\n<p>O que torna esta arma particularmente \u00fatil \u00e9 a capacidade de dispar\u00e1-los de um canto ou por tr\u00e1s de uma obstru\u00e7\u00e3o para atingir inimigos que n\u00e3o est\u00e3o diretamente em sua linha de vis\u00e3o. Desta forma, Homing Missiles pode ser usado para destruir uma s\u00e9rie de inimigos sem nunca se expor ao fogo de retorno. Por \u00faltimo, esta \u00e9 a melhor arma para atingir alvos voando acima ou no solo abaixo de voc\u00ea, j\u00e1 que os m\u00edsseis podem viajar para cima e para baixo pelo ar tamb\u00e9m.<\/p>\n\n\n\n<div class=\"wp-block-image\"><figure class=\"aligncenter size-full is-resized\"><a href=\"https:\/\/steelstorm.standardof.net\/pt\/steel-storm-weapons-homing-missile-screenshot\/\"><img decoding=\"async\" src=\"https:\/\/steelstorm.standardof.net\/wp-content\/uploads\/sites\/3\/2020\/10\/Steel-Storm-Weapons-Homing-Missile-Screenshot.jpg\" alt=\"Arma secund\u00e1ria de m\u00edsseis teleguiados\" class=\"wp-image-125\" width=\"768\" height=\"432\" title=\"\" srcset=\"https:\/\/steelstorm.standardof.net\/wp-content\/uploads\/sites\/3\/2020\/10\/Steel-Storm-Weapons-Homing-Missile-Screenshot.jpg 1024w, https:\/\/steelstorm.standardof.net\/wp-content\/uploads\/sites\/3\/2020\/10\/Steel-Storm-Weapons-Homing-Missile-Screenshot-300x169.jpg 300w, https:\/\/steelstorm.standardof.net\/wp-content\/uploads\/sites\/3\/2020\/10\/Steel-Storm-Weapons-Homing-Missile-Screenshot-768x432.jpg 768w, https:\/\/steelstorm.standardof.net\/wp-content\/uploads\/sites\/3\/2020\/10\/Steel-Storm-Weapons-Homing-Missile-Screenshot-16x9.jpg 16w\" sizes=\"(max-width: 768px) 100vw, 768px\" \/><\/a><figcaption>Travando e eliminando tanques inimigos com o M\u00edssil Homing.\n<\/figcaption><\/figure><\/div>\n<\/div><\/div>\n\n\n\n<div style=\"height:20px\" aria-hidden=\"true\" class=\"wp-block-spacer\"><\/div>\n\n\n\n<div class=\"gb-container gb-container-ba90241e\"><div class=\"gb-inside-container\">\n<h3 class=\"has-text-align-center wp-block-heading\">MIRV<\/h3>\n\n\n\n<div class=\"wp-block-image\"><figure class=\"aligncenter size-medium\"><a href=\"https:\/\/steelstorm.standardof.net\/pt\/steel-storm-weapons-mirv-icon\/\"><img decoding=\"async\" width=\"300\" height=\"279\" src=\"https:\/\/steelstorm.standardof.net\/wp-content\/uploads\/sites\/3\/2020\/10\/Steel-Storm-Weapons-MIRV-Icon-300x279.jpg\" alt=\"MIRV\" class=\"wp-image-126\" title=\"\" srcset=\"https:\/\/steelstorm.standardof.net\/wp-content\/uploads\/sites\/3\/2020\/10\/Steel-Storm-Weapons-MIRV-Icon-300x279.jpg 300w, https:\/\/steelstorm.standardof.net\/wp-content\/uploads\/sites\/3\/2020\/10\/Steel-Storm-Weapons-MIRV-Icon-13x12.jpg 13w, https:\/\/steelstorm.standardof.net\/wp-content\/uploads\/sites\/3\/2020\/10\/Steel-Storm-Weapons-MIRV-Icon.jpg 380w\" sizes=\"(max-width: 300px) 100vw, 300px\" \/><\/a><figcaption>MIRV<\/figcaption><\/figure><\/div>\n\n\n\n<p>O MIRV \u00e9 uma arma de m\u00e9dio a longo alcance eficaz contra grandes grupos de inimigos. Esta arma lan\u00e7a um \u00fanico m\u00edssil que voa direto para o ar antes de formar um arco \u00e0 frente do seu tanque, se dividindo em v\u00e1rias ogivas e caindo de volta ao solo na metade da tela. Os MIRVs s\u00e3o ineficazes a curta dist\u00e2ncia devido \u00e0 dist\u00e2ncia definida que eles devem percorrer antes de voltar para baixo novamente, no entanto, eles podem ser usados para atingir alvos inimigos atr\u00e1s de campos de for\u00e7a ou de outra forma inacess\u00edveis.<\/p>\n\n\n\n<div class=\"wp-block-image\"><figure class=\"aligncenter size-full is-resized\"><a href=\"https:\/\/steelstorm.standardof.net\/pt\/steel-storm-weapons-mirv-screenshot\/\"><img decoding=\"async\" src=\"https:\/\/steelstorm.standardof.net\/wp-content\/uploads\/sites\/3\/2020\/10\/Steel-Storm-Weapons-MIRV-Screenshot.jpg\" alt=\"Arma Secund\u00e1ria MIRV\" class=\"wp-image-127\" width=\"768\" height=\"432\" title=\"\" srcset=\"https:\/\/steelstorm.standardof.net\/wp-content\/uploads\/sites\/3\/2020\/10\/Steel-Storm-Weapons-MIRV-Screenshot.jpg 1024w, https:\/\/steelstorm.standardof.net\/wp-content\/uploads\/sites\/3\/2020\/10\/Steel-Storm-Weapons-MIRV-Screenshot-300x169.jpg 300w, https:\/\/steelstorm.standardof.net\/wp-content\/uploads\/sites\/3\/2020\/10\/Steel-Storm-Weapons-MIRV-Screenshot-768x432.jpg 768w, https:\/\/steelstorm.standardof.net\/wp-content\/uploads\/sites\/3\/2020\/10\/Steel-Storm-Weapons-MIRV-Screenshot-16x9.jpg 16w\" sizes=\"(max-width: 768px) 100vw, 768px\" \/><\/a><figcaption>Chovendo morte de cima, usando a arma secund\u00e1ria bal\u00edstica MIRV.\n<\/figcaption><\/figure><\/div>\n<\/div><\/div>\n\n\n\n<div style=\"height:20px\" aria-hidden=\"true\" class=\"wp-block-spacer\"><\/div>\n\n\n\n<div class=\"wp-block-cover alignwide has-black-background-color has-background-dim\" style=\"background-image:url(https:\/\/steelstorm.standardof.net\/wp-content\/uploads\/sites\/3\/2020\/10\/Steel-Storm-Weapons-Beam-Cannon-Screenshot.jpg);background-position:51% 24%;min-height:112px;aspect-ratio:unset;\"><div class=\"wp-block-cover__inner-container is-layout-flow wp-block-cover-is-layout-flow\">\n<h2 class=\"has-text-align-center wp-block-heading\"><span style=\"text-transform: uppercase;\" class=\"qubely-text-uppercase\"><span style=\"color: #ff6900;\" data=\"#ff6900\" class=\"qubely-text-has-color\">Armas de energia secund\u00e1ria<\/span><\/span><\/h2>\n\n\n\n<p class=\"has-text-align-center\">As Armas de Energia Secund\u00e1ria ocupam seu pr\u00f3prio slot separado das armas bal\u00edsticas, o que permite que voc\u00ea alterne entre as duas dependendo de sua necessidade no momento.<\/p>\n<\/div><\/div>\n\n\n\n<div style=\"height:20px\" aria-hidden=\"true\" class=\"wp-block-spacer\"><\/div>\n\n\n\n<div class=\"gb-container gb-container-9502a65f\"><div class=\"gb-inside-container\">\n<h3 class=\"has-text-align-center wp-block-heading\">Beam Cannon<\/h3>\n\n\n\n<div class=\"wp-block-image\"><figure class=\"aligncenter size-medium\"><a href=\"https:\/\/steelstorm.standardof.net\/pt\/steel-storm-weapons-beam-cannon-icon\/\"><img decoding=\"async\" width=\"300\" height=\"241\" src=\"https:\/\/steelstorm.standardof.net\/wp-content\/uploads\/sites\/3\/2020\/10\/Steel-Storm-Weapons-Beam-Cannon-Icon-300x241.jpg\" alt=\"Beam Cannon\" class=\"wp-image-122\" title=\"\" srcset=\"https:\/\/steelstorm.standardof.net\/wp-content\/uploads\/sites\/3\/2020\/10\/Steel-Storm-Weapons-Beam-Cannon-Icon-300x241.jpg 300w, https:\/\/steelstorm.standardof.net\/wp-content\/uploads\/sites\/3\/2020\/10\/Steel-Storm-Weapons-Beam-Cannon-Icon-16x12.jpg 16w, https:\/\/steelstorm.standardof.net\/wp-content\/uploads\/sites\/3\/2020\/10\/Steel-Storm-Weapons-Beam-Cannon-Icon.jpg 489w\" sizes=\"(max-width: 300px) 100vw, 300px\" \/><\/a><figcaption>Beam Cannon<\/figcaption><\/figure><\/div>\n\n\n\n<p>O Beam Cannon dispara um laser pesado concentrado diretamente na frente do seu tanque e \u00e9 o causador de danos diretos mais pesado \u00e0 sua disposi\u00e7\u00e3o. Uma \u00fanica explos\u00e3o completa \u00e9 suficiente para destruir completamente uma torre ou tanque m\u00e9dio. Esta arma tamb\u00e9m \u00e9 excelente contra tanques pesados, chefes e para destruir edif\u00edcios. Sua \u00fanica desvantagem est\u00e1 na capacidade limitada de lidar com grandes grupos de inimigos espalhados, embora as varreduras da direita para a esquerda possam ajudar a compensar, foguetes e MIRVs ainda s\u00e3o melhores para esse prop\u00f3sito.<\/p>\n\n\n\n<figure class=\"wp-block-image size-full is-resized\"><a href=\"https:\/\/steelstorm.standardof.net\/pt\/steel-storm-weapons-beam-cannon-screenshot\/\"><img decoding=\"async\" src=\"https:\/\/steelstorm.standardof.net\/wp-content\/uploads\/sites\/3\/2020\/10\/Steel-Storm-Weapons-Beam-Cannon-Screenshot.jpg\" alt=\"Arma secund\u00e1ria de canh\u00e3o de feixe\" class=\"wp-image-123\" width=\"768\" height=\"432\" title=\"\" srcset=\"https:\/\/steelstorm.standardof.net\/wp-content\/uploads\/sites\/3\/2020\/10\/Steel-Storm-Weapons-Beam-Cannon-Screenshot.jpg 1024w, https:\/\/steelstorm.standardof.net\/wp-content\/uploads\/sites\/3\/2020\/10\/Steel-Storm-Weapons-Beam-Cannon-Screenshot-300x169.jpg 300w, https:\/\/steelstorm.standardof.net\/wp-content\/uploads\/sites\/3\/2020\/10\/Steel-Storm-Weapons-Beam-Cannon-Screenshot-768x432.jpg 768w, https:\/\/steelstorm.standardof.net\/wp-content\/uploads\/sites\/3\/2020\/10\/Steel-Storm-Weapons-Beam-Cannon-Screenshot-16x9.jpg 16w\" sizes=\"(max-width: 768px) 100vw, 768px\" \/><\/a><figcaption>Disparando o canh\u00e3o de feixe em um grupo de inimigos.\n<\/figcaption><\/figure>\n<\/div><\/div>\n\n\n\n<div style=\"height:20px\" aria-hidden=\"true\" class=\"wp-block-spacer\"><\/div>\n\n\n\n<div class=\"gb-container gb-container-78d07a83\"><div class=\"gb-inside-container\">\n<h3 class=\"has-text-align-center wp-block-heading\">Raio<\/h3>\n\n\n\n<div class=\"wp-block-image\"><figure class=\"aligncenter size-medium\"><a href=\"https:\/\/steelstorm.standardof.net\/pt\/steel-storm-weapons-thunderbolt-icon\/\"><img decoding=\"async\" width=\"300\" height=\"266\" src=\"https:\/\/steelstorm.standardof.net\/wp-content\/uploads\/sites\/3\/2020\/10\/Steel-Storm-Weapons-Thunderbolt-Icon-300x266.jpg\" alt=\"Raio\" class=\"wp-image-130\" title=\"\" srcset=\"https:\/\/steelstorm.standardof.net\/wp-content\/uploads\/sites\/3\/2020\/10\/Steel-Storm-Weapons-Thunderbolt-Icon-300x266.jpg 300w, https:\/\/steelstorm.standardof.net\/wp-content\/uploads\/sites\/3\/2020\/10\/Steel-Storm-Weapons-Thunderbolt-Icon-14x12.jpg 14w, https:\/\/steelstorm.standardof.net\/wp-content\/uploads\/sites\/3\/2020\/10\/Steel-Storm-Weapons-Thunderbolt-Icon.jpg 438w\" sizes=\"(max-width: 300px) 100vw, 300px\" \/><\/a><figcaption>Raio <\/figcaption><\/figure><\/div>\n\n\n\n<p>O Thunderbolt \u00e9 semelhante \u00e0 arma disparada pelo Lightning Tank, mas de uma variedade mais forte. Apesar de ser uma arma de curto alcance com baixo dano, seus benef\u00edcios v\u00eam de fazer com que qualquer coisa que acerte seja temporariamente desativada enquanto \u00e9 capaz de pular para unidades inimigas pr\u00f3ximas. <\/p>\n\n\n\n<p>O Thunderbolt pode desabilitar efetivamente esquadr\u00f5es inteiros de navios compactados e, quando combinado com explos\u00f5es cronometradas do Shockwave, pode ser usado para manter seus inimigos mortos na \u00e1gua indefinidamente enquanto voc\u00ea tira o casco e a armadura.<\/p>\n\n\n\n<div class=\"wp-block-image\"><figure class=\"aligncenter size-full is-resized\"><a href=\"https:\/\/steelstorm.standardof.net\/pt\/steel-storm-weapons-thunderbolt-screenshot\/\"><img decoding=\"async\" src=\"https:\/\/steelstorm.standardof.net\/wp-content\/uploads\/sites\/3\/2020\/10\/Steel-Storm-Weapons-Thunderbolt-Screenshot.jpg\" alt=\"Arma secund\u00e1ria de raio\" class=\"wp-image-131\" width=\"768\" height=\"432\" title=\"\" srcset=\"https:\/\/steelstorm.standardof.net\/wp-content\/uploads\/sites\/3\/2020\/10\/Steel-Storm-Weapons-Thunderbolt-Screenshot.jpg 1024w, https:\/\/steelstorm.standardof.net\/wp-content\/uploads\/sites\/3\/2020\/10\/Steel-Storm-Weapons-Thunderbolt-Screenshot-300x169.jpg 300w, https:\/\/steelstorm.standardof.net\/wp-content\/uploads\/sites\/3\/2020\/10\/Steel-Storm-Weapons-Thunderbolt-Screenshot-768x432.jpg 768w, https:\/\/steelstorm.standardof.net\/wp-content\/uploads\/sites\/3\/2020\/10\/Steel-Storm-Weapons-Thunderbolt-Screenshot-16x9.jpg 16w\" sizes=\"(max-width: 768px) 100vw, 768px\" \/><\/a><figcaption>Usando o Thunderbolt para acorrentar danos e rapidamente eliminar um grupo compacto de inimigos.<\/figcaption><\/figure><\/div>\n<\/div><\/div>","protected":false},"excerpt":{"rendered":"<p>The Secondary group of weapons are fired with the Mouse 2 key (right click) by default, providing heavier firepower for your tank. Normally you can only fire one of either the energy or ballistic weapons at a time but if you use the shift key to switch back and forth quickly, you can actually use [&hellip;]<\/p>","protected":false},"author":1,"featured_media":54,"parent":111,"menu_order":0,"comment_status":"open","ping_status":"closed","template":"","meta":{"_uag_custom_page_level_css":"","site-sidebar-layout":"default","site-content-layout":"default","ast-site-content-layout":"","site-content-style":"default","site-sidebar-style":"default","ast-global-header-display":"","ast-banner-title-visibility":"","ast-main-header-display":"","ast-hfb-above-header-display":"","ast-hfb-below-header-display":"","ast-hfb-mobile-header-display":"","site-post-title":"","ast-breadcrumbs-content":"","ast-featured-img":"","footer-sml-layout":"","theme-transparent-header-meta":"default","adv-header-id-meta":"","stick-header-meta":"","header-above-stick-meta":"","header-main-stick-meta":"","header-below-stick-meta":"","astra-migrate-meta-layouts":"default","ast-page-background-enabled":"default","ast-page-background-meta":{"desktop":{"background-color":"","background-image":"","background-repeat":"repeat","background-position":"center center","background-size":"auto","background-attachment":"scroll","background-type":"","background-media":"","overlay-type":"","overlay-color":"","overlay-gradient":""},"tablet":{"background-color":"","background-image":"","background-repeat":"repeat","background-position":"center center","background-size":"auto","background-attachment":"scroll","background-type":"","background-media":"","overlay-type":"","overlay-color":"","overlay-gradient":""},"mobile":{"background-color":"","background-image":"","background-repeat":"repeat","background-position":"center center","background-size":"auto","background-attachment":"scroll","background-type":"","background-media":"","overlay-type":"","overlay-color":"","overlay-gradient":""}},"ast-content-background-meta":{"desktop":{"background-color":"var(--ast-global-color-5)","background-image":"","background-repeat":"repeat","background-position":"center center","background-size":"auto","background-attachment":"scroll","background-type":"","background-media":"","overlay-type":"","overlay-color":"","overlay-gradient":""},"tablet":{"background-color":"var(--ast-global-color-5)","background-image":"","background-repeat":"repeat","background-position":"center center","background-size":"auto","background-attachment":"scroll","background-type":"","background-media":"","overlay-type":"","overlay-color":"","overlay-gradient":""},"mobile":{"background-color":"var(--ast-global-color-5)","background-image":"","background-repeat":"repeat","background-position":"center center","background-size":"auto","background-attachment":"scroll","background-type":"","background-media":"","overlay-type":"","overlay-color":"","overlay-gradient":""}},"footnotes":""},"uagb_featured_image_src":{"full":["https:\/\/steelstorm.standardof.net\/wp-content\/uploads\/sites\/3\/2020\/10\/MnEdR-1.jpg",1200,750,false],"thumbnail":["https:\/\/steelstorm.standardof.net\/wp-content\/uploads\/sites\/3\/2020\/10\/MnEdR-1-150x150.jpg",150,150,true],"medium":["https:\/\/steelstorm.standardof.net\/wp-content\/uploads\/sites\/3\/2020\/10\/MnEdR-1-300x188.jpg",300,188,true],"medium_large":["https:\/\/steelstorm.standardof.net\/wp-content\/uploads\/sites\/3\/2020\/10\/MnEdR-1-768x480.jpg",768,480,true],"large":["https:\/\/steelstorm.standardof.net\/wp-content\/uploads\/sites\/3\/2020\/10\/MnEdR-1-1024x640.jpg",1024,640,true],"1536x1536":["https:\/\/steelstorm.standardof.net\/wp-content\/uploads\/sites\/3\/2020\/10\/MnEdR-1.jpg",1200,750,false],"2048x2048":["https:\/\/steelstorm.standardof.net\/wp-content\/uploads\/sites\/3\/2020\/10\/MnEdR-1.jpg",1200,750,false],"trp-custom-language-flag":["https:\/\/steelstorm.standardof.net\/wp-content\/uploads\/sites\/3\/2020\/10\/MnEdR-1.jpg",18,12,false]},"uagb_author_info":{"display_name":"SOE","author_link":"https:\/\/steelstorm.standardof.net\/pt\/author\/k-tastic\/"},"uagb_comment_info":0,"uagb_excerpt":"The Secondary group of weapons are fired with the Mouse 2 key (right click) by default, providing heavier firepower for your tank. Normally you can only fire one of either the energy or ballistic weapons at a time but if you use the shift key to switch back and forth quickly, you can actually use&hellip;","_links":{"self":[{"href":"https:\/\/steelstorm.standardof.net\/pt\/wp-json\/wp\/v2\/pages\/170"}],"collection":[{"href":"https:\/\/steelstorm.standardof.net\/pt\/wp-json\/wp\/v2\/pages"}],"about":[{"href":"https:\/\/steelstorm.standardof.net\/pt\/wp-json\/wp\/v2\/types\/page"}],"author":[{"embeddable":true,"href":"https:\/\/steelstorm.standardof.net\/pt\/wp-json\/wp\/v2\/users\/1"}],"replies":[{"embeddable":true,"href":"https:\/\/steelstorm.standardof.net\/pt\/wp-json\/wp\/v2\/comments?post=170"}],"version-history":[{"count":0,"href":"https:\/\/steelstorm.standardof.net\/pt\/wp-json\/wp\/v2\/pages\/170\/revisions"}],"up":[{"embeddable":true,"href":"https:\/\/steelstorm.standardof.net\/pt\/wp-json\/wp\/v2\/pages\/111"}],"wp:featuredmedia":[{"embeddable":true,"href":"https:\/\/steelstorm.standardof.net\/pt\/wp-json\/wp\/v2\/media\/54"}],"wp:attachment":[{"href":"https:\/\/steelstorm.standardof.net\/pt\/wp-json\/wp\/v2\/media?parent=170"}],"curies":[{"name":"wp","href":"https:\/\/api.w.org\/{rel}","templated":true}]}}