{"id":168,"date":"2020-10-16T22:11:39","date_gmt":"2020-10-16T22:11:39","guid":{"rendered":"https:\/\/steelstorm.standardof.net\/?page_id=168"},"modified":"2020-10-19T05:14:29","modified_gmt":"2020-10-19T05:14:29","slug":"primary-weapons","status":"publish","type":"page","link":"https:\/\/steelstorm.standardof.net\/pt\/guide\/armas\/armas-primarias\/","title":{"rendered":"Armas Prim\u00e1rias"},"content":{"rendered":"<p>o <strong>Prim\u00e1rio<\/strong> O grupo de armas s\u00e3o armas que s\u00e3o disparadas constantemente com o pressionamento da tecla Mouse 1 (clique esquerdo) por padr\u00e3o, sendo mais sobre disparos r\u00e1pidos e preencher a tela com seus tiros do que danos pesados. Voc\u00ea pode disparar ambos <strong>Energia <\/strong>e <strong>Bal\u00edstico <\/strong>prim\u00e1rias ao mesmo tempo, contanto que voc\u00eas dois estejam equipados.<\/p>\n\n\n\n<div style=\"height:20px\" aria-hidden=\"true\" class=\"wp-block-spacer\"><\/div>\n\n\n\n<div class=\"wp-block-cover alignwide has-background-dim-70 has-black-background-color has-background-dim\" style=\"background-image:url(https:\/\/steelstorm.standardof.net\/wp-content\/uploads\/sites\/3\/2020\/10\/Steel-Storm-Weapon-Screens-Minigun.jpg);background-position:49% 25%;min-height:112px;aspect-ratio:unset;\"><div class=\"wp-block-cover__inner-container is-layout-flow wp-block-cover-is-layout-flow\">\n<h2 class=\"has-text-align-center wp-block-heading\"><span style=\"text-transform: uppercase;\" class=\"qubely-text-uppercase\"><span style=\"color: #ff6900;\" data=\"#ff6900\" class=\"qubely-text-has-color\">Armas bal\u00edsticas prim\u00e1rias<\/span><\/span><\/h2>\n\n\n\n<p class=\"has-text-align-center\">As armas bal\u00edsticas prim\u00e1rias s\u00e3o o tipo de arma b\u00e1sica com que voc\u00ea inicia todas as novas campanhas de cara. Eles s\u00e3o as \u00fanicas armas que n\u00e3o s\u00e3o desativadas quando seu tanque \u00e9 atingido pelo <strong>Raio <\/strong>arma empunhada por <strong>Tanques Rel\u00e2mpago<\/strong>. A sua escolha entre essas armas e a efic\u00e1cia delas para voc\u00ea pode depender do que funciona melhor para voc\u00ea at\u00e9 certo ponto.<\/p>\n<\/div><\/div>\n\n\n\n<div style=\"height:20px\" aria-hidden=\"true\" class=\"wp-block-spacer\"><\/div>\n\n\n\n<div class=\"gb-container gb-container-dbddee8c\"><div class=\"gb-inside-container\">\n<h3 class=\"has-text-align-center wp-block-heading\">Miniguns<\/h3>\n\n\n\n<div class=\"wp-block-image\"><figure class=\"aligncenter size-medium\"><a href=\"https:\/\/steelstorm.standardof.net\/pt\/steel-storm-weapon-icons-minigun\/\"><img decoding=\"async\" width=\"300\" height=\"253\" src=\"https:\/\/steelstorm.standardof.net\/wp-content\/uploads\/sites\/3\/2020\/10\/Steel-Storm-Weapon-Icons-Minigun-300x253.jpg\" alt=\"Minigun\" class=\"wp-image-119\" title=\"\" srcset=\"https:\/\/steelstorm.standardof.net\/wp-content\/uploads\/sites\/3\/2020\/10\/Steel-Storm-Weapon-Icons-Minigun-300x253.jpg 300w, https:\/\/steelstorm.standardof.net\/wp-content\/uploads\/sites\/3\/2020\/10\/Steel-Storm-Weapon-Icons-Minigun-14x12.jpg 14w, https:\/\/steelstorm.standardof.net\/wp-content\/uploads\/sites\/3\/2020\/10\/Steel-Storm-Weapon-Icons-Minigun.jpg 438w\" sizes=\"(max-width: 300px) 100vw, 300px\" \/><\/a><figcaption>Minigun<\/figcaption><\/figure><\/div>\n\n\n\n<p>Sua arma inicial b\u00e1sica, a Minigun, \u00e9 sempre \u00fatil, com uma taxa de tiro constante, ela basicamente causa dano instant\u00e2neo contra qualquer alvo que esteja diretamente \u00e0 sua frente no momento. Das duas armas, as Miniguns s\u00e3o mais eficazes contra alvos com armadura leve e movimentos mais r\u00e1pidos, que podem se esquivar dos disparos do Flak Cannon um pouco menos consistentes.<\/p>\n\n\n\n<div class=\"wp-block-image\"><figure class=\"aligncenter size-full is-resized\"><a href=\"https:\/\/steelstorm.standardof.net\/pt\/steel-storm-weapon-screens-minigun\/\"><img decoding=\"async\" src=\"https:\/\/steelstorm.standardof.net\/wp-content\/uploads\/sites\/3\/2020\/10\/Steel-Storm-Weapon-Screens-Minigun.jpg\" alt=\"Captura de tela da Minigun em a\u00e7\u00e3o em Steel Storm.\" class=\"wp-image-114\" width=\"665\" height=\"428\" title=\"\" srcset=\"https:\/\/steelstorm.standardof.net\/wp-content\/uploads\/sites\/3\/2020\/10\/Steel-Storm-Weapon-Screens-Minigun.jpg 887w, https:\/\/steelstorm.standardof.net\/wp-content\/uploads\/sites\/3\/2020\/10\/Steel-Storm-Weapon-Screens-Minigun-300x193.jpg 300w, https:\/\/steelstorm.standardof.net\/wp-content\/uploads\/sites\/3\/2020\/10\/Steel-Storm-Weapon-Screens-Minigun-768x494.jpg 768w, https:\/\/steelstorm.standardof.net\/wp-content\/uploads\/sites\/3\/2020\/10\/Steel-Storm-Weapon-Screens-Minigun-16x10.jpg 16w\" sizes=\"(max-width: 665px) 100vw, 665px\" \/><\/a><figcaption>Destruindo tanques inimigos com rodadas de minigun.<\/figcaption><\/figure><\/div>\n<\/div><\/div>\n\n\n\n<div style=\"height:20px\" aria-hidden=\"true\" class=\"wp-block-spacer\"><\/div>\n\n\n\n<div class=\"gb-container gb-container-0489589c\"><div class=\"gb-inside-container\">\n<h3 class=\"has-text-align-center wp-block-heading\">Flak Cannon<\/h3>\n\n\n\n<div class=\"wp-block-image\"><figure class=\"aligncenter size-medium\"><a href=\"https:\/\/steelstorm.standardof.net\/pt\/steel-storm-weapons-shockwave-icon\/\"><img decoding=\"async\" width=\"300\" height=\"276\" src=\"https:\/\/steelstorm.standardof.net\/wp-content\/uploads\/sites\/3\/2020\/10\/Steel-Storm-Weapons-Shockwave-Icon-300x276.jpg\" alt=\"onda de choque\" class=\"wp-image-134\" title=\"\" srcset=\"https:\/\/steelstorm.standardof.net\/wp-content\/uploads\/sites\/3\/2020\/10\/Steel-Storm-Weapons-Shockwave-Icon-300x276.jpg 300w, https:\/\/steelstorm.standardof.net\/wp-content\/uploads\/sites\/3\/2020\/10\/Steel-Storm-Weapons-Shockwave-Icon-13x12.jpg 13w, https:\/\/steelstorm.standardof.net\/wp-content\/uploads\/sites\/3\/2020\/10\/Steel-Storm-Weapons-Shockwave-Icon.jpg 524w\" sizes=\"(max-width: 300px) 100vw, 300px\" \/><\/a><figcaption>onda de choque<\/figcaption><\/figure><\/div>\n\n\n\n<p>O Flak Cannon, embora tenha essencialmente o mesmo dano ao longo do tempo que a Minigun, causa mais explos\u00f5es condensadas de dano com uma taxa de tiro significativamente mais lenta. Por esta raz\u00e3o, o Flak Cannon \u00e9 eficaz quando usado contra alvos mais fortemente blindados, j\u00e1 que alvos altamente m\u00f3veis podem causar problemas com esta arma. Tanques rel\u00e2mpago, embora altamente m\u00f3veis, ainda podem ser interrompidos muito bem com esta arma devido \u00e0 sua tend\u00eancia de carreg\u00e1-lo de frente.<\/p>\n\n\n\n<div class=\"wp-block-image\"><figure class=\"aligncenter size-full is-resized\"><a href=\"https:\/\/steelstorm.standardof.net\/pt\/steel-storm-weapon-screens-flak-cannon\/\"><img decoding=\"async\" src=\"https:\/\/steelstorm.standardof.net\/wp-content\/uploads\/sites\/3\/2020\/10\/Steel-Storm-Weapon-Screens-Flak-Cannon.jpg\" alt=\"Captura de tela do Canh\u00e3o Flak em a\u00e7\u00e3o em Steel Storm.\" class=\"wp-image-113\" width=\"557\" height=\"392\" title=\"\" srcset=\"https:\/\/steelstorm.standardof.net\/wp-content\/uploads\/sites\/3\/2020\/10\/Steel-Storm-Weapon-Screens-Flak-Cannon.jpg 743w, https:\/\/steelstorm.standardof.net\/wp-content\/uploads\/sites\/3\/2020\/10\/Steel-Storm-Weapon-Screens-Flak-Cannon-300x211.jpg 300w, https:\/\/steelstorm.standardof.net\/wp-content\/uploads\/sites\/3\/2020\/10\/Steel-Storm-Weapon-Screens-Flak-Cannon-16x12.jpg 16w\" sizes=\"(max-width: 557px) 100vw, 557px\" \/><\/a><figcaption>O canh\u00e3o Flak dispara contra um tanque inimigo.<\/figcaption><\/figure><\/div>\n<\/div><\/div>\n\n\n\n<div style=\"height:20px\" aria-hidden=\"true\" class=\"wp-block-spacer\"><\/div>\n\n\n\n<div class=\"wp-block-cover alignwide has-background-dim-70 has-black-background-color has-background-dim\" style=\"background-image:url(https:\/\/steelstorm.standardof.net\/wp-content\/uploads\/sites\/3\/2020\/10\/Steel-Storm-Weapon-Screens-Storm-Spread.jpg);background-position:52% 40%;min-height:112px;aspect-ratio:unset;\"><div class=\"wp-block-cover__inner-container is-layout-flow wp-block-cover-is-layout-flow\">\n<h2 class=\"has-text-align-center wp-block-heading\"><span style=\"text-transform: uppercase;\" class=\"qubely-text-uppercase\"><span style=\"color: #ff6900;\" data=\"#ff6900\" class=\"qubely-text-has-color\">Armas de energia prim\u00e1ria<\/span><\/span><\/h2>\n\n\n\n<p class=\"has-text-align-center\">As armas de energia prim\u00e1ria ocupam um espa\u00e7o separado de suas contrapartes bal\u00edsticas, focando em usos mais variados com base em situa\u00e7\u00f5es. Embora sejam disparadas constantemente junto com sua arma bal\u00edstica, suas armas de energia prim\u00e1ria podem ser desativadas temporariamente pela explos\u00e3o de um tanque de rel\u00e2mpago. Al\u00e9m disso, voc\u00ea n\u00e3o come\u00e7a uma nova campanha com uma dessas armas equipadas e deve primeiro adquirir e sair do n\u00edvel com uma para lev\u00e1-la para a pr\u00f3xima miss\u00e3o.<\/p>\n<\/div><\/div>\n\n\n\n<div style=\"height:20px\" aria-hidden=\"true\" class=\"wp-block-spacer\"><\/div>\n\n\n\n<div class=\"gb-container gb-container-e9721c9a\"><div class=\"gb-inside-container\">\n<h2 class=\"has-text-align-center wp-block-heading\">Arado de tempestade<\/h2>\n\n\n\n<div class=\"wp-block-image\"><figure class=\"aligncenter size-medium is-resized\"><a href=\"https:\/\/steelstorm.standardof.net\/pt\/steel-storm-weapon-icons-storm-plow\/\"><img decoding=\"async\" src=\"https:\/\/steelstorm.standardof.net\/wp-content\/uploads\/sites\/3\/2020\/10\/Steel-Storm-Weapon-Icons-Storm-Plow-300x300.jpg\" alt=\"Arado de tempestade\" class=\"wp-image-120\" width=\"300\" height=\"300\" title=\"\" srcset=\"https:\/\/steelstorm.standardof.net\/wp-content\/uploads\/sites\/3\/2020\/10\/Steel-Storm-Weapon-Icons-Storm-Plow-300x300.jpg 300w, https:\/\/steelstorm.standardof.net\/wp-content\/uploads\/sites\/3\/2020\/10\/Steel-Storm-Weapon-Icons-Storm-Plow-150x150.jpg 150w, https:\/\/steelstorm.standardof.net\/wp-content\/uploads\/sites\/3\/2020\/10\/Steel-Storm-Weapon-Icons-Storm-Plow-12x12.jpg 12w, https:\/\/steelstorm.standardof.net\/wp-content\/uploads\/sites\/3\/2020\/10\/Steel-Storm-Weapon-Icons-Storm-Plow.jpg 431w\" sizes=\"(max-width: 300px) 100vw, 300px\" \/><\/a><figcaption>Arado de tempestade<\/figcaption><\/figure><\/div>\n\n\n\n<p>A variedade mais abundante de armas de energia prim\u00e1ria, esta arma dispara raios de plasma azuis semelhantes aos disparados por tanques leves e m\u00e9dios, embora em um ritmo mais r\u00e1pido. Devido \u00e0 baixa velocidade de deslocamento dos proj\u00e9teis \u00e0 medida que viajam em um \u00fanico fluxo para onde suas armas est\u00e3o apontando, esta arma \u00e9 mais eficaz contra alvos fixos ou lentos, a menos que seja usada em um movimento de varredura da direita para a esquerda. Alcances mais pr\u00f3ximos tamb\u00e9m compensar\u00e3o essa pequena desvantagem.<\/p>\n\n\n\n<figure class=\"wp-block-image size-full is-resized\"><a href=\"https:\/\/steelstorm.standardof.net\/pt\/steel-storm-weapon-screens-storm-plow\/\"><img decoding=\"async\" src=\"https:\/\/steelstorm.standardof.net\/wp-content\/uploads\/sites\/3\/2020\/10\/Steel-Storm-Weapon-Screens-Storm-Plow.jpg\" alt=\"Captura de tela do Storm Plough em a\u00e7\u00e3o em Steel Storm.\" class=\"wp-image-115\" width=\"768\" height=\"432\" title=\"\" srcset=\"https:\/\/steelstorm.standardof.net\/wp-content\/uploads\/sites\/3\/2020\/10\/Steel-Storm-Weapon-Screens-Storm-Plow.jpg 1024w, https:\/\/steelstorm.standardof.net\/wp-content\/uploads\/sites\/3\/2020\/10\/Steel-Storm-Weapon-Screens-Storm-Plow-300x169.jpg 300w, https:\/\/steelstorm.standardof.net\/wp-content\/uploads\/sites\/3\/2020\/10\/Steel-Storm-Weapon-Screens-Storm-Plow-768x432.jpg 768w, https:\/\/steelstorm.standardof.net\/wp-content\/uploads\/sites\/3\/2020\/10\/Steel-Storm-Weapon-Screens-Storm-Plow-16x9.jpg 16w\" sizes=\"(max-width: 768px) 100vw, 768px\" \/><\/a><figcaption>Usando a arma de energia Storm Plough contra esquadr\u00f5es inimigos.<\/figcaption><\/figure>\n<\/div><\/div>\n\n\n\n<div style=\"height:20px\" aria-hidden=\"true\" class=\"wp-block-spacer\"><\/div>\n\n\n\n<div class=\"gb-container gb-container-689d21ca\"><div class=\"gb-inside-container\">\n<h2 class=\"has-text-align-center wp-block-heading\">Propaga\u00e7\u00e3o da tempestade<\/h2>\n\n\n\n<div class=\"wp-block-image\"><figure class=\"aligncenter size-medium\"><a href=\"https:\/\/steelstorm.standardof.net\/pt\/steel-storm-weapon-icons-storm-spread\/\"><img decoding=\"async\" width=\"300\" height=\"293\" src=\"https:\/\/steelstorm.standardof.net\/wp-content\/uploads\/sites\/3\/2020\/10\/Steel-Storm-Weapon-Icons-Storm-Spread-300x293.jpg\" alt=\"Propaga\u00e7\u00e3o da tempestade\" class=\"wp-image-112\" title=\"\" srcset=\"https:\/\/steelstorm.standardof.net\/wp-content\/uploads\/sites\/3\/2020\/10\/Steel-Storm-Weapon-Icons-Storm-Spread-300x293.jpg 300w, https:\/\/steelstorm.standardof.net\/wp-content\/uploads\/sites\/3\/2020\/10\/Steel-Storm-Weapon-Icons-Storm-Spread-12x12.jpg 12w, https:\/\/steelstorm.standardof.net\/wp-content\/uploads\/sites\/3\/2020\/10\/Steel-Storm-Weapon-Icons-Storm-Spread.jpg 429w\" sizes=\"(max-width: 300px) 100vw, 300px\" \/><\/a><figcaption>Propaga\u00e7\u00e3o da tempestade<\/figcaption><\/figure><\/div>\n\n\n\n<p>A arma de energia Storm Spread pega os parafusos de plasma azul e os dispara em um arco em leque na frente do seu tanque, causando menos danos aos alvos diretamente \u00e0 sua frente, mas parecendo disparar mais raios no geral. Isso torna o Storm Spread uma excelente arma para enfraquecer grandes grupos de inimigos leves, por\u00e9m com falta de torres ou tanques pesados.<\/p>\n\n\n\n<div class=\"wp-block-image\"><figure class=\"aligncenter size-full is-resized\"><a href=\"https:\/\/steelstorm.standardof.net\/pt\/steel-storm-weapon-screens-storm-spread\/\"><img decoding=\"async\" src=\"https:\/\/steelstorm.standardof.net\/wp-content\/uploads\/sites\/3\/2020\/10\/Steel-Storm-Weapon-Screens-Storm-Spread.jpg\" alt=\"Captura de tela do Storm Spread in Steel Storm.\" class=\"wp-image-117\" width=\"768\" height=\"432\" title=\"\" srcset=\"https:\/\/steelstorm.standardof.net\/wp-content\/uploads\/sites\/3\/2020\/10\/Steel-Storm-Weapon-Screens-Storm-Spread.jpg 1024w, https:\/\/steelstorm.standardof.net\/wp-content\/uploads\/sites\/3\/2020\/10\/Steel-Storm-Weapon-Screens-Storm-Spread-300x169.jpg 300w, https:\/\/steelstorm.standardof.net\/wp-content\/uploads\/sites\/3\/2020\/10\/Steel-Storm-Weapon-Screens-Storm-Spread-768x432.jpg 768w, https:\/\/steelstorm.standardof.net\/wp-content\/uploads\/sites\/3\/2020\/10\/Steel-Storm-Weapon-Screens-Storm-Spread-16x9.jpg 16w\" sizes=\"(max-width: 768px) 100vw, 768px\" \/><\/a><figcaption>Usando a arma de energia Storm Spread contra enxames de tanques inimigos.\n<\/figcaption><\/figure><\/div>\n<\/div><\/div>\n\n\n\n<div style=\"height:20px\" aria-hidden=\"true\" class=\"wp-block-spacer\"><\/div>\n\n\n\n<div class=\"gb-container gb-container-ed53a44b\"><div class=\"gb-inside-container\">\n<h2 class=\"has-text-align-center wp-block-heading\">Escudo de tempestade<\/h2>\n\n\n\n<div class=\"wp-block-image\"><figure class=\"aligncenter size-medium\"><a href=\"https:\/\/steelstorm.standardof.net\/pt\/steel-storm-weapon-icons-storm-shield\/\"><img decoding=\"async\" width=\"300\" height=\"272\" src=\"https:\/\/steelstorm.standardof.net\/wp-content\/uploads\/sites\/3\/2020\/10\/Steel-Storm-Weapon-Icons-Storm-Shield-300x272.jpg\" alt=\"Escudo de tempestade\" class=\"wp-image-121\" title=\"\" srcset=\"https:\/\/steelstorm.standardof.net\/wp-content\/uploads\/sites\/3\/2020\/10\/Steel-Storm-Weapon-Icons-Storm-Shield-300x272.jpg 300w, https:\/\/steelstorm.standardof.net\/wp-content\/uploads\/sites\/3\/2020\/10\/Steel-Storm-Weapon-Icons-Storm-Shield-13x12.jpg 13w, https:\/\/steelstorm.standardof.net\/wp-content\/uploads\/sites\/3\/2020\/10\/Steel-Storm-Weapon-Icons-Storm-Shield.jpg 492w\" sizes=\"(max-width: 300px) 100vw, 300px\" \/><\/a><figcaption>Escudo de tempestade<\/figcaption><\/figure><\/div>\n\n\n\n<p>O Storm Shield \u00e9 mais uma ferramenta defensiva do que uma arma, gerando v\u00e1rios raios de plasma que circundam perpetuamente sua nave enquanto a arma est\u00e1 disparando. Embora esses raios danifiquem qualquer unidade inimiga que chegue perto o suficiente de voc\u00ea, o mais importante \u00e9 sua capacidade de absorver tiros inimigos.<\/p>\n\n\n\n<p> N\u00e3o espere que isso seja algum tipo de escudo de invencibilidade, j\u00e1 que as lacunas no anel de flechas ainda permitem que o inimigo atire e, mesmo assim, o fogo condensado ainda superar\u00e1 o Escudo de Tempestade. Considere esta arma como um Flak Jacket em vez de uma armadura completa.<\/p>\n\n\n\n<div class=\"wp-block-image\"><figure class=\"aligncenter size-full is-resized\"><a href=\"https:\/\/steelstorm.standardof.net\/pt\/steel-storm-weapon-screens-storm-shield\/\"><img decoding=\"async\" src=\"https:\/\/steelstorm.standardof.net\/wp-content\/uploads\/sites\/3\/2020\/10\/Steel-Storm-Weapon-Screens-Storm-Shield.jpg\" alt=\"Captura de tela do Storm Shield em a\u00e7\u00e3o em Steel Storm.\" class=\"wp-image-116\" width=\"768\" height=\"432\" title=\"\" srcset=\"https:\/\/steelstorm.standardof.net\/wp-content\/uploads\/sites\/3\/2020\/10\/Steel-Storm-Weapon-Screens-Storm-Shield.jpg 1024w, https:\/\/steelstorm.standardof.net\/wp-content\/uploads\/sites\/3\/2020\/10\/Steel-Storm-Weapon-Screens-Storm-Shield-300x169.jpg 300w, https:\/\/steelstorm.standardof.net\/wp-content\/uploads\/sites\/3\/2020\/10\/Steel-Storm-Weapon-Screens-Storm-Shield-768x432.jpg 768w, https:\/\/steelstorm.standardof.net\/wp-content\/uploads\/sites\/3\/2020\/10\/Steel-Storm-Weapon-Screens-Storm-Shield-16x9.jpg 16w\" sizes=\"(max-width: 768px) 100vw, 768px\" \/><\/a><figcaption>Usando a arma de energia Storm Shield para ajudar na defesa contra ataques.\n<\/figcaption><\/figure><\/div>\n<\/div><\/div>\n\n\n\n<div style=\"height:20px\" aria-hidden=\"true\" class=\"wp-block-spacer\"><\/div>","protected":false},"excerpt":{"rendered":"<p>The Primary weapons group are weapons which are fired constantly with the press of the Mouse 1 (left click) key by default, being more about rapid firing and filling up the screen with your shots than heavy damage. You can fire both Energy and Ballistic primaries at once as long as you have both equipped. [&hellip;]<\/p>","protected":false},"author":1,"featured_media":54,"parent":111,"menu_order":0,"comment_status":"open","ping_status":"closed","template":"","meta":{"_uag_custom_page_level_css":"","site-sidebar-layout":"default","site-content-layout":"default","ast-site-content-layout":"","site-content-style":"default","site-sidebar-style":"default","ast-global-header-display":"","ast-banner-title-visibility":"","ast-main-header-display":"","ast-hfb-above-header-display":"","ast-hfb-below-header-display":"","ast-hfb-mobile-header-display":"","site-post-title":"","ast-breadcrumbs-content":"","ast-featured-img":"","footer-sml-layout":"","theme-transparent-header-meta":"default","adv-header-id-meta":"","stick-header-meta":"","header-above-stick-meta":"","header-main-stick-meta":"","header-below-stick-meta":"","astra-migrate-meta-layouts":"default","ast-page-background-enabled":"default","ast-page-background-meta":{"desktop":{"background-color":"","background-image":"","background-repeat":"repeat","background-position":"center center","background-size":"auto","background-attachment":"scroll","background-type":"","background-media":"","overlay-type":"","overlay-color":"","overlay-gradient":""},"tablet":{"background-color":"","background-image":"","background-repeat":"repeat","background-position":"center center","background-size":"auto","background-attachment":"scroll","background-type":"","background-media":"","overlay-type":"","overlay-color":"","overlay-gradient":""},"mobile":{"background-color":"","background-image":"","background-repeat":"repeat","background-position":"center center","background-size":"auto","background-attachment":"scroll","background-type":"","background-media":"","overlay-type":"","overlay-color":"","overlay-gradient":""}},"ast-content-background-meta":{"desktop":{"background-color":"var(--ast-global-color-5)","background-image":"","background-repeat":"repeat","background-position":"center center","background-size":"auto","background-attachment":"scroll","background-type":"","background-media":"","overlay-type":"","overlay-color":"","overlay-gradient":""},"tablet":{"background-color":"var(--ast-global-color-5)","background-image":"","background-repeat":"repeat","background-position":"center center","background-size":"auto","background-attachment":"scroll","background-type":"","background-media":"","overlay-type":"","overlay-color":"","overlay-gradient":""},"mobile":{"background-color":"var(--ast-global-color-5)","background-image":"","background-repeat":"repeat","background-position":"center center","background-size":"auto","background-attachment":"scroll","background-type":"","background-media":"","overlay-type":"","overlay-color":"","overlay-gradient":""}},"footnotes":""},"uagb_featured_image_src":{"full":["https:\/\/steelstorm.standardof.net\/wp-content\/uploads\/sites\/3\/2020\/10\/MnEdR-1.jpg",1200,750,false],"thumbnail":["https:\/\/steelstorm.standardof.net\/wp-content\/uploads\/sites\/3\/2020\/10\/MnEdR-1-150x150.jpg",150,150,true],"medium":["https:\/\/steelstorm.standardof.net\/wp-content\/uploads\/sites\/3\/2020\/10\/MnEdR-1-300x188.jpg",300,188,true],"medium_large":["https:\/\/steelstorm.standardof.net\/wp-content\/uploads\/sites\/3\/2020\/10\/MnEdR-1-768x480.jpg",768,480,true],"large":["https:\/\/steelstorm.standardof.net\/wp-content\/uploads\/sites\/3\/2020\/10\/MnEdR-1-1024x640.jpg",1024,640,true],"1536x1536":["https:\/\/steelstorm.standardof.net\/wp-content\/uploads\/sites\/3\/2020\/10\/MnEdR-1.jpg",1200,750,false],"2048x2048":["https:\/\/steelstorm.standardof.net\/wp-content\/uploads\/sites\/3\/2020\/10\/MnEdR-1.jpg",1200,750,false],"trp-custom-language-flag":["https:\/\/steelstorm.standardof.net\/wp-content\/uploads\/sites\/3\/2020\/10\/MnEdR-1.jpg",18,12,false]},"uagb_author_info":{"display_name":"SOE","author_link":"https:\/\/steelstorm.standardof.net\/pt\/author\/k-tastic\/"},"uagb_comment_info":0,"uagb_excerpt":"The Primary weapons group are weapons which are fired constantly with the press of the Mouse 1 (left click) key by default, being more about rapid firing and filling up the screen with your shots than heavy damage. You can fire both Energy and Ballistic primaries at once as long as you have both equipped.&hellip;","_links":{"self":[{"href":"https:\/\/steelstorm.standardof.net\/pt\/wp-json\/wp\/v2\/pages\/168"}],"collection":[{"href":"https:\/\/steelstorm.standardof.net\/pt\/wp-json\/wp\/v2\/pages"}],"about":[{"href":"https:\/\/steelstorm.standardof.net\/pt\/wp-json\/wp\/v2\/types\/page"}],"author":[{"embeddable":true,"href":"https:\/\/steelstorm.standardof.net\/pt\/wp-json\/wp\/v2\/users\/1"}],"replies":[{"embeddable":true,"href":"https:\/\/steelstorm.standardof.net\/pt\/wp-json\/wp\/v2\/comments?post=168"}],"version-history":[{"count":0,"href":"https:\/\/steelstorm.standardof.net\/pt\/wp-json\/wp\/v2\/pages\/168\/revisions"}],"up":[{"embeddable":true,"href":"https:\/\/steelstorm.standardof.net\/pt\/wp-json\/wp\/v2\/pages\/111"}],"wp:featuredmedia":[{"embeddable":true,"href":"https:\/\/steelstorm.standardof.net\/pt\/wp-json\/wp\/v2\/media\/54"}],"wp:attachment":[{"href":"https:\/\/steelstorm.standardof.net\/pt\/wp-json\/wp\/v2\/media?parent=168"}],"curies":[{"name":"wp","href":"https:\/\/api.w.org\/{rel}","templated":true}]}}