{"id":165,"date":"2020-10-16T21:05:00","date_gmt":"2020-10-16T21:05:00","guid":{"rendered":"https:\/\/steelstorm.standardof.net\/?page_id=165"},"modified":"2020-10-19T05:14:37","modified_gmt":"2020-10-19T05:14:37","slug":"special-weapons","status":"publish","type":"page","link":"https:\/\/steelstorm.standardof.net\/pt\/guide\/armas\/armas-especiais\/","title":{"rendered":"Armas Especiais"},"content":{"rendered":"<p>Neste momento existe atualmente apenas uma arma especial no jogo Steel Storm: Burning Retribution, acionada pela barra de espa\u00e7o, a arma especial fornece efeitos secund\u00e1rios que s\u00e3o muito \u00fateis.<\/p>\n\n\n\n<div style=\"height:20px\" aria-hidden=\"true\" class=\"wp-block-spacer\"><\/div>\n\n\n\n<div class=\"gb-container gb-container-dbddee8c\"><div class=\"gb-inside-container\">\n<h2 class=\"has-text-align-center wp-block-heading\">onda de choque<\/h2>\n\n\n\n<div class=\"wp-block-image\"><figure class=\"aligncenter size-medium\"><a href=\"https:\/\/steelstorm.standardof.net\/pt\/steel-storm-weapons-shockwave-icon\/\"><img decoding=\"async\" width=\"300\" height=\"276\" src=\"https:\/\/steelstorm.standardof.net\/wp-content\/uploads\/sites\/3\/2020\/10\/Steel-Storm-Weapons-Shockwave-Icon-300x276.jpg\" alt=\"onda de choque\" class=\"wp-image-134\" title=\"\" srcset=\"https:\/\/steelstorm.standardof.net\/wp-content\/uploads\/sites\/3\/2020\/10\/Steel-Storm-Weapons-Shockwave-Icon-300x276.jpg 300w, https:\/\/steelstorm.standardof.net\/wp-content\/uploads\/sites\/3\/2020\/10\/Steel-Storm-Weapons-Shockwave-Icon-13x12.jpg 13w, https:\/\/steelstorm.standardof.net\/wp-content\/uploads\/sites\/3\/2020\/10\/Steel-Storm-Weapons-Shockwave-Icon.jpg 524w\" sizes=\"(max-width: 300px) 100vw, 300px\" \/><\/a><figcaption>onda de choque<\/figcaption><\/figure><\/div>\n\n\n\n<p>A arma Shockwave \u00e9 um efeito de curto alcance que cria uma explos\u00e3o EMP do seu tanque. Esta explos\u00e3o tem dois efeitos \u00fateis, primeiro desabilitando temporariamente quaisquer inimigos dentro de seu raio, mesmo que do outro lado de uma obstru\u00e7\u00e3o. Isso pode ser usado para desativar um inimigo em uma esquina e, em seguida, sair para elimin\u00e1-lo, livre de fogo de retorno.<\/p>\n\n\n\n<p>Em segundo lugar, a explos\u00e3o desencadeada pela arma Shockwave pode refletir qualquer armamento sem feixe que esteja voando em dire\u00e7\u00e3o ao seu tanque, repelindo-o de volta para o inimigo e danificando-o com seus pr\u00f3prios tiros. Isso \u00e9 muito eficaz contra as torres de foguetes no momento em que disparam, pois uma explos\u00e3o total de seus foguetes \u00e9 o suficiente para destru\u00ed-los completamente. Este efeito \u00e9 \u00f3timo para carregar atrav\u00e9s de uma chuva de plasma ileso, e combinado com o Storm Shield pode causar um efeito defensivo impressionante.<\/p>\n\n\n\n<figure class=\"wp-block-image size-full is-resized\"><a href=\"https:\/\/steelstorm.standardof.net\/pt\/steel-storm-weapons-shockwave-firing\/\"><img decoding=\"async\" src=\"https:\/\/steelstorm.standardof.net\/wp-content\/uploads\/sites\/3\/2020\/10\/Steel-Storm-Weapons-Shockwave-Firing.jpg\" alt=\"onda de choque\" class=\"wp-image-132\" width=\"768\" height=\"432\" title=\"\" srcset=\"https:\/\/steelstorm.standardof.net\/wp-content\/uploads\/sites\/3\/2020\/10\/Steel-Storm-Weapons-Shockwave-Firing.jpg 1024w, https:\/\/steelstorm.standardof.net\/wp-content\/uploads\/sites\/3\/2020\/10\/Steel-Storm-Weapons-Shockwave-Firing-300x169.jpg 300w, https:\/\/steelstorm.standardof.net\/wp-content\/uploads\/sites\/3\/2020\/10\/Steel-Storm-Weapons-Shockwave-Firing-768x432.jpg 768w, https:\/\/steelstorm.standardof.net\/wp-content\/uploads\/sites\/3\/2020\/10\/Steel-Storm-Weapons-Shockwave-Firing-16x9.jpg 16w\" sizes=\"(max-width: 768px) 100vw, 768px\" \/><\/a><figcaption>Ativando a arma especial Shockwave<\/figcaption><\/figure>\n<\/div><\/div>","protected":false},"excerpt":{"rendered":"<p>At this time there is currently only one special weapon in the game Steel Storm: Burning Retribution, triggered by the space bar, the special weapon provides secondary effects that are very useful. Shockwave The Shockwave weapon is a short range effect that creates an E.M.P. blast from your Tank. This blast has two useful effects, [&hellip;]<\/p>","protected":false},"author":1,"featured_media":54,"parent":111,"menu_order":0,"comment_status":"open","ping_status":"closed","template":"","meta":{"_uag_custom_page_level_css":"","site-sidebar-layout":"default","site-content-layout":"default","ast-site-content-layout":"","site-content-style":"default","site-sidebar-style":"default","ast-global-header-display":"","ast-banner-title-visibility":"","ast-main-header-display":"","ast-hfb-above-header-display":"","ast-hfb-below-header-display":"","ast-hfb-mobile-header-display":"","site-post-title":"","ast-breadcrumbs-content":"","ast-featured-img":"","footer-sml-layout":"","theme-transparent-header-meta":"default","adv-header-id-meta":"","stick-header-meta":"","header-above-stick-meta":"","header-main-stick-meta":"","header-below-stick-meta":"","astra-migrate-meta-layouts":"default","ast-page-background-enabled":"default","ast-page-background-meta":{"desktop":{"background-color":"","background-image":"","background-repeat":"repeat","background-position":"center center","background-size":"auto","background-attachment":"scroll","background-type":"","background-media":"","overlay-type":"","overlay-color":"","overlay-gradient":""},"tablet":{"background-color":"","background-image":"","background-repeat":"repeat","background-position":"center center","background-size":"auto","background-attachment":"scroll","background-type":"","background-media":"","overlay-type":"","overlay-color":"","overlay-gradient":""},"mobile":{"background-color":"","background-image":"","background-repeat":"repeat","background-position":"center center","background-size":"auto","background-attachment":"scroll","background-type":"","background-media":"","overlay-type":"","overlay-color":"","overlay-gradient":""}},"ast-content-background-meta":{"desktop":{"background-color":"var(--ast-global-color-5)","background-image":"","background-repeat":"repeat","background-position":"center center","background-size":"auto","background-attachment":"scroll","background-type":"","background-media":"","overlay-type":"","overlay-color":"","overlay-gradient":""},"tablet":{"background-color":"var(--ast-global-color-5)","background-image":"","background-repeat":"repeat","background-position":"center center","background-size":"auto","background-attachment":"scroll","background-type":"","background-media":"","overlay-type":"","overlay-color":"","overlay-gradient":""},"mobile":{"background-color":"var(--ast-global-color-5)","background-image":"","background-repeat":"repeat","background-position":"center center","background-size":"auto","background-attachment":"scroll","background-type":"","background-media":"","overlay-type":"","overlay-color":"","overlay-gradient":""}},"footnotes":""},"uagb_featured_image_src":{"full":["https:\/\/steelstorm.standardof.net\/wp-content\/uploads\/sites\/3\/2020\/10\/MnEdR-1.jpg",1200,750,false],"thumbnail":["https:\/\/steelstorm.standardof.net\/wp-content\/uploads\/sites\/3\/2020\/10\/MnEdR-1-150x150.jpg",150,150,true],"medium":["https:\/\/steelstorm.standardof.net\/wp-content\/uploads\/sites\/3\/2020\/10\/MnEdR-1-300x188.jpg",300,188,true],"medium_large":["https:\/\/steelstorm.standardof.net\/wp-content\/uploads\/sites\/3\/2020\/10\/MnEdR-1-768x480.jpg",768,480,true],"large":["https:\/\/steelstorm.standardof.net\/wp-content\/uploads\/sites\/3\/2020\/10\/MnEdR-1-1024x640.jpg",1024,640,true],"1536x1536":["https:\/\/steelstorm.standardof.net\/wp-content\/uploads\/sites\/3\/2020\/10\/MnEdR-1.jpg",1200,750,false],"2048x2048":["https:\/\/steelstorm.standardof.net\/wp-content\/uploads\/sites\/3\/2020\/10\/MnEdR-1.jpg",1200,750,false],"trp-custom-language-flag":["https:\/\/steelstorm.standardof.net\/wp-content\/uploads\/sites\/3\/2020\/10\/MnEdR-1.jpg",18,12,false]},"uagb_author_info":{"display_name":"SOE","author_link":"https:\/\/steelstorm.standardof.net\/pt\/author\/k-tastic\/"},"uagb_comment_info":0,"uagb_excerpt":"At this time there is currently only one special weapon in the game Steel Storm: Burning Retribution, triggered by the space bar, the special weapon provides secondary effects that are very useful. Shockwave The Shockwave weapon is a short range effect that creates an E.M.P. blast from your Tank. This blast has two useful effects,&hellip;","_links":{"self":[{"href":"https:\/\/steelstorm.standardof.net\/pt\/wp-json\/wp\/v2\/pages\/165"}],"collection":[{"href":"https:\/\/steelstorm.standardof.net\/pt\/wp-json\/wp\/v2\/pages"}],"about":[{"href":"https:\/\/steelstorm.standardof.net\/pt\/wp-json\/wp\/v2\/types\/page"}],"author":[{"embeddable":true,"href":"https:\/\/steelstorm.standardof.net\/pt\/wp-json\/wp\/v2\/users\/1"}],"replies":[{"embeddable":true,"href":"https:\/\/steelstorm.standardof.net\/pt\/wp-json\/wp\/v2\/comments?post=165"}],"version-history":[{"count":0,"href":"https:\/\/steelstorm.standardof.net\/pt\/wp-json\/wp\/v2\/pages\/165\/revisions"}],"up":[{"embeddable":true,"href":"https:\/\/steelstorm.standardof.net\/pt\/wp-json\/wp\/v2\/pages\/111"}],"wp:featuredmedia":[{"embeddable":true,"href":"https:\/\/steelstorm.standardof.net\/pt\/wp-json\/wp\/v2\/media\/54"}],"wp:attachment":[{"href":"https:\/\/steelstorm.standardof.net\/pt\/wp-json\/wp\/v2\/media?parent=165"}],"curies":[{"name":"wp","href":"https:\/\/api.w.org\/{rel}","templated":true}]}}