{"id":162,"date":"2020-10-16T19:13:30","date_gmt":"2020-10-16T19:13:30","guid":{"rendered":"https:\/\/steelstorm.standardof.net\/?page_id=162"},"modified":"2020-10-19T05:14:08","modified_gmt":"2020-10-19T05:14:08","slug":"utility-pickups","status":"publish","type":"page","link":"https:\/\/steelstorm.standardof.net\/pt\/guide\/pickups-utilitarios\/","title":{"rendered":"Pickups utilit\u00e1rios"},"content":{"rendered":"<p>Pickups utilit\u00e1rios s\u00e3o considerados os itens encontrados espalhados pelos v\u00e1rios n\u00edveis do jogo que fornecem v\u00e1rios benef\u00edcios em vez de novas armas. Esses itens podem ser freq\u00fcentemente encontrados em v\u00e1rias caixas ou descobertos destruindo certas estruturas ou inimigos.<\/p>\n\n\n\n<div style=\"height:20px\" aria-hidden=\"true\" class=\"wp-block-spacer\"><\/div>\n\n\n\n<div class=\"gb-container gb-container-ae025cb2\"><div class=\"gb-inside-container\">\n<h2 class=\"has-text-align-center wp-block-heading\">Placas de armadura<\/h2>\n\n\n\n<div class=\"wp-block-image is-style-default\"><figure class=\"aligncenter size-full\"><a href=\"https:\/\/steelstorm.standardof.net\/pt\/steel-storm-utility-armor-plates\/\"><img decoding=\"async\" width=\"674\" height=\"439\" src=\"https:\/\/steelstorm.standardof.net\/wp-content\/uploads\/sites\/3\/2020\/10\/Steel-Storm-Utility-Armor-Plates.jpg\" alt=\"Placas de armadura\" class=\"wp-image-135\" title=\"\" srcset=\"https:\/\/steelstorm.standardof.net\/wp-content\/uploads\/sites\/3\/2020\/10\/Steel-Storm-Utility-Armor-Plates.jpg 674w, https:\/\/steelstorm.standardof.net\/wp-content\/uploads\/sites\/3\/2020\/10\/Steel-Storm-Utility-Armor-Plates-300x195.jpg 300w, https:\/\/steelstorm.standardof.net\/wp-content\/uploads\/sites\/3\/2020\/10\/Steel-Storm-Utility-Armor-Plates-16x10.jpg 16w\" sizes=\"(max-width: 674px) 100vw, 674px\" \/><\/a><figcaption>Placas de armadura<\/figcaption><\/figure><\/div>\n\n\n\n<p>As placas de armadura v\u00eam em duas variedades. Primeiro, h\u00e1 a Placa de Armadura regular, parecendo uma \u00fanica chave inglesa, que reabastece uma pequena parte, cerca de 20% ou mais da sa\u00fade da sua armadura, preenchendo o \u00edcone de navio no canto inferior esquerdo da tela. A Placa de armadura completa parece duas chaves cruzadas como um X e ir\u00e1 restaurar completamente todos os pontos de vida de sua armadura.<\/p>\n\n\n\n<p class=\"has-text-align-center\">Placas de armadura concedem +100 pontos<br>Armadura completa concede +500 pontos<\/p>\n<\/div><\/div>\n\n\n\n<div style=\"height:20px\" aria-hidden=\"true\" class=\"wp-block-spacer\"><\/div>\n\n\n\n<div class=\"gb-container gb-container-8bc27669\"><div class=\"gb-inside-container\">\n<h2 class=\"has-text-align-center wp-block-heading\">Escudos<\/h2>\n\n\n\n<div class=\"wp-block-image is-style-default\"><figure class=\"aligncenter size-large\"><a href=\"https:\/\/steelstorm.standardof.net\/pt\/steel-storm-utility-shields\/\"><img decoding=\"async\" width=\"614\" height=\"371\" src=\"https:\/\/steelstorm.standardof.net\/wp-content\/uploads\/sites\/3\/2020\/10\/Steel-Storm-Utility-Shields.jpg\" alt=\"Escudos\" class=\"wp-image-138\" title=\"\" srcset=\"https:\/\/steelstorm.standardof.net\/wp-content\/uploads\/sites\/3\/2020\/10\/Steel-Storm-Utility-Shields.jpg 614w, https:\/\/steelstorm.standardof.net\/wp-content\/uploads\/sites\/3\/2020\/10\/Steel-Storm-Utility-Shields-300x181.jpg 300w, https:\/\/steelstorm.standardof.net\/wp-content\/uploads\/sites\/3\/2020\/10\/Steel-Storm-Utility-Shields-16x10.jpg 16w\" sizes=\"(max-width: 614px) 100vw, 614px\" \/><\/a><figcaption>Escudos<\/figcaption><\/figure><\/div>\n\n\n\n<p>Os escudos s\u00e3o pequenas esferas azuis brilhantes com uma imagem semelhante \u00e0 da sua nave. Esses itens conceder\u00e3o a voc\u00ea um escudo defensivo que \u00e9 como um segundo conjunto de pontos de vida para sua nave, absorvendo a maior parte do dano com muito pouco passando para a armadura. Voc\u00ea pode empilhar at\u00e9 quatro camadas de escudos em sua nave e cada coleta deste item ir\u00e1 reabastecer seu n\u00edvel atual enquanto adiciona uma camada adicional at\u00e9 o m\u00e1ximo. Isso significa que se voc\u00ea tiver uma camada restante em 5%, receber\u00e1 essencialmente + 195% para a for\u00e7a de seu escudo de uma delas.<\/p>\n\n\n\n<p>Os pontos de vida do escudo s\u00e3o representados pela barra azul na parte inferior esquerda da tela, representando a for\u00e7a atual da camada mais externa e os an\u00e9is ao redor do \u00edcone de sa\u00fade da nave representando quantas camadas faltam.<\/p>\n\n\n\n<p class=\"has-text-align-center\">Escudos concedem +1.000 pontos<\/p>\n<\/div><\/div>\n\n\n\n<div style=\"height:20px\" aria-hidden=\"true\" class=\"wp-block-spacer\"><\/div>\n\n\n\n<div class=\"gb-container gb-container-a8a829b0\"><div class=\"gb-inside-container\">\n<h2 class=\"has-text-align-center wp-block-heading\">Vida extra<\/h2>\n\n\n\n<div class=\"wp-block-image is-style-default\"><figure class=\"aligncenter size-large\"><a href=\"https:\/\/steelstorm.standardof.net\/pt\/steel-storm-utility-extra-life\/\"><img decoding=\"async\" width=\"443\" height=\"407\" src=\"https:\/\/steelstorm.standardof.net\/wp-content\/uploads\/sites\/3\/2020\/10\/Steel-Storm-Utility-Extra-Life.jpg\" alt=\"Vida extra\" class=\"wp-image-137\" title=\"\" srcset=\"https:\/\/steelstorm.standardof.net\/wp-content\/uploads\/sites\/3\/2020\/10\/Steel-Storm-Utility-Extra-Life.jpg 443w, https:\/\/steelstorm.standardof.net\/wp-content\/uploads\/sites\/3\/2020\/10\/Steel-Storm-Utility-Extra-Life-300x276.jpg 300w, https:\/\/steelstorm.standardof.net\/wp-content\/uploads\/sites\/3\/2020\/10\/Steel-Storm-Utility-Extra-Life-13x12.jpg 13w\" sizes=\"(max-width: 443px) 100vw, 443px\" \/><\/a><figcaption>Vida extra<\/figcaption><\/figure><\/div>\n\n\n\n<p>Como voc\u00ea poderia esperar, esses captadores amarelos brilhantes que se parecem com os escudos, exceto pela cor, concedem a voc\u00ea uma vida extra para completar a miss\u00e3o. Na verdade, eles n\u00e3o s\u00e3o encontrados em recipientes como os outros itens, principalmente escondidos em \u00e1reas de dif\u00edcil acesso ou fornecidos em algum lugar onde voc\u00ea provavelmente levar\u00e1 uma surra.<\/p>\n<\/div><\/div>\n\n\n\n<div style=\"height:20px\" aria-hidden=\"true\" class=\"wp-block-spacer\"><\/div>\n\n\n\n<div class=\"gb-container gb-container-54835e6c\"><div class=\"gb-inside-container\">\n<h2 class=\"has-text-align-center wp-block-heading\">Cristais de pontos de b\u00f4nus<\/h2>\n\n\n\n<div class=\"wp-block-image is-style-default\"><figure class=\"aligncenter size-large\"><a href=\"https:\/\/steelstorm.standardof.net\/pt\/steel-storm-utility-crystals\/\"><img decoding=\"async\" width=\"711\" height=\"533\" src=\"https:\/\/steelstorm.standardof.net\/wp-content\/uploads\/sites\/3\/2020\/10\/Steel-Storm-Utility-Crystals.jpg\" alt=\"Cristais de pontos de b\u00f4nus\" class=\"wp-image-136\" title=\"\" srcset=\"https:\/\/steelstorm.standardof.net\/wp-content\/uploads\/sites\/3\/2020\/10\/Steel-Storm-Utility-Crystals.jpg 711w, https:\/\/steelstorm.standardof.net\/wp-content\/uploads\/sites\/3\/2020\/10\/Steel-Storm-Utility-Crystals-300x225.jpg 300w, https:\/\/steelstorm.standardof.net\/wp-content\/uploads\/sites\/3\/2020\/10\/Steel-Storm-Utility-Crystals-16x12.jpg 16w\" sizes=\"(max-width: 711px) 100vw, 711px\" \/><\/a><figcaption>Cristais de pontos de b\u00f4nus<\/figcaption><\/figure><\/div>\n\n\n\n<p>Esses pickups simplesmente concedem pontos extras, adicionando \u00e0 sua pontua\u00e7\u00e3o. Eles v\u00eam em tr\u00eas variedades de cores, cada uma valendo uma quantidade diferente e podem ser encontrados em todo o lugar, muitas vezes tamb\u00e9m caindo de v\u00e1rios inimigos ou objetos destru\u00eddos, com os tipos mais valiosos normalmente encontrados em \u00e1reas mais dif\u00edceis de alcan\u00e7ar ou mais perigosas.<\/p>\n\n\n\n<p class=\"has-text-align-center\">Cristais b\u00f4nus vermelhos valem +100 pontos.<br>Os Cristais B\u00f4nus Verdes valem +1.000 pontos.<br>Os Cristais B\u00f4nus Azuis valem +10.000 pontos.<\/p>\n<\/div><\/div>\n\n\n\n<div style=\"height:20px\" aria-hidden=\"true\" class=\"wp-block-spacer\"><\/div>","protected":false},"excerpt":{"rendered":"<p>Utility pickups are considered the items found scattered throughout the various game levels that provide various benefits instead of new weapons. These items can be often found in various crates or uncovered by destroying certain structures or enemies. Armor Plates Armor Plates come in two varieties. First there is the regular Armor Plate, looking like [&hellip;]<\/p>","protected":false},"author":1,"featured_media":54,"parent":6,"menu_order":0,"comment_status":"open","ping_status":"closed","template":"","meta":{"_uag_custom_page_level_css":"","site-sidebar-layout":"default","site-content-layout":"default","ast-site-content-layout":"","site-content-style":"default","site-sidebar-style":"default","ast-global-header-display":"","ast-banner-title-visibility":"","ast-main-header-display":"","ast-hfb-above-header-display":"","ast-hfb-below-header-display":"","ast-hfb-mobile-header-display":"","site-post-title":"","ast-breadcrumbs-content":"","ast-featured-img":"","footer-sml-layout":"","theme-transparent-header-meta":"default","adv-header-id-meta":"","stick-header-meta":"","header-above-stick-meta":"","header-main-stick-meta":"","header-below-stick-meta":"","astra-migrate-meta-layouts":"default","ast-page-background-enabled":"default","ast-page-background-meta":{"desktop":{"background-color":"","background-image":"","background-repeat":"repeat","background-position":"center center","background-size":"auto","background-attachment":"scroll","background-type":"","background-media":"","overlay-type":"","overlay-color":"","overlay-gradient":""},"tablet":{"background-color":"","background-image":"","background-repeat":"repeat","background-position":"center center","background-size":"auto","background-attachment":"scroll","background-type":"","background-media":"","overlay-type":"","overlay-color":"","overlay-gradient":""},"mobile":{"background-color":"","background-image":"","background-repeat":"repeat","background-position":"center center","background-size":"auto","background-attachment":"scroll","background-type":"","background-media":"","overlay-type":"","overlay-color":"","overlay-gradient":""}},"ast-content-background-meta":{"desktop":{"background-color":"var(--ast-global-color-5)","background-image":"","background-repeat":"repeat","background-position":"center center","background-size":"auto","background-attachment":"scroll","background-type":"","background-media":"","overlay-type":"","overlay-color":"","overlay-gradient":""},"tablet":{"background-color":"var(--ast-global-color-5)","background-image":"","background-repeat":"repeat","background-position":"center center","background-size":"auto","background-attachment":"scroll","background-type":"","background-media":"","overlay-type":"","overlay-color":"","overlay-gradient":""},"mobile":{"background-color":"var(--ast-global-color-5)","background-image":"","background-repeat":"repeat","background-position":"center center","background-size":"auto","background-attachment":"scroll","background-type":"","background-media":"","overlay-type":"","overlay-color":"","overlay-gradient":""}},"footnotes":""},"uagb_featured_image_src":{"full":["https:\/\/steelstorm.standardof.net\/wp-content\/uploads\/sites\/3\/2020\/10\/MnEdR-1.jpg",1200,750,false],"thumbnail":["https:\/\/steelstorm.standardof.net\/wp-content\/uploads\/sites\/3\/2020\/10\/MnEdR-1-150x150.jpg",150,150,true],"medium":["https:\/\/steelstorm.standardof.net\/wp-content\/uploads\/sites\/3\/2020\/10\/MnEdR-1-300x188.jpg",300,188,true],"medium_large":["https:\/\/steelstorm.standardof.net\/wp-content\/uploads\/sites\/3\/2020\/10\/MnEdR-1-768x480.jpg",768,480,true],"large":["https:\/\/steelstorm.standardof.net\/wp-content\/uploads\/sites\/3\/2020\/10\/MnEdR-1-1024x640.jpg",1024,640,true],"1536x1536":["https:\/\/steelstorm.standardof.net\/wp-content\/uploads\/sites\/3\/2020\/10\/MnEdR-1.jpg",1200,750,false],"2048x2048":["https:\/\/steelstorm.standardof.net\/wp-content\/uploads\/sites\/3\/2020\/10\/MnEdR-1.jpg",1200,750,false],"trp-custom-language-flag":["https:\/\/steelstorm.standardof.net\/wp-content\/uploads\/sites\/3\/2020\/10\/MnEdR-1.jpg",18,12,false]},"uagb_author_info":{"display_name":"SOE","author_link":"https:\/\/steelstorm.standardof.net\/pt\/author\/k-tastic\/"},"uagb_comment_info":0,"uagb_excerpt":"Utility pickups are considered the items found scattered throughout the various game levels that provide various benefits instead of new weapons. These items can be often found in various crates or uncovered by destroying certain structures or enemies. Armor Plates Armor Plates come in two varieties. First there is the regular Armor Plate, looking like&hellip;","_links":{"self":[{"href":"https:\/\/steelstorm.standardof.net\/pt\/wp-json\/wp\/v2\/pages\/162"}],"collection":[{"href":"https:\/\/steelstorm.standardof.net\/pt\/wp-json\/wp\/v2\/pages"}],"about":[{"href":"https:\/\/steelstorm.standardof.net\/pt\/wp-json\/wp\/v2\/types\/page"}],"author":[{"embeddable":true,"href":"https:\/\/steelstorm.standardof.net\/pt\/wp-json\/wp\/v2\/users\/1"}],"replies":[{"embeddable":true,"href":"https:\/\/steelstorm.standardof.net\/pt\/wp-json\/wp\/v2\/comments?post=162"}],"version-history":[{"count":0,"href":"https:\/\/steelstorm.standardof.net\/pt\/wp-json\/wp\/v2\/pages\/162\/revisions"}],"up":[{"embeddable":true,"href":"https:\/\/steelstorm.standardof.net\/pt\/wp-json\/wp\/v2\/pages\/6"}],"wp:featuredmedia":[{"embeddable":true,"href":"https:\/\/steelstorm.standardof.net\/pt\/wp-json\/wp\/v2\/media\/54"}],"wp:attachment":[{"href":"https:\/\/steelstorm.standardof.net\/pt\/wp-json\/wp\/v2\/media?parent=162"}],"curies":[{"name":"wp","href":"https:\/\/api.w.org\/{rel}","templated":true}]}}