{"id":111,"date":"2020-10-16T18:47:20","date_gmt":"2020-10-16T18:47:20","guid":{"rendered":"https:\/\/steelstorm.standardof.net\/?page_id=111"},"modified":"2020-10-19T05:14:40","modified_gmt":"2020-10-19T05:14:40","slug":"weapons","status":"publish","type":"page","link":"https:\/\/steelstorm.standardof.net\/pt\/guide\/armas\/","title":{"rendered":"Armas"},"content":{"rendered":"<div class=\"gb-container gb-container-27be7412\"><div class=\"gb-inside-container\">\n<h3 class=\"has-text-align-center wp-block-heading\">\u26a0\ufe0f Transporte de armas entre miss\u00f5es \u26a0\ufe0f<\/h3>\n\n\n\n<p>\u00c9 importante lembrar que se voc\u00ea pegar uma arma em um n\u00edvel e morrer antes de sair do n\u00edvel com a arma ainda equipada, essa arma ser\u00e1 destru\u00edda e voc\u00ea ter\u00e1 que reiniciar o n\u00edvel para obt\u00ea-la novamente. Quando voc\u00ea sai de um n\u00edvel com o armamento equipado, ele ser\u00e1 salvo permanentemente, permitindo que voc\u00ea inicie novas miss\u00f5es ou reproduza as antigas com os armamentos que voc\u00ea equipou na \u00faltima vez que completou um n\u00edvel. Se voc\u00ea sair da pr\u00f3xima miss\u00e3o com um conjunto diferente de armas, essas se tornar\u00e3o seu novo conjunto permanente.<\/p>\n\n\n\n<p>Voc\u00ea n\u00e3o pode trocar armas fora dos pr\u00f3prios n\u00edveis e apenas recuperando e saindo com os pickups, mesmo se voc\u00ea tiver essas armas salvas anteriormente. Se voc\u00ea morrer em um n\u00edvel, voc\u00ea reaparecer\u00e1 com os armamentos que equipou no in\u00edcio da miss\u00e3o. Por \u00faltimo, mas ainda importante, \u00e9 que esta continua\u00e7\u00e3o de arma \u00e9 espec\u00edfica para cada grupo de miss\u00f5es na tela da campanha, portanto, N\u00edveis de B\u00f4nus, Epis\u00f3dio 1 e Epis\u00f3dio 2 ter\u00e3o sua pr\u00f3pria \u201cmem\u00f3ria de arma\u201d separada e os itens n\u00e3o podem ser transportados entre esses grupos.<\/p>\n<\/div><\/div>\n\n\n\n<div style=\"height:20px\" aria-hidden=\"true\" class=\"wp-block-spacer\"><\/div>\n\n\n\n<div class=\"wp-block-cover has-background-dim-80 has-background-dim\" style=\"background-image:url(https:\/\/steelstorm.standardof.net\/wp-content\/uploads\/sites\/3\/2020\/10\/Steel-Storm-Weapon-Screens-Storm-Spread.jpg);min-height:220px;aspect-ratio:unset;\"><div class=\"wp-block-cover__inner-container is-layout-flow wp-block-cover-is-layout-flow\">\n<h2 class=\"has-text-align-center wp-block-heading\"><a href=\"https:\/\/steelstorm.standardof.net\/pt\/guide\/armas\/armas-primarias\/\" class=\"rank-math-link\">Armas Prim\u00e1rias<\/a><\/h2>\n\n\n\n<p class=\"has-text-align-center\">o <strong>Prim\u00e1rio <\/strong>grupo de armas s\u00e3o armas que s\u00e3o disparadas constantemente com o pressionamento da tecla Mouse 1 (clique esquerdo) por padr\u00e3o, sendo mais para disparos r\u00e1pidos e preenchendo a tela com seus tiros do que para danos pesados. Voc\u00ea pode disparar prim\u00e1rias de energia e bal\u00edstica ao mesmo tempo, desde que ambos estejam equipados.<\/p>\n<\/div><\/div>\n\n\n\n<div style=\"height:20px\" aria-hidden=\"true\" class=\"wp-block-spacer\"><\/div>\n\n\n\n<div class=\"wp-block-cover has-background-dim-80 has-background-dim\" style=\"background-image:url(https:\/\/steelstorm.standardof.net\/wp-content\/uploads\/sites\/3\/2020\/10\/Steel-Storm-Weapons-Beam-Cannon-Screenshot.jpg);min-height:220px;aspect-ratio:unset;\"><div class=\"wp-block-cover__inner-container is-layout-flow wp-block-cover-is-layout-flow\">\n<h2 class=\"has-text-align-center wp-block-heading\"><a href=\"https:\/\/steelstorm.standardof.net\/pt\/guide\/armas\/armas-secundarias\/\" class=\"rank-math-link\">Armas Secund\u00e1rias<\/a><\/h2>\n\n\n\n<p class=\"has-text-align-center\">o <strong>Secund\u00e1rio <\/strong>O grupo de armas \u00e9 disparado com a tecla Mouse 2 (clique direito) por padr\u00e3o, fornecendo maior poder de fogo para o seu tanque. Normalmente, voc\u00ea s\u00f3 pode disparar uma das armas de energia ou bal\u00edstica por vez, mas se usar a tecla shift para alternar rapidamente, voc\u00ea pode usar as duas simultaneamente.<\/p>\n<\/div><\/div>\n\n\n\n<div style=\"height:20px\" aria-hidden=\"true\" class=\"wp-block-spacer\"><\/div>\n\n\n\n<div class=\"wp-block-cover has-background-dim-80 has-background-dim\" style=\"background-image:url(https:\/\/steelstorm.standardof.net\/wp-content\/uploads\/sites\/3\/2020\/10\/Steel-Storm-Weapons-Shockwave-Firing.jpg);background-position:62% 72%;min-height:220px;aspect-ratio:unset;\"><div class=\"wp-block-cover__inner-container is-layout-flow wp-block-cover-is-layout-flow\">\n<h2 class=\"has-text-align-center wp-block-heading\"><a href=\"https:\/\/steelstorm.standardof.net\/pt\/guide\/armas\/armas-especiais\/\" class=\"rank-math-link\">Armas Especiais<\/a><\/h2>\n\n\n\n<p class=\"has-text-align-center\"><strong>Armas Especiais <\/strong>s\u00e3o aqueles acionados com a barra de espa\u00e7o e fornecem efeitos \u00fateis. Atualmente existe apenas uma arma especial, a Shockwave.<\/p>\n<\/div><\/div>\n\n\n\n<div style=\"height:20px\" aria-hidden=\"true\" class=\"wp-block-spacer\"><\/div>\n\n\n\n<p><\/p>","protected":false},"excerpt":{"rendered":"<p>\u26a0\ufe0f Carrying Over Weapons Between Missions \u26a0\ufe0f It is important to remember that if you pick up a weapon in a level and die before leaving the level with the weapon still equipped, that weapon will be destroyed and you will have to restart the level to obtain it again. When you leave a level [&hellip;]<\/p>","protected":false},"author":1,"featured_media":54,"parent":6,"menu_order":0,"comment_status":"open","ping_status":"closed","template":"","meta":{"_uag_custom_page_level_css":"","site-sidebar-layout":"default","site-content-layout":"default","ast-site-content-layout":"","site-content-style":"default","site-sidebar-style":"default","ast-global-header-display":"","ast-banner-title-visibility":"","ast-main-header-display":"","ast-hfb-above-header-display":"","ast-hfb-below-header-display":"","ast-hfb-mobile-header-display":"","site-post-title":"","ast-breadcrumbs-content":"","ast-featured-img":"","footer-sml-layout":"","theme-transparent-header-meta":"default","adv-header-id-meta":"","stick-header-meta":"","header-above-stick-meta":"","header-main-stick-meta":"","header-below-stick-meta":"","astra-migrate-meta-layouts":"default","ast-page-background-enabled":"default","ast-page-background-meta":{"desktop":{"background-color":"","background-image":"","background-repeat":"repeat","background-position":"center center","background-size":"auto","background-attachment":"scroll","background-type":"","background-media":"","overlay-type":"","overlay-color":"","overlay-gradient":""},"tablet":{"background-color":"","background-image":"","background-repeat":"repeat","background-position":"center center","background-size":"auto","background-attachment":"scroll","background-type":"","background-media":"","overlay-type":"","overlay-color":"","overlay-gradient":""},"mobile":{"background-color":"","background-image":"","background-repeat":"repeat","background-position":"center center","background-size":"auto","background-attachment":"scroll","background-type":"","background-media":"","overlay-type":"","overlay-color":"","overlay-gradient":""}},"ast-content-background-meta":{"desktop":{"background-color":"var(--ast-global-color-5)","background-image":"","background-repeat":"repeat","background-position":"center center","background-size":"auto","background-attachment":"scroll","background-type":"","background-media":"","overlay-type":"","overlay-color":"","overlay-gradient":""},"tablet":{"background-color":"var(--ast-global-color-5)","background-image":"","background-repeat":"repeat","background-position":"center center","background-size":"auto","background-attachment":"scroll","background-type":"","background-media":"","overlay-type":"","overlay-color":"","overlay-gradient":""},"mobile":{"background-color":"var(--ast-global-color-5)","background-image":"","background-repeat":"repeat","background-position":"center center","background-size":"auto","background-attachment":"scroll","background-type":"","background-media":"","overlay-type":"","overlay-color":"","overlay-gradient":""}},"footnotes":""},"uagb_featured_image_src":{"full":["https:\/\/steelstorm.standardof.net\/wp-content\/uploads\/sites\/3\/2020\/10\/MnEdR-1.jpg",1200,750,false],"thumbnail":["https:\/\/steelstorm.standardof.net\/wp-content\/uploads\/sites\/3\/2020\/10\/MnEdR-1-150x150.jpg",150,150,true],"medium":["https:\/\/steelstorm.standardof.net\/wp-content\/uploads\/sites\/3\/2020\/10\/MnEdR-1-300x188.jpg",300,188,true],"medium_large":["https:\/\/steelstorm.standardof.net\/wp-content\/uploads\/sites\/3\/2020\/10\/MnEdR-1-768x480.jpg",768,480,true],"large":["https:\/\/steelstorm.standardof.net\/wp-content\/uploads\/sites\/3\/2020\/10\/MnEdR-1-1024x640.jpg",1024,640,true],"1536x1536":["https:\/\/steelstorm.standardof.net\/wp-content\/uploads\/sites\/3\/2020\/10\/MnEdR-1.jpg",1200,750,false],"2048x2048":["https:\/\/steelstorm.standardof.net\/wp-content\/uploads\/sites\/3\/2020\/10\/MnEdR-1.jpg",1200,750,false],"trp-custom-language-flag":["https:\/\/steelstorm.standardof.net\/wp-content\/uploads\/sites\/3\/2020\/10\/MnEdR-1.jpg",18,12,false]},"uagb_author_info":{"display_name":"SOE","author_link":"https:\/\/steelstorm.standardof.net\/pt\/author\/k-tastic\/"},"uagb_comment_info":0,"uagb_excerpt":"\u26a0\ufe0f Carrying Over Weapons Between Missions \u26a0\ufe0f It is important to remember that if you pick up a weapon in a level and die before leaving the level with the weapon still equipped, that weapon will be destroyed and you will have to restart the level to obtain it again. When you leave a level&hellip;","_links":{"self":[{"href":"https:\/\/steelstorm.standardof.net\/pt\/wp-json\/wp\/v2\/pages\/111"}],"collection":[{"href":"https:\/\/steelstorm.standardof.net\/pt\/wp-json\/wp\/v2\/pages"}],"about":[{"href":"https:\/\/steelstorm.standardof.net\/pt\/wp-json\/wp\/v2\/types\/page"}],"author":[{"embeddable":true,"href":"https:\/\/steelstorm.standardof.net\/pt\/wp-json\/wp\/v2\/users\/1"}],"replies":[{"embeddable":true,"href":"https:\/\/steelstorm.standardof.net\/pt\/wp-json\/wp\/v2\/comments?post=111"}],"version-history":[{"count":0,"href":"https:\/\/steelstorm.standardof.net\/pt\/wp-json\/wp\/v2\/pages\/111\/revisions"}],"up":[{"embeddable":true,"href":"https:\/\/steelstorm.standardof.net\/pt\/wp-json\/wp\/v2\/pages\/6"}],"wp:featuredmedia":[{"embeddable":true,"href":"https:\/\/steelstorm.standardof.net\/pt\/wp-json\/wp\/v2\/media\/54"}],"wp:attachment":[{"href":"https:\/\/steelstorm.standardof.net\/pt\/wp-json\/wp\/v2\/media?parent=111"}],"curies":[{"name":"wp","href":"https:\/\/api.w.org\/{rel}","templated":true}]}}