{"id":107,"date":"2020-10-16T18:14:58","date_gmt":"2020-10-16T18:14:58","guid":{"rendered":"https:\/\/steelstorm.standardof.net\/?page_id=107"},"modified":"2020-11-11T07:08:43","modified_gmt":"2020-11-11T07:08:43","slug":"turrets","status":"publish","type":"page","link":"https:\/\/steelstorm.standardof.net\/pt\/guide\/unidades-inimigas\/torres\/","title":{"rendered":"Torres"},"content":{"rendered":"<p>As torres s\u00e3o os defensores estacion\u00e1rios de bases e territ\u00f3rios inimigos, possuindo algumas armas e habilidades n\u00e3o possu\u00eddas pelos hostis m\u00f3veis. De todos eles, provavelmente a Torre de Reparo \u00e9 a mais potencialmente perigosa devido \u00e0 sua habilidade especial. Devido \u00e0 sua falta de mobilidade, voc\u00ea pode frequentemente encontrar maneiras de atingir essas unidades diretamente onde elas n\u00e3o podem atac\u00e1-lo devido a uma borda de obstru\u00e7\u00e3o.<\/p>\n\n\n\n<div style=\"height:20px\" aria-hidden=\"true\" class=\"wp-block-spacer\"><\/div>\n\n\n\n<div class=\"gb-container gb-container-ae025cb2\"><div class=\"gb-inside-container\">\n<h2 class=\"wp-block-heading\">Torre de plasma leve<\/h2>\n\n\n\n<div class=\"wp-block-image is-style-default\"><figure class=\"aligncenter size-large\"><a href=\"https:\/\/steelstorm.standardof.net\/pt\/guide\/unidades-inimigas\/torres\/steel-storm-enemy-turrets-light-plasma\/\"><img decoding=\"async\" width=\"469\" height=\"420\" src=\"https:\/\/steelstorm.standardof.net\/wp-content\/uploads\/sites\/3\/2020\/10\/Steel-Storm-Enemy-Turrets-Light-Plasma-469x420.jpg\" alt=\"Torre de plasma leve\" class=\"wp-image-28\" title=\"\" srcset=\"https:\/\/steelstorm.standardof.net\/wp-content\/uploads\/sites\/3\/2020\/10\/Steel-Storm-Enemy-Turrets-Light-Plasma.jpg 469w, https:\/\/steelstorm.standardof.net\/wp-content\/uploads\/sites\/3\/2020\/10\/Steel-Storm-Enemy-Turrets-Light-Plasma-300x269.jpg 300w\" sizes=\"(max-width: 469px) 100vw, 469px\" \/><\/a><figcaption>Torre de plasma leve<\/figcaption><\/figure><\/div>\n\n\n\n<p>A Torre de Plasma Leve compartilha sua arma com o Tanque Leve, essencialmente uma variante estacion\u00e1ria mais resistente daquele inimigo. Ele dispara raios de plasma leves com o dobro da taxa dos tanques leves, mas geralmente n\u00e3o \u00e9 uma amea\u00e7a significativa, a menos que voc\u00ea seja pego com alguns em um espa\u00e7o apertado.<\/p>\n<\/div><\/div>\n\n\n\n<div style=\"height:20px\" aria-hidden=\"true\" class=\"wp-block-spacer\"><\/div>\n\n\n\n<div class=\"gb-container gb-container-e480a6f2\"><div class=\"gb-inside-container\">\n<h2 class=\"wp-block-heading\">Torre Pesada<\/h2>\n\n\n\n<div class=\"wp-block-image is-style-default\"><figure class=\"aligncenter size-large\"><a href=\"https:\/\/steelstorm.standardof.net\/pt\/guide\/unidades-inimigas\/torres\/steel-storm-enemy-turrets-heavy-beam\/\"><img decoding=\"async\" width=\"471\" height=\"416\" src=\"https:\/\/steelstorm.standardof.net\/wp-content\/uploads\/sites\/3\/2020\/10\/Steel-Storm-Enemy-Turrets-Heavy-Beam-471x416.jpg\" alt=\"Torre Pesada\" class=\"wp-image-27\" title=\"\" srcset=\"https:\/\/steelstorm.standardof.net\/wp-content\/uploads\/sites\/3\/2020\/10\/Steel-Storm-Enemy-Turrets-Heavy-Beam.jpg 471w, https:\/\/steelstorm.standardof.net\/wp-content\/uploads\/sites\/3\/2020\/10\/Steel-Storm-Enemy-Turrets-Heavy-Beam-300x265.jpg 300w\" sizes=\"(max-width: 471px) 100vw, 471px\" \/><\/a><figcaption>Torre Pesada<\/figcaption><\/figure><\/div>\n\n\n\n<p>A Torre de Feixe Pesado dispara uma variedade vermelha menor de seu Canh\u00e3o de Feixe, atingindo voc\u00ea instantaneamente quando disparada para uma pequena, mas significativa quantidade de dano. N\u00e3o h\u00e1 uma boa maneira de evitar o feixe e o Shockwave n\u00e3o pode repeli-lo, deixando voc\u00ea atirar m\u00edsseis de homing de uma esquina ou se aproximando de uma dire\u00e7\u00e3o que permite que voc\u00ea tire vantagem rapidamente da lenta velocidade de rota\u00e7\u00e3o da torre. H\u00e1 um curto tempo de recarga entre os tiros que voc\u00ea tamb\u00e9m pode aproveitar e, se for dif\u00edcil de sair rapidamente por tr\u00e1s dos cantos, pode enganar o Feixe Pesado para atirar em um obst\u00e1culo.<\/p>\n<\/div><\/div>\n\n\n\n<div style=\"height:20px\" aria-hidden=\"true\" class=\"wp-block-spacer\"><\/div>\n\n\n\n<div class=\"gb-container gb-container-b346aadf\"><div class=\"gb-inside-container\">\n<h2 class=\"wp-block-heading\">Torre Foguete<\/h2>\n\n\n\n<div class=\"wp-block-image is-style-default\"><figure class=\"aligncenter size-large\"><a href=\"https:\/\/steelstorm.standardof.net\/pt\/guide\/unidades-inimigas\/torres\/steel-storm-enemy-turrets-rocket\/\"><img decoding=\"async\" width=\"497\" height=\"461\" src=\"https:\/\/steelstorm.standardof.net\/wp-content\/uploads\/sites\/3\/2020\/10\/Steel-Storm-Enemy-Turrets-Rocket-497x461.jpg\" alt=\"Torre Foguete\" class=\"wp-image-30\" title=\"\" srcset=\"https:\/\/steelstorm.standardof.net\/wp-content\/uploads\/sites\/3\/2020\/10\/Steel-Storm-Enemy-Turrets-Rocket.jpg 497w, https:\/\/steelstorm.standardof.net\/wp-content\/uploads\/sites\/3\/2020\/10\/Steel-Storm-Enemy-Turrets-Rocket-300x278.jpg 300w\" sizes=\"(max-width: 497px) 100vw, 497px\" \/><\/a><figcaption>Torre Foguete<\/figcaption><\/figure><\/div>\n\n\n\n<p>Rocket Turrets s\u00e3o plataformas de armas fixas com o mesmo efeito da arma Rocket Pod. Essas torres lan\u00e7am uma enxurrada de foguetes que na verdade t\u00eam o dobro do alcance de seus foguetes, tornando esta arma particularmente mortal em \u00e1reas confinadas. Felizmente, os m\u00edsseis s\u00e3o lentos o suficiente para se esquivar em um espa\u00e7o aberto com facilidade e o Shockwave pode ser usado para repelir os foguetes de volta para a Torre do Foguete, o que geralmente \u00e9 mais do que suficiente para destru\u00ed-lo completamente. Uma barragem desses foguetes costuma ser suficiente para destru\u00ed-lo completamente, mesmo com armadura completa e algumas camadas de escudos.<\/p>\n<\/div><\/div>\n\n\n\n<div style=\"height:20px\" aria-hidden=\"true\" class=\"wp-block-spacer\"><\/div>\n\n\n\n<div class=\"gb-container gb-container-0b6d8679\"><div class=\"gb-inside-container\">\n<h2 class=\"wp-block-heading\">Torre de reparo<\/h2>\n\n\n\n<div class=\"wp-block-image is-style-default\"><figure class=\"aligncenter size-large\"><a href=\"https:\/\/steelstorm.standardof.net\/pt\/guide\/unidades-inimigas\/torres\/steel-storm-enemy-turrets-repair\/\"><img decoding=\"async\" width=\"480\" height=\"388\" src=\"https:\/\/steelstorm.standardof.net\/wp-content\/uploads\/sites\/3\/2020\/10\/Steel-Storm-Enemy-Turrets-Repair-480x388.jpg\" alt=\"Torre de reparo\" class=\"wp-image-29\" title=\"\" srcset=\"https:\/\/steelstorm.standardof.net\/wp-content\/uploads\/sites\/3\/2020\/10\/Steel-Storm-Enemy-Turrets-Repair.jpg 480w, https:\/\/steelstorm.standardof.net\/wp-content\/uploads\/sites\/3\/2020\/10\/Steel-Storm-Enemy-Turrets-Repair-300x243.jpg 300w\" sizes=\"(max-width: 480px) 100vw, 480px\" \/><\/a><figcaption>Torre de reparo<\/figcaption><\/figure><\/div>\n\n\n\n<p>Embora n\u00e3o possua nenhuma arma pr\u00f3pria, a Torre de Reparo \u00e9 facilmente a maior dor de todas as quatro. Como voc\u00ea pode esperar, o \u00fanico prop\u00f3sito da Torre de Conserto \u00e9 rejuvenescer e trazer de volta \u00e0 vida quaisquer cascas de inimigos mortos nas proximidades, desfazendo todo o seu trabalho manual onde elas aparecem ou s\u00e3o colocadas. Voc\u00ea pode ouvir o som distinto de sua capacidade de reparo e o feixe amarelo que se estende da torre at\u00e9 o alvo de reparo para ajud\u00e1-lo a localiz\u00e1-los fora da tela. Sempre tente puxar os inimigos m\u00f3veis para o mais longe poss\u00edvel das Torres de Reparo para enfrent\u00e1-los para fora da zona de revivesc\u00eancia ou apressar a torre, especialmente se ela surgir em um campo de unidades mortas antes de levantar um ex\u00e9rcito de zumbis inteiro para atac\u00e1-lo .<\/p>\n<\/div><\/div>","protected":false},"excerpt":{"rendered":"<p>The Turrets are the stationary defenders of enemy bases and territory, possessing some weapons and abilities not possessed by the mobile hostiles. Of all these, probably the Repair Turret is the most potentially hazardous due to its special ability. Due to their lack of mobility you can often find ways of hitting these units directly [&hellip;]<\/p>","protected":false},"author":1,"featured_media":54,"parent":32,"menu_order":0,"comment_status":"open","ping_status":"closed","template":"","meta":{"_uag_custom_page_level_css":"","site-sidebar-layout":"default","site-content-layout":"default","ast-site-content-layout":"","site-content-style":"default","site-sidebar-style":"default","ast-global-header-display":"","ast-banner-title-visibility":"","ast-main-header-display":"","ast-hfb-above-header-display":"","ast-hfb-below-header-display":"","ast-hfb-mobile-header-display":"","site-post-title":"","ast-breadcrumbs-content":"","ast-featured-img":"","footer-sml-layout":"","theme-transparent-header-meta":"default","adv-header-id-meta":"","stick-header-meta":"","header-above-stick-meta":"","header-main-stick-meta":"","header-below-stick-meta":"","astra-migrate-meta-layouts":"default","ast-page-background-enabled":"default","ast-page-background-meta":{"desktop":{"background-color":"","background-image":"","background-repeat":"repeat","background-position":"center center","background-size":"auto","background-attachment":"scroll","background-type":"","background-media":"","overlay-type":"","overlay-color":"","overlay-gradient":""},"tablet":{"background-color":"","background-image":"","background-repeat":"repeat","background-position":"center center","background-size":"auto","background-attachment":"scroll","background-type":"","background-media":"","overlay-type":"","overlay-color":"","overlay-gradient":""},"mobile":{"background-color":"","background-image":"","background-repeat":"repeat","background-position":"center center","background-size":"auto","background-attachment":"scroll","background-type":"","background-media":"","overlay-type":"","overlay-color":"","overlay-gradient":""}},"ast-content-background-meta":{"desktop":{"background-color":"var(--ast-global-color-5)","background-image":"","background-repeat":"repeat","background-position":"center center","background-size":"auto","background-attachment":"scroll","background-type":"","background-media":"","overlay-type":"","overlay-color":"","overlay-gradient":""},"tablet":{"background-color":"var(--ast-global-color-5)","background-image":"","background-repeat":"repeat","background-position":"center center","background-size":"auto","background-attachment":"scroll","background-type":"","background-media":"","overlay-type":"","overlay-color":"","overlay-gradient":""},"mobile":{"background-color":"var(--ast-global-color-5)","background-image":"","background-repeat":"repeat","background-position":"center center","background-size":"auto","background-attachment":"scroll","background-type":"","background-media":"","overlay-type":"","overlay-color":"","overlay-gradient":""}},"footnotes":""},"uagb_featured_image_src":{"full":["https:\/\/steelstorm.standardof.net\/wp-content\/uploads\/sites\/3\/2020\/10\/MnEdR-1.jpg",1200,750,false],"thumbnail":["https:\/\/steelstorm.standardof.net\/wp-content\/uploads\/sites\/3\/2020\/10\/MnEdR-1-150x150.jpg",150,150,true],"medium":["https:\/\/steelstorm.standardof.net\/wp-content\/uploads\/sites\/3\/2020\/10\/MnEdR-1-300x188.jpg",300,188,true],"medium_large":["https:\/\/steelstorm.standardof.net\/wp-content\/uploads\/sites\/3\/2020\/10\/MnEdR-1-768x480.jpg",768,480,true],"large":["https:\/\/steelstorm.standardof.net\/wp-content\/uploads\/sites\/3\/2020\/10\/MnEdR-1-1024x640.jpg",1024,640,true],"1536x1536":["https:\/\/steelstorm.standardof.net\/wp-content\/uploads\/sites\/3\/2020\/10\/MnEdR-1.jpg",1200,750,false],"2048x2048":["https:\/\/steelstorm.standardof.net\/wp-content\/uploads\/sites\/3\/2020\/10\/MnEdR-1.jpg",1200,750,false],"trp-custom-language-flag":["https:\/\/steelstorm.standardof.net\/wp-content\/uploads\/sites\/3\/2020\/10\/MnEdR-1.jpg",18,12,false]},"uagb_author_info":{"display_name":"SOE","author_link":"https:\/\/steelstorm.standardof.net\/pt\/author\/k-tastic\/"},"uagb_comment_info":0,"uagb_excerpt":"The Turrets are the stationary defenders of enemy bases and territory, possessing some weapons and abilities not possessed by the mobile hostiles. Of all these, probably the Repair Turret is the most potentially hazardous due to its special ability. Due to their lack of mobility you can often find ways of hitting these units directly&hellip;","_links":{"self":[{"href":"https:\/\/steelstorm.standardof.net\/pt\/wp-json\/wp\/v2\/pages\/107"}],"collection":[{"href":"https:\/\/steelstorm.standardof.net\/pt\/wp-json\/wp\/v2\/pages"}],"about":[{"href":"https:\/\/steelstorm.standardof.net\/pt\/wp-json\/wp\/v2\/types\/page"}],"author":[{"embeddable":true,"href":"https:\/\/steelstorm.standardof.net\/pt\/wp-json\/wp\/v2\/users\/1"}],"replies":[{"embeddable":true,"href":"https:\/\/steelstorm.standardof.net\/pt\/wp-json\/wp\/v2\/comments?post=107"}],"version-history":[{"count":1,"href":"https:\/\/steelstorm.standardof.net\/pt\/wp-json\/wp\/v2\/pages\/107\/revisions"}],"predecessor-version":[{"id":404,"href":"https:\/\/steelstorm.standardof.net\/pt\/wp-json\/wp\/v2\/pages\/107\/revisions\/404"}],"up":[{"embeddable":true,"href":"https:\/\/steelstorm.standardof.net\/pt\/wp-json\/wp\/v2\/pages\/32"}],"wp:featuredmedia":[{"embeddable":true,"href":"https:\/\/steelstorm.standardof.net\/pt\/wp-json\/wp\/v2\/media\/54"}],"wp:attachment":[{"href":"https:\/\/steelstorm.standardof.net\/pt\/wp-json\/wp\/v2\/media?parent=107"}],"curies":[{"name":"wp","href":"https:\/\/api.w.org\/{rel}","templated":true}]}}