{"id":85,"date":"2020-10-16T17:40:26","date_gmt":"2020-10-16T17:40:26","guid":{"rendered":"https:\/\/steelstorm.standardof.net\/?page_id=85"},"modified":"2020-11-11T07:16:49","modified_gmt":"2020-11-11T07:16:49","slug":"hover-tanks","status":"publish","type":"page","link":"https:\/\/steelstorm.standardof.net\/fr\/guide\/unites-ennemies\/vol-stationnaire-2\/","title":{"rendered":"R\u00e9servoirs de vol stationnaire"},"content":{"rendered":"<p>Les chars flottants de Steel Storm: Burning Retribution sont les ennemis les plus nombreux auxquels vous ferez face. Actuellement, ils sont disponibles en trois vari\u00e9t\u00e9s distinctes, le char l\u00e9ger, le char moyen et le char Lightning. Tous sont tr\u00e8s maniables et seront vus pratiquement partout.<\/p>\n\n\n\n<div style=\"height:20px\" aria-hidden=\"true\" class=\"wp-block-spacer\"><\/div>\n\n\n\n<div class=\"gb-container gb-container-ae025cb2\"><div class=\"gb-inside-container\">\n<h2 class=\"wp-block-heading\">Char l\u00e9ger<\/h2>\n\n\n\n<div class=\"wp-block-image is-style-default\"><figure class=\"aligncenter size-large\"><a href=\"https:\/\/steelstorm.standardof.net\/fr\/guide\/unites-ennemies\/vol-stationnaire-2\/steel-storm-enemy-hover-tanks-light\/\"><img decoding=\"async\" width=\"822\" height=\"642\" src=\"https:\/\/steelstorm.standardof.net\/wp-content\/uploads\/sites\/3\/2020\/10\/Steel-Storm-Enemy-Hover-Tanks-Light-822x642.jpg\" alt=\"Char l\u00e9ger\" class=\"wp-image-24\" title=\"\" srcset=\"https:\/\/steelstorm.standardof.net\/wp-content\/uploads\/sites\/3\/2020\/10\/Steel-Storm-Enemy-Hover-Tanks-Light.jpg 822w, https:\/\/steelstorm.standardof.net\/wp-content\/uploads\/sites\/3\/2020\/10\/Steel-Storm-Enemy-Hover-Tanks-Light-300x234.jpg 300w\" sizes=\"(max-width: 822px) 100vw, 822px\" \/><\/a><figcaption>Char l\u00e9ger<\/figcaption><\/figure><\/div>\n\n\n\n<p>le <strong>Chars l\u00e9gers<\/strong> se distinguent par leur couleur beige et leur canon mont\u00e9 sur une seule tourelle. Ces unit\u00e9s s&#039;approchent souvent \u00e0 moyenne port\u00e9e, tirant des coups simples de plasma l\u00e9ger sur vous tout en mitraillant ou en se d\u00e9pla\u00e7ant d&#039;un c\u00f4t\u00e9 \u00e0 l&#039;autre. Lorsqu&#039;elles tirent dessus, ces unit\u00e9s se retirent rapidement \u00e0 une plus longue port\u00e9e tout en vous tirant dessus.<\/p>\n\n\n\n<p>Ce sont les ennemis les plus faibles que vous affrontez mais aussi les plus nombreux. Au-del\u00e0 des premiers niveaux, vous pouvez vous attendre \u00e0 les voir en grands groupes et aux embuscades tout le temps. Un tir de minigun ou un balayage avec le canon \u00e0 faisceau est votre meilleur pari pour d\u00e9truire ces unit\u00e9s \u00e0 longue port\u00e9e, gr\u00e2ce \u00e0 ces m\u00e9canismes de frappe instantan\u00e9e d&#039;armes, tandis que les Rocket Pods sont le choix efficace lorsque des groupes d&#039;entre eux sont \u00e0 courte distance.<\/p>\n<\/div><\/div>\n\n\n\n<div style=\"height:20px\" aria-hidden=\"true\" class=\"wp-block-spacer\"><\/div>\n\n\n\n<div class=\"gb-container gb-container-9524adab\"><div class=\"gb-inside-container\">\n<h2 class=\"wp-block-heading\">Char moyen<\/h2>\n\n\n\n<div class=\"wp-block-image is-style-default\"><figure class=\"aligncenter size-large\"><a href=\"https:\/\/steelstorm.standardof.net\/fr\/guide\/unites-ennemies\/vol-stationnaire-2\/steel-storm-enemy-hover-tanks-medium\/\"><img decoding=\"async\" width=\"869\" height=\"680\" src=\"https:\/\/steelstorm.standardof.net\/wp-content\/uploads\/sites\/3\/2020\/10\/Steel-Storm-Enemy-Hover-Tanks-Medium-869x680.jpg\" alt=\"Char moyen\" class=\"wp-image-26\" title=\"\" srcset=\"https:\/\/steelstorm.standardof.net\/wp-content\/uploads\/sites\/3\/2020\/10\/Steel-Storm-Enemy-Hover-Tanks-Medium.jpg 869w, https:\/\/steelstorm.standardof.net\/wp-content\/uploads\/sites\/3\/2020\/10\/Steel-Storm-Enemy-Hover-Tanks-Medium-300x235.jpg 300w\" sizes=\"(max-width: 869px) 100vw, 869px\" \/><\/a><figcaption>Char moyen<\/figcaption><\/figure><\/div>\n\n\n\n<p><strong>Chars moyens<\/strong> sont une version plus lourdement arm\u00e9e et blind\u00e9e du char l\u00e9ger, tirant des rafales de boulons \u00e0 plasma l\u00e9ger \u00e0 la fois tout en se d\u00e9pla\u00e7ant \u00e0 une vitesse plus lente que la vari\u00e9t\u00e9 l\u00e9g\u00e8re. <\/p>\n\n\n\n<p>Ceux-ci apparaissent de plus en plus au fur et \u00e0 mesure que vous progressez dans le jeu et seront souvent trouv\u00e9s en plus grand nombre dans des zones plus importantes. Ces unit\u00e9s tenteront d&#039;esquiver votre feu apr\u00e8s s&#039;\u00eatre approch\u00e9es \u00e0 moyenne port\u00e9e, mais elles seront beaucoup moins habiles \u00e0 le faire.<\/p>\n<\/div><\/div>\n\n\n\n<div style=\"height:20px\" aria-hidden=\"true\" class=\"wp-block-spacer\"><\/div>\n\n\n\n<div class=\"gb-container gb-container-9a287803\"><div class=\"gb-inside-container\">\n<h2 class=\"wp-block-heading\">R\u00e9servoir de foudre<\/h2>\n\n\n\n<div class=\"wp-block-image is-style-default\"><figure class=\"aligncenter size-large\"><a href=\"https:\/\/steelstorm.standardof.net\/fr\/guide\/unites-ennemies\/vol-stationnaire-2\/steel-storm-enemy-hover-tanks-lightning\/\"><img decoding=\"async\" width=\"825\" height=\"629\" src=\"https:\/\/steelstorm.standardof.net\/wp-content\/uploads\/sites\/3\/2020\/10\/Steel-Storm-Enemy-Hover-Tanks-Lightning-825x629.jpg\" alt=\"R\u00e9servoir de foudre\" class=\"wp-image-25\" title=\"\" srcset=\"https:\/\/steelstorm.standardof.net\/wp-content\/uploads\/sites\/3\/2020\/10\/Steel-Storm-Enemy-Hover-Tanks-Lightning.jpg 825w, https:\/\/steelstorm.standardof.net\/wp-content\/uploads\/sites\/3\/2020\/10\/Steel-Storm-Enemy-Hover-Tanks-Lightning-300x229.jpg 300w\" sizes=\"(max-width: 825px) 100vw, 825px\" \/><\/a><figcaption>R\u00e9servoir de foudre<\/figcaption><\/figure><\/div>\n\n\n\n<p><strong>Chars de foudre<\/strong> sont probablement les plus dangereux de tous les petits chars. Ces unit\u00e9s poss\u00e8dent une arme similaire \u00e0 la <strong>Coup de tonnerre <\/strong>qui est extr\u00eamement courte et ne vous fait que peu de d\u00e9g\u00e2ts, a cependant le puissant effet secondaire de d\u00e9sactiver vos armes \u00e0 \u00e9nergie secondaire, sp\u00e9ciale et primaire, vous laissant uniquement avec vos Miniguns ou Flak Cannon avec lesquels vous d\u00e9fendre jusqu&#039;\u00e0 l&#039;effet dispara\u00eet.<\/p>\n\n\n\n<p>Le Lightning Tank est connu pour se charger directement vers vous, m\u00eame face \u00e0 des tirs de canons lourds afin de vous zapper avec son verrou. Les groupes de ces unit\u00e9s sont tr\u00e8s dangereux et peuvent continuellement garder vos autres armes d\u00e9sactiv\u00e9es, vous obligeant \u00e0 battre en retraite ou \u00e0 \u00eatre submerg\u00e9. Essayez de les d\u00e9passer et de d\u00e9clencher votre Shockwave s&#039;ils se rapprochent trop, bien que le Shockwave soit \u00e0 peu pr\u00e8s de la m\u00eame port\u00e9e que leur zap, ce qui rend le timing d\u00e9licat.<\/p>\n<\/div><\/div>","protected":false},"excerpt":{"rendered":"<p>The hover tanks in Steel Storm: Burning Retribution are the most numerous enemies you will face. Currently they come in three separate varieties, the Light Tank, Medium Tank and the Lightning Tank. All of them are highly maneuverable and will be seen practically everywhere. Light Tank The Light Tanks are distinguished by their tan color [&hellip;]<\/p>","protected":false},"author":1,"featured_media":54,"parent":32,"menu_order":0,"comment_status":"open","ping_status":"closed","template":"","meta":{"_uag_custom_page_level_css":"","site-sidebar-layout":"default","site-content-layout":"default","ast-site-content-layout":"","site-content-style":"default","site-sidebar-style":"default","ast-global-header-display":"","ast-banner-title-visibility":"","ast-main-header-display":"","ast-hfb-above-header-display":"","ast-hfb-below-header-display":"","ast-hfb-mobile-header-display":"","site-post-title":"","ast-breadcrumbs-content":"","ast-featured-img":"","footer-sml-layout":"","theme-transparent-header-meta":"default","adv-header-id-meta":"","stick-header-meta":"","header-above-stick-meta":"","header-main-stick-meta":"","header-below-stick-meta":"","astra-migrate-meta-layouts":"default","ast-page-background-enabled":"default","ast-page-background-meta":{"desktop":{"background-color":"","background-image":"","background-repeat":"repeat","background-position":"center center","background-size":"auto","background-attachment":"scroll","background-type":"","background-media":"","overlay-type":"","overlay-color":"","overlay-gradient":""},"tablet":{"background-color":"","background-image":"","background-repeat":"repeat","background-position":"center center","background-size":"auto","background-attachment":"scroll","background-type":"","background-media":"","overlay-type":"","overlay-color":"","overlay-gradient":""},"mobile":{"background-color":"","background-image":"","background-repeat":"repeat","background-position":"center center","background-size":"auto","background-attachment":"scroll","background-type":"","background-media":"","overlay-type":"","overlay-color":"","overlay-gradient":""}},"ast-content-background-meta":{"desktop":{"background-color":"var(--ast-global-color-5)","background-image":"","background-repeat":"repeat","background-position":"center center","background-size":"auto","background-attachment":"scroll","background-type":"","background-media":"","overlay-type":"","overlay-color":"","overlay-gradient":""},"tablet":{"background-color":"var(--ast-global-color-5)","background-image":"","background-repeat":"repeat","background-position":"center center","background-size":"auto","background-attachment":"scroll","background-type":"","background-media":"","overlay-type":"","overlay-color":"","overlay-gradient":""},"mobile":{"background-color":"var(--ast-global-color-5)","background-image":"","background-repeat":"repeat","background-position":"center center","background-size":"auto","background-attachment":"scroll","background-type":"","background-media":"","overlay-type":"","overlay-color":"","overlay-gradient":""}},"footnotes":""},"uagb_featured_image_src":{"full":["https:\/\/steelstorm.standardof.net\/wp-content\/uploads\/sites\/3\/2020\/10\/MnEdR-1.jpg",1200,750,false],"thumbnail":["https:\/\/steelstorm.standardof.net\/wp-content\/uploads\/sites\/3\/2020\/10\/MnEdR-1-150x150.jpg",150,150,true],"medium":["https:\/\/steelstorm.standardof.net\/wp-content\/uploads\/sites\/3\/2020\/10\/MnEdR-1-300x188.jpg",300,188,true],"medium_large":["https:\/\/steelstorm.standardof.net\/wp-content\/uploads\/sites\/3\/2020\/10\/MnEdR-1-768x480.jpg",768,480,true],"large":["https:\/\/steelstorm.standardof.net\/wp-content\/uploads\/sites\/3\/2020\/10\/MnEdR-1-1024x640.jpg",1024,640,true],"1536x1536":["https:\/\/steelstorm.standardof.net\/wp-content\/uploads\/sites\/3\/2020\/10\/MnEdR-1.jpg",1200,750,false],"2048x2048":["https:\/\/steelstorm.standardof.net\/wp-content\/uploads\/sites\/3\/2020\/10\/MnEdR-1.jpg",1200,750,false],"trp-custom-language-flag":["https:\/\/steelstorm.standardof.net\/wp-content\/uploads\/sites\/3\/2020\/10\/MnEdR-1.jpg",18,12,false]},"uagb_author_info":{"display_name":"SOE","author_link":"https:\/\/steelstorm.standardof.net\/fr\/author\/k-tastic\/"},"uagb_comment_info":0,"uagb_excerpt":"The hover tanks in Steel Storm: Burning Retribution are the most numerous enemies you will face. Currently they come in three separate varieties, the Light Tank, Medium Tank and the Lightning Tank. All of them are highly maneuverable and will be seen practically everywhere. Light Tank The Light Tanks are distinguished by their tan color&hellip;","_links":{"self":[{"href":"https:\/\/steelstorm.standardof.net\/fr\/wp-json\/wp\/v2\/pages\/85"}],"collection":[{"href":"https:\/\/steelstorm.standardof.net\/fr\/wp-json\/wp\/v2\/pages"}],"about":[{"href":"https:\/\/steelstorm.standardof.net\/fr\/wp-json\/wp\/v2\/types\/page"}],"author":[{"embeddable":true,"href":"https:\/\/steelstorm.standardof.net\/fr\/wp-json\/wp\/v2\/users\/1"}],"replies":[{"embeddable":true,"href":"https:\/\/steelstorm.standardof.net\/fr\/wp-json\/wp\/v2\/comments?post=85"}],"version-history":[{"count":1,"href":"https:\/\/steelstorm.standardof.net\/fr\/wp-json\/wp\/v2\/pages\/85\/revisions"}],"predecessor-version":[{"id":406,"href":"https:\/\/steelstorm.standardof.net\/fr\/wp-json\/wp\/v2\/pages\/85\/revisions\/406"}],"up":[{"embeddable":true,"href":"https:\/\/steelstorm.standardof.net\/fr\/wp-json\/wp\/v2\/pages\/32"}],"wp:featuredmedia":[{"embeddable":true,"href":"https:\/\/steelstorm.standardof.net\/fr\/wp-json\/wp\/v2\/media\/54"}],"wp:attachment":[{"href":"https:\/\/steelstorm.standardof.net\/fr\/wp-json\/wp\/v2\/media?parent=85"}],"curies":[{"name":"wp","href":"https:\/\/api.w.org\/{rel}","templated":true}]}}