{"id":6,"date":"2020-10-15T16:21:48","date_gmt":"2020-10-15T16:21:48","guid":{"rendered":"http:\/\/steelstorm.standardof.net\/?page_id=6"},"modified":"2020-10-18T17:49:22","modified_gmt":"2020-10-18T17:49:22","slug":"guide","status":"publish","type":"page","link":"https:\/\/steelstorm.standardof.net\/fr\/","title":{"rendered":"Index du guide strat\u00e9gique \u00abSteel Storm: Burning Retribution\u00bb"},"content":{"rendered":"<p>Cette page sert d&#039;index pour la s\u00e9rie de guides couvrant les diff\u00e9rents aspects du jeu vid\u00e9o, Steel Storm. Vous trouverez ici des liens vers des proc\u00e9dures pas \u00e0 pas plus d\u00e9taill\u00e9es, ainsi que des sections suppl\u00e9mentaires et des liens vers des guides sp\u00e9cifiques ajout\u00e9s au fur et \u00e0 mesure de leur publication.<\/p>\n\n\n\n<hr class=\"wp-block-separator\"\/>\n\n\n\n<h2 class=\"has-text-align-center has-white-color has-text-color wp-block-heading\"><a href=\"https:\/\/www.standardof.net\/wp-content\/uploads\/2011\/09\/5288493.jpg\" target=\"_blank\" rel=\"noopener\"><\/a><a class=\"rank-math-link\" href=\"https:\/\/steelstorm.standardof.net\/fr\/guide\/procedures-de-niveau-2\/\">Proc\u00e9dure pas \u00e0 pas de niveau<\/a><\/h2>\n\n\n\n<p>Cette partie du guide Steel Storm couvrira les diff\u00e9rents niveaux du jeu, avec une proc\u00e9dure compl\u00e8te pour chacun. Vous y trouverez une pl\u00e9thore d&#039;informations telles que des cartes d&#039;itin\u00e9raire, des lectures vid\u00e9o et des captures d&#039;\u00e9cran suppl\u00e9mentaires et des informations sur des \u00e9l\u00e9ments ou des emplacements importants trouv\u00e9s dans chacun.<\/p>\n\n\n\n<figure class=\"wp-block-image size-large is-resized\"><a href=\"https:\/\/steelstorm.standardof.net\/fr\/guide\/procedures-de-niveau-2\/level-guides\/\"><img decoding=\"async\" src=\"https:\/\/steelstorm.standardof.net\/wp-content\/uploads\/sites\/3\/2020\/10\/Level-Guides.jpg\" alt=\"\" class=\"wp-image-174\" width=\"768\" height=\"432\" title=\"\" srcset=\"https:\/\/steelstorm.standardof.net\/wp-content\/uploads\/sites\/3\/2020\/10\/Level-Guides.jpg 1024w, https:\/\/steelstorm.standardof.net\/wp-content\/uploads\/sites\/3\/2020\/10\/Level-Guides-300x169.jpg 300w, https:\/\/steelstorm.standardof.net\/wp-content\/uploads\/sites\/3\/2020\/10\/Level-Guides-768x432.jpg 768w, https:\/\/steelstorm.standardof.net\/wp-content\/uploads\/sites\/3\/2020\/10\/Level-Guides-16x9.jpg 16w\" sizes=\"(max-width: 768px) 100vw, 768px\" \/><\/a><\/figure>\n\n\n\n<hr class=\"wp-block-separator\"\/>\n\n\n\n<h2 class=\"has-text-align-center has-white-color has-text-color wp-block-heading\"><a href=\"https:\/\/steelstorm.standardof.net\/fr\/guide\/unites-ennemies\/\" class=\"rank-math-link\">Ennemis<\/a><\/h2>\n\n\n\n<p>Cette partie du guide de strat\u00e9gie couvrira les diff\u00e9rentes unit\u00e9s hostiles que vous trouverez dispers\u00e9es \u00e0 travers les niveaux de ce jeu. Les hostiles de type boss ont \u00e9t\u00e9 exclus de cette partie, couverts \u00e0 la place dans les proc\u00e9dures pas \u00e0 pas de niveau o\u00f9 ils se pr\u00e9sentent afin d&#039;\u00e9viter les spoilers et compte tenu de leur raret\u00e9.<\/p>\n\n\n\n<p>Cette partie du guide est divis\u00e9e en trois sections, couvrant les r\u00e9servoirs de vol stationnaire qui sont les plus nombreux et se retrouvent souvent en groupe dans le jeu. Deuxi\u00e8mement, vous trouverez les mini-boss de chars lourds qui sont h\u00e9riss\u00e9s d&#039;armes pr\u00eates \u00e0 vous faire frire et enfin les tourelles qui sont des emplacements stationnaires qui d\u00e9fendent les emplacements ennemis tout en \u00e9tant tout aussi mortels.<\/p>\n\n\n\n<div class=\"wp-block-image\"><figure class=\"aligncenter size-large is-resized\"><img decoding=\"async\" src=\"https:\/\/steelstorm.standardof.net\/wp-content\/uploads\/sites\/3\/2020\/10\/Steel-Storm-Enemy-Units-Group-Shot-850x410.jpg\" alt=\"Unit\u00e9s ennemies\" class=\"wp-image-31\" width=\"638\" height=\"308\" title=\"\" srcset=\"https:\/\/steelstorm.standardof.net\/wp-content\/uploads\/sites\/3\/2020\/10\/Steel-Storm-Enemy-Units-Group-Shot.jpg 850w, https:\/\/steelstorm.standardof.net\/wp-content\/uploads\/sites\/3\/2020\/10\/Steel-Storm-Enemy-Units-Group-Shot-300x145.jpg 300w\" sizes=\"(max-width: 638px) 100vw, 638px\" \/><\/figure><\/div>\n\n\n\n<hr class=\"wp-block-separator\"\/>\n\n\n\n<h2 class=\"has-text-align-center has-white-color has-text-color wp-block-heading\"><a href=\"https:\/\/steelstorm.standardof.net\/fr\/guide\/armes\/\" class=\"rank-math-link\">Armes<\/a><\/h2>\n\n\n\n<p>Les armes sont disponibles dans de nombreuses vari\u00e9t\u00e9s class\u00e9es dans l&#039;un des 5 groupes distincts en fonction de la fa\u00e7on dont elles tirent et de l&#039;emplacement qu&#039;elles occupent sur votre tank. Il est toujours possible de transporter un de chaque type d&#039;arme \u00e0 la fois avec la possibilit\u00e9 d&#039;\u00e9changer les armes qui occupent le m\u00eame emplacement. Une fois qu&#039;une arme est ramass\u00e9e, vous devez quitter le niveau et en commencer une nouvelle afin de r\u00e9appara\u00eetre avec elle toujours \u00e9quip\u00e9e. Si vous mourez dans le m\u00eame niveau de jeu dans lequel vous avez ramass\u00e9 une arme, elle sera d\u00e9truite et irr\u00e9cup\u00e9rable \u00e0 moins que vous ne red\u00e9marriez la mission. Divis\u00e9e en plusieurs groupes, chaque section donne des informations sur les avantages de chacun ainsi que sur les armes qui conviennent le mieux dans quelle situation.<\/p>\n\n\n\n<div class=\"wp-block-image\"><figure class=\"aligncenter size-large is-resized\"><img decoding=\"async\" src=\"https:\/\/steelstorm.standardof.net\/wp-content\/uploads\/sites\/3\/2020\/10\/steel-storm-all-items.jpg\" alt=\"\" class=\"wp-image-320\" width=\"602\" height=\"386\" title=\"\" srcset=\"https:\/\/steelstorm.standardof.net\/wp-content\/uploads\/sites\/3\/2020\/10\/steel-storm-all-items.jpg 802w, https:\/\/steelstorm.standardof.net\/wp-content\/uploads\/sites\/3\/2020\/10\/steel-storm-all-items-300x193.jpg 300w, https:\/\/steelstorm.standardof.net\/wp-content\/uploads\/sites\/3\/2020\/10\/steel-storm-all-items-768x493.jpg 768w, https:\/\/steelstorm.standardof.net\/wp-content\/uploads\/sites\/3\/2020\/10\/steel-storm-all-items-16x10.jpg 16w\" sizes=\"(max-width: 602px) 100vw, 602px\" \/><\/figure><\/div>\n\n\n\n<hr class=\"wp-block-separator\"\/>\n\n\n\n<h2 class=\"has-text-align-center has-white-color has-text-color wp-block-heading\"><a href=\"https:\/\/steelstorm.standardof.net\/fr\/guide\/micros-utilitaires\/\" class=\"rank-math-link\">Micros utilitaires<\/a><\/h2>\n\n\n\n<p>Dans ce guide, vous trouverez des informations pr\u00e9sent\u00e9es sur les diff\u00e9rents avantages fournis par les \u00e9l\u00e9ments utilitaires trouv\u00e9s dans le monde du jeu de Steel Storm. Ces objets peuvent souvent \u00eatre trouv\u00e9s dans diverses caisses ou d\u00e9couverts en d\u00e9truisant certaines structures ou ennemis.<\/p>\n\n\n\n<hr class=\"wp-block-separator\"\/>\n\n\n\n<h3 class=\"has-text-align-center has-white-color has-text-color wp-block-heading\">Cr\u00e9dits et remerciements<\/h3>\n\n\n\n<p>Steel Storm: Burning Retribution \u00a9 2008-2026 Kot-in-Action Creative Artel; All rights reserved. Steel Storm and Kot-in-Action logo are trademarks of Kot-in-Action Creative Artel in the United States of America and elsewhere. All other trademarks are the property of their respective owners.<\/p>\n\n\n\n<p>Ce guide est cr\u00e9\u00e9 par <a href=\"http:\/\/standardof.net\/about\/\" target=\"_blank\" rel=\"noopener\">Norme de divertissement<\/a> pour servir de s\u00e9rie de proc\u00e9dures pas \u00e0 pas et d&#039;instructions \u00e0 utiliser avec le jeu<em> <a href=\"http:\/\/www.steel-storm.com\/\" target=\"_blank\" rel=\"noopener\">Temp\u00eate d&#039;acier: vengeance ardente<\/a><\/em>.<\/p>\n\n\n\n<hr class=\"wp-block-separator\"\/>\n\n\n\n<h3 class=\"has-text-align-center wp-block-heading\"><strong>O\u00f9 acheter Steel Storm Burning Retribution<\/strong><\/h3>\n\n\n\n<p class=\"has-text-align-center\">Les utilisateurs de PC peuvent acheter ce jeu \u00e0 partir des services de t\u00e9l\u00e9chargement num\u00e9rique r\u00e9pertori\u00e9s. <br>Malheureusement, la boutique du d\u00e9veloppeur n&#039;est plus fonctionnelle. <\/p>\n\n\n\n<div class=\"gb-grid-wrapper gb-grid-wrapper-5e4fa48a\">\n<div class=\"gb-grid-column gb-grid-column-518d7a6a\"><div class=\"gb-container gb-container-518d7a6a\"><div class=\"gb-inside-container\">\n<div class=\"wp-block-image\"><figure class=\"aligncenter size-large is-resized\"><a href=\"https:\/\/store.steampowered.com\/app\/96200\/Steel_Storm_Burning_Retribution\/\" target=\"_blank\" rel=\"noopener\"><img decoding=\"async\" src=\"https:\/\/steelstorm.standardof.net\/wp-content\/uploads\/sites\/3\/2020\/10\/Steam-Logo.png\" alt=\"Vapeur \" class=\"wp-image-299\" width=\"128\" height=\"128\" title=\"\" srcset=\"https:\/\/steelstorm.standardof.net\/wp-content\/uploads\/sites\/3\/2020\/10\/Steam-Logo.png 256w, https:\/\/steelstorm.standardof.net\/wp-content\/uploads\/sites\/3\/2020\/10\/Steam-Logo-150x150.png 150w, https:\/\/steelstorm.standardof.net\/wp-content\/uploads\/sites\/3\/2020\/10\/Steam-Logo-12x12.png 12w\" sizes=\"(max-width: 128px) 100vw, 128px\" \/><\/a><figcaption>Vapeur <\/figcaption><\/figure><\/div>\n\n\n\n<div class=\"wp-block-image\"><figure class=\"aligncenter size-large is-resized\"><img decoding=\"async\" src=\"https:\/\/steelstorm.standardof.net\/wp-content\/uploads\/sites\/3\/2020\/10\/Windows-Linux-OS-Icon.png\" alt=\"\" class=\"wp-image-300\" width=\"128\" height=\"64\" title=\"\" srcset=\"https:\/\/steelstorm.standardof.net\/wp-content\/uploads\/sites\/3\/2020\/10\/Windows-Linux-OS-Icon.png 256w, https:\/\/steelstorm.standardof.net\/wp-content\/uploads\/sites\/3\/2020\/10\/Windows-Linux-OS-Icon-16x8.png 16w\" sizes=\"(max-width: 128px) 100vw, 128px\" \/><\/figure><\/div>\n<\/div><\/div><\/div>\n\n\n\n<div class=\"gb-grid-column gb-grid-column-160cff19\"><div class=\"gb-container gb-container-160cff19\"><div class=\"gb-inside-container\">\n<div class=\"wp-block-image\"><figure class=\"aligncenter size-large is-resized\"><a href=\"https:\/\/bit.ly\/32fQctg\" target=\"_blank\" rel=\"noopener\"><img decoding=\"async\" src=\"https:\/\/steelstorm.standardof.net\/wp-content\/uploads\/sites\/3\/2020\/10\/gamersgate_icon.png\" alt=\"GamersGate\" class=\"wp-image-303\" width=\"128\" height=\"128\" title=\"\" srcset=\"https:\/\/steelstorm.standardof.net\/wp-content\/uploads\/sites\/3\/2020\/10\/gamersgate_icon.png 256w, https:\/\/steelstorm.standardof.net\/wp-content\/uploads\/sites\/3\/2020\/10\/gamersgate_icon-150x150.png 150w, https:\/\/steelstorm.standardof.net\/wp-content\/uploads\/sites\/3\/2020\/10\/gamersgate_icon-12x12.png 12w\" sizes=\"(max-width: 128px) 100vw, 128px\" \/><\/a><figcaption>GamersGate<\/figcaption><\/figure><\/div>\n\n\n\n<div class=\"wp-block-image\"><figure class=\"aligncenter size-large is-resized\"><img decoding=\"async\" src=\"https:\/\/steelstorm.standardof.net\/wp-content\/uploads\/sites\/3\/2020\/10\/Windows-OS-Icon.png\" alt=\"\" class=\"wp-image-301\" width=\"64\" height=\"64\" title=\"\" srcset=\"https:\/\/steelstorm.standardof.net\/wp-content\/uploads\/sites\/3\/2020\/10\/Windows-OS-Icon.png 128w, https:\/\/steelstorm.standardof.net\/wp-content\/uploads\/sites\/3\/2020\/10\/Windows-OS-Icon-12x12.png 12w\" sizes=\"(max-width: 64px) 100vw, 64px\" \/><\/figure><\/div>\n<\/div><\/div><\/div>\n\n\n\n<div class=\"gb-grid-column gb-grid-column-d73f9fab\"><div class=\"gb-container gb-container-d73f9fab\"><div class=\"gb-inside-container\">\n<div class=\"wp-block-image\"><figure class=\"aligncenter size-large is-resized\"><a href=\"https:\/\/www.macgamestore.com\/product\/1897\/Steel-Storm-Burning-Retribution\/\" target=\"_blank\" rel=\"noopener\"><img decoding=\"async\" src=\"https:\/\/steelstorm.standardof.net\/wp-content\/uploads\/sites\/3\/2020\/10\/mac-games-store.png\" alt=\"Magasin de jeux Mac\" class=\"wp-image-305\" width=\"128\" height=\"128\" title=\"\" srcset=\"https:\/\/steelstorm.standardof.net\/wp-content\/uploads\/sites\/3\/2020\/10\/mac-games-store.png 256w, https:\/\/steelstorm.standardof.net\/wp-content\/uploads\/sites\/3\/2020\/10\/mac-games-store-150x150.png 150w, https:\/\/steelstorm.standardof.net\/wp-content\/uploads\/sites\/3\/2020\/10\/mac-games-store-12x12.png 12w\" sizes=\"(max-width: 128px) 100vw, 128px\" \/><\/a><figcaption>Magasin de jeux Mac<\/figcaption><\/figure><\/div>\n\n\n\n<div class=\"wp-block-image\"><figure class=\"aligncenter size-large is-resized\"><img decoding=\"async\" src=\"https:\/\/steelstorm.standardof.net\/wp-content\/uploads\/sites\/3\/2020\/10\/Apple-OS-Icon.png\" alt=\"\" class=\"wp-image-302\" width=\"64\" height=\"64\" title=\"\" srcset=\"https:\/\/steelstorm.standardof.net\/wp-content\/uploads\/sites\/3\/2020\/10\/Apple-OS-Icon.png 128w, https:\/\/steelstorm.standardof.net\/wp-content\/uploads\/sites\/3\/2020\/10\/Apple-OS-Icon-12x12.png 12w\" sizes=\"(max-width: 64px) 100vw, 64px\" \/><\/figure><\/div>\n<\/div><\/div><\/div>\n<\/div>","protected":false},"excerpt":{"rendered":"<p>This page serves as an index for the series of guides covering the various aspects of the video game, Steel Storm. Here you will find links to more in depth walkthroughs along with additional sections and links to specific guides added as they are published. Level Walkthroughs This portion of the Steel Storm guide will [&hellip;]<\/p>","protected":false},"author":1,"featured_media":54,"parent":0,"menu_order":0,"comment_status":"open","ping_status":"closed","template":"","meta":{"_uag_custom_page_level_css":"","site-sidebar-layout":"default","site-content-layout":"default","ast-site-content-layout":"","site-content-style":"default","site-sidebar-style":"default","ast-global-header-display":"","ast-banner-title-visibility":"","ast-main-header-display":"","ast-hfb-above-header-display":"","ast-hfb-below-header-display":"","ast-hfb-mobile-header-display":"","site-post-title":"","ast-breadcrumbs-content":"","ast-featured-img":"","footer-sml-layout":"","theme-transparent-header-meta":"default","adv-header-id-meta":"","stick-header-meta":"","header-above-stick-meta":"","header-main-stick-meta":"","header-below-stick-meta":"","astra-migrate-meta-layouts":"default","ast-page-background-enabled":"default","ast-page-background-meta":{"desktop":{"background-color":"","background-image":"","background-repeat":"repeat","background-position":"center center","background-size":"auto","background-attachment":"scroll","background-type":"","background-media":"","overlay-type":"","overlay-color":"","overlay-gradient":""},"tablet":{"background-color":"","background-image":"","background-repeat":"repeat","background-position":"center center","background-size":"auto","background-attachment":"scroll","background-type":"","background-media":"","overlay-type":"","overlay-color":"","overlay-gradient":""},"mobile":{"background-color":"","background-image":"","background-repeat":"repeat","background-position":"center center","background-size":"auto","background-attachment":"scroll","background-type":"","background-media":"","overlay-type":"","overlay-color":"","overlay-gradient":""}},"ast-content-background-meta":{"desktop":{"background-color":"var(--ast-global-color-5)","background-image":"","background-repeat":"repeat","background-position":"center center","background-size":"auto","background-attachment":"scroll","background-type":"","background-media":"","overlay-type":"","overlay-color":"","overlay-gradient":""},"tablet":{"background-color":"var(--ast-global-color-5)","background-image":"","background-repeat":"repeat","background-position":"center center","background-size":"auto","background-attachment":"scroll","background-type":"","background-media":"","overlay-type":"","overlay-color":"","overlay-gradient":""},"mobile":{"background-color":"var(--ast-global-color-5)","background-image":"","background-repeat":"repeat","background-position":"center center","background-size":"auto","background-attachment":"scroll","background-type":"","background-media":"","overlay-type":"","overlay-color":"","overlay-gradient":""}},"footnotes":""},"uagb_featured_image_src":{"full":["https:\/\/steelstorm.standardof.net\/wp-content\/uploads\/sites\/3\/2020\/10\/MnEdR-1.jpg",1200,750,false],"thumbnail":["https:\/\/steelstorm.standardof.net\/wp-content\/uploads\/sites\/3\/2020\/10\/MnEdR-1-150x150.jpg",150,150,true],"medium":["https:\/\/steelstorm.standardof.net\/wp-content\/uploads\/sites\/3\/2020\/10\/MnEdR-1-300x188.jpg",300,188,true],"medium_large":["https:\/\/steelstorm.standardof.net\/wp-content\/uploads\/sites\/3\/2020\/10\/MnEdR-1-768x480.jpg",768,480,true],"large":["https:\/\/steelstorm.standardof.net\/wp-content\/uploads\/sites\/3\/2020\/10\/MnEdR-1-1024x640.jpg",1024,640,true],"1536x1536":["https:\/\/steelstorm.standardof.net\/wp-content\/uploads\/sites\/3\/2020\/10\/MnEdR-1.jpg",1200,750,false],"2048x2048":["https:\/\/steelstorm.standardof.net\/wp-content\/uploads\/sites\/3\/2020\/10\/MnEdR-1.jpg",1200,750,false],"trp-custom-language-flag":["https:\/\/steelstorm.standardof.net\/wp-content\/uploads\/sites\/3\/2020\/10\/MnEdR-1.jpg",18,12,false]},"uagb_author_info":{"display_name":"SOE","author_link":"https:\/\/steelstorm.standardof.net\/fr\/author\/k-tastic\/"},"uagb_comment_info":1,"uagb_excerpt":"This page serves as an index for the series of guides covering the various aspects of the video game, Steel Storm. Here you will find links to more in depth walkthroughs along with additional sections and links to specific guides added as they are published. Level Walkthroughs This portion of the Steel Storm guide will&hellip;","_links":{"self":[{"href":"https:\/\/steelstorm.standardof.net\/fr\/wp-json\/wp\/v2\/pages\/6"}],"collection":[{"href":"https:\/\/steelstorm.standardof.net\/fr\/wp-json\/wp\/v2\/pages"}],"about":[{"href":"https:\/\/steelstorm.standardof.net\/fr\/wp-json\/wp\/v2\/types\/page"}],"author":[{"embeddable":true,"href":"https:\/\/steelstorm.standardof.net\/fr\/wp-json\/wp\/v2\/users\/1"}],"replies":[{"embeddable":true,"href":"https:\/\/steelstorm.standardof.net\/fr\/wp-json\/wp\/v2\/comments?post=6"}],"version-history":[{"count":0,"href":"https:\/\/steelstorm.standardof.net\/fr\/wp-json\/wp\/v2\/pages\/6\/revisions"}],"wp:featuredmedia":[{"embeddable":true,"href":"https:\/\/steelstorm.standardof.net\/fr\/wp-json\/wp\/v2\/media\/54"}],"wp:attachment":[{"href":"https:\/\/steelstorm.standardof.net\/fr\/wp-json\/wp\/v2\/media?parent=6"}],"curies":[{"name":"wp","href":"https:\/\/api.w.org\/{rel}","templated":true}]}}