{"id":34,"date":"2020-10-15T16:58:25","date_gmt":"2020-10-15T16:58:25","guid":{"rendered":"https:\/\/steelstorm.standardof.net\/?page_id=34"},"modified":"2020-10-19T05:14:19","modified_gmt":"2020-10-19T05:14:19","slug":"heavy-tanks","status":"publish","type":"page","link":"https:\/\/steelstorm.standardof.net\/fr\/guide\/unites-ennemies\/chars-lourds\/","title":{"rendered":"Chars lourds"},"content":{"rendered":"<div class=\"gb-grid-wrapper gb-grid-wrapper-5ed3ed01\">\n<div class=\"gb-grid-column gb-grid-column-c5035d0f\"><div class=\"gb-container gb-container-c5035d0f\"><div class=\"gb-inside-container\">\n<p>Les chars lourds sont consid\u00e9r\u00e9s comme une sorte de mini boss dans <em>Temp\u00eate d&#039;acier: vengeance ardente<\/em>, posant de s\u00e9rieuses menaces partout o\u00f9 ils se reproduisent, mais g\u00ean\u00e9s par leur vitesse lente et leur faible mobilit\u00e9. Il est presque toujours essentiel d&#039;utiliser des obstacles pour vous d\u00e9fendre tout en engageant ces unit\u00e9s car elles sont \u00e9quip\u00e9es de plusieurs armes puissantes qui peuvent rapidement d\u00e9pouiller d&#039;\u00e9normes points de vie.<\/p>\n<\/div><\/div><\/div>\n<\/div>\n\n\n\n<div style=\"height:20px\" aria-hidden=\"true\" class=\"wp-block-spacer\"><\/div>\n\n\n\n<div class=\"gb-container gb-container-dbddee8c\"><div class=\"gb-inside-container\">\n<h2 class=\"wp-block-heading\">Char lourd \u00e0 protons<\/h2>\n\n\n\n<div class=\"wp-block-image is-style-default\"><figure class=\"aligncenter size-full\"><a href=\"https:\/\/steelstorm.standardof.net\/fr\/guide\/unites-ennemies\/chars-lourds\/steel-storm-enemy-heavy-tanks-proton\/\"><img decoding=\"async\" width=\"471\" height=\"446\" src=\"https:\/\/steelstorm.standardof.net\/wp-content\/uploads\/sites\/3\/2020\/10\/Steel-Storm-Enemy-Heavy-Tanks-Proton.jpg\" alt=\"Char lourd Proton\" class=\"wp-image-23\" title=\"\" srcset=\"https:\/\/steelstorm.standardof.net\/wp-content\/uploads\/sites\/3\/2020\/10\/Steel-Storm-Enemy-Heavy-Tanks-Proton.jpg 471w, https:\/\/steelstorm.standardof.net\/wp-content\/uploads\/sites\/3\/2020\/10\/Steel-Storm-Enemy-Heavy-Tanks-Proton-300x284.jpg 300w\" sizes=\"(max-width: 471px) 100vw, 471px\" \/><\/a><figcaption>Char lourd Proton<\/figcaption><\/figure><\/div>\n\n\n\n<p>Probablement le plus meurtrier des deux chars, les boulons violets lanc\u00e9s par le char lourd \u00e0 protons volent beaucoup plus vite que les boulons \u00e0 plasma l\u00e9ger tir\u00e9s par les petits fr\u00e8res chars et font beaucoup plus de d\u00e9g\u00e2ts. <\/p>\n\n\n\n<p>Avec un excellent objectif, ces unit\u00e9s peuvent vous guider assez facilement, alors assurez-vous de faire beaucoup de zigzag lorsque vous devez \u00eatre expos\u00e9 \u00e0 ses explosions.<\/p>\n<\/div><\/div>\n\n\n\n<div style=\"height:20px\" aria-hidden=\"true\" class=\"wp-block-spacer\"><\/div>\n\n\n\n<div class=\"gb-container gb-container-9c7c93b0\"><div class=\"gb-inside-container\">\n<h2 class=\"wp-block-heading\">Char lourd Minigun<\/h2>\n\n\n\n<div class=\"wp-block-image is-style-default\"><figure class=\"aligncenter size-full\"><a href=\"https:\/\/steelstorm.standardof.net\/fr\/guide\/unites-ennemies\/chars-lourds\/steel-storm-enemy-heavy-tanks-minigun\/\"><img decoding=\"async\" width=\"429\" height=\"446\" src=\"https:\/\/steelstorm.standardof.net\/wp-content\/uploads\/sites\/3\/2020\/10\/Steel-Storm-Enemy-Heavy-Tanks-Minigun.jpg\" alt=\"Char lourd Minigun\" class=\"wp-image-22\" title=\"\" srcset=\"https:\/\/steelstorm.standardof.net\/wp-content\/uploads\/sites\/3\/2020\/10\/Steel-Storm-Enemy-Heavy-Tanks-Minigun.jpg 429w, https:\/\/steelstorm.standardof.net\/wp-content\/uploads\/sites\/3\/2020\/10\/Steel-Storm-Enemy-Heavy-Tanks-Minigun-289x300.jpg 289w\" sizes=\"(max-width: 429px) 100vw, 429px\" \/><\/a><figcaption>Char lourd Minigun<\/figcaption><\/figure><\/div>\n\n\n\n<p>Le Heavy Minigun Tank a en fait deux types d&#039;armes diff\u00e9rents \u00e0 sa disposition, le premier \u00e9tant ses Miniguns \u00e0 frappe instantan\u00e9e, tr\u00e8s similaires \u00e0 ceux que vous poss\u00e9dez, soutenus par des boulons \u00e0 plasma l\u00e9ger. <\/p>\n\n\n\n<p>Bien qu&#039;il soit beaucoup plus difficile d&#039;esquiver les tirs tir\u00e9s par ce char, le char lourd minigun fait beaucoup moins de d\u00e9g\u00e2ts avec ses frappes que le char lourd \u00e0 protons. <\/p>\n\n\n\n<p>Essayez de vous assurer d&#039;avoir quelques points de vie suppl\u00e9mentaires \u00e0 perdre avant de vous engager dans l&#039;un d&#039;entre eux, car essayer d&#039;esquiver avec une sant\u00e9 faible peut \u00eatre une douleur majeure.<\/p>\n<\/div><\/div>\n\n\n\n<p><\/p>","protected":false},"excerpt":{"rendered":"<p>Heavy Proton Tank Probably the more deadly of the two tanks, the purple bolts hurled out by the Heavy Proton Tank fly much faster than the Light Plasma bolts fired by the smaller tank brethren and do far more damage. With an excellent aim, these units can get a lead on you quite easily so [&hellip;]<\/p>","protected":false},"author":1,"featured_media":54,"parent":32,"menu_order":0,"comment_status":"open","ping_status":"closed","template":"","meta":{"_uag_custom_page_level_css":"","site-sidebar-layout":"default","site-content-layout":"default","ast-site-content-layout":"","site-content-style":"default","site-sidebar-style":"default","ast-global-header-display":"","ast-banner-title-visibility":"","ast-main-header-display":"","ast-hfb-above-header-display":"","ast-hfb-below-header-display":"","ast-hfb-mobile-header-display":"","site-post-title":"","ast-breadcrumbs-content":"","ast-featured-img":"","footer-sml-layout":"","theme-transparent-header-meta":"default","adv-header-id-meta":"","stick-header-meta":"","header-above-stick-meta":"","header-main-stick-meta":"","header-below-stick-meta":"","astra-migrate-meta-layouts":"default","ast-page-background-enabled":"default","ast-page-background-meta":{"desktop":{"background-color":"","background-image":"","background-repeat":"repeat","background-position":"center center","background-size":"auto","background-attachment":"scroll","background-type":"","background-media":"","overlay-type":"","overlay-color":"","overlay-gradient":""},"tablet":{"background-color":"","background-image":"","background-repeat":"repeat","background-position":"center center","background-size":"auto","background-attachment":"scroll","background-type":"","background-media":"","overlay-type":"","overlay-color":"","overlay-gradient":""},"mobile":{"background-color":"","background-image":"","background-repeat":"repeat","background-position":"center center","background-size":"auto","background-attachment":"scroll","background-type":"","background-media":"","overlay-type":"","overlay-color":"","overlay-gradient":""}},"ast-content-background-meta":{"desktop":{"background-color":"var(--ast-global-color-5)","background-image":"","background-repeat":"repeat","background-position":"center center","background-size":"auto","background-attachment":"scroll","background-type":"","background-media":"","overlay-type":"","overlay-color":"","overlay-gradient":""},"tablet":{"background-color":"var(--ast-global-color-5)","background-image":"","background-repeat":"repeat","background-position":"center center","background-size":"auto","background-attachment":"scroll","background-type":"","background-media":"","overlay-type":"","overlay-color":"","overlay-gradient":""},"mobile":{"background-color":"var(--ast-global-color-5)","background-image":"","background-repeat":"repeat","background-position":"center center","background-size":"auto","background-attachment":"scroll","background-type":"","background-media":"","overlay-type":"","overlay-color":"","overlay-gradient":""}},"footnotes":""},"uagb_featured_image_src":{"full":["https:\/\/steelstorm.standardof.net\/wp-content\/uploads\/sites\/3\/2020\/10\/MnEdR-1.jpg",1200,750,false],"thumbnail":["https:\/\/steelstorm.standardof.net\/wp-content\/uploads\/sites\/3\/2020\/10\/MnEdR-1-150x150.jpg",150,150,true],"medium":["https:\/\/steelstorm.standardof.net\/wp-content\/uploads\/sites\/3\/2020\/10\/MnEdR-1-300x188.jpg",300,188,true],"medium_large":["https:\/\/steelstorm.standardof.net\/wp-content\/uploads\/sites\/3\/2020\/10\/MnEdR-1-768x480.jpg",768,480,true],"large":["https:\/\/steelstorm.standardof.net\/wp-content\/uploads\/sites\/3\/2020\/10\/MnEdR-1-1024x640.jpg",1024,640,true],"1536x1536":["https:\/\/steelstorm.standardof.net\/wp-content\/uploads\/sites\/3\/2020\/10\/MnEdR-1.jpg",1200,750,false],"2048x2048":["https:\/\/steelstorm.standardof.net\/wp-content\/uploads\/sites\/3\/2020\/10\/MnEdR-1.jpg",1200,750,false],"trp-custom-language-flag":["https:\/\/steelstorm.standardof.net\/wp-content\/uploads\/sites\/3\/2020\/10\/MnEdR-1.jpg",18,12,false]},"uagb_author_info":{"display_name":"SOE","author_link":"https:\/\/steelstorm.standardof.net\/fr\/author\/k-tastic\/"},"uagb_comment_info":0,"uagb_excerpt":"Heavy Proton Tank Probably the more deadly of the two tanks, the purple bolts hurled out by the Heavy Proton Tank fly much faster than the Light Plasma bolts fired by the smaller tank brethren and do far more damage. With an excellent aim, these units can get a lead on you quite easily so&hellip;","_links":{"self":[{"href":"https:\/\/steelstorm.standardof.net\/fr\/wp-json\/wp\/v2\/pages\/34"}],"collection":[{"href":"https:\/\/steelstorm.standardof.net\/fr\/wp-json\/wp\/v2\/pages"}],"about":[{"href":"https:\/\/steelstorm.standardof.net\/fr\/wp-json\/wp\/v2\/types\/page"}],"author":[{"embeddable":true,"href":"https:\/\/steelstorm.standardof.net\/fr\/wp-json\/wp\/v2\/users\/1"}],"replies":[{"embeddable":true,"href":"https:\/\/steelstorm.standardof.net\/fr\/wp-json\/wp\/v2\/comments?post=34"}],"version-history":[{"count":0,"href":"https:\/\/steelstorm.standardof.net\/fr\/wp-json\/wp\/v2\/pages\/34\/revisions"}],"up":[{"embeddable":true,"href":"https:\/\/steelstorm.standardof.net\/fr\/wp-json\/wp\/v2\/pages\/32"}],"wp:featuredmedia":[{"embeddable":true,"href":"https:\/\/steelstorm.standardof.net\/fr\/wp-json\/wp\/v2\/media\/54"}],"wp:attachment":[{"href":"https:\/\/steelstorm.standardof.net\/fr\/wp-json\/wp\/v2\/media?parent=34"}],"curies":[{"name":"wp","href":"https:\/\/api.w.org\/{rel}","templated":true}]}}