{"id":32,"date":"2020-10-15T16:48:38","date_gmt":"2020-10-15T16:48:38","guid":{"rendered":"https:\/\/steelstorm.standardof.net\/?page_id=32"},"modified":"2020-10-19T05:14:15","modified_gmt":"2020-10-19T05:14:15","slug":"enemy-units","status":"publish","type":"page","link":"https:\/\/steelstorm.standardof.net\/fr\/guide\/unites-ennemies\/","title":{"rendered":"Unit\u00e9s ennemies"},"content":{"rendered":"<div class=\"wp-block-image\"><figure class=\"aligncenter size-large\"><a href=\"https:\/\/steelstorm.standardof.net\/fr\/guide\/unites-ennemies\/steel-storm-enemy-units-group-shot\/\"><img decoding=\"async\" width=\"850\" height=\"410\" src=\"https:\/\/steelstorm.standardof.net\/wp-content\/uploads\/sites\/3\/2020\/10\/Steel-Storm-Enemy-Units-Group-Shot-850x410.jpg\" alt=\"Unit\u00e9s ennemies\" class=\"wp-image-31\" title=\"\" srcset=\"https:\/\/steelstorm.standardof.net\/wp-content\/uploads\/sites\/3\/2020\/10\/Steel-Storm-Enemy-Units-Group-Shot.jpg 850w, https:\/\/steelstorm.standardof.net\/wp-content\/uploads\/sites\/3\/2020\/10\/Steel-Storm-Enemy-Units-Group-Shot-300x145.jpg 300w\" sizes=\"(max-width: 850px) 100vw, 850px\" \/><\/a><\/figure><\/div>\n\n\n\n<p>Ce guide couvre toutes les diff\u00e9rentes unit\u00e9s ennemies auxquelles vous vous retrouverez face dans les diff\u00e9rents niveaux de Steel Storm.<\/p>\n\n\n\n<p>Les boss ne sont pas inclus ici pour limiter les spoilers. Vous les trouverez couverts dans leurs guides de niveaux respectifs.<\/p>\n\n\n\n<h2 class=\"wp-block-heading\"><a href=\"https:\/\/steelstorm.standardof.net\/fr\/guide\/unites-ennemies\/vol-stationnaire-2\/\" class=\"rank-math-link\">R\u00e9servoirs de vol stationnaire<\/a><\/h2>\n\n\n\n<p><strong>R\u00e9servoirs de vol stationnaire<\/strong> sont les ennemis mobiles les plus nombreux que vous affrontez dans le jeu, disponibles en trois vari\u00e9t\u00e9s. Celles-ci appara\u00eetront souvent ou se retrouveront en groupes, posant peu de menace \u00e0 elles seules mais devenant dangereuses en grand nombre.<\/p>\n\n\n\n<h2 class=\"wp-block-heading\"><a href=\"https:\/\/steelstorm.standardof.net\/fr\/guide\/unites-ennemies\/chars-lourds\/\" class=\"rank-math-link\">Chars lourds<\/a><\/h2>\n\n\n\n<p><strong>Chars lourds<\/strong> sont des types de grands ennemis mobiles qui voyagent souvent tr\u00e8s lentement mais sont arm\u00e9s de plusieurs armes qui peuvent facilement d\u00e9truire votre tank. Une extr\u00eame prudence est d\u00e9conseill\u00e9e \u00e0 ces unit\u00e9s, mieux combattues avec l&#039;avantage du terrain \u00e0 proximit\u00e9.<\/p>\n\n\n\n<h2 class=\"wp-block-heading\"><a href=\"https:\/\/steelstorm.standardof.net\/fr\/guide\/unites-ennemies\/tourelles\/\" class=\"rank-math-link\">Tourelles<\/a><\/h2>\n\n\n\n<p><strong>Tourelles <\/strong>sont des d\u00e9fenseurs stationnaires qui, bien qu&#039;incapables de se d\u00e9placer, constituent toujours une menace s\u00e9rieuse \u00e9tant donn\u00e9 leur armement. Vous constaterez souvent que deux de ces unit\u00e9s ennemies seront t\u00e9l\u00e9port\u00e9es avec des chars a\u00e9riens suppl\u00e9mentaires lors d&#039;une embuscade.<\/p>","protected":false},"excerpt":{"rendered":"<p>This guide covers all the various enemy units you will find yourself facing in the various levels of Steel Storm. Bosses are not included here to limit spoilers. You will find them covered in their respective level guides. Hover Tanks Hover Tanks are the more numerous, mobile enemies you face in the game, coming in [&hellip;]<\/p>","protected":false},"author":1,"featured_media":0,"parent":6,"menu_order":0,"comment_status":"open","ping_status":"closed","template":"","meta":{"_uag_custom_page_level_css":"","site-sidebar-layout":"default","site-content-layout":"default","ast-site-content-layout":"","site-content-style":"default","site-sidebar-style":"default","ast-global-header-display":"","ast-banner-title-visibility":"","ast-main-header-display":"","ast-hfb-above-header-display":"","ast-hfb-below-header-display":"","ast-hfb-mobile-header-display":"","site-post-title":"","ast-breadcrumbs-content":"","ast-featured-img":"","footer-sml-layout":"","theme-transparent-header-meta":"default","adv-header-id-meta":"","stick-header-meta":"","header-above-stick-meta":"","header-main-stick-meta":"","header-below-stick-meta":"","astra-migrate-meta-layouts":"default","ast-page-background-enabled":"default","ast-page-background-meta":{"desktop":{"background-color":"","background-image":"","background-repeat":"repeat","background-position":"center center","background-size":"auto","background-attachment":"scroll","background-type":"","background-media":"","overlay-type":"","overlay-color":"","overlay-gradient":""},"tablet":{"background-color":"","background-image":"","background-repeat":"repeat","background-position":"center center","background-size":"auto","background-attachment":"scroll","background-type":"","background-media":"","overlay-type":"","overlay-color":"","overlay-gradient":""},"mobile":{"background-color":"","background-image":"","background-repeat":"repeat","background-position":"center center","background-size":"auto","background-attachment":"scroll","background-type":"","background-media":"","overlay-type":"","overlay-color":"","overlay-gradient":""}},"ast-content-background-meta":{"desktop":{"background-color":"var(--ast-global-color-5)","background-image":"","background-repeat":"repeat","background-position":"center center","background-size":"auto","background-attachment":"scroll","background-type":"","background-media":"","overlay-type":"","overlay-color":"","overlay-gradient":""},"tablet":{"background-color":"var(--ast-global-color-5)","background-image":"","background-repeat":"repeat","background-position":"center center","background-size":"auto","background-attachment":"scroll","background-type":"","background-media":"","overlay-type":"","overlay-color":"","overlay-gradient":""},"mobile":{"background-color":"var(--ast-global-color-5)","background-image":"","background-repeat":"repeat","background-position":"center center","background-size":"auto","background-attachment":"scroll","background-type":"","background-media":"","overlay-type":"","overlay-color":"","overlay-gradient":""}},"footnotes":""},"uagb_featured_image_src":{"full":false,"thumbnail":false,"medium":false,"medium_large":false,"large":false,"1536x1536":false,"2048x2048":false,"trp-custom-language-flag":false},"uagb_author_info":{"display_name":"SOE","author_link":"https:\/\/steelstorm.standardof.net\/fr\/author\/k-tastic\/"},"uagb_comment_info":0,"uagb_excerpt":"This guide covers all the various enemy units you will find yourself facing in the various levels of Steel Storm. Bosses are not included here to limit spoilers. You will find them covered in their respective level guides. Hover Tanks Hover Tanks are the more numerous, mobile enemies you face in the game, coming in&hellip;","_links":{"self":[{"href":"https:\/\/steelstorm.standardof.net\/fr\/wp-json\/wp\/v2\/pages\/32"}],"collection":[{"href":"https:\/\/steelstorm.standardof.net\/fr\/wp-json\/wp\/v2\/pages"}],"about":[{"href":"https:\/\/steelstorm.standardof.net\/fr\/wp-json\/wp\/v2\/types\/page"}],"author":[{"embeddable":true,"href":"https:\/\/steelstorm.standardof.net\/fr\/wp-json\/wp\/v2\/users\/1"}],"replies":[{"embeddable":true,"href":"https:\/\/steelstorm.standardof.net\/fr\/wp-json\/wp\/v2\/comments?post=32"}],"version-history":[{"count":0,"href":"https:\/\/steelstorm.standardof.net\/fr\/wp-json\/wp\/v2\/pages\/32\/revisions"}],"up":[{"embeddable":true,"href":"https:\/\/steelstorm.standardof.net\/fr\/wp-json\/wp\/v2\/pages\/6"}],"wp:attachment":[{"href":"https:\/\/steelstorm.standardof.net\/fr\/wp-json\/wp\/v2\/media?parent=32"}],"curies":[{"name":"wp","href":"https:\/\/api.w.org\/{rel}","templated":true}]}}