{"id":296,"date":"2020-10-17T14:50:20","date_gmt":"2020-10-17T14:50:20","guid":{"rendered":"https:\/\/steelstorm.standardof.net\/?page_id=296"},"modified":"2020-10-17T14:50:20","modified_gmt":"2020-10-17T14:50:20","slug":"burning-retribution-the-network","status":"publish","type":"page","link":"https:\/\/steelstorm.standardof.net\/fr\/guide\/procedures-de-niveau-2\/gravure-retribution-le-reseau\/","title":{"rendered":"Burning Retribution: le r\u00e9seau"},"content":{"rendered":"<p>Dans la mission Frostlock - The Network, apr\u00e8s avoir infiltr\u00e9 le r\u00e9seau de grottes profondes, vous entrez maintenant dans la zone de stockage mainframe de l&#039;ennemi \u00e0 laquelle vous devrez collecter un jeu de 4 cl\u00e9s afin d&#039;acc\u00e9der pleinement \u00e0 d\u00e9sactiver le syst\u00e8me de refroidissement afin de le d\u00e9truire. Pendant que vous \u00eates dans ce complexe, vous \u00eates \u00e9galement charg\u00e9 de ramasser une arme exp\u00e9rimentale.<\/p>\n\n\n\n<div style=\"height:20px\" aria-hidden=\"true\" class=\"wp-block-spacer\"><\/div>\n\n\n\n<div class=\"gb-container gb-container-ae025cb2\"><div class=\"gb-inside-container\">\n<h2 class=\"has-text-align-center wp-block-heading\">Carte et objectifs<\/h2>\n\n\n\n<div class=\"wp-block-image is-style-default\"><figure class=\"aligncenter size-full is-resized\"><a href=\"https:\/\/steelstorm.standardof.net\/fr\/steel-storm-burning-retribution-the-network\/\"><img decoding=\"async\" src=\"https:\/\/steelstorm.standardof.net\/wp-content\/uploads\/sites\/3\/2020\/10\/Steel-Storm-Burning-Retribution-The-Network.jpg\" alt=\"\" class=\"wp-image-278\" width=\"654\" height=\"505\" title=\"\" srcset=\"https:\/\/steelstorm.standardof.net\/wp-content\/uploads\/sites\/3\/2020\/10\/Steel-Storm-Burning-Retribution-The-Network.jpg 872w, https:\/\/steelstorm.standardof.net\/wp-content\/uploads\/sites\/3\/2020\/10\/Steel-Storm-Burning-Retribution-The-Network-300x232.jpg 300w, https:\/\/steelstorm.standardof.net\/wp-content\/uploads\/sites\/3\/2020\/10\/Steel-Storm-Burning-Retribution-The-Network-768x593.jpg 768w, https:\/\/steelstorm.standardof.net\/wp-content\/uploads\/sites\/3\/2020\/10\/Steel-Storm-Burning-Retribution-The-Network-16x12.jpg 16w\" sizes=\"(max-width: 654px) 100vw, 654px\" \/><\/a><\/figure><\/div>\n\n\n\n<h3 class=\"has-text-align-center wp-block-heading\">- Objectifs principaux -<\/h3>\n\n\n\n<p class=\"has-text-align-center\">D\u00e9sactivez le syst\u00e8me de refroidissement de l&#039;ordinateur central.<\/p>\n\n\n\n<h4 class=\"has-text-align-center wp-block-heading\">- Objectifs secondaires -<\/h4>\n\n\n\n<p class=\"has-text-align-center\">\u00c9chappez-vous avec l&#039;arme non identifi\u00e9e.<\/p>\n<\/div><\/div>\n\n\n\n<div style=\"height:20px\" aria-hidden=\"true\" class=\"wp-block-spacer\"><\/div>\n\n\n\n<div class=\"gb-container gb-container-686af150\"><div class=\"gb-inside-container\">\n<h2 class=\"has-text-align-center wp-block-heading\">Progression de niveau et astuces:<\/h2>\n\n\n\n<p>La premi\u00e8re note importante \u00e0 mentionner est qu&#039;il existe d&#039;autres itin\u00e9raires potentiels avec lesquels cette mission peut \u00eatre accomplie, soit tout aussi efficacement, soit plus, mais l&#039;itin\u00e9raire d\u00e9crit ici a \u00e9t\u00e9 celui que j&#039;ai trouv\u00e9 g\u00e9rable compte tenu des angles sous lesquels vous approchez certains ennemis. De plus, bien que ce niveau soit simple et relativement simple, il est compliqu\u00e9 par des espaces restreints qui rendent les choses beaucoup plus mortelles.<\/p>\n\n\n\n<p>Vous commencez \u00e0 c\u00f4t\u00e9 du pad de sortie au point <strong>UNE <\/strong>et devrait commencer \u00e0 se diriger vers le point B le long du chemin rouge apr\u00e8s avoir ramass\u00e9 le bouclier \u00e0 proximit\u00e9. Ne prenez pas l&#039;autre direction \u00e0 travers les couloirs car cela peut vous tuer maintenant. Atteindre le point <strong>B<\/strong>vous fera rencontrer une tourelle \u00e0 faisceau lourd et une paire de tourelles \u00e0 plasma l\u00e9ger gardant la premi\u00e8re carte-cl\u00e9 rouge. Retirez-les, en utilisant les obstacles en b\u00e9ton pour approcher la tourelle \u00e0 faisceau contre le c\u00f4t\u00e9 droit du couloir. Une fois ceux-ci abattus, pr\u00e9parez-vous \u00e0 une embuscade avec un char lorsque vous traversez l&#039;intersection devant vous.<\/p>\n\n\n\n<p>Commencez \u00e0 vous diriger vers le point <strong>C<\/strong> tout en prenant note de deux dangers particuliers. Avant d&#039;atteindre C, lorsque vous rencontrez la pi\u00e8ce avec quatre piliers rouges et du liquide de refroidissement circulant librement sous le sol, il y aura une tourelle \u00e0 faisceau lourd \u00e0 droite lorsque vous entrez, ce qui peut \u00eatre une surprise si vous ne faites que foncer. Utilisez un plan inclin\u00e9 du coin de l&#039;entr\u00e9e pour le sortir sans vous exposer \u00e0 son feu. Votre deuxi\u00e8me menace importante est pass\u00e9e cette pi\u00e8ce, juste avant de frapper le virage dans le couloir au point <strong>C<\/strong>qui engendrera une tourelle de r\u00e9paration par certains ennemis probablement d\u00e9j\u00e0 d\u00e9truits. Retirez-le rapidement pour \u00e9viter les maux de t\u00eate.<\/p>\n\n\n\n<p>Bien que techniquement, vous pouvez d\u00e9sactiver les ventilateurs avec un pad de d\u00e9clenchement au point <strong>E<\/strong>, tant que vous avez une bonne sant\u00e9, vous pouvez arr\u00eater les pales des ventilateurs des deux c\u00f4t\u00e9s de la carte-cl\u00e9 au point <strong>r\u00e9<\/strong>en ne prenant que de l\u00e9gers dommages. Prendre le chemin alternatif pour atteindre cette plate-forme en premier peut \u00eatre plus dangereux, mais \u00e9tant donn\u00e9 l&#039;angle que vous devrez approcher de certaines des tourelles le long de votre chemin. Une fois que cette deuxi\u00e8me carte est \u00e0 vous, faites attention aux deux tourelles \u00e0 plasma l\u00e9ger directement de l&#039;autre c\u00f4t\u00e9 du deuxi\u00e8me ventilateur, en utilisant votre Shockwave juste en laissant la poche d&#039;espace entre les deux ventilateurs pour les emp\u00eacher de tirer sur votre char.<\/p>\n\n\n\n<p>Lorsque vous tournez dans le coin suivant, soyez prudent car il y a deux escouades d&#039;embuscade qui surgissent avec une tourelle \u00e0 faisceau lourd qui vous tire dessus de l&#039;autre c\u00f4t\u00e9 du couloir. La premi\u00e8re \u00e9quipe contenant 2 chars l\u00e9gers et un char Lightning appara\u00eet en se d\u00e9pla\u00e7ant juste apr\u00e8s les lumi\u00e8res blanches de chaque c\u00f4t\u00e9 du couloir. La vague #2 est constitu\u00e9e de 3 chars moyens qui apparaissent lorsque vous touchez la case sur laquelle se trouvait la tourelle \u00e0 faisceau lourd. Les deux devraient \u00eatre trait\u00e9s avec un retour rapide et un d\u00e9clenchement de l&#039;onde de choc au moment o\u00f9 vous les voyez appara\u00eetre. Traiter avec ces derniers vous permet de vous rendre au point <strong>E<\/strong>o\u00f9 vous trouverez une tourelle de fus\u00e9e soutenue par une tourelle de r\u00e9paration. Essayez de pr\u00e9dire l&#039;emplacement des tourelles de r\u00e9paration \u00e0 partir de son faisceau et frappez-le depuis le couloir, hors de l&#039;\u00e9cran, avant d&#039;entrer compl\u00e8tement dans la pi\u00e8ce pour vous sauver quelques points de vie.<\/p>\n\n\n\n<p>Votre prochain obstacle apr\u00e8s avoir r\u00e9cup\u00e9r\u00e9 la troisi\u00e8me carte sera de prendre un groupe de tourelles support\u00e9es par une tourelle de r\u00e9paration, ce qui est la principale raison pour laquelle j&#039;ai mentionn\u00e9 l&#039;approche de la direction trac\u00e9e sur la carte vers la droite. La premi\u00e8re tourelle \u00e0 cet endroit, point <strong>F<\/strong>, que vous verrez est la tourelle de fus\u00e9e au centre de ce groupe, sur laquelle la tourelle de r\u00e9paration sur laquelle vous devez vous concentrer est \u00e0 sa droite face aux deux. Courez rapidement jusqu&#039;\u00e0 la tourelle de fus\u00e9e et d\u00e9clenchez votre Shockwave juste avant que ses roquettes ne vous frappent pour qu&#039;elles reviennent \u00e0 l&#039;int\u00e9rieur, en utilisant (j&#039;esp\u00e8re que vous l&#039;avez) votre canon \u00e0 faisceau pour \u00e9liminer la tourelle de r\u00e9paration, ou simplement en l&#039;arrosant avec les roquettes que vous avez. peut-\u00eatre, \u00e9tourdissez-le avec le Thunderbolt, etc. Prenez la derni\u00e8re carte-cl\u00e9 une fois que vous avez effac\u00e9 les tourelles restantes qui ne reviendront pas maintenant.<\/p>\n\n\n\n<p>Maintenant, avec les quatre cartes-cl\u00e9s, il est temps de r\u00e9cup\u00e9rer l&#039;arme exp\u00e9rimentale qui est les missiles Homing du point G.Vous devrez faire face \u00e0 un autre trio de tourelles (2 faisceaux et 1 fus\u00e9e) qui sera soutenue par une tourelle de r\u00e9paration sur la tourelle de fus\u00e9e. destruction. Sortez la tourelle de fus\u00e9e de loin avec une arme ordinaire, puis lors de l&#039;apparition de la tourelle de r\u00e9paration et de la reprise ult\u00e9rieure de la tourelle de fus\u00e9e, utilisez la m\u00e9thode de tiret et d&#039;onde de choc que vous avez pr\u00e9c\u00e9demment utilis\u00e9e sur le groupe au point <strong>F<\/strong>. Il y a une derni\u00e8re tourelle \u00e0 faisceau pr\u00e8s du missile Homing que vous devez collecter et qui peut \u00eatre d\u00e9truite et approch\u00e9e suffisamment pr\u00e8s pour \u00e9tourdir sans qu&#039;elle ne tire sur vous si vous faites attention aux conteneurs bloquant la fa\u00e7on dont vous sortez. Vous devriez vraiment l&#039;avoir d\u00e9j\u00e0, le Shockwave est \u00e9galement \u00e0 c\u00f4t\u00e9 du Homing Missile, mais s\u00e9rieusement, bonne chance pour le faire aussi loin sans l&#039;avoir r\u00e9cup\u00e9r\u00e9 des missions pr\u00e9c\u00e9dentes.<\/p>\n\n\n\n<p><strong>Remarque:<\/strong>Si vous vous trouvez souvent en train de mourir et que vous pr\u00e9f\u00e9rez jouer la s\u00e9curit\u00e9, laissez le Homing Missile ici jusqu&#039;\u00e0 ce que vous ayez termin\u00e9 l&#039;objectif principal pour \u00e9viter de le perdre dans la mort et de devoir red\u00e9marrer le niveau ou \u00e9chouer votre objectif secondaire.<\/p>\n\n\n\n<p>Une fois que vous avez le Homing Missile, vous pouvez voyager le long du chemin bleu vers votre objectif final au point H.Une fois que vous atteignez le niveau sup\u00e9rieur, vous devrez faire face \u00e0 des tourelles \u00e0 faisceau et \u00e0 fus\u00e9e que vous devez nettoyer avant de pirater les panneaux ici. Attention \u00e0 une embuscade car lorsque vous d\u00e9truisez deux des quatre tourelles \u00e0 faisceau (en particulier une de la paire sup\u00e9rieure et une de la paire inf\u00e9rieure), il y aura un seul char lourd minigun qui appara\u00eetra \u00e0 c\u00f4t\u00e9 de la paire sud de tourelles et \u00e0 proximit\u00e9 du un panneau \u00e9loign\u00e9 des trois autres. Une fois ces hostiles trait\u00e9s, vous \u00eates libre d&#039;utiliser les quatre cartes-cl\u00e9s sur les quatre panneaux ici, ce qui compl\u00e9tera votre objectif principal et vous permettra de quitter le r\u00e9seau dans Steel Storm via le pad de sortie au point <strong>UNE<\/strong>.<\/p>\n<\/div><\/div>\n\n\n\n<div style=\"height:20px\" aria-hidden=\"true\" class=\"wp-block-spacer\"><\/div>\n\n\n\n<h3 class=\"has-text-align-center wp-block-heading\">Frostlock - Proc\u00e9dure pas \u00e0 pas vid\u00e9o en r\u00e9seau<\/h3>\n\n\n\n<figure class=\"wp-block-embed-youtube wp-block-embed is-type-video is-provider-youtube wp-embed-aspect-4-3 wp-has-aspect-ratio\"><div class=\"wp-block-embed__wrapper\">\n<div class=\"ast-oembed-container\" style=\"height: 100%;\"><iframe title=\"Ch2-L4 Frostlock - The Network: Steel Storm - \u00c9pisode 2\" width=\"500\" height=\"375\" src=\"https:\/\/www.youtube.com\/embed\/qfi24ZrjSH0?feature=oembed\" frameborder=\"0\" allow=\"accelerometer; autoplay; clipboard-write; encrypted-media; gyroscope; picture-in-picture; web-share\" referrerpolicy=\"strict-origin-when-cross-origin\" allowfullscreen><\/iframe><\/div>\n<\/div><\/figure>","protected":false},"excerpt":{"rendered":"<p>In the mission Frostlock \u2013 The Network, having infiltrated the deep cave network, you now enter the enemy\u2019s mainframe storage area which you will have to collect a set of 4 keys in order to fully access to disable the cooling system in order to destroy it. While you are within this complex you are [&hellip;]<\/p>","protected":false},"author":1,"featured_media":54,"parent":173,"menu_order":0,"comment_status":"open","ping_status":"closed","template":"","meta":{"_uag_custom_page_level_css":"","site-sidebar-layout":"default","site-content-layout":"default","ast-site-content-layout":"","site-content-style":"default","site-sidebar-style":"default","ast-global-header-display":"","ast-banner-title-visibility":"","ast-main-header-display":"","ast-hfb-above-header-display":"","ast-hfb-below-header-display":"","ast-hfb-mobile-header-display":"","site-post-title":"","ast-breadcrumbs-content":"","ast-featured-img":"","footer-sml-layout":"","theme-transparent-header-meta":"default","adv-header-id-meta":"","stick-header-meta":"","header-above-stick-meta":"","header-main-stick-meta":"","header-below-stick-meta":"","astra-migrate-meta-layouts":"default","ast-page-background-enabled":"default","ast-page-background-meta":{"desktop":{"background-color":"","background-image":"","background-repeat":"repeat","background-position":"center center","background-size":"auto","background-attachment":"scroll","background-type":"","background-media":"","overlay-type":"","overlay-color":"","overlay-gradient":""},"tablet":{"background-color":"","background-image":"","background-repeat":"repeat","background-position":"center center","background-size":"auto","background-attachment":"scroll","background-type":"","background-media":"","overlay-type":"","overlay-color":"","overlay-gradient":""},"mobile":{"background-color":"","background-image":"","background-repeat":"repeat","background-position":"center center","background-size":"auto","background-attachment":"scroll","background-type":"","background-media":"","overlay-type":"","overlay-color":"","overlay-gradient":""}},"ast-content-background-meta":{"desktop":{"background-color":"var(--ast-global-color-5)","background-image":"","background-repeat":"repeat","background-position":"center center","background-size":"auto","background-attachment":"scroll","background-type":"","background-media":"","overlay-type":"","overlay-color":"","overlay-gradient":""},"tablet":{"background-color":"var(--ast-global-color-5)","background-image":"","background-repeat":"repeat","background-position":"center center","background-size":"auto","background-attachment":"scroll","background-type":"","background-media":"","overlay-type":"","overlay-color":"","overlay-gradient":""},"mobile":{"background-color":"var(--ast-global-color-5)","background-image":"","background-repeat":"repeat","background-position":"center center","background-size":"auto","background-attachment":"scroll","background-type":"","background-media":"","overlay-type":"","overlay-color":"","overlay-gradient":""}},"footnotes":""},"uagb_featured_image_src":{"full":["https:\/\/steelstorm.standardof.net\/wp-content\/uploads\/sites\/3\/2020\/10\/MnEdR-1.jpg",1200,750,false],"thumbnail":["https:\/\/steelstorm.standardof.net\/wp-content\/uploads\/sites\/3\/2020\/10\/MnEdR-1-150x150.jpg",150,150,true],"medium":["https:\/\/steelstorm.standardof.net\/wp-content\/uploads\/sites\/3\/2020\/10\/MnEdR-1-300x188.jpg",300,188,true],"medium_large":["https:\/\/steelstorm.standardof.net\/wp-content\/uploads\/sites\/3\/2020\/10\/MnEdR-1-768x480.jpg",768,480,true],"large":["https:\/\/steelstorm.standardof.net\/wp-content\/uploads\/sites\/3\/2020\/10\/MnEdR-1-1024x640.jpg",1024,640,true],"1536x1536":["https:\/\/steelstorm.standardof.net\/wp-content\/uploads\/sites\/3\/2020\/10\/MnEdR-1.jpg",1200,750,false],"2048x2048":["https:\/\/steelstorm.standardof.net\/wp-content\/uploads\/sites\/3\/2020\/10\/MnEdR-1.jpg",1200,750,false],"trp-custom-language-flag":["https:\/\/steelstorm.standardof.net\/wp-content\/uploads\/sites\/3\/2020\/10\/MnEdR-1.jpg",18,12,false]},"uagb_author_info":{"display_name":"SOE","author_link":"https:\/\/steelstorm.standardof.net\/fr\/author\/k-tastic\/"},"uagb_comment_info":0,"uagb_excerpt":"In the mission Frostlock \u2013 The Network, having infiltrated the deep cave network, you now enter the enemy\u2019s mainframe storage area which you will have to collect a set of 4 keys in order to fully access to disable the cooling system in order to destroy it. While you are within this complex you are&hellip;","_links":{"self":[{"href":"https:\/\/steelstorm.standardof.net\/fr\/wp-json\/wp\/v2\/pages\/296"}],"collection":[{"href":"https:\/\/steelstorm.standardof.net\/fr\/wp-json\/wp\/v2\/pages"}],"about":[{"href":"https:\/\/steelstorm.standardof.net\/fr\/wp-json\/wp\/v2\/types\/page"}],"author":[{"embeddable":true,"href":"https:\/\/steelstorm.standardof.net\/fr\/wp-json\/wp\/v2\/users\/1"}],"replies":[{"embeddable":true,"href":"https:\/\/steelstorm.standardof.net\/fr\/wp-json\/wp\/v2\/comments?post=296"}],"version-history":[{"count":0,"href":"https:\/\/steelstorm.standardof.net\/fr\/wp-json\/wp\/v2\/pages\/296\/revisions"}],"up":[{"embeddable":true,"href":"https:\/\/steelstorm.standardof.net\/fr\/wp-json\/wp\/v2\/pages\/173"}],"wp:featuredmedia":[{"embeddable":true,"href":"https:\/\/steelstorm.standardof.net\/fr\/wp-json\/wp\/v2\/media\/54"}],"wp:attachment":[{"href":"https:\/\/steelstorm.standardof.net\/fr\/wp-json\/wp\/v2\/media?parent=296"}],"curies":[{"name":"wp","href":"https:\/\/api.w.org\/{rel}","templated":true}]}}