{"id":295,"date":"2020-10-17T14:52:28","date_gmt":"2020-10-17T14:52:28","guid":{"rendered":"https:\/\/steelstorm.standardof.net\/?page_id=295"},"modified":"2022-10-31T08:17:37","modified_gmt":"2022-10-31T08:17:37","slug":"burning-retribution-plaza-of-doom","status":"publish","type":"page","link":"https:\/\/steelstorm.standardof.net\/fr\/guide\/procedures-de-niveau-2\/place-de-chatiment-brulant\/","title":{"rendered":"R\u00e9tribution br\u00fblante: Place du destin"},"content":{"rendered":"<p>Apr\u00e8s avoir quitt\u00e9 le niveau pr\u00e9c\u00e9dent, vous \u00eates transport\u00e9 dans un hangar extraterrestre inconnu dans un endroit \u00e9trange. Intel sugg\u00e8re que l&#039;ennemi a d\u00e9ploy\u00e9 un gros v\u00e9hicule connu sous le nom de Carrier. Pr\u00e9parez-vous pour votre premier combat de boss dans Steel Storm Burning Retribution.<\/p>\n\n\n\n<div style=\"height:20px\" aria-hidden=\"true\" class=\"wp-block-spacer\"><\/div>\n\n\n<div class=\"gb-container gb-container-ae025cb2\"><div class=\"gb-inside-container\">\n\n<h2 class=\"has-text-align-center wp-block-heading\">Carte et objectifs<\/h2>\n\n\n\n<div class=\"wp-block-image is-style-default\"><figure class=\"aligncenter size-full is-resized\"><a href=\"https:\/\/steelstorm.standardof.net\/fr\/steel-storm-burning-retribution-plaza-of-doom-1\/\"><img decoding=\"async\" src=\"https:\/\/steelstorm.standardof.net\/wp-content\/uploads\/sites\/3\/2020\/10\/Steel-Storm-Burning-Retribution-Plaza-of-Doom-1.jpg\" alt=\"\" class=\"wp-image-272\" width=\"649\" height=\"503\" title=\"\" srcset=\"https:\/\/steelstorm.standardof.net\/wp-content\/uploads\/sites\/3\/2020\/10\/Steel-Storm-Burning-Retribution-Plaza-of-Doom-1.jpg 865w, https:\/\/steelstorm.standardof.net\/wp-content\/uploads\/sites\/3\/2020\/10\/Steel-Storm-Burning-Retribution-Plaza-of-Doom-1-300x232.jpg 300w, https:\/\/steelstorm.standardof.net\/wp-content\/uploads\/sites\/3\/2020\/10\/Steel-Storm-Burning-Retribution-Plaza-of-Doom-1-768x595.jpg 768w, https:\/\/steelstorm.standardof.net\/wp-content\/uploads\/sites\/3\/2020\/10\/Steel-Storm-Burning-Retribution-Plaza-of-Doom-1-16x12.jpg 16w\" sizes=\"(max-width: 649px) 100vw, 649px\" \/><\/a><\/figure><\/div>\n\n\n\n<h3 class=\"has-text-align-center wp-block-heading\">- Objectifs principaux -<\/h3>\n\n\n\n<p class=\"has-text-align-center\">R\u00e9cup\u00e9rer les donn\u00e9es du mainframe<br>D\u00e9truire le transporteur<\/p>\n\n<\/div><\/div>\n\n\n<div style=\"height:20px\" aria-hidden=\"true\" class=\"wp-block-spacer\"><\/div>\n\n\n<div class=\"gb-container gb-container-686af150\"><div class=\"gb-inside-container\">\n\n<h2 class=\"has-text-align-center wp-block-heading\">Progression de niveau et astuces:<\/h2>\n\n\n\n<p>Cette mission tourne \u00e0 peu pr\u00e8s compl\u00e8tement autour de votre combat avec le transporteur avec peu d&#039;autres t\u00e2ches r\u00e9elles \u00e0 accomplir, bien que ce combat ne soit pas une blague. Tout d&#039;abord, cela aide \u00e9norm\u00e9ment \u00e0 d\u00e9marrer ce niveau avec le Beam Cannon et le Homing Missile de The Network, car ses capacit\u00e9s uniques seront presque n\u00e9cessaires ici. Ayez une id\u00e9e du niveau en sachant que le transporteur restera principalement dans la zone centrale, bien que les unit\u00e9s plus petites lanc\u00e9es par le transporteur avec les apparitions de chars compliquent les choses.<\/p>\n\n\n\n<p>Au d\u00e9part, il n&#039;y a pas d&#039;ennemis sur la carte et votre premi\u00e8re t\u00e2che sera de vous rendre au point A pour tenter d&#039;acc\u00e9der au panneau de contr\u00f4le. D\u00e8s que vous vous en approchez, un champ de force s&#039;activera et le transporteur appara\u00eetra au centre, commen\u00e7ant son attaque.<\/p>\n\n\n\n<p>Le transporteur lui-m\u00eame n&#039;est pas exactement arm\u00e9, mais repose plut\u00f4t sur un flot constant d&#039;unit\u00e9s en vol stationnaire qui se lancent par l&#039;arri\u00e8re. Ces unit\u00e9s en vol stationnaire ne peuvent \u00eatre touch\u00e9es que par votre Shockwave ou, plus important encore, par vos missiles Homing qui peuvent se courber dans les airs et les abattre. Ces unit\u00e9s tireront leurs propres missiles sur vous qui ont des capacit\u00e9s de guidage l\u00e9ger mais peuvent \u00eatre facilement esquiv\u00e9es ou repouss\u00e9es avec une onde de choc. Au-del\u00e0 de ses unit\u00e9s lanc\u00e9es, le transporteur a une onde de choc qui se d\u00e9clenche de temps en temps, repoussant certains de vos tirs, ainsi qu&#039;un faisceau de tourelle de r\u00e9paration attach\u00e9 \u00e0 son nez, lui permettant de ressusciter continuellement d&#039;autres ennemis tomb\u00e9s au combat. Lorsque vous tirez directement sur le porte-avions, passez des missiles \u00e0 t\u00eate chercheuse au canon \u00e0 faisceau pour des d\u00e9g\u00e2ts importants qui ne peuvent pas \u00eatre repouss\u00e9s.<\/p>\n\n\n\n<p>Pendant le combat, alors que vous commencez \u00e0 causer de s\u00e9rieux dommages au transporteur, plusieurs groupes de chars ennemis commenceront \u00e0 appara\u00eetre continuellement sur la place autour de la position de d\u00e9part des transporteurs. Lorsque ceux-ci sortent, vous pouvez les \u00e9loigner du transporteur dans les diff\u00e9rents couloirs pour g\u00e9rer le nombre de cibles que vous devez traiter en m\u00eame temps.<\/p>\n\n\n\n<p>Certains des diff\u00e9rents points sur la carte en haut sont marqu\u00e9s afin de d\u00e9crire les ramassages qu&#039;ils contiennent et qui seront r\u00e9pertori\u00e9s comme suit: (certains peuvent \u00eatre dans des conteneurs)<\/p>\n\n\n\n<ul><li>Point 1: Vie suppl\u00e9mentaire et 2 plaques d&#039;armure<\/li><li>Point 2: Bouclier et 2 plaques d&#039;armure<\/li><li>Point 3: 1 armure compl\u00e8te<\/li><li>Point 4: 2 boucliers<\/li><li>Point C: 10 plaques de blindage, Thunderbolt et Storm Shield<\/li><li>Point A: 4 plaques d&#039;armure dans le couloir.<\/li><li>Point E: 4 boucliers, 4 armures compl\u00e8tes, 1 plaque d&#039;armure, propagation de la temp\u00eate, canon anti-d\u00e9flagrant, canon \u00e0 faisceau, missile \u00e0 t\u00eate chercheuse (ces objets apparaissent en deux groupes en fonction de la gravit\u00e9 des dommages du transporteur.)<\/li><li>Point de r\u00e9apparition: 4 boucliers, 3 plaques d&#039;armure, un module de fus\u00e9e, un MIRV, une armure compl\u00e8te (encore une fois, certains de ces objets n&#039;apparaissent qu&#039;apr\u00e8s que le transporteur a subi des d\u00e9g\u00e2ts importants)<\/li><\/ul>\n\n\n\n<p>Revenez \u00e0 ces points car vous avez besoin des micros qu&#039;ils vous offrent et continuez \u00e0 vous battre avec le transporteur en suivant les strat\u00e9gies mentionn\u00e9es ci-dessus. Une fois que vous avez abattu la b\u00eate, vous pouvez effacer les spawns restants qui cesseront de venir \u00e0 ce stade avant de terminer les choses ici. Avec la c\u00f4te d\u00e9gag\u00e9e, vous pouvez maintenant acc\u00e9der au panneau de contr\u00f4le au point A pour avoir tous vos objectifs principaux satisfaits avant de pouvoir quitter la mission via le pad de sortie au point C. Avec cela, vous avez termin\u00e9 le deuxi\u00e8me chapitre de l&#039;\u00e9pisode 2 en R\u00e9tribution br\u00fblante de temp\u00eate d&#039;acier.<\/p>\n\n\n\n<figure class=\"wp-block-gallery has-nested-images columns-default is-cropped wp-block-gallery-1 is-layout-flex wp-block-gallery-is-layout-flex\">\n<figure class=\"wp-block-image size-large\"><a href=\"https:\/\/steelstorm.standardof.net\/wp-content\/uploads\/sites\/3\/2020\/10\/Steel-Storm-Burning-Retribution-Plaza-of-Doom-2.jpg\"><img decoding=\"async\" width=\"960\" height=\"720\" src=\"https:\/\/steelstorm.standardof.net\/wp-content\/uploads\/sites\/3\/2020\/10\/Steel-Storm-Burning-Retribution-Plaza-of-Doom-2.jpg\" alt=\"\" class=\"wp-image-273\" title=\"\" srcset=\"https:\/\/steelstorm.standardof.net\/wp-content\/uploads\/sites\/3\/2020\/10\/Steel-Storm-Burning-Retribution-Plaza-of-Doom-2.jpg 960w, https:\/\/steelstorm.standardof.net\/wp-content\/uploads\/sites\/3\/2020\/10\/Steel-Storm-Burning-Retribution-Plaza-of-Doom-2-300x225.jpg 300w, https:\/\/steelstorm.standardof.net\/wp-content\/uploads\/sites\/3\/2020\/10\/Steel-Storm-Burning-Retribution-Plaza-of-Doom-2-768x576.jpg 768w, https:\/\/steelstorm.standardof.net\/wp-content\/uploads\/sites\/3\/2020\/10\/Steel-Storm-Burning-Retribution-Plaza-of-Doom-2-16x12.jpg 16w\" sizes=\"(max-width: 960px) 100vw, 960px\" \/><\/a><\/figure>\n\n\n\n<figure class=\"wp-block-image size-large\"><a href=\"https:\/\/steelstorm.standardof.net\/wp-content\/uploads\/sites\/3\/2020\/10\/Steel-Storm-Burning-Retribution-Plaza-of-Doom-6.jpg\"><img decoding=\"async\" width=\"960\" height=\"720\" src=\"https:\/\/steelstorm.standardof.net\/wp-content\/uploads\/sites\/3\/2020\/10\/Steel-Storm-Burning-Retribution-Plaza-of-Doom-6.jpg\" alt=\"\" class=\"wp-image-277\" title=\"\" srcset=\"https:\/\/steelstorm.standardof.net\/wp-content\/uploads\/sites\/3\/2020\/10\/Steel-Storm-Burning-Retribution-Plaza-of-Doom-6.jpg 960w, https:\/\/steelstorm.standardof.net\/wp-content\/uploads\/sites\/3\/2020\/10\/Steel-Storm-Burning-Retribution-Plaza-of-Doom-6-300x225.jpg 300w, https:\/\/steelstorm.standardof.net\/wp-content\/uploads\/sites\/3\/2020\/10\/Steel-Storm-Burning-Retribution-Plaza-of-Doom-6-768x576.jpg 768w, https:\/\/steelstorm.standardof.net\/wp-content\/uploads\/sites\/3\/2020\/10\/Steel-Storm-Burning-Retribution-Plaza-of-Doom-6-16x12.jpg 16w\" sizes=\"(max-width: 960px) 100vw, 960px\" \/><\/a><\/figure>\n\n\n\n<figure class=\"wp-block-image size-large\"><a href=\"https:\/\/steelstorm.standardof.net\/wp-content\/uploads\/sites\/3\/2020\/10\/Steel-Storm-Burning-Retribution-Plaza-of-Doom-5.jpg\"><img decoding=\"async\" width=\"960\" height=\"720\" src=\"https:\/\/steelstorm.standardof.net\/wp-content\/uploads\/sites\/3\/2020\/10\/Steel-Storm-Burning-Retribution-Plaza-of-Doom-5.jpg\" alt=\"\" class=\"wp-image-276\" title=\"\" srcset=\"https:\/\/steelstorm.standardof.net\/wp-content\/uploads\/sites\/3\/2020\/10\/Steel-Storm-Burning-Retribution-Plaza-of-Doom-5.jpg 960w, https:\/\/steelstorm.standardof.net\/wp-content\/uploads\/sites\/3\/2020\/10\/Steel-Storm-Burning-Retribution-Plaza-of-Doom-5-300x225.jpg 300w, https:\/\/steelstorm.standardof.net\/wp-content\/uploads\/sites\/3\/2020\/10\/Steel-Storm-Burning-Retribution-Plaza-of-Doom-5-768x576.jpg 768w, https:\/\/steelstorm.standardof.net\/wp-content\/uploads\/sites\/3\/2020\/10\/Steel-Storm-Burning-Retribution-Plaza-of-Doom-5-16x12.jpg 16w\" sizes=\"(max-width: 960px) 100vw, 960px\" \/><\/a><\/figure>\n\n\n\n<figure class=\"wp-block-image size-large\"><a href=\"https:\/\/steelstorm.standardof.net\/wp-content\/uploads\/sites\/3\/2020\/10\/Steel-Storm-Burning-Retribution-Plaza-of-Doom-3.jpg\"><img decoding=\"async\" width=\"960\" height=\"720\" src=\"https:\/\/steelstorm.standardof.net\/wp-content\/uploads\/sites\/3\/2020\/10\/Steel-Storm-Burning-Retribution-Plaza-of-Doom-3.jpg\" alt=\"\" class=\"wp-image-274\" title=\"\" srcset=\"https:\/\/steelstorm.standardof.net\/wp-content\/uploads\/sites\/3\/2020\/10\/Steel-Storm-Burning-Retribution-Plaza-of-Doom-3.jpg 960w, https:\/\/steelstorm.standardof.net\/wp-content\/uploads\/sites\/3\/2020\/10\/Steel-Storm-Burning-Retribution-Plaza-of-Doom-3-300x225.jpg 300w, https:\/\/steelstorm.standardof.net\/wp-content\/uploads\/sites\/3\/2020\/10\/Steel-Storm-Burning-Retribution-Plaza-of-Doom-3-768x576.jpg 768w, https:\/\/steelstorm.standardof.net\/wp-content\/uploads\/sites\/3\/2020\/10\/Steel-Storm-Burning-Retribution-Plaza-of-Doom-3-16x12.jpg 16w\" sizes=\"(max-width: 960px) 100vw, 960px\" \/><\/a><\/figure>\n\n\n\n<figure class=\"wp-block-image size-large\"><a href=\"https:\/\/steelstorm.standardof.net\/wp-content\/uploads\/sites\/3\/2020\/10\/Steel-Storm-Burning-Retribution-Plaza-of-Doom-4.jpg\"><img decoding=\"async\" width=\"960\" height=\"720\" src=\"https:\/\/steelstorm.standardof.net\/wp-content\/uploads\/sites\/3\/2020\/10\/Steel-Storm-Burning-Retribution-Plaza-of-Doom-4.jpg\" alt=\"\" class=\"wp-image-275\" title=\"\" srcset=\"https:\/\/steelstorm.standardof.net\/wp-content\/uploads\/sites\/3\/2020\/10\/Steel-Storm-Burning-Retribution-Plaza-of-Doom-4.jpg 960w, https:\/\/steelstorm.standardof.net\/wp-content\/uploads\/sites\/3\/2020\/10\/Steel-Storm-Burning-Retribution-Plaza-of-Doom-4-300x225.jpg 300w, https:\/\/steelstorm.standardof.net\/wp-content\/uploads\/sites\/3\/2020\/10\/Steel-Storm-Burning-Retribution-Plaza-of-Doom-4-768x576.jpg 768w, https:\/\/steelstorm.standardof.net\/wp-content\/uploads\/sites\/3\/2020\/10\/Steel-Storm-Burning-Retribution-Plaza-of-Doom-4-16x12.jpg 16w\" sizes=\"(max-width: 960px) 100vw, 960px\" \/><\/a><\/figure>\n<\/figure>\n\n<\/div><\/div>\n\n\n<div style=\"height:20px\" aria-hidden=\"true\" class=\"wp-block-spacer\"><\/div>\n\n\n\n<h3 class=\"has-text-align-center wp-block-heading\">Crossing of Faith - Proc\u00e9dure vid\u00e9o de la Plaza of Doom<\/h3>\n\n\n\n<figure class=\"wp-block-embed is-type-video is-provider-youtube wp-block-embed-youtube wp-embed-aspect-4-3 wp-has-aspect-ratio\"><div class=\"wp-block-embed__wrapper\">\n<div class=\"ast-oembed-container\" style=\"height: 100%;\"><iframe title=\"Ch2-L5 Crossing of Faith - Plaza of Doom: Steel Storm - \u00c9pisode 2\" width=\"500\" height=\"375\" src=\"https:\/\/www.youtube.com\/embed\/5vj5L4HA6q8?feature=oembed\" frameborder=\"0\" allow=\"accelerometer; autoplay; clipboard-write; encrypted-media; gyroscope; picture-in-picture; web-share\" referrerpolicy=\"strict-origin-when-cross-origin\" allowfullscreen><\/iframe><\/div>\n<\/div><\/figure>","protected":false},"excerpt":{"rendered":"<p>After leaving the previous level you are transported to an unknown alien hangar in a strange location. Intel suggests that the enemy has deployed a large vehicle known as the Carrier. Get ready for your first boss fight in Steel Storm Burning Retribution. Map and Objectives &#8211; Primary Objectives &#8211; Retrieve data from the MainframeDestroy [&hellip;]<\/p>","protected":false},"author":1,"featured_media":54,"parent":173,"menu_order":0,"comment_status":"open","ping_status":"closed","template":"","meta":{"_uag_custom_page_level_css":"","site-sidebar-layout":"default","site-content-layout":"default","ast-site-content-layout":"","site-content-style":"default","site-sidebar-style":"default","ast-global-header-display":"","ast-banner-title-visibility":"","ast-main-header-display":"","ast-hfb-above-header-display":"","ast-hfb-below-header-display":"","ast-hfb-mobile-header-display":"","site-post-title":"","ast-breadcrumbs-content":"","ast-featured-img":"","footer-sml-layout":"","theme-transparent-header-meta":"default","adv-header-id-meta":"","stick-header-meta":"","header-above-stick-meta":"","header-main-stick-meta":"","header-below-stick-meta":"","astra-migrate-meta-layouts":"default","ast-page-background-enabled":"default","ast-page-background-meta":{"desktop":{"background-color":"","background-image":"","background-repeat":"repeat","background-position":"center center","background-size":"auto","background-attachment":"scroll","background-type":"","background-media":"","overlay-type":"","overlay-color":"","overlay-gradient":""},"tablet":{"background-color":"","background-image":"","background-repeat":"repeat","background-position":"center center","background-size":"auto","background-attachment":"scroll","background-type":"","background-media":"","overlay-type":"","overlay-color":"","overlay-gradient":""},"mobile":{"background-color":"","background-image":"","background-repeat":"repeat","background-position":"center center","background-size":"auto","background-attachment":"scroll","background-type":"","background-media":"","overlay-type":"","overlay-color":"","overlay-gradient":""}},"ast-content-background-meta":{"desktop":{"background-color":"var(--ast-global-color-5)","background-image":"","background-repeat":"repeat","background-position":"center center","background-size":"auto","background-attachment":"scroll","background-type":"","background-media":"","overlay-type":"","overlay-color":"","overlay-gradient":""},"tablet":{"background-color":"var(--ast-global-color-5)","background-image":"","background-repeat":"repeat","background-position":"center center","background-size":"auto","background-attachment":"scroll","background-type":"","background-media":"","overlay-type":"","overlay-color":"","overlay-gradient":""},"mobile":{"background-color":"var(--ast-global-color-5)","background-image":"","background-repeat":"repeat","background-position":"center center","background-size":"auto","background-attachment":"scroll","background-type":"","background-media":"","overlay-type":"","overlay-color":"","overlay-gradient":""}},"footnotes":""},"uagb_featured_image_src":{"full":["https:\/\/steelstorm.standardof.net\/wp-content\/uploads\/sites\/3\/2020\/10\/MnEdR-1.jpg",1200,750,false],"thumbnail":["https:\/\/steelstorm.standardof.net\/wp-content\/uploads\/sites\/3\/2020\/10\/MnEdR-1-150x150.jpg",150,150,true],"medium":["https:\/\/steelstorm.standardof.net\/wp-content\/uploads\/sites\/3\/2020\/10\/MnEdR-1-300x188.jpg",300,188,true],"medium_large":["https:\/\/steelstorm.standardof.net\/wp-content\/uploads\/sites\/3\/2020\/10\/MnEdR-1-768x480.jpg",768,480,true],"large":["https:\/\/steelstorm.standardof.net\/wp-content\/uploads\/sites\/3\/2020\/10\/MnEdR-1-1024x640.jpg",1024,640,true],"1536x1536":["https:\/\/steelstorm.standardof.net\/wp-content\/uploads\/sites\/3\/2020\/10\/MnEdR-1.jpg",1200,750,false],"2048x2048":["https:\/\/steelstorm.standardof.net\/wp-content\/uploads\/sites\/3\/2020\/10\/MnEdR-1.jpg",1200,750,false],"trp-custom-language-flag":["https:\/\/steelstorm.standardof.net\/wp-content\/uploads\/sites\/3\/2020\/10\/MnEdR-1.jpg",18,12,false]},"uagb_author_info":{"display_name":"SOE","author_link":"https:\/\/steelstorm.standardof.net\/fr\/author\/k-tastic\/"},"uagb_comment_info":0,"uagb_excerpt":"After leaving the previous level you are transported to an unknown alien hangar in a strange location. Intel suggests that the enemy has deployed a large vehicle known as the Carrier. Get ready for your first boss fight in Steel Storm Burning Retribution. Map and Objectives &#8211; Primary Objectives &#8211; Retrieve data from the MainframeDestroy&hellip;","_links":{"self":[{"href":"https:\/\/steelstorm.standardof.net\/fr\/wp-json\/wp\/v2\/pages\/295"}],"collection":[{"href":"https:\/\/steelstorm.standardof.net\/fr\/wp-json\/wp\/v2\/pages"}],"about":[{"href":"https:\/\/steelstorm.standardof.net\/fr\/wp-json\/wp\/v2\/types\/page"}],"author":[{"embeddable":true,"href":"https:\/\/steelstorm.standardof.net\/fr\/wp-json\/wp\/v2\/users\/1"}],"replies":[{"embeddable":true,"href":"https:\/\/steelstorm.standardof.net\/fr\/wp-json\/wp\/v2\/comments?post=295"}],"version-history":[{"count":2,"href":"https:\/\/steelstorm.standardof.net\/fr\/wp-json\/wp\/v2\/pages\/295\/revisions"}],"predecessor-version":[{"id":449,"href":"https:\/\/steelstorm.standardof.net\/fr\/wp-json\/wp\/v2\/pages\/295\/revisions\/449"}],"up":[{"embeddable":true,"href":"https:\/\/steelstorm.standardof.net\/fr\/wp-json\/wp\/v2\/pages\/173"}],"wp:featuredmedia":[{"embeddable":true,"href":"https:\/\/steelstorm.standardof.net\/fr\/wp-json\/wp\/v2\/media\/54"}],"wp:attachment":[{"href":"https:\/\/steelstorm.standardof.net\/fr\/wp-json\/wp\/v2\/media?parent=295"}],"curies":[{"name":"wp","href":"https:\/\/api.w.org\/{rel}","templated":true}]}}