{"id":292,"date":"2020-10-17T14:46:23","date_gmt":"2020-10-17T14:46:23","guid":{"rendered":"https:\/\/steelstorm.standardof.net\/?page_id=292"},"modified":"2022-10-31T08:15:40","modified_gmt":"2022-10-31T08:15:40","slug":"burning-retribution-follow-the-mole","status":"publish","type":"page","link":"https:\/\/steelstorm.standardof.net\/fr\/guide\/procedures-de-niveau-2\/burning-retribution-follow-the-mole\/","title":{"rendered":"Burning Retribution: Suivez la taupe"},"content":{"rendered":"<p>Faisant maintenant votre chemin plus profond dans la base, Crushing Shackles - Follow the Mole in Steel Storm Burning Retribution vous a de nouveau jumel\u00e9 avec le char alli\u00e9, infiltrant plus profond\u00e9ment \u00e0 travers un r\u00e9seau de t\u00e9l\u00e9porteurs utilis\u00e9 pour transf\u00e9rer les troupes de l&#039;ennemi.<\/p>\n\n\n\n<div style=\"height:20px\" aria-hidden=\"true\" class=\"wp-block-spacer\"><\/div>\n\n\n<div class=\"gb-container gb-container-ae025cb2\"><div class=\"gb-inside-container\">\n\n<h2 class=\"has-text-align-center wp-block-heading\">Carte et objectifs<\/h2>\n\n\n\n<div class=\"wp-block-image is-style-default\"><figure class=\"aligncenter size-full is-resized\"><a href=\"https:\/\/steelstorm.standardof.net\/fr\/steel-storm-burning-retribution-follow-the-mole-1\/\"><img decoding=\"async\" src=\"https:\/\/steelstorm.standardof.net\/wp-content\/uploads\/sites\/3\/2020\/10\/Steel-Storm-Burning-Retribution-Follow-the-Mole-1.jpg\" alt=\"\" class=\"wp-image-263\" width=\"661\" height=\"503\" title=\"\" srcset=\"https:\/\/steelstorm.standardof.net\/wp-content\/uploads\/sites\/3\/2020\/10\/Steel-Storm-Burning-Retribution-Follow-the-Mole-1.jpg 881w, https:\/\/steelstorm.standardof.net\/wp-content\/uploads\/sites\/3\/2020\/10\/Steel-Storm-Burning-Retribution-Follow-the-Mole-1-300x228.jpg 300w, https:\/\/steelstorm.standardof.net\/wp-content\/uploads\/sites\/3\/2020\/10\/Steel-Storm-Burning-Retribution-Follow-the-Mole-1-768x584.jpg 768w, https:\/\/steelstorm.standardof.net\/wp-content\/uploads\/sites\/3\/2020\/10\/Steel-Storm-Burning-Retribution-Follow-the-Mole-1-16x12.jpg 16w\" sizes=\"(max-width: 661px) 100vw, 661px\" \/><\/a><\/figure><\/div>\n\n\n\n<h3 class=\"has-text-align-center wp-block-heading\">- Objectifs principaux -<\/h3>\n\n\n\n<p class=\"has-text-align-center\">D\u00e9truire l&#039;incin\u00e9rateur<br>D\u00e9truisez le portail<\/p>\n\n<\/div><\/div>\n\n\n<div style=\"height:20px\" aria-hidden=\"true\" class=\"wp-block-spacer\"><\/div>\n\n\n<div class=\"gb-container gb-container-686af150\"><div class=\"gb-inside-container\">\n\n<h2 class=\"has-text-align-center wp-block-heading\">Progression de niveau et astuces:<\/h2>\n\n\n\n<p>En commen\u00e7ant le niveau, attendez que votre char alli\u00e9 se dirige vers le premier champ de force bloquant votre chemin \u00e0 un point <strong>UNE<\/strong>. Comme mentionn\u00e9 dans le briefing de la mission, votre char alli\u00e9 a le pouvoir de d\u00e9sactiver la plupart des champs de force sur votre chemin dans ce niveau et de le maintenir en vie, par opposition \u00e0 l&#039;utilisation des plaques de pression pour larguer des champs s&#039;il meurt, vous emp\u00eachera de combattre des vagues suppl\u00e9mentaires de ennemis d\u00e9clench\u00e9s par l&#039;utilisation desdits pads. Cependant, si vous recherchez plus de destruction, vous pouvez toujours d\u00e9clencher ces pads pour obtenir des points des ennemis tu\u00e9s.<\/p>\n\n\n\n<div class=\"wp-block-image\"><figure class=\"aligncenter size-full is-resized\"><a href=\"https:\/\/steelstorm.standardof.net\/wp-content\/uploads\/sites\/3\/2020\/10\/Steel-Storm-Burning-Retribution-Follow-the-Mole-2.jpg\"><img decoding=\"async\" src=\"https:\/\/steelstorm.standardof.net\/wp-content\/uploads\/sites\/3\/2020\/10\/Steel-Storm-Burning-Retribution-Follow-the-Mole-2.jpg\" alt=\"\" class=\"wp-image-264\" width=\"512\" height=\"384\" title=\"\" srcset=\"https:\/\/steelstorm.standardof.net\/wp-content\/uploads\/sites\/3\/2020\/10\/Steel-Storm-Burning-Retribution-Follow-the-Mole-2.jpg 1024w, https:\/\/steelstorm.standardof.net\/wp-content\/uploads\/sites\/3\/2020\/10\/Steel-Storm-Burning-Retribution-Follow-the-Mole-2-300x225.jpg 300w, https:\/\/steelstorm.standardof.net\/wp-content\/uploads\/sites\/3\/2020\/10\/Steel-Storm-Burning-Retribution-Follow-the-Mole-2-768x576.jpg 768w, https:\/\/steelstorm.standardof.net\/wp-content\/uploads\/sites\/3\/2020\/10\/Steel-Storm-Burning-Retribution-Follow-the-Mole-2-16x12.jpg 16w\" sizes=\"(max-width: 512px) 100vw, 512px\" \/><\/a><\/figure><\/div>\n\n\n\n<p>Continuez le long du chemin vert en prot\u00e9geant votre char alli\u00e9 pour passer les prochains champs de force. Point <strong>1<\/strong> signifie l&#039;emplacement de l&#039;option alternative, d\u00e9clenchement du champ de force avant d&#039;atteindre le point <strong>B<\/strong>. Au point <strong>B<\/strong> vous trouverez un pad de d\u00e9clenchement que vous devez utiliser pour larguer le prochain champ de force que votre char alli\u00e9 ne peut pas se laisser tomber, ne prenant pas le canon \u00e0 faisceau en cours de route. Sur le chemin du point <strong>2<\/strong> vous trouverez un Storm Spread dans l&#039;un des conteneurs le long du c\u00f4t\u00e9 droit du mur, avant les tours de refroidissement au point <strong>2 <\/strong>lui-m\u00eame.<\/p>\n\n\n\n<p>Si votre char alli\u00e9 p\u00e9rit avant que vous n&#039;abandonniez les deux champs au point <strong>5<\/strong>, vous pouvez d\u00e9truire les tours de refroidissement au point <strong>2<\/strong> pour larguer le champ de force \u00e0 proximit\u00e9, mais m\u00e9fiez-vous d&#039;une paire de chars \u00e0 protons lourds gardent ces tampons avec quelques tourelles. Utilisation du pad <strong>4<\/strong> laisse tomber le premier champ et engendrera un <strong>3<\/strong> Chars de foudre au point <strong>5<\/strong> tandis que pad <strong>3 <\/strong>laisse tomber le champ juste \u00e0 l&#039;est du premier mais sans apparition suppl\u00e9mentaire.<\/p>\n\n\n\n<p>Au point <strong>C<\/strong> vous trouverez un char lourd \u00e0 protons qui est la plus grande menace pour la destruction de votre alli\u00e9 s&#039;il est toujours en vie. Si vous n&#039;avez pas le char alli\u00e9 pour d\u00e9sactiver le champ bloquant le t\u00e9l\u00e9porteur \u00e0 <strong>C<\/strong> \u00e0 la fin de ce combat, vous pouvez utiliser le pad au point <strong>6<\/strong>pour laisser tomber le m\u00eame champ, mais engendrant un char minigun lourd \u00e0 proximit\u00e9 avec 2 chars Lightning.<\/p>\n\n\n\n<div class=\"wp-block-image\"><figure class=\"aligncenter size-full is-resized\"><a href=\"https:\/\/steelstorm.standardof.net\/wp-content\/uploads\/sites\/3\/2020\/10\/Steel-Storm-Burning-Retribution-Follow-the-Mole-3.jpg\"><img decoding=\"async\" src=\"https:\/\/steelstorm.standardof.net\/wp-content\/uploads\/sites\/3\/2020\/10\/Steel-Storm-Burning-Retribution-Follow-the-Mole-3.jpg\" alt=\"\" class=\"wp-image-265\" width=\"512\" height=\"384\" title=\"\" srcset=\"https:\/\/steelstorm.standardof.net\/wp-content\/uploads\/sites\/3\/2020\/10\/Steel-Storm-Burning-Retribution-Follow-the-Mole-3.jpg 1024w, https:\/\/steelstorm.standardof.net\/wp-content\/uploads\/sites\/3\/2020\/10\/Steel-Storm-Burning-Retribution-Follow-the-Mole-3-300x225.jpg 300w, https:\/\/steelstorm.standardof.net\/wp-content\/uploads\/sites\/3\/2020\/10\/Steel-Storm-Burning-Retribution-Follow-the-Mole-3-768x576.jpg 768w, https:\/\/steelstorm.standardof.net\/wp-content\/uploads\/sites\/3\/2020\/10\/Steel-Storm-Burning-Retribution-Follow-the-Mole-3-16x12.jpg 16w\" sizes=\"(max-width: 512px) 100vw, 512px\" \/><\/a><\/figure><\/div>\n\n\n\n<p>Prenez le t\u00e9l\u00e9porteur au point <strong>C<\/strong> pour sauter jusqu&#039;\u00e0 la zone de plate-forme sur\u00e9lev\u00e9e juste devant. Vous trouverez une onde de choc ici, mais approchez-la lentement car en vous rapprochant d&#039;elle, trois tourelles de fus\u00e9e apparaissent, deux derri\u00e8re et une devant vous. Reculez rapidement et d\u00e9clenchez l&#039;onde de choc pour d\u00e9sactiver les tourelles et repousser tous les missiles volant sur vous. Terminez-les avant de prendre celui qui vous pr\u00e9c\u00e8de pour d\u00e9gager le chemin vers le t\u00e9l\u00e9porteur au point <strong>r\u00e9<\/strong>.<\/p>\n\n\n\n<p>Prendre le t\u00e9l\u00e9porteur au point <strong>r\u00e9<\/strong> vous am\u00e8nera au point <strong>E<\/strong>. Suivez maintenant le chemin bleu vers le point <strong>F<\/strong>et le portail et l&#039;incin\u00e9rateur qui se trouve derri\u00e8re cela. Le portail et ses d\u00e9fenseurs sont assez dangereux, avec deux chars minigun lourds qui commencent \u00e0 le patrouiller, ainsi que la possibilit\u00e9 pour le portail de g\u00e9n\u00e9rer des chars lourds suppl\u00e9mentaires dans ses vagues, sans parler du soutien pratiquement garanti des chars Lightning. Faites un usage lib\u00e9ral de Shockwave et de la couverture pour rester en vie et si vous avez des missiles Homing, c&#039;est tant mieux, vous permettant de vous cacher derri\u00e8re des barri\u00e8res et de courber vos munitions dans les ennemis.<\/p>\n\n\n\n<p>Une fois que vous avez r\u00e9ussi \u00e0 s\u00e9parer les d\u00e9fenseurs assez longtemps pour faire baisser la sant\u00e9 du portail en dessous, il g\u00e9n\u00e8re une autre vague, allez au-del\u00e0 pour trouver l&#039;incin\u00e9rateur que vous ne devriez avoir aucun probl\u00e8me \u00e0 \u00e9liminer \u00e0 ce stade. M\u00e9fiez-vous d&#039;un seul Lightning Tank qui appara\u00eet lors de la destruction du portail juste \u00e0 c\u00f4t\u00e9 de l&#039;endroit o\u00f9 vous vous \u00eates t\u00e9l\u00e9port\u00e9. Une fois ces deux b\u00e2timents abattus, vous pouvez retourner \u00e0 travers le t\u00e9l\u00e9porteur pour revenir au pad de sortie que vous pouvez maintenant utiliser avec son champ de force largu\u00e9. .<\/p>\n\n\n\n<div class=\"wp-block-image\"><figure class=\"aligncenter size-full is-resized\"><a href=\"https:\/\/steelstorm.standardof.net\/wp-content\/uploads\/sites\/3\/2020\/10\/Steel-Storm-Burning-Retribution-Follow-the-Mole-4.jpg\"><img decoding=\"async\" src=\"https:\/\/steelstorm.standardof.net\/wp-content\/uploads\/sites\/3\/2020\/10\/Steel-Storm-Burning-Retribution-Follow-the-Mole-4.jpg\" alt=\"\" class=\"wp-image-266\" width=\"512\" height=\"384\" title=\"\" srcset=\"https:\/\/steelstorm.standardof.net\/wp-content\/uploads\/sites\/3\/2020\/10\/Steel-Storm-Burning-Retribution-Follow-the-Mole-4.jpg 1024w, https:\/\/steelstorm.standardof.net\/wp-content\/uploads\/sites\/3\/2020\/10\/Steel-Storm-Burning-Retribution-Follow-the-Mole-4-300x225.jpg 300w, https:\/\/steelstorm.standardof.net\/wp-content\/uploads\/sites\/3\/2020\/10\/Steel-Storm-Burning-Retribution-Follow-the-Mole-4-768x576.jpg 768w, https:\/\/steelstorm.standardof.net\/wp-content\/uploads\/sites\/3\/2020\/10\/Steel-Storm-Burning-Retribution-Follow-the-Mole-4-16x12.jpg 16w\" sizes=\"(max-width: 512px) 100vw, 512px\" \/><\/a><\/figure><\/div>\n\n<\/div><\/div>\n\n\n<div style=\"height:20px\" aria-hidden=\"true\" class=\"wp-block-spacer\"><\/div>\n\n\n\n<h3 class=\"has-text-align-center wp-block-heading\">\u00c9craser les manilles - Suivez la proc\u00e9dure vid\u00e9o de la taupe<\/h3>\n\n\n\n<figure class=\"wp-block-embed is-type-video is-provider-youtube wp-block-embed-youtube wp-embed-aspect-4-3 wp-has-aspect-ratio\"><div class=\"wp-block-embed__wrapper\">\n<div class=\"ast-oembed-container\" style=\"height: 100%;\"><iframe title=\"Manilles \u00e9crasantes Ch2-L3 - Follow the Mole: Steel Storm - Episode 2\" width=\"500\" height=\"375\" src=\"https:\/\/www.youtube.com\/embed\/6bro2-ddPYo?feature=oembed\" frameborder=\"0\" allow=\"accelerometer; autoplay; clipboard-write; encrypted-media; gyroscope; picture-in-picture; web-share\" referrerpolicy=\"strict-origin-when-cross-origin\" allowfullscreen><\/iframe><\/div>\n<\/div><\/figure>","protected":false},"excerpt":{"rendered":"<p>Now making your way deeper into the base, Crushing Shackles \u2013 Follow the Mole in Steel Storm Burning Retribution has you paired up once more with the allied tank, infiltrating deeper through a teleporter network used to transfer troops of the enemy\u2019s. Map and Objectives &#8211; Primary Objectives &#8211; Destroy the IncineratorDestroy the Portal Level [&hellip;]<\/p>","protected":false},"author":1,"featured_media":54,"parent":173,"menu_order":0,"comment_status":"open","ping_status":"closed","template":"","meta":{"_uag_custom_page_level_css":"","site-sidebar-layout":"default","site-content-layout":"default","ast-site-content-layout":"","site-content-style":"default","site-sidebar-style":"default","ast-global-header-display":"","ast-banner-title-visibility":"","ast-main-header-display":"","ast-hfb-above-header-display":"","ast-hfb-below-header-display":"","ast-hfb-mobile-header-display":"","site-post-title":"","ast-breadcrumbs-content":"","ast-featured-img":"","footer-sml-layout":"","theme-transparent-header-meta":"default","adv-header-id-meta":"","stick-header-meta":"","header-above-stick-meta":"","header-main-stick-meta":"","header-below-stick-meta":"","astra-migrate-meta-layouts":"default","ast-page-background-enabled":"default","ast-page-background-meta":{"desktop":{"background-color":"","background-image":"","background-repeat":"repeat","background-position":"center center","background-size":"auto","background-attachment":"scroll","background-type":"","background-media":"","overlay-type":"","overlay-color":"","overlay-gradient":""},"tablet":{"background-color":"","background-image":"","background-repeat":"repeat","background-position":"center center","background-size":"auto","background-attachment":"scroll","background-type":"","background-media":"","overlay-type":"","overlay-color":"","overlay-gradient":""},"mobile":{"background-color":"","background-image":"","background-repeat":"repeat","background-position":"center center","background-size":"auto","background-attachment":"scroll","background-type":"","background-media":"","overlay-type":"","overlay-color":"","overlay-gradient":""}},"ast-content-background-meta":{"desktop":{"background-color":"var(--ast-global-color-5)","background-image":"","background-repeat":"repeat","background-position":"center center","background-size":"auto","background-attachment":"scroll","background-type":"","background-media":"","overlay-type":"","overlay-color":"","overlay-gradient":""},"tablet":{"background-color":"var(--ast-global-color-5)","background-image":"","background-repeat":"repeat","background-position":"center center","background-size":"auto","background-attachment":"scroll","background-type":"","background-media":"","overlay-type":"","overlay-color":"","overlay-gradient":""},"mobile":{"background-color":"var(--ast-global-color-5)","background-image":"","background-repeat":"repeat","background-position":"center center","background-size":"auto","background-attachment":"scroll","background-type":"","background-media":"","overlay-type":"","overlay-color":"","overlay-gradient":""}},"footnotes":""},"uagb_featured_image_src":{"full":["https:\/\/steelstorm.standardof.net\/wp-content\/uploads\/sites\/3\/2020\/10\/MnEdR-1.jpg",1200,750,false],"thumbnail":["https:\/\/steelstorm.standardof.net\/wp-content\/uploads\/sites\/3\/2020\/10\/MnEdR-1-150x150.jpg",150,150,true],"medium":["https:\/\/steelstorm.standardof.net\/wp-content\/uploads\/sites\/3\/2020\/10\/MnEdR-1-300x188.jpg",300,188,true],"medium_large":["https:\/\/steelstorm.standardof.net\/wp-content\/uploads\/sites\/3\/2020\/10\/MnEdR-1-768x480.jpg",768,480,true],"large":["https:\/\/steelstorm.standardof.net\/wp-content\/uploads\/sites\/3\/2020\/10\/MnEdR-1-1024x640.jpg",1024,640,true],"1536x1536":["https:\/\/steelstorm.standardof.net\/wp-content\/uploads\/sites\/3\/2020\/10\/MnEdR-1.jpg",1200,750,false],"2048x2048":["https:\/\/steelstorm.standardof.net\/wp-content\/uploads\/sites\/3\/2020\/10\/MnEdR-1.jpg",1200,750,false],"trp-custom-language-flag":["https:\/\/steelstorm.standardof.net\/wp-content\/uploads\/sites\/3\/2020\/10\/MnEdR-1.jpg",18,12,false]},"uagb_author_info":{"display_name":"SOE","author_link":"https:\/\/steelstorm.standardof.net\/fr\/author\/k-tastic\/"},"uagb_comment_info":0,"uagb_excerpt":"Now making your way deeper into the base, Crushing Shackles \u2013 Follow the Mole in Steel Storm Burning Retribution has you paired up once more with the allied tank, infiltrating deeper through a teleporter network used to transfer troops of the enemy\u2019s. Map and Objectives &#8211; Primary Objectives &#8211; Destroy the IncineratorDestroy the Portal Level&hellip;","_links":{"self":[{"href":"https:\/\/steelstorm.standardof.net\/fr\/wp-json\/wp\/v2\/pages\/292"}],"collection":[{"href":"https:\/\/steelstorm.standardof.net\/fr\/wp-json\/wp\/v2\/pages"}],"about":[{"href":"https:\/\/steelstorm.standardof.net\/fr\/wp-json\/wp\/v2\/types\/page"}],"author":[{"embeddable":true,"href":"https:\/\/steelstorm.standardof.net\/fr\/wp-json\/wp\/v2\/users\/1"}],"replies":[{"embeddable":true,"href":"https:\/\/steelstorm.standardof.net\/fr\/wp-json\/wp\/v2\/comments?post=292"}],"version-history":[{"count":2,"href":"https:\/\/steelstorm.standardof.net\/fr\/wp-json\/wp\/v2\/pages\/292\/revisions"}],"predecessor-version":[{"id":446,"href":"https:\/\/steelstorm.standardof.net\/fr\/wp-json\/wp\/v2\/pages\/292\/revisions\/446"}],"up":[{"embeddable":true,"href":"https:\/\/steelstorm.standardof.net\/fr\/wp-json\/wp\/v2\/pages\/173"}],"wp:featuredmedia":[{"embeddable":true,"href":"https:\/\/steelstorm.standardof.net\/fr\/wp-json\/wp\/v2\/media\/54"}],"wp:attachment":[{"href":"https:\/\/steelstorm.standardof.net\/fr\/wp-json\/wp\/v2\/media?parent=292"}],"curies":[{"name":"wp","href":"https:\/\/api.w.org\/{rel}","templated":true}]}}