{"id":291,"date":"2020-10-17T14:43:27","date_gmt":"2020-10-17T14:43:27","guid":{"rendered":"https:\/\/steelstorm.standardof.net\/?page_id=291"},"modified":"2022-10-31T08:19:38","modified_gmt":"2022-10-31T08:19:38","slug":"burning-retribution-beneath-the-frozen-shroud","status":"publish","type":"page","link":"https:\/\/steelstorm.standardof.net\/fr\/guide\/procedures-de-niveau-2\/chatiment-brulant-sous-le-linceul-gele\/","title":{"rendered":"R\u00e9tribution br\u00fblante: sous le linceul gel\u00e9"},"content":{"rendered":"<p>Pour revenir \u00e0 la m\u00eame carte que le niveau pr\u00e9c\u00e9dent, Beneath the Frozen Shroud vous emm\u00e8ne plus loin dans la carte, explorant la section de la grotte plus profond\u00e9ment. Vos t\u00e2ches ici seront d&#039;obtenir des codes d&#039;acc\u00e8s \u00e0 la base souterraine tout en d\u00e9sactivant le syst\u00e8me de ventilation qui \u00e9vacue le m\u00e9thane dangereux des grottes, prot\u00e9geant ainsi les installations ennemies.<\/p>\n\n\n\n<div style=\"height:20px\" aria-hidden=\"true\" class=\"wp-block-spacer\"><\/div>\n\n\n<div class=\"gb-container gb-container-ae025cb2\"><div class=\"gb-inside-container\">\n\n<h2 class=\"has-text-align-center wp-block-heading\">Carte et objectifs<\/h2>\n\n\n\n<div class=\"wp-block-image is-style-default\"><figure class=\"aligncenter size-full is-resized\"><a href=\"https:\/\/steelstorm.standardof.net\/fr\/steel-storm-burning-retribution-beneath-the-frozen-shroud-1\/\"><img decoding=\"async\" src=\"https:\/\/steelstorm.standardof.net\/wp-content\/uploads\/sites\/3\/2020\/10\/Steel-Storm-Burning-Retribution-Beneath-the-Frozen-Shroud-1.jpg\" alt=\"\" class=\"wp-image-256\" width=\"600\" height=\"387\" title=\"\" srcset=\"https:\/\/steelstorm.standardof.net\/wp-content\/uploads\/sites\/3\/2020\/10\/Steel-Storm-Burning-Retribution-Beneath-the-Frozen-Shroud-1.jpg 800w, https:\/\/steelstorm.standardof.net\/wp-content\/uploads\/sites\/3\/2020\/10\/Steel-Storm-Burning-Retribution-Beneath-the-Frozen-Shroud-1-300x194.jpg 300w, https:\/\/steelstorm.standardof.net\/wp-content\/uploads\/sites\/3\/2020\/10\/Steel-Storm-Burning-Retribution-Beneath-the-Frozen-Shroud-1-768x495.jpg 768w, https:\/\/steelstorm.standardof.net\/wp-content\/uploads\/sites\/3\/2020\/10\/Steel-Storm-Burning-Retribution-Beneath-the-Frozen-Shroud-1-16x10.jpg 16w\" sizes=\"(max-width: 600px) 100vw, 600px\" \/><\/a><\/figure><\/div>\n\n\n\n<h3 class=\"has-text-align-center wp-block-heading\">- Objectifs principaux -<\/h3>\n\n\n\n<p class=\"has-text-align-center\">Obtenez les codes d&#039;acc\u00e8s du coffre-fort.<\/p>\n\n\n\n<h3 class=\"has-text-align-center wp-block-heading\">- Objectifs secondaires -<\/h3>\n\n\n\n<p class=\"has-text-align-center\">Arr\u00eatez le syst\u00e8me de ventilation.<\/p>\n\n<\/div><\/div>\n\n\n<div style=\"height:20px\" aria-hidden=\"true\" class=\"wp-block-spacer\"><\/div>\n\n\n<div class=\"gb-container gb-container-686af150\"><div class=\"gb-inside-container\">\n\n<h2 class=\"has-text-align-center wp-block-heading\">Progression de niveau et astuces:<\/h2>\n\n\n\n<p>Comme vous commencez au point <strong>UNE<\/strong> vous remarquerez que votre char alli\u00e9, le char l\u00e9ger bleu, est actuellement pi\u00e9g\u00e9 derri\u00e8re un champ de force et devra \u00eatre lib\u00e9r\u00e9 plus tard. Pour l&#039;instant, dirigez-vous sur le chemin vert vers le point <strong>B<\/strong>. En chemin, vous devriez vous arr\u00eater par point <strong>1<\/strong> pour trouver un incin\u00e9rateur qui peut \u00eatre d\u00e9truit pour d\u00e9poser une armure, un Storm Plough et le Flak Cannon. Si tu veux tu peux faire une passe \u00e0 un point <strong>2<\/strong>ainsi que divers ennemis \u00e0 d\u00e9truire et points \u00e0 gagner dans le processus, bien que se rendre \u00e0 cet endroit ne soit pas n\u00e9cessaire dans le cadre des objectifs, tandis que vous souhaitez \u00e9liminer les ennemis le long du chemin vert pour aider votre alli\u00e9 \u00e0 se d\u00e9placer plus tard. Supprimer cet emplacement peut \u00eatre utile pour emp\u00eacher votre tank ami d&#039;\u00eatre potentiellement distrait plus tard, et vous pouvez trouver un Minigun dans un hangar ici.<\/p>\n\n\n\n<p>Au point <strong>B<\/strong> vous trouverez une paire de pads de d\u00e9clenchement, l&#039;un qui laisse tomber le champ de force \u00e0 proximit\u00e9 et l&#039;autre qui lib\u00e8re votre alli\u00e9 de la captivit\u00e9. Une fois que cela se produira, votre alli\u00e9 se dirigera vers le point <strong>E<\/strong>, puis <strong>C<\/strong> enfin <strong>g<\/strong>, laissant tomber les champs de force autour des deux t\u00e9l\u00e9porteurs \u00e0 <strong>C<\/strong> et <strong>E <\/strong>quand il passe ces endroits. Pendant que votre copain avance sur son chemin, vous pouvez \u00e9liminer certains ennemis \u00e0 un moment donn\u00e9 <strong>C<\/strong>pour faciliter ses d\u00e9placements et l&#039;aider \u00e0 rester vivant.<\/p>\n\n\n\n<p>Une fois que votre char alli\u00e9 a fait son chemin pour d\u00e9sactiver les deux champs de force gardant les t\u00e9l\u00e9porteurs \u00e0 <strong>C<\/strong> et <strong>E<\/strong> vous avez deux options. Vous pouvez unir vos forces avec le char alli\u00e9 pour \u00e9liminer la base ennemie fortement d\u00e9fendue au point <strong>g <\/strong>en parcourant le chemin rouge, ce qui facilite ladite t\u00e2che compte tenu de la puissance de feu combin\u00e9e, ou vous pouvez emprunter le chemin bleu pour commencer \u00e0 atteindre votre objectif secondaire d&#039;efficacit\u00e9 temporelle.<\/p>\n\n\n\n<h4 class=\"wp-block-heading\">\u00c9liminer la base ennemie<\/h4>\n\n\n\n<p>Le plus facile \u00e0 faire avec votre alli\u00e9 toujours en vie, bien que probablement pas pour beaucoup plus longtemps, la base ennemie est fortement d\u00e9fendue avec plusieurs tourelles, mais surtout une paire de tourelles de r\u00e9paration dans des endroits difficiles \u00e0 atteindre qui doivent \u00eatre d\u00e9truits avant que les tourelles de base ne restent vers le bas. Vous pouvez les \u00e9liminer soit en utilisant le MIRV pour tirer sur les barri\u00e8res, soit en utilisant l&#039;onde de choc \u00e0 plusieurs reprises pour maintenir les tourelles de r\u00e9paration d\u00e9sactiv\u00e9es pendant que vous s\u00e9parez les tourelles arm\u00e9es pour vous permettre de passer de l&#039;autre c\u00f4t\u00e9 de la barri\u00e8re en toute s\u00e9curit\u00e9.<\/p>\n\n\n\n<p>Une fois que la base s&#039;enflamme, plusieurs vagues de petits chars appara\u00eetront avec un char lourd \u00e0 protons entre elle et la plate-forme de sortie. Retirez d&#039;abord ces unit\u00e9s plus petites, terminez le char lourd s\u00e9par\u00e9ment, puis r\u00e9cup\u00e9rez la carte-cl\u00e9 rouge \u00e0 laquelle vous pouvez maintenant acc\u00e9der depuis l&#039;arri\u00e8re de l&#039;ancienne base.<\/p>\n\n\n\n<h4 class=\"wp-block-heading\"><a href=\"https:\/\/www.standardof.net\/wp-content\/uploads\/2011\/09\/5365115.jpg\" target=\"_blank\" rel=\"noopener\"><\/a>Arr\u00eat du syst\u00e8me de ventilation<\/h4>\n\n\n\n<p>Vous devrez acc\u00e9der \u00e0 une s\u00e9rie de terminaux afin de d\u00e9sactiver le syst\u00e8me de ventilation de l&#039;ennemi, dont le premier est atteint via le pav\u00e9 de t\u00e9l\u00e9porteur qui devrait maintenant \u00eatre accessible au point <strong>C<\/strong> qui vous m\u00e8nera sur les hauteurs au point <strong>r\u00e9<\/strong>. Sortez les deux tourelles \u00e0 plasma l\u00e9ger puis acc\u00e9dez au panneau \u00e0 l&#039;extr\u00e9mit\u00e9 nord pour laisser tomber le champ de force, en prenant soin de laisser tomber la tourelle \u00e0 canon \u00e0 faisceau lourd qui appara\u00eet pendant que vous faites cela. Une fois en bas, activez les deux panneaux derri\u00e8re le champ de force abattu et retournez vers le t\u00e9l\u00e9porteur.<\/p>\n\n\n\n<p>Le deuxi\u00e8me t\u00e9l\u00e9porteur au point <strong>E <\/strong>sera votre prochaine destination, vous emmenant sur les hauteurs voisines au point <strong>F<\/strong>. Une fois l\u00e0-haut, activez le panneau \u00e0 l&#039;extr\u00e9mit\u00e9 nord pour larguer un autre champ de force prot\u00e9geant une deuxi\u00e8me paire de terminaux, en vous arr\u00eatant pour combattre le groupe de petits chars qui naissent de cette action. Une fois ces d\u00e9fenseurs arr\u00eat\u00e9s, vous pouvez activer les deux panneaux pour terminer l&#039;arr\u00eat du syst\u00e8me de ventilation tout en laissant tomber le champ de force autour des goodies en face du t\u00e9l\u00e9porteur au point <strong>E<\/strong>. Retournez ici et r\u00e9cup\u00e9rez la vie suppl\u00e9mentaire et si vous en avez besoin, le Storm Spread et Shockwave.<\/p>\n\n\n\n<p>Lorsque vous avez termin\u00e9 toutes ces t\u00e2ches, vous pouvez prendre la carte-cl\u00e9 rouge que vous avez ramass\u00e9e \u00e0 la base ennemie et l&#039;utiliser pour d\u00e9poser le champ de force autour du portail de sortie, tous deux au nord du point <strong>g <\/strong>au X rouge, pour terminer le deuxi\u00e8me niveau de ce chapitre.<\/p>\n\n\n\n<figure class=\"wp-block-gallery has-nested-images columns-default is-cropped wp-block-gallery-1 is-layout-flex wp-block-gallery-is-layout-flex\">\n<figure class=\"wp-block-image size-large\"><img decoding=\"async\" width=\"1024\" height=\"768\" src=\"https:\/\/steelstorm.standardof.net\/wp-content\/uploads\/sites\/3\/2020\/10\/Steel-Storm-Burning-Retribution-Beneath-the-Frozen-Shroud-3.jpg\" alt=\"\" class=\"wp-image-258\" title=\"\" srcset=\"https:\/\/steelstorm.standardof.net\/wp-content\/uploads\/sites\/3\/2020\/10\/Steel-Storm-Burning-Retribution-Beneath-the-Frozen-Shroud-3.jpg 1024w, https:\/\/steelstorm.standardof.net\/wp-content\/uploads\/sites\/3\/2020\/10\/Steel-Storm-Burning-Retribution-Beneath-the-Frozen-Shroud-3-300x225.jpg 300w, https:\/\/steelstorm.standardof.net\/wp-content\/uploads\/sites\/3\/2020\/10\/Steel-Storm-Burning-Retribution-Beneath-the-Frozen-Shroud-3-768x576.jpg 768w, https:\/\/steelstorm.standardof.net\/wp-content\/uploads\/sites\/3\/2020\/10\/Steel-Storm-Burning-Retribution-Beneath-the-Frozen-Shroud-3-16x12.jpg 16w\" sizes=\"(max-width: 1024px) 100vw, 1024px\" \/><\/figure>\n\n\n\n<figure class=\"wp-block-image size-large\"><img decoding=\"async\" width=\"1024\" height=\"768\" src=\"https:\/\/steelstorm.standardof.net\/wp-content\/uploads\/sites\/3\/2020\/10\/Steel-Storm-Burning-Retribution-Beneath-the-Frozen-Shroud-7.jpg\" alt=\"\" class=\"wp-image-262\" title=\"\" srcset=\"https:\/\/steelstorm.standardof.net\/wp-content\/uploads\/sites\/3\/2020\/10\/Steel-Storm-Burning-Retribution-Beneath-the-Frozen-Shroud-7.jpg 1024w, https:\/\/steelstorm.standardof.net\/wp-content\/uploads\/sites\/3\/2020\/10\/Steel-Storm-Burning-Retribution-Beneath-the-Frozen-Shroud-7-300x225.jpg 300w, https:\/\/steelstorm.standardof.net\/wp-content\/uploads\/sites\/3\/2020\/10\/Steel-Storm-Burning-Retribution-Beneath-the-Frozen-Shroud-7-768x576.jpg 768w, https:\/\/steelstorm.standardof.net\/wp-content\/uploads\/sites\/3\/2020\/10\/Steel-Storm-Burning-Retribution-Beneath-the-Frozen-Shroud-7-16x12.jpg 16w\" sizes=\"(max-width: 1024px) 100vw, 1024px\" \/><\/figure>\n\n\n\n<figure class=\"wp-block-image size-large\"><img decoding=\"async\" width=\"1024\" height=\"768\" src=\"https:\/\/steelstorm.standardof.net\/wp-content\/uploads\/sites\/3\/2020\/10\/Steel-Storm-Burning-Retribution-Beneath-the-Frozen-Shroud-6.jpg\" alt=\"\" class=\"wp-image-261\" title=\"\" srcset=\"https:\/\/steelstorm.standardof.net\/wp-content\/uploads\/sites\/3\/2020\/10\/Steel-Storm-Burning-Retribution-Beneath-the-Frozen-Shroud-6.jpg 1024w, https:\/\/steelstorm.standardof.net\/wp-content\/uploads\/sites\/3\/2020\/10\/Steel-Storm-Burning-Retribution-Beneath-the-Frozen-Shroud-6-300x225.jpg 300w, https:\/\/steelstorm.standardof.net\/wp-content\/uploads\/sites\/3\/2020\/10\/Steel-Storm-Burning-Retribution-Beneath-the-Frozen-Shroud-6-768x576.jpg 768w, https:\/\/steelstorm.standardof.net\/wp-content\/uploads\/sites\/3\/2020\/10\/Steel-Storm-Burning-Retribution-Beneath-the-Frozen-Shroud-6-16x12.jpg 16w\" sizes=\"(max-width: 1024px) 100vw, 1024px\" \/><\/figure>\n\n\n\n<figure class=\"wp-block-image size-large\"><img decoding=\"async\" width=\"1024\" height=\"768\" src=\"https:\/\/steelstorm.standardof.net\/wp-content\/uploads\/sites\/3\/2020\/10\/Steel-Storm-Burning-Retribution-Beneath-the-Frozen-Shroud-5.jpg\" alt=\"\" class=\"wp-image-260\" title=\"\" srcset=\"https:\/\/steelstorm.standardof.net\/wp-content\/uploads\/sites\/3\/2020\/10\/Steel-Storm-Burning-Retribution-Beneath-the-Frozen-Shroud-5.jpg 1024w, https:\/\/steelstorm.standardof.net\/wp-content\/uploads\/sites\/3\/2020\/10\/Steel-Storm-Burning-Retribution-Beneath-the-Frozen-Shroud-5-300x225.jpg 300w, https:\/\/steelstorm.standardof.net\/wp-content\/uploads\/sites\/3\/2020\/10\/Steel-Storm-Burning-Retribution-Beneath-the-Frozen-Shroud-5-768x576.jpg 768w, https:\/\/steelstorm.standardof.net\/wp-content\/uploads\/sites\/3\/2020\/10\/Steel-Storm-Burning-Retribution-Beneath-the-Frozen-Shroud-5-16x12.jpg 16w\" sizes=\"(max-width: 1024px) 100vw, 1024px\" \/><\/figure>\n\n\n\n<figure class=\"wp-block-image size-large\"><img decoding=\"async\" width=\"1024\" height=\"768\" src=\"https:\/\/steelstorm.standardof.net\/wp-content\/uploads\/sites\/3\/2020\/10\/Steel-Storm-Burning-Retribution-Beneath-the-Frozen-Shroud-4.jpg\" alt=\"\" class=\"wp-image-259\" title=\"\" srcset=\"https:\/\/steelstorm.standardof.net\/wp-content\/uploads\/sites\/3\/2020\/10\/Steel-Storm-Burning-Retribution-Beneath-the-Frozen-Shroud-4.jpg 1024w, https:\/\/steelstorm.standardof.net\/wp-content\/uploads\/sites\/3\/2020\/10\/Steel-Storm-Burning-Retribution-Beneath-the-Frozen-Shroud-4-300x225.jpg 300w, https:\/\/steelstorm.standardof.net\/wp-content\/uploads\/sites\/3\/2020\/10\/Steel-Storm-Burning-Retribution-Beneath-the-Frozen-Shroud-4-768x576.jpg 768w, https:\/\/steelstorm.standardof.net\/wp-content\/uploads\/sites\/3\/2020\/10\/Steel-Storm-Burning-Retribution-Beneath-the-Frozen-Shroud-4-16x12.jpg 16w\" sizes=\"(max-width: 1024px) 100vw, 1024px\" \/><\/figure>\n\n\n\n<figure class=\"wp-block-image size-large\"><img decoding=\"async\" width=\"1024\" height=\"768\" src=\"https:\/\/steelstorm.standardof.net\/wp-content\/uploads\/sites\/3\/2020\/10\/Steel-Storm-Burning-Retribution-Beneath-the-Frozen-Shroud-2.jpg\" alt=\"\" class=\"wp-image-257\" title=\"\" srcset=\"https:\/\/steelstorm.standardof.net\/wp-content\/uploads\/sites\/3\/2020\/10\/Steel-Storm-Burning-Retribution-Beneath-the-Frozen-Shroud-2.jpg 1024w, https:\/\/steelstorm.standardof.net\/wp-content\/uploads\/sites\/3\/2020\/10\/Steel-Storm-Burning-Retribution-Beneath-the-Frozen-Shroud-2-300x225.jpg 300w, https:\/\/steelstorm.standardof.net\/wp-content\/uploads\/sites\/3\/2020\/10\/Steel-Storm-Burning-Retribution-Beneath-the-Frozen-Shroud-2-768x576.jpg 768w, https:\/\/steelstorm.standardof.net\/wp-content\/uploads\/sites\/3\/2020\/10\/Steel-Storm-Burning-Retribution-Beneath-the-Frozen-Shroud-2-16x12.jpg 16w\" sizes=\"(max-width: 1024px) 100vw, 1024px\" \/><\/figure>\n<\/figure>\n\n<\/div><\/div>\n\n\n<div style=\"height:20px\" aria-hidden=\"true\" class=\"wp-block-spacer\"><\/div>\n\n\n\n<h3 class=\"has-text-align-center wp-block-heading\">Proc\u00e9dure vid\u00e9o sous le voile gel\u00e9<\/h3>\n\n\n\n<figure class=\"wp-block-embed is-type-video is-provider-youtube wp-block-embed-youtube wp-embed-aspect-4-3 wp-has-aspect-ratio\"><div class=\"wp-block-embed__wrapper\">\n<div class=\"ast-oembed-container\" style=\"height: 100%;\"><iframe title=\"Manilles \u00e9crasantes Ch2-L2 - Sous le linceul gel\u00e9: Temp\u00eate d&#039;acier - \u00c9pisode 2\" width=\"500\" height=\"375\" src=\"https:\/\/www.youtube.com\/embed\/2rNAYXtHjHE?feature=oembed\" frameborder=\"0\" allow=\"accelerometer; autoplay; clipboard-write; encrypted-media; gyroscope; picture-in-picture; web-share\" referrerpolicy=\"strict-origin-when-cross-origin\" allowfullscreen><\/iframe><\/div>\n<\/div><\/figure>\n\n\n\n<p><\/p>","protected":false},"excerpt":{"rendered":"<p>Coming back to the same map as the previous level, Beneath the Frozen Shroud takes you further into the map, exploring the cave section deeper within. Your tasks here will be to obtain access codes to the underground base while disabling the ventilation system which vents dangerous methane from the caves, keeping the enemy facilities [&hellip;]<\/p>","protected":false},"author":1,"featured_media":54,"parent":173,"menu_order":0,"comment_status":"open","ping_status":"closed","template":"","meta":{"_uag_custom_page_level_css":"","site-sidebar-layout":"default","site-content-layout":"default","ast-site-content-layout":"","site-content-style":"default","site-sidebar-style":"default","ast-global-header-display":"","ast-banner-title-visibility":"","ast-main-header-display":"","ast-hfb-above-header-display":"","ast-hfb-below-header-display":"","ast-hfb-mobile-header-display":"","site-post-title":"","ast-breadcrumbs-content":"","ast-featured-img":"","footer-sml-layout":"","theme-transparent-header-meta":"default","adv-header-id-meta":"","stick-header-meta":"","header-above-stick-meta":"","header-main-stick-meta":"","header-below-stick-meta":"","astra-migrate-meta-layouts":"default","ast-page-background-enabled":"default","ast-page-background-meta":{"desktop":{"background-color":"","background-image":"","background-repeat":"repeat","background-position":"center center","background-size":"auto","background-attachment":"scroll","background-type":"","background-media":"","overlay-type":"","overlay-color":"","overlay-gradient":""},"tablet":{"background-color":"","background-image":"","background-repeat":"repeat","background-position":"center center","background-size":"auto","background-attachment":"scroll","background-type":"","background-media":"","overlay-type":"","overlay-color":"","overlay-gradient":""},"mobile":{"background-color":"","background-image":"","background-repeat":"repeat","background-position":"center center","background-size":"auto","background-attachment":"scroll","background-type":"","background-media":"","overlay-type":"","overlay-color":"","overlay-gradient":""}},"ast-content-background-meta":{"desktop":{"background-color":"var(--ast-global-color-5)","background-image":"","background-repeat":"repeat","background-position":"center center","background-size":"auto","background-attachment":"scroll","background-type":"","background-media":"","overlay-type":"","overlay-color":"","overlay-gradient":""},"tablet":{"background-color":"var(--ast-global-color-5)","background-image":"","background-repeat":"repeat","background-position":"center center","background-size":"auto","background-attachment":"scroll","background-type":"","background-media":"","overlay-type":"","overlay-color":"","overlay-gradient":""},"mobile":{"background-color":"var(--ast-global-color-5)","background-image":"","background-repeat":"repeat","background-position":"center center","background-size":"auto","background-attachment":"scroll","background-type":"","background-media":"","overlay-type":"","overlay-color":"","overlay-gradient":""}},"footnotes":""},"uagb_featured_image_src":{"full":["https:\/\/steelstorm.standardof.net\/wp-content\/uploads\/sites\/3\/2020\/10\/MnEdR-1.jpg",1200,750,false],"thumbnail":["https:\/\/steelstorm.standardof.net\/wp-content\/uploads\/sites\/3\/2020\/10\/MnEdR-1-150x150.jpg",150,150,true],"medium":["https:\/\/steelstorm.standardof.net\/wp-content\/uploads\/sites\/3\/2020\/10\/MnEdR-1-300x188.jpg",300,188,true],"medium_large":["https:\/\/steelstorm.standardof.net\/wp-content\/uploads\/sites\/3\/2020\/10\/MnEdR-1-768x480.jpg",768,480,true],"large":["https:\/\/steelstorm.standardof.net\/wp-content\/uploads\/sites\/3\/2020\/10\/MnEdR-1-1024x640.jpg",1024,640,true],"1536x1536":["https:\/\/steelstorm.standardof.net\/wp-content\/uploads\/sites\/3\/2020\/10\/MnEdR-1.jpg",1200,750,false],"2048x2048":["https:\/\/steelstorm.standardof.net\/wp-content\/uploads\/sites\/3\/2020\/10\/MnEdR-1.jpg",1200,750,false],"trp-custom-language-flag":["https:\/\/steelstorm.standardof.net\/wp-content\/uploads\/sites\/3\/2020\/10\/MnEdR-1.jpg",18,12,false]},"uagb_author_info":{"display_name":"SOE","author_link":"https:\/\/steelstorm.standardof.net\/fr\/author\/k-tastic\/"},"uagb_comment_info":0,"uagb_excerpt":"Coming back to the same map as the previous level, Beneath the Frozen Shroud takes you further into the map, exploring the cave section deeper within. Your tasks here will be to obtain access codes to the underground base while disabling the ventilation system which vents dangerous methane from the caves, keeping the enemy facilities&hellip;","_links":{"self":[{"href":"https:\/\/steelstorm.standardof.net\/fr\/wp-json\/wp\/v2\/pages\/291"}],"collection":[{"href":"https:\/\/steelstorm.standardof.net\/fr\/wp-json\/wp\/v2\/pages"}],"about":[{"href":"https:\/\/steelstorm.standardof.net\/fr\/wp-json\/wp\/v2\/types\/page"}],"author":[{"embeddable":true,"href":"https:\/\/steelstorm.standardof.net\/fr\/wp-json\/wp\/v2\/users\/1"}],"replies":[{"embeddable":true,"href":"https:\/\/steelstorm.standardof.net\/fr\/wp-json\/wp\/v2\/comments?post=291"}],"version-history":[{"count":1,"href":"https:\/\/steelstorm.standardof.net\/fr\/wp-json\/wp\/v2\/pages\/291\/revisions"}],"predecessor-version":[{"id":453,"href":"https:\/\/steelstorm.standardof.net\/fr\/wp-json\/wp\/v2\/pages\/291\/revisions\/453"}],"up":[{"embeddable":true,"href":"https:\/\/steelstorm.standardof.net\/fr\/wp-json\/wp\/v2\/pages\/173"}],"wp:featuredmedia":[{"embeddable":true,"href":"https:\/\/steelstorm.standardof.net\/fr\/wp-json\/wp\/v2\/media\/54"}],"wp:attachment":[{"href":"https:\/\/steelstorm.standardof.net\/fr\/wp-json\/wp\/v2\/media?parent=291"}],"curies":[{"name":"wp","href":"https:\/\/api.w.org\/{rel}","templated":true}]}}