{"id":289,"date":"2020-10-17T14:38:20","date_gmt":"2020-10-17T14:38:20","guid":{"rendered":"https:\/\/steelstorm.standardof.net\/?page_id=289"},"modified":"2022-10-31T08:18:31","modified_gmt":"2022-10-31T08:18:31","slug":"burning-retribution-icebound-paradise","status":"publish","type":"page","link":"https:\/\/steelstorm.standardof.net\/fr\/guide\/procedures-de-niveau-2\/paradis-brulant-de-retribution\/","title":{"rendered":"R\u00e9tribution ardente: Paradis des glaces"},"content":{"rendered":"<p>Dans le premier niveau du chapitre deux, Crushing Shackles - Icebound Paradise of Steel Storm Burning Retribution, la bataille est d\u00e9plac\u00e9e vers une nouvelle zone, laissant les cavernes gel\u00e9es du premier chapitre. La t\u00e2che ici sera d&#039;acc\u00e9der \u00e0 un r\u00e9seau de grottes habit\u00e9es par l&#039;ennemi via un t\u00e9l\u00e9porteur gard\u00e9 sur le pont endommag\u00e9.<\/p>\n\n\n\n<div style=\"height:20px\" aria-hidden=\"true\" class=\"wp-block-spacer\"><\/div>\n\n\n<div class=\"gb-container gb-container-ae025cb2\"><div class=\"gb-inside-container\">\n\n<h2 class=\"has-text-align-center wp-block-heading\">Carte et objectifs<\/h2>\n\n\n\n<div class=\"wp-block-image is-style-default\"><figure class=\"aligncenter size-full is-resized\"><a href=\"https:\/\/steelstorm.standardof.net\/fr\/steel-storm-burning-retribution-icebound-paradise-1\/\"><img decoding=\"async\" src=\"https:\/\/steelstorm.standardof.net\/wp-content\/uploads\/sites\/3\/2020\/10\/Steel-Storm-Burning-Retribution-Icebound-Paradise-1.jpg\" alt=\"\" class=\"wp-image-267\" width=\"600\" height=\"483\" title=\"\" srcset=\"https:\/\/steelstorm.standardof.net\/wp-content\/uploads\/sites\/3\/2020\/10\/Steel-Storm-Burning-Retribution-Icebound-Paradise-1.jpg 800w, https:\/\/steelstorm.standardof.net\/wp-content\/uploads\/sites\/3\/2020\/10\/Steel-Storm-Burning-Retribution-Icebound-Paradise-1-300x242.jpg 300w, https:\/\/steelstorm.standardof.net\/wp-content\/uploads\/sites\/3\/2020\/10\/Steel-Storm-Burning-Retribution-Icebound-Paradise-1-768x618.jpg 768w, https:\/\/steelstorm.standardof.net\/wp-content\/uploads\/sites\/3\/2020\/10\/Steel-Storm-Burning-Retribution-Icebound-Paradise-1-16x12.jpg 16w\" sizes=\"(max-width: 600px) 100vw, 600px\" \/><\/a><\/figure><\/div>\n\n\n\n<h3 class=\"has-text-align-center wp-block-heading\">- Objectifs principaux -<\/h3>\n\n\n\n<p class=\"has-text-align-center\">Acc\u00e9dez au pont.<\/p>\n\n\n\n<h4 class=\"has-text-align-center wp-block-heading\">- Objectifs secondaires -<\/h4>\n\n\n\n<p class=\"has-text-align-center\">D\u00e9truisez la grande cargaison de fournitures au pont.<\/p>\n\n<\/div><\/div>\n\n\n<div style=\"height:20px\" aria-hidden=\"true\" class=\"wp-block-spacer\"><\/div>\n\n\n<div class=\"gb-container gb-container-686af150\"><div class=\"gb-inside-container\">\n\n<h2 class=\"has-text-align-center wp-block-heading\">Progression de niveau et astuces:<\/h2>\n\n\n\n<p>Au d\u00e9but du niveau, vous trouverez une charrue Storm que vous pourrez r\u00e9cup\u00e9rer si vous souhaitez \u00e9changer votre arme \u00e0 \u00e9nergie principale. Commencez \u00e0 prendre le chemin vert jusqu&#039;\u00e0 ce que vous atteigniez le point <strong>UNE<\/strong>o\u00f9 vous trouverez un incin\u00e9rateur, deux casernes et un ob\u00e9lisque gard\u00e9 par des tourelles. Si vous d\u00e9truisez cet incin\u00e9rateur, vous pouvez trouver une vie suppl\u00e9mentaire, Storm Spread et le Rocket Pod. Une fois que vous avez fait cela, vous pouvez pirater le panneau voisin pour commencer \u00e0 laisser tomber le champ de force. Vous devrez vous arr\u00eater pour combattre deux vagues distinctes de chars l\u00e9gers \u00e0 environ 1\/3 de piratage et de chars moyens \u00e0 2\/3 de piratage.<\/p>\n\n\n\n<p>Traverser le champ de force maintenant en bas vers le point <strong>B<\/strong>vous trouverez un char lourd \u00e0 protons qui appara\u00eet lorsque vous traversez le champ abattu avec un canon \u00e0 faisceau, un bouclier et une armure compl\u00e8te assis \u00e0 proximit\u00e9 de barri\u00e8res que vous pouvez ramasser. Plusieurs apparitions d&#039;unit\u00e9s ennemies seront d\u00e9clench\u00e9es pendant le combat avec ce char alors soyez pr\u00eat \u00e0 les \u00e9viter \u00e9galement.<\/p>\n\n\n\n<p>Faites ensuite le tour du virage vers le point <strong>C<\/strong>. Vous trouverez ici une petite base avec une paire de tourelles \u00e0 plasma l\u00e9ger et une paire de tourelles de fus\u00e9e. Chacune des tourelles de fus\u00e9e engendrera une tourelle de r\u00e9paration \u00e0 proximit\u00e9, alors soyez pr\u00eat \u00e0 les assommer rapidement, ou positionnez-vous pour utiliser l&#039;onde de choc sur elles d\u00e8s leur arriv\u00e9e. Retirez la petite base elle-m\u00eame apr\u00e8s que ces tourelles soient abaiss\u00e9es pour lui faire d\u00e9poser une carte-cl\u00e9 rouge que vous pouvez utiliser sur un panneau voisin au sud-est de la cascade. Ce panneau laisse tomber le champ de force tout en cr\u00e9ant un nouveau trio de tourelles sur la petite base d\u00e9truite, dont l&#039;un est un canon \u00e0 faisceau lourd. Une fois qu&#039;ils sont partis, vous pouvez amener le t\u00e9l\u00e9porteur au point <strong>r\u00e9<\/strong>.<\/p>\n\n\n\n<p>Votre t\u00e2che finale sera maintenant de vous frayer un chemin \u00e0 travers les \u00e9normes groupes de caisses sur votre chemin vers la sortie pad au point <strong>E<\/strong>. Il n&#039;y a pas beaucoup d&#039;ennemis \u00e0 part quelques chars plus petits, des tourelles de fus\u00e9e et un char lourd \u00e0 protons qui appara\u00eet lorsque vous vous approchez des conteneurs. Assurez-vous de faire sauter tous les conteneurs jusqu&#039;\u00e0 ce que l&#039;objectif se d\u00e9gage et de ramasser tous les diff\u00e9rents objets l\u00e2ch\u00e9s, dont l&#039;un sera le MIRV. Une fois que les caisses sont parties, terminez une paire de tourelles \u00e0 plasma l\u00e9ger pr\u00e8s du pav\u00e9 de sortie pour d\u00e9gager la sortie de ce niveau.<\/p>\n\n\n\n<figure class=\"wp-block-gallery has-nested-images columns-default is-cropped wp-block-gallery-1 is-layout-flex wp-block-gallery-is-layout-flex\">\n<figure class=\"wp-block-image size-large\"><img decoding=\"async\" width=\"1024\" height=\"768\" src=\"https:\/\/steelstorm.standardof.net\/wp-content\/uploads\/sites\/3\/2020\/10\/Steel-Storm-Burning-Retribution-Icebound-Paradise-2.jpg\" alt=\"\" class=\"wp-image-268\" title=\"\" srcset=\"https:\/\/steelstorm.standardof.net\/wp-content\/uploads\/sites\/3\/2020\/10\/Steel-Storm-Burning-Retribution-Icebound-Paradise-2.jpg 1024w, https:\/\/steelstorm.standardof.net\/wp-content\/uploads\/sites\/3\/2020\/10\/Steel-Storm-Burning-Retribution-Icebound-Paradise-2-300x225.jpg 300w, https:\/\/steelstorm.standardof.net\/wp-content\/uploads\/sites\/3\/2020\/10\/Steel-Storm-Burning-Retribution-Icebound-Paradise-2-768x576.jpg 768w, https:\/\/steelstorm.standardof.net\/wp-content\/uploads\/sites\/3\/2020\/10\/Steel-Storm-Burning-Retribution-Icebound-Paradise-2-16x12.jpg 16w\" sizes=\"(max-width: 1024px) 100vw, 1024px\" \/><\/figure>\n\n\n\n<figure class=\"wp-block-image size-large\"><img decoding=\"async\" width=\"1024\" height=\"768\" src=\"https:\/\/steelstorm.standardof.net\/wp-content\/uploads\/sites\/3\/2020\/10\/Steel-Storm-Burning-Retribution-Icebound-Paradise-5.jpg\" alt=\"\" class=\"wp-image-271\" title=\"\" srcset=\"https:\/\/steelstorm.standardof.net\/wp-content\/uploads\/sites\/3\/2020\/10\/Steel-Storm-Burning-Retribution-Icebound-Paradise-5.jpg 1024w, https:\/\/steelstorm.standardof.net\/wp-content\/uploads\/sites\/3\/2020\/10\/Steel-Storm-Burning-Retribution-Icebound-Paradise-5-300x225.jpg 300w, https:\/\/steelstorm.standardof.net\/wp-content\/uploads\/sites\/3\/2020\/10\/Steel-Storm-Burning-Retribution-Icebound-Paradise-5-768x576.jpg 768w, https:\/\/steelstorm.standardof.net\/wp-content\/uploads\/sites\/3\/2020\/10\/Steel-Storm-Burning-Retribution-Icebound-Paradise-5-16x12.jpg 16w\" sizes=\"(max-width: 1024px) 100vw, 1024px\" \/><\/figure>\n\n\n\n<figure class=\"wp-block-image size-large\"><img decoding=\"async\" width=\"1024\" height=\"768\" src=\"https:\/\/steelstorm.standardof.net\/wp-content\/uploads\/sites\/3\/2020\/10\/Steel-Storm-Burning-Retribution-Icebound-Paradise-4.jpg\" alt=\"\" class=\"wp-image-270\" title=\"\" srcset=\"https:\/\/steelstorm.standardof.net\/wp-content\/uploads\/sites\/3\/2020\/10\/Steel-Storm-Burning-Retribution-Icebound-Paradise-4.jpg 1024w, https:\/\/steelstorm.standardof.net\/wp-content\/uploads\/sites\/3\/2020\/10\/Steel-Storm-Burning-Retribution-Icebound-Paradise-4-300x225.jpg 300w, https:\/\/steelstorm.standardof.net\/wp-content\/uploads\/sites\/3\/2020\/10\/Steel-Storm-Burning-Retribution-Icebound-Paradise-4-768x576.jpg 768w, https:\/\/steelstorm.standardof.net\/wp-content\/uploads\/sites\/3\/2020\/10\/Steel-Storm-Burning-Retribution-Icebound-Paradise-4-16x12.jpg 16w\" sizes=\"(max-width: 1024px) 100vw, 1024px\" \/><\/figure>\n\n\n\n<figure class=\"wp-block-image size-large\"><img decoding=\"async\" width=\"1024\" height=\"768\" src=\"https:\/\/steelstorm.standardof.net\/wp-content\/uploads\/sites\/3\/2020\/10\/Steel-Storm-Burning-Retribution-Icebound-Paradise-3.jpg\" alt=\"\" class=\"wp-image-269\" title=\"\" srcset=\"https:\/\/steelstorm.standardof.net\/wp-content\/uploads\/sites\/3\/2020\/10\/Steel-Storm-Burning-Retribution-Icebound-Paradise-3.jpg 1024w, https:\/\/steelstorm.standardof.net\/wp-content\/uploads\/sites\/3\/2020\/10\/Steel-Storm-Burning-Retribution-Icebound-Paradise-3-300x225.jpg 300w, https:\/\/steelstorm.standardof.net\/wp-content\/uploads\/sites\/3\/2020\/10\/Steel-Storm-Burning-Retribution-Icebound-Paradise-3-768x576.jpg 768w, https:\/\/steelstorm.standardof.net\/wp-content\/uploads\/sites\/3\/2020\/10\/Steel-Storm-Burning-Retribution-Icebound-Paradise-3-16x12.jpg 16w\" sizes=\"(max-width: 1024px) 100vw, 1024px\" \/><\/figure>\n<\/figure>\n\n<\/div><\/div>\n\n\n<div style=\"height:20px\" aria-hidden=\"true\" class=\"wp-block-spacer\"><\/div>\n\n\n\n<h3 class=\"has-text-align-center wp-block-heading\">Crushing Shackles - Proc\u00e9dure pas \u00e0 pas vid\u00e9o de Icebound Paradise<\/h3>\n\n\n\n<figure class=\"wp-block-embed is-type-video is-provider-youtube wp-block-embed-youtube wp-embed-aspect-4-3 wp-has-aspect-ratio\"><div class=\"wp-block-embed__wrapper\">\n<div class=\"ast-oembed-container\" style=\"height: 100%;\"><iframe title=\"Manilles \u00e9crasantes Ch2-L1 - Icebound Paradise: Steel Storm - Episode 2\" width=\"500\" height=\"375\" src=\"https:\/\/www.youtube.com\/embed\/5SbrHZEjc28?feature=oembed\" frameborder=\"0\" allow=\"accelerometer; autoplay; clipboard-write; encrypted-media; gyroscope; picture-in-picture; web-share\" referrerpolicy=\"strict-origin-when-cross-origin\" allowfullscreen><\/iframe><\/div>\n<\/div><\/figure>","protected":false},"excerpt":{"rendered":"<p>In the first level of chapter two, Crushing Shackles &#8211; Icebound Paradise of Steel Storm Burning Retribution, the battle is moved to a new area, leaving the frozen caverns from the first chapter. The task here will be to gain entry to a network of caves inhabited by the enemy via a guarded teleporter on [&hellip;]<\/p>","protected":false},"author":1,"featured_media":54,"parent":173,"menu_order":0,"comment_status":"open","ping_status":"closed","template":"","meta":{"_uag_custom_page_level_css":"","site-sidebar-layout":"default","site-content-layout":"default","ast-site-content-layout":"","site-content-style":"default","site-sidebar-style":"default","ast-global-header-display":"","ast-banner-title-visibility":"","ast-main-header-display":"","ast-hfb-above-header-display":"","ast-hfb-below-header-display":"","ast-hfb-mobile-header-display":"","site-post-title":"","ast-breadcrumbs-content":"","ast-featured-img":"","footer-sml-layout":"","theme-transparent-header-meta":"default","adv-header-id-meta":"","stick-header-meta":"","header-above-stick-meta":"","header-main-stick-meta":"","header-below-stick-meta":"","astra-migrate-meta-layouts":"default","ast-page-background-enabled":"default","ast-page-background-meta":{"desktop":{"background-color":"","background-image":"","background-repeat":"repeat","background-position":"center center","background-size":"auto","background-attachment":"scroll","background-type":"","background-media":"","overlay-type":"","overlay-color":"","overlay-gradient":""},"tablet":{"background-color":"","background-image":"","background-repeat":"repeat","background-position":"center center","background-size":"auto","background-attachment":"scroll","background-type":"","background-media":"","overlay-type":"","overlay-color":"","overlay-gradient":""},"mobile":{"background-color":"","background-image":"","background-repeat":"repeat","background-position":"center center","background-size":"auto","background-attachment":"scroll","background-type":"","background-media":"","overlay-type":"","overlay-color":"","overlay-gradient":""}},"ast-content-background-meta":{"desktop":{"background-color":"var(--ast-global-color-5)","background-image":"","background-repeat":"repeat","background-position":"center center","background-size":"auto","background-attachment":"scroll","background-type":"","background-media":"","overlay-type":"","overlay-color":"","overlay-gradient":""},"tablet":{"background-color":"var(--ast-global-color-5)","background-image":"","background-repeat":"repeat","background-position":"center center","background-size":"auto","background-attachment":"scroll","background-type":"","background-media":"","overlay-type":"","overlay-color":"","overlay-gradient":""},"mobile":{"background-color":"var(--ast-global-color-5)","background-image":"","background-repeat":"repeat","background-position":"center center","background-size":"auto","background-attachment":"scroll","background-type":"","background-media":"","overlay-type":"","overlay-color":"","overlay-gradient":""}},"footnotes":""},"uagb_featured_image_src":{"full":["https:\/\/steelstorm.standardof.net\/wp-content\/uploads\/sites\/3\/2020\/10\/MnEdR-1.jpg",1200,750,false],"thumbnail":["https:\/\/steelstorm.standardof.net\/wp-content\/uploads\/sites\/3\/2020\/10\/MnEdR-1-150x150.jpg",150,150,true],"medium":["https:\/\/steelstorm.standardof.net\/wp-content\/uploads\/sites\/3\/2020\/10\/MnEdR-1-300x188.jpg",300,188,true],"medium_large":["https:\/\/steelstorm.standardof.net\/wp-content\/uploads\/sites\/3\/2020\/10\/MnEdR-1-768x480.jpg",768,480,true],"large":["https:\/\/steelstorm.standardof.net\/wp-content\/uploads\/sites\/3\/2020\/10\/MnEdR-1-1024x640.jpg",1024,640,true],"1536x1536":["https:\/\/steelstorm.standardof.net\/wp-content\/uploads\/sites\/3\/2020\/10\/MnEdR-1.jpg",1200,750,false],"2048x2048":["https:\/\/steelstorm.standardof.net\/wp-content\/uploads\/sites\/3\/2020\/10\/MnEdR-1.jpg",1200,750,false],"trp-custom-language-flag":["https:\/\/steelstorm.standardof.net\/wp-content\/uploads\/sites\/3\/2020\/10\/MnEdR-1.jpg",18,12,false]},"uagb_author_info":{"display_name":"SOE","author_link":"https:\/\/steelstorm.standardof.net\/fr\/author\/k-tastic\/"},"uagb_comment_info":1,"uagb_excerpt":"In the first level of chapter two, Crushing Shackles &#8211; Icebound Paradise of Steel Storm Burning Retribution, the battle is moved to a new area, leaving the frozen caverns from the first chapter. The task here will be to gain entry to a network of caves inhabited by the enemy via a guarded teleporter on&hellip;","_links":{"self":[{"href":"https:\/\/steelstorm.standardof.net\/fr\/wp-json\/wp\/v2\/pages\/289"}],"collection":[{"href":"https:\/\/steelstorm.standardof.net\/fr\/wp-json\/wp\/v2\/pages"}],"about":[{"href":"https:\/\/steelstorm.standardof.net\/fr\/wp-json\/wp\/v2\/types\/page"}],"author":[{"embeddable":true,"href":"https:\/\/steelstorm.standardof.net\/fr\/wp-json\/wp\/v2\/users\/1"}],"replies":[{"embeddable":true,"href":"https:\/\/steelstorm.standardof.net\/fr\/wp-json\/wp\/v2\/comments?post=289"}],"version-history":[{"count":1,"href":"https:\/\/steelstorm.standardof.net\/fr\/wp-json\/wp\/v2\/pages\/289\/revisions"}],"predecessor-version":[{"id":451,"href":"https:\/\/steelstorm.standardof.net\/fr\/wp-json\/wp\/v2\/pages\/289\/revisions\/451"}],"up":[{"embeddable":true,"href":"https:\/\/steelstorm.standardof.net\/fr\/wp-json\/wp\/v2\/pages\/173"}],"wp:featuredmedia":[{"embeddable":true,"href":"https:\/\/steelstorm.standardof.net\/fr\/wp-json\/wp\/v2\/media\/54"}],"wp:attachment":[{"href":"https:\/\/steelstorm.standardof.net\/fr\/wp-json\/wp\/v2\/media?parent=289"}],"curies":[{"name":"wp","href":"https:\/\/api.w.org\/{rel}","templated":true}]}}