{"id":286,"date":"2020-10-17T14:34:31","date_gmt":"2020-10-17T14:34:31","guid":{"rendered":"https:\/\/steelstorm.standardof.net\/?page_id=286"},"modified":"2022-10-31T08:20:16","modified_gmt":"2022-10-31T08:20:16","slug":"burning-retribution-numb-steel","status":"publish","type":"page","link":"https:\/\/steelstorm.standardof.net\/fr\/guide\/procedures-de-niveau-2\/acier-engourdi-brulant\/","title":{"rendered":"R\u00e9tribution br\u00fblante: acier engourdi"},"content":{"rendered":"<p>La deuxi\u00e8me et derni\u00e8re mission du chapitre 1 de l&#039;\u00e9pisode 2 de Steel Storm, Numb Steel, vous ram\u00e8ne \u00e0 la m\u00e9t\u00e9orite gel\u00e9e pour continuer sur la m\u00eame carte que pr\u00e9c\u00e9demment, bien que maintenant se concentre sur la moiti\u00e9 sud de la carte qui \u00e9tait auparavant inaccessible alors que le la partie que vous avez couverte auparavant est maintenant verrouill\u00e9e. Votre t\u00e2che ici sera d&#039;interrompre la capacit\u00e9 des ennemis \u00e0 r\u00e9colter l&#039;eau de la glace, ce qu&#039;ils font avec une grande plate-forme mini\u00e8re.<\/p>\n\n\n\n<div style=\"height:20px\" aria-hidden=\"true\" class=\"wp-block-spacer\"><\/div>\n\n\n<div class=\"gb-container gb-container-ae025cb2\"><div class=\"gb-inside-container\">\n\n<h2 class=\"has-text-align-center wp-block-heading\">Carte et objectifs<\/h2>\n\n\n\n<div class=\"wp-block-image is-style-default\"><figure class=\"aligncenter size-full is-resized\"><a href=\"https:\/\/steelstorm.standardof.net\/fr\/steel-storm-burning-retribution-numb-steel-1\/\"><img decoding=\"async\" src=\"https:\/\/steelstorm.standardof.net\/wp-content\/uploads\/sites\/3\/2020\/10\/Steel-Storm-Burning-Retribution-Numb-Steel-1.jpg\" alt=\"\" class=\"wp-image-249\" width=\"653\" height=\"356\" title=\"\" srcset=\"https:\/\/steelstorm.standardof.net\/wp-content\/uploads\/sites\/3\/2020\/10\/Steel-Storm-Burning-Retribution-Numb-Steel-1.jpg 871w, https:\/\/steelstorm.standardof.net\/wp-content\/uploads\/sites\/3\/2020\/10\/Steel-Storm-Burning-Retribution-Numb-Steel-1-300x163.jpg 300w, https:\/\/steelstorm.standardof.net\/wp-content\/uploads\/sites\/3\/2020\/10\/Steel-Storm-Burning-Retribution-Numb-Steel-1-768x418.jpg 768w, https:\/\/steelstorm.standardof.net\/wp-content\/uploads\/sites\/3\/2020\/10\/Steel-Storm-Burning-Retribution-Numb-Steel-1-16x9.jpg 16w\" sizes=\"(max-width: 653px) 100vw, 653px\" \/><\/a><\/figure><\/div>\n\n\n\n<h3 class=\"has-text-align-center wp-block-heading\">- Objectifs principaux -<\/h3>\n\n\n\n<p class=\"has-text-align-center\">D\u00e9sactivez l&#039;\u00e9vaporateur<\/p>\n\n\n\n<h4 class=\"has-text-align-center wp-block-heading\">- Objectifs secondaires -<\/h4>\n\n\n\n<p class=\"has-text-align-center\">D\u00e9truire les racks de noyau de fusion (3)<\/p>\n\n<\/div><\/div>\n\n\n<div style=\"height:20px\" aria-hidden=\"true\" class=\"wp-block-spacer\"><\/div>\n\n\n<div class=\"gb-container gb-container-686af150\"><div class=\"gb-inside-container\">\n\n<h2 class=\"has-text-align-center wp-block-heading\">Progression de niveau et astuces:<\/h2>\n\n\n\n<p>Vous commencerez par le frai de votre r\u00e9servoir au point <strong>UNE<\/strong>. Avant de vous diriger vers le chemin vert, vous devriez v\u00e9rifier juste au sud de votre position de d\u00e9part pour trouver un canon Flak et quelques autres micros, mais soyez prudent car les approcher entra\u00eenera une l\u00e9g\u00e8re embuscade. Repoussez ces gars pour s\u00e9curiser les objets et les cristaux bonus avant de vous frayer un chemin vers <strong>B<\/strong>. Si vous avez perdu le Storm Plough de la mission pr\u00e9c\u00e9dente, vous pouvez en prendre un autre juste au nord du point de d\u00e9part.<\/p>\n\n\n\n<p>Point d&#039;approche <strong>B<\/strong>, vous serez pris en embuscade avec divers chars, dont quelques Lightning. Les combattre et voyager au point <strong>B<\/strong> vous pouvez trouver l&#039;arme Storm Spread qui vaut la peine d&#039;\u00eatre ramass\u00e9e et utilis\u00e9e rapidement pour repousser une nouvelle embuscade plus grande qui est d\u00e9clench\u00e9e par sa r\u00e9cup\u00e9ration ou tout simplement son approche. Cette vague provoquera les champs de force autour du point <strong>B<\/strong> \u00e0 monter pendant la dur\u00e9e du combat qui s&#039;ensuit, en redescendant lorsque le dernier char ennemi est \u00e0 terre.<\/p>\n\n\n\n<p>Point <strong>C <\/strong>apportera avec lui des portes plus ferm\u00e9es et des embuscades, mais vous donnera la possibilit\u00e9 de r\u00e9cup\u00e9rer le canon \u00e0 faisceau qui vous pr\u00e9sentera un excellent outil pour l&#039;\u00e9limination rapide des tourelles de longue port\u00e9e.<\/p>\n\n\n\n<p>Apr\u00e8s avoir combattu les premi\u00e8res vagues d&#039;ennemis qui apparaissent pour vous attaquer dans cette zone, passez au point <strong>r\u00e9 <\/strong>o\u00f9 vous trouverez une paire de consoles contr\u00f4lant un double champ de force. L&#039;un d&#039;eux sera imm\u00e9diatement piratable tandis que l&#039;autre n\u00e9cessite une carte d&#039;acc\u00e8s. Commencez \u00e0 pirater la premi\u00e8re console bleue pour laisser tomber le champ de force qui prot\u00e8ge le pad de d\u00e9clenchement au point <strong>C<\/strong> qui \u00e0 son tour d\u00e9sactive le champ de force autour du t\u00e9l\u00e9porteur juste en face de lui, toujours au point <strong>C<\/strong>. Certaines nouvelles tourelles appara\u00eetront pr\u00e8s du d\u00e9clencheur avec certains chars apr\u00e8s avoir pirat\u00e9 la console.<\/p>\n\n\n\n<p>Prenez le t\u00e9l\u00e9porteur au point <strong>C<\/strong> qui vous emm\u00e8ne le long du chemin violet au point <strong>1<\/strong>. Vous trouverez ici une paire de racks de noyau de fusion que vous devez d\u00e9truire \u00e0 partir du pad ou plus loin avant d&#039;approcher les tourelles de fus\u00e9e \u00e0 l&#039;extr\u00e9mit\u00e9 de cet espace clos. Si les tourelles de fus\u00e9e tirent sur vous alors que les racks sont toujours en place, ils pourraient potentiellement faire exploser les racks pendant que vous \u00eates \u00e0 proximit\u00e9 et vous \u00e9pater compl\u00e8tement. Une fois que les deux racks et les deux tourelles sont partis, r\u00e9cup\u00e9rez tous les cristaux bonus avec la premi\u00e8re carte-cl\u00e9 rouge et repassez par le t\u00e9l\u00e9porteur.<\/p>\n\n\n\n<p>Utilisez la carte d&#039;acc\u00e8s pour acc\u00e9der \u00e0 la deuxi\u00e8me console au point <strong>r\u00e9<\/strong> et arr\u00eatez-vous imm\u00e9diatement lorsque la prochaine vague d&#039;ennemis embusqu\u00e9s appara\u00eet pendant la tentative d&#039;acc\u00e8s. Ne restez pas immobile tant que le piratage n&#039;est pas termin\u00e9, car il est susceptible de vous tuer. Au lieu de cela, sortez rapidement la tourelle \u00e0 faisceau lourd et r\u00e9cup\u00e9rez le Rocket Pod qui appara\u00eet, le tournant contre le groupe condens\u00e9 de chars qui viennent vous engager. Une fois que vous avez d\u00e9gag\u00e9 la zone, vous pouvez revenir \u00e0 votre activit\u00e9 pr\u00e9c\u00e9dente consistant \u00e0 abattre le champ de force avec la carte-cl\u00e9 pour vous diriger vers le point <strong>F<\/strong>.<\/p>\n\n\n\n<p>\u00c0 <strong>E<\/strong> vous ferez face \u00e0 un large \u00e9ventail d&#039;ennemis, mais pour le moment, votre objectif principal ne sera pas l&#039;\u00e9vaporateur, mais plut\u00f4t le nettoyage de la zone afin que vous puissiez pirater le terminal au point <strong>F<\/strong>. Ce terminal l\u00e2chera le champ de force adjacent qui vous donne acc\u00e8s \u00e0 un pad de d\u00e9clenchement qui \u00e0 son tour d\u00e9verrouille le champ de force entre <strong>UNE<\/strong> et <strong>g<\/strong>. Il est maintenant temps de revenir en arri\u00e8re vers ces endroits, en suivant le chemin rouge vers <strong>g<\/strong>.<\/p>\n\n\n\n<p>En atteignant le point <strong>g <\/strong>vous trouverez une arme \u00e0 \u00e9nergie secondaire Thunderbolt que vous pourrez utiliser, bien que je sugg\u00e8re de vous en tenir au canon \u00e0 faisceau. \u00c9liminez les ennemis ici en vous assurant de vous concentrer sur la tourelle de r\u00e9paration avant d&#039;aller plus loin <strong>H<\/strong> o\u00f9 vous pouvez trouver le portail de sortie gard\u00e9 par un champ de force actif \u00e0 c\u00f4t\u00e9 d&#039;un b\u00e2timent avec un champ de force bloquant son entr\u00e9e et un terminal piratable contre lui. D\u00e9gagez la zone et piratez ce terminal pour laisser tomber son champ de force, vous permettant d&#039;entrer dans le b\u00e2timent et de prendre le t\u00e9l\u00e9porteur (chemin violet) au point <strong>2<\/strong>.<\/p>\n\n\n\n<p>Au point<strong> 2<\/strong> vous pouvez d\u00e9truire le troisi\u00e8me et dernier noyau de fusion, puis ramasser le noyau corrompu et l&#039;amener \u00e0 l&#039;autre t\u00e9l\u00e9porteur (chemin bleu clair) au point<strong> E<\/strong> o\u00f9 vous pouvez ins\u00e9rer le noyau corrompu dans l&#039;\u00e9vaporateur, compl\u00e9tant ainsi votre objectif principal et d\u00e9posant 2 cartes-cl\u00e9s rouges que vous pourrez ramasser et ramener au point <strong>H<\/strong> en utilisant les t\u00e9l\u00e9porteurs, en vous arr\u00eatant pour combattre le char lourd \u00e0 protons engendr\u00e9 par la d\u00e9sactivation de l&#039;\u00e9vaporateur.<\/p>\n\n\n\n<p>Arriver au point <strong>H<\/strong>, utilisez les deux keycards sur les deux consoles \u00e0 c\u00f4t\u00e9 du portail de sortie. Cela d\u00e9clenche un autre char lourd \u00e0 protons qui devra \u00eatre d\u00e9truit avant que le champ de force gardant le portail de sortie ne tombe finalement, engendrant des cristaux bonus devant lui dans le processus.<\/p>\n\n\n\n<figure class=\"wp-block-gallery has-nested-images columns-default is-cropped wp-block-gallery-1 is-layout-flex wp-block-gallery-is-layout-flex\">\n<figure class=\"wp-block-image size-large\"><img decoding=\"async\" width=\"1024\" height=\"576\" src=\"https:\/\/steelstorm.standardof.net\/wp-content\/uploads\/sites\/3\/2020\/10\/Steel-Storm-Burning-Retribution-Numb-Steel-2.jpg\" alt=\"\" class=\"wp-image-250\" title=\"\" srcset=\"https:\/\/steelstorm.standardof.net\/wp-content\/uploads\/sites\/3\/2020\/10\/Steel-Storm-Burning-Retribution-Numb-Steel-2.jpg 1024w, https:\/\/steelstorm.standardof.net\/wp-content\/uploads\/sites\/3\/2020\/10\/Steel-Storm-Burning-Retribution-Numb-Steel-2-300x169.jpg 300w, https:\/\/steelstorm.standardof.net\/wp-content\/uploads\/sites\/3\/2020\/10\/Steel-Storm-Burning-Retribution-Numb-Steel-2-768x432.jpg 768w, https:\/\/steelstorm.standardof.net\/wp-content\/uploads\/sites\/3\/2020\/10\/Steel-Storm-Burning-Retribution-Numb-Steel-2-16x9.jpg 16w\" sizes=\"(max-width: 1024px) 100vw, 1024px\" \/><\/figure>\n\n\n\n<figure class=\"wp-block-image size-large\"><img decoding=\"async\" width=\"1024\" height=\"576\" src=\"https:\/\/steelstorm.standardof.net\/wp-content\/uploads\/sites\/3\/2020\/10\/Steel-Storm-Burning-Retribution-Numb-Steel-7.jpg\" alt=\"\" class=\"wp-image-255\" title=\"\" srcset=\"https:\/\/steelstorm.standardof.net\/wp-content\/uploads\/sites\/3\/2020\/10\/Steel-Storm-Burning-Retribution-Numb-Steel-7.jpg 1024w, https:\/\/steelstorm.standardof.net\/wp-content\/uploads\/sites\/3\/2020\/10\/Steel-Storm-Burning-Retribution-Numb-Steel-7-300x169.jpg 300w, https:\/\/steelstorm.standardof.net\/wp-content\/uploads\/sites\/3\/2020\/10\/Steel-Storm-Burning-Retribution-Numb-Steel-7-768x432.jpg 768w, https:\/\/steelstorm.standardof.net\/wp-content\/uploads\/sites\/3\/2020\/10\/Steel-Storm-Burning-Retribution-Numb-Steel-7-16x9.jpg 16w\" sizes=\"(max-width: 1024px) 100vw, 1024px\" \/><\/figure>\n\n\n\n<figure class=\"wp-block-image size-large\"><img decoding=\"async\" width=\"1024\" height=\"576\" src=\"https:\/\/steelstorm.standardof.net\/wp-content\/uploads\/sites\/3\/2020\/10\/Steel-Storm-Burning-Retribution-Numb-Steel-6.jpg\" alt=\"\" class=\"wp-image-254\" title=\"\" srcset=\"https:\/\/steelstorm.standardof.net\/wp-content\/uploads\/sites\/3\/2020\/10\/Steel-Storm-Burning-Retribution-Numb-Steel-6.jpg 1024w, https:\/\/steelstorm.standardof.net\/wp-content\/uploads\/sites\/3\/2020\/10\/Steel-Storm-Burning-Retribution-Numb-Steel-6-300x169.jpg 300w, https:\/\/steelstorm.standardof.net\/wp-content\/uploads\/sites\/3\/2020\/10\/Steel-Storm-Burning-Retribution-Numb-Steel-6-768x432.jpg 768w, https:\/\/steelstorm.standardof.net\/wp-content\/uploads\/sites\/3\/2020\/10\/Steel-Storm-Burning-Retribution-Numb-Steel-6-16x9.jpg 16w\" sizes=\"(max-width: 1024px) 100vw, 1024px\" \/><\/figure>\n\n\n\n<figure class=\"wp-block-image size-large\"><img decoding=\"async\" width=\"1024\" height=\"576\" src=\"https:\/\/steelstorm.standardof.net\/wp-content\/uploads\/sites\/3\/2020\/10\/Steel-Storm-Burning-Retribution-Numb-Steel-5.jpg\" alt=\"\" class=\"wp-image-253\" title=\"\" srcset=\"https:\/\/steelstorm.standardof.net\/wp-content\/uploads\/sites\/3\/2020\/10\/Steel-Storm-Burning-Retribution-Numb-Steel-5.jpg 1024w, https:\/\/steelstorm.standardof.net\/wp-content\/uploads\/sites\/3\/2020\/10\/Steel-Storm-Burning-Retribution-Numb-Steel-5-300x169.jpg 300w, https:\/\/steelstorm.standardof.net\/wp-content\/uploads\/sites\/3\/2020\/10\/Steel-Storm-Burning-Retribution-Numb-Steel-5-768x432.jpg 768w, https:\/\/steelstorm.standardof.net\/wp-content\/uploads\/sites\/3\/2020\/10\/Steel-Storm-Burning-Retribution-Numb-Steel-5-16x9.jpg 16w\" sizes=\"(max-width: 1024px) 100vw, 1024px\" \/><\/figure>\n\n\n\n<figure class=\"wp-block-image size-large\"><img decoding=\"async\" width=\"1024\" height=\"576\" src=\"https:\/\/steelstorm.standardof.net\/wp-content\/uploads\/sites\/3\/2020\/10\/Steel-Storm-Burning-Retribution-Numb-Steel-4.jpg\" alt=\"\" class=\"wp-image-252\" title=\"\" srcset=\"https:\/\/steelstorm.standardof.net\/wp-content\/uploads\/sites\/3\/2020\/10\/Steel-Storm-Burning-Retribution-Numb-Steel-4.jpg 1024w, https:\/\/steelstorm.standardof.net\/wp-content\/uploads\/sites\/3\/2020\/10\/Steel-Storm-Burning-Retribution-Numb-Steel-4-300x169.jpg 300w, https:\/\/steelstorm.standardof.net\/wp-content\/uploads\/sites\/3\/2020\/10\/Steel-Storm-Burning-Retribution-Numb-Steel-4-768x432.jpg 768w, https:\/\/steelstorm.standardof.net\/wp-content\/uploads\/sites\/3\/2020\/10\/Steel-Storm-Burning-Retribution-Numb-Steel-4-16x9.jpg 16w\" sizes=\"(max-width: 1024px) 100vw, 1024px\" \/><\/figure>\n\n\n\n<figure class=\"wp-block-image size-large\"><img decoding=\"async\" width=\"1024\" height=\"576\" src=\"https:\/\/steelstorm.standardof.net\/wp-content\/uploads\/sites\/3\/2020\/10\/Steel-Storm-Burning-Retribution-Numb-Steel-3.jpg\" alt=\"\" class=\"wp-image-251\" title=\"\" srcset=\"https:\/\/steelstorm.standardof.net\/wp-content\/uploads\/sites\/3\/2020\/10\/Steel-Storm-Burning-Retribution-Numb-Steel-3.jpg 1024w, https:\/\/steelstorm.standardof.net\/wp-content\/uploads\/sites\/3\/2020\/10\/Steel-Storm-Burning-Retribution-Numb-Steel-3-300x169.jpg 300w, https:\/\/steelstorm.standardof.net\/wp-content\/uploads\/sites\/3\/2020\/10\/Steel-Storm-Burning-Retribution-Numb-Steel-3-768x432.jpg 768w, https:\/\/steelstorm.standardof.net\/wp-content\/uploads\/sites\/3\/2020\/10\/Steel-Storm-Burning-Retribution-Numb-Steel-3-16x9.jpg 16w\" sizes=\"(max-width: 1024px) 100vw, 1024px\" \/><\/figure>\n<\/figure>\n\n<\/div><\/div>\n\n\n<div style=\"height:20px\" aria-hidden=\"true\" class=\"wp-block-spacer\"><\/div>\n\n\n\n<h3 class=\"has-text-align-center wp-block-heading\">Snowflakes Tempest - Proc\u00e9dure vid\u00e9o Numb Steel<\/h3>\n\n\n\n<figure class=\"wp-block-embed is-type-video is-provider-youtube wp-block-embed-youtube wp-embed-aspect-16-9 wp-has-aspect-ratio\"><div class=\"wp-block-embed__wrapper\">\n<div class=\"ast-oembed-container\" style=\"height: 100%;\"><iframe title=\"Temp\u00eate de flocons de neige: acier engourdi - Temp\u00eate d&#039;acier: ch\u00e2timent br\u00fblant - Travers\u00e9e de l&#039;\u00e9pisode 2\" width=\"500\" height=\"281\" src=\"https:\/\/www.youtube.com\/embed\/YOoiuILS9Ts?feature=oembed\" frameborder=\"0\" allow=\"accelerometer; autoplay; clipboard-write; encrypted-media; gyroscope; picture-in-picture; web-share\" referrerpolicy=\"strict-origin-when-cross-origin\" allowfullscreen><\/iframe><\/div>\n<\/div><\/figure>","protected":false},"excerpt":{"rendered":"<p>The second and final mission in chapter 1 of Episode 2 in Steel Storm, Numb Steel, takes you back to the frozen meteorite to continue in the same map as previously, although now focusing on the southern half of the map which was previously inaccessible while the part you covered before is now locked off. [&hellip;]<\/p>","protected":false},"author":1,"featured_media":54,"parent":173,"menu_order":0,"comment_status":"open","ping_status":"closed","template":"","meta":{"_uag_custom_page_level_css":"","site-sidebar-layout":"default","site-content-layout":"default","ast-site-content-layout":"","site-content-style":"default","site-sidebar-style":"default","ast-global-header-display":"","ast-banner-title-visibility":"","ast-main-header-display":"","ast-hfb-above-header-display":"","ast-hfb-below-header-display":"","ast-hfb-mobile-header-display":"","site-post-title":"","ast-breadcrumbs-content":"","ast-featured-img":"","footer-sml-layout":"","theme-transparent-header-meta":"default","adv-header-id-meta":"","stick-header-meta":"","header-above-stick-meta":"","header-main-stick-meta":"","header-below-stick-meta":"","astra-migrate-meta-layouts":"default","ast-page-background-enabled":"default","ast-page-background-meta":{"desktop":{"background-color":"","background-image":"","background-repeat":"repeat","background-position":"center center","background-size":"auto","background-attachment":"scroll","background-type":"","background-media":"","overlay-type":"","overlay-color":"","overlay-gradient":""},"tablet":{"background-color":"","background-image":"","background-repeat":"repeat","background-position":"center center","background-size":"auto","background-attachment":"scroll","background-type":"","background-media":"","overlay-type":"","overlay-color":"","overlay-gradient":""},"mobile":{"background-color":"","background-image":"","background-repeat":"repeat","background-position":"center center","background-size":"auto","background-attachment":"scroll","background-type":"","background-media":"","overlay-type":"","overlay-color":"","overlay-gradient":""}},"ast-content-background-meta":{"desktop":{"background-color":"var(--ast-global-color-5)","background-image":"","background-repeat":"repeat","background-position":"center center","background-size":"auto","background-attachment":"scroll","background-type":"","background-media":"","overlay-type":"","overlay-color":"","overlay-gradient":""},"tablet":{"background-color":"var(--ast-global-color-5)","background-image":"","background-repeat":"repeat","background-position":"center center","background-size":"auto","background-attachment":"scroll","background-type":"","background-media":"","overlay-type":"","overlay-color":"","overlay-gradient":""},"mobile":{"background-color":"var(--ast-global-color-5)","background-image":"","background-repeat":"repeat","background-position":"center center","background-size":"auto","background-attachment":"scroll","background-type":"","background-media":"","overlay-type":"","overlay-color":"","overlay-gradient":""}},"footnotes":""},"uagb_featured_image_src":{"full":["https:\/\/steelstorm.standardof.net\/wp-content\/uploads\/sites\/3\/2020\/10\/MnEdR-1.jpg",1200,750,false],"thumbnail":["https:\/\/steelstorm.standardof.net\/wp-content\/uploads\/sites\/3\/2020\/10\/MnEdR-1-150x150.jpg",150,150,true],"medium":["https:\/\/steelstorm.standardof.net\/wp-content\/uploads\/sites\/3\/2020\/10\/MnEdR-1-300x188.jpg",300,188,true],"medium_large":["https:\/\/steelstorm.standardof.net\/wp-content\/uploads\/sites\/3\/2020\/10\/MnEdR-1-768x480.jpg",768,480,true],"large":["https:\/\/steelstorm.standardof.net\/wp-content\/uploads\/sites\/3\/2020\/10\/MnEdR-1-1024x640.jpg",1024,640,true],"1536x1536":["https:\/\/steelstorm.standardof.net\/wp-content\/uploads\/sites\/3\/2020\/10\/MnEdR-1.jpg",1200,750,false],"2048x2048":["https:\/\/steelstorm.standardof.net\/wp-content\/uploads\/sites\/3\/2020\/10\/MnEdR-1.jpg",1200,750,false],"trp-custom-language-flag":["https:\/\/steelstorm.standardof.net\/wp-content\/uploads\/sites\/3\/2020\/10\/MnEdR-1.jpg",18,12,false]},"uagb_author_info":{"display_name":"SOE","author_link":"https:\/\/steelstorm.standardof.net\/fr\/author\/k-tastic\/"},"uagb_comment_info":0,"uagb_excerpt":"The second and final mission in chapter 1 of Episode 2 in Steel Storm, Numb Steel, takes you back to the frozen meteorite to continue in the same map as previously, although now focusing on the southern half of the map which was previously inaccessible while the part you covered before is now locked off.&hellip;","_links":{"self":[{"href":"https:\/\/steelstorm.standardof.net\/fr\/wp-json\/wp\/v2\/pages\/286"}],"collection":[{"href":"https:\/\/steelstorm.standardof.net\/fr\/wp-json\/wp\/v2\/pages"}],"about":[{"href":"https:\/\/steelstorm.standardof.net\/fr\/wp-json\/wp\/v2\/types\/page"}],"author":[{"embeddable":true,"href":"https:\/\/steelstorm.standardof.net\/fr\/wp-json\/wp\/v2\/users\/1"}],"replies":[{"embeddable":true,"href":"https:\/\/steelstorm.standardof.net\/fr\/wp-json\/wp\/v2\/comments?post=286"}],"version-history":[{"count":1,"href":"https:\/\/steelstorm.standardof.net\/fr\/wp-json\/wp\/v2\/pages\/286\/revisions"}],"predecessor-version":[{"id":455,"href":"https:\/\/steelstorm.standardof.net\/fr\/wp-json\/wp\/v2\/pages\/286\/revisions\/455"}],"up":[{"embeddable":true,"href":"https:\/\/steelstorm.standardof.net\/fr\/wp-json\/wp\/v2\/pages\/173"}],"wp:featuredmedia":[{"embeddable":true,"href":"https:\/\/steelstorm.standardof.net\/fr\/wp-json\/wp\/v2\/media\/54"}],"wp:attachment":[{"href":"https:\/\/steelstorm.standardof.net\/fr\/wp-json\/wp\/v2\/media?parent=286"}],"curies":[{"name":"wp","href":"https:\/\/api.w.org\/{rel}","templated":true}]}}