{"id":285,"date":"2020-10-17T14:31:12","date_gmt":"2020-10-17T14:31:12","guid":{"rendered":"https:\/\/steelstorm.standardof.net\/?page_id=285"},"modified":"2022-10-31T08:20:48","modified_gmt":"2022-10-31T08:20:48","slug":"burning-retribution-frozen-canyon","status":"publish","type":"page","link":"https:\/\/steelstorm.standardof.net\/fr\/guide\/procedures-de-niveau-2\/canyon-gele-en-feu-2\/","title":{"rendered":"R\u00e9tribution br\u00fblante: Canyon gel\u00e9"},"content":{"rendered":"<p>L&#039;\u00e9pisode Burning Retribution de Steel Storm commence avec Below Zero - Frozen Canyon o\u00f9 vous \u00eates largu\u00e9 sur la surface d&#039;une m\u00e9t\u00e9orite gel\u00e9e voyageant dans l&#039;espace o\u00f9 l&#039;on pense qu&#039;il y a une accumulation massive de forces et d&#039;installations ennemies.<\/p>\n\n\n\n<div style=\"height:20px\" aria-hidden=\"true\" class=\"wp-block-spacer\"><\/div>\n\n\n<div class=\"gb-container gb-container-ae025cb2\"><div class=\"gb-inside-container\">\n\n<h2 class=\"has-text-align-center wp-block-heading\">Carte et objectifs<\/h2>\n\n\n\n<div class=\"wp-block-image is-style-default\"><figure class=\"aligncenter size-full is-resized\"><a href=\"https:\/\/steelstorm.standardof.net\/fr\/steel-storm-burning-retribution-frozen-canyon-1\/\"><img decoding=\"async\" src=\"https:\/\/steelstorm.standardof.net\/wp-content\/uploads\/sites\/3\/2020\/10\/Steel-Storm-Burning-Retribution-Frozen-Canyon-1.jpg\" alt=\"\" class=\"wp-image-244\" width=\"575\" height=\"284\" title=\"\" srcset=\"https:\/\/steelstorm.standardof.net\/wp-content\/uploads\/sites\/3\/2020\/10\/Steel-Storm-Burning-Retribution-Frozen-Canyon-1.jpg 766w, https:\/\/steelstorm.standardof.net\/wp-content\/uploads\/sites\/3\/2020\/10\/Steel-Storm-Burning-Retribution-Frozen-Canyon-1-300x148.jpg 300w, https:\/\/steelstorm.standardof.net\/wp-content\/uploads\/sites\/3\/2020\/10\/Steel-Storm-Burning-Retribution-Frozen-Canyon-1-16x8.jpg 16w\" sizes=\"(max-width: 575px) 100vw, 575px\" \/><\/a><\/figure><\/div>\n\n\n\n<h3 class=\"has-text-align-center wp-block-heading\">- Objectifs principaux -<\/h3>\n\n\n\n<p class=\"has-text-align-center\">R\u00e9cup\u00e9rez les codes d&#039;acc\u00e8s du char lourd.<\/p>\n\n<\/div><\/div>\n\n\n<div style=\"height:20px\" aria-hidden=\"true\" class=\"wp-block-spacer\"><\/div>\n\n\n<div class=\"gb-container gb-container-686af150\"><div class=\"gb-inside-container\">\n\n<h2 class=\"has-text-align-center wp-block-heading\">Progression de niveau et astuces:<\/h2>\n\n\n\n<p>Vous commencerez dans une zone ferm\u00e9e avec quelques boucliers et le Storm Plough \u00e0 ramasser puisque vous \u00eates maintenant de retour au Minigun uniquement avec le d\u00e9but d&#039;un nouvel \u00e9pisode. Prenez ces objets et brisez la paroi rocheuse pour arriver au point <strong>UNE <\/strong>qui commencera le premier d&#039;une s\u00e9rie d&#039;embuscades qui composent le flux primaire de ce niveau. Une fois que vous l&#039;avez suffisamment rapproch\u00e9 du champ de force actuellement ouvert menant au point <strong>B<\/strong>, la porte se fermera et vous serez assailli par une s\u00e9rie de chars l\u00e9gers et moyens g\u00e9n\u00e9r\u00e9s avec 3 tourelles \u00e0 plasma l\u00e9ger. Une fois vaincu, vous pouvez marcher sur le d\u00e9clencheur \u00e0 c\u00f4t\u00e9 du champ de force pour le d\u00e9sactiver et continuer.<\/p>\n\n\n\n<p>Arriver au point <strong>B <\/strong>commence la deuxi\u00e8me embuscade, amenant le prochain champ de force qui \u00e9tait auparavant ouvert et vous pi\u00e9geant \u00e0 nouveau dans un espace clos pour repousser des vagues suppl\u00e9mentaires d&#039;ennemis. Vous pouvez reculer vers le point <strong>UNE <\/strong>vers lequel le champ restera baiss\u00e9, ce qui vous permettra de vous donner plus de place pour affronter les ennemis. La menace la plus importante ici est un trio de chars Lightning qui apparaissent dans le cadre de l&#039;attaque initiale.<\/p>\n\n\n\n<p>Repousser ces unit\u00e9s fera tomber le champ autour du point <strong>C<\/strong>, vous permettant de r\u00e9cup\u00e9rer le canon Flak l\u00e0-bas et quelques cristaux bonus et, ce faisant, de g\u00e9n\u00e9rer des unit\u00e9s d&#039;attaque suppl\u00e9mentaires, principalement sous la forme d&#039;une tourelle de r\u00e9paration juste \u00e0 l&#039;ext\u00e9rieur du terrain autour <strong>C<\/strong>. L\u00e2chez rapidement cette nouvelle tourelle pour l&#039;emp\u00eacher de ressusciter trop d&#039;unit\u00e9s. Si vous avez tir\u00e9 l&#039;ennemi vers le point A pr\u00e9c\u00e9demment, ce sera moins un probl\u00e8me.<\/p>\n\n\n\n<p>Prenez la deuxi\u00e8me charrue Storm sur le chemin du point <strong>r\u00e9 <\/strong>si vous avez perdu l&#039;arme auparavant avant d&#039;approcher la zone d&#039;embuscade finale \u00e0 ce niveau. Ici, vous serez attaqu\u00e9 par encore plus de chars avec une paire de tourelles de r\u00e9paration pour les soutenir. Tirez l&#039;ennemi loin en arri\u00e8re ou si vous vous sentez chanceux, pr\u00e9cipitez les tourelles de r\u00e9paration, bien que l&#039;option de retrait soit beaucoup plus viable. Une fois que vous avez nettoy\u00e9 la zone, vous pouvez vous approcher du pad de sortie qui activera un champ de force autour de lui avant de suivre la fl\u00e8che rouge pour activer un autre champ de force qui bloque d\u00e9finitivement la section sud de la carte.<\/p>\n\n\n\n<p>Une fois que ce deuxi\u00e8me champ de force appara\u00eet, le MIRV appara\u00eetra au nord de vous et peu de temps apr\u00e8s, une paire de tourelles de fus\u00e9e et une tourelle \u00e0 plasma l\u00e9ger. Soyez prudent en engageant ces tourelles de fus\u00e9e qui peuvent \u00eatre assez mortelles, m\u00eame \u00e0 des distances plus \u00e9loign\u00e9es, \u00e9tant donn\u00e9 que ses missiles voyagent plus loin que le Rocket Pod. Une fois ceux-ci abattus, r\u00e9cup\u00e9rez le MIRV pour obtenir votre premi\u00e8re arme secondaire et finalement engendrer la derni\u00e8re cible de cette mission, le char lourd \u00e0 protons.<\/p>\n\n\n\n<p>Vous pouvez utiliser efficacement la trajectoire ascendante du MIRV en vous cachant derri\u00e8re des obstacles tout en faisant pleuvoir des munitions sur le char lourd. Une fois que vous avez laiss\u00e9 tomber votre cible, vous pouvez vous diriger vers la zone de sortie maintenant ouverte et terminer le niveau Frozen Canyon.<\/p>\n\n\n\n<figure class=\"wp-block-gallery has-nested-images columns-default is-cropped wp-block-gallery-1 is-layout-flex wp-block-gallery-is-layout-flex\">\n<figure class=\"wp-block-image size-large\"><img decoding=\"async\" width=\"1024\" height=\"576\" src=\"https:\/\/steelstorm.standardof.net\/wp-content\/uploads\/sites\/3\/2020\/10\/Steel-Storm-Burning-Retribution-Frozen-Canyon-2.jpg\" alt=\"\" class=\"wp-image-245\" title=\"\" srcset=\"https:\/\/steelstorm.standardof.net\/wp-content\/uploads\/sites\/3\/2020\/10\/Steel-Storm-Burning-Retribution-Frozen-Canyon-2.jpg 1024w, https:\/\/steelstorm.standardof.net\/wp-content\/uploads\/sites\/3\/2020\/10\/Steel-Storm-Burning-Retribution-Frozen-Canyon-2-300x169.jpg 300w, https:\/\/steelstorm.standardof.net\/wp-content\/uploads\/sites\/3\/2020\/10\/Steel-Storm-Burning-Retribution-Frozen-Canyon-2-768x432.jpg 768w, https:\/\/steelstorm.standardof.net\/wp-content\/uploads\/sites\/3\/2020\/10\/Steel-Storm-Burning-Retribution-Frozen-Canyon-2-16x9.jpg 16w\" sizes=\"(max-width: 1024px) 100vw, 1024px\" \/><\/figure>\n\n\n\n<figure class=\"wp-block-image size-large\"><img decoding=\"async\" width=\"1024\" height=\"576\" src=\"https:\/\/steelstorm.standardof.net\/wp-content\/uploads\/sites\/3\/2020\/10\/Steel-Storm-Burning-Retribution-Frozen-Canyon-5.jpg\" alt=\"\" class=\"wp-image-248\" title=\"\" srcset=\"https:\/\/steelstorm.standardof.net\/wp-content\/uploads\/sites\/3\/2020\/10\/Steel-Storm-Burning-Retribution-Frozen-Canyon-5.jpg 1024w, https:\/\/steelstorm.standardof.net\/wp-content\/uploads\/sites\/3\/2020\/10\/Steel-Storm-Burning-Retribution-Frozen-Canyon-5-300x169.jpg 300w, https:\/\/steelstorm.standardof.net\/wp-content\/uploads\/sites\/3\/2020\/10\/Steel-Storm-Burning-Retribution-Frozen-Canyon-5-768x432.jpg 768w, https:\/\/steelstorm.standardof.net\/wp-content\/uploads\/sites\/3\/2020\/10\/Steel-Storm-Burning-Retribution-Frozen-Canyon-5-16x9.jpg 16w\" sizes=\"(max-width: 1024px) 100vw, 1024px\" \/><\/figure>\n\n\n\n<figure class=\"wp-block-image size-large\"><img decoding=\"async\" width=\"1024\" height=\"576\" src=\"https:\/\/steelstorm.standardof.net\/wp-content\/uploads\/sites\/3\/2020\/10\/Steel-Storm-Burning-Retribution-Frozen-Canyon-4.jpg\" alt=\"\" class=\"wp-image-247\" title=\"\" srcset=\"https:\/\/steelstorm.standardof.net\/wp-content\/uploads\/sites\/3\/2020\/10\/Steel-Storm-Burning-Retribution-Frozen-Canyon-4.jpg 1024w, https:\/\/steelstorm.standardof.net\/wp-content\/uploads\/sites\/3\/2020\/10\/Steel-Storm-Burning-Retribution-Frozen-Canyon-4-300x169.jpg 300w, https:\/\/steelstorm.standardof.net\/wp-content\/uploads\/sites\/3\/2020\/10\/Steel-Storm-Burning-Retribution-Frozen-Canyon-4-768x432.jpg 768w, https:\/\/steelstorm.standardof.net\/wp-content\/uploads\/sites\/3\/2020\/10\/Steel-Storm-Burning-Retribution-Frozen-Canyon-4-16x9.jpg 16w\" sizes=\"(max-width: 1024px) 100vw, 1024px\" \/><\/figure>\n\n\n\n<figure class=\"wp-block-image size-large\"><img decoding=\"async\" width=\"1024\" height=\"576\" src=\"https:\/\/steelstorm.standardof.net\/wp-content\/uploads\/sites\/3\/2020\/10\/Steel-Storm-Burning-Retribution-Frozen-Canyon-3.jpg\" alt=\"\" class=\"wp-image-246\" title=\"\" srcset=\"https:\/\/steelstorm.standardof.net\/wp-content\/uploads\/sites\/3\/2020\/10\/Steel-Storm-Burning-Retribution-Frozen-Canyon-3.jpg 1024w, https:\/\/steelstorm.standardof.net\/wp-content\/uploads\/sites\/3\/2020\/10\/Steel-Storm-Burning-Retribution-Frozen-Canyon-3-300x169.jpg 300w, https:\/\/steelstorm.standardof.net\/wp-content\/uploads\/sites\/3\/2020\/10\/Steel-Storm-Burning-Retribution-Frozen-Canyon-3-768x432.jpg 768w, https:\/\/steelstorm.standardof.net\/wp-content\/uploads\/sites\/3\/2020\/10\/Steel-Storm-Burning-Retribution-Frozen-Canyon-3-16x9.jpg 16w\" sizes=\"(max-width: 1024px) 100vw, 1024px\" \/><\/figure>\n<\/figure>\n\n<\/div><\/div>\n\n\n<div style=\"height:20px\" aria-hidden=\"true\" class=\"wp-block-spacer\"><\/div>\n\n\n\n<h3 class=\"has-text-align-center wp-block-heading\">Below Zero - Proc\u00e9dure vid\u00e9o de Frozen Canyon<\/h3>\n\n\n\n<figure class=\"wp-block-embed is-type-video is-provider-youtube wp-block-embed-youtube wp-embed-aspect-16-9 wp-has-aspect-ratio\"><div class=\"wp-block-embed__wrapper\">\n<div class=\"ast-oembed-container\" style=\"height: 100%;\"><iframe title=\"Sous z\u00e9ro: Frozen Canyon - Steel Storm: Burning Retribution - Episode 2 Walktrough\" width=\"500\" height=\"281\" src=\"https:\/\/www.youtube.com\/embed\/jy0HmPnbIDI?feature=oembed\" frameborder=\"0\" allow=\"accelerometer; autoplay; clipboard-write; encrypted-media; gyroscope; picture-in-picture; web-share\" referrerpolicy=\"strict-origin-when-cross-origin\" allowfullscreen><\/iframe><\/div>\n<\/div><\/figure>","protected":false},"excerpt":{"rendered":"<p>The Burning Retribution episode of Steel Storm starts off with Below Zero \u2013 Frozen Canyon where you are dropped onto the surface of a frozen meteorite travelling through space where it is believed there is a massive buildup of enemy forces and facilities. Map and Objectives &#8211; Primary Objectives &#8211; Retrieve the access codes from [&hellip;]<\/p>","protected":false},"author":1,"featured_media":54,"parent":173,"menu_order":0,"comment_status":"open","ping_status":"closed","template":"","meta":{"_uag_custom_page_level_css":"","site-sidebar-layout":"default","site-content-layout":"default","ast-site-content-layout":"","site-content-style":"default","site-sidebar-style":"default","ast-global-header-display":"","ast-banner-title-visibility":"","ast-main-header-display":"","ast-hfb-above-header-display":"","ast-hfb-below-header-display":"","ast-hfb-mobile-header-display":"","site-post-title":"","ast-breadcrumbs-content":"","ast-featured-img":"","footer-sml-layout":"","theme-transparent-header-meta":"default","adv-header-id-meta":"","stick-header-meta":"","header-above-stick-meta":"","header-main-stick-meta":"","header-below-stick-meta":"","astra-migrate-meta-layouts":"default","ast-page-background-enabled":"default","ast-page-background-meta":{"desktop":{"background-color":"","background-image":"","background-repeat":"repeat","background-position":"center center","background-size":"auto","background-attachment":"scroll","background-type":"","background-media":"","overlay-type":"","overlay-color":"","overlay-gradient":""},"tablet":{"background-color":"","background-image":"","background-repeat":"repeat","background-position":"center center","background-size":"auto","background-attachment":"scroll","background-type":"","background-media":"","overlay-type":"","overlay-color":"","overlay-gradient":""},"mobile":{"background-color":"","background-image":"","background-repeat":"repeat","background-position":"center center","background-size":"auto","background-attachment":"scroll","background-type":"","background-media":"","overlay-type":"","overlay-color":"","overlay-gradient":""}},"ast-content-background-meta":{"desktop":{"background-color":"var(--ast-global-color-5)","background-image":"","background-repeat":"repeat","background-position":"center center","background-size":"auto","background-attachment":"scroll","background-type":"","background-media":"","overlay-type":"","overlay-color":"","overlay-gradient":""},"tablet":{"background-color":"var(--ast-global-color-5)","background-image":"","background-repeat":"repeat","background-position":"center center","background-size":"auto","background-attachment":"scroll","background-type":"","background-media":"","overlay-type":"","overlay-color":"","overlay-gradient":""},"mobile":{"background-color":"var(--ast-global-color-5)","background-image":"","background-repeat":"repeat","background-position":"center center","background-size":"auto","background-attachment":"scroll","background-type":"","background-media":"","overlay-type":"","overlay-color":"","overlay-gradient":""}},"footnotes":""},"uagb_featured_image_src":{"full":["https:\/\/steelstorm.standardof.net\/wp-content\/uploads\/sites\/3\/2020\/10\/MnEdR-1.jpg",1200,750,false],"thumbnail":["https:\/\/steelstorm.standardof.net\/wp-content\/uploads\/sites\/3\/2020\/10\/MnEdR-1-150x150.jpg",150,150,true],"medium":["https:\/\/steelstorm.standardof.net\/wp-content\/uploads\/sites\/3\/2020\/10\/MnEdR-1-300x188.jpg",300,188,true],"medium_large":["https:\/\/steelstorm.standardof.net\/wp-content\/uploads\/sites\/3\/2020\/10\/MnEdR-1-768x480.jpg",768,480,true],"large":["https:\/\/steelstorm.standardof.net\/wp-content\/uploads\/sites\/3\/2020\/10\/MnEdR-1-1024x640.jpg",1024,640,true],"1536x1536":["https:\/\/steelstorm.standardof.net\/wp-content\/uploads\/sites\/3\/2020\/10\/MnEdR-1.jpg",1200,750,false],"2048x2048":["https:\/\/steelstorm.standardof.net\/wp-content\/uploads\/sites\/3\/2020\/10\/MnEdR-1.jpg",1200,750,false],"trp-custom-language-flag":["https:\/\/steelstorm.standardof.net\/wp-content\/uploads\/sites\/3\/2020\/10\/MnEdR-1.jpg",18,12,false]},"uagb_author_info":{"display_name":"SOE","author_link":"https:\/\/steelstorm.standardof.net\/fr\/author\/k-tastic\/"},"uagb_comment_info":0,"uagb_excerpt":"The Burning Retribution episode of Steel Storm starts off with Below Zero \u2013 Frozen Canyon where you are dropped onto the surface of a frozen meteorite travelling through space where it is believed there is a massive buildup of enemy forces and facilities. Map and Objectives &#8211; Primary Objectives &#8211; Retrieve the access codes from&hellip;","_links":{"self":[{"href":"https:\/\/steelstorm.standardof.net\/fr\/wp-json\/wp\/v2\/pages\/285"}],"collection":[{"href":"https:\/\/steelstorm.standardof.net\/fr\/wp-json\/wp\/v2\/pages"}],"about":[{"href":"https:\/\/steelstorm.standardof.net\/fr\/wp-json\/wp\/v2\/types\/page"}],"author":[{"embeddable":true,"href":"https:\/\/steelstorm.standardof.net\/fr\/wp-json\/wp\/v2\/users\/1"}],"replies":[{"embeddable":true,"href":"https:\/\/steelstorm.standardof.net\/fr\/wp-json\/wp\/v2\/comments?post=285"}],"version-history":[{"count":1,"href":"https:\/\/steelstorm.standardof.net\/fr\/wp-json\/wp\/v2\/pages\/285\/revisions"}],"predecessor-version":[{"id":458,"href":"https:\/\/steelstorm.standardof.net\/fr\/wp-json\/wp\/v2\/pages\/285\/revisions\/458"}],"up":[{"embeddable":true,"href":"https:\/\/steelstorm.standardof.net\/fr\/wp-json\/wp\/v2\/pages\/173"}],"wp:featuredmedia":[{"embeddable":true,"href":"https:\/\/steelstorm.standardof.net\/fr\/wp-json\/wp\/v2\/media\/54"}],"wp:attachment":[{"href":"https:\/\/steelstorm.standardof.net\/fr\/wp-json\/wp\/v2\/media?parent=285"}],"curies":[{"name":"wp","href":"https:\/\/api.w.org\/{rel}","templated":true}]}}