{"id":238,"date":"2020-10-17T12:15:47","date_gmt":"2020-10-17T12:15:47","guid":{"rendered":"https:\/\/steelstorm.standardof.net\/?page_id=238"},"modified":"2022-10-31T08:22:15","modified_gmt":"2022-10-31T08:22:15","slug":"skirmish-onslaught","status":"publish","type":"page","link":"https:\/\/steelstorm.standardof.net\/fr\/guide\/procedures-de-niveau-2\/escarmouche\/","title":{"rendered":"Escarmouche: Assaut"},"content":{"rendered":"<p>La premi\u00e8re mission bonus Onslaught, dans le jeu vid\u00e9o Steel Storm: Burning Retribution, vous permet de repartir avec uniquement votre Minigun. Dans ce niveau, vous n&#039;\u00eates confront\u00e9 qu&#039;\u00e0 une pl\u00e9thore d&#039;ennemis \u00e0 la recherche de votre sang, avec le seul objectif de sortir d&#039;ici vivant, en r\u00e9coltant un gros score en cours de route.<\/p>\n\n\n\n<div style=\"height:20px\" aria-hidden=\"true\" class=\"wp-block-spacer\"><\/div>\n\n\n<div class=\"gb-container gb-container-ae025cb2\"><div class=\"gb-inside-container\">\n\n<h2 class=\"has-text-align-center wp-block-heading\">Carte et objectifs<\/h2>\n\n\n\n<div class=\"wp-block-image is-style-default\"><figure class=\"aligncenter size-full is-resized\"><a href=\"https:\/\/steelstorm.standardof.net\/fr\/steel-storm-bonus-missions-skirmish-onslaught-1\/\"><img decoding=\"async\" src=\"https:\/\/steelstorm.standardof.net\/wp-content\/uploads\/sites\/3\/2020\/10\/Steel-Storm-Bonus-Missions-Skirmish-Onslaught-1.jpg\" alt=\"\" class=\"wp-image-222\" width=\"654\" height=\"500\" title=\"\" srcset=\"https:\/\/steelstorm.standardof.net\/wp-content\/uploads\/sites\/3\/2020\/10\/Steel-Storm-Bonus-Missions-Skirmish-Onslaught-1.jpg 872w, https:\/\/steelstorm.standardof.net\/wp-content\/uploads\/sites\/3\/2020\/10\/Steel-Storm-Bonus-Missions-Skirmish-Onslaught-1-300x229.jpg 300w, https:\/\/steelstorm.standardof.net\/wp-content\/uploads\/sites\/3\/2020\/10\/Steel-Storm-Bonus-Missions-Skirmish-Onslaught-1-768x587.jpg 768w, https:\/\/steelstorm.standardof.net\/wp-content\/uploads\/sites\/3\/2020\/10\/Steel-Storm-Bonus-Missions-Skirmish-Onslaught-1-16x12.jpg 16w\" sizes=\"(max-width: 654px) 100vw, 654px\" \/><\/a><\/figure><\/div>\n\n\n\n<h3 class=\"has-text-align-center wp-block-heading\">- Objectifs principaux -<\/h3>\n\n\n\n<p class=\"has-text-align-center\">Survivre<\/p>\n\n<\/div><\/div>\n\n\n<div style=\"height:20px\" aria-hidden=\"true\" class=\"wp-block-spacer\"><\/div>\n\n\n<div class=\"gb-container gb-container-686af150\"><div class=\"gb-inside-container\">\n\n<h2 class=\"has-text-align-center wp-block-heading\">Progression de niveau et astuces:<\/h2>\n\n\n\n<p>D\u00e8s le d\u00e9but, vous pouvez \u00e9changer votre Minigun contre un Flak Cannon si vous le souhaitez, en le ramassant avec des boucliers dont vous aurez s\u00fbrement besoin dans ce niveau \u00e0 un moment donn\u00e9. <strong>UNE<\/strong>. En continuant \u00e0 ramasser des armes initiales, vous pouvez trouver une paire de ramasseurs d&#039;armes Storm Plough sur le premier pont au sud au point <strong>B<\/strong>, apr\u00e8s avoir sorti les tourelles l\u00e0-bas.<\/p>\n\n\n\n<p>Au point <strong>C<\/strong>vous trouverez un portail qui crache continuellement des ennemis, le premier de plusieurs dans ce niveau, que vous devriez vous pr\u00e9cipiter et d\u00e9truire apr\u00e8s avoir \u00e9limin\u00e9 ses apparitions. Assurez-vous de le retirer d\u00e8s que possible et ne le laissez pas seul, car cela laisse tomber l&#039;arme Shockwave qui est extr\u00eamement utile dans cette mission et la prochaine.<\/p>\n\n\n\n<p>Au point <strong>r\u00e9<\/strong>vous trouverez un char lourd d\u00e9fendu par un certain nombre de tourelles \u00e0 fus\u00e9e et \u00e0 plasma l\u00e9ger. Ce sont les premi\u00e8res victimes parfaites contre lesquelles utiliser Shockwave, utilisant les nombreux recoins pour \u00e9viter leurs tirs. Vous trouverez \u00e9galement ici votre premi\u00e8re arme secondaire, le Rocket Pod.<\/p>\n\n\n\n<p>En continuant, vous trouverez un pick-up d&#039;arme Storm Spread que vous pouvez \u00e9ventuellement \u00e9changer contre votre Storm Plough au point <strong>E<\/strong>. Cette arme est particuli\u00e8rement utile dans la vague qui commence imm\u00e9diatement \u00e0 vous attaquer sur le pont.<\/p>\n\n\n\n<p>Point <strong>F<\/strong>vous fait affronter une paire de chars minigun lourds d\u00e9fendus par une paire de tourelles Beam Cannon. Le Shockwave est extr\u00eamement utile ici, en veillant \u00e0 utiliser les nombreux recoins des murs et des barri\u00e8res \u00e0 votre avantage. Continuez jusqu&#039;au point G qui se trouve dans le virage pour affronter le deuxi\u00e8me portail, en utilisant toutes vos armes pour labourer rapidement son spawn, en le retirant avant que la prochaine vague ne soit invoqu\u00e9e.<\/p>\n\n\n\n<p>En direction de l&#039;ouest sur le chemin vert fonc\u00e9 apr\u00e8s avoir atteint le point <strong>g<\/strong>, vous traverserez une vie suppl\u00e9mentaire que vous ne pouvez vraiment pas manquer \u00e0 un moment donn\u00e9 <strong>1<\/strong> et plus \u00e0 l&#039;ouest, un Rocket Pod et enfin le troisi\u00e8me Portal au point <strong>H<\/strong>. Une fois que vous avez \u00e9limin\u00e9 ces hostiles, prenez le t\u00e9l\u00e9porteur au point<strong> je <\/strong>qui se connecte au pad au point <strong>J<\/strong>.<\/p>\n\n\n\n<p>En suivant le chemin vert clair maintenant, vous pouvez faire un d\u00e9tour pour trouver une autre arme Storm Spread au point <strong>2 <\/strong>si vous en avez besoin maintenant, ou continuez tout droit vers le point <strong>K <\/strong>o\u00f9 une quatri\u00e8me structure Portal attend apr\u00e8s une autre reprise de vie suppl\u00e9mentaire difficile \u00e0 manquer. Plus loin, c&#039;est votre dernier d\u00e9fi majeur, avec un char lourd \u00e0 protons et deux tourelles \u00e0 canon \u00e0 faisceau au point <strong>L<\/strong>. Apr\u00e8s avoir \u00e9limin\u00e9 cette menace, vous pouvez faire le dernier tron\u00e7on au point <strong>M<\/strong> o\u00f9 votre pad de sortie attend.<\/p>\n\n\n\n<figure class=\"wp-block-gallery has-nested-images columns-default is-cropped wp-block-gallery-1 is-layout-flex wp-block-gallery-is-layout-flex\">\n<figure class=\"wp-block-image size-large\"><img decoding=\"async\" width=\"1024\" height=\"576\" src=\"https:\/\/steelstorm.standardof.net\/wp-content\/uploads\/sites\/3\/2020\/10\/Steel-Storm-Bonus-Missions-Skirmish-Onslaught-3.jpg\" alt=\"\" class=\"wp-image-224\" title=\"\" srcset=\"https:\/\/steelstorm.standardof.net\/wp-content\/uploads\/sites\/3\/2020\/10\/Steel-Storm-Bonus-Missions-Skirmish-Onslaught-3.jpg 1024w, https:\/\/steelstorm.standardof.net\/wp-content\/uploads\/sites\/3\/2020\/10\/Steel-Storm-Bonus-Missions-Skirmish-Onslaught-3-300x169.jpg 300w, https:\/\/steelstorm.standardof.net\/wp-content\/uploads\/sites\/3\/2020\/10\/Steel-Storm-Bonus-Missions-Skirmish-Onslaught-3-768x432.jpg 768w, https:\/\/steelstorm.standardof.net\/wp-content\/uploads\/sites\/3\/2020\/10\/Steel-Storm-Bonus-Missions-Skirmish-Onslaught-3-16x9.jpg 16w\" sizes=\"(max-width: 1024px) 100vw, 1024px\" \/><\/figure>\n\n\n\n<figure class=\"wp-block-image size-large\"><img decoding=\"async\" width=\"1024\" height=\"576\" src=\"https:\/\/steelstorm.standardof.net\/wp-content\/uploads\/sites\/3\/2020\/10\/Steel-Storm-Bonus-Missions-Skirmish-Onslaught-5.jpg\" alt=\"\" class=\"wp-image-226\" title=\"\" srcset=\"https:\/\/steelstorm.standardof.net\/wp-content\/uploads\/sites\/3\/2020\/10\/Steel-Storm-Bonus-Missions-Skirmish-Onslaught-5.jpg 1024w, https:\/\/steelstorm.standardof.net\/wp-content\/uploads\/sites\/3\/2020\/10\/Steel-Storm-Bonus-Missions-Skirmish-Onslaught-5-300x169.jpg 300w, https:\/\/steelstorm.standardof.net\/wp-content\/uploads\/sites\/3\/2020\/10\/Steel-Storm-Bonus-Missions-Skirmish-Onslaught-5-768x432.jpg 768w, https:\/\/steelstorm.standardof.net\/wp-content\/uploads\/sites\/3\/2020\/10\/Steel-Storm-Bonus-Missions-Skirmish-Onslaught-5-16x9.jpg 16w\" sizes=\"(max-width: 1024px) 100vw, 1024px\" \/><\/figure>\n\n\n\n<figure class=\"wp-block-image size-large\"><img decoding=\"async\" width=\"1024\" height=\"576\" src=\"https:\/\/steelstorm.standardof.net\/wp-content\/uploads\/sites\/3\/2020\/10\/Steel-Storm-Bonus-Missions-Skirmish-Onslaught-4.jpg\" alt=\"\" class=\"wp-image-225\" title=\"\" srcset=\"https:\/\/steelstorm.standardof.net\/wp-content\/uploads\/sites\/3\/2020\/10\/Steel-Storm-Bonus-Missions-Skirmish-Onslaught-4.jpg 1024w, https:\/\/steelstorm.standardof.net\/wp-content\/uploads\/sites\/3\/2020\/10\/Steel-Storm-Bonus-Missions-Skirmish-Onslaught-4-300x169.jpg 300w, https:\/\/steelstorm.standardof.net\/wp-content\/uploads\/sites\/3\/2020\/10\/Steel-Storm-Bonus-Missions-Skirmish-Onslaught-4-768x432.jpg 768w, https:\/\/steelstorm.standardof.net\/wp-content\/uploads\/sites\/3\/2020\/10\/Steel-Storm-Bonus-Missions-Skirmish-Onslaught-4-16x9.jpg 16w\" sizes=\"(max-width: 1024px) 100vw, 1024px\" \/><\/figure>\n\n\n\n<figure class=\"wp-block-image size-large\"><img decoding=\"async\" width=\"1024\" height=\"576\" src=\"https:\/\/steelstorm.standardof.net\/wp-content\/uploads\/sites\/3\/2020\/10\/Steel-Storm-Bonus-Missions-Skirmish-Onslaught-2.jpg\" alt=\"\" class=\"wp-image-223\" title=\"\" srcset=\"https:\/\/steelstorm.standardof.net\/wp-content\/uploads\/sites\/3\/2020\/10\/Steel-Storm-Bonus-Missions-Skirmish-Onslaught-2.jpg 1024w, https:\/\/steelstorm.standardof.net\/wp-content\/uploads\/sites\/3\/2020\/10\/Steel-Storm-Bonus-Missions-Skirmish-Onslaught-2-300x169.jpg 300w, https:\/\/steelstorm.standardof.net\/wp-content\/uploads\/sites\/3\/2020\/10\/Steel-Storm-Bonus-Missions-Skirmish-Onslaught-2-768x432.jpg 768w, https:\/\/steelstorm.standardof.net\/wp-content\/uploads\/sites\/3\/2020\/10\/Steel-Storm-Bonus-Missions-Skirmish-Onslaught-2-16x9.jpg 16w\" sizes=\"(max-width: 1024px) 100vw, 1024px\" \/><\/figure>\n<\/figure>\n\n<\/div><\/div>\n\n\n<div style=\"height:20px\" aria-hidden=\"true\" class=\"wp-block-spacer\"><\/div>\n\n\n\n<h3 class=\"has-text-align-center wp-block-heading\">Escarmouche - Proc\u00e9dure vid\u00e9o d&#039;assaut<\/h3>\n\n\n\n<figure class=\"wp-block-embed is-type-video is-provider-youtube wp-block-embed-youtube wp-embed-aspect-16-9 wp-has-aspect-ratio\"><div class=\"wp-block-embed__wrapper\">\n<div class=\"ast-oembed-container\" style=\"height: 100%;\"><iframe title=\"Escarmouche: Onslaught - Steel Storm: Burning Retribution - Walktrough de niveau bonus\" width=\"500\" height=\"281\" src=\"https:\/\/www.youtube.com\/embed\/hPfqIHADkxk?feature=oembed\" frameborder=\"0\" allow=\"accelerometer; autoplay; clipboard-write; encrypted-media; gyroscope; picture-in-picture; web-share\" referrerpolicy=\"strict-origin-when-cross-origin\" allowfullscreen><\/iframe><\/div>\n<\/div><\/figure>","protected":false},"excerpt":{"rendered":"<p>The first bonus mission Onslaught, in the video game Steel Storm: Burning Retribution has you starting off once more equipped only with your Minigun. In this level you are faced with nothing but a plethora of enemies out for your blood, with the sole objective of making it out of here alive, picking up a [&hellip;]<\/p>","protected":false},"author":1,"featured_media":54,"parent":173,"menu_order":0,"comment_status":"open","ping_status":"closed","template":"","meta":{"_uag_custom_page_level_css":"","site-sidebar-layout":"default","site-content-layout":"default","ast-site-content-layout":"","site-content-style":"default","site-sidebar-style":"default","ast-global-header-display":"","ast-banner-title-visibility":"","ast-main-header-display":"","ast-hfb-above-header-display":"","ast-hfb-below-header-display":"","ast-hfb-mobile-header-display":"","site-post-title":"","ast-breadcrumbs-content":"","ast-featured-img":"","footer-sml-layout":"","theme-transparent-header-meta":"default","adv-header-id-meta":"","stick-header-meta":"","header-above-stick-meta":"","header-main-stick-meta":"","header-below-stick-meta":"","astra-migrate-meta-layouts":"default","ast-page-background-enabled":"default","ast-page-background-meta":{"desktop":{"background-color":"","background-image":"","background-repeat":"repeat","background-position":"center center","background-size":"auto","background-attachment":"scroll","background-type":"","background-media":"","overlay-type":"","overlay-color":"","overlay-gradient":""},"tablet":{"background-color":"","background-image":"","background-repeat":"repeat","background-position":"center center","background-size":"auto","background-attachment":"scroll","background-type":"","background-media":"","overlay-type":"","overlay-color":"","overlay-gradient":""},"mobile":{"background-color":"","background-image":"","background-repeat":"repeat","background-position":"center center","background-size":"auto","background-attachment":"scroll","background-type":"","background-media":"","overlay-type":"","overlay-color":"","overlay-gradient":""}},"ast-content-background-meta":{"desktop":{"background-color":"var(--ast-global-color-5)","background-image":"","background-repeat":"repeat","background-position":"center center","background-size":"auto","background-attachment":"scroll","background-type":"","background-media":"","overlay-type":"","overlay-color":"","overlay-gradient":""},"tablet":{"background-color":"var(--ast-global-color-5)","background-image":"","background-repeat":"repeat","background-position":"center center","background-size":"auto","background-attachment":"scroll","background-type":"","background-media":"","overlay-type":"","overlay-color":"","overlay-gradient":""},"mobile":{"background-color":"var(--ast-global-color-5)","background-image":"","background-repeat":"repeat","background-position":"center center","background-size":"auto","background-attachment":"scroll","background-type":"","background-media":"","overlay-type":"","overlay-color":"","overlay-gradient":""}},"footnotes":""},"uagb_featured_image_src":{"full":["https:\/\/steelstorm.standardof.net\/wp-content\/uploads\/sites\/3\/2020\/10\/MnEdR-1.jpg",1200,750,false],"thumbnail":["https:\/\/steelstorm.standardof.net\/wp-content\/uploads\/sites\/3\/2020\/10\/MnEdR-1-150x150.jpg",150,150,true],"medium":["https:\/\/steelstorm.standardof.net\/wp-content\/uploads\/sites\/3\/2020\/10\/MnEdR-1-300x188.jpg",300,188,true],"medium_large":["https:\/\/steelstorm.standardof.net\/wp-content\/uploads\/sites\/3\/2020\/10\/MnEdR-1-768x480.jpg",768,480,true],"large":["https:\/\/steelstorm.standardof.net\/wp-content\/uploads\/sites\/3\/2020\/10\/MnEdR-1-1024x640.jpg",1024,640,true],"1536x1536":["https:\/\/steelstorm.standardof.net\/wp-content\/uploads\/sites\/3\/2020\/10\/MnEdR-1.jpg",1200,750,false],"2048x2048":["https:\/\/steelstorm.standardof.net\/wp-content\/uploads\/sites\/3\/2020\/10\/MnEdR-1.jpg",1200,750,false],"trp-custom-language-flag":["https:\/\/steelstorm.standardof.net\/wp-content\/uploads\/sites\/3\/2020\/10\/MnEdR-1.jpg",18,12,false]},"uagb_author_info":{"display_name":"SOE","author_link":"https:\/\/steelstorm.standardof.net\/fr\/author\/k-tastic\/"},"uagb_comment_info":0,"uagb_excerpt":"The first bonus mission Onslaught, in the video game Steel Storm: Burning Retribution has you starting off once more equipped only with your Minigun. In this level you are faced with nothing but a plethora of enemies out for your blood, with the sole objective of making it out of here alive, picking up a&hellip;","_links":{"self":[{"href":"https:\/\/steelstorm.standardof.net\/fr\/wp-json\/wp\/v2\/pages\/238"}],"collection":[{"href":"https:\/\/steelstorm.standardof.net\/fr\/wp-json\/wp\/v2\/pages"}],"about":[{"href":"https:\/\/steelstorm.standardof.net\/fr\/wp-json\/wp\/v2\/types\/page"}],"author":[{"embeddable":true,"href":"https:\/\/steelstorm.standardof.net\/fr\/wp-json\/wp\/v2\/users\/1"}],"replies":[{"embeddable":true,"href":"https:\/\/steelstorm.standardof.net\/fr\/wp-json\/wp\/v2\/comments?post=238"}],"version-history":[{"count":1,"href":"https:\/\/steelstorm.standardof.net\/fr\/wp-json\/wp\/v2\/pages\/238\/revisions"}],"predecessor-version":[{"id":462,"href":"https:\/\/steelstorm.standardof.net\/fr\/wp-json\/wp\/v2\/pages\/238\/revisions\/462"}],"up":[{"embeddable":true,"href":"https:\/\/steelstorm.standardof.net\/fr\/wp-json\/wp\/v2\/pages\/173"}],"wp:featuredmedia":[{"embeddable":true,"href":"https:\/\/steelstorm.standardof.net\/fr\/wp-json\/wp\/v2\/media\/54"}],"wp:attachment":[{"href":"https:\/\/steelstorm.standardof.net\/fr\/wp-json\/wp\/v2\/media?parent=238"}],"curies":[{"name":"wp","href":"https:\/\/api.w.org\/{rel}","templated":true}]}}