{"id":237,"date":"2020-10-17T12:19:58","date_gmt":"2020-10-17T12:19:58","guid":{"rendered":"https:\/\/steelstorm.standardof.net\/?page_id=237"},"modified":"2022-10-31T08:21:58","modified_gmt":"2022-10-31T08:21:58","slug":"skirmish-burning-sands","status":"publish","type":"page","link":"https:\/\/steelstorm.standardof.net\/fr\/guide\/procedures-de-niveau-2\/escarmouche-sables-brulants\/","title":{"rendered":"Escarmouche: Sables ardents"},"content":{"rendered":"<p>La mission Burning Sands est moins contrainte par des couloirs stricts au profit d&#039;un grand terrain divis\u00e9 en deux moiti\u00e9s principales que vous devrez traverser pour atteindre vos objectifs.<\/p>\n\n\n\n<div style=\"height:20px\" aria-hidden=\"true\" class=\"wp-block-spacer\"><\/div>\n\n\n<div class=\"gb-container gb-container-ae025cb2\"><div class=\"gb-inside-container\">\n\n<h2 class=\"has-text-align-center wp-block-heading\">Carte et objectifs<\/h2>\n\n\n\n<div class=\"wp-block-image is-style-default\"><figure class=\"aligncenter size-full is-resized\"><a href=\"https:\/\/steelstorm.standardof.net\/fr\/steel-storm-bonus-missions-skirmish-burning-sands-0\/\"><img decoding=\"async\" src=\"https:\/\/steelstorm.standardof.net\/wp-content\/uploads\/sites\/3\/2020\/10\/Steel-Storm-Bonus-Missions-Skirmish-Burning-Sands-0.jpg\" alt=\"\" class=\"wp-image-216\" width=\"668\" height=\"504\" title=\"\" srcset=\"https:\/\/steelstorm.standardof.net\/wp-content\/uploads\/sites\/3\/2020\/10\/Steel-Storm-Bonus-Missions-Skirmish-Burning-Sands-0.jpg 891w, https:\/\/steelstorm.standardof.net\/wp-content\/uploads\/sites\/3\/2020\/10\/Steel-Storm-Bonus-Missions-Skirmish-Burning-Sands-0-300x226.jpg 300w, https:\/\/steelstorm.standardof.net\/wp-content\/uploads\/sites\/3\/2020\/10\/Steel-Storm-Bonus-Missions-Skirmish-Burning-Sands-0-768x579.jpg 768w, https:\/\/steelstorm.standardof.net\/wp-content\/uploads\/sites\/3\/2020\/10\/Steel-Storm-Bonus-Missions-Skirmish-Burning-Sands-0-16x12.jpg 16w\" sizes=\"(max-width: 668px) 100vw, 668px\" \/><\/a><\/figure><\/div>\n\n\n\n<h3 class=\"has-text-align-center wp-block-heading\">- Objectifs principaux -<\/h3>\n\n\n\n<p class=\"has-text-align-center\">D\u00e9truisez l&#039;incin\u00e9rateur.<br>Acc\u00e9dez au c\u00f4t\u00e9 sud du pont.<br>Faites des ravages sur les forces ennemies restantes.<\/p>\n\n<\/div><\/div>\n\n\n<div style=\"height:20px\" aria-hidden=\"true\" class=\"wp-block-spacer\"><\/div>\n\n\n<div class=\"gb-container gb-container-686af150\"><div class=\"gb-inside-container\">\n\n<h2 class=\"has-text-align-center wp-block-heading\">Progression de niveau et astuces:<\/h2>\n\n\n\n<p>De votre point de d\u00e9part, il sera temps de vous diriger vers un point <strong>UNE<\/strong> le long du chemin rouge o\u00f9 vous trouverez des tourelles parmi d&#039;autres ennemis. Sortez les tourelles autour de l&#039;ob\u00e9lisque afin de larguer le champ de force autour du t\u00e9l\u00e9porteur ici. Lorsque ces champs sont d\u00e9sactiv\u00e9s, vous pouvez utiliser le pav\u00e9 pour vous t\u00e9l\u00e9porter au point <strong>B <\/strong>(chemin bleu clair) o\u00f9 une charrue temp\u00eate vous attend.<\/p>\n\n\n\n<p>Le champ dans lequel vous arrivez regorge d&#039;ennemis, alors attendez-vous \u00e0 passer un peu de temps \u00e0 le combattre avec des ennemis dans cette zone, ainsi qu&#039;un char lourd \u00e0 protons qui patrouille le chemin de fer \u00e0 proximit\u00e9. Suivez le chemin orange en vous assurant de prendre le chemin sud autour du plateau qui est le point <strong>H<\/strong> sur votre chemin pour pointer <strong>C <\/strong>qui abrite l&#039;incin\u00e9rateur que vous devez d\u00e9truire. Si vous empruntez le nord, un chemin plus fin, vous serez facilement pris en embuscade et submerg\u00e9 avec peu d&#039;espace pour esquiver.<\/p>\n\n\n\n<p>En option sur votre chemin vers le point <strong>C<\/strong> vous pouvez faire un petit d\u00e9tour pour pointer <strong>1<\/strong>o\u00f9 vous pouvez utiliser un ascenseur pour d\u00e9sactiver un champ de force \u00e0 c\u00f4t\u00e9 de la balise de d\u00e9part. Ceci est utile si vous rencontrez des probl\u00e8mes dans cette mission, vous donnant un itin\u00e9raire plus rapide pour revenir dans l&#039;action si vous p\u00e9rissiez. N&#039;h\u00e9sitez pas \u00e0 sauter cela si vous avez confiance en vos comp\u00e9tences de survie.<\/p>\n\n\n\n<p>Apr\u00e8s avoir d\u00e9truit l&#039;incin\u00e9rateur au point <strong>C<\/strong>, continuez vers l&#039;est pour atteindre le point <strong>r\u00e9<\/strong> o\u00f9 vous trouverez un pont de d\u00e9tente gard\u00e9 par des tourelles. Appuyez dessus pour d\u00e9sactiver le champ de force au point <strong>F<\/strong> vous permettant de traverser le pont du c\u00f4t\u00e9 sud. Avant de partir sur cette route, r\u00e9cup\u00e9rez la vie suppl\u00e9mentaire au point <strong>r\u00e9<\/strong> \u00e0 c\u00f4t\u00e9 du pad et prenez le t\u00e9l\u00e9porteur au point <strong>E<\/strong>.<\/p>\n\n\n\n<p>Ce t\u00e9l\u00e9porteur vous emm\u00e8ne dans le canyon entre les deux principaux terrains o\u00f9 vous pouvez vous diriger vers l&#039;ouest (chemin jaune) pour pointer <strong>F<\/strong>, collectant de jolis points bonus en cours de route vers une autre vie suppl\u00e9mentaire avant de rentrer d&#039;o\u00f9 vous \u00eates venu pour poursuivre la mission.<\/p>\n\n\n\n<p>Arriver au point <strong>E<\/strong> de voyager \u00e0 travers le canyon, suivez le chemin brun sur le pont au point <strong>F<\/strong>, en vous rappelant de vous tenir sur les c\u00f4t\u00e9s pour \u00e9viter de tomber par le milieu, sur le chemin du point <strong>g<\/strong>. Vous devrez probablement nettoyer la zone avant d&#039;avoir l&#039;opportunit\u00e9 de marcher sur le t\u00e9l\u00e9porteur au point <strong>g<\/strong> qui vous emm\u00e8ne au sommet du plateau au point <strong>H <\/strong>qui contient un pod de fus\u00e9e, une troisi\u00e8me vie et plus de points.<\/p>\n\n\n\n<p>Lorsque vous avez termin\u00e9 d&#039;\u00e9liminer l&#039;ennemi, vous pouvez utiliser le pav\u00e9 de sortie au point <strong>K<\/strong> quitter ce niveau.<\/p>\n\n\n\n<figure class=\"wp-block-gallery has-nested-images columns-default is-cropped wp-block-gallery-1 is-layout-flex wp-block-gallery-is-layout-flex\">\n<figure class=\"wp-block-image size-large\"><img decoding=\"async\" width=\"1024\" height=\"576\" src=\"https:\/\/steelstorm.standardof.net\/wp-content\/uploads\/sites\/3\/2020\/10\/Steel-Storm-Bonus-Missions-Skirmish-Burning-Sands-1.jpg\" alt=\"\" class=\"wp-image-217\" title=\"\" srcset=\"https:\/\/steelstorm.standardof.net\/wp-content\/uploads\/sites\/3\/2020\/10\/Steel-Storm-Bonus-Missions-Skirmish-Burning-Sands-1.jpg 1024w, https:\/\/steelstorm.standardof.net\/wp-content\/uploads\/sites\/3\/2020\/10\/Steel-Storm-Bonus-Missions-Skirmish-Burning-Sands-1-300x169.jpg 300w, https:\/\/steelstorm.standardof.net\/wp-content\/uploads\/sites\/3\/2020\/10\/Steel-Storm-Bonus-Missions-Skirmish-Burning-Sands-1-768x432.jpg 768w, https:\/\/steelstorm.standardof.net\/wp-content\/uploads\/sites\/3\/2020\/10\/Steel-Storm-Bonus-Missions-Skirmish-Burning-Sands-1-16x9.jpg 16w\" sizes=\"(max-width: 1024px) 100vw, 1024px\" \/><\/figure>\n\n\n\n<figure class=\"wp-block-image size-large\"><img decoding=\"async\" width=\"1024\" height=\"576\" src=\"https:\/\/steelstorm.standardof.net\/wp-content\/uploads\/sites\/3\/2020\/10\/Steel-Storm-Bonus-Missions-Skirmish-Burning-Sands-4.jpg\" alt=\"\" class=\"wp-image-220\" title=\"\" srcset=\"https:\/\/steelstorm.standardof.net\/wp-content\/uploads\/sites\/3\/2020\/10\/Steel-Storm-Bonus-Missions-Skirmish-Burning-Sands-4.jpg 1024w, https:\/\/steelstorm.standardof.net\/wp-content\/uploads\/sites\/3\/2020\/10\/Steel-Storm-Bonus-Missions-Skirmish-Burning-Sands-4-300x169.jpg 300w, https:\/\/steelstorm.standardof.net\/wp-content\/uploads\/sites\/3\/2020\/10\/Steel-Storm-Bonus-Missions-Skirmish-Burning-Sands-4-768x432.jpg 768w, https:\/\/steelstorm.standardof.net\/wp-content\/uploads\/sites\/3\/2020\/10\/Steel-Storm-Bonus-Missions-Skirmish-Burning-Sands-4-16x9.jpg 16w\" sizes=\"(max-width: 1024px) 100vw, 1024px\" \/><\/figure>\n\n\n\n<figure class=\"wp-block-image size-large\"><img decoding=\"async\" width=\"1024\" height=\"576\" src=\"https:\/\/steelstorm.standardof.net\/wp-content\/uploads\/sites\/3\/2020\/10\/Steel-Storm-Bonus-Missions-Skirmish-Burning-Sands-5.jpg\" alt=\"\" class=\"wp-image-221\" title=\"\" srcset=\"https:\/\/steelstorm.standardof.net\/wp-content\/uploads\/sites\/3\/2020\/10\/Steel-Storm-Bonus-Missions-Skirmish-Burning-Sands-5.jpg 1024w, https:\/\/steelstorm.standardof.net\/wp-content\/uploads\/sites\/3\/2020\/10\/Steel-Storm-Bonus-Missions-Skirmish-Burning-Sands-5-300x169.jpg 300w, https:\/\/steelstorm.standardof.net\/wp-content\/uploads\/sites\/3\/2020\/10\/Steel-Storm-Bonus-Missions-Skirmish-Burning-Sands-5-768x432.jpg 768w, https:\/\/steelstorm.standardof.net\/wp-content\/uploads\/sites\/3\/2020\/10\/Steel-Storm-Bonus-Missions-Skirmish-Burning-Sands-5-16x9.jpg 16w\" sizes=\"(max-width: 1024px) 100vw, 1024px\" \/><\/figure>\n\n\n\n<figure class=\"wp-block-image size-large\"><img decoding=\"async\" width=\"1024\" height=\"576\" src=\"https:\/\/steelstorm.standardof.net\/wp-content\/uploads\/sites\/3\/2020\/10\/Steel-Storm-Bonus-Missions-Skirmish-Burning-Sands-3.jpg\" alt=\"\" class=\"wp-image-219\" title=\"\" srcset=\"https:\/\/steelstorm.standardof.net\/wp-content\/uploads\/sites\/3\/2020\/10\/Steel-Storm-Bonus-Missions-Skirmish-Burning-Sands-3.jpg 1024w, https:\/\/steelstorm.standardof.net\/wp-content\/uploads\/sites\/3\/2020\/10\/Steel-Storm-Bonus-Missions-Skirmish-Burning-Sands-3-300x169.jpg 300w, https:\/\/steelstorm.standardof.net\/wp-content\/uploads\/sites\/3\/2020\/10\/Steel-Storm-Bonus-Missions-Skirmish-Burning-Sands-3-768x432.jpg 768w, https:\/\/steelstorm.standardof.net\/wp-content\/uploads\/sites\/3\/2020\/10\/Steel-Storm-Bonus-Missions-Skirmish-Burning-Sands-3-16x9.jpg 16w\" sizes=\"(max-width: 1024px) 100vw, 1024px\" \/><\/figure>\n\n\n\n<figure class=\"wp-block-image size-large\"><img decoding=\"async\" width=\"1024\" height=\"576\" src=\"https:\/\/steelstorm.standardof.net\/wp-content\/uploads\/sites\/3\/2020\/10\/Steel-Storm-Bonus-Missions-Skirmish-Burning-Sands-2.jpg\" alt=\"\" class=\"wp-image-218\" title=\"\" srcset=\"https:\/\/steelstorm.standardof.net\/wp-content\/uploads\/sites\/3\/2020\/10\/Steel-Storm-Bonus-Missions-Skirmish-Burning-Sands-2.jpg 1024w, https:\/\/steelstorm.standardof.net\/wp-content\/uploads\/sites\/3\/2020\/10\/Steel-Storm-Bonus-Missions-Skirmish-Burning-Sands-2-300x169.jpg 300w, https:\/\/steelstorm.standardof.net\/wp-content\/uploads\/sites\/3\/2020\/10\/Steel-Storm-Bonus-Missions-Skirmish-Burning-Sands-2-768x432.jpg 768w, https:\/\/steelstorm.standardof.net\/wp-content\/uploads\/sites\/3\/2020\/10\/Steel-Storm-Bonus-Missions-Skirmish-Burning-Sands-2-16x9.jpg 16w\" sizes=\"(max-width: 1024px) 100vw, 1024px\" \/><\/figure>\n<\/figure>\n\n<\/div><\/div>\n\n\n<div style=\"height:20px\" aria-hidden=\"true\" class=\"wp-block-spacer\"><\/div>\n\n\n\n<h3 class=\"has-text-align-center wp-block-heading\">Skirmish - Proc\u00e9dure pas \u00e0 pas vid\u00e9o de Burning Sands<\/h3>\n\n\n\n<figure class=\"wp-block-embed is-type-video is-provider-youtube wp-block-embed-youtube wp-embed-aspect-16-9 wp-has-aspect-ratio\"><div class=\"wp-block-embed__wrapper\">\n<div class=\"ast-oembed-container\" style=\"height: 100%;\"><iframe title=\"Point of No Return: Burning Sands - Steel Storm: Burning Retribution - Travers\u00e9e de l&#039;\u00e9pisode 1\" width=\"500\" height=\"281\" src=\"https:\/\/www.youtube.com\/embed\/OlSWA_9paAs?feature=oembed\" frameborder=\"0\" allow=\"accelerometer; autoplay; clipboard-write; encrypted-media; gyroscope; picture-in-picture; web-share\" referrerpolicy=\"strict-origin-when-cross-origin\" allowfullscreen><\/iframe><\/div>\n<\/div><\/figure>","protected":false},"excerpt":{"rendered":"<p>The Burning Sands mission is less constrained by strict hallways in favor of a large piece of land divided into two main halves you will need to traverse to reach your objectives. Map and Objectives &#8211; Primary Objectives &#8211; Destroy the incinerator.Gain access to the south side of the bridge.Lay waste to the remaining enemy [&hellip;]<\/p>","protected":false},"author":1,"featured_media":54,"parent":173,"menu_order":0,"comment_status":"open","ping_status":"closed","template":"","meta":{"_uag_custom_page_level_css":"","site-sidebar-layout":"default","site-content-layout":"default","ast-site-content-layout":"","site-content-style":"default","site-sidebar-style":"default","ast-global-header-display":"","ast-banner-title-visibility":"","ast-main-header-display":"","ast-hfb-above-header-display":"","ast-hfb-below-header-display":"","ast-hfb-mobile-header-display":"","site-post-title":"","ast-breadcrumbs-content":"","ast-featured-img":"","footer-sml-layout":"","theme-transparent-header-meta":"default","adv-header-id-meta":"","stick-header-meta":"","header-above-stick-meta":"","header-main-stick-meta":"","header-below-stick-meta":"","astra-migrate-meta-layouts":"default","ast-page-background-enabled":"default","ast-page-background-meta":{"desktop":{"background-color":"","background-image":"","background-repeat":"repeat","background-position":"center center","background-size":"auto","background-attachment":"scroll","background-type":"","background-media":"","overlay-type":"","overlay-color":"","overlay-gradient":""},"tablet":{"background-color":"","background-image":"","background-repeat":"repeat","background-position":"center center","background-size":"auto","background-attachment":"scroll","background-type":"","background-media":"","overlay-type":"","overlay-color":"","overlay-gradient":""},"mobile":{"background-color":"","background-image":"","background-repeat":"repeat","background-position":"center center","background-size":"auto","background-attachment":"scroll","background-type":"","background-media":"","overlay-type":"","overlay-color":"","overlay-gradient":""}},"ast-content-background-meta":{"desktop":{"background-color":"var(--ast-global-color-5)","background-image":"","background-repeat":"repeat","background-position":"center center","background-size":"auto","background-attachment":"scroll","background-type":"","background-media":"","overlay-type":"","overlay-color":"","overlay-gradient":""},"tablet":{"background-color":"var(--ast-global-color-5)","background-image":"","background-repeat":"repeat","background-position":"center center","background-size":"auto","background-attachment":"scroll","background-type":"","background-media":"","overlay-type":"","overlay-color":"","overlay-gradient":""},"mobile":{"background-color":"var(--ast-global-color-5)","background-image":"","background-repeat":"repeat","background-position":"center center","background-size":"auto","background-attachment":"scroll","background-type":"","background-media":"","overlay-type":"","overlay-color":"","overlay-gradient":""}},"footnotes":""},"uagb_featured_image_src":{"full":["https:\/\/steelstorm.standardof.net\/wp-content\/uploads\/sites\/3\/2020\/10\/MnEdR-1.jpg",1200,750,false],"thumbnail":["https:\/\/steelstorm.standardof.net\/wp-content\/uploads\/sites\/3\/2020\/10\/MnEdR-1-150x150.jpg",150,150,true],"medium":["https:\/\/steelstorm.standardof.net\/wp-content\/uploads\/sites\/3\/2020\/10\/MnEdR-1-300x188.jpg",300,188,true],"medium_large":["https:\/\/steelstorm.standardof.net\/wp-content\/uploads\/sites\/3\/2020\/10\/MnEdR-1-768x480.jpg",768,480,true],"large":["https:\/\/steelstorm.standardof.net\/wp-content\/uploads\/sites\/3\/2020\/10\/MnEdR-1-1024x640.jpg",1024,640,true],"1536x1536":["https:\/\/steelstorm.standardof.net\/wp-content\/uploads\/sites\/3\/2020\/10\/MnEdR-1.jpg",1200,750,false],"2048x2048":["https:\/\/steelstorm.standardof.net\/wp-content\/uploads\/sites\/3\/2020\/10\/MnEdR-1.jpg",1200,750,false],"trp-custom-language-flag":["https:\/\/steelstorm.standardof.net\/wp-content\/uploads\/sites\/3\/2020\/10\/MnEdR-1.jpg",18,12,false]},"uagb_author_info":{"display_name":"SOE","author_link":"https:\/\/steelstorm.standardof.net\/fr\/author\/k-tastic\/"},"uagb_comment_info":0,"uagb_excerpt":"The Burning Sands mission is less constrained by strict hallways in favor of a large piece of land divided into two main halves you will need to traverse to reach your objectives. Map and Objectives &#8211; Primary Objectives &#8211; Destroy the incinerator.Gain access to the south side of the bridge.Lay waste to the remaining enemy&hellip;","_links":{"self":[{"href":"https:\/\/steelstorm.standardof.net\/fr\/wp-json\/wp\/v2\/pages\/237"}],"collection":[{"href":"https:\/\/steelstorm.standardof.net\/fr\/wp-json\/wp\/v2\/pages"}],"about":[{"href":"https:\/\/steelstorm.standardof.net\/fr\/wp-json\/wp\/v2\/types\/page"}],"author":[{"embeddable":true,"href":"https:\/\/steelstorm.standardof.net\/fr\/wp-json\/wp\/v2\/users\/1"}],"replies":[{"embeddable":true,"href":"https:\/\/steelstorm.standardof.net\/fr\/wp-json\/wp\/v2\/comments?post=237"}],"version-history":[{"count":1,"href":"https:\/\/steelstorm.standardof.net\/fr\/wp-json\/wp\/v2\/pages\/237\/revisions"}],"predecessor-version":[{"id":460,"href":"https:\/\/steelstorm.standardof.net\/fr\/wp-json\/wp\/v2\/pages\/237\/revisions\/460"}],"up":[{"embeddable":true,"href":"https:\/\/steelstorm.standardof.net\/fr\/wp-json\/wp\/v2\/pages\/173"}],"wp:featuredmedia":[{"embeddable":true,"href":"https:\/\/steelstorm.standardof.net\/fr\/wp-json\/wp\/v2\/media\/54"}],"wp:attachment":[{"href":"https:\/\/steelstorm.standardof.net\/fr\/wp-json\/wp\/v2\/media?parent=237"}],"curies":[{"name":"wp","href":"https:\/\/api.w.org\/{rel}","templated":true}]}}