{"id":234,"date":"2020-10-17T12:11:24","date_gmt":"2020-10-17T12:11:24","guid":{"rendered":"https:\/\/steelstorm.standardof.net\/?page_id=234"},"modified":"2022-10-31T08:22:34","modified_gmt":"2022-10-31T08:22:34","slug":"skirmish-purgatory","status":"publish","type":"page","link":"https:\/\/steelstorm.standardof.net\/fr\/guide\/procedures-de-niveau-2\/escarmouche-purgatoire\/","title":{"rendered":"Escarmouche: Purgatoire"},"content":{"rendered":"<p>Dans le deuxi\u00e8me niveau bonus du jeu vid\u00e9o Steel Storm, vous \u00eates invit\u00e9 \u00e0 activer un syst\u00e8me de pompe dans cette carte du d\u00e9sert nocturne. Avec cette mission, vous devriez commencer avec un bel arsenal d&#039;armes, \u00e0 condition que vous ayez \u00e9chapp\u00e9 \u00e0 Onslaught avec eux intacts.<\/p>\n\n\n\n<div style=\"height:20px\" aria-hidden=\"true\" class=\"wp-block-spacer\"><\/div>\n\n\n<div class=\"gb-container gb-container-985c9931\"><div class=\"gb-inside-container\">\n\n<h2 class=\"has-text-align-center wp-block-heading\">Carte et objectifs<\/h2>\n\n\n\n<div class=\"wp-block-image is-style-default\"><figure class=\"aligncenter size-large is-resized\"><a href=\"https:\/\/steelstorm.standardof.net\/fr\/steel-storm-bonus-missions-skirmish-purgatory-1\/\"><img decoding=\"async\" src=\"https:\/\/steelstorm.standardof.net\/wp-content\/uploads\/sites\/3\/2020\/10\/Steel-Storm-Bonus-Missions-Skirmish-Purgatory-1.jpg\" alt=\"\" class=\"wp-image-227\" width=\"670\" height=\"501\" title=\"\" srcset=\"https:\/\/steelstorm.standardof.net\/wp-content\/uploads\/sites\/3\/2020\/10\/Steel-Storm-Bonus-Missions-Skirmish-Purgatory-1.jpg 893w, https:\/\/steelstorm.standardof.net\/wp-content\/uploads\/sites\/3\/2020\/10\/Steel-Storm-Bonus-Missions-Skirmish-Purgatory-1-300x224.jpg 300w, https:\/\/steelstorm.standardof.net\/wp-content\/uploads\/sites\/3\/2020\/10\/Steel-Storm-Bonus-Missions-Skirmish-Purgatory-1-768x574.jpg 768w, https:\/\/steelstorm.standardof.net\/wp-content\/uploads\/sites\/3\/2020\/10\/Steel-Storm-Bonus-Missions-Skirmish-Purgatory-1-16x12.jpg 16w\" sizes=\"(max-width: 670px) 100vw, 670px\" \/><\/a><\/figure><\/div>\n\n\n\n<h3 class=\"has-text-align-center wp-block-heading\">- Objectifs principaux -<\/h3>\n\n\n\n<p class=\"has-text-align-center\">Allumez le syst\u00e8me de pompe.<\/p>\n\n<\/div><\/div>\n\n\n<div style=\"height:20px\" aria-hidden=\"true\" class=\"wp-block-spacer\"><\/div>\n\n\n<div class=\"gb-container gb-container-c55dfd9b\"><div class=\"gb-inside-container\">\n\n<h2 class=\"has-text-align-center wp-block-heading\">Progression de niveau et astuces:<\/h2>\n\n\n\n<p>En partant du chemin rouge visible sur l&#039;image \u00e0 droite, dirigez-vous vers la premi\u00e8re des 3 pompes avec lesquelles vous devez interagir au point <strong>UNE<\/strong>. Cette pompe est gard\u00e9e par un char lourd Minigun et est la seule qui ne n\u00e9cessite pas de carte-cl\u00e9. Assurez-vous de vous arr\u00eater par point <strong>1<\/strong>si vous voulez r\u00e9cup\u00e9rer des missiles Homing.<\/p>\n\n\n\n<p>Ensuite, parcourez le c\u00f4t\u00e9 sud du plateau par le chemin rouge, car il y a des ramassages de cristal int\u00e9ressants le long de ce chemin, sans parler de plus d&#039;espace pour \u00e9viter le feu, sur le chemin du point <strong>B<\/strong>. Prenez l&#039;ascenseur \u00e0 ce stade et dirigez-vous vers le point <strong>C <\/strong>pour t\u00e9l\u00e9charger une carte rouge de l&#039;installation l\u00e0-bas, en faisant attention au char lourd qui le garde. Sur le chemin du retour vers l&#039;ascenseur, vous pouvez vous arr\u00eater par point <strong>3 <\/strong>pour une arme Storm Spread.<\/p>\n\n\n\n<p>La carte-cl\u00e9 que vous poss\u00e9dez maintenant doit \u00eatre utilis\u00e9e sur la pompe au point <strong>r\u00e9 <\/strong>avant de suivre le chemin jaune vers le c\u00f4t\u00e9 sud de cette carte, en s&#039;arr\u00eatant par point <strong>2 <\/strong>si vous devez r\u00e9cup\u00e9rer l&#039;arme Shockwave. En atteignant le point <strong>E<\/strong>, qui est votre prochaine destination, vous devrez utiliser le t\u00e9l\u00e9porteur pour vous rendre au point <strong>F<\/strong> le long de la ligne bleu clair. Si vous voulez une arme Storm Shield, vous pouvez en trouver une au point <strong>4<\/strong>.<\/p>\n\n\n\n<p>Apr\u00e8s \u00eatre sorti du t\u00e9l\u00e9porteur au point <strong>F<\/strong>, traversez le haut du b\u00e2timent vers le point <strong>g<\/strong> o\u00f9 vous trouverez un autre t\u00e9l\u00e9porteur allong\u00e9 apr\u00e8s une carte rouge. Prenez cette carte-cl\u00e9, en ignorant le t\u00e9l\u00e9porteur pour le moment et revenez en arri\u00e8re \u00e0 travers le pad au point <strong>F<\/strong>, en prenant note du Storm Plough au point <strong>5 <\/strong>si vous voulez le r\u00e9cup\u00e9rer, en revenant au point <strong>E<\/strong>. Vous pouvez maintenant utiliser la carte-cl\u00e9 que vous venez de prendre pour interagir avec la pompe au point <strong>H<\/strong>, compl\u00e9tant votre objectif principal.<\/p>\n\n\n\n<p>Dirigez-vous une fois de plus \u00e0 travers le pav\u00e9 de t\u00e9l\u00e9porteur au point <strong>E<\/strong>, revenant au point <strong>F <\/strong>et retournez au t\u00e9l\u00e9porteur que vous avez pr\u00e9c\u00e9demment ignor\u00e9 au point <strong>g<\/strong>. Prendre ce pad vous m\u00e8nera au plateau voisin au point I o\u00f9 vous pouvez trouver un autre t\u00e9l\u00e9porteur au point <strong>J<\/strong>, qui vous am\u00e8nera \u00e0 son tour \u00e0 la plate-forme au sommet du b\u00e2timent au point <strong>K<\/strong>. D\u00e9clenchez le pad ici pour d\u00e9sactiver le champ de force et frayez-vous un chemin devant un dernier char lourd (essayez d&#039;utiliser le Fusion Core Rack comme un pi\u00e8ge explosif) afin de s\u00e9curiser votre d\u00e9part \u00e0 la sortie pad au point <strong>L<\/strong>.<\/p>\n\n\n\n<p>Remarque: dans la vid\u00e9o ci-dessous, ce dernier char lourd ne se reproduit pas, lors d&#039;une deuxi\u00e8me partie, ce qui signifie que cela d\u00e9pend de la fa\u00e7on dont vous traversez les d\u00e9clencheurs qui se trouvent juste apr\u00e8s le champ de force d\u00e9sactiv\u00e9. Garde \u00e7a en t\u00eate.<\/p>\n\n\n\n<figure class=\"wp-block-gallery has-nested-images columns-default is-cropped wp-block-gallery-1 is-layout-flex wp-block-gallery-is-layout-flex\">\n<figure class=\"wp-block-image size-large\"><img decoding=\"async\" width=\"1024\" height=\"576\" src=\"https:\/\/steelstorm.standardof.net\/wp-content\/uploads\/sites\/3\/2020\/10\/Steel-Storm-Bonus-Missions-Skirmish-Purgatory-2.jpg\" alt=\"\" class=\"wp-image-228\" title=\"\" srcset=\"https:\/\/steelstorm.standardof.net\/wp-content\/uploads\/sites\/3\/2020\/10\/Steel-Storm-Bonus-Missions-Skirmish-Purgatory-2.jpg 1024w, https:\/\/steelstorm.standardof.net\/wp-content\/uploads\/sites\/3\/2020\/10\/Steel-Storm-Bonus-Missions-Skirmish-Purgatory-2-300x169.jpg 300w, https:\/\/steelstorm.standardof.net\/wp-content\/uploads\/sites\/3\/2020\/10\/Steel-Storm-Bonus-Missions-Skirmish-Purgatory-2-768x432.jpg 768w, https:\/\/steelstorm.standardof.net\/wp-content\/uploads\/sites\/3\/2020\/10\/Steel-Storm-Bonus-Missions-Skirmish-Purgatory-2-16x9.jpg 16w\" sizes=\"(max-width: 1024px) 100vw, 1024px\" \/><\/figure>\n\n\n\n<figure class=\"wp-block-image size-large\"><img decoding=\"async\" width=\"1024\" height=\"576\" src=\"https:\/\/steelstorm.standardof.net\/wp-content\/uploads\/sites\/3\/2020\/10\/Steel-Storm-Bonus-Missions-Skirmish-Purgatory-5.jpg\" alt=\"\" class=\"wp-image-231\" title=\"\" srcset=\"https:\/\/steelstorm.standardof.net\/wp-content\/uploads\/sites\/3\/2020\/10\/Steel-Storm-Bonus-Missions-Skirmish-Purgatory-5.jpg 1024w, https:\/\/steelstorm.standardof.net\/wp-content\/uploads\/sites\/3\/2020\/10\/Steel-Storm-Bonus-Missions-Skirmish-Purgatory-5-300x169.jpg 300w, https:\/\/steelstorm.standardof.net\/wp-content\/uploads\/sites\/3\/2020\/10\/Steel-Storm-Bonus-Missions-Skirmish-Purgatory-5-768x432.jpg 768w, https:\/\/steelstorm.standardof.net\/wp-content\/uploads\/sites\/3\/2020\/10\/Steel-Storm-Bonus-Missions-Skirmish-Purgatory-5-16x9.jpg 16w\" sizes=\"(max-width: 1024px) 100vw, 1024px\" \/><\/figure>\n\n\n\n<figure class=\"wp-block-image size-large\"><img decoding=\"async\" width=\"1024\" height=\"576\" src=\"https:\/\/steelstorm.standardof.net\/wp-content\/uploads\/sites\/3\/2020\/10\/Steel-Storm-Bonus-Missions-Skirmish-Purgatory-4.jpg\" alt=\"\" class=\"wp-image-230\" title=\"\" srcset=\"https:\/\/steelstorm.standardof.net\/wp-content\/uploads\/sites\/3\/2020\/10\/Steel-Storm-Bonus-Missions-Skirmish-Purgatory-4.jpg 1024w, https:\/\/steelstorm.standardof.net\/wp-content\/uploads\/sites\/3\/2020\/10\/Steel-Storm-Bonus-Missions-Skirmish-Purgatory-4-300x169.jpg 300w, https:\/\/steelstorm.standardof.net\/wp-content\/uploads\/sites\/3\/2020\/10\/Steel-Storm-Bonus-Missions-Skirmish-Purgatory-4-768x432.jpg 768w, https:\/\/steelstorm.standardof.net\/wp-content\/uploads\/sites\/3\/2020\/10\/Steel-Storm-Bonus-Missions-Skirmish-Purgatory-4-16x9.jpg 16w\" sizes=\"(max-width: 1024px) 100vw, 1024px\" \/><\/figure>\n\n\n\n<figure class=\"wp-block-image size-large\"><img decoding=\"async\" width=\"1024\" height=\"576\" src=\"https:\/\/steelstorm.standardof.net\/wp-content\/uploads\/sites\/3\/2020\/10\/Steel-Storm-Bonus-Missions-Skirmish-Purgatory-3.jpg\" alt=\"\" class=\"wp-image-229\" title=\"\" srcset=\"https:\/\/steelstorm.standardof.net\/wp-content\/uploads\/sites\/3\/2020\/10\/Steel-Storm-Bonus-Missions-Skirmish-Purgatory-3.jpg 1024w, https:\/\/steelstorm.standardof.net\/wp-content\/uploads\/sites\/3\/2020\/10\/Steel-Storm-Bonus-Missions-Skirmish-Purgatory-3-300x169.jpg 300w, https:\/\/steelstorm.standardof.net\/wp-content\/uploads\/sites\/3\/2020\/10\/Steel-Storm-Bonus-Missions-Skirmish-Purgatory-3-768x432.jpg 768w, https:\/\/steelstorm.standardof.net\/wp-content\/uploads\/sites\/3\/2020\/10\/Steel-Storm-Bonus-Missions-Skirmish-Purgatory-3-16x9.jpg 16w\" sizes=\"(max-width: 1024px) 100vw, 1024px\" \/><\/figure>\n<\/figure>\n\n<\/div><\/div>\n\n\n<div style=\"height:20px\" aria-hidden=\"true\" class=\"wp-block-spacer\"><\/div>\n\n\n\n<h3 class=\"has-text-align-center wp-block-heading\">Escarmouche - Proc\u00e9dure vid\u00e9o Purgatory<\/h3>\n\n\n\n<figure class=\"wp-block-embed is-type-video is-provider-youtube wp-block-embed-youtube wp-embed-aspect-16-9 wp-has-aspect-ratio\"><div class=\"wp-block-embed__wrapper\">\n<div class=\"ast-oembed-container\" style=\"height: 100%;\"><iframe title=\"Escarmouche: Purgatoire - Steel Storm: Burning Retribution - Walktrough de niveau bonus\" width=\"500\" height=\"281\" src=\"https:\/\/www.youtube.com\/embed\/uk475GiaiQc?feature=oembed\" frameborder=\"0\" allow=\"accelerometer; autoplay; clipboard-write; encrypted-media; gyroscope; picture-in-picture; web-share\" referrerpolicy=\"strict-origin-when-cross-origin\" allowfullscreen><\/iframe><\/div>\n<\/div><\/figure>","protected":false},"excerpt":{"rendered":"<p>In the second bonus level of the video game Steel Storm, you are presented with the task of turning on a pump system in this nighttime desert map. With this mission you should be starting out with a nice arsenal of weaponry, granted that you escaped Onslaught with them intact. Map and Objectives &#8211; Primary [&hellip;]<\/p>","protected":false},"author":1,"featured_media":54,"parent":173,"menu_order":0,"comment_status":"open","ping_status":"closed","template":"","meta":{"_uag_custom_page_level_css":"","site-sidebar-layout":"default","site-content-layout":"default","ast-site-content-layout":"","site-content-style":"default","site-sidebar-style":"default","ast-global-header-display":"","ast-banner-title-visibility":"","ast-main-header-display":"","ast-hfb-above-header-display":"","ast-hfb-below-header-display":"","ast-hfb-mobile-header-display":"","site-post-title":"","ast-breadcrumbs-content":"","ast-featured-img":"","footer-sml-layout":"","theme-transparent-header-meta":"default","adv-header-id-meta":"","stick-header-meta":"","header-above-stick-meta":"","header-main-stick-meta":"","header-below-stick-meta":"","astra-migrate-meta-layouts":"default","ast-page-background-enabled":"default","ast-page-background-meta":{"desktop":{"background-color":"","background-image":"","background-repeat":"repeat","background-position":"center center","background-size":"auto","background-attachment":"scroll","background-type":"","background-media":"","overlay-type":"","overlay-color":"","overlay-gradient":""},"tablet":{"background-color":"","background-image":"","background-repeat":"repeat","background-position":"center center","background-size":"auto","background-attachment":"scroll","background-type":"","background-media":"","overlay-type":"","overlay-color":"","overlay-gradient":""},"mobile":{"background-color":"","background-image":"","background-repeat":"repeat","background-position":"center center","background-size":"auto","background-attachment":"scroll","background-type":"","background-media":"","overlay-type":"","overlay-color":"","overlay-gradient":""}},"ast-content-background-meta":{"desktop":{"background-color":"var(--ast-global-color-5)","background-image":"","background-repeat":"repeat","background-position":"center center","background-size":"auto","background-attachment":"scroll","background-type":"","background-media":"","overlay-type":"","overlay-color":"","overlay-gradient":""},"tablet":{"background-color":"var(--ast-global-color-5)","background-image":"","background-repeat":"repeat","background-position":"center center","background-size":"auto","background-attachment":"scroll","background-type":"","background-media":"","overlay-type":"","overlay-color":"","overlay-gradient":""},"mobile":{"background-color":"var(--ast-global-color-5)","background-image":"","background-repeat":"repeat","background-position":"center center","background-size":"auto","background-attachment":"scroll","background-type":"","background-media":"","overlay-type":"","overlay-color":"","overlay-gradient":""}},"footnotes":""},"uagb_featured_image_src":{"full":["https:\/\/steelstorm.standardof.net\/wp-content\/uploads\/sites\/3\/2020\/10\/MnEdR-1.jpg",1200,750,false],"thumbnail":["https:\/\/steelstorm.standardof.net\/wp-content\/uploads\/sites\/3\/2020\/10\/MnEdR-1-150x150.jpg",150,150,true],"medium":["https:\/\/steelstorm.standardof.net\/wp-content\/uploads\/sites\/3\/2020\/10\/MnEdR-1-300x188.jpg",300,188,true],"medium_large":["https:\/\/steelstorm.standardof.net\/wp-content\/uploads\/sites\/3\/2020\/10\/MnEdR-1-768x480.jpg",768,480,true],"large":["https:\/\/steelstorm.standardof.net\/wp-content\/uploads\/sites\/3\/2020\/10\/MnEdR-1-1024x640.jpg",1024,640,true],"1536x1536":["https:\/\/steelstorm.standardof.net\/wp-content\/uploads\/sites\/3\/2020\/10\/MnEdR-1.jpg",1200,750,false],"2048x2048":["https:\/\/steelstorm.standardof.net\/wp-content\/uploads\/sites\/3\/2020\/10\/MnEdR-1.jpg",1200,750,false],"trp-custom-language-flag":["https:\/\/steelstorm.standardof.net\/wp-content\/uploads\/sites\/3\/2020\/10\/MnEdR-1.jpg",18,12,false]},"uagb_author_info":{"display_name":"SOE","author_link":"https:\/\/steelstorm.standardof.net\/fr\/author\/k-tastic\/"},"uagb_comment_info":0,"uagb_excerpt":"In the second bonus level of the video game Steel Storm, you are presented with the task of turning on a pump system in this nighttime desert map. With this mission you should be starting out with a nice arsenal of weaponry, granted that you escaped Onslaught with them intact. Map and Objectives &#8211; Primary&hellip;","_links":{"self":[{"href":"https:\/\/steelstorm.standardof.net\/fr\/wp-json\/wp\/v2\/pages\/234"}],"collection":[{"href":"https:\/\/steelstorm.standardof.net\/fr\/wp-json\/wp\/v2\/pages"}],"about":[{"href":"https:\/\/steelstorm.standardof.net\/fr\/wp-json\/wp\/v2\/types\/page"}],"author":[{"embeddable":true,"href":"https:\/\/steelstorm.standardof.net\/fr\/wp-json\/wp\/v2\/users\/1"}],"replies":[{"embeddable":true,"href":"https:\/\/steelstorm.standardof.net\/fr\/wp-json\/wp\/v2\/comments?post=234"}],"version-history":[{"count":1,"href":"https:\/\/steelstorm.standardof.net\/fr\/wp-json\/wp\/v2\/pages\/234\/revisions"}],"predecessor-version":[{"id":464,"href":"https:\/\/steelstorm.standardof.net\/fr\/wp-json\/wp\/v2\/pages\/234\/revisions\/464"}],"up":[{"embeddable":true,"href":"https:\/\/steelstorm.standardof.net\/fr\/wp-json\/wp\/v2\/pages\/173"}],"wp:featuredmedia":[{"embeddable":true,"href":"https:\/\/steelstorm.standardof.net\/fr\/wp-json\/wp\/v2\/media\/54"}],"wp:attachment":[{"href":"https:\/\/steelstorm.standardof.net\/fr\/wp-json\/wp\/v2\/media?parent=234"}],"curies":[{"name":"wp","href":"https:\/\/api.w.org\/{rel}","templated":true}]}}