{"id":203,"date":"2020-10-17T11:13:44","date_gmt":"2020-10-17T11:13:44","guid":{"rendered":"https:\/\/steelstorm.standardof.net\/?page_id=203"},"modified":"2022-10-31T08:23:50","modified_gmt":"2022-10-31T08:23:50","slug":"lost-in-time-meltdown","status":"publish","type":"page","link":"https:\/\/steelstorm.standardof.net\/fr\/guide\/procedures-de-niveau-2\/fusion-perdue-dans-le-temps\/","title":{"rendered":"Perdu dans le temps: fusion"},"content":{"rendered":"<p>Lost in Time - Meltdown est une autre des missions coup\u00e9es de l&#039;\u00e9pisode 1 original, mais laiss\u00e9e en dehors du cours Born to Burn dans Steel Storm. Il est temps de nettoyer une s\u00e9rie de tours de refroidissement pour d\u00e9sactiver les installations de fabrication de l&#039;ennemi dans la r\u00e9gion.<\/p>\n\n\n\n<div style=\"height:20px\" aria-hidden=\"true\" class=\"wp-block-spacer\"><\/div>\n\n\n<div class=\"gb-container gb-container-ae025cb2\"><div class=\"gb-inside-container\">\n\n<h2 class=\"has-text-align-center wp-block-heading\">Carte et objectifs<\/h2>\n\n\n\n<div class=\"wp-block-image is-style-default\"><figure class=\"aligncenter size-full\"><a href=\"https:\/\/steelstorm.standardof.net\/fr\/steel-storm-burning-retribution-lost-in-time-meltdown-1\/\"><img decoding=\"async\" width=\"893\" height=\"673\" src=\"https:\/\/steelstorm.standardof.net\/wp-content\/uploads\/sites\/3\/2020\/10\/Steel-Storm-Burning-Retribution-Lost-in-Time-\u2013-Meltdown-1.jpg\" alt=\"\" class=\"wp-image-194\" title=\"\" srcset=\"https:\/\/steelstorm.standardof.net\/wp-content\/uploads\/sites\/3\/2020\/10\/Steel-Storm-Burning-Retribution-Lost-in-Time-\u2013-Meltdown-1.jpg 893w, https:\/\/steelstorm.standardof.net\/wp-content\/uploads\/sites\/3\/2020\/10\/Steel-Storm-Burning-Retribution-Lost-in-Time-\u2013-Meltdown-1-300x226.jpg 300w, https:\/\/steelstorm.standardof.net\/wp-content\/uploads\/sites\/3\/2020\/10\/Steel-Storm-Burning-Retribution-Lost-in-Time-\u2013-Meltdown-1-768x579.jpg 768w, https:\/\/steelstorm.standardof.net\/wp-content\/uploads\/sites\/3\/2020\/10\/Steel-Storm-Burning-Retribution-Lost-in-Time-\u2013-Meltdown-1-16x12.jpg 16w\" sizes=\"(max-width: 893px) 100vw, 893px\" \/><\/a><\/figure><\/div>\n\n\n\n<h3 class=\"has-text-align-center wp-block-heading\">- Objectifs principaux -<\/h3>\n\n\n\n<p class=\"has-text-align-center\">D\u00e9sactivez toutes les tours de refroidissement.<\/p>\n\n<\/div><\/div>\n\n\n<div style=\"height:20px\" aria-hidden=\"true\" class=\"wp-block-spacer\"><\/div>\n\n\n<div class=\"gb-container gb-container-686af150\"><div class=\"gb-inside-container\">\n\n<h2 class=\"has-text-align-center wp-block-heading\">Progression de niveau et astuces:<\/h2>\n\n\n\n<p>D\u00e8s que vous commencez, vous voudrez prendre le chemin rouge vers le point <strong>UNE<\/strong> o\u00f9 il y a un pav\u00e9 de t\u00e9l\u00e9porteur qui vous tire sur la carte (chemin bleu) pour pointer <strong>B<\/strong>.<\/p>\n\n\n\n<p>De l\u00e0, commencez \u00e0 prendre le chemin orange vers la premi\u00e8re tour de refroidissement au point <strong>C<\/strong>. Gardez un \u0153il sur les embuscades continuelles pr\u00e9sent\u00e9es dans cette mission, g\u00e9n\u00e9ralement d\u00e9clench\u00e9es par la destruction d&#039;un groupe d&#039;ennemis ou de conteneurs, dont deux sont un groupe de chars qui apparaissent \u00e0 l&#039;approche. <strong>C <\/strong>et un autre groupe qui appara\u00eet \u00e0 l&#039;intersection \u00e0 l&#039;ouest de cette pinte apr\u00e8s avoir d\u00e9truit certains conteneurs.<\/p>\n\n\n\n<p>Avant d&#039;aller \u00e0 la deuxi\u00e8me tour de refroidissement au point <strong>E<\/strong> assurez-vous de vous arr\u00eater au point <strong>r\u00e9<\/strong>pour trouver l&#039;arme Beam Cannon gard\u00e9e par une tourelle de canon et une tourelle de r\u00e9paration qui raviveront continuellement les ennemis proches, \u00e0 savoir la tourelle de canon. Le meilleur pari ici est de pr\u00e9cipiter ces tourelles avec des missiles volant apr\u00e8s avoir nettoy\u00e9 les chars \u00e0 proximit\u00e9.<\/p>\n\n\n\n<p>Retirer les tours de refroidissement au point <strong>E <\/strong>va engendrer un char lourd \u00e0 protons pour vous attaquer \u00e0 l&#039;intersection au nord de vous, d&#039;o\u00f9 vous venez de venir. Utilisez les crevasses sur les c\u00f4t\u00e9s du mur pour vous couvrir.<\/p>\n\n\n\n<p>Retirer la derni\u00e8re paire de tours de refroidissement au point <strong>F<\/strong> compl\u00e8te votre objectif principal et unique. De plus, une nouvelle grande vague de chars stationnaires appara\u00eetra pour vous attaquer, descendant le chemin tandis qu&#039;une tourelle de r\u00e9surrection appara\u00eetra \u00e0 un moment donn\u00e9. <strong>g<\/strong> par le pad de sortie, ramenant \u00e0 la vie certains ennemis pr\u00e9c\u00e9demment d\u00e9truits et \u00e9tant une autre douleur dans le cul. Essayez de le pr\u00e9cipiter avec des missiles apr\u00e8s avoir combattu la vague de chars, en les \u00e9loignant aussi loin de la tourelle de r\u00e9surrection que n\u00e9cessaire pour les emp\u00eacher de se relancer.<\/p>\n\n\n\n<figure class=\"wp-block-gallery has-nested-images columns-default is-cropped wp-block-gallery-1 is-layout-flex wp-block-gallery-is-layout-flex\">\n<figure class=\"wp-block-image size-large\"><img decoding=\"async\" width=\"1024\" height=\"576\" src=\"https:\/\/steelstorm.standardof.net\/wp-content\/uploads\/sites\/3\/2020\/10\/Steel-Storm-Burning-Retribution-Lost-In-Time-\u2013-In-Dismay-2.jpg\" alt=\"\" class=\"wp-image-199\" title=\"\" srcset=\"https:\/\/steelstorm.standardof.net\/wp-content\/uploads\/sites\/3\/2020\/10\/Steel-Storm-Burning-Retribution-Lost-In-Time-\u2013-In-Dismay-2.jpg 1024w, https:\/\/steelstorm.standardof.net\/wp-content\/uploads\/sites\/3\/2020\/10\/Steel-Storm-Burning-Retribution-Lost-In-Time-\u2013-In-Dismay-2-300x169.jpg 300w, https:\/\/steelstorm.standardof.net\/wp-content\/uploads\/sites\/3\/2020\/10\/Steel-Storm-Burning-Retribution-Lost-In-Time-\u2013-In-Dismay-2-768x432.jpg 768w, https:\/\/steelstorm.standardof.net\/wp-content\/uploads\/sites\/3\/2020\/10\/Steel-Storm-Burning-Retribution-Lost-In-Time-\u2013-In-Dismay-2-16x9.jpg 16w\" sizes=\"(max-width: 1024px) 100vw, 1024px\" \/><\/figure>\n\n\n\n<figure class=\"wp-block-image size-large\"><img decoding=\"async\" width=\"1024\" height=\"576\" src=\"https:\/\/steelstorm.standardof.net\/wp-content\/uploads\/sites\/3\/2020\/10\/Steel-Storm-Burning-Retribution-Lost-In-Time-\u2013-In-Dismay-4.jpg\" alt=\"\" class=\"wp-image-201\" title=\"\" srcset=\"https:\/\/steelstorm.standardof.net\/wp-content\/uploads\/sites\/3\/2020\/10\/Steel-Storm-Burning-Retribution-Lost-In-Time-\u2013-In-Dismay-4.jpg 1024w, https:\/\/steelstorm.standardof.net\/wp-content\/uploads\/sites\/3\/2020\/10\/Steel-Storm-Burning-Retribution-Lost-In-Time-\u2013-In-Dismay-4-300x169.jpg 300w, https:\/\/steelstorm.standardof.net\/wp-content\/uploads\/sites\/3\/2020\/10\/Steel-Storm-Burning-Retribution-Lost-In-Time-\u2013-In-Dismay-4-768x432.jpg 768w, https:\/\/steelstorm.standardof.net\/wp-content\/uploads\/sites\/3\/2020\/10\/Steel-Storm-Burning-Retribution-Lost-In-Time-\u2013-In-Dismay-4-16x9.jpg 16w\" sizes=\"(max-width: 1024px) 100vw, 1024px\" \/><\/figure>\n\n\n\n<figure class=\"wp-block-image size-large\"><img decoding=\"async\" width=\"1024\" height=\"576\" src=\"https:\/\/steelstorm.standardof.net\/wp-content\/uploads\/sites\/3\/2020\/10\/Steel-Storm-Burning-Retribution-Lost-In-Time-\u2013-In-Dismay-5.jpg\" alt=\"\" class=\"wp-image-202\" title=\"\" srcset=\"https:\/\/steelstorm.standardof.net\/wp-content\/uploads\/sites\/3\/2020\/10\/Steel-Storm-Burning-Retribution-Lost-In-Time-\u2013-In-Dismay-5.jpg 1024w, https:\/\/steelstorm.standardof.net\/wp-content\/uploads\/sites\/3\/2020\/10\/Steel-Storm-Burning-Retribution-Lost-In-Time-\u2013-In-Dismay-5-300x169.jpg 300w, https:\/\/steelstorm.standardof.net\/wp-content\/uploads\/sites\/3\/2020\/10\/Steel-Storm-Burning-Retribution-Lost-In-Time-\u2013-In-Dismay-5-768x432.jpg 768w, https:\/\/steelstorm.standardof.net\/wp-content\/uploads\/sites\/3\/2020\/10\/Steel-Storm-Burning-Retribution-Lost-In-Time-\u2013-In-Dismay-5-16x9.jpg 16w\" sizes=\"(max-width: 1024px) 100vw, 1024px\" \/><\/figure>\n\n\n\n<figure class=\"wp-block-image size-large\"><img decoding=\"async\" width=\"1024\" height=\"576\" src=\"https:\/\/steelstorm.standardof.net\/wp-content\/uploads\/sites\/3\/2020\/10\/Steel-Storm-Burning-Retribution-Lost-In-Time-\u2013-In-Dismay-3.jpg\" alt=\"\" class=\"wp-image-200\" title=\"\" srcset=\"https:\/\/steelstorm.standardof.net\/wp-content\/uploads\/sites\/3\/2020\/10\/Steel-Storm-Burning-Retribution-Lost-In-Time-\u2013-In-Dismay-3.jpg 1024w, https:\/\/steelstorm.standardof.net\/wp-content\/uploads\/sites\/3\/2020\/10\/Steel-Storm-Burning-Retribution-Lost-In-Time-\u2013-In-Dismay-3-300x169.jpg 300w, https:\/\/steelstorm.standardof.net\/wp-content\/uploads\/sites\/3\/2020\/10\/Steel-Storm-Burning-Retribution-Lost-In-Time-\u2013-In-Dismay-3-768x432.jpg 768w, https:\/\/steelstorm.standardof.net\/wp-content\/uploads\/sites\/3\/2020\/10\/Steel-Storm-Burning-Retribution-Lost-In-Time-\u2013-In-Dismay-3-16x9.jpg 16w\" sizes=\"(max-width: 1024px) 100vw, 1024px\" \/><\/figure>\n<\/figure>\n\n<\/div><\/div>\n\n\n<div style=\"height:20px\" aria-hidden=\"true\" class=\"wp-block-spacer\"><\/div>\n\n\n\n<h3 class=\"has-text-align-center wp-block-heading\">Perdu dans le temps - Meltdown <strong>Proc\u00e9dure pas \u00e0 pas vid\u00e9o<\/strong><\/h3>\n\n\n\n<figure class=\"wp-block-embed is-type-video is-provider-youtube wp-block-embed-youtube wp-embed-aspect-16-9 wp-has-aspect-ratio\"><div class=\"wp-block-embed__wrapper\">\n<div class=\"ast-oembed-container\" style=\"height: 100%;\"><iframe title=\"Corporal Punishment: Meltdown - Steel Storm: Burning Retribution - Travers\u00e9e de l&#039;\u00e9pisode 1\" width=\"500\" height=\"281\" src=\"https:\/\/www.youtube.com\/embed\/9NYZrPxvD3w?feature=oembed\" frameborder=\"0\" allow=\"accelerometer; autoplay; clipboard-write; encrypted-media; gyroscope; picture-in-picture; web-share\" referrerpolicy=\"strict-origin-when-cross-origin\" allowfullscreen><\/iframe><\/div>\n<\/div><\/figure>\n\n\n\n<div style=\"height:20px\" aria-hidden=\"true\" class=\"wp-block-spacer\"><\/div>\n\n\n\n<p><\/p>","protected":false},"excerpt":{"rendered":"<p>Lost in Time \u2013 Meltdown is another of the missions cut from the original Episode 1, yet left out of the Born to Burn course in Steel Storm. It is time to clear out a series of cooling towers to disable the enemy&#8217;s manufacturing facilities in the area. Map and Objectives &#8211; Primary Objectives &#8211; [&hellip;]<\/p>","protected":false},"author":1,"featured_media":54,"parent":173,"menu_order":0,"comment_status":"open","ping_status":"closed","template":"","meta":{"_uag_custom_page_level_css":"","site-sidebar-layout":"default","site-content-layout":"default","ast-site-content-layout":"","site-content-style":"default","site-sidebar-style":"default","ast-global-header-display":"","ast-banner-title-visibility":"","ast-main-header-display":"","ast-hfb-above-header-display":"","ast-hfb-below-header-display":"","ast-hfb-mobile-header-display":"","site-post-title":"","ast-breadcrumbs-content":"","ast-featured-img":"","footer-sml-layout":"","theme-transparent-header-meta":"default","adv-header-id-meta":"","stick-header-meta":"","header-above-stick-meta":"","header-main-stick-meta":"","header-below-stick-meta":"","astra-migrate-meta-layouts":"default","ast-page-background-enabled":"default","ast-page-background-meta":{"desktop":{"background-color":"","background-image":"","background-repeat":"repeat","background-position":"center center","background-size":"auto","background-attachment":"scroll","background-type":"","background-media":"","overlay-type":"","overlay-color":"","overlay-gradient":""},"tablet":{"background-color":"","background-image":"","background-repeat":"repeat","background-position":"center center","background-size":"auto","background-attachment":"scroll","background-type":"","background-media":"","overlay-type":"","overlay-color":"","overlay-gradient":""},"mobile":{"background-color":"","background-image":"","background-repeat":"repeat","background-position":"center center","background-size":"auto","background-attachment":"scroll","background-type":"","background-media":"","overlay-type":"","overlay-color":"","overlay-gradient":""}},"ast-content-background-meta":{"desktop":{"background-color":"var(--ast-global-color-5)","background-image":"","background-repeat":"repeat","background-position":"center center","background-size":"auto","background-attachment":"scroll","background-type":"","background-media":"","overlay-type":"","overlay-color":"","overlay-gradient":""},"tablet":{"background-color":"var(--ast-global-color-5)","background-image":"","background-repeat":"repeat","background-position":"center center","background-size":"auto","background-attachment":"scroll","background-type":"","background-media":"","overlay-type":"","overlay-color":"","overlay-gradient":""},"mobile":{"background-color":"var(--ast-global-color-5)","background-image":"","background-repeat":"repeat","background-position":"center center","background-size":"auto","background-attachment":"scroll","background-type":"","background-media":"","overlay-type":"","overlay-color":"","overlay-gradient":""}},"footnotes":""},"uagb_featured_image_src":{"full":["https:\/\/steelstorm.standardof.net\/wp-content\/uploads\/sites\/3\/2020\/10\/MnEdR-1.jpg",1200,750,false],"thumbnail":["https:\/\/steelstorm.standardof.net\/wp-content\/uploads\/sites\/3\/2020\/10\/MnEdR-1-150x150.jpg",150,150,true],"medium":["https:\/\/steelstorm.standardof.net\/wp-content\/uploads\/sites\/3\/2020\/10\/MnEdR-1-300x188.jpg",300,188,true],"medium_large":["https:\/\/steelstorm.standardof.net\/wp-content\/uploads\/sites\/3\/2020\/10\/MnEdR-1-768x480.jpg",768,480,true],"large":["https:\/\/steelstorm.standardof.net\/wp-content\/uploads\/sites\/3\/2020\/10\/MnEdR-1-1024x640.jpg",1024,640,true],"1536x1536":["https:\/\/steelstorm.standardof.net\/wp-content\/uploads\/sites\/3\/2020\/10\/MnEdR-1.jpg",1200,750,false],"2048x2048":["https:\/\/steelstorm.standardof.net\/wp-content\/uploads\/sites\/3\/2020\/10\/MnEdR-1.jpg",1200,750,false],"trp-custom-language-flag":["https:\/\/steelstorm.standardof.net\/wp-content\/uploads\/sites\/3\/2020\/10\/MnEdR-1.jpg",18,12,false]},"uagb_author_info":{"display_name":"SOE","author_link":"https:\/\/steelstorm.standardof.net\/fr\/author\/k-tastic\/"},"uagb_comment_info":0,"uagb_excerpt":"Lost in Time \u2013 Meltdown is another of the missions cut from the original Episode 1, yet left out of the Born to Burn course in Steel Storm. It is time to clear out a series of cooling towers to disable the enemy&#8217;s manufacturing facilities in the area. Map and Objectives &#8211; Primary Objectives &#8211;&hellip;","_links":{"self":[{"href":"https:\/\/steelstorm.standardof.net\/fr\/wp-json\/wp\/v2\/pages\/203"}],"collection":[{"href":"https:\/\/steelstorm.standardof.net\/fr\/wp-json\/wp\/v2\/pages"}],"about":[{"href":"https:\/\/steelstorm.standardof.net\/fr\/wp-json\/wp\/v2\/types\/page"}],"author":[{"embeddable":true,"href":"https:\/\/steelstorm.standardof.net\/fr\/wp-json\/wp\/v2\/users\/1"}],"replies":[{"embeddable":true,"href":"https:\/\/steelstorm.standardof.net\/fr\/wp-json\/wp\/v2\/comments?post=203"}],"version-history":[{"count":1,"href":"https:\/\/steelstorm.standardof.net\/fr\/wp-json\/wp\/v2\/pages\/203\/revisions"}],"predecessor-version":[{"id":467,"href":"https:\/\/steelstorm.standardof.net\/fr\/wp-json\/wp\/v2\/pages\/203\/revisions\/467"}],"up":[{"embeddable":true,"href":"https:\/\/steelstorm.standardof.net\/fr\/wp-json\/wp\/v2\/pages\/173"}],"wp:featuredmedia":[{"embeddable":true,"href":"https:\/\/steelstorm.standardof.net\/fr\/wp-json\/wp\/v2\/media\/54"}],"wp:attachment":[{"href":"https:\/\/steelstorm.standardof.net\/fr\/wp-json\/wp\/v2\/media?parent=203"}],"curies":[{"name":"wp","href":"https:\/\/api.w.org\/{rel}","templated":true}]}}