{"id":180,"date":"2020-10-17T10:28:41","date_gmt":"2020-10-17T10:28:41","guid":{"rendered":"https:\/\/steelstorm.standardof.net\/?page_id=180"},"modified":"2020-10-17T10:28:42","modified_gmt":"2020-10-17T10:28:42","slug":"born-to-burn-the-collector","status":"publish","type":"page","link":"https:\/\/steelstorm.standardof.net\/fr\/guide\/procedures-de-niveau-2\/ne-pour-bruler-le-collectionneur\/","title":{"rendered":"N\u00e9 pour br\u00fbler: le collectionneur"},"content":{"rendered":"<p>Le collectionneur est le deuxi\u00e8me niveau du cours de formation de pilote Born to Burn de Steel Storm qui vous ram\u00e8ne \u00e0 la zone de type industriel \u00e0 partir de la premi\u00e8re mission de destruction d&#039;un d\u00e9p\u00f4t d&#039;approvisionnement fortement gard\u00e9. Pour la premi\u00e8re fois, un d\u00e9lai de 15 minutes vous est pr\u00e9sent\u00e9 pour quitter le niveau. C&#039;est plut\u00f4t n\u00e9gligeable car il est vraiment facile de tout d\u00e9truire, de prendre son temps et de le faire en 5 \u00e0 7 minutes.<\/p>\n\n\n\n<p>Cette mission vous donnera acc\u00e8s \u00e0 votre premi\u00e8re arme secondaire, le Rocket Pod.<\/p>\n\n\n\n<div style=\"height:20px\" aria-hidden=\"true\" class=\"wp-block-spacer\"><\/div>\n\n\n\n<div class=\"gb-container gb-container-ae025cb2\"><div class=\"gb-inside-container\">\n<h2 class=\"has-text-align-center wp-block-heading\">Carte et objectifs<\/h2>\n\n\n\n<div class=\"wp-block-image is-style-default\"><figure class=\"aligncenter size-full is-resized\"><a href=\"https:\/\/steelstorm.standardof.net\/fr\/steel-storm-levels-headhunter-the-collector-map\/\"><img decoding=\"async\" src=\"https:\/\/steelstorm.standardof.net\/wp-content\/uploads\/sites\/3\/2020\/10\/Steel-Storm-Levels-Headhunter-The-Collector-Map.jpg\" alt=\"Carte des objectifs de The Collector.\" class=\"wp-image-154\" width=\"671\" height=\"503\" title=\"\" srcset=\"https:\/\/steelstorm.standardof.net\/wp-content\/uploads\/sites\/3\/2020\/10\/Steel-Storm-Levels-Headhunter-The-Collector-Map.jpg 895w, https:\/\/steelstorm.standardof.net\/wp-content\/uploads\/sites\/3\/2020\/10\/Steel-Storm-Levels-Headhunter-The-Collector-Map-300x225.jpg 300w, https:\/\/steelstorm.standardof.net\/wp-content\/uploads\/sites\/3\/2020\/10\/Steel-Storm-Levels-Headhunter-The-Collector-Map-768x575.jpg 768w, https:\/\/steelstorm.standardof.net\/wp-content\/uploads\/sites\/3\/2020\/10\/Steel-Storm-Levels-Headhunter-The-Collector-Map-16x12.jpg 16w\" sizes=\"(max-width: 671px) 100vw, 671px\" \/><\/a><figcaption>Carte montrant les zones importantes et le chemin emprunt\u00e9 dans la mission Headhunter - The Collector dans le jeu Steel Storm.<\/figcaption><\/figure><\/div>\n\n\n\n<h3 class=\"has-text-align-center wp-block-heading\">- Objectifs principaux -<\/h3>\n\n\n\n<p class=\"has-text-align-center\">D\u00e9sactivez le champ de force qui bloque la sortie.<br>D\u00e9truisez les conteneurs d&#039;approvisionnement.<\/p>\n<\/div><\/div>\n\n\n\n<div style=\"height:20px\" aria-hidden=\"true\" class=\"wp-block-spacer\"><\/div>\n\n\n\n<div class=\"gb-container gb-container-6090874c\"><div class=\"gb-inside-container\">\n<h2 class=\"has-text-align-center wp-block-heading\">En partant<\/h2>\n\n\n\n<p class=\"has-text-align-center\">Comme vous pouvez le voir sur la carte ci-dessus, la majorit\u00e9 des points cl\u00e9s de cette carte sont tous regroup\u00e9s vers la partie nord-ouest sup\u00e9rieure gauche de la carte, \u00e0 l&#039;exception du portail de sortie \u00e0 l&#039;extr\u00eame sud-est. \u00c9liminez les diff\u00e9rents ennemis le long de la ligne rouge qui commence \u00e0 partir de la position de d\u00e9part, en vous dirigeant vers le point <strong>UNE<\/strong>.<\/p>\n\n\n\n<div class=\"wp-block-image is-style-default\"><figure class=\"aligncenter size-full is-resized\"><a href=\"https:\/\/steelstorm.standardof.net\/fr\/steel-storm-levels-headhunter-the-collector-1\/\"><img decoding=\"async\" src=\"https:\/\/steelstorm.standardof.net\/wp-content\/uploads\/sites\/3\/2020\/10\/Steel-Storm-Levels-Headhunter-The-Collector-1.jpg\" alt=\"Headhunter The Collector - Chars de protons\" class=\"wp-image-155\" width=\"768\" height=\"432\" title=\"\" srcset=\"https:\/\/steelstorm.standardof.net\/wp-content\/uploads\/sites\/3\/2020\/10\/Steel-Storm-Levels-Headhunter-The-Collector-1.jpg 1024w, https:\/\/steelstorm.standardof.net\/wp-content\/uploads\/sites\/3\/2020\/10\/Steel-Storm-Levels-Headhunter-The-Collector-1-300x169.jpg 300w, https:\/\/steelstorm.standardof.net\/wp-content\/uploads\/sites\/3\/2020\/10\/Steel-Storm-Levels-Headhunter-The-Collector-1-768x432.jpg 768w, https:\/\/steelstorm.standardof.net\/wp-content\/uploads\/sites\/3\/2020\/10\/Steel-Storm-Levels-Headhunter-The-Collector-1-16x9.jpg 16w\" sizes=\"(max-width: 768px) 100vw, 768px\" \/><\/a><figcaption>Chars de protons attaquant dans Headhunter The Collector <\/figcaption><\/figure><\/div>\n<\/div><\/div>\n\n\n\n<div style=\"height:20px\" aria-hidden=\"true\" class=\"wp-block-spacer\"><\/div>\n\n\n\n<div class=\"gb-container gb-container-a87f2b80\"><div class=\"gb-inside-container\">\n<h2 class=\"has-text-align-center wp-block-heading\">Pod de fus\u00e9e<\/h2>\n\n\n\n<p class=\"has-text-align-center\">\u00c0 cet endroit, vous trouverez des tourelles gardant une arme Rocket Pod avec laquelle vous devrez laisser le niveau vivant, alors essayez de ne pas mourir une fois que vous l&#039;avez ramass\u00e9e. D\u00e8s que vous acqu\u00e9rez le Rocket Pod au point <strong>UNE<\/strong> des chars et une tourelle appara\u00eetront pour vous tendre une embuscade, retirez-vous \u00e0 l&#039;est pour \u00e9viter un char lourd \u00e0 protons qui appara\u00eet \u00e9galement \u00e0 ce point <strong>B<\/strong> jusqu&#039;\u00e0 ce que vous ayez g\u00e9r\u00e9 ces premi\u00e8res menaces. Une fois que vous avez combattu le char lourd \u00e0 protons, utilisez des barri\u00e8res en b\u00e9ton pour bloquer son feu tout en vous rapprochant, puis sortez rapidement du c\u00f4t\u00e9 pour d\u00e9clencher un barrage de roquettes.<\/p>\n\n\n\n<div class=\"wp-block-image is-style-default\"><figure class=\"aligncenter size-full is-resized\"><a href=\"https:\/\/steelstorm.standardof.net\/fr\/steel-storm-levels-headhunter-the-collector-2\/\"><img decoding=\"async\" src=\"https:\/\/steelstorm.standardof.net\/wp-content\/uploads\/sites\/3\/2020\/10\/Steel-Storm-Levels-Headhunter-The-Collector-2.jpg\" alt=\"Headhunter The Collector - Le Rocket Pod\" class=\"wp-image-156\" width=\"768\" height=\"432\" title=\"\" srcset=\"https:\/\/steelstorm.standardof.net\/wp-content\/uploads\/sites\/3\/2020\/10\/Steel-Storm-Levels-Headhunter-The-Collector-2.jpg 1024w, https:\/\/steelstorm.standardof.net\/wp-content\/uploads\/sites\/3\/2020\/10\/Steel-Storm-Levels-Headhunter-The-Collector-2-300x169.jpg 300w, https:\/\/steelstorm.standardof.net\/wp-content\/uploads\/sites\/3\/2020\/10\/Steel-Storm-Levels-Headhunter-The-Collector-2-768x432.jpg 768w, https:\/\/steelstorm.standardof.net\/wp-content\/uploads\/sites\/3\/2020\/10\/Steel-Storm-Levels-Headhunter-The-Collector-2-16x9.jpg 16w\" sizes=\"(max-width: 768px) 100vw, 768px\" \/><\/a><figcaption> Attraper la capsule de fus\u00e9e dans Headhunter The Collector <\/figcaption><\/figure><\/div>\n<\/div><\/div>\n\n\n\n<div style=\"height:20px\" aria-hidden=\"true\" class=\"wp-block-spacer\"><\/div>\n\n\n\n<div class=\"gb-container gb-container-49d4da18\"><div class=\"gb-inside-container\">\n<h2 class=\"has-text-align-center wp-block-heading\">Quitter le collectionneur<\/h2>\n\n\n\n<p class=\"has-text-align-center\">Une fois ces menaces trait\u00e9es, vous pouvez d\u00e9truire les conteneurs de ravitaillement ici et marcher sur le d\u00e9clencheur au point <strong>C<\/strong> qui d\u00e9sactive le champ de force prot\u00e9geant la sortie, compl\u00e9tant les deux objectifs dans la m\u00eame zone. Vous pouvez prendre le pad de t\u00e9l\u00e9porteur au point <strong>r\u00e9<\/strong> pour vous rendre sur le rebord voisin (ligne bleue), puis revenez \u00e0 travers un terrain familier vers l&#039;ext\u00e9rieur et enfin le pad de sortie au point <strong>E<\/strong>.<\/p>\n\n\n\n<div class=\"wp-block-image is-style-default\"><figure class=\"aligncenter size-large\"><a href=\"https:\/\/steelstorm.standardof.net\/fr\/steel-storm-levels-headhunter-the-collector-3\/\"><img decoding=\"async\" width=\"1024\" height=\"576\" src=\"https:\/\/steelstorm.standardof.net\/wp-content\/uploads\/sites\/3\/2020\/10\/Steel-Storm-Levels-Headhunter-The-Collector-3.jpg\" alt=\"Headhunter The Collector - Partir\" class=\"wp-image-157\" title=\"\" srcset=\"https:\/\/steelstorm.standardof.net\/wp-content\/uploads\/sites\/3\/2020\/10\/Steel-Storm-Levels-Headhunter-The-Collector-3.jpg 1024w, https:\/\/steelstorm.standardof.net\/wp-content\/uploads\/sites\/3\/2020\/10\/Steel-Storm-Levels-Headhunter-The-Collector-3-300x169.jpg 300w, https:\/\/steelstorm.standardof.net\/wp-content\/uploads\/sites\/3\/2020\/10\/Steel-Storm-Levels-Headhunter-The-Collector-3-768x432.jpg 768w, https:\/\/steelstorm.standardof.net\/wp-content\/uploads\/sites\/3\/2020\/10\/Steel-Storm-Levels-Headhunter-The-Collector-3-16x9.jpg 16w\" sizes=\"(max-width: 1024px) 100vw, 1024px\" \/><\/a><figcaption>Quitter la mission dans Headhunter The Collector <\/figcaption><\/figure><\/div>\n<\/div><\/div>\n\n\n\n<div style=\"height:20px\" aria-hidden=\"true\" class=\"wp-block-spacer\"><\/div>\n\n\n\n<h2 class=\"has-text-align-center wp-block-heading\" id=\"2--rocket-pod-\"><strong><strong><strong><strong>Proc\u00e9dure pas \u00e0 pas vid\u00e9o<\/strong><\/strong><\/strong><\/strong><\/h2>\n\n\n\n<figure class=\"wp-block-embed-youtube wp-block-embed is-type-video is-provider-youtube wp-embed-aspect-16-9 wp-has-aspect-ratio\"><div class=\"wp-block-embed__wrapper\">\n<div class=\"ast-oembed-container\" style=\"height: 100%;\"><iframe title=\"Windy Stroll: The Collector - Steel Storm: Burning Retribution - Travers\u00e9e de l&#039;\u00e9pisode 1\" width=\"500\" height=\"281\" src=\"https:\/\/www.youtube.com\/embed\/N5UZi619AHU?feature=oembed\" frameborder=\"0\" allow=\"accelerometer; autoplay; clipboard-write; encrypted-media; gyroscope; picture-in-picture; web-share\" referrerpolicy=\"strict-origin-when-cross-origin\" allowfullscreen><\/iframe><\/div>\n<\/div><\/figure>\n\n\n\n<div style=\"height:20px\" aria-hidden=\"true\" class=\"wp-block-spacer\"><\/div>\n\n\n\n<p><\/p>","protected":false},"excerpt":{"rendered":"<p>The Collector is the second level in the Born to Burn Pilot Training Course of Steel Storm taking you back to the industrial type area from the first mission to destroy a heavily guarded supply depot. For the first time, you are presented with a time limit of 15 minutes to exit the level. This [&hellip;]<\/p>","protected":false},"author":1,"featured_media":54,"parent":173,"menu_order":0,"comment_status":"open","ping_status":"closed","template":"","meta":{"_uag_custom_page_level_css":"","site-sidebar-layout":"default","site-content-layout":"default","ast-site-content-layout":"","site-content-style":"default","site-sidebar-style":"default","ast-global-header-display":"","ast-banner-title-visibility":"","ast-main-header-display":"","ast-hfb-above-header-display":"","ast-hfb-below-header-display":"","ast-hfb-mobile-header-display":"","site-post-title":"","ast-breadcrumbs-content":"","ast-featured-img":"","footer-sml-layout":"","theme-transparent-header-meta":"default","adv-header-id-meta":"","stick-header-meta":"","header-above-stick-meta":"","header-main-stick-meta":"","header-below-stick-meta":"","astra-migrate-meta-layouts":"default","ast-page-background-enabled":"default","ast-page-background-meta":{"desktop":{"background-color":"","background-image":"","background-repeat":"repeat","background-position":"center center","background-size":"auto","background-attachment":"scroll","background-type":"","background-media":"","overlay-type":"","overlay-color":"","overlay-gradient":""},"tablet":{"background-color":"","background-image":"","background-repeat":"repeat","background-position":"center center","background-size":"auto","background-attachment":"scroll","background-type":"","background-media":"","overlay-type":"","overlay-color":"","overlay-gradient":""},"mobile":{"background-color":"","background-image":"","background-repeat":"repeat","background-position":"center center","background-size":"auto","background-attachment":"scroll","background-type":"","background-media":"","overlay-type":"","overlay-color":"","overlay-gradient":""}},"ast-content-background-meta":{"desktop":{"background-color":"var(--ast-global-color-5)","background-image":"","background-repeat":"repeat","background-position":"center center","background-size":"auto","background-attachment":"scroll","background-type":"","background-media":"","overlay-type":"","overlay-color":"","overlay-gradient":""},"tablet":{"background-color":"var(--ast-global-color-5)","background-image":"","background-repeat":"repeat","background-position":"center center","background-size":"auto","background-attachment":"scroll","background-type":"","background-media":"","overlay-type":"","overlay-color":"","overlay-gradient":""},"mobile":{"background-color":"var(--ast-global-color-5)","background-image":"","background-repeat":"repeat","background-position":"center center","background-size":"auto","background-attachment":"scroll","background-type":"","background-media":"","overlay-type":"","overlay-color":"","overlay-gradient":""}},"footnotes":""},"uagb_featured_image_src":{"full":["https:\/\/steelstorm.standardof.net\/wp-content\/uploads\/sites\/3\/2020\/10\/MnEdR-1.jpg",1200,750,false],"thumbnail":["https:\/\/steelstorm.standardof.net\/wp-content\/uploads\/sites\/3\/2020\/10\/MnEdR-1-150x150.jpg",150,150,true],"medium":["https:\/\/steelstorm.standardof.net\/wp-content\/uploads\/sites\/3\/2020\/10\/MnEdR-1-300x188.jpg",300,188,true],"medium_large":["https:\/\/steelstorm.standardof.net\/wp-content\/uploads\/sites\/3\/2020\/10\/MnEdR-1-768x480.jpg",768,480,true],"large":["https:\/\/steelstorm.standardof.net\/wp-content\/uploads\/sites\/3\/2020\/10\/MnEdR-1-1024x640.jpg",1024,640,true],"1536x1536":["https:\/\/steelstorm.standardof.net\/wp-content\/uploads\/sites\/3\/2020\/10\/MnEdR-1.jpg",1200,750,false],"2048x2048":["https:\/\/steelstorm.standardof.net\/wp-content\/uploads\/sites\/3\/2020\/10\/MnEdR-1.jpg",1200,750,false],"trp-custom-language-flag":["https:\/\/steelstorm.standardof.net\/wp-content\/uploads\/sites\/3\/2020\/10\/MnEdR-1.jpg",18,12,false]},"uagb_author_info":{"display_name":"SOE","author_link":"https:\/\/steelstorm.standardof.net\/fr\/author\/k-tastic\/"},"uagb_comment_info":0,"uagb_excerpt":"The Collector is the second level in the Born to Burn Pilot Training Course of Steel Storm taking you back to the industrial type area from the first mission to destroy a heavily guarded supply depot. For the first time, you are presented with a time limit of 15 minutes to exit the level. This&hellip;","_links":{"self":[{"href":"https:\/\/steelstorm.standardof.net\/fr\/wp-json\/wp\/v2\/pages\/180"}],"collection":[{"href":"https:\/\/steelstorm.standardof.net\/fr\/wp-json\/wp\/v2\/pages"}],"about":[{"href":"https:\/\/steelstorm.standardof.net\/fr\/wp-json\/wp\/v2\/types\/page"}],"author":[{"embeddable":true,"href":"https:\/\/steelstorm.standardof.net\/fr\/wp-json\/wp\/v2\/users\/1"}],"replies":[{"embeddable":true,"href":"https:\/\/steelstorm.standardof.net\/fr\/wp-json\/wp\/v2\/comments?post=180"}],"version-history":[{"count":0,"href":"https:\/\/steelstorm.standardof.net\/fr\/wp-json\/wp\/v2\/pages\/180\/revisions"}],"up":[{"embeddable":true,"href":"https:\/\/steelstorm.standardof.net\/fr\/wp-json\/wp\/v2\/pages\/173"}],"wp:featuredmedia":[{"embeddable":true,"href":"https:\/\/steelstorm.standardof.net\/fr\/wp-json\/wp\/v2\/media\/54"}],"wp:attachment":[{"href":"https:\/\/steelstorm.standardof.net\/fr\/wp-json\/wp\/v2\/media?parent=180"}],"curies":[{"name":"wp","href":"https:\/\/api.w.org\/{rel}","templated":true}]}}