{"id":178,"date":"2020-10-17T10:15:24","date_gmt":"2020-10-17T10:15:24","guid":{"rendered":"https:\/\/steelstorm.standardof.net\/?page_id=178"},"modified":"2020-10-17T10:27:17","modified_gmt":"2020-10-17T10:27:17","slug":"born-to-burn-acquisition","status":"publish","type":"page","link":"https:\/\/steelstorm.standardof.net\/fr\/guide\/procedures-de-niveau-2\/acquisition-nee-pour-bruler\/","title":{"rendered":"N\u00e9 pour br\u00fbler: acquisition"},"content":{"rendered":"<p>La mission 1 du groupe de missions Born to Burn de Steel Storm est Headhunter - Acquisition, qui vous pr\u00e9sente quelques concepts de base du jeu et les premiers types d&#039;ennemis auxquels vous serez confront\u00e9. Apr\u00e8s avoir p\u00e9n\u00e9tr\u00e9 dans l&#039;installation ennemie, c&#039;est \u00e0 vous dans ce niveau de provoquer le plus de destruction possible tout en laissant la zone intacte avec une nouvelle arme.<\/p>\n\n\n\n<div style=\"height:20px\" aria-hidden=\"true\" class=\"wp-block-spacer\"><\/div>\n\n\n\n<div class=\"gb-container gb-container-ae025cb2\"><div class=\"gb-inside-container\">\n<h2 class=\"has-text-align-center wp-block-heading\">Carte et objectifs<\/h2>\n\n\n\n<div class=\"wp-block-image is-style-default\"><figure class=\"aligncenter size-full is-resized\"><a href=\"https:\/\/steelstorm.standardof.net\/fr\/steel-storm-levels-headhunter-acquisition-map\/\"><img decoding=\"async\" src=\"https:\/\/steelstorm.standardof.net\/wp-content\/uploads\/sites\/3\/2020\/10\/Steel-Storm-Levels-Headhunter-Acquisition-Map.jpg\" alt=\"Carte de Headhunter - Acquisition\" class=\"wp-image-139\" width=\"672\" height=\"506\" title=\"\" srcset=\"https:\/\/steelstorm.standardof.net\/wp-content\/uploads\/sites\/3\/2020\/10\/Steel-Storm-Levels-Headhunter-Acquisition-Map.jpg 896w, https:\/\/steelstorm.standardof.net\/wp-content\/uploads\/sites\/3\/2020\/10\/Steel-Storm-Levels-Headhunter-Acquisition-Map-300x226.jpg 300w, https:\/\/steelstorm.standardof.net\/wp-content\/uploads\/sites\/3\/2020\/10\/Steel-Storm-Levels-Headhunter-Acquisition-Map-768x578.jpg 768w, https:\/\/steelstorm.standardof.net\/wp-content\/uploads\/sites\/3\/2020\/10\/Steel-Storm-Levels-Headhunter-Acquisition-Map-16x12.jpg 16w\" sizes=\"(max-width: 672px) 100vw, 672px\" \/><\/a><figcaption>Carte montrant les zones importantes et le chemin emprunt\u00e9 dans la mission Headhunter - Acquisition dans le jeu Steel Storm.<\/figcaption><\/figure><\/div>\n\n\n\n<h3 class=\"has-text-align-center wp-block-heading\">- Objectifs principaux -<\/h3>\n\n\n\n<p class=\"has-text-align-center\">D\u00e9sactiver le champ de force<\/p>\n\n\n\n<h4 class=\"has-text-align-center wp-block-heading\">- Objectifs secondaires -<\/h4>\n\n\n\n<p class=\"has-text-align-center\">\u00c9chappez-vous avec l&#039;arme Storm Plough.<br>D\u00e9truisez la tour de refroidissement dans la cour.<br>D\u00e9truisez la tour de refroidissement au-del\u00e0 du champ de force.<\/p>\n<\/div><\/div>\n\n\n\n<div style=\"height:20px\" aria-hidden=\"true\" class=\"wp-block-spacer\"><\/div>\n\n\n\n<div class=\"gb-container gb-container-c8ea54ea\"><div class=\"gb-inside-container\">\n<h2 class=\"has-text-align-center wp-block-heading\">1\u00e8re tour<\/h2>\n\n\n\n<p class=\"has-text-align-center\">Commencez par vous diriger directement vers le nord en direction du point <strong>UNE<\/strong> o\u00f9 vous rencontrerez la premi\u00e8re tour de refroidissement aux c\u00f4t\u00e9s d&#039;ennemis. D\u00e9truisez-le pour satisfaire votre premier objectif secondaire et faites appara\u00eetre deux cristaux de 1000 points (verts) pour gagner des points suppl\u00e9mentaires.<\/p>\n\n\n\n<div class=\"wp-block-image is-style-default\"><figure class=\"aligncenter size-full is-resized\"><a href=\"https:\/\/steelstorm.standardof.net\/fr\/steel-storm-levels-headhunter-acquisition-screen-1\/\"><img decoding=\"async\" src=\"https:\/\/steelstorm.standardof.net\/wp-content\/uploads\/sites\/3\/2020\/10\/Steel-Storm-Levels-Headhunter-Acquisition-Screen-1.jpg\" alt=\"Premi\u00e8re tour de refroidissement\" class=\"wp-image-140\" width=\"768\" height=\"432\" title=\"\" srcset=\"https:\/\/steelstorm.standardof.net\/wp-content\/uploads\/sites\/3\/2020\/10\/Steel-Storm-Levels-Headhunter-Acquisition-Screen-1.jpg 1024w, https:\/\/steelstorm.standardof.net\/wp-content\/uploads\/sites\/3\/2020\/10\/Steel-Storm-Levels-Headhunter-Acquisition-Screen-1-300x169.jpg 300w, https:\/\/steelstorm.standardof.net\/wp-content\/uploads\/sites\/3\/2020\/10\/Steel-Storm-Levels-Headhunter-Acquisition-Screen-1-768x432.jpg 768w, https:\/\/steelstorm.standardof.net\/wp-content\/uploads\/sites\/3\/2020\/10\/Steel-Storm-Levels-Headhunter-Acquisition-Screen-1-16x9.jpg 16w\" sizes=\"(max-width: 768px) 100vw, 768px\" \/><\/a><figcaption>La premi\u00e8re tour de refroidissement \u00e0 d\u00e9truire,<\/figcaption><\/figure><\/div>\n<\/div><\/div>\n\n\n\n<div style=\"height:20px\" aria-hidden=\"true\" class=\"wp-block-spacer\"><\/div>\n\n\n\n<div class=\"gb-container gb-container-2fff750f\"><div class=\"gb-inside-container\">\n<h2 class=\"has-text-align-center wp-block-heading\">Charrue Storm<\/h2>\n\n\n\n<p class=\"has-text-align-center\">Dirigez-vous vers l&#039;est jusqu&#039;au point <strong>B<\/strong> pour appuyer ici sur une g\u00e2chette qui ouvrira la porte du champ de force \u00e0 proximit\u00e9, vous permettant d&#039;acqu\u00e9rir l&#039;arme Storm Plough directement derri\u00e8re elle et de continuer. Ces pads de d\u00e9clenchement ressemblent \u00e0 des pads m\u00e9talliques avec un cercle rouge et 4 tirets rouges autour du cercle formant un X. Ces pads deviendront verts lorsqu&#039;ils seront activ\u00e9s et seront utilis\u00e9s tout au long du jeu pour progresser \u00e0 travers les niveaux et interagir avec les objets.<\/p>\n\n\n\n<div class=\"wp-block-image is-style-default\"><figure class=\"aligncenter size-full is-resized\"><a href=\"https:\/\/steelstorm.standardof.net\/fr\/steel-storm-levels-headhunter-acquisition-screen-2\/\"><img decoding=\"async\" src=\"https:\/\/steelstorm.standardof.net\/wp-content\/uploads\/sites\/3\/2020\/10\/Steel-Storm-Levels-Headhunter-Acquisition-Screen-2.jpg\" alt=\"La charrue temp\u00eate\" class=\"wp-image-141\" width=\"768\" height=\"432\" title=\"\" srcset=\"https:\/\/steelstorm.standardof.net\/wp-content\/uploads\/sites\/3\/2020\/10\/Steel-Storm-Levels-Headhunter-Acquisition-Screen-2.jpg 1024w, https:\/\/steelstorm.standardof.net\/wp-content\/uploads\/sites\/3\/2020\/10\/Steel-Storm-Levels-Headhunter-Acquisition-Screen-2-300x169.jpg 300w, https:\/\/steelstorm.standardof.net\/wp-content\/uploads\/sites\/3\/2020\/10\/Steel-Storm-Levels-Headhunter-Acquisition-Screen-2-768x432.jpg 768w, https:\/\/steelstorm.standardof.net\/wp-content\/uploads\/sites\/3\/2020\/10\/Steel-Storm-Levels-Headhunter-Acquisition-Screen-2-16x9.jpg 16w\" sizes=\"(max-width: 768px) 100vw, 768px\" \/><\/a><figcaption>Trouver la charrue Storm<\/figcaption><\/figure><\/div>\n<\/div><\/div>\n\n\n\n<div style=\"height:20px\" aria-hidden=\"true\" class=\"wp-block-spacer\"><\/div>\n\n\n\n<div class=\"gb-container gb-container-adf3aea9\"><div class=\"gb-inside-container\">\n<h2 class=\"has-text-align-center wp-block-heading\">S\u00e9curiser l&#039;arme<\/h2>\n\n\n\n<p class=\"has-text-align-center\">Une fois que vous avez r\u00e9cup\u00e9r\u00e9 le Storm Plough, il est important de ne pas mourir (ou de reprendre une autre arme) jusqu&#039;au prochain niveau. Si vous p\u00e9rissez avant de quitter le niveau o\u00f9 vous avez r\u00e9cup\u00e9r\u00e9 l&#039;arme, elle sera d\u00e9truite et vous ne pourrez pas la r\u00e9acqu\u00e9rir dans ce jeu.<\/p>\n\n\n\n<div class=\"wp-block-image is-style-default\"><figure class=\"aligncenter size-full is-resized\"><a href=\"https:\/\/steelstorm.standardof.net\/fr\/steel-storm-levels-headhunter-acquisition-screen-3\/\"><img decoding=\"async\" src=\"https:\/\/steelstorm.standardof.net\/wp-content\/uploads\/sites\/3\/2020\/10\/Steel-Storm-Levels-Headhunter-Acquisition-Screen-3.jpg\" alt=\"Utilisation de la charrue Storm\" class=\"wp-image-142\" width=\"768\" height=\"432\" title=\"\" srcset=\"https:\/\/steelstorm.standardof.net\/wp-content\/uploads\/sites\/3\/2020\/10\/Steel-Storm-Levels-Headhunter-Acquisition-Screen-3.jpg 1024w, https:\/\/steelstorm.standardof.net\/wp-content\/uploads\/sites\/3\/2020\/10\/Steel-Storm-Levels-Headhunter-Acquisition-Screen-3-300x169.jpg 300w, https:\/\/steelstorm.standardof.net\/wp-content\/uploads\/sites\/3\/2020\/10\/Steel-Storm-Levels-Headhunter-Acquisition-Screen-3-768x432.jpg 768w, https:\/\/steelstorm.standardof.net\/wp-content\/uploads\/sites\/3\/2020\/10\/Steel-Storm-Levels-Headhunter-Acquisition-Screen-3-16x9.jpg 16w\" sizes=\"(max-width: 768px) 100vw, 768px\" \/><\/a><figcaption>Utilisation de la charrue Storm<\/figcaption><\/figure><\/div>\n<\/div><\/div>\n\n\n\n<div style=\"height:20px\" aria-hidden=\"true\" class=\"wp-block-spacer\"><\/div>\n\n\n\n<div class=\"gb-container gb-container-e1525077\"><div class=\"gb-inside-container\">\n<h2 class=\"has-text-align-center wp-block-heading\">2e tour<\/h2>\n\n\n\n<p class=\"has-text-align-center\">D\u00e9truire la prochaine tour de refroidissement au point <strong>C<\/strong> compl\u00e9tera un autre objectif secondaire et engendrera plus de cristaux verts \u00e0 ramasser pour 1000 points chacun. Une fois que cela est fait, sortez de la mission en utilisant le pad de sortie au point <strong>r\u00e9<\/strong>, combattant les chars sur votre chemin avec le Storm Plough en main.<\/p>\n\n\n\n<div class=\"wp-block-image is-style-default\"><figure class=\"aligncenter size-full is-resized\"><a href=\"https:\/\/steelstorm.standardof.net\/fr\/steel-storm-levels-headhunter-acquisition-screen-4\/\"><img decoding=\"async\" src=\"https:\/\/steelstorm.standardof.net\/wp-content\/uploads\/sites\/3\/2020\/10\/Steel-Storm-Levels-Headhunter-Acquisition-Screen-4.jpg\" alt=\"Deuxi\u00e8me tour de refroidissement\" class=\"wp-image-143\" width=\"768\" height=\"432\" title=\"\" srcset=\"https:\/\/steelstorm.standardof.net\/wp-content\/uploads\/sites\/3\/2020\/10\/Steel-Storm-Levels-Headhunter-Acquisition-Screen-4.jpg 1024w, https:\/\/steelstorm.standardof.net\/wp-content\/uploads\/sites\/3\/2020\/10\/Steel-Storm-Levels-Headhunter-Acquisition-Screen-4-300x169.jpg 300w, https:\/\/steelstorm.standardof.net\/wp-content\/uploads\/sites\/3\/2020\/10\/Steel-Storm-Levels-Headhunter-Acquisition-Screen-4-768x432.jpg 768w, https:\/\/steelstorm.standardof.net\/wp-content\/uploads\/sites\/3\/2020\/10\/Steel-Storm-Levels-Headhunter-Acquisition-Screen-4-16x9.jpg 16w\" sizes=\"(max-width: 768px) 100vw, 768px\" \/><\/a><figcaption>D\u00e9truire la deuxi\u00e8me tour de refroidissement.<\/figcaption><\/figure><\/div>\n<\/div><\/div>\n\n\n\n<div style=\"height:20px\" aria-hidden=\"true\" class=\"wp-block-spacer\"><\/div>\n\n\n\n<div class=\"gb-container gb-container-51729538\"><div class=\"gb-inside-container\">\n<h2 class=\"has-text-align-center wp-block-heading\" id=\"2--rocket-pod-\">Proc\u00e9dure pas \u00e0 pas vid\u00e9o<\/h2>\n\n\n\n<figure class=\"wp-block-embed-youtube wp-block-embed is-type-video is-provider-youtube wp-embed-aspect-16-9 wp-has-aspect-ratio\"><div class=\"wp-block-embed__wrapper\">\n<div class=\"ast-oembed-container\" style=\"height: 100%;\"><iframe title=\"The Courtyard: Acquisition - Steel Storm: Burning Retribution - Travers\u00e9e de l&#039;\u00e9pisode 1\" width=\"500\" height=\"281\" src=\"https:\/\/www.youtube.com\/embed\/tNv9FOthDBA?feature=oembed\" frameborder=\"0\" allow=\"accelerometer; autoplay; clipboard-write; encrypted-media; gyroscope; picture-in-picture; web-share\" referrerpolicy=\"strict-origin-when-cross-origin\" allowfullscreen><\/iframe><\/div>\n<\/div><\/figure>\n<\/div><\/div>\n\n\n\n<div style=\"height:20px\" aria-hidden=\"true\" class=\"wp-block-spacer\"><\/div>","protected":false},"excerpt":{"rendered":"<p>Mission 1 in the Born to Burn group of missions in Steel Storm is Headhunter &#8211; Acquisition, introducing you to some basic concepts of the game and the first types of enemies you will face. Having gained entrance to the enemy facility, it is up to you in this level to cause as much destruction [&hellip;]<\/p>","protected":false},"author":1,"featured_media":54,"parent":173,"menu_order":0,"comment_status":"open","ping_status":"closed","template":"","meta":{"_uag_custom_page_level_css":"","site-sidebar-layout":"default","site-content-layout":"default","ast-site-content-layout":"","site-content-style":"default","site-sidebar-style":"default","ast-global-header-display":"","ast-banner-title-visibility":"","ast-main-header-display":"","ast-hfb-above-header-display":"","ast-hfb-below-header-display":"","ast-hfb-mobile-header-display":"","site-post-title":"","ast-breadcrumbs-content":"","ast-featured-img":"","footer-sml-layout":"","theme-transparent-header-meta":"default","adv-header-id-meta":"","stick-header-meta":"","header-above-stick-meta":"","header-main-stick-meta":"","header-below-stick-meta":"","astra-migrate-meta-layouts":"default","ast-page-background-enabled":"default","ast-page-background-meta":{"desktop":{"background-color":"","background-image":"","background-repeat":"repeat","background-position":"center center","background-size":"auto","background-attachment":"scroll","background-type":"","background-media":"","overlay-type":"","overlay-color":"","overlay-gradient":""},"tablet":{"background-color":"","background-image":"","background-repeat":"repeat","background-position":"center center","background-size":"auto","background-attachment":"scroll","background-type":"","background-media":"","overlay-type":"","overlay-color":"","overlay-gradient":""},"mobile":{"background-color":"","background-image":"","background-repeat":"repeat","background-position":"center center","background-size":"auto","background-attachment":"scroll","background-type":"","background-media":"","overlay-type":"","overlay-color":"","overlay-gradient":""}},"ast-content-background-meta":{"desktop":{"background-color":"var(--ast-global-color-5)","background-image":"","background-repeat":"repeat","background-position":"center center","background-size":"auto","background-attachment":"scroll","background-type":"","background-media":"","overlay-type":"","overlay-color":"","overlay-gradient":""},"tablet":{"background-color":"var(--ast-global-color-5)","background-image":"","background-repeat":"repeat","background-position":"center center","background-size":"auto","background-attachment":"scroll","background-type":"","background-media":"","overlay-type":"","overlay-color":"","overlay-gradient":""},"mobile":{"background-color":"var(--ast-global-color-5)","background-image":"","background-repeat":"repeat","background-position":"center center","background-size":"auto","background-attachment":"scroll","background-type":"","background-media":"","overlay-type":"","overlay-color":"","overlay-gradient":""}},"footnotes":""},"uagb_featured_image_src":{"full":["https:\/\/steelstorm.standardof.net\/wp-content\/uploads\/sites\/3\/2020\/10\/MnEdR-1.jpg",1200,750,false],"thumbnail":["https:\/\/steelstorm.standardof.net\/wp-content\/uploads\/sites\/3\/2020\/10\/MnEdR-1-150x150.jpg",150,150,true],"medium":["https:\/\/steelstorm.standardof.net\/wp-content\/uploads\/sites\/3\/2020\/10\/MnEdR-1-300x188.jpg",300,188,true],"medium_large":["https:\/\/steelstorm.standardof.net\/wp-content\/uploads\/sites\/3\/2020\/10\/MnEdR-1-768x480.jpg",768,480,true],"large":["https:\/\/steelstorm.standardof.net\/wp-content\/uploads\/sites\/3\/2020\/10\/MnEdR-1-1024x640.jpg",1024,640,true],"1536x1536":["https:\/\/steelstorm.standardof.net\/wp-content\/uploads\/sites\/3\/2020\/10\/MnEdR-1.jpg",1200,750,false],"2048x2048":["https:\/\/steelstorm.standardof.net\/wp-content\/uploads\/sites\/3\/2020\/10\/MnEdR-1.jpg",1200,750,false],"trp-custom-language-flag":["https:\/\/steelstorm.standardof.net\/wp-content\/uploads\/sites\/3\/2020\/10\/MnEdR-1.jpg",18,12,false]},"uagb_author_info":{"display_name":"SOE","author_link":"https:\/\/steelstorm.standardof.net\/fr\/author\/k-tastic\/"},"uagb_comment_info":0,"uagb_excerpt":"Mission 1 in the Born to Burn group of missions in Steel Storm is Headhunter &#8211; Acquisition, introducing you to some basic concepts of the game and the first types of enemies you will face. Having gained entrance to the enemy facility, it is up to you in this level to cause as much destruction&hellip;","_links":{"self":[{"href":"https:\/\/steelstorm.standardof.net\/fr\/wp-json\/wp\/v2\/pages\/178"}],"collection":[{"href":"https:\/\/steelstorm.standardof.net\/fr\/wp-json\/wp\/v2\/pages"}],"about":[{"href":"https:\/\/steelstorm.standardof.net\/fr\/wp-json\/wp\/v2\/types\/page"}],"author":[{"embeddable":true,"href":"https:\/\/steelstorm.standardof.net\/fr\/wp-json\/wp\/v2\/users\/1"}],"replies":[{"embeddable":true,"href":"https:\/\/steelstorm.standardof.net\/fr\/wp-json\/wp\/v2\/comments?post=178"}],"version-history":[{"count":0,"href":"https:\/\/steelstorm.standardof.net\/fr\/wp-json\/wp\/v2\/pages\/178\/revisions"}],"up":[{"embeddable":true,"href":"https:\/\/steelstorm.standardof.net\/fr\/wp-json\/wp\/v2\/pages\/173"}],"wp:featuredmedia":[{"embeddable":true,"href":"https:\/\/steelstorm.standardof.net\/fr\/wp-json\/wp\/v2\/media\/54"}],"wp:attachment":[{"href":"https:\/\/steelstorm.standardof.net\/fr\/wp-json\/wp\/v2\/media?parent=178"}],"curies":[{"name":"wp","href":"https:\/\/api.w.org\/{rel}","templated":true}]}}