{"id":173,"date":"2020-10-17T10:02:43","date_gmt":"2020-10-17T10:02:43","guid":{"rendered":"https:\/\/steelstorm.standardof.net\/?page_id=173"},"modified":"2020-10-17T15:17:50","modified_gmt":"2020-10-17T15:17:50","slug":"level-walkthroughs","status":"publish","type":"page","link":"https:\/\/steelstorm.standardof.net\/fr\/guide\/procedures-de-niveau-2\/","title":{"rendered":"Proc\u00e9dure pas \u00e0 pas de niveau"},"content":{"rendered":"<div class=\"wp-block-cover has-background-dim-80 has-background-dim\" style=\"background-image:url(https:\/\/steelstorm.standardof.net\/wp-content\/uploads\/sites\/3\/2020\/10\/Level-Guides.jpg);min-height:200px;aspect-ratio:unset;\"><div class=\"wp-block-cover__inner-container is-layout-flow wp-block-cover-is-layout-flow\">\n<h2 class=\"has-text-align-center wp-block-heading\">Proc\u00e9dures et guides de niveau<\/h2>\n<\/div><\/div>\n\n\n\n<h3 class=\"wp-block-heading\"><\/h3>\n\n\n\n<ul><li><strong>N\u00e9 pour br\u00fbler: cours de formation de pilote<\/strong><\/li><li><strong>Ch\u00e2timent br\u00fblant<\/strong><\/li><li><strong>Missions bonus<\/strong><\/li><li><strong>Missions perdues<\/strong><\/li><\/ul>\n\n\n\n<p>Il existe 3 sources principales d&#039;informations pr\u00e9sent\u00e9es dans les guides de niveau, couvrant chacune des missions de Steel Storm Burning Retribution. Les premiers sont les images sur le c\u00f4t\u00e9 droit de la page par la proc\u00e9dure pas \u00e0 pas de chaque niveau. Vous trouverez ici une carte dessin\u00e9e pour chaque niveau, montrant les itin\u00e9raires \u00e0 parcourir pour atteindre les objectifs principaux ou les points de remarque sp\u00e9cifiques, de mani\u00e8re efficace. Certaines collectes d&#039;objets y sont parfois signal\u00e9es, mais seulement si cela est jug\u00e9 important pour que les cartes restent lisibles. Des images suppl\u00e9mentaires illustreront des sc\u00e8nes de jeu de certains points marqu\u00e9s.<\/p>\n\n\n\n<p>Les parties de texte du guide s&#039;associent \u00e0 la carte d&#039;itin\u00e9raire pour fournir des d\u00e9tails sur les principaux objectifs, expliquer ce que repr\u00e9sentent les diff\u00e9rents marqueurs et comment ces itin\u00e9raires sont utilis\u00e9s pour atteindre ces endroits marqu\u00e9s et importants. Les ennemis et la plupart des objets sont suppos\u00e9s \u00eatre un obstacle omnipr\u00e9sent, et ne sont signal\u00e9s ici que s&#039;ils sont jug\u00e9s particuli\u00e8rement volatils ou dignes de mention dans une mission.<\/p>\n\n\n\n<p>Enfin, il existe une proc\u00e9dure vid\u00e9o pour chaque niveau qui se trouve juste en dessous des parties de texte et d&#039;image qui fournit les d\u00e9tails les plus sp\u00e9cifiques sur les menaces auxquelles sont confront\u00e9es. Si vous voulez savoir exactement o\u00f9 se trouve chaque petit d\u00e9tail, c&#039;est votre meilleure source avec une lecture du d\u00e9but \u00e0 la fin sans interruption et avec un commentaire audio.<\/p>\n\n\n\n<hr class=\"wp-block-separator\"\/>\n\n\n\n<div class=\"wp-block-cover has-background-dim-80 has-background-dim\" style=\"background-image:url(https:\/\/steelstorm.standardof.net\/wp-content\/uploads\/sites\/3\/2020\/10\/Steel-Storm-Levels-Headhunter-The-Collector-2.jpg);min-height:200px;aspect-ratio:unset;\"><div class=\"wp-block-cover__inner-container is-layout-flow wp-block-cover-is-layout-flow\">\n<h3 class=\"has-text-align-center wp-block-heading\">N\u00e9 pour br\u00fbler: missions de formation pilote<\/h3>\n<\/div><\/div>\n\n\n\n<div class=\"gb-grid-wrapper gb-grid-wrapper-843856d6\">\n<div class=\"gb-grid-column gb-grid-column-5b8f3b76\"><div class=\"gb-container gb-container-5b8f3b76\"><div class=\"gb-inside-container\">\n<h4 class=\"has-text-align-center wp-block-heading\"><strong><a class=\"rank-math-link\" href=\"https:\/\/steelstorm.standardof.net\/fr\/guide\/procedures-de-niveau-2\/acquisition-nee-pour-bruler\/\">Acquisition<\/a><\/strong><\/h4>\n<\/div><\/div><\/div>\n\n\n\n<div class=\"gb-grid-column gb-grid-column-be49958b\"><div class=\"gb-container gb-container-be49958b\"><div class=\"gb-inside-container\">\n<h4 class=\"has-text-align-center wp-block-heading\"><strong><a class=\"rank-math-link\" href=\"https:\/\/steelstorm.standardof.net\/fr\/guide\/procedures-de-niveau-2\/ne-pour-bruler-le-collectionneur\/\">Le collecteur<\/a><\/strong><\/h4>\n<\/div><\/div><\/div>\n\n\n\n<div class=\"gb-grid-column gb-grid-column-e251aa3c\"><div class=\"gb-container gb-container-e251aa3c\"><div class=\"gb-inside-container\">\n<h4 class=\"has-text-align-center wp-block-heading\"><strong><a class=\"rank-math-link\" href=\"https:\/\/steelstorm.standardof.net\/fr\/guide\/procedures-de-niveau-2\/ne-pour-bruler-dans-la-fosse-aux-lions\/\">Dans la fosse aux lions<\/a><\/strong><\/h4>\n<\/div><\/div><\/div>\n<\/div>\n\n\n\n<p>Cette page de pr\u00e9sentation couvre le premier \u00e9pisode, \u00abBorn to Burn: Pilot Training Course\u00bb, du jeu vid\u00e9o Steel Storm: Burning Retribution, comprenant trois missions qui faisaient autrefois partie du d\u00e9sormais d\u00e9funt \u00abEpisode 1\u00bb. Chaque niveau a sa propre section avec des cartes et un guide vid\u00e9o. Ce guide a \u00e9t\u00e9 con\u00e7u comme s&#039;il \u00e9tait jou\u00e9 <strong>Classique<\/strong> ou <strong>Dur <\/strong>difficult\u00e9.<\/p>\n\n\n\n<p>Gardez \u00e0 l&#039;esprit que chaque \u00e9pisode et les missions bonus de ce jeu ont leur propre suite en ce qui concerne les armes acquises, ce qui signifie que tout ce que vous ramassez dans la mission d&#039;un \u00e9pisode donn\u00e9, vous pouvez passer \u00e0 un autre niveau du m\u00eame \u00e9pisode, mais pas dans le deuxi\u00e8me \u00e9pisode ou les missions bonus. Cela inclut les deuxi\u00e8mes parties des niveaux d\u00e9j\u00e0 termin\u00e9s, vous permettant de revenir en arri\u00e8re pour un score plus \u00e9lev\u00e9 avec de meilleurs armes.<\/p>\n\n\n\n<p>Born to Burn: Pilot Training Course sert d&#039;introduction au jeu Steel Storm. Ces niveaux pr\u00e9sentent les d\u00e9fis les plus faciles par rapport aux prochains \u00e9pisodes et aux missions bonus.<\/p>\n\n\n\n<hr class=\"wp-block-separator\"\/>\n\n\n\n<div class=\"wp-block-cover has-background-dim-80 has-background-dim\" style=\"background-image:url(https:\/\/steelstorm.standardof.net\/wp-content\/uploads\/sites\/3\/2020\/10\/Burning-Retribution.jpg);min-height:200px;aspect-ratio:unset;\"><div class=\"wp-block-cover__inner-container is-layout-flow wp-block-cover-is-layout-flow\">\n<h3 class=\"has-text-align-center wp-block-heading\">Ch\u00e2timent br\u00fblant<\/h3>\n<\/div><\/div>\n\n\n\n<div class=\"gb-container gb-container-84c3f63c\"><div class=\"gb-inside-container\">\n<h4 class=\"has-text-align-center has-white-color has-text-color wp-block-heading\"><strong>Chapitre 1<\/strong><\/h4>\n\n\n\n<div class=\"gb-grid-wrapper gb-grid-wrapper-f2f3ae79\">\n<div class=\"gb-grid-column gb-grid-column-1aab7781\"><div class=\"gb-container gb-container-1aab7781\"><div class=\"gb-inside-container\">\n<h5 class=\"has-text-align-center wp-block-heading\"><strong><a href=\"https:\/\/steelstorm.standardof.net\/fr\/guide\/procedures-de-niveau-2\/canyon-gele-en-feu-2\/\" class=\"rank-math-link\">Canyon gel\u00e9<\/a><\/strong><\/h5>\n<\/div><\/div><\/div>\n\n\n\n<div class=\"gb-grid-column gb-grid-column-42ee31c5\"><div class=\"gb-container gb-container-42ee31c5\"><div class=\"gb-inside-container\">\n<h5 class=\"has-text-align-center wp-block-heading\"><strong><a href=\"https:\/\/steelstorm.standardof.net\/fr\/guide\/procedures-de-niveau-2\/acier-engourdi-brulant\/\" class=\"rank-math-link\">Acier engourdi<\/a><\/strong><\/h5>\n<\/div><\/div><\/div>\n<\/div>\n<\/div><\/div>\n\n\n\n<div class=\"gb-container gb-container-54b9e81e\"><div class=\"gb-inside-container\">\n<h4 class=\"has-text-align-center has-white-color has-text-color wp-block-heading\"><strong>Chapitre 2<\/strong><\/h4>\n\n\n\n<div class=\"gb-grid-wrapper gb-grid-wrapper-18e74611\">\n<div class=\"gb-grid-column gb-grid-column-56f48146\"><div class=\"gb-container gb-container-56f48146\"><div class=\"gb-inside-container\">\n<h5 class=\"has-text-align-center wp-block-heading\"><strong><a href=\"https:\/\/steelstorm.standardof.net\/fr\/guide\/procedures-de-niveau-2\/paradis-brulant-de-retribution\/\" class=\"rank-math-link\">Paradis des glaces<\/a><\/strong><\/h5>\n<\/div><\/div><\/div>\n\n\n\n<div class=\"gb-grid-column gb-grid-column-183e5fca\"><div class=\"gb-container gb-container-183e5fca\"><div class=\"gb-inside-container\">\n<h5 class=\"has-text-align-center wp-block-heading\"><strong><a href=\"https:\/\/steelstorm.standardof.net\/fr\/guide\/procedures-de-niveau-2\/chatiment-brulant-sous-le-linceul-gele\/\" class=\"rank-math-link\">Sous le linceul gel\u00e9<\/a><\/strong><\/h5>\n<\/div><\/div><\/div>\n\n\n\n<div class=\"gb-grid-column gb-grid-column-ef9975af\"><div class=\"gb-container gb-container-ef9975af\"><div class=\"gb-inside-container\">\n<h5 class=\"has-text-align-center wp-block-heading\"><strong><a href=\"https:\/\/steelstorm.standardof.net\/fr\/guide\/procedures-de-niveau-2\/burning-retribution-follow-the-mole\/\" class=\"rank-math-link\">Suivez la taupe<\/a><\/strong><\/h5>\n<\/div><\/div><\/div>\n<\/div>\n\n\n\n<div class=\"gb-grid-wrapper gb-grid-wrapper-0f8d198f\">\n<div class=\"gb-grid-column gb-grid-column-e42dbeec\"><div class=\"gb-container gb-container-e42dbeec\"><div class=\"gb-inside-container\">\n<h5 class=\"has-text-align-center wp-block-heading\"><strong><a href=\"https:\/\/steelstorm.standardof.net\/fr\/guide\/procedures-de-niveau-2\/gravure-retribution-le-reseau\/\" class=\"rank-math-link\">Le r\u00e9seau<\/a><\/strong><\/h5>\n<\/div><\/div><\/div>\n\n\n\n<div class=\"gb-grid-column gb-grid-column-2a18f3cb\"><div class=\"gb-container gb-container-2a18f3cb\"><div class=\"gb-inside-container\">\n<h5 class=\"has-text-align-center wp-block-heading\"><strong><a href=\"https:\/\/steelstorm.standardof.net\/fr\/guide\/procedures-de-niveau-2\/place-de-chatiment-brulant\/\" class=\"rank-math-link\">Place du destin<\/a><\/strong><\/h5>\n<\/div><\/div><\/div>\n<\/div>\n<\/div><\/div>\n\n\n\n<p>Cette partie de la proc\u00e9dure pas \u00e0 pas couvre l&#039;\u00e9pisode 2 de Steel Storm, Burning Retribution, poursuivant la s\u00e9rie de guides de niveau jou\u00e9s tout au long du jeu sur <strong>Classique <\/strong>ou <strong>Dur <\/strong>difficult\u00e9. Partie du jeu complet uniquement, contrairement \u00e0 l&#039;\u00e9pisode 1 qui fait \u00e9galement partie de la version gratuite, l&#039;\u00e9pisode 2 apportera avec lui une s\u00e9rie de nouveaux ennemis et des armes suppl\u00e9mentaires auparavant invisibles, \u00e0 moins que vous n&#039;ayez d\u00e9j\u00e0 termin\u00e9 les missions bonus.<\/p>\n\n\n\n<p>L&#039;\u00e9pisode 2 ou Burning Retribution, est le plus grand ensemble de niveaux continus du jeu, divis\u00e9 en quatre chapitres distincts ayant chacun leur propre groupe de missions. Attendez-vous \u00e0 voir des d\u00e9fis plus difficiles, divers nouveaux environnements et des t\u00e2ches plus compliqu\u00e9es \u00e0 accomplir.<\/p>\n\n\n\n<hr class=\"wp-block-separator\"\/>\n\n\n\n<div class=\"wp-block-cover has-background-dim-80 has-background-dim\" style=\"background-image:url(https:\/\/steelstorm.standardof.net\/wp-content\/uploads\/sites\/3\/2020\/10\/Bonus-Missions.jpg);background-position:48% 37%;min-height:200px;aspect-ratio:unset;\"><div class=\"wp-block-cover__inner-container is-layout-flow wp-block-cover-is-layout-flow\">\n<h3 class=\"has-text-align-center wp-block-heading\">Missions bonus: escarmouche<\/h3>\n<\/div><\/div>\n\n\n\n<div class=\"gb-grid-wrapper gb-grid-wrapper-996d369e\">\n<div class=\"gb-grid-column gb-grid-column-af22efae\"><div class=\"gb-container gb-container-af22efae\"><div class=\"gb-inside-container\">\n<h4 class=\"has-text-align-center wp-block-heading\"><strong><a href=\"https:\/\/steelstorm.standardof.net\/fr\/guide\/procedures-de-niveau-2\/escarmouche-sables-brulants\/\" class=\"rank-math-link\">Sables br\u00fblants<\/a><\/strong><\/h4>\n<\/div><\/div><\/div>\n\n\n\n<div class=\"gb-grid-column gb-grid-column-6e6a0850\"><div class=\"gb-container gb-container-6e6a0850\"><div class=\"gb-inside-container\">\n<h4 class=\"has-text-align-center wp-block-heading\"><strong><a href=\"https:\/\/steelstorm.standardof.net\/fr\/guide\/procedures-de-niveau-2\/escarmouche\/\" class=\"rank-math-link\">Assaut<\/a><\/strong><\/h4>\n<\/div><\/div><\/div>\n\n\n\n<div class=\"gb-grid-column gb-grid-column-c5daec24\"><div class=\"gb-container gb-container-c5daec24\"><div class=\"gb-inside-container\">\n<h4 class=\"has-text-align-center wp-block-heading\"><strong><a href=\"https:\/\/steelstorm.standardof.net\/fr\/guide\/procedures-de-niveau-2\/escarmouche-purgatoire\/\" class=\"rank-math-link\">Purgatoire<\/a><\/strong><\/h4>\n<\/div><\/div><\/div>\n<\/div>\n\n\n\n<p>Cette partie du guide couvre les missions bonus disponibles dans Steel Storm: Burning Retribution. Dans ce guide, vous trouverez une section pour chaque niveau, contenant des cartes, des conseils et des astuces et une vid\u00e9o pas \u00e0 pas r\u00e9alis\u00e9e sur le <strong>Classique <\/strong>ou <strong>Dur<\/strong> difficult\u00e9.<\/p>\n\n\n\n<p>Ces missions ont \u00e9t\u00e9 ajout\u00e9es dans un patch r\u00e9cent du jeu, offrent des d\u00e9fis uniques, distincts de la progression principale des \u00e9pisodes 1 et 2. Comme chaque \u00e9pisode, ce groupe de niveaux a sa propre progression avec les armes captur\u00e9es, en commen\u00e7ant par la seule mitrailleuse dans le premier niveau.<\/p>\n\n\n\n<hr class=\"wp-block-separator\"\/>\n\n\n\n<div class=\"wp-block-cover has-background-dim-80 has-background-dim\" style=\"background-image:url(https:\/\/steelstorm.standardof.net\/wp-content\/uploads\/sites\/3\/2020\/10\/Lost-Missions.jpg);background-position:48% 37%;min-height:200px;aspect-ratio:unset;\"><div class=\"wp-block-cover__inner-container is-layout-flow wp-block-cover-is-layout-flow\">\n<h3 class=\"has-text-align-center wp-block-heading\">Missions perdues<\/h3>\n<\/div><\/div>\n\n\n\n<div class=\"gb-grid-wrapper gb-grid-wrapper-4e236f43\">\n<div class=\"gb-grid-column gb-grid-column-bc3b5ab5\"><div class=\"gb-container gb-container-bc3b5ab5\"><div class=\"gb-inside-container\">\n<h4 class=\"has-text-align-center wp-block-heading\"><strong><a href=\"https:\/\/steelstorm.standardof.net\/fr\/guide\/procedures-de-niveau-2\/perdu-dans-le-temps-dans-la-consternation\/\" class=\"rank-math-link\">Dans Dismay<\/a><\/strong><\/h4>\n<\/div><\/div><\/div>\n\n\n\n<div class=\"gb-grid-column gb-grid-column-d8f4e8aa\"><div class=\"gb-container gb-container-d8f4e8aa\"><div class=\"gb-inside-container\">\n<h4 class=\"has-text-align-center wp-block-heading\"><strong><a href=\"https:\/\/steelstorm.standardof.net\/fr\/guide\/procedures-de-niveau-2\/fusion-perdue-dans-le-temps\/\" class=\"rank-math-link\">Meltdown<\/a><\/strong><\/h4>\n<\/div><\/div><\/div>\n<\/div>\n\n\n\n<p>Les missions perdues dans Steel Storm sont actuellement un ensemble de deux niveaux qui faisaient autrefois partie de l&#039;ancien et maintenant disparu Episode 1, avant qu&#039;il ne soit divis\u00e9 et transform\u00e9 en l&#039;ensemble de niveaux Born to Burn. Essentiellement s\u00e9par\u00e9s du continuum principal du jeu, ces \u00e9pisodes sont d\u00e9sormais Lost in Time, d\u00e9rivant dans l&#039;espace virtuel, mais toujours accessibles pour \u00eatre jou\u00e9s dans le cadre de leur propre s\u00e9rie.<\/p>\n\n\n\n<div style=\"height:20px\" aria-hidden=\"true\" class=\"wp-block-spacer\"><\/div>","protected":false},"excerpt":{"rendered":"<p>Born to Burn: Pilot Training Course Burning Retribution Bonus Missions Lost Missions There are 3 main sources of information presented within the level guides, covering each of the missions in Steel Storm Burning Retribution. The first of which are the pictures to the right side of the page by each level\u2019s walkthrough. Here you will [&hellip;]<\/p>","protected":false},"author":1,"featured_media":54,"parent":6,"menu_order":0,"comment_status":"open","ping_status":"closed","template":"","meta":{"_uag_custom_page_level_css":"","site-sidebar-layout":"default","site-content-layout":"default","ast-site-content-layout":"","site-content-style":"default","site-sidebar-style":"default","ast-global-header-display":"","ast-banner-title-visibility":"","ast-main-header-display":"","ast-hfb-above-header-display":"","ast-hfb-below-header-display":"","ast-hfb-mobile-header-display":"","site-post-title":"","ast-breadcrumbs-content":"","ast-featured-img":"","footer-sml-layout":"","theme-transparent-header-meta":"default","adv-header-id-meta":"","stick-header-meta":"","header-above-stick-meta":"","header-main-stick-meta":"","header-below-stick-meta":"","astra-migrate-meta-layouts":"default","ast-page-background-enabled":"default","ast-page-background-meta":{"desktop":{"background-color":"","background-image":"","background-repeat":"repeat","background-position":"center center","background-size":"auto","background-attachment":"scroll","background-type":"","background-media":"","overlay-type":"","overlay-color":"","overlay-gradient":""},"tablet":{"background-color":"","background-image":"","background-repeat":"repeat","background-position":"center center","background-size":"auto","background-attachment":"scroll","background-type":"","background-media":"","overlay-type":"","overlay-color":"","overlay-gradient":""},"mobile":{"background-color":"","background-image":"","background-repeat":"repeat","background-position":"center center","background-size":"auto","background-attachment":"scroll","background-type":"","background-media":"","overlay-type":"","overlay-color":"","overlay-gradient":""}},"ast-content-background-meta":{"desktop":{"background-color":"var(--ast-global-color-5)","background-image":"","background-repeat":"repeat","background-position":"center center","background-size":"auto","background-attachment":"scroll","background-type":"","background-media":"","overlay-type":"","overlay-color":"","overlay-gradient":""},"tablet":{"background-color":"var(--ast-global-color-5)","background-image":"","background-repeat":"repeat","background-position":"center center","background-size":"auto","background-attachment":"scroll","background-type":"","background-media":"","overlay-type":"","overlay-color":"","overlay-gradient":""},"mobile":{"background-color":"var(--ast-global-color-5)","background-image":"","background-repeat":"repeat","background-position":"center center","background-size":"auto","background-attachment":"scroll","background-type":"","background-media":"","overlay-type":"","overlay-color":"","overlay-gradient":""}},"footnotes":""},"uagb_featured_image_src":{"full":["https:\/\/steelstorm.standardof.net\/wp-content\/uploads\/sites\/3\/2020\/10\/MnEdR-1.jpg",1200,750,false],"thumbnail":["https:\/\/steelstorm.standardof.net\/wp-content\/uploads\/sites\/3\/2020\/10\/MnEdR-1-150x150.jpg",150,150,true],"medium":["https:\/\/steelstorm.standardof.net\/wp-content\/uploads\/sites\/3\/2020\/10\/MnEdR-1-300x188.jpg",300,188,true],"medium_large":["https:\/\/steelstorm.standardof.net\/wp-content\/uploads\/sites\/3\/2020\/10\/MnEdR-1-768x480.jpg",768,480,true],"large":["https:\/\/steelstorm.standardof.net\/wp-content\/uploads\/sites\/3\/2020\/10\/MnEdR-1-1024x640.jpg",1024,640,true],"1536x1536":["https:\/\/steelstorm.standardof.net\/wp-content\/uploads\/sites\/3\/2020\/10\/MnEdR-1.jpg",1200,750,false],"2048x2048":["https:\/\/steelstorm.standardof.net\/wp-content\/uploads\/sites\/3\/2020\/10\/MnEdR-1.jpg",1200,750,false],"trp-custom-language-flag":["https:\/\/steelstorm.standardof.net\/wp-content\/uploads\/sites\/3\/2020\/10\/MnEdR-1.jpg",18,12,false]},"uagb_author_info":{"display_name":"SOE","author_link":"https:\/\/steelstorm.standardof.net\/fr\/author\/k-tastic\/"},"uagb_comment_info":0,"uagb_excerpt":"Born to Burn: Pilot Training Course Burning Retribution Bonus Missions Lost Missions There are 3 main sources of information presented within the level guides, covering each of the missions in Steel Storm Burning Retribution. The first of which are the pictures to the right side of the page by each level\u2019s walkthrough. Here you will&hellip;","_links":{"self":[{"href":"https:\/\/steelstorm.standardof.net\/fr\/wp-json\/wp\/v2\/pages\/173"}],"collection":[{"href":"https:\/\/steelstorm.standardof.net\/fr\/wp-json\/wp\/v2\/pages"}],"about":[{"href":"https:\/\/steelstorm.standardof.net\/fr\/wp-json\/wp\/v2\/types\/page"}],"author":[{"embeddable":true,"href":"https:\/\/steelstorm.standardof.net\/fr\/wp-json\/wp\/v2\/users\/1"}],"replies":[{"embeddable":true,"href":"https:\/\/steelstorm.standardof.net\/fr\/wp-json\/wp\/v2\/comments?post=173"}],"version-history":[{"count":0,"href":"https:\/\/steelstorm.standardof.net\/fr\/wp-json\/wp\/v2\/pages\/173\/revisions"}],"up":[{"embeddable":true,"href":"https:\/\/steelstorm.standardof.net\/fr\/wp-json\/wp\/v2\/pages\/6"}],"wp:featuredmedia":[{"embeddable":true,"href":"https:\/\/steelstorm.standardof.net\/fr\/wp-json\/wp\/v2\/media\/54"}],"wp:attachment":[{"href":"https:\/\/steelstorm.standardof.net\/fr\/wp-json\/wp\/v2\/media?parent=173"}],"curies":[{"name":"wp","href":"https:\/\/api.w.org\/{rel}","templated":true}]}}