{"id":170,"date":"2020-10-17T06:09:23","date_gmt":"2020-10-17T06:09:23","guid":{"rendered":"https:\/\/steelstorm.standardof.net\/?page_id=170"},"modified":"2020-10-19T05:14:33","modified_gmt":"2020-10-19T05:14:33","slug":"secondary-weapons","status":"publish","type":"page","link":"https:\/\/steelstorm.standardof.net\/fr\/guide\/armes\/armes-secondaires\/","title":{"rendered":"Armes secondaires"},"content":{"rendered":"<p>le <strong>Secondaire <\/strong>Le groupe d&#039;armes est tir\u00e9 par d\u00e9faut avec la touche Souris 2 (clic droit), ce qui fournit une puissance de feu plus \u00e9lev\u00e9e \u00e0 votre char. Normalement, vous ne pouvez tirer qu&#039;une des armes \u00e0 \u00e9nergie ou balistique \u00e0 la fois, mais si vous utilisez la touche Maj pour basculer rapidement dans les deux sens, vous pouvez en fait utiliser les deux simultan\u00e9ment.<\/p>\n\n\n\n<div style=\"height:20px\" aria-hidden=\"true\" class=\"wp-block-spacer\"><\/div>\n\n\n\n<div class=\"wp-block-cover alignwide has-background-dim-70 has-black-background-color has-background-dim\" style=\"background-image:url(https:\/\/steelstorm.standardof.net\/wp-content\/uploads\/sites\/3\/2020\/10\/Steel-Storm-Weapons-MIRV-Screenshot.jpg);background-position:49% 25%;min-height:112px;aspect-ratio:unset;\"><div class=\"wp-block-cover__inner-container is-layout-flow wp-block-cover-is-layout-flow\">\n<h2 class=\"has-text-align-center wp-block-heading\"><span class=\"qubely-text-uppercase\" style=\"text-transform: uppercase;\"><span data=\"#ff6900\" class=\"qubely-text-has-color\" style=\"color: #ff6900;\">Armes balistiques secondaires<\/span><\/span><\/h2>\n\n\n\n<p class=\"has-text-align-center\">La balistique secondaire se compose de plusieurs vari\u00e9t\u00e9s diff\u00e9rentes de lanceurs de missiles pour provoquer de graves destructions parmi vos ennemis.<\/p>\n<\/div><\/div>\n\n\n\n<div style=\"height:20px\" aria-hidden=\"true\" class=\"wp-block-spacer\"><\/div>\n\n\n\n<div class=\"gb-container gb-container-dbddee8c\"><div class=\"gb-inside-container\">\n<h3 class=\"has-text-align-center wp-block-heading\">Pod de fus\u00e9e<\/h3>\n\n\n\n<div class=\"wp-block-image\"><figure class=\"aligncenter size-medium\"><a href=\"https:\/\/steelstorm.standardof.net\/fr\/steel-storm-weapons-rocket-pod-icon\/\"><img decoding=\"async\" width=\"300\" height=\"212\" src=\"https:\/\/steelstorm.standardof.net\/wp-content\/uploads\/sites\/3\/2020\/10\/Steel-Storm-Weapons-Rocket-Pod-Icon-300x212.jpg\" alt=\"Pod de fus\u00e9e\" class=\"wp-image-128\" title=\"\" srcset=\"https:\/\/steelstorm.standardof.net\/wp-content\/uploads\/sites\/3\/2020\/10\/Steel-Storm-Weapons-Rocket-Pod-Icon-300x212.jpg 300w, https:\/\/steelstorm.standardof.net\/wp-content\/uploads\/sites\/3\/2020\/10\/Steel-Storm-Weapons-Rocket-Pod-Icon-16x12.jpg 16w, https:\/\/steelstorm.standardof.net\/wp-content\/uploads\/sites\/3\/2020\/10\/Steel-Storm-Weapons-Rocket-Pod-Icon.jpg 465w\" sizes=\"(max-width: 300px) 100vw, 300px\" \/><\/a><figcaption>Pod de fus\u00e9e<\/figcaption><\/figure><\/div>\n\n\n\n<p>Excellente arme \u00e0 courte et moyenne port\u00e9e, le Rocket Pod lib\u00e8re une \u00e9paisse rafale de missiles qui se r\u00e9pandent pour infliger de s\u00e9rieux d\u00e9g\u00e2ts \u00e0 tous les ennemis pris dans l&#039;explosion. Cette arme est \u00e9galement efficace contre tous les types d&#039;ennemis tant que vous pouvez vous approcher suffisamment pour les tirer.<\/p>\n\n\n\n<div class=\"wp-block-image\"><figure class=\"aligncenter size-full is-resized\"><a href=\"https:\/\/steelstorm.standardof.net\/fr\/steel-storm-weapons-rocket-pod-screenshot\/\"><img decoding=\"async\" src=\"https:\/\/steelstorm.standardof.net\/wp-content\/uploads\/sites\/3\/2020\/10\/Steel-Storm-Weapons-Rocket-Pod-Screenshot.jpg\" alt=\"Arme secondaire de Rocket Pod\" class=\"wp-image-129\" width=\"768\" height=\"432\" title=\"\" srcset=\"https:\/\/steelstorm.standardof.net\/wp-content\/uploads\/sites\/3\/2020\/10\/Steel-Storm-Weapons-Rocket-Pod-Screenshot.jpg 1024w, https:\/\/steelstorm.standardof.net\/wp-content\/uploads\/sites\/3\/2020\/10\/Steel-Storm-Weapons-Rocket-Pod-Screenshot-300x169.jpg 300w, https:\/\/steelstorm.standardof.net\/wp-content\/uploads\/sites\/3\/2020\/10\/Steel-Storm-Weapons-Rocket-Pod-Screenshot-768x432.jpg 768w, https:\/\/steelstorm.standardof.net\/wp-content\/uploads\/sites\/3\/2020\/10\/Steel-Storm-Weapons-Rocket-Pod-Screenshot-16x9.jpg 16w\" sizes=\"(max-width: 768px) 100vw, 768px\" \/><\/a><figcaption>Lancement d&#039;essaims de roquettes dans des groupes de chars hostiles.<\/figcaption><\/figure><\/div>\n<\/div><\/div>\n\n\n\n<div style=\"height:20px\" aria-hidden=\"true\" class=\"wp-block-spacer\"><\/div>\n\n\n\n<div class=\"gb-container gb-container-2b743f96\"><div class=\"gb-inside-container\">\n<h3 class=\"has-text-align-center wp-block-heading\">Missile \u00e0 t\u00eate chercheuse<\/h3>\n\n\n\n<div class=\"wp-block-image\"><figure class=\"aligncenter size-medium\"><a href=\"https:\/\/steelstorm.standardof.net\/fr\/steel-storm-weapons-homing-missile-icon\/\"><img decoding=\"async\" width=\"300\" height=\"274\" src=\"https:\/\/steelstorm.standardof.net\/wp-content\/uploads\/sites\/3\/2020\/10\/Steel-Storm-Weapons-Homing-Missile-Icon-300x274.jpg\" alt=\"Missile \u00e0 t\u00eate chercheuse\" class=\"wp-image-124\" title=\"\" srcset=\"https:\/\/steelstorm.standardof.net\/wp-content\/uploads\/sites\/3\/2020\/10\/Steel-Storm-Weapons-Homing-Missile-Icon-300x274.jpg 300w, https:\/\/steelstorm.standardof.net\/wp-content\/uploads\/sites\/3\/2020\/10\/Steel-Storm-Weapons-Homing-Missile-Icon-13x12.jpg 13w, https:\/\/steelstorm.standardof.net\/wp-content\/uploads\/sites\/3\/2020\/10\/Steel-Storm-Weapons-Homing-Missile-Icon.jpg 410w\" sizes=\"(max-width: 300px) 100vw, 300px\" \/><\/a><figcaption>Missile \u00e0 t\u00eate chercheuse<\/figcaption><\/figure><\/div>\n\n\n\n<p>Les missiles Homing sont lanc\u00e9s comme une paire de missiles explosifs qui poursuivent les cibles ennemies proches. Les missiles de guidage sont bons \u00e0 courte et longue port\u00e9e, mais sont beaucoup plus efficaces contre des cibles plus lentes ou stationnaires, car les chars l\u00e9gers et \u00e9clair plus rapides peuvent esquiver les missiles de guidage les moins maniables.<\/p>\n\n\n\n<p>Ce qui rend cette arme particuli\u00e8rement utile, c&#039;est la possibilit\u00e9 de les tirer d&#039;un coin ou de derri\u00e8re une obstruction pour frapper des ennemis qui ne se trouvent pas directement dans votre ligne de vue. De cette fa\u00e7on, les missiles Homing peuvent \u00eatre utilis\u00e9s pour d\u00e9truire un certain nombre d&#039;ennemis sans jamais vous exposer \u00e0 riposter. Enfin, c&#039;est la meilleure arme pour frapper des cibles volant au-dessus ou au sol en dessous de vous, car les missiles peuvent \u00e9galement voyager de haut en bas dans les airs.<\/p>\n\n\n\n<div class=\"wp-block-image\"><figure class=\"aligncenter size-full is-resized\"><a href=\"https:\/\/steelstorm.standardof.net\/fr\/steel-storm-weapons-homing-missile-screenshot\/\"><img decoding=\"async\" src=\"https:\/\/steelstorm.standardof.net\/wp-content\/uploads\/sites\/3\/2020\/10\/Steel-Storm-Weapons-Homing-Missile-Screenshot.jpg\" alt=\"Arme secondaire de missile directeur\" class=\"wp-image-125\" width=\"768\" height=\"432\" title=\"\" srcset=\"https:\/\/steelstorm.standardof.net\/wp-content\/uploads\/sites\/3\/2020\/10\/Steel-Storm-Weapons-Homing-Missile-Screenshot.jpg 1024w, https:\/\/steelstorm.standardof.net\/wp-content\/uploads\/sites\/3\/2020\/10\/Steel-Storm-Weapons-Homing-Missile-Screenshot-300x169.jpg 300w, https:\/\/steelstorm.standardof.net\/wp-content\/uploads\/sites\/3\/2020\/10\/Steel-Storm-Weapons-Homing-Missile-Screenshot-768x432.jpg 768w, https:\/\/steelstorm.standardof.net\/wp-content\/uploads\/sites\/3\/2020\/10\/Steel-Storm-Weapons-Homing-Missile-Screenshot-16x9.jpg 16w\" sizes=\"(max-width: 768px) 100vw, 768px\" \/><\/a><figcaption>Verrouiller et \u00e9liminer les chars ennemis avec le missile Homing.\n<\/figcaption><\/figure><\/div>\n<\/div><\/div>\n\n\n\n<div style=\"height:20px\" aria-hidden=\"true\" class=\"wp-block-spacer\"><\/div>\n\n\n\n<div class=\"gb-container gb-container-ba90241e\"><div class=\"gb-inside-container\">\n<h3 class=\"has-text-align-center wp-block-heading\">MIRV<\/h3>\n\n\n\n<div class=\"wp-block-image\"><figure class=\"aligncenter size-medium\"><a href=\"https:\/\/steelstorm.standardof.net\/fr\/steel-storm-weapons-mirv-icon\/\"><img decoding=\"async\" width=\"300\" height=\"279\" src=\"https:\/\/steelstorm.standardof.net\/wp-content\/uploads\/sites\/3\/2020\/10\/Steel-Storm-Weapons-MIRV-Icon-300x279.jpg\" alt=\"MIRV\" class=\"wp-image-126\" title=\"\" srcset=\"https:\/\/steelstorm.standardof.net\/wp-content\/uploads\/sites\/3\/2020\/10\/Steel-Storm-Weapons-MIRV-Icon-300x279.jpg 300w, https:\/\/steelstorm.standardof.net\/wp-content\/uploads\/sites\/3\/2020\/10\/Steel-Storm-Weapons-MIRV-Icon-13x12.jpg 13w, https:\/\/steelstorm.standardof.net\/wp-content\/uploads\/sites\/3\/2020\/10\/Steel-Storm-Weapons-MIRV-Icon.jpg 380w\" sizes=\"(max-width: 300px) 100vw, 300px\" \/><\/a><figcaption>MIRV<\/figcaption><\/figure><\/div>\n\n\n\n<p>Le MIRV est une arme de moyenne \u00e0 longue port\u00e9e efficace contre de grands groupes d&#039;ennemis. Cette arme lance un seul missile qui vole directement dans les airs avant de faire un arc devant votre char, de se diviser en plusieurs ogives et de retomber au sol environ \u00e0 mi-hauteur de l&#039;\u00e9cran. Les MIRV sont inefficaces \u00e0 courte port\u00e9e en raison de la distance qu&#039;ils doivent parcourir avant de redescendre, mais ils peuvent \u00eatre utilis\u00e9s pour frapper des cibles ennemies derri\u00e8re des champs de force ou autrement inaccessibles.<\/p>\n\n\n\n<div class=\"wp-block-image\"><figure class=\"aligncenter size-full is-resized\"><a href=\"https:\/\/steelstorm.standardof.net\/fr\/steel-storm-weapons-mirv-screenshot\/\"><img decoding=\"async\" src=\"https:\/\/steelstorm.standardof.net\/wp-content\/uploads\/sites\/3\/2020\/10\/Steel-Storm-Weapons-MIRV-Screenshot.jpg\" alt=\"Arme secondaire MIRV\" class=\"wp-image-127\" width=\"768\" height=\"432\" title=\"\" srcset=\"https:\/\/steelstorm.standardof.net\/wp-content\/uploads\/sites\/3\/2020\/10\/Steel-Storm-Weapons-MIRV-Screenshot.jpg 1024w, https:\/\/steelstorm.standardof.net\/wp-content\/uploads\/sites\/3\/2020\/10\/Steel-Storm-Weapons-MIRV-Screenshot-300x169.jpg 300w, https:\/\/steelstorm.standardof.net\/wp-content\/uploads\/sites\/3\/2020\/10\/Steel-Storm-Weapons-MIRV-Screenshot-768x432.jpg 768w, https:\/\/steelstorm.standardof.net\/wp-content\/uploads\/sites\/3\/2020\/10\/Steel-Storm-Weapons-MIRV-Screenshot-16x9.jpg 16w\" sizes=\"(max-width: 768px) 100vw, 768px\" \/><\/a><figcaption>Pleuvoir la mort d&#039;en haut, en utilisant l&#039;arme balistique secondaire MIRV.\n<\/figcaption><\/figure><\/div>\n<\/div><\/div>\n\n\n\n<div style=\"height:20px\" aria-hidden=\"true\" class=\"wp-block-spacer\"><\/div>\n\n\n\n<div class=\"wp-block-cover alignwide has-black-background-color has-background-dim\" style=\"background-image:url(https:\/\/steelstorm.standardof.net\/wp-content\/uploads\/sites\/3\/2020\/10\/Steel-Storm-Weapons-Beam-Cannon-Screenshot.jpg);background-position:51% 24%;min-height:112px;aspect-ratio:unset;\"><div class=\"wp-block-cover__inner-container is-layout-flow wp-block-cover-is-layout-flow\">\n<h2 class=\"has-text-align-center wp-block-heading\"><span style=\"text-transform: uppercase;\" class=\"qubely-text-uppercase\"><span style=\"color: #ff6900;\" data=\"#ff6900\" class=\"qubely-text-has-color\">Armes \u00e0 \u00e9nergie secondaire<\/span><\/span><\/h2>\n\n\n\n<p class=\"has-text-align-center\">Les armes \u00e0 \u00e9nergie secondaire occupent leur propre emplacement distinct des armes balistiques, ce qui vous permet de basculer entre les deux en fonction de vos besoins \u00e0 ce moment-l\u00e0.<\/p>\n<\/div><\/div>\n\n\n\n<div style=\"height:20px\" aria-hidden=\"true\" class=\"wp-block-spacer\"><\/div>\n\n\n\n<div class=\"gb-container gb-container-9502a65f\"><div class=\"gb-inside-container\">\n<h3 class=\"has-text-align-center wp-block-heading\">Canon \u00e0 faisceau<\/h3>\n\n\n\n<div class=\"wp-block-image\"><figure class=\"aligncenter size-medium\"><a href=\"https:\/\/steelstorm.standardof.net\/fr\/steel-storm-weapons-beam-cannon-icon\/\"><img decoding=\"async\" width=\"300\" height=\"241\" src=\"https:\/\/steelstorm.standardof.net\/wp-content\/uploads\/sites\/3\/2020\/10\/Steel-Storm-Weapons-Beam-Cannon-Icon-300x241.jpg\" alt=\"Canon \u00e0 faisceau\" class=\"wp-image-122\" title=\"\" srcset=\"https:\/\/steelstorm.standardof.net\/wp-content\/uploads\/sites\/3\/2020\/10\/Steel-Storm-Weapons-Beam-Cannon-Icon-300x241.jpg 300w, https:\/\/steelstorm.standardof.net\/wp-content\/uploads\/sites\/3\/2020\/10\/Steel-Storm-Weapons-Beam-Cannon-Icon-16x12.jpg 16w, https:\/\/steelstorm.standardof.net\/wp-content\/uploads\/sites\/3\/2020\/10\/Steel-Storm-Weapons-Beam-Cannon-Icon.jpg 489w\" sizes=\"(max-width: 300px) 100vw, 300px\" \/><\/a><figcaption>Canon \u00e0 faisceau<\/figcaption><\/figure><\/div>\n\n\n\n<p>Le Beam Cannon tire un laser lourd concentr\u00e9 directement devant votre tank et est le plus lourd revendeur de dommages directs \u00e0 votre disposition. Une seule explosion compl\u00e8te suffit pour d\u00e9truire compl\u00e8tement une tourelle ou un char moyen. Cette arme est \u00e9galement excellente contre les chars lourds, les boss et pour d\u00e9truire des b\u00e2timents. Son seul inconv\u00e9nient r\u00e9side dans sa capacit\u00e9 limit\u00e9e \u00e0 g\u00e9rer de grands groupes d&#039;ennemis dispers\u00e9s, bien que des balayages de droite \u00e0 gauche puissent aider \u00e0 compenser, les pods de fus\u00e9e et les MIRV sont toujours meilleurs \u00e0 cet effet.<\/p>\n\n\n\n<figure class=\"wp-block-image size-full is-resized\"><a href=\"https:\/\/steelstorm.standardof.net\/fr\/steel-storm-weapons-beam-cannon-screenshot\/\"><img decoding=\"async\" src=\"https:\/\/steelstorm.standardof.net\/wp-content\/uploads\/sites\/3\/2020\/10\/Steel-Storm-Weapons-Beam-Cannon-Screenshot.jpg\" alt=\"Arme secondaire Beam Cannon\" class=\"wp-image-123\" width=\"768\" height=\"432\" title=\"\" srcset=\"https:\/\/steelstorm.standardof.net\/wp-content\/uploads\/sites\/3\/2020\/10\/Steel-Storm-Weapons-Beam-Cannon-Screenshot.jpg 1024w, https:\/\/steelstorm.standardof.net\/wp-content\/uploads\/sites\/3\/2020\/10\/Steel-Storm-Weapons-Beam-Cannon-Screenshot-300x169.jpg 300w, https:\/\/steelstorm.standardof.net\/wp-content\/uploads\/sites\/3\/2020\/10\/Steel-Storm-Weapons-Beam-Cannon-Screenshot-768x432.jpg 768w, https:\/\/steelstorm.standardof.net\/wp-content\/uploads\/sites\/3\/2020\/10\/Steel-Storm-Weapons-Beam-Cannon-Screenshot-16x9.jpg 16w\" sizes=\"(max-width: 768px) 100vw, 768px\" \/><\/a><figcaption>Tir du canon \u00e0 faisceau sur un groupe d&#039;ennemis.\n<\/figcaption><\/figure>\n<\/div><\/div>\n\n\n\n<div style=\"height:20px\" aria-hidden=\"true\" class=\"wp-block-spacer\"><\/div>\n\n\n\n<div class=\"gb-container gb-container-78d07a83\"><div class=\"gb-inside-container\">\n<h3 class=\"has-text-align-center wp-block-heading\">Coup de tonnerre<\/h3>\n\n\n\n<div class=\"wp-block-image\"><figure class=\"aligncenter size-medium\"><a href=\"https:\/\/steelstorm.standardof.net\/fr\/steel-storm-weapons-thunderbolt-icon\/\"><img decoding=\"async\" width=\"300\" height=\"266\" src=\"https:\/\/steelstorm.standardof.net\/wp-content\/uploads\/sites\/3\/2020\/10\/Steel-Storm-Weapons-Thunderbolt-Icon-300x266.jpg\" alt=\"Coup de tonnerre\" class=\"wp-image-130\" title=\"\" srcset=\"https:\/\/steelstorm.standardof.net\/wp-content\/uploads\/sites\/3\/2020\/10\/Steel-Storm-Weapons-Thunderbolt-Icon-300x266.jpg 300w, https:\/\/steelstorm.standardof.net\/wp-content\/uploads\/sites\/3\/2020\/10\/Steel-Storm-Weapons-Thunderbolt-Icon-14x12.jpg 14w, https:\/\/steelstorm.standardof.net\/wp-content\/uploads\/sites\/3\/2020\/10\/Steel-Storm-Weapons-Thunderbolt-Icon.jpg 438w\" sizes=\"(max-width: 300px) 100vw, 300px\" \/><\/a><figcaption>Coup de tonnerre <\/figcaption><\/figure><\/div>\n\n\n\n<p>Le Thunderbolt est similaire \u00e0 l&#039;arme tir\u00e9e par le Lightning Tank mais d&#039;une vari\u00e9t\u00e9 plus forte. Tout en \u00e9tant une arme \u00e0 courte port\u00e9e avec de faibles d\u00e9g\u00e2ts, ses avantages proviennent de la d\u00e9sactivation temporaire de tout ce qu&#039;elle frappe tout en \u00e9tant capable de sauter vers les unit\u00e9s ennemies proches. <\/p>\n\n\n\n<p>Le Thunderbolt peut d\u00e9sactiver efficacement des escouades enti\u00e8res de navires serr\u00e9s et, lorsqu&#039;il est combin\u00e9 avec des explosions chronom\u00e9tr\u00e9es de Shockwave, il peut \u00eatre utilis\u00e9 pour garder vos ennemis morts dans l&#039;eau ind\u00e9finiment pendant que vous d\u00e9pouillez la coque et l&#039;armure.<\/p>\n\n\n\n<div class=\"wp-block-image\"><figure class=\"aligncenter size-full is-resized\"><a href=\"https:\/\/steelstorm.standardof.net\/fr\/steel-storm-weapons-thunderbolt-screenshot\/\"><img decoding=\"async\" src=\"https:\/\/steelstorm.standardof.net\/wp-content\/uploads\/sites\/3\/2020\/10\/Steel-Storm-Weapons-Thunderbolt-Screenshot.jpg\" alt=\"Arme secondaire Thunderbolt\" class=\"wp-image-131\" width=\"768\" height=\"432\" title=\"\" srcset=\"https:\/\/steelstorm.standardof.net\/wp-content\/uploads\/sites\/3\/2020\/10\/Steel-Storm-Weapons-Thunderbolt-Screenshot.jpg 1024w, https:\/\/steelstorm.standardof.net\/wp-content\/uploads\/sites\/3\/2020\/10\/Steel-Storm-Weapons-Thunderbolt-Screenshot-300x169.jpg 300w, https:\/\/steelstorm.standardof.net\/wp-content\/uploads\/sites\/3\/2020\/10\/Steel-Storm-Weapons-Thunderbolt-Screenshot-768x432.jpg 768w, https:\/\/steelstorm.standardof.net\/wp-content\/uploads\/sites\/3\/2020\/10\/Steel-Storm-Weapons-Thunderbolt-Screenshot-16x9.jpg 16w\" sizes=\"(max-width: 768px) 100vw, 768px\" \/><\/a><figcaption>Utiliser le Thunderbolt pour encha\u00eener les d\u00e9g\u00e2ts et \u00e9liminer rapidement un groupe restreint d&#039;ennemis.<\/figcaption><\/figure><\/div>\n<\/div><\/div>","protected":false},"excerpt":{"rendered":"<p>The Secondary group of weapons are fired with the Mouse 2 key (right click) by default, providing heavier firepower for your tank. Normally you can only fire one of either the energy or ballistic weapons at a time but if you use the shift key to switch back and forth quickly, you can actually use [&hellip;]<\/p>","protected":false},"author":1,"featured_media":54,"parent":111,"menu_order":0,"comment_status":"open","ping_status":"closed","template":"","meta":{"_uag_custom_page_level_css":"","site-sidebar-layout":"default","site-content-layout":"default","ast-site-content-layout":"","site-content-style":"default","site-sidebar-style":"default","ast-global-header-display":"","ast-banner-title-visibility":"","ast-main-header-display":"","ast-hfb-above-header-display":"","ast-hfb-below-header-display":"","ast-hfb-mobile-header-display":"","site-post-title":"","ast-breadcrumbs-content":"","ast-featured-img":"","footer-sml-layout":"","theme-transparent-header-meta":"default","adv-header-id-meta":"","stick-header-meta":"","header-above-stick-meta":"","header-main-stick-meta":"","header-below-stick-meta":"","astra-migrate-meta-layouts":"default","ast-page-background-enabled":"default","ast-page-background-meta":{"desktop":{"background-color":"","background-image":"","background-repeat":"repeat","background-position":"center center","background-size":"auto","background-attachment":"scroll","background-type":"","background-media":"","overlay-type":"","overlay-color":"","overlay-gradient":""},"tablet":{"background-color":"","background-image":"","background-repeat":"repeat","background-position":"center center","background-size":"auto","background-attachment":"scroll","background-type":"","background-media":"","overlay-type":"","overlay-color":"","overlay-gradient":""},"mobile":{"background-color":"","background-image":"","background-repeat":"repeat","background-position":"center center","background-size":"auto","background-attachment":"scroll","background-type":"","background-media":"","overlay-type":"","overlay-color":"","overlay-gradient":""}},"ast-content-background-meta":{"desktop":{"background-color":"var(--ast-global-color-5)","background-image":"","background-repeat":"repeat","background-position":"center center","background-size":"auto","background-attachment":"scroll","background-type":"","background-media":"","overlay-type":"","overlay-color":"","overlay-gradient":""},"tablet":{"background-color":"var(--ast-global-color-5)","background-image":"","background-repeat":"repeat","background-position":"center center","background-size":"auto","background-attachment":"scroll","background-type":"","background-media":"","overlay-type":"","overlay-color":"","overlay-gradient":""},"mobile":{"background-color":"var(--ast-global-color-5)","background-image":"","background-repeat":"repeat","background-position":"center center","background-size":"auto","background-attachment":"scroll","background-type":"","background-media":"","overlay-type":"","overlay-color":"","overlay-gradient":""}},"footnotes":""},"uagb_featured_image_src":{"full":["https:\/\/steelstorm.standardof.net\/wp-content\/uploads\/sites\/3\/2020\/10\/MnEdR-1.jpg",1200,750,false],"thumbnail":["https:\/\/steelstorm.standardof.net\/wp-content\/uploads\/sites\/3\/2020\/10\/MnEdR-1-150x150.jpg",150,150,true],"medium":["https:\/\/steelstorm.standardof.net\/wp-content\/uploads\/sites\/3\/2020\/10\/MnEdR-1-300x188.jpg",300,188,true],"medium_large":["https:\/\/steelstorm.standardof.net\/wp-content\/uploads\/sites\/3\/2020\/10\/MnEdR-1-768x480.jpg",768,480,true],"large":["https:\/\/steelstorm.standardof.net\/wp-content\/uploads\/sites\/3\/2020\/10\/MnEdR-1-1024x640.jpg",1024,640,true],"1536x1536":["https:\/\/steelstorm.standardof.net\/wp-content\/uploads\/sites\/3\/2020\/10\/MnEdR-1.jpg",1200,750,false],"2048x2048":["https:\/\/steelstorm.standardof.net\/wp-content\/uploads\/sites\/3\/2020\/10\/MnEdR-1.jpg",1200,750,false],"trp-custom-language-flag":["https:\/\/steelstorm.standardof.net\/wp-content\/uploads\/sites\/3\/2020\/10\/MnEdR-1.jpg",18,12,false]},"uagb_author_info":{"display_name":"SOE","author_link":"https:\/\/steelstorm.standardof.net\/fr\/author\/k-tastic\/"},"uagb_comment_info":0,"uagb_excerpt":"The Secondary group of weapons are fired with the Mouse 2 key (right click) by default, providing heavier firepower for your tank. Normally you can only fire one of either the energy or ballistic weapons at a time but if you use the shift key to switch back and forth quickly, you can actually use&hellip;","_links":{"self":[{"href":"https:\/\/steelstorm.standardof.net\/fr\/wp-json\/wp\/v2\/pages\/170"}],"collection":[{"href":"https:\/\/steelstorm.standardof.net\/fr\/wp-json\/wp\/v2\/pages"}],"about":[{"href":"https:\/\/steelstorm.standardof.net\/fr\/wp-json\/wp\/v2\/types\/page"}],"author":[{"embeddable":true,"href":"https:\/\/steelstorm.standardof.net\/fr\/wp-json\/wp\/v2\/users\/1"}],"replies":[{"embeddable":true,"href":"https:\/\/steelstorm.standardof.net\/fr\/wp-json\/wp\/v2\/comments?post=170"}],"version-history":[{"count":0,"href":"https:\/\/steelstorm.standardof.net\/fr\/wp-json\/wp\/v2\/pages\/170\/revisions"}],"up":[{"embeddable":true,"href":"https:\/\/steelstorm.standardof.net\/fr\/wp-json\/wp\/v2\/pages\/111"}],"wp:featuredmedia":[{"embeddable":true,"href":"https:\/\/steelstorm.standardof.net\/fr\/wp-json\/wp\/v2\/media\/54"}],"wp:attachment":[{"href":"https:\/\/steelstorm.standardof.net\/fr\/wp-json\/wp\/v2\/media?parent=170"}],"curies":[{"name":"wp","href":"https:\/\/api.w.org\/{rel}","templated":true}]}}