{"id":168,"date":"2020-10-16T22:11:39","date_gmt":"2020-10-16T22:11:39","guid":{"rendered":"https:\/\/steelstorm.standardof.net\/?page_id=168"},"modified":"2020-10-19T05:14:29","modified_gmt":"2020-10-19T05:14:29","slug":"primary-weapons","status":"publish","type":"page","link":"https:\/\/steelstorm.standardof.net\/fr\/guide\/armes\/armes-primaires\/","title":{"rendered":"Armes primaires"},"content":{"rendered":"<p>le <strong>Primaire<\/strong> Les groupes d&#039;armes sont des armes qui sont tir\u00e9es en permanence avec la pression de la touche Souris 1 (clic gauche) par d\u00e9faut, ce qui concerne davantage le tir rapide et le remplissage de l&#039;\u00e9cran avec vos coups que de lourds d\u00e9g\u00e2ts. Vous pouvez tirer les deux <strong>\u00c9nergie <\/strong>et <strong>Balistique <\/strong>primaires \u00e0 la fois tant que vous les avez tous les deux \u00e9quip\u00e9s.<\/p>\n\n\n\n<div style=\"height:20px\" aria-hidden=\"true\" class=\"wp-block-spacer\"><\/div>\n\n\n\n<div class=\"wp-block-cover alignwide has-background-dim-70 has-black-background-color has-background-dim\" style=\"background-image:url(https:\/\/steelstorm.standardof.net\/wp-content\/uploads\/sites\/3\/2020\/10\/Steel-Storm-Weapon-Screens-Minigun.jpg);background-position:49% 25%;min-height:112px;aspect-ratio:unset;\"><div class=\"wp-block-cover__inner-container is-layout-flow wp-block-cover-is-layout-flow\">\n<h2 class=\"has-text-align-center wp-block-heading\"><span style=\"text-transform: uppercase;\" class=\"qubely-text-uppercase\"><span style=\"color: #ff6900;\" data=\"#ff6900\" class=\"qubely-text-has-color\">Armes balistiques primaires<\/span><\/span><\/h2>\n\n\n\n<p class=\"has-text-align-center\">Les armes balistiques principales sont le type d&#039;arme de base avec lequel vous commencez chaque nouvelle campagne d\u00e8s le d\u00e9part. Ce sont les seules armes qui ne sont pas d\u00e9sactiv\u00e9es lorsque votre char est touch\u00e9 par le <strong>Coup de tonnerre <\/strong>arme brandie par <strong>Chars de foudre<\/strong>. Votre choix entre ces armes et leur efficacit\u00e9 peut d\u00e9pendre dans une certaine mesure de ce qui fonctionne le mieux pour vous.<\/p>\n<\/div><\/div>\n\n\n\n<div style=\"height:20px\" aria-hidden=\"true\" class=\"wp-block-spacer\"><\/div>\n\n\n\n<div class=\"gb-container gb-container-dbddee8c\"><div class=\"gb-inside-container\">\n<h3 class=\"has-text-align-center wp-block-heading\">Miniguns<\/h3>\n\n\n\n<div class=\"wp-block-image\"><figure class=\"aligncenter size-medium\"><a href=\"https:\/\/steelstorm.standardof.net\/fr\/steel-storm-weapon-icons-minigun\/\"><img decoding=\"async\" width=\"300\" height=\"253\" src=\"https:\/\/steelstorm.standardof.net\/wp-content\/uploads\/sites\/3\/2020\/10\/Steel-Storm-Weapon-Icons-Minigun-300x253.jpg\" alt=\"Minigun\" class=\"wp-image-119\" title=\"\" srcset=\"https:\/\/steelstorm.standardof.net\/wp-content\/uploads\/sites\/3\/2020\/10\/Steel-Storm-Weapon-Icons-Minigun-300x253.jpg 300w, https:\/\/steelstorm.standardof.net\/wp-content\/uploads\/sites\/3\/2020\/10\/Steel-Storm-Weapon-Icons-Minigun-14x12.jpg 14w, https:\/\/steelstorm.standardof.net\/wp-content\/uploads\/sites\/3\/2020\/10\/Steel-Storm-Weapon-Icons-Minigun.jpg 438w\" sizes=\"(max-width: 300px) 100vw, 300px\" \/><\/a><figcaption>Minigun<\/figcaption><\/figure><\/div>\n\n\n\n<p>Votre arme de base de d\u00e9part, le Minigun est toujours utile, avec une cadence de tir constante, il s&#039;agit essentiellement de d\u00e9g\u00e2ts instantan\u00e9s contre la cible qui se trouve directement devant vous \u00e0 ce moment-l\u00e0. Parmi les deux armes, les Miniguns sont les plus efficaces contre les cibles l\u00e9g\u00e8rement blind\u00e9es qui se d\u00e9placent plus rapidement et peuvent esquiver les explosions l\u00e9g\u00e8rement moins coh\u00e9rentes du canon Flak.<\/p>\n\n\n\n<div class=\"wp-block-image\"><figure class=\"aligncenter size-full is-resized\"><a href=\"https:\/\/steelstorm.standardof.net\/fr\/steel-storm-weapon-screens-minigun\/\"><img decoding=\"async\" src=\"https:\/\/steelstorm.standardof.net\/wp-content\/uploads\/sites\/3\/2020\/10\/Steel-Storm-Weapon-Screens-Minigun.jpg\" alt=\"Capture d&#039;\u00e9cran du Minigun en action dans Steel Storm.\" class=\"wp-image-114\" width=\"665\" height=\"428\" title=\"\" srcset=\"https:\/\/steelstorm.standardof.net\/wp-content\/uploads\/sites\/3\/2020\/10\/Steel-Storm-Weapon-Screens-Minigun.jpg 887w, https:\/\/steelstorm.standardof.net\/wp-content\/uploads\/sites\/3\/2020\/10\/Steel-Storm-Weapon-Screens-Minigun-300x193.jpg 300w, https:\/\/steelstorm.standardof.net\/wp-content\/uploads\/sites\/3\/2020\/10\/Steel-Storm-Weapon-Screens-Minigun-768x494.jpg 768w, https:\/\/steelstorm.standardof.net\/wp-content\/uploads\/sites\/3\/2020\/10\/Steel-Storm-Weapon-Screens-Minigun-16x10.jpg 16w\" sizes=\"(max-width: 665px) 100vw, 665px\" \/><\/a><figcaption>D\u00e9truire les chars ennemis avec des cartouches de minigun.<\/figcaption><\/figure><\/div>\n<\/div><\/div>\n\n\n\n<div style=\"height:20px\" aria-hidden=\"true\" class=\"wp-block-spacer\"><\/div>\n\n\n\n<div class=\"gb-container gb-container-0489589c\"><div class=\"gb-inside-container\">\n<h3 class=\"has-text-align-center wp-block-heading\">Canon Flak<\/h3>\n\n\n\n<div class=\"wp-block-image\"><figure class=\"aligncenter size-medium\"><a href=\"https:\/\/steelstorm.standardof.net\/fr\/steel-storm-weapons-shockwave-icon\/\"><img decoding=\"async\" width=\"300\" height=\"276\" src=\"https:\/\/steelstorm.standardof.net\/wp-content\/uploads\/sites\/3\/2020\/10\/Steel-Storm-Weapons-Shockwave-Icon-300x276.jpg\" alt=\"Shockwave\" class=\"wp-image-134\" title=\"\" srcset=\"https:\/\/steelstorm.standardof.net\/wp-content\/uploads\/sites\/3\/2020\/10\/Steel-Storm-Weapons-Shockwave-Icon-300x276.jpg 300w, https:\/\/steelstorm.standardof.net\/wp-content\/uploads\/sites\/3\/2020\/10\/Steel-Storm-Weapons-Shockwave-Icon-13x12.jpg 13w, https:\/\/steelstorm.standardof.net\/wp-content\/uploads\/sites\/3\/2020\/10\/Steel-Storm-Weapons-Shockwave-Icon.jpg 524w\" sizes=\"(max-width: 300px) 100vw, 300px\" \/><\/a><figcaption>Shockwave<\/figcaption><\/figure><\/div>\n\n\n\n<p>Le canon Flak, tout en ayant essentiellement les m\u00eames d\u00e9g\u00e2ts au fil du temps que le Minigun, fait des rafales de d\u00e9g\u00e2ts plus condens\u00e9es avec une cadence de tir nettement plus lente. Pour cette raison, le Flak Cannon est efficace lorsqu&#039;il est utilis\u00e9 contre des cibles plus lourdement blind\u00e9es car des cibles tr\u00e8s mobiles peuvent vous causer des probl\u00e8mes avec cette arme. Les Lightning Tanks, bien que tr\u00e8s mobiles, peuvent toujours \u00eatre arr\u00eat\u00e9s assez bien avec cette arme en raison de leur tendance \u00e0 vous charger de front.<\/p>\n\n\n\n<div class=\"wp-block-image\"><figure class=\"aligncenter size-full is-resized\"><a href=\"https:\/\/steelstorm.standardof.net\/fr\/steel-storm-weapon-screens-flak-cannon\/\"><img decoding=\"async\" src=\"https:\/\/steelstorm.standardof.net\/wp-content\/uploads\/sites\/3\/2020\/10\/Steel-Storm-Weapon-Screens-Flak-Cannon.jpg\" alt=\"Capture d&#039;\u00e9cran du canon Flak en action dans Steel Storm.\" class=\"wp-image-113\" width=\"557\" height=\"392\" title=\"\" srcset=\"https:\/\/steelstorm.standardof.net\/wp-content\/uploads\/sites\/3\/2020\/10\/Steel-Storm-Weapon-Screens-Flak-Cannon.jpg 743w, https:\/\/steelstorm.standardof.net\/wp-content\/uploads\/sites\/3\/2020\/10\/Steel-Storm-Weapon-Screens-Flak-Cannon-300x211.jpg 300w, https:\/\/steelstorm.standardof.net\/wp-content\/uploads\/sites\/3\/2020\/10\/Steel-Storm-Weapon-Screens-Flak-Cannon-16x12.jpg 16w\" sizes=\"(max-width: 557px) 100vw, 557px\" \/><\/a><figcaption>Le tir du canon Flak \u00e9clate sur un char ennemi.<\/figcaption><\/figure><\/div>\n<\/div><\/div>\n\n\n\n<div style=\"height:20px\" aria-hidden=\"true\" class=\"wp-block-spacer\"><\/div>\n\n\n\n<div class=\"wp-block-cover alignwide has-background-dim-70 has-black-background-color has-background-dim\" style=\"background-image:url(https:\/\/steelstorm.standardof.net\/wp-content\/uploads\/sites\/3\/2020\/10\/Steel-Storm-Weapon-Screens-Storm-Spread.jpg);background-position:52% 40%;min-height:112px;aspect-ratio:unset;\"><div class=\"wp-block-cover__inner-container is-layout-flow wp-block-cover-is-layout-flow\">\n<h2 class=\"has-text-align-center wp-block-heading\"><span style=\"text-transform: uppercase;\" class=\"qubely-text-uppercase\"><span style=\"color: #ff6900;\" data=\"#ff6900\" class=\"qubely-text-has-color\">Armes \u00e0 \u00e9nergie primaire<\/span><\/span><\/h2>\n\n\n\n<p class=\"has-text-align-center\">Les armes \u00e0 \u00e9nergie primaire occupent un emplacement distinct de leurs homologues balistiques, se concentrant sur des utilisations bas\u00e9es sur des situations plus vari\u00e9es. Bien qu&#039;elles soient constamment tir\u00e9es avec votre arme balistique, vos armes \u00e0 \u00e9nergie primaire peuvent \u00eatre temporairement d\u00e9sactiv\u00e9es par l&#039;explosion d&#039;un char Lightning. De plus, vous ne commencez pas une nouvelle campagne avec l&#039;une de ces armes \u00e9quip\u00e9e et devez d&#039;abord acqu\u00e9rir et quitter le niveau avec une pour l&#039;emmener dans la prochaine mission.<\/p>\n<\/div><\/div>\n\n\n\n<div style=\"height:20px\" aria-hidden=\"true\" class=\"wp-block-spacer\"><\/div>\n\n\n\n<div class=\"gb-container gb-container-e9721c9a\"><div class=\"gb-inside-container\">\n<h2 class=\"has-text-align-center wp-block-heading\">Charrue Storm<\/h2>\n\n\n\n<div class=\"wp-block-image\"><figure class=\"aligncenter size-medium is-resized\"><a href=\"https:\/\/steelstorm.standardof.net\/fr\/steel-storm-weapon-icons-storm-plow\/\"><img decoding=\"async\" src=\"https:\/\/steelstorm.standardof.net\/wp-content\/uploads\/sites\/3\/2020\/10\/Steel-Storm-Weapon-Icons-Storm-Plow-300x300.jpg\" alt=\"Charrue Storm\" class=\"wp-image-120\" width=\"300\" height=\"300\" title=\"\" srcset=\"https:\/\/steelstorm.standardof.net\/wp-content\/uploads\/sites\/3\/2020\/10\/Steel-Storm-Weapon-Icons-Storm-Plow-300x300.jpg 300w, https:\/\/steelstorm.standardof.net\/wp-content\/uploads\/sites\/3\/2020\/10\/Steel-Storm-Weapon-Icons-Storm-Plow-150x150.jpg 150w, https:\/\/steelstorm.standardof.net\/wp-content\/uploads\/sites\/3\/2020\/10\/Steel-Storm-Weapon-Icons-Storm-Plow-12x12.jpg 12w, https:\/\/steelstorm.standardof.net\/wp-content\/uploads\/sites\/3\/2020\/10\/Steel-Storm-Weapon-Icons-Storm-Plow.jpg 431w\" sizes=\"(max-width: 300px) 100vw, 300px\" \/><\/a><figcaption>Charrue Storm<\/figcaption><\/figure><\/div>\n\n\n\n<p>La vari\u00e9t\u00e9 la plus abondante d&#039;armes \u00e0 \u00e9nergie primaire, ce pistolet tire des boulons \u00e0 plasma bleus similaires \u00e0 ceux tir\u00e9s par les chars l\u00e9gers et moyens, bien qu&#039;\u00e0 un rythme plus rapide. En raison de la vitesse de d\u00e9placement lente des projectiles lorsqu&#039;ils se d\u00e9placent dans un seul flux o\u00f9 vos armes pointent, cette arme est plus efficace contre les cibles stationnaires ou lentes, sauf si elle est utilis\u00e9e dans un mouvement de balayage de droite \u00e0 gauche. Des plages plus proches compenseront \u00e9galement cet inconv\u00e9nient mineur.<\/p>\n\n\n\n<figure class=\"wp-block-image size-full is-resized\"><a href=\"https:\/\/steelstorm.standardof.net\/fr\/steel-storm-weapon-screens-storm-plow\/\"><img decoding=\"async\" src=\"https:\/\/steelstorm.standardof.net\/wp-content\/uploads\/sites\/3\/2020\/10\/Steel-Storm-Weapon-Screens-Storm-Plow.jpg\" alt=\"Capture d&#039;\u00e9cran du Storm Plough en action dans Steel Storm.\" class=\"wp-image-115\" width=\"768\" height=\"432\" title=\"\" srcset=\"https:\/\/steelstorm.standardof.net\/wp-content\/uploads\/sites\/3\/2020\/10\/Steel-Storm-Weapon-Screens-Storm-Plow.jpg 1024w, https:\/\/steelstorm.standardof.net\/wp-content\/uploads\/sites\/3\/2020\/10\/Steel-Storm-Weapon-Screens-Storm-Plow-300x169.jpg 300w, https:\/\/steelstorm.standardof.net\/wp-content\/uploads\/sites\/3\/2020\/10\/Steel-Storm-Weapon-Screens-Storm-Plow-768x432.jpg 768w, https:\/\/steelstorm.standardof.net\/wp-content\/uploads\/sites\/3\/2020\/10\/Steel-Storm-Weapon-Screens-Storm-Plow-16x9.jpg 16w\" sizes=\"(max-width: 768px) 100vw, 768px\" \/><\/a><figcaption>Utilisation de l&#039;arme \u00e9nerg\u00e9tique Storm Plough contre les escouades ennemies.<\/figcaption><\/figure>\n<\/div><\/div>\n\n\n\n<div style=\"height:20px\" aria-hidden=\"true\" class=\"wp-block-spacer\"><\/div>\n\n\n\n<div class=\"gb-container gb-container-689d21ca\"><div class=\"gb-inside-container\">\n<h2 class=\"has-text-align-center wp-block-heading\">Propagation de la temp\u00eate<\/h2>\n\n\n\n<div class=\"wp-block-image\"><figure class=\"aligncenter size-medium\"><a href=\"https:\/\/steelstorm.standardof.net\/fr\/steel-storm-weapon-icons-storm-spread\/\"><img decoding=\"async\" width=\"300\" height=\"293\" src=\"https:\/\/steelstorm.standardof.net\/wp-content\/uploads\/sites\/3\/2020\/10\/Steel-Storm-Weapon-Icons-Storm-Spread-300x293.jpg\" alt=\"Propagation de la temp\u00eate\" class=\"wp-image-112\" title=\"\" srcset=\"https:\/\/steelstorm.standardof.net\/wp-content\/uploads\/sites\/3\/2020\/10\/Steel-Storm-Weapon-Icons-Storm-Spread-300x293.jpg 300w, https:\/\/steelstorm.standardof.net\/wp-content\/uploads\/sites\/3\/2020\/10\/Steel-Storm-Weapon-Icons-Storm-Spread-12x12.jpg 12w, https:\/\/steelstorm.standardof.net\/wp-content\/uploads\/sites\/3\/2020\/10\/Steel-Storm-Weapon-Icons-Storm-Spread.jpg 429w\" sizes=\"(max-width: 300px) 100vw, 300px\" \/><\/a><figcaption>Propagation de la temp\u00eate<\/figcaption><\/figure><\/div>\n\n\n\n<p>L&#039;arme \u00e0 \u00e9nergie Storm Spread prend les boulons de plasma bleus et les tire dans un arc de ventilation devant votre char, faisant moins de d\u00e9g\u00e2ts aux cibles directement devant vous mais semblant tirer plus de boulons dans l&#039;ensemble. Cela fait du Storm Spread une excellente arme pour affaiblir de grands groupes d&#039;ennemis l\u00e9gers mais manquant contre les tourelles ou les chars lourds.<\/p>\n\n\n\n<div class=\"wp-block-image\"><figure class=\"aligncenter size-full is-resized\"><a href=\"https:\/\/steelstorm.standardof.net\/fr\/steel-storm-weapon-screens-storm-spread\/\"><img decoding=\"async\" src=\"https:\/\/steelstorm.standardof.net\/wp-content\/uploads\/sites\/3\/2020\/10\/Steel-Storm-Weapon-Screens-Storm-Spread.jpg\" alt=\"Capture d&#039;\u00e9cran de la propagation de la temp\u00eate dans Steel Storm.\" class=\"wp-image-117\" width=\"768\" height=\"432\" title=\"\" srcset=\"https:\/\/steelstorm.standardof.net\/wp-content\/uploads\/sites\/3\/2020\/10\/Steel-Storm-Weapon-Screens-Storm-Spread.jpg 1024w, https:\/\/steelstorm.standardof.net\/wp-content\/uploads\/sites\/3\/2020\/10\/Steel-Storm-Weapon-Screens-Storm-Spread-300x169.jpg 300w, https:\/\/steelstorm.standardof.net\/wp-content\/uploads\/sites\/3\/2020\/10\/Steel-Storm-Weapon-Screens-Storm-Spread-768x432.jpg 768w, https:\/\/steelstorm.standardof.net\/wp-content\/uploads\/sites\/3\/2020\/10\/Steel-Storm-Weapon-Screens-Storm-Spread-16x9.jpg 16w\" sizes=\"(max-width: 768px) 100vw, 768px\" \/><\/a><figcaption>Utiliser l&#039;arme \u00e0 \u00e9nergie Storm Spread contre des essaims de chars ennemis.\n<\/figcaption><\/figure><\/div>\n<\/div><\/div>\n\n\n\n<div style=\"height:20px\" aria-hidden=\"true\" class=\"wp-block-spacer\"><\/div>\n\n\n\n<div class=\"gb-container gb-container-ed53a44b\"><div class=\"gb-inside-container\">\n<h2 class=\"has-text-align-center wp-block-heading\">Bouclier de temp\u00eate<\/h2>\n\n\n\n<div class=\"wp-block-image\"><figure class=\"aligncenter size-medium\"><a href=\"https:\/\/steelstorm.standardof.net\/fr\/steel-storm-weapon-icons-storm-shield\/\"><img decoding=\"async\" width=\"300\" height=\"272\" src=\"https:\/\/steelstorm.standardof.net\/wp-content\/uploads\/sites\/3\/2020\/10\/Steel-Storm-Weapon-Icons-Storm-Shield-300x272.jpg\" alt=\"Bouclier de temp\u00eate\" class=\"wp-image-121\" title=\"\" srcset=\"https:\/\/steelstorm.standardof.net\/wp-content\/uploads\/sites\/3\/2020\/10\/Steel-Storm-Weapon-Icons-Storm-Shield-300x272.jpg 300w, https:\/\/steelstorm.standardof.net\/wp-content\/uploads\/sites\/3\/2020\/10\/Steel-Storm-Weapon-Icons-Storm-Shield-13x12.jpg 13w, https:\/\/steelstorm.standardof.net\/wp-content\/uploads\/sites\/3\/2020\/10\/Steel-Storm-Weapon-Icons-Storm-Shield.jpg 492w\" sizes=\"(max-width: 300px) 100vw, 300px\" \/><\/a><figcaption>Bouclier de temp\u00eate<\/figcaption><\/figure><\/div>\n\n\n\n<p>Le bouclier anti-temp\u00eate est plus un outil d\u00e9fensif qu&#039;une arme, engendrant plusieurs boulons \u00e0 plasma qui encerclent perp\u00e9tuellement votre vaisseau pendant que le canon tire. Bien que ces \u00e9clairs endommagent toute unit\u00e9 ennemie qui se rapproche suffisamment de vous, le plus important est leur capacit\u00e9 \u00e0 absorber les tirs ennemis.<\/p>\n\n\n\n<p> Ne vous attendez pas \u00e0 ce que ce soit une sorte de bouclier d&#039;invincibilit\u00e9, car des trous dans l&#039;anneau de boulons laisseront toujours passer l&#039;ennemi et m\u00eame dans ce cas, le feu condens\u00e9 surmontera toujours le bouclier temp\u00eate. Consid\u00e9rez cette arme comme une veste Flak plut\u00f4t que comme une armure compl\u00e8te.<\/p>\n\n\n\n<div class=\"wp-block-image\"><figure class=\"aligncenter size-full is-resized\"><a href=\"https:\/\/steelstorm.standardof.net\/fr\/steel-storm-weapon-screens-storm-shield\/\"><img decoding=\"async\" src=\"https:\/\/steelstorm.standardof.net\/wp-content\/uploads\/sites\/3\/2020\/10\/Steel-Storm-Weapon-Screens-Storm-Shield.jpg\" alt=\"Capture d&#039;\u00e9cran du Storm Shield en action dans Steel Storm.\" class=\"wp-image-116\" width=\"768\" height=\"432\" title=\"\" srcset=\"https:\/\/steelstorm.standardof.net\/wp-content\/uploads\/sites\/3\/2020\/10\/Steel-Storm-Weapon-Screens-Storm-Shield.jpg 1024w, https:\/\/steelstorm.standardof.net\/wp-content\/uploads\/sites\/3\/2020\/10\/Steel-Storm-Weapon-Screens-Storm-Shield-300x169.jpg 300w, https:\/\/steelstorm.standardof.net\/wp-content\/uploads\/sites\/3\/2020\/10\/Steel-Storm-Weapon-Screens-Storm-Shield-768x432.jpg 768w, https:\/\/steelstorm.standardof.net\/wp-content\/uploads\/sites\/3\/2020\/10\/Steel-Storm-Weapon-Screens-Storm-Shield-16x9.jpg 16w\" sizes=\"(max-width: 768px) 100vw, 768px\" \/><\/a><figcaption>Utilisation de l&#039;arme \u00e9nerg\u00e9tique Storm Shield pour vous d\u00e9fendre contre les attaques.\n<\/figcaption><\/figure><\/div>\n<\/div><\/div>\n\n\n\n<div style=\"height:20px\" aria-hidden=\"true\" class=\"wp-block-spacer\"><\/div>","protected":false},"excerpt":{"rendered":"<p>The Primary weapons group are weapons which are fired constantly with the press of the Mouse 1 (left click) key by default, being more about rapid firing and filling up the screen with your shots than heavy damage. You can fire both Energy and Ballistic primaries at once as long as you have both equipped. [&hellip;]<\/p>","protected":false},"author":1,"featured_media":54,"parent":111,"menu_order":0,"comment_status":"open","ping_status":"closed","template":"","meta":{"_uag_custom_page_level_css":"","site-sidebar-layout":"default","site-content-layout":"default","ast-site-content-layout":"","site-content-style":"default","site-sidebar-style":"default","ast-global-header-display":"","ast-banner-title-visibility":"","ast-main-header-display":"","ast-hfb-above-header-display":"","ast-hfb-below-header-display":"","ast-hfb-mobile-header-display":"","site-post-title":"","ast-breadcrumbs-content":"","ast-featured-img":"","footer-sml-layout":"","theme-transparent-header-meta":"default","adv-header-id-meta":"","stick-header-meta":"","header-above-stick-meta":"","header-main-stick-meta":"","header-below-stick-meta":"","astra-migrate-meta-layouts":"default","ast-page-background-enabled":"default","ast-page-background-meta":{"desktop":{"background-color":"","background-image":"","background-repeat":"repeat","background-position":"center center","background-size":"auto","background-attachment":"scroll","background-type":"","background-media":"","overlay-type":"","overlay-color":"","overlay-gradient":""},"tablet":{"background-color":"","background-image":"","background-repeat":"repeat","background-position":"center center","background-size":"auto","background-attachment":"scroll","background-type":"","background-media":"","overlay-type":"","overlay-color":"","overlay-gradient":""},"mobile":{"background-color":"","background-image":"","background-repeat":"repeat","background-position":"center center","background-size":"auto","background-attachment":"scroll","background-type":"","background-media":"","overlay-type":"","overlay-color":"","overlay-gradient":""}},"ast-content-background-meta":{"desktop":{"background-color":"var(--ast-global-color-5)","background-image":"","background-repeat":"repeat","background-position":"center center","background-size":"auto","background-attachment":"scroll","background-type":"","background-media":"","overlay-type":"","overlay-color":"","overlay-gradient":""},"tablet":{"background-color":"var(--ast-global-color-5)","background-image":"","background-repeat":"repeat","background-position":"center center","background-size":"auto","background-attachment":"scroll","background-type":"","background-media":"","overlay-type":"","overlay-color":"","overlay-gradient":""},"mobile":{"background-color":"var(--ast-global-color-5)","background-image":"","background-repeat":"repeat","background-position":"center center","background-size":"auto","background-attachment":"scroll","background-type":"","background-media":"","overlay-type":"","overlay-color":"","overlay-gradient":""}},"footnotes":""},"uagb_featured_image_src":{"full":["https:\/\/steelstorm.standardof.net\/wp-content\/uploads\/sites\/3\/2020\/10\/MnEdR-1.jpg",1200,750,false],"thumbnail":["https:\/\/steelstorm.standardof.net\/wp-content\/uploads\/sites\/3\/2020\/10\/MnEdR-1-150x150.jpg",150,150,true],"medium":["https:\/\/steelstorm.standardof.net\/wp-content\/uploads\/sites\/3\/2020\/10\/MnEdR-1-300x188.jpg",300,188,true],"medium_large":["https:\/\/steelstorm.standardof.net\/wp-content\/uploads\/sites\/3\/2020\/10\/MnEdR-1-768x480.jpg",768,480,true],"large":["https:\/\/steelstorm.standardof.net\/wp-content\/uploads\/sites\/3\/2020\/10\/MnEdR-1-1024x640.jpg",1024,640,true],"1536x1536":["https:\/\/steelstorm.standardof.net\/wp-content\/uploads\/sites\/3\/2020\/10\/MnEdR-1.jpg",1200,750,false],"2048x2048":["https:\/\/steelstorm.standardof.net\/wp-content\/uploads\/sites\/3\/2020\/10\/MnEdR-1.jpg",1200,750,false],"trp-custom-language-flag":["https:\/\/steelstorm.standardof.net\/wp-content\/uploads\/sites\/3\/2020\/10\/MnEdR-1.jpg",18,12,false]},"uagb_author_info":{"display_name":"SOE","author_link":"https:\/\/steelstorm.standardof.net\/fr\/author\/k-tastic\/"},"uagb_comment_info":0,"uagb_excerpt":"The Primary weapons group are weapons which are fired constantly with the press of the Mouse 1 (left click) key by default, being more about rapid firing and filling up the screen with your shots than heavy damage. You can fire both Energy and Ballistic primaries at once as long as you have both equipped.&hellip;","_links":{"self":[{"href":"https:\/\/steelstorm.standardof.net\/fr\/wp-json\/wp\/v2\/pages\/168"}],"collection":[{"href":"https:\/\/steelstorm.standardof.net\/fr\/wp-json\/wp\/v2\/pages"}],"about":[{"href":"https:\/\/steelstorm.standardof.net\/fr\/wp-json\/wp\/v2\/types\/page"}],"author":[{"embeddable":true,"href":"https:\/\/steelstorm.standardof.net\/fr\/wp-json\/wp\/v2\/users\/1"}],"replies":[{"embeddable":true,"href":"https:\/\/steelstorm.standardof.net\/fr\/wp-json\/wp\/v2\/comments?post=168"}],"version-history":[{"count":0,"href":"https:\/\/steelstorm.standardof.net\/fr\/wp-json\/wp\/v2\/pages\/168\/revisions"}],"up":[{"embeddable":true,"href":"https:\/\/steelstorm.standardof.net\/fr\/wp-json\/wp\/v2\/pages\/111"}],"wp:featuredmedia":[{"embeddable":true,"href":"https:\/\/steelstorm.standardof.net\/fr\/wp-json\/wp\/v2\/media\/54"}],"wp:attachment":[{"href":"https:\/\/steelstorm.standardof.net\/fr\/wp-json\/wp\/v2\/media?parent=168"}],"curies":[{"name":"wp","href":"https:\/\/api.w.org\/{rel}","templated":true}]}}