{"id":162,"date":"2020-10-16T19:13:30","date_gmt":"2020-10-16T19:13:30","guid":{"rendered":"https:\/\/steelstorm.standardof.net\/?page_id=162"},"modified":"2020-10-19T05:14:08","modified_gmt":"2020-10-19T05:14:08","slug":"utility-pickups","status":"publish","type":"page","link":"https:\/\/steelstorm.standardof.net\/fr\/guide\/micros-utilitaires\/","title":{"rendered":"Micros utilitaires"},"content":{"rendered":"<p>Les micros utilitaires sont consid\u00e9r\u00e9s comme les objets trouv\u00e9s dispers\u00e9s dans les diff\u00e9rents niveaux de jeu qui offrent divers avantages au lieu de nouvelles armes. Ces objets peuvent souvent \u00eatre trouv\u00e9s dans diverses caisses ou d\u00e9couverts en d\u00e9truisant certaines structures ou ennemis.<\/p>\n\n\n\n<div style=\"height:20px\" aria-hidden=\"true\" class=\"wp-block-spacer\"><\/div>\n\n\n\n<div class=\"gb-container gb-container-ae025cb2\"><div class=\"gb-inside-container\">\n<h2 class=\"has-text-align-center wp-block-heading\">Plaques d&#039;armure<\/h2>\n\n\n\n<div class=\"wp-block-image is-style-default\"><figure class=\"aligncenter size-full\"><a href=\"https:\/\/steelstorm.standardof.net\/fr\/steel-storm-utility-armor-plates\/\"><img decoding=\"async\" width=\"674\" height=\"439\" src=\"https:\/\/steelstorm.standardof.net\/wp-content\/uploads\/sites\/3\/2020\/10\/Steel-Storm-Utility-Armor-Plates.jpg\" alt=\"Plaques d&#039;armure\" class=\"wp-image-135\" title=\"\" srcset=\"https:\/\/steelstorm.standardof.net\/wp-content\/uploads\/sites\/3\/2020\/10\/Steel-Storm-Utility-Armor-Plates.jpg 674w, https:\/\/steelstorm.standardof.net\/wp-content\/uploads\/sites\/3\/2020\/10\/Steel-Storm-Utility-Armor-Plates-300x195.jpg 300w, https:\/\/steelstorm.standardof.net\/wp-content\/uploads\/sites\/3\/2020\/10\/Steel-Storm-Utility-Armor-Plates-16x10.jpg 16w\" sizes=\"(max-width: 674px) 100vw, 674px\" \/><\/a><figcaption>Plaques d&#039;armure<\/figcaption><\/figure><\/div>\n\n\n\n<p>Les plaques d&#039;armure sont disponibles en deux vari\u00e9t\u00e9s. Tout d&#039;abord, il y a la plaque d&#039;armure r\u00e9guli\u00e8re, qui ressemble \u00e0 une cl\u00e9 unique, qui reconstitue une petite partie, environ 20% ou plus de la sant\u00e9 de votre armure, remplissant l&#039;ic\u00f4ne du navire en bas \u00e0 gauche de votre \u00e9cran. La plaque d&#039;armure compl\u00e8te ressemble \u00e0 deux cl\u00e9s crois\u00e9es comme un X et restaurera compl\u00e8tement tous vos points de vie d&#039;armure.<\/p>\n\n\n\n<p class=\"has-text-align-center\">Les plaques d&#039;armure accordent +100 points<br>L&#039;armure compl\u00e8te conf\u00e8re +500 points<\/p>\n<\/div><\/div>\n\n\n\n<div style=\"height:20px\" aria-hidden=\"true\" class=\"wp-block-spacer\"><\/div>\n\n\n\n<div class=\"gb-container gb-container-8bc27669\"><div class=\"gb-inside-container\">\n<h2 class=\"has-text-align-center wp-block-heading\">Boucliers<\/h2>\n\n\n\n<div class=\"wp-block-image is-style-default\"><figure class=\"aligncenter size-large\"><a href=\"https:\/\/steelstorm.standardof.net\/fr\/steel-storm-utility-shields\/\"><img decoding=\"async\" width=\"614\" height=\"371\" src=\"https:\/\/steelstorm.standardof.net\/wp-content\/uploads\/sites\/3\/2020\/10\/Steel-Storm-Utility-Shields.jpg\" alt=\"Boucliers\" class=\"wp-image-138\" title=\"\" srcset=\"https:\/\/steelstorm.standardof.net\/wp-content\/uploads\/sites\/3\/2020\/10\/Steel-Storm-Utility-Shields.jpg 614w, https:\/\/steelstorm.standardof.net\/wp-content\/uploads\/sites\/3\/2020\/10\/Steel-Storm-Utility-Shields-300x181.jpg 300w, https:\/\/steelstorm.standardof.net\/wp-content\/uploads\/sites\/3\/2020\/10\/Steel-Storm-Utility-Shields-16x10.jpg 16w\" sizes=\"(max-width: 614px) 100vw, 614px\" \/><\/a><figcaption>Boucliers<\/figcaption><\/figure><\/div>\n\n\n\n<p>Les boucliers sont de petites sph\u00e8res bleues brillantes qui ont une image qui ressemble \u00e0 celle que vous transportez \u00e0 l&#039;int\u00e9rieur. Ces objets vous donneront un bouclier d\u00e9fensif qui est comme un deuxi\u00e8me ensemble de points de vie pour votre vaisseau, absorbant la plupart des d\u00e9g\u00e2ts avec tr\u00e8s peu de passage \u00e0 l&#039;armure. Vous pouvez empiler jusqu&#039;\u00e0 quatre couches de boucliers sur votre vaisseau et chaque ramassage de cet objet reconstituera votre niveau actuel tout en ajoutant une couche suppl\u00e9mentaire au maximum. Cela signifie que s&#039;il vous reste une couche \u00e0 5%, vous recevrez essentiellement + 195% \u00e0 la force de votre bouclier de l&#039;un d&#039;entre eux.<\/p>\n\n\n\n<p>Les points de vie du bouclier sont repr\u00e9sent\u00e9s par la barre bleue tout en bas \u00e0 gauche de l&#039;\u00e9cran, repr\u00e9sentant la force actuelle de la couche la plus externe et les anneaux autour de l&#039;ic\u00f4ne de sant\u00e9 de votre navire repr\u00e9sentant le nombre de couches restantes.<\/p>\n\n\n\n<p class=\"has-text-align-center\">Les boucliers donnent +1 000 points<\/p>\n<\/div><\/div>\n\n\n\n<div style=\"height:20px\" aria-hidden=\"true\" class=\"wp-block-spacer\"><\/div>\n\n\n\n<div class=\"gb-container gb-container-a8a829b0\"><div class=\"gb-inside-container\">\n<h2 class=\"has-text-align-center wp-block-heading\">Vie suppl\u00e9mentaire<\/h2>\n\n\n\n<div class=\"wp-block-image is-style-default\"><figure class=\"aligncenter size-large\"><a href=\"https:\/\/steelstorm.standardof.net\/fr\/steel-storm-utility-extra-life\/\"><img decoding=\"async\" width=\"443\" height=\"407\" src=\"https:\/\/steelstorm.standardof.net\/wp-content\/uploads\/sites\/3\/2020\/10\/Steel-Storm-Utility-Extra-Life.jpg\" alt=\"Vie suppl\u00e9mentaire\" class=\"wp-image-137\" title=\"\" srcset=\"https:\/\/steelstorm.standardof.net\/wp-content\/uploads\/sites\/3\/2020\/10\/Steel-Storm-Utility-Extra-Life.jpg 443w, https:\/\/steelstorm.standardof.net\/wp-content\/uploads\/sites\/3\/2020\/10\/Steel-Storm-Utility-Extra-Life-300x276.jpg 300w, https:\/\/steelstorm.standardof.net\/wp-content\/uploads\/sites\/3\/2020\/10\/Steel-Storm-Utility-Extra-Life-13x12.jpg 13w\" sizes=\"(max-width: 443px) 100vw, 443px\" \/><\/a><figcaption>Vie suppl\u00e9mentaire<\/figcaption><\/figure><\/div>\n\n\n\n<p>Comme vous vous en doutez, ces micros jaunes brillants qui ressemblent aux boucliers \u00e0 l&#039;exception de leur couleur, vous accordent une vie suppl\u00e9mentaire pour terminer la mission. Ceux-ci ne se trouvent pas vraiment dans des conteneurs comme les autres objets, principalement cach\u00e9s dans des zones difficiles d&#039;acc\u00e8s ou \u00e0 un endroit o\u00f9 vous risquez de vous faire battre le cul.<\/p>\n<\/div><\/div>\n\n\n\n<div style=\"height:20px\" aria-hidden=\"true\" class=\"wp-block-spacer\"><\/div>\n\n\n\n<div class=\"gb-container gb-container-54835e6c\"><div class=\"gb-inside-container\">\n<h2 class=\"has-text-align-center wp-block-heading\">Cristaux de points bonus<\/h2>\n\n\n\n<div class=\"wp-block-image is-style-default\"><figure class=\"aligncenter size-large\"><a href=\"https:\/\/steelstorm.standardof.net\/fr\/steel-storm-utility-crystals\/\"><img decoding=\"async\" width=\"711\" height=\"533\" src=\"https:\/\/steelstorm.standardof.net\/wp-content\/uploads\/sites\/3\/2020\/10\/Steel-Storm-Utility-Crystals.jpg\" alt=\"Cristaux de points bonus\" class=\"wp-image-136\" title=\"\" srcset=\"https:\/\/steelstorm.standardof.net\/wp-content\/uploads\/sites\/3\/2020\/10\/Steel-Storm-Utility-Crystals.jpg 711w, https:\/\/steelstorm.standardof.net\/wp-content\/uploads\/sites\/3\/2020\/10\/Steel-Storm-Utility-Crystals-300x225.jpg 300w, https:\/\/steelstorm.standardof.net\/wp-content\/uploads\/sites\/3\/2020\/10\/Steel-Storm-Utility-Crystals-16x12.jpg 16w\" sizes=\"(max-width: 711px) 100vw, 711px\" \/><\/a><figcaption>Cristaux de points bonus<\/figcaption><\/figure><\/div>\n\n\n\n<p>Ces ramassages vous accordent simplement des points suppl\u00e9mentaires, ajoutant \u00e0 votre score. Ils sont disponibles en trois vari\u00e9t\u00e9s de couleurs, chacune valant une quantit\u00e9 diff\u00e9rente et peuvent \u00eatre trouv\u00e9s partout, souvent \u00e9galement tombant d&#039;un certain nombre d&#039;ennemis ou d&#039;objets d\u00e9truits, les types les plus pr\u00e9cieux se trouvant g\u00e9n\u00e9ralement dans des zones plus difficiles \u00e0 atteindre ou plus dangereuses.<\/p>\n\n\n\n<p class=\"has-text-align-center\">Les cristaux bonus rouges valent +100 points.<br>Les cristaux bonus verts valent +1 000 points.<br>Les cristaux bonus bleus valent +10 000 points.<\/p>\n<\/div><\/div>\n\n\n\n<div style=\"height:20px\" aria-hidden=\"true\" class=\"wp-block-spacer\"><\/div>","protected":false},"excerpt":{"rendered":"<p>Utility pickups are considered the items found scattered throughout the various game levels that provide various benefits instead of new weapons. These items can be often found in various crates or uncovered by destroying certain structures or enemies. Armor Plates Armor Plates come in two varieties. First there is the regular Armor Plate, looking like [&hellip;]<\/p>","protected":false},"author":1,"featured_media":54,"parent":6,"menu_order":0,"comment_status":"open","ping_status":"closed","template":"","meta":{"_uag_custom_page_level_css":"","site-sidebar-layout":"default","site-content-layout":"default","ast-site-content-layout":"","site-content-style":"default","site-sidebar-style":"default","ast-global-header-display":"","ast-banner-title-visibility":"","ast-main-header-display":"","ast-hfb-above-header-display":"","ast-hfb-below-header-display":"","ast-hfb-mobile-header-display":"","site-post-title":"","ast-breadcrumbs-content":"","ast-featured-img":"","footer-sml-layout":"","theme-transparent-header-meta":"default","adv-header-id-meta":"","stick-header-meta":"","header-above-stick-meta":"","header-main-stick-meta":"","header-below-stick-meta":"","astra-migrate-meta-layouts":"default","ast-page-background-enabled":"default","ast-page-background-meta":{"desktop":{"background-color":"","background-image":"","background-repeat":"repeat","background-position":"center center","background-size":"auto","background-attachment":"scroll","background-type":"","background-media":"","overlay-type":"","overlay-color":"","overlay-gradient":""},"tablet":{"background-color":"","background-image":"","background-repeat":"repeat","background-position":"center center","background-size":"auto","background-attachment":"scroll","background-type":"","background-media":"","overlay-type":"","overlay-color":"","overlay-gradient":""},"mobile":{"background-color":"","background-image":"","background-repeat":"repeat","background-position":"center center","background-size":"auto","background-attachment":"scroll","background-type":"","background-media":"","overlay-type":"","overlay-color":"","overlay-gradient":""}},"ast-content-background-meta":{"desktop":{"background-color":"var(--ast-global-color-5)","background-image":"","background-repeat":"repeat","background-position":"center center","background-size":"auto","background-attachment":"scroll","background-type":"","background-media":"","overlay-type":"","overlay-color":"","overlay-gradient":""},"tablet":{"background-color":"var(--ast-global-color-5)","background-image":"","background-repeat":"repeat","background-position":"center center","background-size":"auto","background-attachment":"scroll","background-type":"","background-media":"","overlay-type":"","overlay-color":"","overlay-gradient":""},"mobile":{"background-color":"var(--ast-global-color-5)","background-image":"","background-repeat":"repeat","background-position":"center center","background-size":"auto","background-attachment":"scroll","background-type":"","background-media":"","overlay-type":"","overlay-color":"","overlay-gradient":""}},"footnotes":""},"uagb_featured_image_src":{"full":["https:\/\/steelstorm.standardof.net\/wp-content\/uploads\/sites\/3\/2020\/10\/MnEdR-1.jpg",1200,750,false],"thumbnail":["https:\/\/steelstorm.standardof.net\/wp-content\/uploads\/sites\/3\/2020\/10\/MnEdR-1-150x150.jpg",150,150,true],"medium":["https:\/\/steelstorm.standardof.net\/wp-content\/uploads\/sites\/3\/2020\/10\/MnEdR-1-300x188.jpg",300,188,true],"medium_large":["https:\/\/steelstorm.standardof.net\/wp-content\/uploads\/sites\/3\/2020\/10\/MnEdR-1-768x480.jpg",768,480,true],"large":["https:\/\/steelstorm.standardof.net\/wp-content\/uploads\/sites\/3\/2020\/10\/MnEdR-1-1024x640.jpg",1024,640,true],"1536x1536":["https:\/\/steelstorm.standardof.net\/wp-content\/uploads\/sites\/3\/2020\/10\/MnEdR-1.jpg",1200,750,false],"2048x2048":["https:\/\/steelstorm.standardof.net\/wp-content\/uploads\/sites\/3\/2020\/10\/MnEdR-1.jpg",1200,750,false],"trp-custom-language-flag":["https:\/\/steelstorm.standardof.net\/wp-content\/uploads\/sites\/3\/2020\/10\/MnEdR-1.jpg",18,12,false]},"uagb_author_info":{"display_name":"SOE","author_link":"https:\/\/steelstorm.standardof.net\/fr\/author\/k-tastic\/"},"uagb_comment_info":0,"uagb_excerpt":"Utility pickups are considered the items found scattered throughout the various game levels that provide various benefits instead of new weapons. These items can be often found in various crates or uncovered by destroying certain structures or enemies. Armor Plates Armor Plates come in two varieties. First there is the regular Armor Plate, looking like&hellip;","_links":{"self":[{"href":"https:\/\/steelstorm.standardof.net\/fr\/wp-json\/wp\/v2\/pages\/162"}],"collection":[{"href":"https:\/\/steelstorm.standardof.net\/fr\/wp-json\/wp\/v2\/pages"}],"about":[{"href":"https:\/\/steelstorm.standardof.net\/fr\/wp-json\/wp\/v2\/types\/page"}],"author":[{"embeddable":true,"href":"https:\/\/steelstorm.standardof.net\/fr\/wp-json\/wp\/v2\/users\/1"}],"replies":[{"embeddable":true,"href":"https:\/\/steelstorm.standardof.net\/fr\/wp-json\/wp\/v2\/comments?post=162"}],"version-history":[{"count":0,"href":"https:\/\/steelstorm.standardof.net\/fr\/wp-json\/wp\/v2\/pages\/162\/revisions"}],"up":[{"embeddable":true,"href":"https:\/\/steelstorm.standardof.net\/fr\/wp-json\/wp\/v2\/pages\/6"}],"wp:featuredmedia":[{"embeddable":true,"href":"https:\/\/steelstorm.standardof.net\/fr\/wp-json\/wp\/v2\/media\/54"}],"wp:attachment":[{"href":"https:\/\/steelstorm.standardof.net\/fr\/wp-json\/wp\/v2\/media?parent=162"}],"curies":[{"name":"wp","href":"https:\/\/api.w.org\/{rel}","templated":true}]}}