{"id":107,"date":"2020-10-16T18:14:58","date_gmt":"2020-10-16T18:14:58","guid":{"rendered":"https:\/\/steelstorm.standardof.net\/?page_id=107"},"modified":"2020-11-11T07:08:43","modified_gmt":"2020-11-11T07:08:43","slug":"turrets","status":"publish","type":"page","link":"https:\/\/steelstorm.standardof.net\/fr\/guide\/unites-ennemies\/tourelles\/","title":{"rendered":"Tourelles"},"content":{"rendered":"<p>Les tourelles sont les d\u00e9fenseurs stationnaires des bases et du territoire ennemis, poss\u00e9dant des armes et des capacit\u00e9s non poss\u00e9d\u00e9es par les ennemis mobiles. De tous ceux-ci, la tourelle de r\u00e9paration est probablement la plus potentiellement dangereuse en raison de sa capacit\u00e9 sp\u00e9ciale. En raison de leur manque de mobilit\u00e9, vous pouvez souvent trouver des moyens de frapper ces unit\u00e9s directement l\u00e0 o\u00f9 elles ne peuvent pas vous riposter en raison du bord d&#039;une obstruction.<\/p>\n\n\n\n<div style=\"height:20px\" aria-hidden=\"true\" class=\"wp-block-spacer\"><\/div>\n\n\n\n<div class=\"gb-container gb-container-ae025cb2\"><div class=\"gb-inside-container\">\n<h2 class=\"wp-block-heading\">Tourelle \u00e0 plasma l\u00e9ger<\/h2>\n\n\n\n<div class=\"wp-block-image is-style-default\"><figure class=\"aligncenter size-large\"><a href=\"https:\/\/steelstorm.standardof.net\/fr\/guide\/unites-ennemies\/tourelles\/steel-storm-enemy-turrets-light-plasma\/\"><img decoding=\"async\" width=\"469\" height=\"420\" src=\"https:\/\/steelstorm.standardof.net\/wp-content\/uploads\/sites\/3\/2020\/10\/Steel-Storm-Enemy-Turrets-Light-Plasma-469x420.jpg\" alt=\"Tourelle \u00e0 plasma l\u00e9ger\" class=\"wp-image-28\" title=\"\" srcset=\"https:\/\/steelstorm.standardof.net\/wp-content\/uploads\/sites\/3\/2020\/10\/Steel-Storm-Enemy-Turrets-Light-Plasma.jpg 469w, https:\/\/steelstorm.standardof.net\/wp-content\/uploads\/sites\/3\/2020\/10\/Steel-Storm-Enemy-Turrets-Light-Plasma-300x269.jpg 300w\" sizes=\"(max-width: 469px) 100vw, 469px\" \/><\/a><figcaption>Tourelle \u00e0 plasma l\u00e9ger<\/figcaption><\/figure><\/div>\n\n\n\n<p>La tourelle \u00e0 plasma l\u00e9ger partage son arme avec le char l\u00e9ger, une variante stationnaire plus r\u00e9sistante de cet ennemi. Il tire des boulons de plasma l\u00e9ger \u00e0 une vitesse deux fois plus \u00e9lev\u00e9e que les chars l\u00e9gers, mais ne constitue g\u00e9n\u00e9ralement pas une menace importante \u00e0 moins que vous ne soyez pris avec quelques-uns dans un espace restreint.<\/p>\n<\/div><\/div>\n\n\n\n<div style=\"height:20px\" aria-hidden=\"true\" class=\"wp-block-spacer\"><\/div>\n\n\n\n<div class=\"gb-container gb-container-e480a6f2\"><div class=\"gb-inside-container\">\n<h2 class=\"wp-block-heading\">Tourelle \u00e0 faisceau lourd<\/h2>\n\n\n\n<div class=\"wp-block-image is-style-default\"><figure class=\"aligncenter size-large\"><a href=\"https:\/\/steelstorm.standardof.net\/fr\/guide\/unites-ennemies\/tourelles\/steel-storm-enemy-turrets-heavy-beam\/\"><img decoding=\"async\" width=\"471\" height=\"416\" src=\"https:\/\/steelstorm.standardof.net\/wp-content\/uploads\/sites\/3\/2020\/10\/Steel-Storm-Enemy-Turrets-Heavy-Beam-471x416.jpg\" alt=\"Tourelle \u00e0 faisceau lourd\" class=\"wp-image-27\" title=\"\" srcset=\"https:\/\/steelstorm.standardof.net\/wp-content\/uploads\/sites\/3\/2020\/10\/Steel-Storm-Enemy-Turrets-Heavy-Beam.jpg 471w, https:\/\/steelstorm.standardof.net\/wp-content\/uploads\/sites\/3\/2020\/10\/Steel-Storm-Enemy-Turrets-Heavy-Beam-300x265.jpg 300w\" sizes=\"(max-width: 471px) 100vw, 471px\" \/><\/a><figcaption>Tourelle \u00e0 faisceau lourd<\/figcaption><\/figure><\/div>\n\n\n\n<p>La tourelle \u00e0 faisceau lourd tire une plus petite vari\u00e9t\u00e9 rouge de votre canon \u00e0 faisceau, vous frappant instantan\u00e9ment lorsqu&#039;elle est tir\u00e9e pour une petite mais importante quantit\u00e9 de d\u00e9g\u00e2ts. Il n&#039;y a pas de bon moyen d&#039;\u00e9viter le faisceau et le Shockwave ne peut pas le repousser, vous laissant tirer des missiles Homing d&#039;un coin ou en s&#039;approchant d&#039;une direction qui vous permet de profiter rapidement de la vitesse de rotation lente de cette tourelle. Il y a un court temps de recharge entre les tirs dont vous pouvez \u00e9galement profiter et s&#039;il est difficile de sortir rapidement de l&#039;arri\u00e8re des virages, peut tromper le Heavy Beam en tirant dans un obstacle.<\/p>\n<\/div><\/div>\n\n\n\n<div style=\"height:20px\" aria-hidden=\"true\" class=\"wp-block-spacer\"><\/div>\n\n\n\n<div class=\"gb-container gb-container-b346aadf\"><div class=\"gb-inside-container\">\n<h2 class=\"wp-block-heading\">Tourelle de fus\u00e9e<\/h2>\n\n\n\n<div class=\"wp-block-image is-style-default\"><figure class=\"aligncenter size-large\"><a href=\"https:\/\/steelstorm.standardof.net\/fr\/guide\/unites-ennemies\/tourelles\/steel-storm-enemy-turrets-rocket\/\"><img decoding=\"async\" width=\"497\" height=\"461\" src=\"https:\/\/steelstorm.standardof.net\/wp-content\/uploads\/sites\/3\/2020\/10\/Steel-Storm-Enemy-Turrets-Rocket-497x461.jpg\" alt=\"Tourelle de fus\u00e9e\" class=\"wp-image-30\" title=\"\" srcset=\"https:\/\/steelstorm.standardof.net\/wp-content\/uploads\/sites\/3\/2020\/10\/Steel-Storm-Enemy-Turrets-Rocket.jpg 497w, https:\/\/steelstorm.standardof.net\/wp-content\/uploads\/sites\/3\/2020\/10\/Steel-Storm-Enemy-Turrets-Rocket-300x278.jpg 300w\" sizes=\"(max-width: 497px) 100vw, 497px\" \/><\/a><figcaption>Tourelle de fus\u00e9e<\/figcaption><\/figure><\/div>\n\n\n\n<p>Les tourelles de fus\u00e9e sont des plates-formes d&#039;armes stationnaires offrant le m\u00eame effet que votre arme Rocket Pod. Ces tourelles lancent un barrage de roquettes qui ont en fait deux fois la port\u00e9e de vos roquettes, ce qui rend cette arme particuli\u00e8rement mortelle dans les zones confin\u00e9es. Heureusement, les missiles sont assez lents pour esquiver facilement dans un espace ouvert et Shockwave peut \u00eatre utilis\u00e9 pour repousser les roquettes dans la tourelle Rocket, ce qui est souvent plus que suffisant pour la d\u00e9truire carr\u00e9ment. Un barrage de ces roquettes suffit souvent \u00e0 vous d\u00e9truire carr\u00e9ment, m\u00eame avec une armure compl\u00e8te et quelques couches de boucliers.<\/p>\n<\/div><\/div>\n\n\n\n<div style=\"height:20px\" aria-hidden=\"true\" class=\"wp-block-spacer\"><\/div>\n\n\n\n<div class=\"gb-container gb-container-0b6d8679\"><div class=\"gb-inside-container\">\n<h2 class=\"wp-block-heading\">R\u00e9paration de la tourelle<\/h2>\n\n\n\n<div class=\"wp-block-image is-style-default\"><figure class=\"aligncenter size-large\"><a href=\"https:\/\/steelstorm.standardof.net\/fr\/guide\/unites-ennemies\/tourelles\/steel-storm-enemy-turrets-repair\/\"><img decoding=\"async\" width=\"480\" height=\"388\" src=\"https:\/\/steelstorm.standardof.net\/wp-content\/uploads\/sites\/3\/2020\/10\/Steel-Storm-Enemy-Turrets-Repair-480x388.jpg\" alt=\"R\u00e9paration de la tourelle\" class=\"wp-image-29\" title=\"\" srcset=\"https:\/\/steelstorm.standardof.net\/wp-content\/uploads\/sites\/3\/2020\/10\/Steel-Storm-Enemy-Turrets-Repair.jpg 480w, https:\/\/steelstorm.standardof.net\/wp-content\/uploads\/sites\/3\/2020\/10\/Steel-Storm-Enemy-Turrets-Repair-300x243.jpg 300w\" sizes=\"(max-width: 480px) 100vw, 480px\" \/><\/a><figcaption>R\u00e9paration de la tourelle<\/figcaption><\/figure><\/div>\n\n\n\n<p>Bien qu&#039;elle ne poss\u00e8de pas d&#039;armes propres, la tourelle de r\u00e9paration est de loin la plus grande douleur des quatre. Comme vous pouvez vous y attendre, le seul but de la tourelle de r\u00e9paration est de rajeunir et de ramener \u00e0 la vie toutes les enveloppes d&#039;ennemis d\u00e9c\u00e9d\u00e9s \u00e0 proximit\u00e9, en annulant tout votre travail l\u00e0 o\u00f9 ils apparaissent ou sont plac\u00e9s. Vous pouvez \u00e9couter le son distinct de sa capacit\u00e9 de r\u00e9paration et le faisceau jaune qui s&#039;\u00e9tend de la tourelle \u00e0 sa cible de r\u00e9paration pour vous aider \u00e0 les localiser en dehors de l&#039;\u00e9cran. Essayez toujours de tirer les ennemis mobiles aussi loin que possible des tourelles de r\u00e9paration pour les engager hors de leur zone de r\u00e9animation ou de pr\u00e9cipiter rapidement la tourelle, surtout si elle appara\u00eet dans un champ d&#039;unit\u00e9s mortes avant de lever toute une arm\u00e9e de zombies pour vous attaquer. .<\/p>\n<\/div><\/div>","protected":false},"excerpt":{"rendered":"<p>The Turrets are the stationary defenders of enemy bases and territory, possessing some weapons and abilities not possessed by the mobile hostiles. Of all these, probably the Repair Turret is the most potentially hazardous due to its special ability. Due to their lack of mobility you can often find ways of hitting these units directly [&hellip;]<\/p>","protected":false},"author":1,"featured_media":54,"parent":32,"menu_order":0,"comment_status":"open","ping_status":"closed","template":"","meta":{"_uag_custom_page_level_css":"","site-sidebar-layout":"default","site-content-layout":"default","ast-site-content-layout":"","site-content-style":"default","site-sidebar-style":"default","ast-global-header-display":"","ast-banner-title-visibility":"","ast-main-header-display":"","ast-hfb-above-header-display":"","ast-hfb-below-header-display":"","ast-hfb-mobile-header-display":"","site-post-title":"","ast-breadcrumbs-content":"","ast-featured-img":"","footer-sml-layout":"","theme-transparent-header-meta":"default","adv-header-id-meta":"","stick-header-meta":"","header-above-stick-meta":"","header-main-stick-meta":"","header-below-stick-meta":"","astra-migrate-meta-layouts":"default","ast-page-background-enabled":"default","ast-page-background-meta":{"desktop":{"background-color":"","background-image":"","background-repeat":"repeat","background-position":"center center","background-size":"auto","background-attachment":"scroll","background-type":"","background-media":"","overlay-type":"","overlay-color":"","overlay-gradient":""},"tablet":{"background-color":"","background-image":"","background-repeat":"repeat","background-position":"center center","background-size":"auto","background-attachment":"scroll","background-type":"","background-media":"","overlay-type":"","overlay-color":"","overlay-gradient":""},"mobile":{"background-color":"","background-image":"","background-repeat":"repeat","background-position":"center center","background-size":"auto","background-attachment":"scroll","background-type":"","background-media":"","overlay-type":"","overlay-color":"","overlay-gradient":""}},"ast-content-background-meta":{"desktop":{"background-color":"var(--ast-global-color-5)","background-image":"","background-repeat":"repeat","background-position":"center center","background-size":"auto","background-attachment":"scroll","background-type":"","background-media":"","overlay-type":"","overlay-color":"","overlay-gradient":""},"tablet":{"background-color":"var(--ast-global-color-5)","background-image":"","background-repeat":"repeat","background-position":"center center","background-size":"auto","background-attachment":"scroll","background-type":"","background-media":"","overlay-type":"","overlay-color":"","overlay-gradient":""},"mobile":{"background-color":"var(--ast-global-color-5)","background-image":"","background-repeat":"repeat","background-position":"center center","background-size":"auto","background-attachment":"scroll","background-type":"","background-media":"","overlay-type":"","overlay-color":"","overlay-gradient":""}},"footnotes":""},"uagb_featured_image_src":{"full":["https:\/\/steelstorm.standardof.net\/wp-content\/uploads\/sites\/3\/2020\/10\/MnEdR-1.jpg",1200,750,false],"thumbnail":["https:\/\/steelstorm.standardof.net\/wp-content\/uploads\/sites\/3\/2020\/10\/MnEdR-1-150x150.jpg",150,150,true],"medium":["https:\/\/steelstorm.standardof.net\/wp-content\/uploads\/sites\/3\/2020\/10\/MnEdR-1-300x188.jpg",300,188,true],"medium_large":["https:\/\/steelstorm.standardof.net\/wp-content\/uploads\/sites\/3\/2020\/10\/MnEdR-1-768x480.jpg",768,480,true],"large":["https:\/\/steelstorm.standardof.net\/wp-content\/uploads\/sites\/3\/2020\/10\/MnEdR-1-1024x640.jpg",1024,640,true],"1536x1536":["https:\/\/steelstorm.standardof.net\/wp-content\/uploads\/sites\/3\/2020\/10\/MnEdR-1.jpg",1200,750,false],"2048x2048":["https:\/\/steelstorm.standardof.net\/wp-content\/uploads\/sites\/3\/2020\/10\/MnEdR-1.jpg",1200,750,false],"trp-custom-language-flag":["https:\/\/steelstorm.standardof.net\/wp-content\/uploads\/sites\/3\/2020\/10\/MnEdR-1.jpg",18,12,false]},"uagb_author_info":{"display_name":"SOE","author_link":"https:\/\/steelstorm.standardof.net\/fr\/author\/k-tastic\/"},"uagb_comment_info":0,"uagb_excerpt":"The Turrets are the stationary defenders of enemy bases and territory, possessing some weapons and abilities not possessed by the mobile hostiles. Of all these, probably the Repair Turret is the most potentially hazardous due to its special ability. Due to their lack of mobility you can often find ways of hitting these units directly&hellip;","_links":{"self":[{"href":"https:\/\/steelstorm.standardof.net\/fr\/wp-json\/wp\/v2\/pages\/107"}],"collection":[{"href":"https:\/\/steelstorm.standardof.net\/fr\/wp-json\/wp\/v2\/pages"}],"about":[{"href":"https:\/\/steelstorm.standardof.net\/fr\/wp-json\/wp\/v2\/types\/page"}],"author":[{"embeddable":true,"href":"https:\/\/steelstorm.standardof.net\/fr\/wp-json\/wp\/v2\/users\/1"}],"replies":[{"embeddable":true,"href":"https:\/\/steelstorm.standardof.net\/fr\/wp-json\/wp\/v2\/comments?post=107"}],"version-history":[{"count":1,"href":"https:\/\/steelstorm.standardof.net\/fr\/wp-json\/wp\/v2\/pages\/107\/revisions"}],"predecessor-version":[{"id":404,"href":"https:\/\/steelstorm.standardof.net\/fr\/wp-json\/wp\/v2\/pages\/107\/revisions\/404"}],"up":[{"embeddable":true,"href":"https:\/\/steelstorm.standardof.net\/fr\/wp-json\/wp\/v2\/pages\/32"}],"wp:featuredmedia":[{"embeddable":true,"href":"https:\/\/steelstorm.standardof.net\/fr\/wp-json\/wp\/v2\/media\/54"}],"wp:attachment":[{"href":"https:\/\/steelstorm.standardof.net\/fr\/wp-json\/wp\/v2\/media?parent=107"}],"curies":[{"name":"wp","href":"https:\/\/api.w.org\/{rel}","templated":true}]}}