{"id":85,"date":"2020-10-16T17:40:26","date_gmt":"2020-10-16T17:40:26","guid":{"rendered":"https:\/\/steelstorm.standardof.net\/?page_id=85"},"modified":"2020-11-11T07:16:49","modified_gmt":"2020-11-11T07:16:49","slug":"hover-tanks","status":"publish","type":"page","link":"https:\/\/steelstorm.standardof.net\/es\/guide\/unidades-enemigas\/tanques-flotantes\/","title":{"rendered":"Tanques flotantes"},"content":{"rendered":"<p>Los tanques flotantes en Steel Storm: Burning Retribution son los enemigos m\u00e1s numerosos a los que te enfrentar\u00e1s. Actualmente vienen en tres variedades separadas, el tanque ligero, el tanque medio y el tanque Lightning. Todos ellos son muy maniobrables y se ver\u00e1n pr\u00e1cticamente en todas partes.<\/p>\n\n\n\n<div style=\"height:20px\" aria-hidden=\"true\" class=\"wp-block-spacer\"><\/div>\n\n\n\n<div class=\"gb-container gb-container-ae025cb2\"><div class=\"gb-inside-container\">\n<h2 class=\"wp-block-heading\">Tanque ligero<\/h2>\n\n\n\n<div class=\"wp-block-image is-style-default\"><figure class=\"aligncenter size-large\"><a href=\"https:\/\/steelstorm.standardof.net\/es\/guide\/unidades-enemigas\/tanques-flotantes\/steel-storm-enemy-hover-tanks-light\/\"><img decoding=\"async\" width=\"822\" height=\"642\" src=\"https:\/\/steelstorm.standardof.net\/wp-content\/uploads\/sites\/3\/2020\/10\/Steel-Storm-Enemy-Hover-Tanks-Light-822x642.jpg\" alt=\"Tanque ligero\" class=\"wp-image-24\" title=\"\" srcset=\"https:\/\/steelstorm.standardof.net\/wp-content\/uploads\/sites\/3\/2020\/10\/Steel-Storm-Enemy-Hover-Tanks-Light.jpg 822w, https:\/\/steelstorm.standardof.net\/wp-content\/uploads\/sites\/3\/2020\/10\/Steel-Storm-Enemy-Hover-Tanks-Light-300x234.jpg 300w\" sizes=\"(max-width: 822px) 100vw, 822px\" \/><\/a><figcaption>Tanque ligero<\/figcaption><\/figure><\/div>\n\n\n\n<p>los <strong>Tanques ligeros<\/strong> se distinguen por su color tostado y su ca\u00f1\u00f3n montado en una sola torreta. Estas unidades a menudo se acercar\u00e1n a un alcance medio, disparando disparos de plasma ligero individuales mientras disparan o se mueven de lado a lado. Cuando se les dispara, estas unidades se retiran r\u00e1pidamente a un rango m\u00e1s largo sin dejar de dispararle.<\/p>\n\n\n\n<p>Estos son los enemigos m\u00e1s d\u00e9biles a los que te enfrentas, pero tambi\u00e9n los m\u00e1s numerosos. M\u00e1s all\u00e1 de los primeros niveles, puede esperar verlos en grandes grupos y emboscadas todo el tiempo. El fuego de una ametralladora o un barrido con el ca\u00f1\u00f3n de rayos es su mejor opci\u00f3n para destruir estas unidades a larga distancia, gracias al mecanismo de impacto instant\u00e1neo de esas armas, mientras que las c\u00e1psulas de cohetes son la opci\u00f3n efectiva cuando los grupos de ellos est\u00e1n en un rango cercano a medio.<\/p>\n<\/div><\/div>\n\n\n\n<div style=\"height:20px\" aria-hidden=\"true\" class=\"wp-block-spacer\"><\/div>\n\n\n\n<div class=\"gb-container gb-container-9524adab\"><div class=\"gb-inside-container\">\n<h2 class=\"wp-block-heading\">Tanque mediano<\/h2>\n\n\n\n<div class=\"wp-block-image is-style-default\"><figure class=\"aligncenter size-large\"><a href=\"https:\/\/steelstorm.standardof.net\/es\/guide\/unidades-enemigas\/tanques-flotantes\/steel-storm-enemy-hover-tanks-medium\/\"><img decoding=\"async\" width=\"869\" height=\"680\" src=\"https:\/\/steelstorm.standardof.net\/wp-content\/uploads\/sites\/3\/2020\/10\/Steel-Storm-Enemy-Hover-Tanks-Medium-869x680.jpg\" alt=\"Tanque mediano\" class=\"wp-image-26\" title=\"\" srcset=\"https:\/\/steelstorm.standardof.net\/wp-content\/uploads\/sites\/3\/2020\/10\/Steel-Storm-Enemy-Hover-Tanks-Medium.jpg 869w, https:\/\/steelstorm.standardof.net\/wp-content\/uploads\/sites\/3\/2020\/10\/Steel-Storm-Enemy-Hover-Tanks-Medium-300x235.jpg 300w\" sizes=\"(max-width: 869px) 100vw, 869px\" \/><\/a><figcaption>Tanque mediano<\/figcaption><\/figure><\/div>\n\n\n\n<p><strong>Tanques medianos<\/strong> son una versi\u00f3n m\u00e1s fuertemente armada y blindada del tanque ligero, disparando r\u00e1fagas de rayos de plasma ligero a la vez mientras se mueven a una velocidad m\u00e1s lenta que la variedad ligera. <\/p>\n\n\n\n<p>Estos aparecen m\u00e1s a medida que avanzas en el juego y, a menudo, se encontrar\u00e1n en mayor n\u00famero en \u00e1reas m\u00e1s importantes. Estas unidades intentar\u00e1n esquivar tu fuego, despu\u00e9s de acercarse a un alcance medio pero mucho menos h\u00e1biles para hacerlo.<\/p>\n<\/div><\/div>\n\n\n\n<div style=\"height:20px\" aria-hidden=\"true\" class=\"wp-block-spacer\"><\/div>\n\n\n\n<div class=\"gb-container gb-container-9a287803\"><div class=\"gb-inside-container\">\n<h2 class=\"wp-block-heading\">Tanque de rayos<\/h2>\n\n\n\n<div class=\"wp-block-image is-style-default\"><figure class=\"aligncenter size-large\"><a href=\"https:\/\/steelstorm.standardof.net\/es\/guide\/unidades-enemigas\/tanques-flotantes\/steel-storm-enemy-hover-tanks-lightning\/\"><img decoding=\"async\" width=\"825\" height=\"629\" src=\"https:\/\/steelstorm.standardof.net\/wp-content\/uploads\/sites\/3\/2020\/10\/Steel-Storm-Enemy-Hover-Tanks-Lightning-825x629.jpg\" alt=\"Tanque de rayos\" class=\"wp-image-25\" title=\"\" srcset=\"https:\/\/steelstorm.standardof.net\/wp-content\/uploads\/sites\/3\/2020\/10\/Steel-Storm-Enemy-Hover-Tanks-Lightning.jpg 825w, https:\/\/steelstorm.standardof.net\/wp-content\/uploads\/sites\/3\/2020\/10\/Steel-Storm-Enemy-Hover-Tanks-Lightning-300x229.jpg 300w\" sizes=\"(max-width: 825px) 100vw, 825px\" \/><\/a><figcaption>Tanque de rayos<\/figcaption><\/figure><\/div>\n\n\n\n<p><strong>Tanques de rayos<\/strong> son posiblemente los m\u00e1s peligrosos de todos los tanques peque\u00f1os. Estas unidades poseen un arma similar a la <strong>Rayo <\/strong>que es de alcance extremadamente corto y solo te hace una peque\u00f1a cantidad de da\u00f1o, sin embargo, tiene el potente efecto secundario de deshabilitar tus armas de energ\u00eda secundaria, especial y primaria, dej\u00e1ndote solo con tus Miniguns o Flak Cannon con los que defenderte hasta el efecto desvestir.<\/p>\n\n\n\n<p>El Lightning Tank es conocido por cargar directamente hacia ti, incluso frente a fuertes disparos de armas para golpearte con su rayo. Los grupos de estas unidades son muy peligrosos y pueden mantener continuamente desactivadas sus otras armas, lo que lo obliga a retirarse o sentirse abrumado. Trate de superarlos y active su onda de choque si se acercan demasiado, aunque la onda de choque tiene aproximadamente el mismo rango que su zap, lo que dificulta el tiempo.<\/p>\n<\/div><\/div>","protected":false},"excerpt":{"rendered":"<p>The hover tanks in Steel Storm: Burning Retribution are the most numerous enemies you will face. Currently they come in three separate varieties, the Light Tank, Medium Tank and the Lightning Tank. All of them are highly maneuverable and will be seen practically everywhere. Light Tank The Light Tanks are distinguished by their tan color [&hellip;]<\/p>","protected":false},"author":1,"featured_media":54,"parent":32,"menu_order":0,"comment_status":"open","ping_status":"closed","template":"","meta":{"_uag_custom_page_level_css":"","site-sidebar-layout":"default","site-content-layout":"default","ast-site-content-layout":"","site-content-style":"default","site-sidebar-style":"default","ast-global-header-display":"","ast-banner-title-visibility":"","ast-main-header-display":"","ast-hfb-above-header-display":"","ast-hfb-below-header-display":"","ast-hfb-mobile-header-display":"","site-post-title":"","ast-breadcrumbs-content":"","ast-featured-img":"","footer-sml-layout":"","theme-transparent-header-meta":"default","adv-header-id-meta":"","stick-header-meta":"","header-above-stick-meta":"","header-main-stick-meta":"","header-below-stick-meta":"","astra-migrate-meta-layouts":"default","ast-page-background-enabled":"default","ast-page-background-meta":{"desktop":{"background-color":"","background-image":"","background-repeat":"repeat","background-position":"center center","background-size":"auto","background-attachment":"scroll","background-type":"","background-media":"","overlay-type":"","overlay-color":"","overlay-gradient":""},"tablet":{"background-color":"","background-image":"","background-repeat":"repeat","background-position":"center center","background-size":"auto","background-attachment":"scroll","background-type":"","background-media":"","overlay-type":"","overlay-color":"","overlay-gradient":""},"mobile":{"background-color":"","background-image":"","background-repeat":"repeat","background-position":"center center","background-size":"auto","background-attachment":"scroll","background-type":"","background-media":"","overlay-type":"","overlay-color":"","overlay-gradient":""}},"ast-content-background-meta":{"desktop":{"background-color":"var(--ast-global-color-5)","background-image":"","background-repeat":"repeat","background-position":"center center","background-size":"auto","background-attachment":"scroll","background-type":"","background-media":"","overlay-type":"","overlay-color":"","overlay-gradient":""},"tablet":{"background-color":"var(--ast-global-color-5)","background-image":"","background-repeat":"repeat","background-position":"center center","background-size":"auto","background-attachment":"scroll","background-type":"","background-media":"","overlay-type":"","overlay-color":"","overlay-gradient":""},"mobile":{"background-color":"var(--ast-global-color-5)","background-image":"","background-repeat":"repeat","background-position":"center center","background-size":"auto","background-attachment":"scroll","background-type":"","background-media":"","overlay-type":"","overlay-color":"","overlay-gradient":""}},"footnotes":""},"uagb_featured_image_src":{"full":["https:\/\/steelstorm.standardof.net\/wp-content\/uploads\/sites\/3\/2020\/10\/MnEdR-1.jpg",1200,750,false],"thumbnail":["https:\/\/steelstorm.standardof.net\/wp-content\/uploads\/sites\/3\/2020\/10\/MnEdR-1-150x150.jpg",150,150,true],"medium":["https:\/\/steelstorm.standardof.net\/wp-content\/uploads\/sites\/3\/2020\/10\/MnEdR-1-300x188.jpg",300,188,true],"medium_large":["https:\/\/steelstorm.standardof.net\/wp-content\/uploads\/sites\/3\/2020\/10\/MnEdR-1-768x480.jpg",768,480,true],"large":["https:\/\/steelstorm.standardof.net\/wp-content\/uploads\/sites\/3\/2020\/10\/MnEdR-1-1024x640.jpg",1024,640,true],"1536x1536":["https:\/\/steelstorm.standardof.net\/wp-content\/uploads\/sites\/3\/2020\/10\/MnEdR-1.jpg",1200,750,false],"2048x2048":["https:\/\/steelstorm.standardof.net\/wp-content\/uploads\/sites\/3\/2020\/10\/MnEdR-1.jpg",1200,750,false],"trp-custom-language-flag":["https:\/\/steelstorm.standardof.net\/wp-content\/uploads\/sites\/3\/2020\/10\/MnEdR-1.jpg",18,12,false]},"uagb_author_info":{"display_name":"SOE","author_link":"https:\/\/steelstorm.standardof.net\/es\/author\/k-tastic\/"},"uagb_comment_info":0,"uagb_excerpt":"The hover tanks in Steel Storm: Burning Retribution are the most numerous enemies you will face. Currently they come in three separate varieties, the Light Tank, Medium Tank and the Lightning Tank. All of them are highly maneuverable and will be seen practically everywhere. Light Tank The Light Tanks are distinguished by their tan color&hellip;","_links":{"self":[{"href":"https:\/\/steelstorm.standardof.net\/es\/wp-json\/wp\/v2\/pages\/85"}],"collection":[{"href":"https:\/\/steelstorm.standardof.net\/es\/wp-json\/wp\/v2\/pages"}],"about":[{"href":"https:\/\/steelstorm.standardof.net\/es\/wp-json\/wp\/v2\/types\/page"}],"author":[{"embeddable":true,"href":"https:\/\/steelstorm.standardof.net\/es\/wp-json\/wp\/v2\/users\/1"}],"replies":[{"embeddable":true,"href":"https:\/\/steelstorm.standardof.net\/es\/wp-json\/wp\/v2\/comments?post=85"}],"version-history":[{"count":1,"href":"https:\/\/steelstorm.standardof.net\/es\/wp-json\/wp\/v2\/pages\/85\/revisions"}],"predecessor-version":[{"id":406,"href":"https:\/\/steelstorm.standardof.net\/es\/wp-json\/wp\/v2\/pages\/85\/revisions\/406"}],"up":[{"embeddable":true,"href":"https:\/\/steelstorm.standardof.net\/es\/wp-json\/wp\/v2\/pages\/32"}],"wp:featuredmedia":[{"embeddable":true,"href":"https:\/\/steelstorm.standardof.net\/es\/wp-json\/wp\/v2\/media\/54"}],"wp:attachment":[{"href":"https:\/\/steelstorm.standardof.net\/es\/wp-json\/wp\/v2\/media?parent=85"}],"curies":[{"name":"wp","href":"https:\/\/api.w.org\/{rel}","templated":true}]}}