{"id":6,"date":"2020-10-15T16:21:48","date_gmt":"2020-10-15T16:21:48","guid":{"rendered":"http:\/\/steelstorm.standardof.net\/?page_id=6"},"modified":"2020-10-18T17:49:22","modified_gmt":"2020-10-18T17:49:22","slug":"guide","status":"publish","type":"page","link":"https:\/\/steelstorm.standardof.net\/es\/","title":{"rendered":"\u00cdndice de la gu\u00eda de estrategia &quot;Steel Storm: Burning Retribution&quot;"},"content":{"rendered":"<p>Esta p\u00e1gina sirve como \u00edndice para la serie de gu\u00edas que cubren los diversos aspectos del videojuego Steel Storm. Aqu\u00ed encontrar\u00e1 enlaces a gu\u00edas m\u00e1s detalladas junto con secciones adicionales y enlaces a gu\u00edas espec\u00edficas que se agregan a medida que se publican.<\/p>\n\n\n\n<hr class=\"wp-block-separator\"\/>\n\n\n\n<h2 class=\"has-text-align-center has-white-color has-text-color wp-block-heading\"><a href=\"https:\/\/www.standardof.net\/wp-content\/uploads\/2011\/09\/5288493.jpg\" target=\"_blank\" rel=\"noopener\"><\/a><a class=\"rank-math-link\" href=\"https:\/\/steelstorm.standardof.net\/es\/guide\/tutoriales-de-nivel-2\/\">Tutoriales de nivel<\/a><\/h2>\n\n\n\n<p>Esta parte de la gu\u00eda Steel Storm cubrir\u00e1 los distintos niveles del juego, con un recorrido completo para cada uno. Dentro encontrar\u00e1 una gran cantidad de informaci\u00f3n, como mapas de rutas, reproducciones de videos y capturas de pantalla adicionales e informaci\u00f3n sobre elementos o ubicaciones importantes que se encuentran en cada uno.<\/p>\n\n\n\n<figure class=\"wp-block-image size-large is-resized\"><a href=\"https:\/\/steelstorm.standardof.net\/es\/guide\/tutoriales-de-nivel-2\/level-guides\/\"><img decoding=\"async\" src=\"https:\/\/steelstorm.standardof.net\/wp-content\/uploads\/sites\/3\/2020\/10\/Level-Guides.jpg\" alt=\"\" class=\"wp-image-174\" width=\"768\" height=\"432\" title=\"\" srcset=\"https:\/\/steelstorm.standardof.net\/wp-content\/uploads\/sites\/3\/2020\/10\/Level-Guides.jpg 1024w, https:\/\/steelstorm.standardof.net\/wp-content\/uploads\/sites\/3\/2020\/10\/Level-Guides-300x169.jpg 300w, https:\/\/steelstorm.standardof.net\/wp-content\/uploads\/sites\/3\/2020\/10\/Level-Guides-768x432.jpg 768w, https:\/\/steelstorm.standardof.net\/wp-content\/uploads\/sites\/3\/2020\/10\/Level-Guides-16x9.jpg 16w\" sizes=\"(max-width: 768px) 100vw, 768px\" \/><\/a><\/figure>\n\n\n\n<hr class=\"wp-block-separator\"\/>\n\n\n\n<h2 class=\"has-text-align-center has-white-color has-text-color wp-block-heading\"><a href=\"https:\/\/steelstorm.standardof.net\/es\/guide\/unidades-enemigas\/\" class=\"rank-math-link\">Enemigos<\/a><\/h2>\n\n\n\n<p>Esta parte de la gu\u00eda de estrategia cubrir\u00e1 las distintas unidades hostiles que encontrar\u00e1s repartidas por los niveles de este juego. Los hostiles de tipo jefe se han dejado fuera de esta parte, cubiertos en cambio dentro de los recorridos de nivel donde aparecen para evitar spoilers y dada su rareza.<\/p>\n\n\n\n<p>Esta parte de la gu\u00eda se divide en tres secciones, que cubren los tanques flotantes que son m\u00e1s numerosos y se encuentran a menudo en grupos en el juego. En segundo lugar, encontrar\u00e1s los mini-jefes de tanques pesados que vienen repletos de armas listas para fre\u00edrte y, finalmente, las torretas, que son emplazamientos estacionarios que defienden las ubicaciones enemigas pero igualmente mortales.<\/p>\n\n\n\n<div class=\"wp-block-image\"><figure class=\"aligncenter size-large is-resized\"><img decoding=\"async\" src=\"https:\/\/steelstorm.standardof.net\/wp-content\/uploads\/sites\/3\/2020\/10\/Steel-Storm-Enemy-Units-Group-Shot-850x410.jpg\" alt=\"Unidades enemigas\" class=\"wp-image-31\" width=\"638\" height=\"308\" title=\"\" srcset=\"https:\/\/steelstorm.standardof.net\/wp-content\/uploads\/sites\/3\/2020\/10\/Steel-Storm-Enemy-Units-Group-Shot.jpg 850w, https:\/\/steelstorm.standardof.net\/wp-content\/uploads\/sites\/3\/2020\/10\/Steel-Storm-Enemy-Units-Group-Shot-300x145.jpg 300w\" sizes=\"(max-width: 638px) 100vw, 638px\" \/><\/figure><\/div>\n\n\n\n<hr class=\"wp-block-separator\"\/>\n\n\n\n<h2 class=\"has-text-align-center has-white-color has-text-color wp-block-heading\"><a href=\"https:\/\/steelstorm.standardof.net\/es\/guide\/armas\/\" class=\"rank-math-link\">Armas<\/a><\/h2>\n\n\n\n<p>Las armas vienen en muchas variedades clasificadas en uno de 5 grupos separados seg\u00fan c\u00f3mo disparan y qu\u00e9 espacio ocupan en su tanque. Siempre es posible llevar un arma de cada tipo a la vez con la opci\u00f3n de cambiar las armas que ocupan el mismo espacio. Una vez que se recoge un arma, debes abandonar el nivel y comenzar una nueva para reaparecer con ella todav\u00eda equipada. Si mueres en el mismo nivel en el que recogiste un arma, ser\u00e1 destruida e irrecuperable a menos que reinicies la misi\u00f3n. Divididos en varios grupos, cada secci\u00f3n brinda informaci\u00f3n sobre c\u00f3mo cada uno lo beneficia junto con qu\u00e9 armas son mejores en qu\u00e9 situaci\u00f3n.<\/p>\n\n\n\n<div class=\"wp-block-image\"><figure class=\"aligncenter size-large is-resized\"><img decoding=\"async\" src=\"https:\/\/steelstorm.standardof.net\/wp-content\/uploads\/sites\/3\/2020\/10\/steel-storm-all-items.jpg\" alt=\"\" class=\"wp-image-320\" width=\"602\" height=\"386\" title=\"\" srcset=\"https:\/\/steelstorm.standardof.net\/wp-content\/uploads\/sites\/3\/2020\/10\/steel-storm-all-items.jpg 802w, https:\/\/steelstorm.standardof.net\/wp-content\/uploads\/sites\/3\/2020\/10\/steel-storm-all-items-300x193.jpg 300w, https:\/\/steelstorm.standardof.net\/wp-content\/uploads\/sites\/3\/2020\/10\/steel-storm-all-items-768x493.jpg 768w, https:\/\/steelstorm.standardof.net\/wp-content\/uploads\/sites\/3\/2020\/10\/steel-storm-all-items-16x10.jpg 16w\" sizes=\"(max-width: 602px) 100vw, 602px\" \/><\/figure><\/div>\n\n\n\n<hr class=\"wp-block-separator\"\/>\n\n\n\n<h2 class=\"has-text-align-center has-white-color has-text-color wp-block-heading\"><a href=\"https:\/\/steelstorm.standardof.net\/es\/guide\/camionetas-utilitarias\/\" class=\"rank-math-link\">Pastillas de utilidad<\/a><\/h2>\n\n\n\n<p>Dentro de esta gu\u00eda, encontrar\u00e1 informaci\u00f3n presentada sobre los diversos beneficios proporcionados a trav\u00e9s de elementos de utilidad que se encuentran en el mundo del juego de Steel Storm. Estos elementos se pueden encontrar a menudo en varias cajas o se pueden descubrir al destruir ciertas estructuras o enemigos.<\/p>\n\n\n\n<hr class=\"wp-block-separator\"\/>\n\n\n\n<h3 class=\"has-text-align-center has-white-color has-text-color wp-block-heading\">Cr\u00e9ditos y reconocimientos<\/h3>\n\n\n\n<p>Steel Storm: Burning Retribution \u00a9 2008-2026 Kot-in-Action Creative Artel; All rights reserved. Steel Storm and Kot-in-Action logo are trademarks of Kot-in-Action Creative Artel in the United States of America and elsewhere. All other trademarks are the property of their respective owners.<\/p>\n\n\n\n<p>Esta gu\u00eda ha sido creada por <a href=\"http:\/\/standardof.net\/about\/\" target=\"_blank\" rel=\"noopener\">Est\u00e1ndar de entretenimiento<\/a> para servir como una serie de recorridos e instrucciones que se utilizar\u00e1n con el juego<em> <a href=\"http:\/\/www.steel-storm.com\/\" target=\"_blank\" rel=\"noopener\">Tormenta de acero: Retribuci\u00f3n ardiente<\/a><\/em>.<\/p>\n\n\n\n<hr class=\"wp-block-separator\"\/>\n\n\n\n<h3 class=\"has-text-align-center wp-block-heading\"><strong>D\u00f3nde comprar Steel Storm Burning Retribution<\/strong><\/h3>\n\n\n\n<p class=\"has-text-align-center\">Los usuarios de PC pueden comprar este juego en los servicios de descarga digital enumerados. <br>Desafortunadamente, la tienda del desarrollador ya no funciona. <\/p>\n\n\n\n<div class=\"gb-grid-wrapper gb-grid-wrapper-5e4fa48a\">\n<div class=\"gb-grid-column gb-grid-column-518d7a6a\"><div class=\"gb-container gb-container-518d7a6a\"><div class=\"gb-inside-container\">\n<div class=\"wp-block-image\"><figure class=\"aligncenter size-large is-resized\"><a href=\"https:\/\/store.steampowered.com\/app\/96200\/Steel_Storm_Burning_Retribution\/\" target=\"_blank\" rel=\"noopener\"><img decoding=\"async\" src=\"https:\/\/steelstorm.standardof.net\/wp-content\/uploads\/sites\/3\/2020\/10\/Steam-Logo.png\" alt=\"Vapor \" class=\"wp-image-299\" width=\"128\" height=\"128\" title=\"\" srcset=\"https:\/\/steelstorm.standardof.net\/wp-content\/uploads\/sites\/3\/2020\/10\/Steam-Logo.png 256w, https:\/\/steelstorm.standardof.net\/wp-content\/uploads\/sites\/3\/2020\/10\/Steam-Logo-150x150.png 150w, https:\/\/steelstorm.standardof.net\/wp-content\/uploads\/sites\/3\/2020\/10\/Steam-Logo-12x12.png 12w\" sizes=\"(max-width: 128px) 100vw, 128px\" \/><\/a><figcaption>Vapor <\/figcaption><\/figure><\/div>\n\n\n\n<div class=\"wp-block-image\"><figure class=\"aligncenter size-large is-resized\"><img decoding=\"async\" src=\"https:\/\/steelstorm.standardof.net\/wp-content\/uploads\/sites\/3\/2020\/10\/Windows-Linux-OS-Icon.png\" alt=\"\" class=\"wp-image-300\" width=\"128\" height=\"64\" title=\"\" srcset=\"https:\/\/steelstorm.standardof.net\/wp-content\/uploads\/sites\/3\/2020\/10\/Windows-Linux-OS-Icon.png 256w, https:\/\/steelstorm.standardof.net\/wp-content\/uploads\/sites\/3\/2020\/10\/Windows-Linux-OS-Icon-16x8.png 16w\" sizes=\"(max-width: 128px) 100vw, 128px\" \/><\/figure><\/div>\n<\/div><\/div><\/div>\n\n\n\n<div class=\"gb-grid-column gb-grid-column-160cff19\"><div class=\"gb-container gb-container-160cff19\"><div class=\"gb-inside-container\">\n<div class=\"wp-block-image\"><figure class=\"aligncenter size-large is-resized\"><a href=\"https:\/\/bit.ly\/32fQctg\" target=\"_blank\" rel=\"noopener\"><img decoding=\"async\" src=\"https:\/\/steelstorm.standardof.net\/wp-content\/uploads\/sites\/3\/2020\/10\/gamersgate_icon.png\" alt=\"GamersGate\" class=\"wp-image-303\" width=\"128\" height=\"128\" title=\"\" srcset=\"https:\/\/steelstorm.standardof.net\/wp-content\/uploads\/sites\/3\/2020\/10\/gamersgate_icon.png 256w, https:\/\/steelstorm.standardof.net\/wp-content\/uploads\/sites\/3\/2020\/10\/gamersgate_icon-150x150.png 150w, https:\/\/steelstorm.standardof.net\/wp-content\/uploads\/sites\/3\/2020\/10\/gamersgate_icon-12x12.png 12w\" sizes=\"(max-width: 128px) 100vw, 128px\" \/><\/a><figcaption>GamersGate<\/figcaption><\/figure><\/div>\n\n\n\n<div class=\"wp-block-image\"><figure class=\"aligncenter size-large is-resized\"><img decoding=\"async\" src=\"https:\/\/steelstorm.standardof.net\/wp-content\/uploads\/sites\/3\/2020\/10\/Windows-OS-Icon.png\" alt=\"\" class=\"wp-image-301\" width=\"64\" height=\"64\" title=\"\" srcset=\"https:\/\/steelstorm.standardof.net\/wp-content\/uploads\/sites\/3\/2020\/10\/Windows-OS-Icon.png 128w, https:\/\/steelstorm.standardof.net\/wp-content\/uploads\/sites\/3\/2020\/10\/Windows-OS-Icon-12x12.png 12w\" sizes=\"(max-width: 64px) 100vw, 64px\" \/><\/figure><\/div>\n<\/div><\/div><\/div>\n\n\n\n<div class=\"gb-grid-column gb-grid-column-d73f9fab\"><div class=\"gb-container gb-container-d73f9fab\"><div class=\"gb-inside-container\">\n<div class=\"wp-block-image\"><figure class=\"aligncenter size-large is-resized\"><a href=\"https:\/\/www.macgamestore.com\/product\/1897\/Steel-Storm-Burning-Retribution\/\" target=\"_blank\" rel=\"noopener\"><img decoding=\"async\" src=\"https:\/\/steelstorm.standardof.net\/wp-content\/uploads\/sites\/3\/2020\/10\/mac-games-store.png\" alt=\"Tienda de juegos para Mac\" class=\"wp-image-305\" width=\"128\" height=\"128\" title=\"\" srcset=\"https:\/\/steelstorm.standardof.net\/wp-content\/uploads\/sites\/3\/2020\/10\/mac-games-store.png 256w, https:\/\/steelstorm.standardof.net\/wp-content\/uploads\/sites\/3\/2020\/10\/mac-games-store-150x150.png 150w, https:\/\/steelstorm.standardof.net\/wp-content\/uploads\/sites\/3\/2020\/10\/mac-games-store-12x12.png 12w\" sizes=\"(max-width: 128px) 100vw, 128px\" \/><\/a><figcaption>Tienda de juegos para Mac<\/figcaption><\/figure><\/div>\n\n\n\n<div class=\"wp-block-image\"><figure class=\"aligncenter size-large is-resized\"><img decoding=\"async\" src=\"https:\/\/steelstorm.standardof.net\/wp-content\/uploads\/sites\/3\/2020\/10\/Apple-OS-Icon.png\" alt=\"\" class=\"wp-image-302\" width=\"64\" height=\"64\" title=\"\" srcset=\"https:\/\/steelstorm.standardof.net\/wp-content\/uploads\/sites\/3\/2020\/10\/Apple-OS-Icon.png 128w, https:\/\/steelstorm.standardof.net\/wp-content\/uploads\/sites\/3\/2020\/10\/Apple-OS-Icon-12x12.png 12w\" sizes=\"(max-width: 64px) 100vw, 64px\" \/><\/figure><\/div>\n<\/div><\/div><\/div>\n<\/div>","protected":false},"excerpt":{"rendered":"<p>This page serves as an index for the series of guides covering the various aspects of the video game, Steel Storm. Here you will find links to more in depth walkthroughs along with additional sections and links to specific guides added as they are published. Level Walkthroughs This portion of the Steel Storm guide will [&hellip;]<\/p>","protected":false},"author":1,"featured_media":54,"parent":0,"menu_order":0,"comment_status":"open","ping_status":"closed","template":"","meta":{"_uag_custom_page_level_css":"","site-sidebar-layout":"default","site-content-layout":"default","ast-site-content-layout":"","site-content-style":"default","site-sidebar-style":"default","ast-global-header-display":"","ast-banner-title-visibility":"","ast-main-header-display":"","ast-hfb-above-header-display":"","ast-hfb-below-header-display":"","ast-hfb-mobile-header-display":"","site-post-title":"","ast-breadcrumbs-content":"","ast-featured-img":"","footer-sml-layout":"","theme-transparent-header-meta":"default","adv-header-id-meta":"","stick-header-meta":"","header-above-stick-meta":"","header-main-stick-meta":"","header-below-stick-meta":"","astra-migrate-meta-layouts":"default","ast-page-background-enabled":"default","ast-page-background-meta":{"desktop":{"background-color":"","background-image":"","background-repeat":"repeat","background-position":"center center","background-size":"auto","background-attachment":"scroll","background-type":"","background-media":"","overlay-type":"","overlay-color":"","overlay-gradient":""},"tablet":{"background-color":"","background-image":"","background-repeat":"repeat","background-position":"center center","background-size":"auto","background-attachment":"scroll","background-type":"","background-media":"","overlay-type":"","overlay-color":"","overlay-gradient":""},"mobile":{"background-color":"","background-image":"","background-repeat":"repeat","background-position":"center center","background-size":"auto","background-attachment":"scroll","background-type":"","background-media":"","overlay-type":"","overlay-color":"","overlay-gradient":""}},"ast-content-background-meta":{"desktop":{"background-color":"var(--ast-global-color-5)","background-image":"","background-repeat":"repeat","background-position":"center center","background-size":"auto","background-attachment":"scroll","background-type":"","background-media":"","overlay-type":"","overlay-color":"","overlay-gradient":""},"tablet":{"background-color":"var(--ast-global-color-5)","background-image":"","background-repeat":"repeat","background-position":"center center","background-size":"auto","background-attachment":"scroll","background-type":"","background-media":"","overlay-type":"","overlay-color":"","overlay-gradient":""},"mobile":{"background-color":"var(--ast-global-color-5)","background-image":"","background-repeat":"repeat","background-position":"center center","background-size":"auto","background-attachment":"scroll","background-type":"","background-media":"","overlay-type":"","overlay-color":"","overlay-gradient":""}},"footnotes":""},"uagb_featured_image_src":{"full":["https:\/\/steelstorm.standardof.net\/wp-content\/uploads\/sites\/3\/2020\/10\/MnEdR-1.jpg",1200,750,false],"thumbnail":["https:\/\/steelstorm.standardof.net\/wp-content\/uploads\/sites\/3\/2020\/10\/MnEdR-1-150x150.jpg",150,150,true],"medium":["https:\/\/steelstorm.standardof.net\/wp-content\/uploads\/sites\/3\/2020\/10\/MnEdR-1-300x188.jpg",300,188,true],"medium_large":["https:\/\/steelstorm.standardof.net\/wp-content\/uploads\/sites\/3\/2020\/10\/MnEdR-1-768x480.jpg",768,480,true],"large":["https:\/\/steelstorm.standardof.net\/wp-content\/uploads\/sites\/3\/2020\/10\/MnEdR-1-1024x640.jpg",1024,640,true],"1536x1536":["https:\/\/steelstorm.standardof.net\/wp-content\/uploads\/sites\/3\/2020\/10\/MnEdR-1.jpg",1200,750,false],"2048x2048":["https:\/\/steelstorm.standardof.net\/wp-content\/uploads\/sites\/3\/2020\/10\/MnEdR-1.jpg",1200,750,false],"trp-custom-language-flag":["https:\/\/steelstorm.standardof.net\/wp-content\/uploads\/sites\/3\/2020\/10\/MnEdR-1.jpg",18,12,false]},"uagb_author_info":{"display_name":"SOE","author_link":"https:\/\/steelstorm.standardof.net\/es\/author\/k-tastic\/"},"uagb_comment_info":1,"uagb_excerpt":"This page serves as an index for the series of guides covering the various aspects of the video game, Steel Storm. Here you will find links to more in depth walkthroughs along with additional sections and links to specific guides added as they are published. Level Walkthroughs This portion of the Steel Storm guide will&hellip;","_links":{"self":[{"href":"https:\/\/steelstorm.standardof.net\/es\/wp-json\/wp\/v2\/pages\/6"}],"collection":[{"href":"https:\/\/steelstorm.standardof.net\/es\/wp-json\/wp\/v2\/pages"}],"about":[{"href":"https:\/\/steelstorm.standardof.net\/es\/wp-json\/wp\/v2\/types\/page"}],"author":[{"embeddable":true,"href":"https:\/\/steelstorm.standardof.net\/es\/wp-json\/wp\/v2\/users\/1"}],"replies":[{"embeddable":true,"href":"https:\/\/steelstorm.standardof.net\/es\/wp-json\/wp\/v2\/comments?post=6"}],"version-history":[{"count":0,"href":"https:\/\/steelstorm.standardof.net\/es\/wp-json\/wp\/v2\/pages\/6\/revisions"}],"wp:featuredmedia":[{"embeddable":true,"href":"https:\/\/steelstorm.standardof.net\/es\/wp-json\/wp\/v2\/media\/54"}],"wp:attachment":[{"href":"https:\/\/steelstorm.standardof.net\/es\/wp-json\/wp\/v2\/media?parent=6"}],"curies":[{"name":"wp","href":"https:\/\/api.w.org\/{rel}","templated":true}]}}