{"id":34,"date":"2020-10-15T16:58:25","date_gmt":"2020-10-15T16:58:25","guid":{"rendered":"https:\/\/steelstorm.standardof.net\/?page_id=34"},"modified":"2020-10-19T05:14:19","modified_gmt":"2020-10-19T05:14:19","slug":"heavy-tanks","status":"publish","type":"page","link":"https:\/\/steelstorm.standardof.net\/es\/guide\/unidades-enemigas\/tanques-pesados\/","title":{"rendered":"Tanques pesados"},"content":{"rendered":"<div class=\"gb-grid-wrapper gb-grid-wrapper-5ed3ed01\">\n<div class=\"gb-grid-column gb-grid-column-c5035d0f\"><div class=\"gb-container gb-container-c5035d0f\"><div class=\"gb-inside-container\">\n<p>Los tanques pesados se consideran una especie de minijefe en <em>Tormenta de acero: Retribuci\u00f3n ardiente<\/em>, lo que representa serias amenazas dondequiera que desoven, pero obstaculizado por su baja velocidad y baja movilidad. Casi siempre es esencial usar obst\u00e1culos para defenderse mientras se enfrenta a estas unidades, ya que vienen con varias armas potentes que pueden eliminar r\u00e1pidamente puntos de golpe masivos.<\/p>\n<\/div><\/div><\/div>\n<\/div>\n\n\n\n<div style=\"height:20px\" aria-hidden=\"true\" class=\"wp-block-spacer\"><\/div>\n\n\n\n<div class=\"gb-container gb-container-dbddee8c\"><div class=\"gb-inside-container\">\n<h2 class=\"wp-block-heading\">Tanque de protones pesado<\/h2>\n\n\n\n<div class=\"wp-block-image is-style-default\"><figure class=\"aligncenter size-full\"><a href=\"https:\/\/steelstorm.standardof.net\/es\/guide\/unidades-enemigas\/tanques-pesados\/steel-storm-enemy-heavy-tanks-proton\/\"><img decoding=\"async\" width=\"471\" height=\"446\" src=\"https:\/\/steelstorm.standardof.net\/wp-content\/uploads\/sites\/3\/2020\/10\/Steel-Storm-Enemy-Heavy-Tanks-Proton.jpg\" alt=\"Tanque pesado de protones\" class=\"wp-image-23\" title=\"\" srcset=\"https:\/\/steelstorm.standardof.net\/wp-content\/uploads\/sites\/3\/2020\/10\/Steel-Storm-Enemy-Heavy-Tanks-Proton.jpg 471w, https:\/\/steelstorm.standardof.net\/wp-content\/uploads\/sites\/3\/2020\/10\/Steel-Storm-Enemy-Heavy-Tanks-Proton-300x284.jpg 300w\" sizes=\"(max-width: 471px) 100vw, 471px\" \/><\/a><figcaption>Tanque pesado de protones<\/figcaption><\/figure><\/div>\n\n\n\n<p>Probablemente el m\u00e1s letal de los dos tanques, los rayos p\u00farpuras lanzados por el Heavy Proton Tank vuelan mucho m\u00e1s r\u00e1pido que los rayos Light Plasma disparados por los tanques hermanos m\u00e1s peque\u00f1os y causan mucho m\u00e1s da\u00f1o. <\/p>\n\n\n\n<p>Con una excelente punter\u00eda, estas unidades pueden llevarte la delantera con bastante facilidad, as\u00ed que aseg\u00farate de hacer mucho zigzagueo cuando tengas que estar expuesto a sus explosiones.<\/p>\n<\/div><\/div>\n\n\n\n<div style=\"height:20px\" aria-hidden=\"true\" class=\"wp-block-spacer\"><\/div>\n\n\n\n<div class=\"gb-container gb-container-9c7c93b0\"><div class=\"gb-inside-container\">\n<h2 class=\"wp-block-heading\">Tanque de ametralladora pesada<\/h2>\n\n\n\n<div class=\"wp-block-image is-style-default\"><figure class=\"aligncenter size-full\"><a href=\"https:\/\/steelstorm.standardof.net\/es\/guide\/unidades-enemigas\/tanques-pesados\/steel-storm-enemy-heavy-tanks-minigun\/\"><img decoding=\"async\" width=\"429\" height=\"446\" src=\"https:\/\/steelstorm.standardof.net\/wp-content\/uploads\/sites\/3\/2020\/10\/Steel-Storm-Enemy-Heavy-Tanks-Minigun.jpg\" alt=\"Tanque pesado Minigun\" class=\"wp-image-22\" title=\"\" srcset=\"https:\/\/steelstorm.standardof.net\/wp-content\/uploads\/sites\/3\/2020\/10\/Steel-Storm-Enemy-Heavy-Tanks-Minigun.jpg 429w, https:\/\/steelstorm.standardof.net\/wp-content\/uploads\/sites\/3\/2020\/10\/Steel-Storm-Enemy-Heavy-Tanks-Minigun-289x300.jpg 289w\" sizes=\"(max-width: 429px) 100vw, 429px\" \/><\/a><figcaption>Tanque pesado Minigun<\/figcaption><\/figure><\/div>\n\n\n\n<p>El Heavy Minigun Tank en realidad tiene dos tipos de armas diferentes a su disposici\u00f3n, siendo el primero sus Miniguns de impacto instant\u00e1neo, muy similares a los que usted posee, respaldados por rayos Light Plasma. <\/p>\n\n\n\n<p>Aunque es mucho m\u00e1s dif\u00edcil esquivar los disparos de este tanque, el Heavy Minigun Tank hace mucho menos da\u00f1o con sus golpes que el Heavy Proton Tank. <\/p>\n\n\n\n<p>Trate de asegurarse de tener algunos puntos de golpe adicionales que perder antes de participar en uno de estos, ya que tratar de esquivar con poca salud puede ser un gran dolor.<\/p>\n<\/div><\/div>\n\n\n\n<p><\/p>","protected":false},"excerpt":{"rendered":"<p>Heavy Proton Tank Probably the more deadly of the two tanks, the purple bolts hurled out by the Heavy Proton Tank fly much faster than the Light Plasma bolts fired by the smaller tank brethren and do far more damage. With an excellent aim, these units can get a lead on you quite easily so [&hellip;]<\/p>","protected":false},"author":1,"featured_media":54,"parent":32,"menu_order":0,"comment_status":"open","ping_status":"closed","template":"","meta":{"_uag_custom_page_level_css":"","site-sidebar-layout":"default","site-content-layout":"default","ast-site-content-layout":"","site-content-style":"default","site-sidebar-style":"default","ast-global-header-display":"","ast-banner-title-visibility":"","ast-main-header-display":"","ast-hfb-above-header-display":"","ast-hfb-below-header-display":"","ast-hfb-mobile-header-display":"","site-post-title":"","ast-breadcrumbs-content":"","ast-featured-img":"","footer-sml-layout":"","theme-transparent-header-meta":"default","adv-header-id-meta":"","stick-header-meta":"","header-above-stick-meta":"","header-main-stick-meta":"","header-below-stick-meta":"","astra-migrate-meta-layouts":"default","ast-page-background-enabled":"default","ast-page-background-meta":{"desktop":{"background-color":"","background-image":"","background-repeat":"repeat","background-position":"center center","background-size":"auto","background-attachment":"scroll","background-type":"","background-media":"","overlay-type":"","overlay-color":"","overlay-gradient":""},"tablet":{"background-color":"","background-image":"","background-repeat":"repeat","background-position":"center center","background-size":"auto","background-attachment":"scroll","background-type":"","background-media":"","overlay-type":"","overlay-color":"","overlay-gradient":""},"mobile":{"background-color":"","background-image":"","background-repeat":"repeat","background-position":"center center","background-size":"auto","background-attachment":"scroll","background-type":"","background-media":"","overlay-type":"","overlay-color":"","overlay-gradient":""}},"ast-content-background-meta":{"desktop":{"background-color":"var(--ast-global-color-5)","background-image":"","background-repeat":"repeat","background-position":"center center","background-size":"auto","background-attachment":"scroll","background-type":"","background-media":"","overlay-type":"","overlay-color":"","overlay-gradient":""},"tablet":{"background-color":"var(--ast-global-color-5)","background-image":"","background-repeat":"repeat","background-position":"center center","background-size":"auto","background-attachment":"scroll","background-type":"","background-media":"","overlay-type":"","overlay-color":"","overlay-gradient":""},"mobile":{"background-color":"var(--ast-global-color-5)","background-image":"","background-repeat":"repeat","background-position":"center center","background-size":"auto","background-attachment":"scroll","background-type":"","background-media":"","overlay-type":"","overlay-color":"","overlay-gradient":""}},"footnotes":""},"uagb_featured_image_src":{"full":["https:\/\/steelstorm.standardof.net\/wp-content\/uploads\/sites\/3\/2020\/10\/MnEdR-1.jpg",1200,750,false],"thumbnail":["https:\/\/steelstorm.standardof.net\/wp-content\/uploads\/sites\/3\/2020\/10\/MnEdR-1-150x150.jpg",150,150,true],"medium":["https:\/\/steelstorm.standardof.net\/wp-content\/uploads\/sites\/3\/2020\/10\/MnEdR-1-300x188.jpg",300,188,true],"medium_large":["https:\/\/steelstorm.standardof.net\/wp-content\/uploads\/sites\/3\/2020\/10\/MnEdR-1-768x480.jpg",768,480,true],"large":["https:\/\/steelstorm.standardof.net\/wp-content\/uploads\/sites\/3\/2020\/10\/MnEdR-1-1024x640.jpg",1024,640,true],"1536x1536":["https:\/\/steelstorm.standardof.net\/wp-content\/uploads\/sites\/3\/2020\/10\/MnEdR-1.jpg",1200,750,false],"2048x2048":["https:\/\/steelstorm.standardof.net\/wp-content\/uploads\/sites\/3\/2020\/10\/MnEdR-1.jpg",1200,750,false],"trp-custom-language-flag":["https:\/\/steelstorm.standardof.net\/wp-content\/uploads\/sites\/3\/2020\/10\/MnEdR-1.jpg",18,12,false]},"uagb_author_info":{"display_name":"SOE","author_link":"https:\/\/steelstorm.standardof.net\/es\/author\/k-tastic\/"},"uagb_comment_info":0,"uagb_excerpt":"Heavy Proton Tank Probably the more deadly of the two tanks, the purple bolts hurled out by the Heavy Proton Tank fly much faster than the Light Plasma bolts fired by the smaller tank brethren and do far more damage. With an excellent aim, these units can get a lead on you quite easily so&hellip;","_links":{"self":[{"href":"https:\/\/steelstorm.standardof.net\/es\/wp-json\/wp\/v2\/pages\/34"}],"collection":[{"href":"https:\/\/steelstorm.standardof.net\/es\/wp-json\/wp\/v2\/pages"}],"about":[{"href":"https:\/\/steelstorm.standardof.net\/es\/wp-json\/wp\/v2\/types\/page"}],"author":[{"embeddable":true,"href":"https:\/\/steelstorm.standardof.net\/es\/wp-json\/wp\/v2\/users\/1"}],"replies":[{"embeddable":true,"href":"https:\/\/steelstorm.standardof.net\/es\/wp-json\/wp\/v2\/comments?post=34"}],"version-history":[{"count":0,"href":"https:\/\/steelstorm.standardof.net\/es\/wp-json\/wp\/v2\/pages\/34\/revisions"}],"up":[{"embeddable":true,"href":"https:\/\/steelstorm.standardof.net\/es\/wp-json\/wp\/v2\/pages\/32"}],"wp:featuredmedia":[{"embeddable":true,"href":"https:\/\/steelstorm.standardof.net\/es\/wp-json\/wp\/v2\/media\/54"}],"wp:attachment":[{"href":"https:\/\/steelstorm.standardof.net\/es\/wp-json\/wp\/v2\/media?parent=34"}],"curies":[{"name":"wp","href":"https:\/\/api.w.org\/{rel}","templated":true}]}}