{"id":32,"date":"2020-10-15T16:48:38","date_gmt":"2020-10-15T16:48:38","guid":{"rendered":"https:\/\/steelstorm.standardof.net\/?page_id=32"},"modified":"2020-10-19T05:14:15","modified_gmt":"2020-10-19T05:14:15","slug":"enemy-units","status":"publish","type":"page","link":"https:\/\/steelstorm.standardof.net\/es\/guide\/unidades-enemigas\/","title":{"rendered":"Unidades enemigas"},"content":{"rendered":"<div class=\"wp-block-image\"><figure class=\"aligncenter size-large\"><a href=\"https:\/\/steelstorm.standardof.net\/es\/guide\/unidades-enemigas\/steel-storm-enemy-units-group-shot\/\"><img decoding=\"async\" width=\"850\" height=\"410\" src=\"https:\/\/steelstorm.standardof.net\/wp-content\/uploads\/sites\/3\/2020\/10\/Steel-Storm-Enemy-Units-Group-Shot-850x410.jpg\" alt=\"Unidades enemigas\" class=\"wp-image-31\" title=\"\" srcset=\"https:\/\/steelstorm.standardof.net\/wp-content\/uploads\/sites\/3\/2020\/10\/Steel-Storm-Enemy-Units-Group-Shot.jpg 850w, https:\/\/steelstorm.standardof.net\/wp-content\/uploads\/sites\/3\/2020\/10\/Steel-Storm-Enemy-Units-Group-Shot-300x145.jpg 300w\" sizes=\"(max-width: 850px) 100vw, 850px\" \/><\/a><\/figure><\/div>\n\n\n\n<p>Esta gu\u00eda cubre todas las distintas unidades enemigas a las que te enfrentar\u00e1s en los distintos niveles de Steel Storm.<\/p>\n\n\n\n<p>Los jefes no se incluyen aqu\u00ed para limitar los spoilers. Los encontrar\u00e1 cubiertos en sus respectivas gu\u00edas de nivel.<\/p>\n\n\n\n<h2 class=\"wp-block-heading\"><a href=\"https:\/\/steelstorm.standardof.net\/es\/guide\/unidades-enemigas\/tanques-flotantes\/\" class=\"rank-math-link\">Tanques flotantes<\/a><\/h2>\n\n\n\n<p><strong>Tanques flotantes<\/strong> son los enemigos m\u00f3viles m\u00e1s numerosos a los que te enfrentas en el juego, en tres variedades. Estos a menudo aparecer\u00e1n o se encontrar\u00e1n en grupos, lo que representa una peque\u00f1a amenaza por s\u00ed mismos, pero se vuelven peligrosos en su gran n\u00famero.<\/p>\n\n\n\n<h2 class=\"wp-block-heading\"><a href=\"https:\/\/steelstorm.standardof.net\/es\/guide\/unidades-enemigas\/tanques-pesados\/\" class=\"rank-math-link\">Tanques pesados<\/a><\/h2>\n\n\n\n<p><strong>Tanques pesados<\/strong> son tipos de enemigos m\u00f3viles grandes que a menudo viajan muy lento pero que vienen armados con varias armas que pueden destruir f\u00e1cilmente tu tanque. Se recomienda extrema precauci\u00f3n contra estas unidades, mejor luchando con la ventaja del terreno cercano.<\/p>\n\n\n\n<h2 class=\"wp-block-heading\"><a href=\"https:\/\/steelstorm.standardof.net\/es\/guide\/unidades-enemigas\/torretas\/\" class=\"rank-math-link\">Torretas<\/a><\/h2>\n\n\n\n<p><strong>Torretas <\/strong>son defensores estacionarios que, si bien son incapaces de moverse, suelen representar una seria amenaza dado su armamento. A menudo encontrar\u00e1s que un par de estas unidades enemigas ser\u00e1n teletransportadas con algunos tanques flotantes adicionales durante una emboscada.<\/p>","protected":false},"excerpt":{"rendered":"<p>This guide covers all the various enemy units you will find yourself facing in the various levels of Steel Storm. Bosses are not included here to limit spoilers. You will find them covered in their respective level guides. Hover Tanks Hover Tanks are the more numerous, mobile enemies you face in the game, coming in [&hellip;]<\/p>","protected":false},"author":1,"featured_media":0,"parent":6,"menu_order":0,"comment_status":"open","ping_status":"closed","template":"","meta":{"_uag_custom_page_level_css":"","site-sidebar-layout":"default","site-content-layout":"default","ast-site-content-layout":"","site-content-style":"default","site-sidebar-style":"default","ast-global-header-display":"","ast-banner-title-visibility":"","ast-main-header-display":"","ast-hfb-above-header-display":"","ast-hfb-below-header-display":"","ast-hfb-mobile-header-display":"","site-post-title":"","ast-breadcrumbs-content":"","ast-featured-img":"","footer-sml-layout":"","theme-transparent-header-meta":"default","adv-header-id-meta":"","stick-header-meta":"","header-above-stick-meta":"","header-main-stick-meta":"","header-below-stick-meta":"","astra-migrate-meta-layouts":"default","ast-page-background-enabled":"default","ast-page-background-meta":{"desktop":{"background-color":"","background-image":"","background-repeat":"repeat","background-position":"center center","background-size":"auto","background-attachment":"scroll","background-type":"","background-media":"","overlay-type":"","overlay-color":"","overlay-gradient":""},"tablet":{"background-color":"","background-image":"","background-repeat":"repeat","background-position":"center center","background-size":"auto","background-attachment":"scroll","background-type":"","background-media":"","overlay-type":"","overlay-color":"","overlay-gradient":""},"mobile":{"background-color":"","background-image":"","background-repeat":"repeat","background-position":"center center","background-size":"auto","background-attachment":"scroll","background-type":"","background-media":"","overlay-type":"","overlay-color":"","overlay-gradient":""}},"ast-content-background-meta":{"desktop":{"background-color":"var(--ast-global-color-5)","background-image":"","background-repeat":"repeat","background-position":"center center","background-size":"auto","background-attachment":"scroll","background-type":"","background-media":"","overlay-type":"","overlay-color":"","overlay-gradient":""},"tablet":{"background-color":"var(--ast-global-color-5)","background-image":"","background-repeat":"repeat","background-position":"center center","background-size":"auto","background-attachment":"scroll","background-type":"","background-media":"","overlay-type":"","overlay-color":"","overlay-gradient":""},"mobile":{"background-color":"var(--ast-global-color-5)","background-image":"","background-repeat":"repeat","background-position":"center center","background-size":"auto","background-attachment":"scroll","background-type":"","background-media":"","overlay-type":"","overlay-color":"","overlay-gradient":""}},"footnotes":""},"uagb_featured_image_src":{"full":false,"thumbnail":false,"medium":false,"medium_large":false,"large":false,"1536x1536":false,"2048x2048":false,"trp-custom-language-flag":false},"uagb_author_info":{"display_name":"SOE","author_link":"https:\/\/steelstorm.standardof.net\/es\/author\/k-tastic\/"},"uagb_comment_info":0,"uagb_excerpt":"This guide covers all the various enemy units you will find yourself facing in the various levels of Steel Storm. Bosses are not included here to limit spoilers. You will find them covered in their respective level guides. Hover Tanks Hover Tanks are the more numerous, mobile enemies you face in the game, coming in&hellip;","_links":{"self":[{"href":"https:\/\/steelstorm.standardof.net\/es\/wp-json\/wp\/v2\/pages\/32"}],"collection":[{"href":"https:\/\/steelstorm.standardof.net\/es\/wp-json\/wp\/v2\/pages"}],"about":[{"href":"https:\/\/steelstorm.standardof.net\/es\/wp-json\/wp\/v2\/types\/page"}],"author":[{"embeddable":true,"href":"https:\/\/steelstorm.standardof.net\/es\/wp-json\/wp\/v2\/users\/1"}],"replies":[{"embeddable":true,"href":"https:\/\/steelstorm.standardof.net\/es\/wp-json\/wp\/v2\/comments?post=32"}],"version-history":[{"count":0,"href":"https:\/\/steelstorm.standardof.net\/es\/wp-json\/wp\/v2\/pages\/32\/revisions"}],"up":[{"embeddable":true,"href":"https:\/\/steelstorm.standardof.net\/es\/wp-json\/wp\/v2\/pages\/6"}],"wp:attachment":[{"href":"https:\/\/steelstorm.standardof.net\/es\/wp-json\/wp\/v2\/media?parent=32"}],"curies":[{"name":"wp","href":"https:\/\/api.w.org\/{rel}","templated":true}]}}