{"id":296,"date":"2020-10-17T14:50:20","date_gmt":"2020-10-17T14:50:20","guid":{"rendered":"https:\/\/steelstorm.standardof.net\/?page_id=296"},"modified":"2020-10-17T14:50:20","modified_gmt":"2020-10-17T14:50:20","slug":"burning-retribution-the-network","status":"publish","type":"page","link":"https:\/\/steelstorm.standardof.net\/es\/guide\/tutoriales-de-nivel-2\/quema-retribucion-la-red\/","title":{"rendered":"Retribuci\u00f3n ardiente: la red"},"content":{"rendered":"<p>En la misi\u00f3n Frostlock - The Network, habi\u00e9ndose infiltrado en la red de la cueva profunda, ahora ingresa al \u00e1rea de almacenamiento del mainframe del enemigo, donde tendr\u00e1 que recolectar un conjunto de 4 claves para acceder por completo para deshabilitar el sistema de enfriamiento para destruirlo. Mientras est\u00e1s dentro de este complejo, tambi\u00e9n tienes la tarea de recoger un arma experimental.<\/p>\n\n\n\n<div style=\"height:20px\" aria-hidden=\"true\" class=\"wp-block-spacer\"><\/div>\n\n\n\n<div class=\"gb-container gb-container-ae025cb2\"><div class=\"gb-inside-container\">\n<h2 class=\"has-text-align-center wp-block-heading\">Mapa y objetivos<\/h2>\n\n\n\n<div class=\"wp-block-image is-style-default\"><figure class=\"aligncenter size-full is-resized\"><a href=\"https:\/\/steelstorm.standardof.net\/es\/steel-storm-burning-retribution-the-network\/\"><img decoding=\"async\" src=\"https:\/\/steelstorm.standardof.net\/wp-content\/uploads\/sites\/3\/2020\/10\/Steel-Storm-Burning-Retribution-The-Network.jpg\" alt=\"\" class=\"wp-image-278\" width=\"654\" height=\"505\" title=\"\" srcset=\"https:\/\/steelstorm.standardof.net\/wp-content\/uploads\/sites\/3\/2020\/10\/Steel-Storm-Burning-Retribution-The-Network.jpg 872w, https:\/\/steelstorm.standardof.net\/wp-content\/uploads\/sites\/3\/2020\/10\/Steel-Storm-Burning-Retribution-The-Network-300x232.jpg 300w, https:\/\/steelstorm.standardof.net\/wp-content\/uploads\/sites\/3\/2020\/10\/Steel-Storm-Burning-Retribution-The-Network-768x593.jpg 768w, https:\/\/steelstorm.standardof.net\/wp-content\/uploads\/sites\/3\/2020\/10\/Steel-Storm-Burning-Retribution-The-Network-16x12.jpg 16w\" sizes=\"(max-width: 654px) 100vw, 654px\" \/><\/a><\/figure><\/div>\n\n\n\n<h3 class=\"has-text-align-center wp-block-heading\">- Objetivos principales -<\/h3>\n\n\n\n<p class=\"has-text-align-center\">Deshabilite el sistema de enfriamiento del mainframe.<\/p>\n\n\n\n<h4 class=\"has-text-align-center wp-block-heading\">- Objetivos secundarios -<\/h4>\n\n\n\n<p class=\"has-text-align-center\">Escapar con el arma no identificada.<\/p>\n<\/div><\/div>\n\n\n\n<div style=\"height:20px\" aria-hidden=\"true\" class=\"wp-block-spacer\"><\/div>\n\n\n\n<div class=\"gb-container gb-container-686af150\"><div class=\"gb-inside-container\">\n<h2 class=\"has-text-align-center wp-block-heading\">Progresi\u00f3n de nivel y consejos:<\/h2>\n\n\n\n<p>La primera nota importante a mencionar es que hay otras rutas potenciales con las que esta misi\u00f3n se puede lograr con la misma eficiencia o m\u00e1s, sin embargo, la ruta descrita aqu\u00ed fue una que encontr\u00e9 manejable considerando los \u00e1ngulos en los que te acercas a ciertos enemigos. Adem\u00e1s, si bien este nivel es sencillo y relativamente simple, se complica por espacios reducidos que hacen que las cosas sean mucho m\u00e1s mortales.<\/p>\n\n\n\n<p>Empiezas junto a la plataforma de salida en el punto <strong>UN <\/strong>y debe comenzar a dirigirse al punto B a lo largo del camino rojo despu\u00e9s de levantar el escudo cercano. No tomes la otra direcci\u00f3n a trav\u00e9s de los pasillos ya que eso puede hacer que te maten ahora mismo. Punto de alcance <strong>segundo<\/strong>te har\u00e1 encontrarte con una torreta de haz pesado y un par de torretas de plasma ligero que protegen la primera tarjeta roja. Elim\u00ednelos utilizando los obst\u00e1culos de hormig\u00f3n para acercarse a la torreta de vigas contra el lado derecho del pasillo. Una vez que est\u00e9n abajo, prep\u00e1rate para una emboscada de tanques cuando cruces la intersecci\u00f3n m\u00e1s adelante.<\/p>\n\n\n\n<p>Empiece a hacer su camino para se\u00f1alar <strong>C<\/strong> mientras toma nota de dos peligros particulares. Antes de llegar a C, cuando encuentre la habitaci\u00f3n con cuatro pilares rojos y refrigerante fluyendo libremente debajo del piso, habr\u00e1 una torreta de haz pesado a la derecha cuando ingrese, lo que puede ser una sorpresa si solo est\u00e1 acelerando. Utilice un disparo en \u00e1ngulo desde la esquina de la entrada para sacarlo sin exponerse a su fuego. Tu segunda amenaza significativa es m\u00e1s all\u00e1 de esta habitaci\u00f3n, justo antes de llegar a la curva del pasillo en el punto <strong>C<\/strong>que generar\u00e1 una torreta de reparaci\u00f3n por algunos enemigos que probablemente hayan sido destruidos anteriormente. S\u00e1quelo r\u00e1pidamente para evitar dolores de cabeza.<\/p>\n\n\n\n<p>Aunque t\u00e9cnicamente puede desactivar los ventiladores con un gatillo en el punto <strong>mi<\/strong>, siempre que tenga una buena salud, puede detener las aspas de los ventiladores a ambos lados de la tarjeta en el punto <strong>re<\/strong>con recibir solo un da\u00f1o leve. Tomar el camino alternativo para llegar primero a esta plataforma puede ser m\u00e1s peligroso, sin embargo, dado el \u00e1ngulo, tendr\u00e1 que acercarse a algunas de las torretas en su camino. Una vez que esta segunda carta sea tuya, ten cuidado con las dos torretas de plasma ligero directamente en el otro lado del segundo ventilador, usando tu Shockwave justo cuando dejas el bolsillo de espacio entre los dos ventiladores para evitar que disparen tu tanque.<\/p>\n\n\n\n<p>Al girar en la siguiente esquina, tenga cuidado, ya que hay dos escuadrones de emboscada que aparecen junto con una torreta de haz pesado que le dispara desde el otro extremo del pasillo. El primer escuadr\u00f3n que contiene 2 tanques ligeros y un tanque rel\u00e1mpago se genera cuando se pasa el conjunto de luces blancas a ambos lados del pasillo. Wave #2 son 3 tanques medianos que se generan al tocar el cuadrado en el que estaba la torreta de haz pesado. Ambos deben ser tratados con un r\u00e1pido retroceso y activaci\u00f3n de la onda de choque en el momento en que los veas aparecer. Lidiar con estos le permite dirigirse a se\u00f1alar <strong>mi<\/strong>donde encontrar\u00e1s una torreta cohete respaldada por una torreta de reparaci\u00f3n. Intenta predecir la ubicaci\u00f3n de Repair Turrets desde su rayo y golp\u00e9alo desde el pasillo, fuera de la pantalla, antes de entrar completamente en la habitaci\u00f3n para ahorrarte algunos puntos de golpe.<\/p>\n\n\n\n<p>Su pr\u00f3ximo obst\u00e1culo despu\u00e9s de recoger la tercera tarjeta ser\u00e1 enfrentarse a un grupo de torretas apoyadas por una torreta de reparaci\u00f3n, que es la raz\u00f3n principal por la que mencion\u00e9 acercarse desde la direcci\u00f3n trazada en el mapa a la derecha. La primera torreta en este lugar, apunte <strong>F<\/strong>, lo que ver\u00e1 es la torreta cohete en el centro de este grupo, en la que debe concentrarse la torreta de reparaci\u00f3n est\u00e1 a su derecha cuando se enfrenta a ambos. Corre r\u00e1pidamente hacia la torreta de cohetes y activa tu onda de choque justo antes de que sus cohetes te golpeen para que vuelvan a volar hacia ella, usando (con suerte lo tienes) tu ca\u00f1\u00f3n de rayos para sacar la torreta de reparaci\u00f3n, o simplemente empap\u00e1ndola con cualquier cohete que tengas. puede tener, aturdirlo con el Thunderbolt, etc. Recoge la \u00faltima tarjeta una vez que hayas eliminado las torretas restantes que no volver\u00e1n ahora.<\/p>\n\n\n\n<p>Ahora, con las cuatro tarjetas clave, es hora de recuperar el arma experimental que son los misiles autoguiados del punto G. Tendr\u00e1s que enfrentarte a otro tr\u00edo de torretas (2 haces y 1 cohete) que contar\u00e1n con el apoyo de una torreta de reparaci\u00f3n de generaci\u00f3n en la torreta cohete. destrucci\u00f3n. Saque la torreta cohete desde lejos con un arma regular, luego, cuando la torreta de reparaci\u00f3n se reproduzca y el posterior resurgimiento de la torreta cohete, use el m\u00e9todo de tablero y onda de choque que us\u00f3 anteriormente en el grupo en el punto <strong>F<\/strong>. Hay una torreta de rayos final junto al misil homing que debes recolectar, que puede ser destruida y acercarse lo suficientemente cerca para aturdir sin que te dispare si tienes cuidado con cu\u00e1l de los contenedores bloquea el camino que tomas. Realmente ya deber\u00edas tenerlo, el Shockwave tambi\u00e9n est\u00e1 al lado del Homing Missile, pero en serio, buena suerte para llegar tan lejos sin haberlo recuperado de las misiones anteriores.<\/p>\n\n\n\n<p><strong>Nota:<\/strong>Si te mueres mucho y prefieres ir a lo seguro, deja el Misil Homing aqu\u00ed hasta que termines el objetivo principal para evitar perderlo en la muerte y tener que reiniciar el nivel o fallar tu objetivo secundario.<\/p>\n\n\n\n<p>Una vez que tenga el Misil Homing, puede viajar por el camino azul hacia su objetivo final en el punto H. Una vez que llegue al nivel superior, tendr\u00e1 que lidiar con algunas torretas de rayos y cohetes que debe limpiar antes de piratear los paneles aqu\u00ed. Tenga cuidado con una emboscada, ya que cuando destruye dos de las cuatro torretas de rayos (espec\u00edficamente una del par superior y una del par inferior), habr\u00e1 un solo Tanque de ametralladora pesada que aparecer\u00e1 junto al par de torretas del sur y cerca del un panel de los otros tres. Una vez que se resuelvan estos hostiles, puede usar las cuatro tarjetas en los cuatro paneles aqu\u00ed, lo que completar\u00e1 su objetivo principal y le permitir\u00e1 dejar The Network en Steel Storm a trav\u00e9s de la plataforma de salida en el punto <strong>UN<\/strong>.<\/p>\n<\/div><\/div>\n\n\n\n<div style=\"height:20px\" aria-hidden=\"true\" class=\"wp-block-spacer\"><\/div>\n\n\n\n<h3 class=\"has-text-align-center wp-block-heading\">Frostlock: el tutorial de v\u00eddeo en red<\/h3>\n\n\n\n<figure class=\"wp-block-embed-youtube wp-block-embed is-type-video is-provider-youtube wp-embed-aspect-4-3 wp-has-aspect-ratio\"><div class=\"wp-block-embed__wrapper\">\n<div class=\"ast-oembed-container\" style=\"height: 100%;\"><iframe title=\"Ch2-L4 Frostlock - The Network: Steel Storm - Episodio 2\" width=\"500\" height=\"375\" src=\"https:\/\/www.youtube.com\/embed\/qfi24ZrjSH0?feature=oembed\" frameborder=\"0\" allow=\"accelerometer; autoplay; clipboard-write; encrypted-media; gyroscope; picture-in-picture; web-share\" referrerpolicy=\"strict-origin-when-cross-origin\" allowfullscreen><\/iframe><\/div>\n<\/div><\/figure>","protected":false},"excerpt":{"rendered":"<p>In the mission Frostlock \u2013 The Network, having infiltrated the deep cave network, you now enter the enemy\u2019s mainframe storage area which you will have to collect a set of 4 keys in order to fully access to disable the cooling system in order to destroy it. While you are within this complex you are [&hellip;]<\/p>","protected":false},"author":1,"featured_media":54,"parent":173,"menu_order":0,"comment_status":"open","ping_status":"closed","template":"","meta":{"_uag_custom_page_level_css":"","site-sidebar-layout":"default","site-content-layout":"default","ast-site-content-layout":"","site-content-style":"default","site-sidebar-style":"default","ast-global-header-display":"","ast-banner-title-visibility":"","ast-main-header-display":"","ast-hfb-above-header-display":"","ast-hfb-below-header-display":"","ast-hfb-mobile-header-display":"","site-post-title":"","ast-breadcrumbs-content":"","ast-featured-img":"","footer-sml-layout":"","theme-transparent-header-meta":"default","adv-header-id-meta":"","stick-header-meta":"","header-above-stick-meta":"","header-main-stick-meta":"","header-below-stick-meta":"","astra-migrate-meta-layouts":"default","ast-page-background-enabled":"default","ast-page-background-meta":{"desktop":{"background-color":"","background-image":"","background-repeat":"repeat","background-position":"center center","background-size":"auto","background-attachment":"scroll","background-type":"","background-media":"","overlay-type":"","overlay-color":"","overlay-gradient":""},"tablet":{"background-color":"","background-image":"","background-repeat":"repeat","background-position":"center center","background-size":"auto","background-attachment":"scroll","background-type":"","background-media":"","overlay-type":"","overlay-color":"","overlay-gradient":""},"mobile":{"background-color":"","background-image":"","background-repeat":"repeat","background-position":"center center","background-size":"auto","background-attachment":"scroll","background-type":"","background-media":"","overlay-type":"","overlay-color":"","overlay-gradient":""}},"ast-content-background-meta":{"desktop":{"background-color":"var(--ast-global-color-5)","background-image":"","background-repeat":"repeat","background-position":"center center","background-size":"auto","background-attachment":"scroll","background-type":"","background-media":"","overlay-type":"","overlay-color":"","overlay-gradient":""},"tablet":{"background-color":"var(--ast-global-color-5)","background-image":"","background-repeat":"repeat","background-position":"center center","background-size":"auto","background-attachment":"scroll","background-type":"","background-media":"","overlay-type":"","overlay-color":"","overlay-gradient":""},"mobile":{"background-color":"var(--ast-global-color-5)","background-image":"","background-repeat":"repeat","background-position":"center center","background-size":"auto","background-attachment":"scroll","background-type":"","background-media":"","overlay-type":"","overlay-color":"","overlay-gradient":""}},"footnotes":""},"uagb_featured_image_src":{"full":["https:\/\/steelstorm.standardof.net\/wp-content\/uploads\/sites\/3\/2020\/10\/MnEdR-1.jpg",1200,750,false],"thumbnail":["https:\/\/steelstorm.standardof.net\/wp-content\/uploads\/sites\/3\/2020\/10\/MnEdR-1-150x150.jpg",150,150,true],"medium":["https:\/\/steelstorm.standardof.net\/wp-content\/uploads\/sites\/3\/2020\/10\/MnEdR-1-300x188.jpg",300,188,true],"medium_large":["https:\/\/steelstorm.standardof.net\/wp-content\/uploads\/sites\/3\/2020\/10\/MnEdR-1-768x480.jpg",768,480,true],"large":["https:\/\/steelstorm.standardof.net\/wp-content\/uploads\/sites\/3\/2020\/10\/MnEdR-1-1024x640.jpg",1024,640,true],"1536x1536":["https:\/\/steelstorm.standardof.net\/wp-content\/uploads\/sites\/3\/2020\/10\/MnEdR-1.jpg",1200,750,false],"2048x2048":["https:\/\/steelstorm.standardof.net\/wp-content\/uploads\/sites\/3\/2020\/10\/MnEdR-1.jpg",1200,750,false],"trp-custom-language-flag":["https:\/\/steelstorm.standardof.net\/wp-content\/uploads\/sites\/3\/2020\/10\/MnEdR-1.jpg",18,12,false]},"uagb_author_info":{"display_name":"SOE","author_link":"https:\/\/steelstorm.standardof.net\/es\/author\/k-tastic\/"},"uagb_comment_info":0,"uagb_excerpt":"In the mission Frostlock \u2013 The Network, having infiltrated the deep cave network, you now enter the enemy\u2019s mainframe storage area which you will have to collect a set of 4 keys in order to fully access to disable the cooling system in order to destroy it. While you are within this complex you are&hellip;","_links":{"self":[{"href":"https:\/\/steelstorm.standardof.net\/es\/wp-json\/wp\/v2\/pages\/296"}],"collection":[{"href":"https:\/\/steelstorm.standardof.net\/es\/wp-json\/wp\/v2\/pages"}],"about":[{"href":"https:\/\/steelstorm.standardof.net\/es\/wp-json\/wp\/v2\/types\/page"}],"author":[{"embeddable":true,"href":"https:\/\/steelstorm.standardof.net\/es\/wp-json\/wp\/v2\/users\/1"}],"replies":[{"embeddable":true,"href":"https:\/\/steelstorm.standardof.net\/es\/wp-json\/wp\/v2\/comments?post=296"}],"version-history":[{"count":0,"href":"https:\/\/steelstorm.standardof.net\/es\/wp-json\/wp\/v2\/pages\/296\/revisions"}],"up":[{"embeddable":true,"href":"https:\/\/steelstorm.standardof.net\/es\/wp-json\/wp\/v2\/pages\/173"}],"wp:featuredmedia":[{"embeddable":true,"href":"https:\/\/steelstorm.standardof.net\/es\/wp-json\/wp\/v2\/media\/54"}],"wp:attachment":[{"href":"https:\/\/steelstorm.standardof.net\/es\/wp-json\/wp\/v2\/media?parent=296"}],"curies":[{"name":"wp","href":"https:\/\/api.w.org\/{rel}","templated":true}]}}